{"id":50164,"date":"2025-10-01T02:36:14","date_gmt":"2025-10-01T02:36:14","guid":{"rendered":"https:\/\/lovme.pt\/?post_type=product&p=50164"},"modified":"2026-02-19T20:19:25","modified_gmt":"2026-02-19T20:19:25","slug":"satisfyer-air-power-4-estimulador-e-vibrador-12-vibracoes-azul","status":"publish","type":"product","link":"https:\/\/lovme.pt\/index.php\/produto\/satisfyer-air-power-4-estimulador-e-vibrador-12-vibracoes-azul\/","title":{"rendered":"SATISFYER &#8211; AIR POWER 4 ESTIMULADOR E VIBRADOR 12 VIBRA\u00c7\u00d5ES AZUL"},"content":{"rendered":"<p>Estamos animados em apresentar o <strong>Air Power 4<\/strong> , um brinquedo compacto e elegante em formato redondo que se encaixa perfeitamente na sua m\u00e3o. Seus bot\u00f5es estilosos s\u00e3o cuidadosamente posicionados para controles f\u00e1ceis, garantindo uma experi\u00eancia perfeita sempre.<\/p>\n<p>Feito de silicone macio e amig\u00e1vel ao corpo, o Air Power 4 \u00e9 incrivelmente suave e agrad\u00e1vel \u00e0 pele. Sua textura aveludada real\u00e7a cada toque, tornando cada uso uma experi\u00eancia de tirar o f\u00f4lego.<\/p>\n<p>Quer voc\u00ea prefira um toque suave ou sensa\u00e7\u00f5es intensas, o Air Power 4 se adapta aos seus desejos com 11 configura\u00e7\u00f5es de ondas de press\u00e3o e 12 programas de vibra\u00e7\u00e3o.<\/p>\n<p>\u00a0<\/p>\n<p><u><strong>CARACTER\u00cdSTICAS<\/strong><\/u> :<\/p>\n<ul>\n<li>\u00c0 prova d\u00e1gua (IPX7)<\/li>\n<li>Silicone amigo do corpo<\/li>\n<li>12 programas de vibra\u00e7\u00e3o<\/li>\n<li>11 intensidades de ondas de press\u00e3o<\/li>\n<li>Recarreg\u00e1vel, incl. cabo de carregamento USB<\/li>\n<\/ul>\n<p>\u00a0<\/p>\n<p>N\u00e3o perca a chance de experimentar o Air Power 4, um item essencial para quem busca momentos \u00edntimos inesquec\u00edveis!<\/p>\n","protected":false},"excerpt":{"rendered":"<p>SATISFYER &#8211; AIR POWER 4 ESTIMULADOR E VIBRADOR 12 VIBRA\u00c7\u00d5ES AZUL<\/p>\n","protected":false},"featured_media":97984,"template":"","meta":{"_acf_changed":false},"product_brand":[],"product_cat":[17,61,64],"product_tag":[],"class_list":{"0":"post-50164","1":"product","2":"type-product","3":"status-publish","4":"has-post-thumbnail","6":"product_cat-brinquedos-de-bem-estar-sexual","7":"product_cat-para-elas","8":"product_cat-sugadores","9":"yith_product_brand-satisfyer","10":"yith_product_brand-satisfyer-satisfyer-air-pulse","12":"first","13":"instock","14":"taxable","15":"shipping-taxable","16":"purchasable","17":"product-type-simple"},"acf":[],"yoast_head":"<!-- This site is optimized with the Yoast SEO plugin v27.4 - https:\/\/yoast.com\/product\/yoast-seo-wordpress\/ -->\n<title>SATISFYER - AIR POWER 4 ESTIMULADOR E VIBRADOR 12 VIBRA\u00c7\u00d5ES AZUL - Lovme<\/title>\n<meta name=\"robots\" content=\"index, follow, max-snippet:-1, max-image-preview:large, max-video-preview:-1\" \/>\n<link rel=\"canonical\" href=\"https:\/\/lovme.pt\/index.php\/produto\/satisfyer-air-power-4-estimulador-e-vibrador-12-vibracoes-azul\/\" \/>\n<meta property=\"og:locale\" content=\"pt_PT\" \/>\n<meta property=\"og:type\" content=\"article\" \/>\n<meta property=\"og:title\" content=\"SATISFYER - AIR POWER 4 ESTIMULADOR E VIBRADOR 12 VIBRA\u00c7\u00d5ES AZUL - Lovme\" \/>\n<meta property=\"og:description\" content=\"SATISFYER - AIR POWER 4 ESTIMULADOR E VIBRADOR 12 VIBRA\u00c7\u00d5ES AZUL\" \/>\n<meta property=\"og:url\" content=\"https:\/\/lovme.pt\/index.php\/produto\/satisfyer-air-power-4-estimulador-e-vibrador-12-vibracoes-azul\/\" \/>\n<meta property=\"og:site_name\" content=\"Lovme\" \/>\n<meta property=\"article:modified_time\" content=\"2026-02-19T20:19:25+00:00\" \/>\n<meta property=\"og:image\" content=\"https:\/\/erki24nd3ub.exactdn.com\/wp-content\/uploads\/dream\/img\/img_187527_a3171b64781f724514418249f9c4f2b4_1.jpg?strip=all\" \/>\n\t<meta property=\"og:image:width\" content=\"800\" \/>\n\t<meta property=\"og:image:height\" content=\"800\" \/>\n\t<meta property=\"og:image:type\" content=\"image\/jpeg\" \/>\n<meta name=\"twitter:card\" content=\"summary_large_image\" \/>\n<meta name=\"twitter:label1\" content=\"Tempo estimado de leitura\" \/>\n\t<meta name=\"twitter:data1\" content=\"1 minuto\" \/>\n<script type=\"application\/ld+json\" class=\"yoast-schema-graph\">{\"@context\":\"https:\\\/\\\/schema.org\",\"@graph\":[{\"@type\":\"WebPage\",\"@id\":\"https:\\\/\\\/lovme.pt\\\/index.php\\\/produto\\\/satisfyer-air-power-4-estimulador-e-vibrador-12-vibracoes-azul\\\/\",\"url\":\"https:\\\/\\\/lovme.pt\\\/index.php\\\/produto\\\/satisfyer-air-power-4-estimulador-e-vibrador-12-vibracoes-azul\\\/\",\"name\":\"SATISFYER - AIR POWER 4 ESTIMULADOR E VIBRADOR 12 VIBRA\u00c7\u00d5ES AZUL - Lovme\",\"isPartOf\":{\"@id\":\"https:\\\/\\\/lovme.pt\\\/#website\"},\"primaryImageOfPage\":{\"@id\":\"https:\\\/\\\/lovme.pt\\\/index.php\\\/produto\\\/satisfyer-air-power-4-estimulador-e-vibrador-12-vibracoes-azul\\\/#primaryimage\"},\"image\":{\"@id\":\"https:\\\/\\\/lovme.pt\\\/index.php\\\/produto\\\/satisfyer-air-power-4-estimulador-e-vibrador-12-vibracoes-azul\\\/#primaryimage\"},\"thumbnailUrl\":\"https:\\\/\\\/erki24nd3ub.exactdn.com\\\/wp-content\\\/uploads\\\/dream\\\/img\\\/img_187527_a3171b64781f724514418249f9c4f2b4_1.jpg?strip=all\",\"datePublished\":\"2025-10-01T02:36:14+00:00\",\"dateModified\":\"2026-02-19T20:19:25+00:00\",\"breadcrumb\":{\"@id\":\"https:\\\/\\\/lovme.pt\\\/index.php\\\/produto\\\/satisfyer-air-power-4-estimulador-e-vibrador-12-vibracoes-azul\\\/#breadcrumb\"},\"inLanguage\":\"pt-PT\",\"potentialAction\":[{\"@type\":\"ReadAction\",\"target\":[\"https:\\\/\\\/lovme.pt\\\/index.php\\\/produto\\\/satisfyer-air-power-4-estimulador-e-vibrador-12-vibracoes-azul\\\/\"]}]},{\"@type\":\"ImageObject\",\"inLanguage\":\"pt-PT\",\"@id\":\"https:\\\/\\\/lovme.pt\\\/index.php\\\/produto\\\/satisfyer-air-power-4-estimulador-e-vibrador-12-vibracoes-azul\\\/#primaryimage\",\"url\":\"https:\\\/\\\/erki24nd3ub.exactdn.com\\\/wp-content\\\/uploads\\\/dream\\\/img\\\/img_187527_a3171b64781f724514418249f9c4f2b4_1.jpg?strip=all\",\"contentUrl\":\"https:\\\/\\\/erki24nd3ub.exactdn.com\\\/wp-content\\\/uploads\\\/dream\\\/img\\\/img_187527_a3171b64781f724514418249f9c4f2b4_1.jpg?strip=all\",\"width\":800,\"height\":800},{\"@type\":\"BreadcrumbList\",\"@id\":\"https:\\\/\\\/lovme.pt\\\/index.php\\\/produto\\\/satisfyer-air-power-4-estimulador-e-vibrador-12-vibracoes-azul\\\/#breadcrumb\",\"itemListElement\":[{\"@type\":\"ListItem\",\"position\":1,\"name\":\"In\u00edcio\",\"item\":\"https:\\\/\\\/lovme.pt\\\/\"},{\"@type\":\"ListItem\",\"position\":2,\"name\":\"Loja\",\"item\":\"https:\\\/\\\/lovme.pt\\\/index.php\\\/loja\\\/\"},{\"@type\":\"ListItem\",\"position\":3,\"name\":\"SATISFYER &#8211; AIR POWER 4 ESTIMULADOR E VIBRADOR 12 VIBRA\u00c7\u00d5ES AZUL\"}]},{\"@type\":\"WebSite\",\"@id\":\"https:\\\/\\\/lovme.pt\\\/#website\",\"url\":\"https:\\\/\\\/lovme.pt\\\/\",\"name\":\"Lovme Loja Er\u00f3tica N\u00ba1 em Portugal\",\"description\":\"A melhor loja er\u00f3tica de Portugal.\",\"alternateName\":\"Loja Er\u00f3tica Lovme\",\"potentialAction\":[{\"@type\":\"SearchAction\",\"target\":{\"@type\":\"EntryPoint\",\"urlTemplate\":\"https:\\\/\\\/lovme.pt\\\/?s={search_term_string}\"},\"query-input\":{\"@type\":\"PropertyValueSpecification\",\"valueRequired\":true,\"valueName\":\"search_term_string\"}}],\"inLanguage\":\"pt-PT\"}]}<\/script>\n<!-- \/ Yoast SEO plugin. -->","yoast_head_json":{"title":"SATISFYER - AIR POWER 4 ESTIMULADOR E VIBRADOR 12 VIBRA\u00c7\u00d5ES AZUL - Lovme","robots":{"index":"index","follow":"follow","max-snippet":"max-snippet:-1","max-image-preview":"max-image-preview:large","max-video-preview":"max-video-preview:-1"},"canonical":"https:\/\/lovme.pt\/index.php\/produto\/satisfyer-air-power-4-estimulador-e-vibrador-12-vibracoes-azul\/","og_locale":"pt_PT","og_type":"article","og_title":"SATISFYER - AIR POWER 4 ESTIMULADOR E VIBRADOR 12 VIBRA\u00c7\u00d5ES AZUL - Lovme","og_description":"SATISFYER - AIR POWER 4 ESTIMULADOR E VIBRADOR 12 VIBRA\u00c7\u00d5ES AZUL","og_url":"https:\/\/lovme.pt\/index.php\/produto\/satisfyer-air-power-4-estimulador-e-vibrador-12-vibracoes-azul\/","og_site_name":"Lovme","article_modified_time":"2026-02-19T20:19:25+00:00","og_image":[{"width":800,"height":800,"url":"https:\/\/erki24nd3ub.exactdn.com\/wp-content\/uploads\/dream\/img\/img_187527_a3171b64781f724514418249f9c4f2b4_1.jpg?strip=all","type":"image\/jpeg"}],"twitter_card":"summary_large_image","twitter_misc":{"Tempo estimado de leitura":"1 minuto"},"schema":{"@context":"https:\/\/schema.org","@graph":[{"@type":"WebPage","@id":"https:\/\/lovme.pt\/index.php\/produto\/satisfyer-air-power-4-estimulador-e-vibrador-12-vibracoes-azul\/","url":"https:\/\/lovme.pt\/index.php\/produto\/satisfyer-air-power-4-estimulador-e-vibrador-12-vibracoes-azul\/","name":"SATISFYER - AIR POWER 4 ESTIMULADOR E VIBRADOR 12 VIBRA\u00c7\u00d5ES AZUL - Lovme","isPartOf":{"@id":"https:\/\/lovme.pt\/#website"},"primaryImageOfPage":{"@id":"https:\/\/lovme.pt\/index.php\/produto\/satisfyer-air-power-4-estimulador-e-vibrador-12-vibracoes-azul\/#primaryimage"},"image":{"@id":"https:\/\/lovme.pt\/index.php\/produto\/satisfyer-air-power-4-estimulador-e-vibrador-12-vibracoes-azul\/#primaryimage"},"thumbnailUrl":"https:\/\/erki24nd3ub.exactdn.com\/wp-content\/uploads\/dream\/img\/img_187527_a3171b64781f724514418249f9c4f2b4_1.jpg?strip=all","datePublished":"2025-10-01T02:36:14+00:00","dateModified":"2026-02-19T20:19:25+00:00","breadcrumb":{"@id":"https:\/\/lovme.pt\/index.php\/produto\/satisfyer-air-power-4-estimulador-e-vibrador-12-vibracoes-azul\/#breadcrumb"},"inLanguage":"pt-PT","potentialAction":[{"@type":"ReadAction","target":["https:\/\/lovme.pt\/index.php\/produto\/satisfyer-air-power-4-estimulador-e-vibrador-12-vibracoes-azul\/"]}]},{"@type":"ImageObject","inLanguage":"pt-PT","@id":"https:\/\/lovme.pt\/index.php\/produto\/satisfyer-air-power-4-estimulador-e-vibrador-12-vibracoes-azul\/#primaryimage","url":"https:\/\/erki24nd3ub.exactdn.com\/wp-content\/uploads\/dream\/img\/img_187527_a3171b64781f724514418249f9c4f2b4_1.jpg?strip=all","contentUrl":"https:\/\/erki24nd3ub.exactdn.com\/wp-content\/uploads\/dream\/img\/img_187527_a3171b64781f724514418249f9c4f2b4_1.jpg?strip=all","width":800,"height":800},{"@type":"BreadcrumbList","@id":"https:\/\/lovme.pt\/index.php\/produto\/satisfyer-air-power-4-estimulador-e-vibrador-12-vibracoes-azul\/#breadcrumb","itemListElement":[{"@type":"ListItem","position":1,"name":"In\u00edcio","item":"https:\/\/lovme.pt\/"},{"@type":"ListItem","position":2,"name":"Loja","item":"https:\/\/lovme.pt\/index.php\/loja\/"},{"@type":"ListItem","position":3,"name":"SATISFYER &#8211; AIR POWER 4 ESTIMULADOR E VIBRADOR 12 VIBRA\u00c7\u00d5ES AZUL"}]},{"@type":"WebSite","@id":"https:\/\/lovme.pt\/#website","url":"https:\/\/lovme.pt\/","name":"Lovme Loja Er\u00f3tica N\u00ba1 em Portugal","description":"A melhor loja er\u00f3tica de Portugal.","alternateName":"Loja Er\u00f3tica Lovme","potentialAction":[{"@type":"SearchAction","target":{"@type":"EntryPoint","urlTemplate":"https:\/\/lovme.pt\/?s={search_term_string}"},"query-input":{"@type":"PropertyValueSpecification","valueRequired":true,"valueName":"search_term_string"}}],"inLanguage":"pt-PT"}]}},"_links":{"self":[{"href":"https:\/\/lovme.pt\/index.php\/wp-json\/wp\/v2\/product\/50164","targetHints":{"allow":["GET"]}}],"collection":[{"href":"https:\/\/lovme.pt\/index.php\/wp-json\/wp\/v2\/product"}],"about":[{"href":"https:\/\/lovme.pt\/index.php\/wp-json\/wp\/v2\/types\/product"}],"wp:featuredmedia":[{"embeddable":true,"href":"https:\/\/lovme.pt\/index.php\/wp-json\/wp\/v2\/media\/97984"}],"wp:attachment":[{"href":"https:\/\/lovme.pt\/index.php\/wp-json\/wp\/v2\/media?parent=50164"}],"wp:term":[{"taxonomy":"product_brand","embeddable":true,"href":"https:\/\/lovme.pt\/index.php\/wp-json\/wp\/v2\/product_brand?post=50164"},{"taxonomy":"product_cat","embeddable":true,"href":"https:\/\/lovme.pt\/index.php\/wp-json\/wp\/v2\/product_cat?post=50164"},{"taxonomy":"product_tag","embeddable":true,"href":"https:\/\/lovme.pt\/index.php\/wp-json\/wp\/v2\/product_tag?post=50164"}],"curies":[{"name":"wp","href":"https:\/\/api.w.org\/{rel}","templated":true}]}}