{"id":50159,"date":"2025-09-30T09:47:40","date_gmt":"2025-09-30T09:47:40","guid":{"rendered":"https:\/\/lovme.pt\/?post_type=product&p=50159"},"modified":"2026-02-19T20:05:19","modified_gmt":"2026-02-19T20:05:19","slug":"secretplay-jogo-sexmatch-preliminares-edicao","status":"publish","type":"product","link":"https:\/\/lovme.pt\/index.php\/produto\/secretplay-jogo-sexmatch-preliminares-edicao\/","title":{"rendered":"SECRETPLAY &#8211; JOGO SEXMATCH PRELIMINARES EDI\u00c7\u00c3O"},"content":{"rendered":"<p><strong>Sexmatch Foreplay Edition<\/strong> \u00e9 o jogo de cartas para pares no qual voc\u00ea deve fazer coincidir ilustra\u00e7\u00f5es e palavras realizadas desaf\u00edos at\u00e9 que um dos dois se quede sem cartas. O jogo cont\u00e9m 89 cartas de jogo (81 cartas e 8 comodines) e 1 carta guia.<\/p>\n<p><u><strong>Regras do jogo:<\/strong><\/u><br \/>Para iniciar a partida, voc\u00ea precisa das 89 cartas e envia 7 cartas para cada jogador. O resto das cartas deixa de ser jogado sobre a mesa formando o labirinto de rob\u00f4. El jugador de mayor edad empieza tirando a primeira carta ao azar. Continuando com o turno de outro jogador, voc\u00ea deve tirar uma carta que coincide com a ilustra\u00e7\u00e3o ou palavra da carta que est\u00e1 na mesa. Se n\u00e3o houver nenhuma carta v\u00e1lida, voc\u00ea dever\u00e1 coger uma carta do mazo de robo, perdendo assim seu turno e devendo esperar no pr\u00f3ximo turno para poder tirar. Cada vez que um jogador lan\u00e7a uma carta que coincide em palabra com a anterior sobre a mesa, voc\u00ea deve realizar a a\u00e7\u00e3o que marca a carta, nesse mesmo momento.<\/p>\n<ul>\n<li><strong>Comodines<\/strong> : Tamb\u00e9m temos 8 cartas comod\u00edn, 2 de cada tipo. O jogador que apresenta uma carta comod\u00edn em sua m\u00e3o pode lazarla durante seu turno em qualquer momento do jogo. Quando um jogador lan\u00e7ar a carta comod\u00edn, o outro jogador dever\u00e1 realizar a a\u00e7\u00e3o indicada na carta comod\u00edn nesse mesmo momento. Depois de lan\u00e7ar a carta comod\u00edn o jogador que a lan\u00e7a deve indicar uma palavra e uma ilustra\u00e7\u00e3o e o outro jogador pode lan\u00e7ar um ou outro para sua conveni\u00eancia para continuar o jogo.<\/li>\n<\/ul>\n<p>O jogador que antes se quede sem cartas ganhar\u00e1 o jogo. A pessoa que ganha o jogo decide que a\u00e7\u00e3o de todas as que apareceram nas ilustra\u00e7\u00f5es durante o jogo \u00e9 aquela que deseja receber de sua partida. \u00a1Disfrute juntos do jogo no que voc\u00ea faz Sexmatch tem recompensas muito sexys!<\/p>\n","protected":false},"excerpt":{"rendered":"<p>EMBALAGEM DISPON\u00cdVEL EM: \/es\/en\/de\/fr\/nl\/pt\/it\/pl\/<\/p>\n","protected":false},"featured_media":57138,"template":"","meta":{"_acf_changed":false},"product_brand":[],"product_cat":[69],"product_tag":[],"class_list":{"0":"post-50159","1":"product","2":"type-product","3":"status-publish","4":"has-post-thumbnail","6":"product_cat-jogos-eroticos","7":"yith_product_brand-secretplay","8":"yith_product_brand-secretplaysecretplay-100-games","10":"first","11":"instock","12":"taxable","13":"shipping-taxable","14":"purchasable","15":"product-type-simple"},"acf":[],"yoast_head":"<!-- This site is optimized with the Yoast SEO plugin v27.4 - https:\/\/yoast.com\/product\/yoast-seo-wordpress\/ -->\n<title>SECRETPLAY - JOGO SEXMATCH PRELIMINARES EDI\u00c7\u00c3O - Lovme<\/title>\n<meta name=\"robots\" content=\"index, follow, max-snippet:-1, max-image-preview:large, max-video-preview:-1\" \/>\n<link rel=\"canonical\" href=\"https:\/\/lovme.pt\/index.php\/produto\/secretplay-jogo-sexmatch-preliminares-edicao\/\" \/>\n<meta property=\"og:locale\" content=\"pt_PT\" \/>\n<meta property=\"og:type\" content=\"article\" \/>\n<meta property=\"og:title\" content=\"SECRETPLAY - JOGO SEXMATCH PRELIMINARES EDI\u00c7\u00c3O - Lovme\" \/>\n<meta property=\"og:description\" content=\"EMBALAGEM DISPON\u00cdVEL EM: \/es\/en\/de\/fr\/nl\/pt\/it\/pl\/\" \/>\n<meta property=\"og:url\" content=\"https:\/\/lovme.pt\/index.php\/produto\/secretplay-jogo-sexmatch-preliminares-edicao\/\" \/>\n<meta property=\"og:site_name\" content=\"Lovme\" \/>\n<meta property=\"article:modified_time\" content=\"2026-02-19T20:05:19+00:00\" \/>\n<meta property=\"og:image\" content=\"https:\/\/erki24nd3ub.exactdn.com\/wp-content\/uploads\/dream\/img\/img_186519_617d3acfd96fbc847ab60c5a2dbadf91_1.jpg?strip=all\" \/>\n\t<meta property=\"og:image:width\" content=\"800\" \/>\n\t<meta property=\"og:image:height\" content=\"800\" \/>\n\t<meta property=\"og:image:type\" content=\"image\/jpeg\" \/>\n<meta name=\"twitter:card\" content=\"summary_large_image\" \/>\n<meta name=\"twitter:label1\" content=\"Tempo estimado de leitura\" \/>\n\t<meta name=\"twitter:data1\" content=\"2 minutos\" \/>\n<script type=\"application\/ld+json\" class=\"yoast-schema-graph\">{\"@context\":\"https:\\\/\\\/schema.org\",\"@graph\":[{\"@type\":\"WebPage\",\"@id\":\"https:\\\/\\\/lovme.pt\\\/index.php\\\/produto\\\/secretplay-jogo-sexmatch-preliminares-edicao\\\/\",\"url\":\"https:\\\/\\\/lovme.pt\\\/index.php\\\/produto\\\/secretplay-jogo-sexmatch-preliminares-edicao\\\/\",\"name\":\"SECRETPLAY - JOGO SEXMATCH PRELIMINARES EDI\u00c7\u00c3O - Lovme\",\"isPartOf\":{\"@id\":\"https:\\\/\\\/lovme.pt\\\/#website\"},\"primaryImageOfPage\":{\"@id\":\"https:\\\/\\\/lovme.pt\\\/index.php\\\/produto\\\/secretplay-jogo-sexmatch-preliminares-edicao\\\/#primaryimage\"},\"image\":{\"@id\":\"https:\\\/\\\/lovme.pt\\\/index.php\\\/produto\\\/secretplay-jogo-sexmatch-preliminares-edicao\\\/#primaryimage\"},\"thumbnailUrl\":\"https:\\\/\\\/erki24nd3ub.exactdn.com\\\/wp-content\\\/uploads\\\/dream\\\/img\\\/img_186519_617d3acfd96fbc847ab60c5a2dbadf91_1.jpg?strip=all\",\"datePublished\":\"2025-09-30T09:47:40+00:00\",\"dateModified\":\"2026-02-19T20:05:19+00:00\",\"breadcrumb\":{\"@id\":\"https:\\\/\\\/lovme.pt\\\/index.php\\\/produto\\\/secretplay-jogo-sexmatch-preliminares-edicao\\\/#breadcrumb\"},\"inLanguage\":\"pt-PT\",\"potentialAction\":[{\"@type\":\"ReadAction\",\"target\":[\"https:\\\/\\\/lovme.pt\\\/index.php\\\/produto\\\/secretplay-jogo-sexmatch-preliminares-edicao\\\/\"]}]},{\"@type\":\"ImageObject\",\"inLanguage\":\"pt-PT\",\"@id\":\"https:\\\/\\\/lovme.pt\\\/index.php\\\/produto\\\/secretplay-jogo-sexmatch-preliminares-edicao\\\/#primaryimage\",\"url\":\"https:\\\/\\\/erki24nd3ub.exactdn.com\\\/wp-content\\\/uploads\\\/dream\\\/img\\\/img_186519_617d3acfd96fbc847ab60c5a2dbadf91_1.jpg?strip=all\",\"contentUrl\":\"https:\\\/\\\/erki24nd3ub.exactdn.com\\\/wp-content\\\/uploads\\\/dream\\\/img\\\/img_186519_617d3acfd96fbc847ab60c5a2dbadf91_1.jpg?strip=all\",\"width\":800,\"height\":800},{\"@type\":\"BreadcrumbList\",\"@id\":\"https:\\\/\\\/lovme.pt\\\/index.php\\\/produto\\\/secretplay-jogo-sexmatch-preliminares-edicao\\\/#breadcrumb\",\"itemListElement\":[{\"@type\":\"ListItem\",\"position\":1,\"name\":\"In\u00edcio\",\"item\":\"https:\\\/\\\/lovme.pt\\\/\"},{\"@type\":\"ListItem\",\"position\":2,\"name\":\"Loja\",\"item\":\"https:\\\/\\\/lovme.pt\\\/index.php\\\/loja\\\/\"},{\"@type\":\"ListItem\",\"position\":3,\"name\":\"SECRETPLAY &#8211; JOGO SEXMATCH PRELIMINARES EDI\u00c7\u00c3O\"}]},{\"@type\":\"WebSite\",\"@id\":\"https:\\\/\\\/lovme.pt\\\/#website\",\"url\":\"https:\\\/\\\/lovme.pt\\\/\",\"name\":\"Lovme Loja Er\u00f3tica N\u00ba1 em Portugal\",\"description\":\"A melhor loja er\u00f3tica de Portugal.\",\"alternateName\":\"Loja Er\u00f3tica Lovme\",\"potentialAction\":[{\"@type\":\"SearchAction\",\"target\":{\"@type\":\"EntryPoint\",\"urlTemplate\":\"https:\\\/\\\/lovme.pt\\\/?s={search_term_string}\"},\"query-input\":{\"@type\":\"PropertyValueSpecification\",\"valueRequired\":true,\"valueName\":\"search_term_string\"}}],\"inLanguage\":\"pt-PT\"}]}<\/script>\n<!-- \/ Yoast SEO plugin. -->","yoast_head_json":{"title":"SECRETPLAY - JOGO SEXMATCH PRELIMINARES EDI\u00c7\u00c3O - Lovme","robots":{"index":"index","follow":"follow","max-snippet":"max-snippet:-1","max-image-preview":"max-image-preview:large","max-video-preview":"max-video-preview:-1"},"canonical":"https:\/\/lovme.pt\/index.php\/produto\/secretplay-jogo-sexmatch-preliminares-edicao\/","og_locale":"pt_PT","og_type":"article","og_title":"SECRETPLAY - JOGO SEXMATCH PRELIMINARES EDI\u00c7\u00c3O - Lovme","og_description":"EMBALAGEM DISPON\u00cdVEL EM: \/es\/en\/de\/fr\/nl\/pt\/it\/pl\/","og_url":"https:\/\/lovme.pt\/index.php\/produto\/secretplay-jogo-sexmatch-preliminares-edicao\/","og_site_name":"Lovme","article_modified_time":"2026-02-19T20:05:19+00:00","og_image":[{"width":800,"height":800,"url":"https:\/\/erki24nd3ub.exactdn.com\/wp-content\/uploads\/dream\/img\/img_186519_617d3acfd96fbc847ab60c5a2dbadf91_1.jpg?strip=all","type":"image\/jpeg"}],"twitter_card":"summary_large_image","twitter_misc":{"Tempo estimado de leitura":"2 minutos"},"schema":{"@context":"https:\/\/schema.org","@graph":[{"@type":"WebPage","@id":"https:\/\/lovme.pt\/index.php\/produto\/secretplay-jogo-sexmatch-preliminares-edicao\/","url":"https:\/\/lovme.pt\/index.php\/produto\/secretplay-jogo-sexmatch-preliminares-edicao\/","name":"SECRETPLAY - JOGO SEXMATCH PRELIMINARES EDI\u00c7\u00c3O - Lovme","isPartOf":{"@id":"https:\/\/lovme.pt\/#website"},"primaryImageOfPage":{"@id":"https:\/\/lovme.pt\/index.php\/produto\/secretplay-jogo-sexmatch-preliminares-edicao\/#primaryimage"},"image":{"@id":"https:\/\/lovme.pt\/index.php\/produto\/secretplay-jogo-sexmatch-preliminares-edicao\/#primaryimage"},"thumbnailUrl":"https:\/\/erki24nd3ub.exactdn.com\/wp-content\/uploads\/dream\/img\/img_186519_617d3acfd96fbc847ab60c5a2dbadf91_1.jpg?strip=all","datePublished":"2025-09-30T09:47:40+00:00","dateModified":"2026-02-19T20:05:19+00:00","breadcrumb":{"@id":"https:\/\/lovme.pt\/index.php\/produto\/secretplay-jogo-sexmatch-preliminares-edicao\/#breadcrumb"},"inLanguage":"pt-PT","potentialAction":[{"@type":"ReadAction","target":["https:\/\/lovme.pt\/index.php\/produto\/secretplay-jogo-sexmatch-preliminares-edicao\/"]}]},{"@type":"ImageObject","inLanguage":"pt-PT","@id":"https:\/\/lovme.pt\/index.php\/produto\/secretplay-jogo-sexmatch-preliminares-edicao\/#primaryimage","url":"https:\/\/erki24nd3ub.exactdn.com\/wp-content\/uploads\/dream\/img\/img_186519_617d3acfd96fbc847ab60c5a2dbadf91_1.jpg?strip=all","contentUrl":"https:\/\/erki24nd3ub.exactdn.com\/wp-content\/uploads\/dream\/img\/img_186519_617d3acfd96fbc847ab60c5a2dbadf91_1.jpg?strip=all","width":800,"height":800},{"@type":"BreadcrumbList","@id":"https:\/\/lovme.pt\/index.php\/produto\/secretplay-jogo-sexmatch-preliminares-edicao\/#breadcrumb","itemListElement":[{"@type":"ListItem","position":1,"name":"In\u00edcio","item":"https:\/\/lovme.pt\/"},{"@type":"ListItem","position":2,"name":"Loja","item":"https:\/\/lovme.pt\/index.php\/loja\/"},{"@type":"ListItem","position":3,"name":"SECRETPLAY &#8211; JOGO SEXMATCH PRELIMINARES EDI\u00c7\u00c3O"}]},{"@type":"WebSite","@id":"https:\/\/lovme.pt\/#website","url":"https:\/\/lovme.pt\/","name":"Lovme Loja Er\u00f3tica N\u00ba1 em Portugal","description":"A melhor loja er\u00f3tica de Portugal.","alternateName":"Loja Er\u00f3tica Lovme","potentialAction":[{"@type":"SearchAction","target":{"@type":"EntryPoint","urlTemplate":"https:\/\/lovme.pt\/?s={search_term_string}"},"query-input":{"@type":"PropertyValueSpecification","valueRequired":true,"valueName":"search_term_string"}}],"inLanguage":"pt-PT"}]}},"_links":{"self":[{"href":"https:\/\/lovme.pt\/index.php\/wp-json\/wp\/v2\/product\/50159","targetHints":{"allow":["GET"]}}],"collection":[{"href":"https:\/\/lovme.pt\/index.php\/wp-json\/wp\/v2\/product"}],"about":[{"href":"https:\/\/lovme.pt\/index.php\/wp-json\/wp\/v2\/types\/product"}],"wp:featuredmedia":[{"embeddable":true,"href":"https:\/\/lovme.pt\/index.php\/wp-json\/wp\/v2\/media\/57138"}],"wp:attachment":[{"href":"https:\/\/lovme.pt\/index.php\/wp-json\/wp\/v2\/media?parent=50159"}],"wp:term":[{"taxonomy":"product_brand","embeddable":true,"href":"https:\/\/lovme.pt\/index.php\/wp-json\/wp\/v2\/product_brand?post=50159"},{"taxonomy":"product_cat","embeddable":true,"href":"https:\/\/lovme.pt\/index.php\/wp-json\/wp\/v2\/product_cat?post=50159"},{"taxonomy":"product_tag","embeddable":true,"href":"https:\/\/lovme.pt\/index.php\/wp-json\/wp\/v2\/product_tag?post=50159"}],"curies":[{"name":"wp","href":"https:\/\/api.w.org\/{rel}","templated":true}]}}