{"id":50158,"date":"2025-09-30T09:47:39","date_gmt":"2025-09-30T09:47:39","guid":{"rendered":"https:\/\/lovme.pt\/?post_type=product&p=50158"},"modified":"2026-02-19T20:05:19","modified_gmt":"2026-02-19T20:05:19","slug":"secretplay-jogo-sexmatch-massagem-edicao","status":"publish","type":"product","link":"https:\/\/lovme.pt\/index.php\/produto\/secretplay-jogo-sexmatch-massagem-edicao\/","title":{"rendered":"SECRETPLAY &#8211; JOGO SEXMATCH MASSAGEM EDI\u00c7\u00c3O"},"content":{"rendered":"<p><strong>Sexmatch Massage Edition<\/strong> \u00e9 o jogo de cartas para casais em que voc\u00eas devem combinar ilustra\u00e7\u00f5es e palavras completando desafios at\u00e9 que um de voc\u00eas fique sem cartas. O jogo cont\u00e9m 89 cartas de baralho (81 cartas e 8 jokers) e 1 carta guia.<\/p>\n<p>\u00a0<\/p>\n<p><u><strong>Regras do jogo:<\/strong><\/u><br \/>Para come\u00e7ar o jogo, as 89 cartas s\u00e3o embaralhadas e 7 cartas s\u00e3o distribu\u00eddas para cada jogador. O restante das cartas \u00e9 deixado virado para baixo na mesa formando a pilha de compra. O jogador mais velho come\u00e7a comprando a primeira carta aleatoriamente. Ent\u00e3o \u00e9 a vez do outro jogador; ele deve comprar uma carta que corresponda \u00e0 ilustra\u00e7\u00e3o ou palavra da carta na mesa. Se ele n\u00e3o tiver nenhuma carta v\u00e1lida, ele deve comprar uma carta da pilha de compra, perdendo assim sua vez e tendo que esperar a pr\u00f3xima vez para poder comprar. Cada vez que um jogador joga uma carta que corresponda \u00e0 palavra da anterior na mesa, ele deve executar a a\u00e7\u00e3o indicada na carta naquele mesmo momento.<\/p>\n<ul>\n<li><strong>Wild Cards<\/strong> : Existem tamb\u00e9m 8 wild cards, 2 de cada tipo. O jogador que tem um wild card na m\u00e3o pode jog\u00e1-lo durante sua vez a qualquer momento do jogo. Quando um jogador joga o wild card, o outro jogador deve executar a a\u00e7\u00e3o indicada no wild card naquele mesmo momento. Ap\u00f3s jogar o wild card, o jogador que o joga deve indicar uma palavra e uma ilustra\u00e7\u00e3o e o outro jogador pode jogar um ou outro conforme desejar para continuar o jogo.<\/li>\n<\/ul>\n<p>\u00a0<\/p>\n<p>O jogador que ficar sem cartas primeiro vence o jogo. A pessoa que vencer o jogo decide qual tipo de massagem dentre todas as que apareceram nas ilustra\u00e7\u00f5es durante o jogo ela quer receber do seu parceiro. Aproveitem juntos o jogo em que fazer um Sexmatch tem recompensas muito sensuais!<\/p>\n","protected":false},"excerpt":{"rendered":"<p>EMBALAGEM DISPON\u00cdVEL EM: \/es\/en\/de\/fr\/nl\/pt\/it\/pl\/<\/p>\n","protected":false},"featured_media":57134,"template":"","meta":{"_acf_changed":false},"product_brand":[],"product_cat":[69],"product_tag":[],"class_list":{"0":"post-50158","1":"product","2":"type-product","3":"status-publish","4":"has-post-thumbnail","6":"product_cat-jogos-eroticos","7":"yith_product_brand-secretplay","8":"yith_product_brand-secretplaysecretplay-100-games","10":"first","11":"instock","12":"taxable","13":"shipping-taxable","14":"purchasable","15":"product-type-simple"},"acf":[],"yoast_head":"<!-- This site is optimized with the Yoast SEO plugin v27.4 - https:\/\/yoast.com\/product\/yoast-seo-wordpress\/ -->\n<title>SECRETPLAY - JOGO SEXMATCH MASSAGEM EDI\u00c7\u00c3O - Lovme<\/title>\n<meta name=\"robots\" content=\"index, follow, max-snippet:-1, max-image-preview:large, max-video-preview:-1\" \/>\n<link rel=\"canonical\" href=\"https:\/\/lovme.pt\/index.php\/produto\/secretplay-jogo-sexmatch-massagem-edicao\/\" \/>\n<meta property=\"og:locale\" content=\"pt_PT\" \/>\n<meta property=\"og:type\" content=\"article\" \/>\n<meta property=\"og:title\" content=\"SECRETPLAY - JOGO SEXMATCH MASSAGEM EDI\u00c7\u00c3O - Lovme\" \/>\n<meta property=\"og:description\" content=\"EMBALAGEM DISPON\u00cdVEL EM: \/es\/en\/de\/fr\/nl\/pt\/it\/pl\/\" \/>\n<meta property=\"og:url\" content=\"https:\/\/lovme.pt\/index.php\/produto\/secretplay-jogo-sexmatch-massagem-edicao\/\" \/>\n<meta property=\"og:site_name\" content=\"Lovme\" \/>\n<meta property=\"article:modified_time\" content=\"2026-02-19T20:05:19+00:00\" \/>\n<meta property=\"og:image\" content=\"https:\/\/erki24nd3ub.exactdn.com\/wp-content\/uploads\/dream\/img\/img_186514_e5364702cbe77b69f98373d2ce657962_1.jpg?strip=all\" \/>\n\t<meta property=\"og:image:width\" content=\"800\" \/>\n\t<meta property=\"og:image:height\" content=\"800\" \/>\n\t<meta property=\"og:image:type\" content=\"image\/jpeg\" \/>\n<meta name=\"twitter:card\" content=\"summary_large_image\" \/>\n<meta name=\"twitter:label1\" content=\"Tempo estimado de leitura\" \/>\n\t<meta name=\"twitter:data1\" content=\"2 minutos\" \/>\n<script type=\"application\/ld+json\" class=\"yoast-schema-graph\">{\"@context\":\"https:\\\/\\\/schema.org\",\"@graph\":[{\"@type\":\"WebPage\",\"@id\":\"https:\\\/\\\/lovme.pt\\\/index.php\\\/produto\\\/secretplay-jogo-sexmatch-massagem-edicao\\\/\",\"url\":\"https:\\\/\\\/lovme.pt\\\/index.php\\\/produto\\\/secretplay-jogo-sexmatch-massagem-edicao\\\/\",\"name\":\"SECRETPLAY - JOGO SEXMATCH MASSAGEM EDI\u00c7\u00c3O - Lovme\",\"isPartOf\":{\"@id\":\"https:\\\/\\\/lovme.pt\\\/#website\"},\"primaryImageOfPage\":{\"@id\":\"https:\\\/\\\/lovme.pt\\\/index.php\\\/produto\\\/secretplay-jogo-sexmatch-massagem-edicao\\\/#primaryimage\"},\"image\":{\"@id\":\"https:\\\/\\\/lovme.pt\\\/index.php\\\/produto\\\/secretplay-jogo-sexmatch-massagem-edicao\\\/#primaryimage\"},\"thumbnailUrl\":\"https:\\\/\\\/erki24nd3ub.exactdn.com\\\/wp-content\\\/uploads\\\/dream\\\/img\\\/img_186514_e5364702cbe77b69f98373d2ce657962_1.jpg?strip=all\",\"datePublished\":\"2025-09-30T09:47:39+00:00\",\"dateModified\":\"2026-02-19T20:05:19+00:00\",\"breadcrumb\":{\"@id\":\"https:\\\/\\\/lovme.pt\\\/index.php\\\/produto\\\/secretplay-jogo-sexmatch-massagem-edicao\\\/#breadcrumb\"},\"inLanguage\":\"pt-PT\",\"potentialAction\":[{\"@type\":\"ReadAction\",\"target\":[\"https:\\\/\\\/lovme.pt\\\/index.php\\\/produto\\\/secretplay-jogo-sexmatch-massagem-edicao\\\/\"]}]},{\"@type\":\"ImageObject\",\"inLanguage\":\"pt-PT\",\"@id\":\"https:\\\/\\\/lovme.pt\\\/index.php\\\/produto\\\/secretplay-jogo-sexmatch-massagem-edicao\\\/#primaryimage\",\"url\":\"https:\\\/\\\/erki24nd3ub.exactdn.com\\\/wp-content\\\/uploads\\\/dream\\\/img\\\/img_186514_e5364702cbe77b69f98373d2ce657962_1.jpg?strip=all\",\"contentUrl\":\"https:\\\/\\\/erki24nd3ub.exactdn.com\\\/wp-content\\\/uploads\\\/dream\\\/img\\\/img_186514_e5364702cbe77b69f98373d2ce657962_1.jpg?strip=all\",\"width\":800,\"height\":800},{\"@type\":\"BreadcrumbList\",\"@id\":\"https:\\\/\\\/lovme.pt\\\/index.php\\\/produto\\\/secretplay-jogo-sexmatch-massagem-edicao\\\/#breadcrumb\",\"itemListElement\":[{\"@type\":\"ListItem\",\"position\":1,\"name\":\"In\u00edcio\",\"item\":\"https:\\\/\\\/lovme.pt\\\/\"},{\"@type\":\"ListItem\",\"position\":2,\"name\":\"Loja\",\"item\":\"https:\\\/\\\/lovme.pt\\\/index.php\\\/loja\\\/\"},{\"@type\":\"ListItem\",\"position\":3,\"name\":\"SECRETPLAY &#8211; JOGO SEXMATCH MASSAGEM EDI\u00c7\u00c3O\"}]},{\"@type\":\"WebSite\",\"@id\":\"https:\\\/\\\/lovme.pt\\\/#website\",\"url\":\"https:\\\/\\\/lovme.pt\\\/\",\"name\":\"Lovme Loja Er\u00f3tica N\u00ba1 em Portugal\",\"description\":\"A melhor loja er\u00f3tica de Portugal.\",\"alternateName\":\"Loja Er\u00f3tica Lovme\",\"potentialAction\":[{\"@type\":\"SearchAction\",\"target\":{\"@type\":\"EntryPoint\",\"urlTemplate\":\"https:\\\/\\\/lovme.pt\\\/?s={search_term_string}\"},\"query-input\":{\"@type\":\"PropertyValueSpecification\",\"valueRequired\":true,\"valueName\":\"search_term_string\"}}],\"inLanguage\":\"pt-PT\"}]}<\/script>\n<!-- \/ Yoast SEO plugin. -->","yoast_head_json":{"title":"SECRETPLAY - JOGO SEXMATCH MASSAGEM EDI\u00c7\u00c3O - Lovme","robots":{"index":"index","follow":"follow","max-snippet":"max-snippet:-1","max-image-preview":"max-image-preview:large","max-video-preview":"max-video-preview:-1"},"canonical":"https:\/\/lovme.pt\/index.php\/produto\/secretplay-jogo-sexmatch-massagem-edicao\/","og_locale":"pt_PT","og_type":"article","og_title":"SECRETPLAY - JOGO SEXMATCH MASSAGEM EDI\u00c7\u00c3O - Lovme","og_description":"EMBALAGEM DISPON\u00cdVEL EM: \/es\/en\/de\/fr\/nl\/pt\/it\/pl\/","og_url":"https:\/\/lovme.pt\/index.php\/produto\/secretplay-jogo-sexmatch-massagem-edicao\/","og_site_name":"Lovme","article_modified_time":"2026-02-19T20:05:19+00:00","og_image":[{"width":800,"height":800,"url":"https:\/\/erki24nd3ub.exactdn.com\/wp-content\/uploads\/dream\/img\/img_186514_e5364702cbe77b69f98373d2ce657962_1.jpg?strip=all","type":"image\/jpeg"}],"twitter_card":"summary_large_image","twitter_misc":{"Tempo estimado de leitura":"2 minutos"},"schema":{"@context":"https:\/\/schema.org","@graph":[{"@type":"WebPage","@id":"https:\/\/lovme.pt\/index.php\/produto\/secretplay-jogo-sexmatch-massagem-edicao\/","url":"https:\/\/lovme.pt\/index.php\/produto\/secretplay-jogo-sexmatch-massagem-edicao\/","name":"SECRETPLAY - JOGO SEXMATCH MASSAGEM EDI\u00c7\u00c3O - Lovme","isPartOf":{"@id":"https:\/\/lovme.pt\/#website"},"primaryImageOfPage":{"@id":"https:\/\/lovme.pt\/index.php\/produto\/secretplay-jogo-sexmatch-massagem-edicao\/#primaryimage"},"image":{"@id":"https:\/\/lovme.pt\/index.php\/produto\/secretplay-jogo-sexmatch-massagem-edicao\/#primaryimage"},"thumbnailUrl":"https:\/\/erki24nd3ub.exactdn.com\/wp-content\/uploads\/dream\/img\/img_186514_e5364702cbe77b69f98373d2ce657962_1.jpg?strip=all","datePublished":"2025-09-30T09:47:39+00:00","dateModified":"2026-02-19T20:05:19+00:00","breadcrumb":{"@id":"https:\/\/lovme.pt\/index.php\/produto\/secretplay-jogo-sexmatch-massagem-edicao\/#breadcrumb"},"inLanguage":"pt-PT","potentialAction":[{"@type":"ReadAction","target":["https:\/\/lovme.pt\/index.php\/produto\/secretplay-jogo-sexmatch-massagem-edicao\/"]}]},{"@type":"ImageObject","inLanguage":"pt-PT","@id":"https:\/\/lovme.pt\/index.php\/produto\/secretplay-jogo-sexmatch-massagem-edicao\/#primaryimage","url":"https:\/\/erki24nd3ub.exactdn.com\/wp-content\/uploads\/dream\/img\/img_186514_e5364702cbe77b69f98373d2ce657962_1.jpg?strip=all","contentUrl":"https:\/\/erki24nd3ub.exactdn.com\/wp-content\/uploads\/dream\/img\/img_186514_e5364702cbe77b69f98373d2ce657962_1.jpg?strip=all","width":800,"height":800},{"@type":"BreadcrumbList","@id":"https:\/\/lovme.pt\/index.php\/produto\/secretplay-jogo-sexmatch-massagem-edicao\/#breadcrumb","itemListElement":[{"@type":"ListItem","position":1,"name":"In\u00edcio","item":"https:\/\/lovme.pt\/"},{"@type":"ListItem","position":2,"name":"Loja","item":"https:\/\/lovme.pt\/index.php\/loja\/"},{"@type":"ListItem","position":3,"name":"SECRETPLAY &#8211; JOGO SEXMATCH MASSAGEM EDI\u00c7\u00c3O"}]},{"@type":"WebSite","@id":"https:\/\/lovme.pt\/#website","url":"https:\/\/lovme.pt\/","name":"Lovme Loja Er\u00f3tica N\u00ba1 em Portugal","description":"A melhor loja er\u00f3tica de Portugal.","alternateName":"Loja Er\u00f3tica Lovme","potentialAction":[{"@type":"SearchAction","target":{"@type":"EntryPoint","urlTemplate":"https:\/\/lovme.pt\/?s={search_term_string}"},"query-input":{"@type":"PropertyValueSpecification","valueRequired":true,"valueName":"search_term_string"}}],"inLanguage":"pt-PT"}]}},"_links":{"self":[{"href":"https:\/\/lovme.pt\/index.php\/wp-json\/wp\/v2\/product\/50158","targetHints":{"allow":["GET"]}}],"collection":[{"href":"https:\/\/lovme.pt\/index.php\/wp-json\/wp\/v2\/product"}],"about":[{"href":"https:\/\/lovme.pt\/index.php\/wp-json\/wp\/v2\/types\/product"}],"wp:featuredmedia":[{"embeddable":true,"href":"https:\/\/lovme.pt\/index.php\/wp-json\/wp\/v2\/media\/57134"}],"wp:attachment":[{"href":"https:\/\/lovme.pt\/index.php\/wp-json\/wp\/v2\/media?parent=50158"}],"wp:term":[{"taxonomy":"product_brand","embeddable":true,"href":"https:\/\/lovme.pt\/index.php\/wp-json\/wp\/v2\/product_brand?post=50158"},{"taxonomy":"product_cat","embeddable":true,"href":"https:\/\/lovme.pt\/index.php\/wp-json\/wp\/v2\/product_cat?post=50158"},{"taxonomy":"product_tag","embeddable":true,"href":"https:\/\/lovme.pt\/index.php\/wp-json\/wp\/v2\/product_tag?post=50158"}],"curies":[{"name":"wp","href":"https:\/\/api.w.org\/{rel}","templated":true}]}}