{"id":50155,"date":"2025-09-30T09:40:27","date_gmt":"2025-09-30T09:40:27","guid":{"rendered":"https:\/\/lovme.pt\/?post_type=product&p=50155"},"modified":"2026-02-19T20:01:20","modified_gmt":"2026-02-19T20:01:20","slug":"secretplay-afrodita-perfume-feromonas-spray-feminino-tamanho-viagem","status":"publish","type":"product","link":"https:\/\/lovme.pt\/index.php\/produto\/secretplay-afrodita-perfume-feromonas-spray-feminino-tamanho-viagem\/","title":{"rendered":"SECRETPLAY &#8211; AFRODITA PERFUME FEROMONAS SPRAY FEMININO TAMANHO VIAGEM"},"content":{"rendered":"<p>Voc\u00ea j\u00e1 parou para pensar na import\u00e2ncia do olfato? \u00c0s vezes n\u00e3o damos a ele toda a import\u00e2ncia que dever\u00edamos, mas o perfume certo costuma ser sua melhor arma para destacar sua atratividade.<\/p>\n<p>Al\u00e9m do seu irresist\u00edvel aroma de caramelo e sua sofistica\u00e7\u00e3o, bastam duas aplica\u00e7\u00f5es para ficar bem perfumada o dia todo.<br \/>\u00c9 perfeito para fazer um bom presente ou simplesmente para se presentear, porque voc\u00ea vai gostar tanto que n\u00e3o vai parar de se cheirar. Mas tamb\u00e9m \u00e9 perfeito para levar para todo lugar devido ao seu formato.<\/p>\n<p>O perfume feminino sensual em \u00f3leo Afrodite, com atrativo sexual natural extra\u00eddo da trufa, real\u00e7a sua atratividade, aumenta sua confian\u00e7a e faz de voc\u00ea uma pessoa mais excitante, sedutora e desejada aos olhos dos outros. As part\u00edculas biol\u00f3gicas da trufa, com seu aroma, estimulam o desejo sexual naturalmente.<\/p>\n<ul>\n<li>Recipiente com sistema &#8220;Spray&#8221;<\/li>\n<li>Tamanho da viagem<\/li>\n<li>F\u00e1cil aplica\u00e7\u00e3o<\/li>\n<li>Capacidade: 9,5 ml<\/li>\n<li>Perfeito para levar com voc\u00ea aonde quer que voc\u00ea v\u00e1. onde quer que voc\u00ea v\u00e1<\/li>\n<li>Doce aroma de caramelo<\/li>\n<li>Para mulheres<\/li>\n<li>Feito na Espanha<\/li>\n<\/ul>\n<p><u><strong>Ingredientes<\/strong><\/u> :<br \/>\u00c1lcool Denat., \u00c1gua, Parfum, PEG\/PPG-14\/4 Dimeticona, Glicerina, Sorbato de Pot\u00e1ssio, Extrato de Tuber Melanosporum, Salicilato de Benzila, Cumarina, Alfa-Iisometil Ionona, Cinamato de Benzila, Linalol<\/p>\n<p><u><strong>Modo de usar:<\/strong><\/u> O perfume pode ser borrifado em locais ou roupas, ou aplicado diretamente na pele nas \u00e1reas habituais.<\/p>\n<p><u><strong>Precau\u00e7\u00f5es<\/strong><\/u> :<\/p>\n<ul>\n<li>N\u00e3o misture com nenhum outro perfume ou col\u00f4nia.<\/li>\n<li>Produto cosm\u00e9tico somente para uso externo.<\/li>\n<li>N\u00e3o use em caso de hipersensibilidade ou alergia a qualquer um dos ingredientes.<\/li>\n<li>Em caso de irrita\u00e7\u00e3o, interrompa o uso.<\/li>\n<li>N\u00e3o ingerir.<\/li>\n<li>N\u00e3o aplique na \u00e1rea dos olhos ou em feridas.<\/li>\n<li>Mantenha fora do alcance de crian\u00e7as.<\/li>\n<li>Armazene em local fresco e seco, longe da luz solar.<\/li>\n<\/ul>\n","protected":false},"excerpt":{"rendered":"<p>SECRETPLAY &#8211; AFRODITA PERFUME FEROMONAS SPRAY FEMININO TAMANHO VIAGEM<\/p>\n","protected":false},"featured_media":55624,"template":"","meta":{"_acf_changed":false},"product_brand":[],"product_cat":[49],"product_tag":[],"class_list":{"0":"post-50155","1":"product","2":"type-product","3":"status-publish","4":"has-post-thumbnail","6":"product_cat-cosmeticos","7":"yith_product_brand-secretplay","8":"yith_product_brand-secretplaysecretplay-cosmetic","10":"first","11":"instock","12":"taxable","13":"shipping-taxable","14":"purchasable","15":"product-type-simple"},"acf":[],"yoast_head":"<!-- This site is optimized with the Yoast SEO plugin v27.4 - https:\/\/yoast.com\/product\/yoast-seo-wordpress\/ -->\n<title>SECRETPLAY - AFRODITA PERFUME FEROMONAS SPRAY FEMININO TAMANHO VIAGEM - Lovme<\/title>\n<meta name=\"robots\" content=\"index, follow, max-snippet:-1, max-image-preview:large, max-video-preview:-1\" \/>\n<link rel=\"canonical\" href=\"https:\/\/lovme.pt\/index.php\/produto\/secretplay-afrodita-perfume-feromonas-spray-feminino-tamanho-viagem\/\" \/>\n<meta property=\"og:locale\" content=\"pt_PT\" \/>\n<meta property=\"og:type\" content=\"article\" \/>\n<meta property=\"og:title\" content=\"SECRETPLAY - AFRODITA PERFUME FEROMONAS SPRAY FEMININO TAMANHO VIAGEM - Lovme\" \/>\n<meta property=\"og:description\" content=\"SECRETPLAY - AFRODITA PERFUME FEROMONAS SPRAY FEMININO TAMANHO VIAGEM\" \/>\n<meta property=\"og:url\" content=\"https:\/\/lovme.pt\/index.php\/produto\/secretplay-afrodita-perfume-feromonas-spray-feminino-tamanho-viagem\/\" \/>\n<meta property=\"og:site_name\" content=\"Lovme\" \/>\n<meta property=\"article:modified_time\" content=\"2026-02-19T20:01:20+00:00\" \/>\n<meta property=\"og:image\" content=\"https:\/\/erki24nd3ub.exactdn.com\/wp-content\/uploads\/dream\/img\/img_186505_4e842ee431380a1bee46ebc54006e7d0_1.jpg?strip=all\" \/>\n\t<meta property=\"og:image:width\" content=\"800\" \/>\n\t<meta property=\"og:image:height\" content=\"800\" \/>\n\t<meta property=\"og:image:type\" content=\"image\/jpeg\" \/>\n<meta name=\"twitter:card\" content=\"summary_large_image\" \/>\n<meta name=\"twitter:label1\" content=\"Tempo estimado de leitura\" \/>\n\t<meta name=\"twitter:data1\" content=\"1 minuto\" \/>\n<script type=\"application\/ld+json\" class=\"yoast-schema-graph\">{\"@context\":\"https:\\\/\\\/schema.org\",\"@graph\":[{\"@type\":\"WebPage\",\"@id\":\"https:\\\/\\\/lovme.pt\\\/index.php\\\/produto\\\/secretplay-afrodita-perfume-feromonas-spray-feminino-tamanho-viagem\\\/\",\"url\":\"https:\\\/\\\/lovme.pt\\\/index.php\\\/produto\\\/secretplay-afrodita-perfume-feromonas-spray-feminino-tamanho-viagem\\\/\",\"name\":\"SECRETPLAY - AFRODITA PERFUME FEROMONAS SPRAY FEMININO TAMANHO VIAGEM - Lovme\",\"isPartOf\":{\"@id\":\"https:\\\/\\\/lovme.pt\\\/#website\"},\"primaryImageOfPage\":{\"@id\":\"https:\\\/\\\/lovme.pt\\\/index.php\\\/produto\\\/secretplay-afrodita-perfume-feromonas-spray-feminino-tamanho-viagem\\\/#primaryimage\"},\"image\":{\"@id\":\"https:\\\/\\\/lovme.pt\\\/index.php\\\/produto\\\/secretplay-afrodita-perfume-feromonas-spray-feminino-tamanho-viagem\\\/#primaryimage\"},\"thumbnailUrl\":\"https:\\\/\\\/erki24nd3ub.exactdn.com\\\/wp-content\\\/uploads\\\/dream\\\/img\\\/img_186505_4e842ee431380a1bee46ebc54006e7d0_1.jpg?strip=all\",\"datePublished\":\"2025-09-30T09:40:27+00:00\",\"dateModified\":\"2026-02-19T20:01:20+00:00\",\"breadcrumb\":{\"@id\":\"https:\\\/\\\/lovme.pt\\\/index.php\\\/produto\\\/secretplay-afrodita-perfume-feromonas-spray-feminino-tamanho-viagem\\\/#breadcrumb\"},\"inLanguage\":\"pt-PT\",\"potentialAction\":[{\"@type\":\"ReadAction\",\"target\":[\"https:\\\/\\\/lovme.pt\\\/index.php\\\/produto\\\/secretplay-afrodita-perfume-feromonas-spray-feminino-tamanho-viagem\\\/\"]}]},{\"@type\":\"ImageObject\",\"inLanguage\":\"pt-PT\",\"@id\":\"https:\\\/\\\/lovme.pt\\\/index.php\\\/produto\\\/secretplay-afrodita-perfume-feromonas-spray-feminino-tamanho-viagem\\\/#primaryimage\",\"url\":\"https:\\\/\\\/erki24nd3ub.exactdn.com\\\/wp-content\\\/uploads\\\/dream\\\/img\\\/img_186505_4e842ee431380a1bee46ebc54006e7d0_1.jpg?strip=all\",\"contentUrl\":\"https:\\\/\\\/erki24nd3ub.exactdn.com\\\/wp-content\\\/uploads\\\/dream\\\/img\\\/img_186505_4e842ee431380a1bee46ebc54006e7d0_1.jpg?strip=all\",\"width\":800,\"height\":800},{\"@type\":\"BreadcrumbList\",\"@id\":\"https:\\\/\\\/lovme.pt\\\/index.php\\\/produto\\\/secretplay-afrodita-perfume-feromonas-spray-feminino-tamanho-viagem\\\/#breadcrumb\",\"itemListElement\":[{\"@type\":\"ListItem\",\"position\":1,\"name\":\"In\u00edcio\",\"item\":\"https:\\\/\\\/lovme.pt\\\/\"},{\"@type\":\"ListItem\",\"position\":2,\"name\":\"Loja\",\"item\":\"https:\\\/\\\/lovme.pt\\\/index.php\\\/loja\\\/\"},{\"@type\":\"ListItem\",\"position\":3,\"name\":\"SECRETPLAY &#8211; AFRODITA PERFUME FEROMONAS SPRAY FEMININO TAMANHO VIAGEM\"}]},{\"@type\":\"WebSite\",\"@id\":\"https:\\\/\\\/lovme.pt\\\/#website\",\"url\":\"https:\\\/\\\/lovme.pt\\\/\",\"name\":\"Lovme Loja Er\u00f3tica N\u00ba1 em Portugal\",\"description\":\"A melhor loja er\u00f3tica de Portugal.\",\"alternateName\":\"Loja Er\u00f3tica Lovme\",\"potentialAction\":[{\"@type\":\"SearchAction\",\"target\":{\"@type\":\"EntryPoint\",\"urlTemplate\":\"https:\\\/\\\/lovme.pt\\\/?s={search_term_string}\"},\"query-input\":{\"@type\":\"PropertyValueSpecification\",\"valueRequired\":true,\"valueName\":\"search_term_string\"}}],\"inLanguage\":\"pt-PT\"}]}<\/script>\n<!-- \/ Yoast SEO plugin. -->","yoast_head_json":{"title":"SECRETPLAY - AFRODITA PERFUME FEROMONAS SPRAY FEMININO TAMANHO VIAGEM - Lovme","robots":{"index":"index","follow":"follow","max-snippet":"max-snippet:-1","max-image-preview":"max-image-preview:large","max-video-preview":"max-video-preview:-1"},"canonical":"https:\/\/lovme.pt\/index.php\/produto\/secretplay-afrodita-perfume-feromonas-spray-feminino-tamanho-viagem\/","og_locale":"pt_PT","og_type":"article","og_title":"SECRETPLAY - AFRODITA PERFUME FEROMONAS SPRAY FEMININO TAMANHO VIAGEM - Lovme","og_description":"SECRETPLAY - AFRODITA PERFUME FEROMONAS SPRAY FEMININO TAMANHO VIAGEM","og_url":"https:\/\/lovme.pt\/index.php\/produto\/secretplay-afrodita-perfume-feromonas-spray-feminino-tamanho-viagem\/","og_site_name":"Lovme","article_modified_time":"2026-02-19T20:01:20+00:00","og_image":[{"width":800,"height":800,"url":"https:\/\/erki24nd3ub.exactdn.com\/wp-content\/uploads\/dream\/img\/img_186505_4e842ee431380a1bee46ebc54006e7d0_1.jpg?strip=all","type":"image\/jpeg"}],"twitter_card":"summary_large_image","twitter_misc":{"Tempo estimado de leitura":"1 minuto"},"schema":{"@context":"https:\/\/schema.org","@graph":[{"@type":"WebPage","@id":"https:\/\/lovme.pt\/index.php\/produto\/secretplay-afrodita-perfume-feromonas-spray-feminino-tamanho-viagem\/","url":"https:\/\/lovme.pt\/index.php\/produto\/secretplay-afrodita-perfume-feromonas-spray-feminino-tamanho-viagem\/","name":"SECRETPLAY - AFRODITA PERFUME FEROMONAS SPRAY FEMININO TAMANHO VIAGEM - Lovme","isPartOf":{"@id":"https:\/\/lovme.pt\/#website"},"primaryImageOfPage":{"@id":"https:\/\/lovme.pt\/index.php\/produto\/secretplay-afrodita-perfume-feromonas-spray-feminino-tamanho-viagem\/#primaryimage"},"image":{"@id":"https:\/\/lovme.pt\/index.php\/produto\/secretplay-afrodita-perfume-feromonas-spray-feminino-tamanho-viagem\/#primaryimage"},"thumbnailUrl":"https:\/\/erki24nd3ub.exactdn.com\/wp-content\/uploads\/dream\/img\/img_186505_4e842ee431380a1bee46ebc54006e7d0_1.jpg?strip=all","datePublished":"2025-09-30T09:40:27+00:00","dateModified":"2026-02-19T20:01:20+00:00","breadcrumb":{"@id":"https:\/\/lovme.pt\/index.php\/produto\/secretplay-afrodita-perfume-feromonas-spray-feminino-tamanho-viagem\/#breadcrumb"},"inLanguage":"pt-PT","potentialAction":[{"@type":"ReadAction","target":["https:\/\/lovme.pt\/index.php\/produto\/secretplay-afrodita-perfume-feromonas-spray-feminino-tamanho-viagem\/"]}]},{"@type":"ImageObject","inLanguage":"pt-PT","@id":"https:\/\/lovme.pt\/index.php\/produto\/secretplay-afrodita-perfume-feromonas-spray-feminino-tamanho-viagem\/#primaryimage","url":"https:\/\/erki24nd3ub.exactdn.com\/wp-content\/uploads\/dream\/img\/img_186505_4e842ee431380a1bee46ebc54006e7d0_1.jpg?strip=all","contentUrl":"https:\/\/erki24nd3ub.exactdn.com\/wp-content\/uploads\/dream\/img\/img_186505_4e842ee431380a1bee46ebc54006e7d0_1.jpg?strip=all","width":800,"height":800},{"@type":"BreadcrumbList","@id":"https:\/\/lovme.pt\/index.php\/produto\/secretplay-afrodita-perfume-feromonas-spray-feminino-tamanho-viagem\/#breadcrumb","itemListElement":[{"@type":"ListItem","position":1,"name":"In\u00edcio","item":"https:\/\/lovme.pt\/"},{"@type":"ListItem","position":2,"name":"Loja","item":"https:\/\/lovme.pt\/index.php\/loja\/"},{"@type":"ListItem","position":3,"name":"SECRETPLAY &#8211; AFRODITA PERFUME FEROMONAS SPRAY FEMININO TAMANHO VIAGEM"}]},{"@type":"WebSite","@id":"https:\/\/lovme.pt\/#website","url":"https:\/\/lovme.pt\/","name":"Lovme Loja Er\u00f3tica N\u00ba1 em Portugal","description":"A melhor loja er\u00f3tica de Portugal.","alternateName":"Loja Er\u00f3tica Lovme","potentialAction":[{"@type":"SearchAction","target":{"@type":"EntryPoint","urlTemplate":"https:\/\/lovme.pt\/?s={search_term_string}"},"query-input":{"@type":"PropertyValueSpecification","valueRequired":true,"valueName":"search_term_string"}}],"inLanguage":"pt-PT"}]}},"_links":{"self":[{"href":"https:\/\/lovme.pt\/index.php\/wp-json\/wp\/v2\/product\/50155","targetHints":{"allow":["GET"]}}],"collection":[{"href":"https:\/\/lovme.pt\/index.php\/wp-json\/wp\/v2\/product"}],"about":[{"href":"https:\/\/lovme.pt\/index.php\/wp-json\/wp\/v2\/types\/product"}],"wp:featuredmedia":[{"embeddable":true,"href":"https:\/\/lovme.pt\/index.php\/wp-json\/wp\/v2\/media\/55624"}],"wp:attachment":[{"href":"https:\/\/lovme.pt\/index.php\/wp-json\/wp\/v2\/media?parent=50155"}],"wp:term":[{"taxonomy":"product_brand","embeddable":true,"href":"https:\/\/lovme.pt\/index.php\/wp-json\/wp\/v2\/product_brand?post=50155"},{"taxonomy":"product_cat","embeddable":true,"href":"https:\/\/lovme.pt\/index.php\/wp-json\/wp\/v2\/product_cat?post=50155"},{"taxonomy":"product_tag","embeddable":true,"href":"https:\/\/lovme.pt\/index.php\/wp-json\/wp\/v2\/product_tag?post=50155"}],"curies":[{"name":"wp","href":"https:\/\/api.w.org\/{rel}","templated":true}]}}