{"id":50152,"date":"2025-09-30T09:47:39","date_gmt":"2025-09-30T09:47:39","guid":{"rendered":"https:\/\/lovme.pt\/?post_type=product&p=50152"},"modified":"2026-02-19T20:05:19","modified_gmt":"2026-02-19T20:05:19","slug":"kheper-games-cartas-com-tema-sexual","status":"publish","type":"product","link":"https:\/\/lovme.pt\/index.php\/produto\/kheper-games-cartas-com-tema-sexual\/","title":{"rendered":"KHEPER GAMES &#8211; CARTAS COM TEMA SEXUAL"},"content":{"rendered":"<p>Um jogo de cartas divertido e peculiar onde os naipes s\u00e3o tem\u00e1ticos de brinquedos sexuais. Espadas s\u00e3o plugues anais, cora\u00e7\u00f5es s\u00e3o vibradores, paus s\u00e3o chicotes e ouros s\u00e3o<br \/>algemas peludas. Jogue todos os seus jogos de cartas favoritos e jogos adultos como strip poker com este baralho de cartas dos ternos de brinquedo sexual.<\/p>\n<p><u><strong>CARACTER\u00cdSTICAS:<\/strong><\/u><\/p>\n<ul>\n<li>Inclui: 52 cartas padr\u00e3o e 2 curingas.<\/li>\n<li>Idioma(s): Ingl\u00eas e Espanhol<\/li>\n<li>P\u00fablico-alvo: Adultos<\/li>\n<li>N\u00famero de jogadores: 2 ou mais<\/li>\n<\/ul>\n<p>\u00a0<\/p>\n<p><strong>Kheper Games<\/strong> &#8211; Nossos produtos est\u00e3o dispon\u00edveis em at\u00e9 12 idiomas, sendo os mais comuns ingl\u00eas, alem\u00e3o, italiano, portugu\u00eas, russo, holand\u00eas, holand\u00eas, etc. Espanhol e franc\u00eas. Oferecemos aos nossos clientes valor e uma riqueza de ideias criativas nos jogos que escrevemos, produzimos e comercializamos. Nossos jogos rom\u00e2nticos s\u00e3o projetados para ajudar casais a resolver problemas em seus relacionamentos de uma forma divertida e l\u00fadica, e nossos jogos de festa s\u00e3o projetados para manter as pessoas rindo e entretidas.<\/p>\n","protected":false},"excerpt":{"rendered":"<p>EMBALAGEM DISPON\u00cdVEL EM: \/es\/en\/<\/p>\n","protected":false},"featured_media":57133,"template":"","meta":{"_acf_changed":false},"product_brand":[],"product_cat":[69],"product_tag":[],"class_list":{"0":"post-50152","1":"product","2":"type-product","3":"status-publish","4":"has-post-thumbnail","6":"product_cat-jogos-eroticos","7":"yith_product_brand-kheper-games","9":"first","10":"instock","11":"taxable","12":"shipping-taxable","13":"purchasable","14":"product-type-simple"},"acf":[],"yoast_head":"<!-- This site is optimized with the Yoast SEO plugin v27.4 - https:\/\/yoast.com\/product\/yoast-seo-wordpress\/ -->\n<title>KHEPER GAMES - CARTAS COM TEMA SEXUAL - Lovme<\/title>\n<meta name=\"robots\" content=\"index, follow, max-snippet:-1, max-image-preview:large, max-video-preview:-1\" \/>\n<link rel=\"canonical\" href=\"https:\/\/lovme.pt\/index.php\/produto\/kheper-games-cartas-com-tema-sexual\/\" \/>\n<meta property=\"og:locale\" content=\"pt_PT\" \/>\n<meta property=\"og:type\" content=\"article\" \/>\n<meta property=\"og:title\" content=\"KHEPER GAMES - CARTAS COM TEMA SEXUAL - Lovme\" \/>\n<meta property=\"og:description\" content=\"EMBALAGEM DISPON\u00cdVEL EM: \/es\/en\/\" \/>\n<meta property=\"og:url\" content=\"https:\/\/lovme.pt\/index.php\/produto\/kheper-games-cartas-com-tema-sexual\/\" \/>\n<meta property=\"og:site_name\" content=\"Lovme\" \/>\n<meta property=\"article:modified_time\" content=\"2026-02-19T20:05:19+00:00\" \/>\n<meta property=\"og:image\" content=\"https:\/\/erki24nd3ub.exactdn.com\/wp-content\/uploads\/dream\/img\/img_186310_e60172f84e3c404a8c8d00983ef4f80d_1.jpg?strip=all\" \/>\n\t<meta property=\"og:image:width\" content=\"800\" \/>\n\t<meta property=\"og:image:height\" content=\"800\" \/>\n\t<meta property=\"og:image:type\" content=\"image\/jpeg\" \/>\n<meta name=\"twitter:card\" content=\"summary_large_image\" \/>\n<meta name=\"twitter:label1\" content=\"Tempo estimado de leitura\" \/>\n\t<meta name=\"twitter:data1\" content=\"1 minuto\" \/>\n<script type=\"application\/ld+json\" class=\"yoast-schema-graph\">{\"@context\":\"https:\\\/\\\/schema.org\",\"@graph\":[{\"@type\":\"WebPage\",\"@id\":\"https:\\\/\\\/lovme.pt\\\/index.php\\\/produto\\\/kheper-games-cartas-com-tema-sexual\\\/\",\"url\":\"https:\\\/\\\/lovme.pt\\\/index.php\\\/produto\\\/kheper-games-cartas-com-tema-sexual\\\/\",\"name\":\"KHEPER GAMES - CARTAS COM TEMA SEXUAL - Lovme\",\"isPartOf\":{\"@id\":\"https:\\\/\\\/lovme.pt\\\/#website\"},\"primaryImageOfPage\":{\"@id\":\"https:\\\/\\\/lovme.pt\\\/index.php\\\/produto\\\/kheper-games-cartas-com-tema-sexual\\\/#primaryimage\"},\"image\":{\"@id\":\"https:\\\/\\\/lovme.pt\\\/index.php\\\/produto\\\/kheper-games-cartas-com-tema-sexual\\\/#primaryimage\"},\"thumbnailUrl\":\"https:\\\/\\\/erki24nd3ub.exactdn.com\\\/wp-content\\\/uploads\\\/dream\\\/img\\\/img_186310_e60172f84e3c404a8c8d00983ef4f80d_1.jpg?strip=all\",\"datePublished\":\"2025-09-30T09:47:39+00:00\",\"dateModified\":\"2026-02-19T20:05:19+00:00\",\"breadcrumb\":{\"@id\":\"https:\\\/\\\/lovme.pt\\\/index.php\\\/produto\\\/kheper-games-cartas-com-tema-sexual\\\/#breadcrumb\"},\"inLanguage\":\"pt-PT\",\"potentialAction\":[{\"@type\":\"ReadAction\",\"target\":[\"https:\\\/\\\/lovme.pt\\\/index.php\\\/produto\\\/kheper-games-cartas-com-tema-sexual\\\/\"]}]},{\"@type\":\"ImageObject\",\"inLanguage\":\"pt-PT\",\"@id\":\"https:\\\/\\\/lovme.pt\\\/index.php\\\/produto\\\/kheper-games-cartas-com-tema-sexual\\\/#primaryimage\",\"url\":\"https:\\\/\\\/erki24nd3ub.exactdn.com\\\/wp-content\\\/uploads\\\/dream\\\/img\\\/img_186310_e60172f84e3c404a8c8d00983ef4f80d_1.jpg?strip=all\",\"contentUrl\":\"https:\\\/\\\/erki24nd3ub.exactdn.com\\\/wp-content\\\/uploads\\\/dream\\\/img\\\/img_186310_e60172f84e3c404a8c8d00983ef4f80d_1.jpg?strip=all\",\"width\":800,\"height\":800},{\"@type\":\"BreadcrumbList\",\"@id\":\"https:\\\/\\\/lovme.pt\\\/index.php\\\/produto\\\/kheper-games-cartas-com-tema-sexual\\\/#breadcrumb\",\"itemListElement\":[{\"@type\":\"ListItem\",\"position\":1,\"name\":\"In\u00edcio\",\"item\":\"https:\\\/\\\/lovme.pt\\\/\"},{\"@type\":\"ListItem\",\"position\":2,\"name\":\"Loja\",\"item\":\"https:\\\/\\\/lovme.pt\\\/index.php\\\/loja\\\/\"},{\"@type\":\"ListItem\",\"position\":3,\"name\":\"KHEPER GAMES &#8211; CARTAS COM TEMA SEXUAL\"}]},{\"@type\":\"WebSite\",\"@id\":\"https:\\\/\\\/lovme.pt\\\/#website\",\"url\":\"https:\\\/\\\/lovme.pt\\\/\",\"name\":\"Lovme Loja Er\u00f3tica N\u00ba1 em Portugal\",\"description\":\"A melhor loja er\u00f3tica de Portugal.\",\"alternateName\":\"Loja Er\u00f3tica Lovme\",\"potentialAction\":[{\"@type\":\"SearchAction\",\"target\":{\"@type\":\"EntryPoint\",\"urlTemplate\":\"https:\\\/\\\/lovme.pt\\\/?s={search_term_string}\"},\"query-input\":{\"@type\":\"PropertyValueSpecification\",\"valueRequired\":true,\"valueName\":\"search_term_string\"}}],\"inLanguage\":\"pt-PT\"}]}<\/script>\n<!-- \/ Yoast SEO plugin. -->","yoast_head_json":{"title":"KHEPER GAMES - CARTAS COM TEMA SEXUAL - Lovme","robots":{"index":"index","follow":"follow","max-snippet":"max-snippet:-1","max-image-preview":"max-image-preview:large","max-video-preview":"max-video-preview:-1"},"canonical":"https:\/\/lovme.pt\/index.php\/produto\/kheper-games-cartas-com-tema-sexual\/","og_locale":"pt_PT","og_type":"article","og_title":"KHEPER GAMES - CARTAS COM TEMA SEXUAL - Lovme","og_description":"EMBALAGEM DISPON\u00cdVEL EM: \/es\/en\/","og_url":"https:\/\/lovme.pt\/index.php\/produto\/kheper-games-cartas-com-tema-sexual\/","og_site_name":"Lovme","article_modified_time":"2026-02-19T20:05:19+00:00","og_image":[{"width":800,"height":800,"url":"https:\/\/erki24nd3ub.exactdn.com\/wp-content\/uploads\/dream\/img\/img_186310_e60172f84e3c404a8c8d00983ef4f80d_1.jpg?strip=all","type":"image\/jpeg"}],"twitter_card":"summary_large_image","twitter_misc":{"Tempo estimado de leitura":"1 minuto"},"schema":{"@context":"https:\/\/schema.org","@graph":[{"@type":"WebPage","@id":"https:\/\/lovme.pt\/index.php\/produto\/kheper-games-cartas-com-tema-sexual\/","url":"https:\/\/lovme.pt\/index.php\/produto\/kheper-games-cartas-com-tema-sexual\/","name":"KHEPER GAMES - CARTAS COM TEMA SEXUAL - Lovme","isPartOf":{"@id":"https:\/\/lovme.pt\/#website"},"primaryImageOfPage":{"@id":"https:\/\/lovme.pt\/index.php\/produto\/kheper-games-cartas-com-tema-sexual\/#primaryimage"},"image":{"@id":"https:\/\/lovme.pt\/index.php\/produto\/kheper-games-cartas-com-tema-sexual\/#primaryimage"},"thumbnailUrl":"https:\/\/erki24nd3ub.exactdn.com\/wp-content\/uploads\/dream\/img\/img_186310_e60172f84e3c404a8c8d00983ef4f80d_1.jpg?strip=all","datePublished":"2025-09-30T09:47:39+00:00","dateModified":"2026-02-19T20:05:19+00:00","breadcrumb":{"@id":"https:\/\/lovme.pt\/index.php\/produto\/kheper-games-cartas-com-tema-sexual\/#breadcrumb"},"inLanguage":"pt-PT","potentialAction":[{"@type":"ReadAction","target":["https:\/\/lovme.pt\/index.php\/produto\/kheper-games-cartas-com-tema-sexual\/"]}]},{"@type":"ImageObject","inLanguage":"pt-PT","@id":"https:\/\/lovme.pt\/index.php\/produto\/kheper-games-cartas-com-tema-sexual\/#primaryimage","url":"https:\/\/erki24nd3ub.exactdn.com\/wp-content\/uploads\/dream\/img\/img_186310_e60172f84e3c404a8c8d00983ef4f80d_1.jpg?strip=all","contentUrl":"https:\/\/erki24nd3ub.exactdn.com\/wp-content\/uploads\/dream\/img\/img_186310_e60172f84e3c404a8c8d00983ef4f80d_1.jpg?strip=all","width":800,"height":800},{"@type":"BreadcrumbList","@id":"https:\/\/lovme.pt\/index.php\/produto\/kheper-games-cartas-com-tema-sexual\/#breadcrumb","itemListElement":[{"@type":"ListItem","position":1,"name":"In\u00edcio","item":"https:\/\/lovme.pt\/"},{"@type":"ListItem","position":2,"name":"Loja","item":"https:\/\/lovme.pt\/index.php\/loja\/"},{"@type":"ListItem","position":3,"name":"KHEPER GAMES &#8211; CARTAS COM TEMA SEXUAL"}]},{"@type":"WebSite","@id":"https:\/\/lovme.pt\/#website","url":"https:\/\/lovme.pt\/","name":"Lovme Loja Er\u00f3tica N\u00ba1 em Portugal","description":"A melhor loja er\u00f3tica de Portugal.","alternateName":"Loja Er\u00f3tica Lovme","potentialAction":[{"@type":"SearchAction","target":{"@type":"EntryPoint","urlTemplate":"https:\/\/lovme.pt\/?s={search_term_string}"},"query-input":{"@type":"PropertyValueSpecification","valueRequired":true,"valueName":"search_term_string"}}],"inLanguage":"pt-PT"}]}},"_links":{"self":[{"href":"https:\/\/lovme.pt\/index.php\/wp-json\/wp\/v2\/product\/50152","targetHints":{"allow":["GET"]}}],"collection":[{"href":"https:\/\/lovme.pt\/index.php\/wp-json\/wp\/v2\/product"}],"about":[{"href":"https:\/\/lovme.pt\/index.php\/wp-json\/wp\/v2\/types\/product"}],"wp:featuredmedia":[{"embeddable":true,"href":"https:\/\/lovme.pt\/index.php\/wp-json\/wp\/v2\/media\/57133"}],"wp:attachment":[{"href":"https:\/\/lovme.pt\/index.php\/wp-json\/wp\/v2\/media?parent=50152"}],"wp:term":[{"taxonomy":"product_brand","embeddable":true,"href":"https:\/\/lovme.pt\/index.php\/wp-json\/wp\/v2\/product_brand?post=50152"},{"taxonomy":"product_cat","embeddable":true,"href":"https:\/\/lovme.pt\/index.php\/wp-json\/wp\/v2\/product_cat?post=50152"},{"taxonomy":"product_tag","embeddable":true,"href":"https:\/\/lovme.pt\/index.php\/wp-json\/wp\/v2\/product_tag?post=50152"}],"curies":[{"name":"wp","href":"https:\/\/api.w.org\/{rel}","templated":true}]}}