{"id":50136,"date":"2025-10-01T01:01:30","date_gmt":"2025-10-01T01:01:30","guid":{"rendered":"https:\/\/lovme.pt\/?post_type=product&#038;p=50136"},"modified":"2026-02-19T20:23:28","modified_gmt":"2026-02-19T20:23:28","slug":"livco-corsetti-fashion-nahir-lc-20214-sutia-calcinha-cinto-liga-s-m","status":"publish","type":"product","link":"https:\/\/lovme.pt\/index.php\/produto\/livco-corsetti-fashion-nahir-lc-20214-sutia-calcinha-cinto-liga-s-m\/","title":{"rendered":"LIVCO CORSETTI FASHION &#8211; NAHIR LC 20214 SUJETADOR + PANTY + LIGUERO S\/M"},"content":{"rendered":"<p>Um lindo e sedutor conjunto de lingerie com um corte elegante, feito de um cetim bord\u00f4 excepcionalmente delicado e renda requintada em um tom preto profundo. Suti\u00e3 de cetim com al\u00e7as finas e ajust\u00e1veis, decorado com renda. A cinta-liga decorativa, sensualmente amarrada com uma fita preta nas costas, tamb\u00e9m \u00e9 uma combina\u00e7\u00e3o de cetim e renda, e inclui uma tanga.<\/p>\n<p>\u00a0<\/p>\n<p><u><strong>LIVCO CORSETTI MODA<\/strong><\/u><\/p>\n<p>Bem-vindo ao mundo da eleg\u00e2ncia e sensualidade perfeitas com <strong>a Livco Corsetti Fashion<\/strong> , uma marca de lingerie que n\u00e3o s\u00f3 destaca a beleza da figura feminina, mas tamb\u00e9m define uma nova dimens\u00e3o de luxo. Vamos ver juntos por que a roupa \u00edntima <strong>Livco Corsetti Fashion<\/strong> \u00e9 sin\u00f4nimo de exclusividade.<\/p>\n<ul>\n<li><em><strong>Precis\u00e3o magistral<\/strong><\/em> : Cada pe\u00e7a de roupa \u00edntima <strong>Livco Corsetti Fashion<\/strong> \u00e9 o resultado de uma precis\u00e3o magistral. Cada costura, renda e detalhe s\u00e3o cuidadosamente projetados para garantir um ajuste e conforto perfeitos.<\/li>\n<li><em><strong>Materiais luxuosos:<\/strong><\/em> A marca \u00e9 famosa por usar materiais luxuosos, como renda delicada e cetim. N\u00e3o \u00e9 apenas roupa \u00edntima, \u00e9 uma sensa\u00e7\u00e3o de maciez e prazer na pele.<\/li>\n<li><em><strong>Formas e padr\u00f5es inovadores:<\/strong><\/em> <strong>A Livco Corsetti Fashion<\/strong> n\u00e3o tem medo de experimentar formas e padr\u00f5es. Aqui voc\u00ea encontrar\u00e1 suti\u00e3s, bodies de renda e conjuntos com cortes inovadores que destacar\u00e3o a individualidade de cada mulher.<\/li>\n<li><em><strong>Cole\u00e7\u00f5es sensuais para todas as ocasi\u00f5es:<\/strong><\/em> n\u00e3o importa se voc\u00ea est\u00e1 procurando lingerie para uma noite rom\u00e2ntica ou uma roupa elegante para uma ocasi\u00e3o especial, <strong>a Livco Corsetti Fashion<\/strong> tem cole\u00e7\u00f5es sensuais para atender a diferentes estilos e gostos.<\/li>\n<li><em><strong>Uma riqueza de cores e tons:<\/strong><\/em> Deixe sua roupa \u00edntima refletir sua personalidade. <strong>A Livco Corsetti Fashion<\/strong> oferece uma grande variedade de cores e tons, permitindo que voc\u00ea encontre a roupa perfeita para cada situa\u00e7\u00e3o.<\/li>\n<\/ul>\n<p>Com <strong>a Livco Corsetti Fashion<\/strong> , entre no mundo da roupa \u00edntima feminina exclusiva, onde a beleza encontra o conforto e cada detalhe faz com que cada mulher se sinta \u00fanica. V\u00e1 al\u00e9m <strong>da Livco Corsetti Fashion<\/strong> &#8230; Voc\u00ea encontrar\u00e1 uma variedade de formas, desde o cl\u00e1ssico push-up at\u00e9 modelos mais sensuais e experimentais.<\/p>\n<ul>\n<li><em><strong>Bralettes:<\/strong><\/em> Conforto e sensualidade em um. Bralettes s\u00e3o a quintess\u00eancia da eleg\u00e2ncia casual, oferecendo conforto e charme sutil. <strong>A Livco Corsetti Fashion<\/strong> apresenta bralettes que combinam essas duas caracter\u00edsticas perfeitamente.<\/li>\n<li><em><strong>Meias:<\/strong><\/em> Adicione um elemento de extravag\u00e2ncia ao <strong>Livco Corsetti.<\/strong> Meias da moda n\u00e3o s\u00e3o apenas um item pr\u00e1tico, mas tamb\u00e9m pura extravag\u00e2ncia. Elas adicionam charme e eleg\u00e2ncia ineg\u00e1veis a qualquer conjunto de lingerie.<\/li>\n<li><em><strong>Corsets:<\/strong><\/em> Modele sua figura Os corsets s\u00e3o um cl\u00e1ssico que sempre criam um efeito fenomenal. Descubra a cole\u00e7\u00e3o de corsets que modelam sua figura, enfatizam as curvas e d\u00e3o a voc\u00ea autoconfian\u00e7a.<\/li>\n<li><em><strong>Body:<\/strong><\/em> Sensual Whole in One. Os bodies sensuais s\u00e3o a escolha perfeita para quem quer unir eleg\u00e2ncia com praticidade. <strong>A Livco Corsetti Fashion<\/strong> oferece uma variedade de estilos, satisfazendo diferentes gostos.<\/li>\n<li><em><strong>Camisolas e Babydolls:<\/strong><\/em> Roupas de dormir rom\u00e2nticas. Para os amantes do romance, a cole\u00e7\u00e3o de camisolas e babydolls \u00e9 cheia de cria\u00e7\u00f5es leves, arejadas e sensuais que far\u00e3o com que cada noite seja especial.<\/li>\n<\/ul>\n<p><strong>Livco Corsetti Fashion<\/strong> n\u00e3o \u00e9 apenas roupa \u00edntima, \u00e9 uma maneira de expressar seu lado sensual e descobrir novas dimens\u00f5es de eleg\u00e2ncia feminina. Viva experi\u00eancias \u00fanicas com cada compra e deixe que cada pe\u00e7a de roupa \u00edntima <strong>Livco Corsetti Fashion<\/strong> enfatize sua singularidade.<\/p>\n<p>\u00a0<\/p>\n<table border=\"1\" cellpadding=\"0\" cellspacing=\"0\" height=\"173\" width=\"894\">\n<tbody>\n<tr 1px=\"\" height=\"23\" solid=\"\" style=\"border:\">\n<td 1px=\"\" border:=\"\" class=\"xl72\" colspan=\"9\" height=\"23\" solid=\"\" style=\"text-align: center;\" width=\"832\"><b>GUIA DE TAMANHOS<\/b><\/td>\n<\/tr>\n<tr 1px=\"\" height=\"23\" solid=\"\" style=\"border:\">\n<td 1px=\"\" border:=\"\" class=\"xl73\" colspan=\"2\" height=\"23\" solid=\"\" style=\"text-align: center;\"><strong>TAMANHO<\/strong><\/td>\n<td 1px=\"\" border:=\"\" class=\"xl71\" solid=\"\" style=\"text-align: center;\" width=\"104\"><strong>S<\/strong><\/td>\n<td 1px=\"\" border:=\"\" class=\"xl71\" solid=\"\" style=\"text-align: center;\" width=\"104\"><strong>M<\/strong><\/td>\n<td 1px=\"\" border:=\"\" class=\"xl71\" solid=\"\" style=\"text-align: center;\" width=\"104\"><strong>L<\/strong><\/td>\n<td 1px=\"\" border:=\"\" class=\"xl71\" solid=\"\" style=\"text-align: center;\" width=\"104\"><strong>XL<\/strong><\/td>\n<td 1px=\"\" border:=\"\" class=\"xl71\" solid=\"\" style=\"text-align: center;\" width=\"104\"><strong>XXL<\/strong><\/td>\n<td 1px=\"\" border:=\"\" class=\"xl71\" solid=\"\" style=\"text-align:\" width=\"104\">\n<p style=\"text-align: center;\"><strong><strong style=\"text-align: center;\">S\/L<\/strong>  XL\/XXL<\/strong><\/p>\n<\/td>\n<td 1px=\"\" border:=\"\" class=\"xl71\" solid=\"\" style=\"text-align: center;\" width=\"104\"><strong>S\/M  LXL<\/strong><\/td>\n<\/tr>\n<tr>\n<td 1px=\"\" border:=\"\" class=\"xl74\" colspan=\"2\" height=\"23\" solid=\"\" style=\"text-align: center;\" width=\"208\"><strong>Peito<\/strong> <strong style=\"text-align: center;\">(cm)<\/strong><\/td>\n<td 1px=\"\" border:=\"\" class=\"xl72\" solid=\"\" style=\"text-align: center;\" width=\"104\">84-88<\/td>\n<td 1px=\"\" border:=\"\" class=\"xl72\" solid=\"\" style=\"text-align: center;\" width=\"104\">89-92<\/td>\n<td 1px=\"\" border:=\"\" class=\"xl71\" solid=\"\" style=\"text-align: center;\" width=\"104\">93-96<\/td>\n<td 1px=\"\" border:=\"\" class=\"xl71\" solid=\"\" style=\"text-align: center;\" width=\"104\">97-100<\/td>\n<td 1px=\"\" border:=\"\" class=\"xl71\" solid=\"\" style=\"text-align: center;\" width=\"104\">101-104<\/td>\n<td 1px=\"\" border:=\"\" class=\"xl71\" solid=\"\" style=\"text-align: center;\" width=\"104\">84-96  97-104<\/td>\n<td 1px=\"\" border:=\"\" class=\"xl71\" solid=\"\" style=\"text-align: center;\" width=\"104\">84-92  92-100<\/td>\n<\/tr>\n<tr 1px=\"\" height=\"23\" solid=\"\" style=\"border:\">\n<td 1px=\"\" border:=\"\" class=\"xl74\" colspan=\"2\" height=\"23\" solid=\"\" style=\"text-align: center;\" width=\"208\"><strong>Cintura<\/strong> <strong style=\"text-align: center;\">(cm)<\/strong><\/td>\n<td 1px=\"\" border:=\"\" class=\"xl72\" solid=\"\" style=\"text-align: center;\" width=\"104\">62-68<\/td>\n<td 1px=\"\" border:=\"\" class=\"xl72\" solid=\"\" style=\"text-align: center;\" width=\"104\">69-74<\/td>\n<td 1px=\"\" border:=\"\" class=\"xl71\" solid=\"\" style=\"text-align: center;\" width=\"104\">75-78<\/td>\n<td 1px=\"\" border:=\"\" class=\"xl71\" solid=\"\" style=\"text-align: center;\" width=\"104\">79-82<\/td>\n<td 1px=\"\" border:=\"\" class=\"xl71\" solid=\"\" style=\"text-align: center;\" width=\"104\">83-90<\/td>\n<td 1px=\"\" border:=\"\" class=\"xl71\" solid=\"\" style=\"text-align: center;\" width=\"104\">62-78  79-88<\/td>\n<td 1px=\"\" border:=\"\" class=\"xl71\" solid=\"\" style=\"text-align: center;\" width=\"104\">62-74  75-82<\/td>\n<\/tr>\n<tr 1px=\"\" height=\"23\" solid=\"\" style=\"border:\">\n<td 1px=\"\" border:=\"\" class=\"xl74\" colspan=\"2\" height=\"23\" solid=\"\" style=\"text-align: center;\" width=\"208\"><strong>Quadris<\/strong> <strong style=\"text-align: center;\">(cm)<\/strong><\/td>\n<td 1px=\"\" border:=\"\" class=\"xl72\" solid=\"\" style=\"text-align: center;\" width=\"104\">88-93<\/td>\n<td 1px=\"\" border:=\"\" class=\"xl72\" solid=\"\" style=\"text-align: center;\" width=\"104\">94-98<\/td>\n<td 1px=\"\" border:=\"\" class=\"xl71\" solid=\"\" style=\"text-align: center;\" width=\"104\">99-104<\/td>\n<td 1px=\"\" border:=\"\" class=\"xl71\" solid=\"\" style=\"text-align: center;\" width=\"104\">105-109<\/td>\n<td 1px=\"\" border:=\"\" class=\"xl71\" solid=\"\" style=\"text-align: center;\" width=\"104\">110-117<\/td>\n<td 1px=\"\" border:=\"\" class=\"xl71\" solid=\"\" style=\"text-align: center;\" width=\"104\">88-104  105-117<\/td>\n<td 1px=\"\" border:=\"\" class=\"xl71\" solid=\"\" style=\"text-align: center;\" width=\"104\">88-98  99-109<\/td>\n<\/tr>\n<\/tbody>\n<\/table>\n","protected":false},"excerpt":{"rendered":"<p>LIVCO CORSETTI FASHION &#8211; NAHIR LC 20214 SUTI\u00c3 + CALCINHA + CINTO-LIGA S\/M<\/p>\n","protected":false},"featured_media":93018,"template":"","meta":{"_acf_changed":false},"product_brand":[],"product_cat":[47,66],"product_tag":[],"class_list":{"0":"post-50136","1":"product","2":"type-product","3":"status-publish","4":"has-post-thumbnail","6":"product_cat-lingerie","7":"product_cat-lingerie-feminina","8":"yith_product_brand-livco-corsetti-fashion","9":"yith_product_brand-livco-corsetti-fashionlivco-corsetti-sets","11":"first","12":"instock","13":"taxable","14":"shipping-taxable","15":"purchasable","16":"product-type-variable","17":"has-default-attributes"},"acf":[],"yoast_head":"<!-- This site is optimized with the Yoast SEO plugin v27.4 - https:\/\/yoast.com\/product\/yoast-seo-wordpress\/ -->\n<title>LIVCO CORSETTI FASHION - NAHIR LC 20214 SUJETADOR + PANTY + LIGUERO S\/M - Lovme<\/title>\n<meta name=\"robots\" content=\"index, follow, max-snippet:-1, max-image-preview:large, max-video-preview:-1\" \/>\n<link rel=\"canonical\" href=\"https:\/\/lovme.pt\/index.php\/produto\/livco-corsetti-fashion-nahir-lc-20214-sutia-calcinha-cinto-liga-s-m\/\" \/>\n<meta property=\"og:locale\" content=\"pt_PT\" \/>\n<meta property=\"og:type\" content=\"article\" \/>\n<meta property=\"og:title\" content=\"LIVCO CORSETTI FASHION - NAHIR LC 20214 SUJETADOR + PANTY + LIGUERO S\/M - Lovme\" \/>\n<meta property=\"og:description\" content=\"LIVCO CORSETTI FASHION - NAHIR LC 20214 SUTI\u00c3 + CALCINHA + CINTO-LIGA S\/M\" \/>\n<meta property=\"og:url\" content=\"https:\/\/lovme.pt\/index.php\/produto\/livco-corsetti-fashion-nahir-lc-20214-sutia-calcinha-cinto-liga-s-m\/\" \/>\n<meta property=\"og:site_name\" content=\"Lovme\" \/>\n<meta property=\"article:modified_time\" content=\"2026-02-19T20:23:28+00:00\" \/>\n<meta property=\"og:image\" content=\"https:\/\/erki24nd3ub.exactdn.com\/wp-content\/uploads\/dream\/img\/img_185684_fe43ab877142d3ec1e6d5eda53393f03_1.jpg?strip=all\" \/>\n\t<meta property=\"og:image:width\" content=\"800\" \/>\n\t<meta property=\"og:image:height\" content=\"800\" \/>\n\t<meta property=\"og:image:type\" content=\"image\/jpeg\" \/>\n<meta name=\"twitter:card\" content=\"summary_large_image\" \/>\n<meta name=\"twitter:label1\" content=\"Tempo estimado de leitura\" \/>\n\t<meta name=\"twitter:data1\" content=\"3 minutos\" \/>\n<script type=\"application\/ld+json\" class=\"yoast-schema-graph\">{\"@context\":\"https:\\\/\\\/schema.org\",\"@graph\":[{\"@type\":\"WebPage\",\"@id\":\"https:\\\/\\\/lovme.pt\\\/index.php\\\/produto\\\/livco-corsetti-fashion-nahir-lc-20214-sutia-calcinha-cinto-liga-s-m\\\/\",\"url\":\"https:\\\/\\\/lovme.pt\\\/index.php\\\/produto\\\/livco-corsetti-fashion-nahir-lc-20214-sutia-calcinha-cinto-liga-s-m\\\/\",\"name\":\"LIVCO CORSETTI FASHION - NAHIR LC 20214 SUJETADOR + PANTY + LIGUERO S\\\/M - Lovme\",\"isPartOf\":{\"@id\":\"https:\\\/\\\/lovme.pt\\\/#website\"},\"primaryImageOfPage\":{\"@id\":\"https:\\\/\\\/lovme.pt\\\/index.php\\\/produto\\\/livco-corsetti-fashion-nahir-lc-20214-sutia-calcinha-cinto-liga-s-m\\\/#primaryimage\"},\"image\":{\"@id\":\"https:\\\/\\\/lovme.pt\\\/index.php\\\/produto\\\/livco-corsetti-fashion-nahir-lc-20214-sutia-calcinha-cinto-liga-s-m\\\/#primaryimage\"},\"thumbnailUrl\":\"https:\\\/\\\/erki24nd3ub.exactdn.com\\\/wp-content\\\/uploads\\\/dream\\\/img\\\/img_185684_fe43ab877142d3ec1e6d5eda53393f03_1.jpg?strip=all\",\"datePublished\":\"2025-10-01T01:01:30+00:00\",\"dateModified\":\"2026-02-19T20:23:28+00:00\",\"breadcrumb\":{\"@id\":\"https:\\\/\\\/lovme.pt\\\/index.php\\\/produto\\\/livco-corsetti-fashion-nahir-lc-20214-sutia-calcinha-cinto-liga-s-m\\\/#breadcrumb\"},\"inLanguage\":\"pt-PT\",\"potentialAction\":[{\"@type\":\"ReadAction\",\"target\":[\"https:\\\/\\\/lovme.pt\\\/index.php\\\/produto\\\/livco-corsetti-fashion-nahir-lc-20214-sutia-calcinha-cinto-liga-s-m\\\/\"]}]},{\"@type\":\"ImageObject\",\"inLanguage\":\"pt-PT\",\"@id\":\"https:\\\/\\\/lovme.pt\\\/index.php\\\/produto\\\/livco-corsetti-fashion-nahir-lc-20214-sutia-calcinha-cinto-liga-s-m\\\/#primaryimage\",\"url\":\"https:\\\/\\\/erki24nd3ub.exactdn.com\\\/wp-content\\\/uploads\\\/dream\\\/img\\\/img_185684_fe43ab877142d3ec1e6d5eda53393f03_1.jpg?strip=all\",\"contentUrl\":\"https:\\\/\\\/erki24nd3ub.exactdn.com\\\/wp-content\\\/uploads\\\/dream\\\/img\\\/img_185684_fe43ab877142d3ec1e6d5eda53393f03_1.jpg?strip=all\",\"width\":800,\"height\":800},{\"@type\":\"BreadcrumbList\",\"@id\":\"https:\\\/\\\/lovme.pt\\\/index.php\\\/produto\\\/livco-corsetti-fashion-nahir-lc-20214-sutia-calcinha-cinto-liga-s-m\\\/#breadcrumb\",\"itemListElement\":[{\"@type\":\"ListItem\",\"position\":1,\"name\":\"In\u00edcio\",\"item\":\"https:\\\/\\\/lovme.pt\\\/\"},{\"@type\":\"ListItem\",\"position\":2,\"name\":\"Loja\",\"item\":\"https:\\\/\\\/lovme.pt\\\/index.php\\\/loja\\\/\"},{\"@type\":\"ListItem\",\"position\":3,\"name\":\"LIVCO CORSETTI FASHION &#8211; NAHIR LC 20214 SUJETADOR + PANTY + LIGUERO S\\\/M\"}]},{\"@type\":\"WebSite\",\"@id\":\"https:\\\/\\\/lovme.pt\\\/#website\",\"url\":\"https:\\\/\\\/lovme.pt\\\/\",\"name\":\"Lovme Loja Er\u00f3tica N\u00ba1 em Portugal\",\"description\":\"A melhor loja er\u00f3tica de Portugal.\",\"alternateName\":\"Loja Er\u00f3tica Lovme\",\"potentialAction\":[{\"@type\":\"SearchAction\",\"target\":{\"@type\":\"EntryPoint\",\"urlTemplate\":\"https:\\\/\\\/lovme.pt\\\/?s={search_term_string}\"},\"query-input\":{\"@type\":\"PropertyValueSpecification\",\"valueRequired\":true,\"valueName\":\"search_term_string\"}}],\"inLanguage\":\"pt-PT\"}]}<\/script>\n<!-- \/ Yoast SEO plugin. -->","yoast_head_json":{"title":"LIVCO CORSETTI FASHION - NAHIR LC 20214 SUJETADOR + PANTY + LIGUERO S\/M - Lovme","robots":{"index":"index","follow":"follow","max-snippet":"max-snippet:-1","max-image-preview":"max-image-preview:large","max-video-preview":"max-video-preview:-1"},"canonical":"https:\/\/lovme.pt\/index.php\/produto\/livco-corsetti-fashion-nahir-lc-20214-sutia-calcinha-cinto-liga-s-m\/","og_locale":"pt_PT","og_type":"article","og_title":"LIVCO CORSETTI FASHION - NAHIR LC 20214 SUJETADOR + PANTY + LIGUERO S\/M - Lovme","og_description":"LIVCO CORSETTI FASHION - NAHIR LC 20214 SUTI\u00c3 + CALCINHA + CINTO-LIGA S\/M","og_url":"https:\/\/lovme.pt\/index.php\/produto\/livco-corsetti-fashion-nahir-lc-20214-sutia-calcinha-cinto-liga-s-m\/","og_site_name":"Lovme","article_modified_time":"2026-02-19T20:23:28+00:00","og_image":[{"width":800,"height":800,"url":"https:\/\/erki24nd3ub.exactdn.com\/wp-content\/uploads\/dream\/img\/img_185684_fe43ab877142d3ec1e6d5eda53393f03_1.jpg?strip=all","type":"image\/jpeg"}],"twitter_card":"summary_large_image","twitter_misc":{"Tempo estimado de leitura":"3 minutos"},"schema":{"@context":"https:\/\/schema.org","@graph":[{"@type":"WebPage","@id":"https:\/\/lovme.pt\/index.php\/produto\/livco-corsetti-fashion-nahir-lc-20214-sutia-calcinha-cinto-liga-s-m\/","url":"https:\/\/lovme.pt\/index.php\/produto\/livco-corsetti-fashion-nahir-lc-20214-sutia-calcinha-cinto-liga-s-m\/","name":"LIVCO CORSETTI FASHION - NAHIR LC 20214 SUJETADOR + PANTY + LIGUERO S\/M - Lovme","isPartOf":{"@id":"https:\/\/lovme.pt\/#website"},"primaryImageOfPage":{"@id":"https:\/\/lovme.pt\/index.php\/produto\/livco-corsetti-fashion-nahir-lc-20214-sutia-calcinha-cinto-liga-s-m\/#primaryimage"},"image":{"@id":"https:\/\/lovme.pt\/index.php\/produto\/livco-corsetti-fashion-nahir-lc-20214-sutia-calcinha-cinto-liga-s-m\/#primaryimage"},"thumbnailUrl":"https:\/\/erki24nd3ub.exactdn.com\/wp-content\/uploads\/dream\/img\/img_185684_fe43ab877142d3ec1e6d5eda53393f03_1.jpg?strip=all","datePublished":"2025-10-01T01:01:30+00:00","dateModified":"2026-02-19T20:23:28+00:00","breadcrumb":{"@id":"https:\/\/lovme.pt\/index.php\/produto\/livco-corsetti-fashion-nahir-lc-20214-sutia-calcinha-cinto-liga-s-m\/#breadcrumb"},"inLanguage":"pt-PT","potentialAction":[{"@type":"ReadAction","target":["https:\/\/lovme.pt\/index.php\/produto\/livco-corsetti-fashion-nahir-lc-20214-sutia-calcinha-cinto-liga-s-m\/"]}]},{"@type":"ImageObject","inLanguage":"pt-PT","@id":"https:\/\/lovme.pt\/index.php\/produto\/livco-corsetti-fashion-nahir-lc-20214-sutia-calcinha-cinto-liga-s-m\/#primaryimage","url":"https:\/\/erki24nd3ub.exactdn.com\/wp-content\/uploads\/dream\/img\/img_185684_fe43ab877142d3ec1e6d5eda53393f03_1.jpg?strip=all","contentUrl":"https:\/\/erki24nd3ub.exactdn.com\/wp-content\/uploads\/dream\/img\/img_185684_fe43ab877142d3ec1e6d5eda53393f03_1.jpg?strip=all","width":800,"height":800},{"@type":"BreadcrumbList","@id":"https:\/\/lovme.pt\/index.php\/produto\/livco-corsetti-fashion-nahir-lc-20214-sutia-calcinha-cinto-liga-s-m\/#breadcrumb","itemListElement":[{"@type":"ListItem","position":1,"name":"In\u00edcio","item":"https:\/\/lovme.pt\/"},{"@type":"ListItem","position":2,"name":"Loja","item":"https:\/\/lovme.pt\/index.php\/loja\/"},{"@type":"ListItem","position":3,"name":"LIVCO CORSETTI FASHION &#8211; NAHIR LC 20214 SUJETADOR + PANTY + LIGUERO S\/M"}]},{"@type":"WebSite","@id":"https:\/\/lovme.pt\/#website","url":"https:\/\/lovme.pt\/","name":"Lovme Loja Er\u00f3tica N\u00ba1 em Portugal","description":"A melhor loja er\u00f3tica de Portugal.","alternateName":"Loja Er\u00f3tica Lovme","potentialAction":[{"@type":"SearchAction","target":{"@type":"EntryPoint","urlTemplate":"https:\/\/lovme.pt\/?s={search_term_string}"},"query-input":{"@type":"PropertyValueSpecification","valueRequired":true,"valueName":"search_term_string"}}],"inLanguage":"pt-PT"}]}},"_links":{"self":[{"href":"https:\/\/lovme.pt\/index.php\/wp-json\/wp\/v2\/product\/50136","targetHints":{"allow":["GET"]}}],"collection":[{"href":"https:\/\/lovme.pt\/index.php\/wp-json\/wp\/v2\/product"}],"about":[{"href":"https:\/\/lovme.pt\/index.php\/wp-json\/wp\/v2\/types\/product"}],"wp:featuredmedia":[{"embeddable":true,"href":"https:\/\/lovme.pt\/index.php\/wp-json\/wp\/v2\/media\/93018"}],"wp:attachment":[{"href":"https:\/\/lovme.pt\/index.php\/wp-json\/wp\/v2\/media?parent=50136"}],"wp:term":[{"taxonomy":"product_brand","embeddable":true,"href":"https:\/\/lovme.pt\/index.php\/wp-json\/wp\/v2\/product_brand?post=50136"},{"taxonomy":"product_cat","embeddable":true,"href":"https:\/\/lovme.pt\/index.php\/wp-json\/wp\/v2\/product_cat?post=50136"},{"taxonomy":"product_tag","embeddable":true,"href":"https:\/\/lovme.pt\/index.php\/wp-json\/wp\/v2\/product_tag?post=50136"}],"curies":[{"name":"wp","href":"https:\/\/api.w.org\/{rel}","templated":true}]}}