{"id":50133,"date":"2025-09-30T10:14:19","date_gmt":"2025-09-30T10:14:19","guid":{"rendered":"https:\/\/lovme.pt\/?post_type=product&p=50133"},"modified":"2026-02-19T20:07:01","modified_gmt":"2026-02-19T20:07:01","slug":"pdx-extreme-slide-glide-masturbador-autolubrificante-transparente","status":"publish","type":"product","link":"https:\/\/lovme.pt\/index.php\/produto\/pdx-extreme-slide-glide-masturbador-autolubrificante-transparente\/","title":{"rendered":"PDX EXTREME &#8211; SLIDE  GLIDE MASTURBADOR AUTOLUBRIFICANTE TRANSPARENTE"},"content":{"rendered":"<p>N\u00e3o \u00e9 necess\u00e1rio lubrificante, basta adicionar \u00e1gua!<\/p>\n<p>Prepare-se para uma sess\u00e3o de masturba\u00e7\u00e3o inesquec\u00edvel ao deslizar seu p\u00eanis profundamente no <strong>Wet Pussies Super Stroker.<\/strong><\/p>\n<p>\u00c9 autolubrificante, o que significa que tudo o que voc\u00ea precisa \u00e9 de um pouco de \u00e1gua e seu stroker se torna uma zona de prazer divertida, escorregadia e org\u00e1stica! O Wet Pussies Super Stroker apresenta um inv\u00f3lucro ergon\u00f4mico elegante que protege seu stroker e funciona como armazenamento discreto.<\/p>\n<p>A capa interna \u00e9 remov\u00edvel para f\u00e1cil limpeza com um limpador antibacteriano e \u00e1gua morna. Seque e deixe secar completamente ao ar antes de guardar.<\/p>\n<p>\u00a0<\/p>\n<p><strong><u>CARACTER\u00cdSTICAS<\/u><\/strong> :<\/p>\n<ul>\n<li>Comprimento total: 21,6 cm<\/li>\n<li>Di\u00e2metro: 7,6 cm<\/li>\n<li>Comprimento inser\u00edvel: 16,5 cm<\/li>\n<li>Material: TPR, ABS<\/li>\n<\/ul>\n","protected":false},"excerpt":{"rendered":"<p>PDX EXTREME &#8211; SLIDE  GLIDE MASTURBADOR AUTOLUBRIFICANTE TRANSPARENTE<\/p>\n","protected":false},"featured_media":64543,"template":"","meta":{"_acf_changed":false},"product_brand":[],"product_cat":[17,58,88,60],"product_tag":[],"class_list":{"0":"post-50133","1":"product","2":"type-product","3":"status-publish","4":"has-post-thumbnail","6":"product_cat-brinquedos-de-bem-estar-sexual","7":"product_cat-masturbadores-para-penis","8":"product_cat-novidades","9":"product_cat-para-eles","10":"yith_product_brand-pipedreamspdx-extreme","11":"yith_product_brand-pipedreams","13":"first","14":"instock","15":"taxable","16":"shipping-taxable","17":"purchasable","18":"product-type-simple"},"acf":[],"yoast_head":"<!-- This site is optimized with the Yoast SEO plugin v27.4 - https:\/\/yoast.com\/product\/yoast-seo-wordpress\/ -->\n<title>PDX EXTREME - SLIDE GLIDE MASTURBADOR AUTOLUBRIFICANTE TRANSPARENTE - Lovme<\/title>\n<meta name=\"robots\" content=\"index, follow, max-snippet:-1, max-image-preview:large, max-video-preview:-1\" \/>\n<link rel=\"canonical\" href=\"https:\/\/lovme.pt\/index.php\/produto\/pdx-extreme-slide-glide-masturbador-autolubrificante-transparente\/\" \/>\n<meta property=\"og:locale\" content=\"pt_PT\" \/>\n<meta property=\"og:type\" content=\"article\" \/>\n<meta property=\"og:title\" content=\"PDX EXTREME - SLIDE GLIDE MASTURBADOR AUTOLUBRIFICANTE TRANSPARENTE - Lovme\" \/>\n<meta property=\"og:description\" content=\"PDX EXTREME - SLIDE GLIDE MASTURBADOR AUTOLUBRIFICANTE TRANSPARENTE\" \/>\n<meta property=\"og:url\" content=\"https:\/\/lovme.pt\/index.php\/produto\/pdx-extreme-slide-glide-masturbador-autolubrificante-transparente\/\" \/>\n<meta property=\"og:site_name\" content=\"Lovme\" \/>\n<meta property=\"article:modified_time\" content=\"2026-02-19T20:07:01+00:00\" \/>\n<meta property=\"og:image\" content=\"https:\/\/erki24nd3ub.exactdn.com\/wp-content\/uploads\/dream\/img\/img_186488_dee9057a6762083df2b75133036f8e65_1.jpg?strip=all\" \/>\n\t<meta property=\"og:image:width\" content=\"800\" \/>\n\t<meta property=\"og:image:height\" content=\"800\" \/>\n\t<meta property=\"og:image:type\" content=\"image\/jpeg\" \/>\n<meta name=\"twitter:card\" content=\"summary_large_image\" \/>\n<meta name=\"twitter:label1\" content=\"Tempo estimado de leitura\" \/>\n\t<meta name=\"twitter:data1\" content=\"1 minuto\" \/>\n<script type=\"application\/ld+json\" class=\"yoast-schema-graph\">{\"@context\":\"https:\\\/\\\/schema.org\",\"@graph\":[{\"@type\":\"WebPage\",\"@id\":\"https:\\\/\\\/lovme.pt\\\/index.php\\\/produto\\\/pdx-extreme-slide-glide-masturbador-autolubrificante-transparente\\\/\",\"url\":\"https:\\\/\\\/lovme.pt\\\/index.php\\\/produto\\\/pdx-extreme-slide-glide-masturbador-autolubrificante-transparente\\\/\",\"name\":\"PDX EXTREME - SLIDE GLIDE MASTURBADOR AUTOLUBRIFICANTE TRANSPARENTE - Lovme\",\"isPartOf\":{\"@id\":\"https:\\\/\\\/lovme.pt\\\/#website\"},\"primaryImageOfPage\":{\"@id\":\"https:\\\/\\\/lovme.pt\\\/index.php\\\/produto\\\/pdx-extreme-slide-glide-masturbador-autolubrificante-transparente\\\/#primaryimage\"},\"image\":{\"@id\":\"https:\\\/\\\/lovme.pt\\\/index.php\\\/produto\\\/pdx-extreme-slide-glide-masturbador-autolubrificante-transparente\\\/#primaryimage\"},\"thumbnailUrl\":\"https:\\\/\\\/erki24nd3ub.exactdn.com\\\/wp-content\\\/uploads\\\/dream\\\/img\\\/img_186488_dee9057a6762083df2b75133036f8e65_1.jpg?strip=all\",\"datePublished\":\"2025-09-30T10:14:19+00:00\",\"dateModified\":\"2026-02-19T20:07:01+00:00\",\"breadcrumb\":{\"@id\":\"https:\\\/\\\/lovme.pt\\\/index.php\\\/produto\\\/pdx-extreme-slide-glide-masturbador-autolubrificante-transparente\\\/#breadcrumb\"},\"inLanguage\":\"pt-PT\",\"potentialAction\":[{\"@type\":\"ReadAction\",\"target\":[\"https:\\\/\\\/lovme.pt\\\/index.php\\\/produto\\\/pdx-extreme-slide-glide-masturbador-autolubrificante-transparente\\\/\"]}]},{\"@type\":\"ImageObject\",\"inLanguage\":\"pt-PT\",\"@id\":\"https:\\\/\\\/lovme.pt\\\/index.php\\\/produto\\\/pdx-extreme-slide-glide-masturbador-autolubrificante-transparente\\\/#primaryimage\",\"url\":\"https:\\\/\\\/erki24nd3ub.exactdn.com\\\/wp-content\\\/uploads\\\/dream\\\/img\\\/img_186488_dee9057a6762083df2b75133036f8e65_1.jpg?strip=all\",\"contentUrl\":\"https:\\\/\\\/erki24nd3ub.exactdn.com\\\/wp-content\\\/uploads\\\/dream\\\/img\\\/img_186488_dee9057a6762083df2b75133036f8e65_1.jpg?strip=all\",\"width\":800,\"height\":800},{\"@type\":\"BreadcrumbList\",\"@id\":\"https:\\\/\\\/lovme.pt\\\/index.php\\\/produto\\\/pdx-extreme-slide-glide-masturbador-autolubrificante-transparente\\\/#breadcrumb\",\"itemListElement\":[{\"@type\":\"ListItem\",\"position\":1,\"name\":\"In\u00edcio\",\"item\":\"https:\\\/\\\/lovme.pt\\\/\"},{\"@type\":\"ListItem\",\"position\":2,\"name\":\"Loja\",\"item\":\"https:\\\/\\\/lovme.pt\\\/index.php\\\/loja\\\/\"},{\"@type\":\"ListItem\",\"position\":3,\"name\":\"PDX EXTREME &#8211; SLIDE GLIDE MASTURBADOR AUTOLUBRIFICANTE TRANSPARENTE\"}]},{\"@type\":\"WebSite\",\"@id\":\"https:\\\/\\\/lovme.pt\\\/#website\",\"url\":\"https:\\\/\\\/lovme.pt\\\/\",\"name\":\"Lovme Loja Er\u00f3tica N\u00ba1 em Portugal\",\"description\":\"A melhor loja er\u00f3tica de Portugal.\",\"alternateName\":\"Loja Er\u00f3tica Lovme\",\"potentialAction\":[{\"@type\":\"SearchAction\",\"target\":{\"@type\":\"EntryPoint\",\"urlTemplate\":\"https:\\\/\\\/lovme.pt\\\/?s={search_term_string}\"},\"query-input\":{\"@type\":\"PropertyValueSpecification\",\"valueRequired\":true,\"valueName\":\"search_term_string\"}}],\"inLanguage\":\"pt-PT\"}]}<\/script>\n<!-- \/ Yoast SEO plugin. -->","yoast_head_json":{"title":"PDX EXTREME - SLIDE GLIDE MASTURBADOR AUTOLUBRIFICANTE TRANSPARENTE - Lovme","robots":{"index":"index","follow":"follow","max-snippet":"max-snippet:-1","max-image-preview":"max-image-preview:large","max-video-preview":"max-video-preview:-1"},"canonical":"https:\/\/lovme.pt\/index.php\/produto\/pdx-extreme-slide-glide-masturbador-autolubrificante-transparente\/","og_locale":"pt_PT","og_type":"article","og_title":"PDX EXTREME - SLIDE GLIDE MASTURBADOR AUTOLUBRIFICANTE TRANSPARENTE - Lovme","og_description":"PDX EXTREME - SLIDE GLIDE MASTURBADOR AUTOLUBRIFICANTE TRANSPARENTE","og_url":"https:\/\/lovme.pt\/index.php\/produto\/pdx-extreme-slide-glide-masturbador-autolubrificante-transparente\/","og_site_name":"Lovme","article_modified_time":"2026-02-19T20:07:01+00:00","og_image":[{"width":800,"height":800,"url":"https:\/\/erki24nd3ub.exactdn.com\/wp-content\/uploads\/dream\/img\/img_186488_dee9057a6762083df2b75133036f8e65_1.jpg?strip=all","type":"image\/jpeg"}],"twitter_card":"summary_large_image","twitter_misc":{"Tempo estimado de leitura":"1 minuto"},"schema":{"@context":"https:\/\/schema.org","@graph":[{"@type":"WebPage","@id":"https:\/\/lovme.pt\/index.php\/produto\/pdx-extreme-slide-glide-masturbador-autolubrificante-transparente\/","url":"https:\/\/lovme.pt\/index.php\/produto\/pdx-extreme-slide-glide-masturbador-autolubrificante-transparente\/","name":"PDX EXTREME - SLIDE GLIDE MASTURBADOR AUTOLUBRIFICANTE TRANSPARENTE - Lovme","isPartOf":{"@id":"https:\/\/lovme.pt\/#website"},"primaryImageOfPage":{"@id":"https:\/\/lovme.pt\/index.php\/produto\/pdx-extreme-slide-glide-masturbador-autolubrificante-transparente\/#primaryimage"},"image":{"@id":"https:\/\/lovme.pt\/index.php\/produto\/pdx-extreme-slide-glide-masturbador-autolubrificante-transparente\/#primaryimage"},"thumbnailUrl":"https:\/\/erki24nd3ub.exactdn.com\/wp-content\/uploads\/dream\/img\/img_186488_dee9057a6762083df2b75133036f8e65_1.jpg?strip=all","datePublished":"2025-09-30T10:14:19+00:00","dateModified":"2026-02-19T20:07:01+00:00","breadcrumb":{"@id":"https:\/\/lovme.pt\/index.php\/produto\/pdx-extreme-slide-glide-masturbador-autolubrificante-transparente\/#breadcrumb"},"inLanguage":"pt-PT","potentialAction":[{"@type":"ReadAction","target":["https:\/\/lovme.pt\/index.php\/produto\/pdx-extreme-slide-glide-masturbador-autolubrificante-transparente\/"]}]},{"@type":"ImageObject","inLanguage":"pt-PT","@id":"https:\/\/lovme.pt\/index.php\/produto\/pdx-extreme-slide-glide-masturbador-autolubrificante-transparente\/#primaryimage","url":"https:\/\/erki24nd3ub.exactdn.com\/wp-content\/uploads\/dream\/img\/img_186488_dee9057a6762083df2b75133036f8e65_1.jpg?strip=all","contentUrl":"https:\/\/erki24nd3ub.exactdn.com\/wp-content\/uploads\/dream\/img\/img_186488_dee9057a6762083df2b75133036f8e65_1.jpg?strip=all","width":800,"height":800},{"@type":"BreadcrumbList","@id":"https:\/\/lovme.pt\/index.php\/produto\/pdx-extreme-slide-glide-masturbador-autolubrificante-transparente\/#breadcrumb","itemListElement":[{"@type":"ListItem","position":1,"name":"In\u00edcio","item":"https:\/\/lovme.pt\/"},{"@type":"ListItem","position":2,"name":"Loja","item":"https:\/\/lovme.pt\/index.php\/loja\/"},{"@type":"ListItem","position":3,"name":"PDX EXTREME &#8211; SLIDE GLIDE MASTURBADOR AUTOLUBRIFICANTE TRANSPARENTE"}]},{"@type":"WebSite","@id":"https:\/\/lovme.pt\/#website","url":"https:\/\/lovme.pt\/","name":"Lovme Loja Er\u00f3tica N\u00ba1 em Portugal","description":"A melhor loja er\u00f3tica de Portugal.","alternateName":"Loja Er\u00f3tica Lovme","potentialAction":[{"@type":"SearchAction","target":{"@type":"EntryPoint","urlTemplate":"https:\/\/lovme.pt\/?s={search_term_string}"},"query-input":{"@type":"PropertyValueSpecification","valueRequired":true,"valueName":"search_term_string"}}],"inLanguage":"pt-PT"}]}},"_links":{"self":[{"href":"https:\/\/lovme.pt\/index.php\/wp-json\/wp\/v2\/product\/50133","targetHints":{"allow":["GET"]}}],"collection":[{"href":"https:\/\/lovme.pt\/index.php\/wp-json\/wp\/v2\/product"}],"about":[{"href":"https:\/\/lovme.pt\/index.php\/wp-json\/wp\/v2\/types\/product"}],"wp:featuredmedia":[{"embeddable":true,"href":"https:\/\/lovme.pt\/index.php\/wp-json\/wp\/v2\/media\/64543"}],"wp:attachment":[{"href":"https:\/\/lovme.pt\/index.php\/wp-json\/wp\/v2\/media?parent=50133"}],"wp:term":[{"taxonomy":"product_brand","embeddable":true,"href":"https:\/\/lovme.pt\/index.php\/wp-json\/wp\/v2\/product_brand?post=50133"},{"taxonomy":"product_cat","embeddable":true,"href":"https:\/\/lovme.pt\/index.php\/wp-json\/wp\/v2\/product_cat?post=50133"},{"taxonomy":"product_tag","embeddable":true,"href":"https:\/\/lovme.pt\/index.php\/wp-json\/wp\/v2\/product_tag?post=50133"}],"curies":[{"name":"wp","href":"https:\/\/api.w.org\/{rel}","templated":true}]}}