{"id":50084,"date":"2025-09-30T23:03:33","date_gmt":"2025-09-30T23:03:33","guid":{"rendered":"https:\/\/lovme.pt\/?post_type=product&p=50084"},"modified":"2026-02-19T20:13:57","modified_gmt":"2026-02-19T20:13:57","slug":"calexotics-euphoria-arreio-de-cabide-multicantes-premium","status":"publish","type":"product","link":"https:\/\/lovme.pt\/index.php\/produto\/calexotics-euphoria-arreio-de-cabide-multicantes-premium\/","title":{"rendered":"CALEXOTICS &#8211; EUPHORIA ARREIO DE CABIDE MULTICANTES PREMIUM"},"content":{"rendered":"<p>Entre no centro das aten\u00e7\u00f5es com o <strong>Euphoria Collection Multi Chain Halter<\/strong> , uma pe\u00e7a requintada que combina estilo ousado com sensualidade premium.<\/p>\n<p>Projetado para conforto e ajuste, ele conta com fechos de fivela seguros para um ajuste personalizado, adaptando-se ao seu corpo com precis\u00e3o.<\/p>\n<p>O detalhe da corrente de metal resistente acrescenta apelo visual e peso satisfat\u00f3rio, uma prova de sua qualidade. Abaixo do metal, o forro de veludo macio oferece luxo, enquanto o exterior de couro vegano acrescenta sofistica\u00e7\u00e3o chique. Resistente e com acolchoamento duplo, promete resist\u00eancia. Feito com cuidado, os detalhes sem n\u00edquel garantem inclus\u00e3o.<\/p>\n<p>Projetado para a maioria dos tamanhos, ele celebra a diversidade e a durabilidade  um convite para explorar desejos com eleg\u00e2ncia e ousadia.<\/p>\n<p>\u00a0<\/p>\n<p><u><strong>CARACTER\u00cdSTICAS<\/strong><\/u> :<\/p>\n<ul>\n<li>Arn\u00eas estilo cabresto multi-corrente premium<\/li>\n<li>F\u00e1cil de ajustar com fecho de fivela seguro<\/li>\n<li>Corrente de metal resistente<\/li>\n<li>Design funcional, dur\u00e1vel e contempor\u00e2neo<\/li>\n<li>Interior de veludo macio e luxuoso com exterior de couro vegano<\/li>\n<li>Resistente, com acolchoamento duplo e costura dupla<\/li>\n<li>Detalhes em metal sem n\u00edquel<\/li>\n<li>Serve na maioria dos tamanhos padr\u00e3o<\/li>\n<\/ul>\n","protected":false},"excerpt":{"rendered":"<p>CALEXOTICS &#8211; EUPHORIA ARREIO DE CABIDE MULTICANTES PREMIUM<\/p>\n","protected":false},"featured_media":83170,"template":"","meta":{"_acf_changed":false},"product_brand":[],"product_cat":[48],"product_tag":[],"class_list":{"0":"post-50084","1":"product","2":"type-product","3":"status-publish","4":"has-post-thumbnail","6":"product_cat-bdsm","7":"yith_product_brand-calexotics","9":"first","10":"instock","11":"taxable","12":"shipping-taxable","13":"purchasable","14":"product-type-simple"},"acf":[],"yoast_head":"<!-- This site is optimized with the Yoast SEO plugin v27.3 - https:\/\/yoast.com\/product\/yoast-seo-wordpress\/ -->\n<title>CALEXOTICS - EUPHORIA ARREIO DE CABIDE MULTICANTES PREMIUM - Lovme<\/title>\n<meta name=\"robots\" content=\"index, follow, max-snippet:-1, max-image-preview:large, max-video-preview:-1\" \/>\n<link rel=\"canonical\" href=\"https:\/\/lovme.pt\/index.php\/produto\/calexotics-euphoria-arreio-de-cabide-multicantes-premium\/\" \/>\n<meta property=\"og:locale\" content=\"pt_PT\" \/>\n<meta property=\"og:type\" content=\"article\" \/>\n<meta property=\"og:title\" content=\"CALEXOTICS - EUPHORIA ARREIO DE CABIDE MULTICANTES PREMIUM - Lovme\" \/>\n<meta property=\"og:description\" content=\"CALEXOTICS - EUPHORIA ARREIO DE CABIDE MULTICANTES PREMIUM\" \/>\n<meta property=\"og:url\" content=\"https:\/\/lovme.pt\/index.php\/produto\/calexotics-euphoria-arreio-de-cabide-multicantes-premium\/\" \/>\n<meta property=\"og:site_name\" content=\"Lovme\" \/>\n<meta property=\"article:modified_time\" content=\"2026-02-19T20:13:57+00:00\" \/>\n<meta property=\"og:image\" content=\"https:\/\/erki24nd3ub.exactdn.com\/wp-content\/uploads\/dream\/img\/img_186264_f9a6cb2e65a77e735392c904adc35c25_1.jpg?strip=all\" \/>\n\t<meta property=\"og:image:width\" content=\"800\" \/>\n\t<meta property=\"og:image:height\" content=\"800\" \/>\n\t<meta property=\"og:image:type\" content=\"image\/jpeg\" \/>\n<meta name=\"twitter:card\" content=\"summary_large_image\" \/>\n<meta name=\"twitter:label1\" content=\"Tempo estimado de leitura\" \/>\n\t<meta name=\"twitter:data1\" content=\"1 minuto\" \/>\n<script type=\"application\/ld+json\" class=\"yoast-schema-graph\">{\"@context\":\"https:\\\/\\\/schema.org\",\"@graph\":[{\"@type\":\"WebPage\",\"@id\":\"https:\\\/\\\/lovme.pt\\\/index.php\\\/produto\\\/calexotics-euphoria-arreio-de-cabide-multicantes-premium\\\/\",\"url\":\"https:\\\/\\\/lovme.pt\\\/index.php\\\/produto\\\/calexotics-euphoria-arreio-de-cabide-multicantes-premium\\\/\",\"name\":\"CALEXOTICS - EUPHORIA ARREIO DE CABIDE MULTICANTES PREMIUM - Lovme\",\"isPartOf\":{\"@id\":\"https:\\\/\\\/lovme.pt\\\/#website\"},\"primaryImageOfPage\":{\"@id\":\"https:\\\/\\\/lovme.pt\\\/index.php\\\/produto\\\/calexotics-euphoria-arreio-de-cabide-multicantes-premium\\\/#primaryimage\"},\"image\":{\"@id\":\"https:\\\/\\\/lovme.pt\\\/index.php\\\/produto\\\/calexotics-euphoria-arreio-de-cabide-multicantes-premium\\\/#primaryimage\"},\"thumbnailUrl\":\"https:\\\/\\\/erki24nd3ub.exactdn.com\\\/wp-content\\\/uploads\\\/dream\\\/img\\\/img_186264_f9a6cb2e65a77e735392c904adc35c25_1.jpg?strip=all\",\"datePublished\":\"2025-09-30T23:03:33+00:00\",\"dateModified\":\"2026-02-19T20:13:57+00:00\",\"breadcrumb\":{\"@id\":\"https:\\\/\\\/lovme.pt\\\/index.php\\\/produto\\\/calexotics-euphoria-arreio-de-cabide-multicantes-premium\\\/#breadcrumb\"},\"inLanguage\":\"pt-PT\",\"potentialAction\":[{\"@type\":\"ReadAction\",\"target\":[\"https:\\\/\\\/lovme.pt\\\/index.php\\\/produto\\\/calexotics-euphoria-arreio-de-cabide-multicantes-premium\\\/\"]}]},{\"@type\":\"ImageObject\",\"inLanguage\":\"pt-PT\",\"@id\":\"https:\\\/\\\/lovme.pt\\\/index.php\\\/produto\\\/calexotics-euphoria-arreio-de-cabide-multicantes-premium\\\/#primaryimage\",\"url\":\"https:\\\/\\\/erki24nd3ub.exactdn.com\\\/wp-content\\\/uploads\\\/dream\\\/img\\\/img_186264_f9a6cb2e65a77e735392c904adc35c25_1.jpg?strip=all\",\"contentUrl\":\"https:\\\/\\\/erki24nd3ub.exactdn.com\\\/wp-content\\\/uploads\\\/dream\\\/img\\\/img_186264_f9a6cb2e65a77e735392c904adc35c25_1.jpg?strip=all\",\"width\":800,\"height\":800},{\"@type\":\"BreadcrumbList\",\"@id\":\"https:\\\/\\\/lovme.pt\\\/index.php\\\/produto\\\/calexotics-euphoria-arreio-de-cabide-multicantes-premium\\\/#breadcrumb\",\"itemListElement\":[{\"@type\":\"ListItem\",\"position\":1,\"name\":\"In\u00edcio\",\"item\":\"https:\\\/\\\/lovme.pt\\\/\"},{\"@type\":\"ListItem\",\"position\":2,\"name\":\"Loja\",\"item\":\"https:\\\/\\\/lovme.pt\\\/index.php\\\/loja\\\/\"},{\"@type\":\"ListItem\",\"position\":3,\"name\":\"CALEXOTICS &#8211; EUPHORIA ARREIO DE CABIDE MULTICANTES PREMIUM\"}]},{\"@type\":\"WebSite\",\"@id\":\"https:\\\/\\\/lovme.pt\\\/#website\",\"url\":\"https:\\\/\\\/lovme.pt\\\/\",\"name\":\"Lovme Loja Er\u00f3tica N\u00ba1 em Portugal\",\"description\":\"A melhor loja er\u00f3tica de Portugal.\",\"alternateName\":\"Loja Er\u00f3tica Lovme\",\"potentialAction\":[{\"@type\":\"SearchAction\",\"target\":{\"@type\":\"EntryPoint\",\"urlTemplate\":\"https:\\\/\\\/lovme.pt\\\/?s={search_term_string}\"},\"query-input\":{\"@type\":\"PropertyValueSpecification\",\"valueRequired\":true,\"valueName\":\"search_term_string\"}}],\"inLanguage\":\"pt-PT\"}]}<\/script>\n<!-- \/ Yoast SEO plugin. -->","yoast_head_json":{"title":"CALEXOTICS - EUPHORIA ARREIO DE CABIDE MULTICANTES PREMIUM - Lovme","robots":{"index":"index","follow":"follow","max-snippet":"max-snippet:-1","max-image-preview":"max-image-preview:large","max-video-preview":"max-video-preview:-1"},"canonical":"https:\/\/lovme.pt\/index.php\/produto\/calexotics-euphoria-arreio-de-cabide-multicantes-premium\/","og_locale":"pt_PT","og_type":"article","og_title":"CALEXOTICS - EUPHORIA ARREIO DE CABIDE MULTICANTES PREMIUM - Lovme","og_description":"CALEXOTICS - EUPHORIA ARREIO DE CABIDE MULTICANTES PREMIUM","og_url":"https:\/\/lovme.pt\/index.php\/produto\/calexotics-euphoria-arreio-de-cabide-multicantes-premium\/","og_site_name":"Lovme","article_modified_time":"2026-02-19T20:13:57+00:00","og_image":[{"width":800,"height":800,"url":"https:\/\/erki24nd3ub.exactdn.com\/wp-content\/uploads\/dream\/img\/img_186264_f9a6cb2e65a77e735392c904adc35c25_1.jpg?strip=all","type":"image\/jpeg"}],"twitter_card":"summary_large_image","twitter_misc":{"Tempo estimado de leitura":"1 minuto"},"schema":{"@context":"https:\/\/schema.org","@graph":[{"@type":"WebPage","@id":"https:\/\/lovme.pt\/index.php\/produto\/calexotics-euphoria-arreio-de-cabide-multicantes-premium\/","url":"https:\/\/lovme.pt\/index.php\/produto\/calexotics-euphoria-arreio-de-cabide-multicantes-premium\/","name":"CALEXOTICS - EUPHORIA ARREIO DE CABIDE MULTICANTES PREMIUM - Lovme","isPartOf":{"@id":"https:\/\/lovme.pt\/#website"},"primaryImageOfPage":{"@id":"https:\/\/lovme.pt\/index.php\/produto\/calexotics-euphoria-arreio-de-cabide-multicantes-premium\/#primaryimage"},"image":{"@id":"https:\/\/lovme.pt\/index.php\/produto\/calexotics-euphoria-arreio-de-cabide-multicantes-premium\/#primaryimage"},"thumbnailUrl":"https:\/\/erki24nd3ub.exactdn.com\/wp-content\/uploads\/dream\/img\/img_186264_f9a6cb2e65a77e735392c904adc35c25_1.jpg?strip=all","datePublished":"2025-09-30T23:03:33+00:00","dateModified":"2026-02-19T20:13:57+00:00","breadcrumb":{"@id":"https:\/\/lovme.pt\/index.php\/produto\/calexotics-euphoria-arreio-de-cabide-multicantes-premium\/#breadcrumb"},"inLanguage":"pt-PT","potentialAction":[{"@type":"ReadAction","target":["https:\/\/lovme.pt\/index.php\/produto\/calexotics-euphoria-arreio-de-cabide-multicantes-premium\/"]}]},{"@type":"ImageObject","inLanguage":"pt-PT","@id":"https:\/\/lovme.pt\/index.php\/produto\/calexotics-euphoria-arreio-de-cabide-multicantes-premium\/#primaryimage","url":"https:\/\/erki24nd3ub.exactdn.com\/wp-content\/uploads\/dream\/img\/img_186264_f9a6cb2e65a77e735392c904adc35c25_1.jpg?strip=all","contentUrl":"https:\/\/erki24nd3ub.exactdn.com\/wp-content\/uploads\/dream\/img\/img_186264_f9a6cb2e65a77e735392c904adc35c25_1.jpg?strip=all","width":800,"height":800},{"@type":"BreadcrumbList","@id":"https:\/\/lovme.pt\/index.php\/produto\/calexotics-euphoria-arreio-de-cabide-multicantes-premium\/#breadcrumb","itemListElement":[{"@type":"ListItem","position":1,"name":"In\u00edcio","item":"https:\/\/lovme.pt\/"},{"@type":"ListItem","position":2,"name":"Loja","item":"https:\/\/lovme.pt\/index.php\/loja\/"},{"@type":"ListItem","position":3,"name":"CALEXOTICS &#8211; EUPHORIA ARREIO DE CABIDE MULTICANTES PREMIUM"}]},{"@type":"WebSite","@id":"https:\/\/lovme.pt\/#website","url":"https:\/\/lovme.pt\/","name":"Lovme Loja Er\u00f3tica N\u00ba1 em Portugal","description":"A melhor loja er\u00f3tica de Portugal.","alternateName":"Loja Er\u00f3tica Lovme","potentialAction":[{"@type":"SearchAction","target":{"@type":"EntryPoint","urlTemplate":"https:\/\/lovme.pt\/?s={search_term_string}"},"query-input":{"@type":"PropertyValueSpecification","valueRequired":true,"valueName":"search_term_string"}}],"inLanguage":"pt-PT"}]}},"_links":{"self":[{"href":"https:\/\/lovme.pt\/index.php\/wp-json\/wp\/v2\/product\/50084","targetHints":{"allow":["GET"]}}],"collection":[{"href":"https:\/\/lovme.pt\/index.php\/wp-json\/wp\/v2\/product"}],"about":[{"href":"https:\/\/lovme.pt\/index.php\/wp-json\/wp\/v2\/types\/product"}],"wp:featuredmedia":[{"embeddable":true,"href":"https:\/\/lovme.pt\/index.php\/wp-json\/wp\/v2\/media\/83170"}],"wp:attachment":[{"href":"https:\/\/lovme.pt\/index.php\/wp-json\/wp\/v2\/media?parent=50084"}],"wp:term":[{"taxonomy":"product_brand","embeddable":true,"href":"https:\/\/lovme.pt\/index.php\/wp-json\/wp\/v2\/product_brand?post=50084"},{"taxonomy":"product_cat","embeddable":true,"href":"https:\/\/lovme.pt\/index.php\/wp-json\/wp\/v2\/product_cat?post=50084"},{"taxonomy":"product_tag","embeddable":true,"href":"https:\/\/lovme.pt\/index.php\/wp-json\/wp\/v2\/product_tag?post=50084"}],"curies":[{"name":"wp","href":"https:\/\/api.w.org\/{rel}","templated":true}]}}