{"id":50077,"date":"2025-09-30T22:02:50","date_gmt":"2025-09-30T22:02:50","guid":{"rendered":"https:\/\/lovme.pt\/?post_type=product&p=50077"},"modified":"2026-02-19T20:09:04","modified_gmt":"2026-02-19T20:09:04","slug":"calexotics-envy-handheld-rolling-ball-massager-7-vibracoes-rosa","status":"publish","type":"product","link":"https:\/\/lovme.pt\/index.php\/produto\/calexotics-envy-handheld-rolling-ball-massager-7-vibracoes-rosa\/","title":{"rendered":"CALEXOTICS &#8211; ENVY HANDHELD ROLLING BALL MASSAGER 7 VIBRA\u00c7\u00d5ES ROSA"},"content":{"rendered":"<p>Descubra o fasc\u00ednio do <strong>massageador port\u00e1til Envy<\/strong> , onde a sofistica\u00e7\u00e3o encontra o prazer excitante.<\/p>\n<p>Envolto em uma pegada macia e confort\u00e1vel, ele garante uma pegada segura para momentos \u00edntimos.<\/p>\n<p>Meticulosamente projetado com uma textura ondulada que atinge 2 pontos de prazer exclusivos, ele desperta sensa\u00e7\u00f5es.<\/p>\n<p>Renda-se a 3 velocidades poderosas de \u00eaxtase r\u00edtmico. Este massageador pulsa com vida pr\u00f3pria, imitando o toque atento. Acompanhado por 7 fun\u00e7\u00f5es de vibra\u00e7\u00e3o, pulsa\u00e7\u00e3o e escalada, ele leva a novos n\u00edveis de prazer. Feito de silicone \u00e0 prova d\u00e1gua (IPX7) e seguro para o corpo, ele convida \u00e0 explora\u00e7\u00e3o. O chip de mem\u00f3ria continua de onde voc\u00ea parou, garantindo uma jornada sem complica\u00e7\u00f5es. Com um bloqueio seguro para viagens, seus prazeres privados permanecem privados. O carregamento USB sem esfor\u00e7o atinge a pot\u00eancia m\u00e1xima em 2 horas. O massageador port\u00e1til Envy Thumping oferece 60 minutos de desempenho de alta intensidade ou 100 minutos de satisfa\u00e7\u00e3o em baixa velocidade.<\/p>\n<p>Desbloqueie seus desejos mais profundos.<\/p>\n<p>\u00a0<\/p>\n<p><u><strong>CARACTER\u00cdSTICAS<\/strong><\/u> :<\/p>\n<ul>\n<li>Dispositivo de massagem port\u00e1til com pega macia e confort\u00e1vel para uma pegada segura<\/li>\n<li>Textura ondulada para estimula\u00e7\u00e3o aprimorada com 2 pontos de prazer exclusivos<\/li>\n<li>3 velocidades poderosas de prazer pulsante<\/li>\n<li>7 fun\u00e7\u00f5es de vibra\u00e7\u00e3o, pulsa\u00e7\u00e3o e escalada<\/li>\n<li>Dois motores controlados independentemente<\/li>\n<li>Silicone seguro para o corpo e 100% \u00e0 prova d\u00e1gua<\/li>\n<li>Chip de mem\u00f3ria de \u00faltima gera\u00e7\u00e3o retoma a \u00faltima fun\u00e7\u00e3o usada<\/li>\n<li>Recurso de bloqueio de seguran\u00e7a para viagem  pressione e segure por 3 segundos para ativar ou desativar<\/li>\n<li>Recarreg\u00e1vel por USB  cabo de carregamento inclu\u00eddo<\/li>\n<li>Carga completa em 2 horas<\/li>\n<li>Funciona por 60 minutos em alta velocidade e 100 minutos em baixa velocidade<\/li>\n<\/ul>\n","protected":false},"excerpt":{"rendered":"<p>CALEXOTICS &#8211; ENVY HANDHELD ROLLING BALL MASSAGER 7 VIBRA\u00c7\u00d5ES ROSA<\/p>\n","protected":false},"featured_media":73339,"template":"","meta":{"_acf_changed":false},"product_brand":[],"product_cat":[17,61,76],"product_tag":[],"class_list":{"0":"post-50077","1":"product","2":"type-product","3":"status-publish","4":"has-post-thumbnail","6":"product_cat-brinquedos-de-bem-estar-sexual","7":"product_cat-para-elas","8":"product_cat-vibradores","9":"yith_product_brand-calexotics","11":"first","12":"instock","13":"taxable","14":"shipping-taxable","15":"purchasable","16":"product-type-simple"},"acf":[],"yoast_head":"<!-- This site is optimized with the Yoast SEO plugin v27.3 - https:\/\/yoast.com\/product\/yoast-seo-wordpress\/ -->\n<title>CALEXOTICS - ENVY HANDHELD ROLLING BALL MASSAGER 7 VIBRA\u00c7\u00d5ES ROSA - Lovme<\/title>\n<meta name=\"robots\" content=\"index, follow, max-snippet:-1, max-image-preview:large, max-video-preview:-1\" \/>\n<link rel=\"canonical\" href=\"https:\/\/lovme.pt\/index.php\/produto\/calexotics-envy-handheld-rolling-ball-massager-7-vibracoes-rosa\/\" \/>\n<meta property=\"og:locale\" content=\"pt_PT\" \/>\n<meta property=\"og:type\" content=\"article\" \/>\n<meta property=\"og:title\" content=\"CALEXOTICS - ENVY HANDHELD ROLLING BALL MASSAGER 7 VIBRA\u00c7\u00d5ES ROSA - Lovme\" \/>\n<meta property=\"og:description\" content=\"CALEXOTICS - ENVY HANDHELD ROLLING BALL MASSAGER 7 VIBRA\u00c7\u00d5ES ROSA\" \/>\n<meta property=\"og:url\" content=\"https:\/\/lovme.pt\/index.php\/produto\/calexotics-envy-handheld-rolling-ball-massager-7-vibracoes-rosa\/\" \/>\n<meta property=\"og:site_name\" content=\"Lovme\" \/>\n<meta property=\"article:modified_time\" content=\"2026-02-19T20:09:04+00:00\" \/>\n<meta property=\"og:image\" content=\"https:\/\/erki24nd3ub.exactdn.com\/wp-content\/uploads\/dream\/img\/img_186215_53be1221921842ae48af204b0cf8024a_1.jpg?strip=all\" \/>\n\t<meta property=\"og:image:width\" content=\"800\" \/>\n\t<meta property=\"og:image:height\" content=\"800\" \/>\n\t<meta property=\"og:image:type\" content=\"image\/jpeg\" \/>\n<meta name=\"twitter:card\" content=\"summary_large_image\" \/>\n<meta name=\"twitter:label1\" content=\"Tempo estimado de leitura\" \/>\n\t<meta name=\"twitter:data1\" content=\"1 minuto\" \/>\n<script type=\"application\/ld+json\" class=\"yoast-schema-graph\">{\"@context\":\"https:\\\/\\\/schema.org\",\"@graph\":[{\"@type\":\"WebPage\",\"@id\":\"https:\\\/\\\/lovme.pt\\\/index.php\\\/produto\\\/calexotics-envy-handheld-rolling-ball-massager-7-vibracoes-rosa\\\/\",\"url\":\"https:\\\/\\\/lovme.pt\\\/index.php\\\/produto\\\/calexotics-envy-handheld-rolling-ball-massager-7-vibracoes-rosa\\\/\",\"name\":\"CALEXOTICS - ENVY HANDHELD ROLLING BALL MASSAGER 7 VIBRA\u00c7\u00d5ES ROSA - Lovme\",\"isPartOf\":{\"@id\":\"https:\\\/\\\/lovme.pt\\\/#website\"},\"primaryImageOfPage\":{\"@id\":\"https:\\\/\\\/lovme.pt\\\/index.php\\\/produto\\\/calexotics-envy-handheld-rolling-ball-massager-7-vibracoes-rosa\\\/#primaryimage\"},\"image\":{\"@id\":\"https:\\\/\\\/lovme.pt\\\/index.php\\\/produto\\\/calexotics-envy-handheld-rolling-ball-massager-7-vibracoes-rosa\\\/#primaryimage\"},\"thumbnailUrl\":\"https:\\\/\\\/erki24nd3ub.exactdn.com\\\/wp-content\\\/uploads\\\/dream\\\/img\\\/img_186215_53be1221921842ae48af204b0cf8024a_1.jpg?strip=all\",\"datePublished\":\"2025-09-30T22:02:50+00:00\",\"dateModified\":\"2026-02-19T20:09:04+00:00\",\"breadcrumb\":{\"@id\":\"https:\\\/\\\/lovme.pt\\\/index.php\\\/produto\\\/calexotics-envy-handheld-rolling-ball-massager-7-vibracoes-rosa\\\/#breadcrumb\"},\"inLanguage\":\"pt-PT\",\"potentialAction\":[{\"@type\":\"ReadAction\",\"target\":[\"https:\\\/\\\/lovme.pt\\\/index.php\\\/produto\\\/calexotics-envy-handheld-rolling-ball-massager-7-vibracoes-rosa\\\/\"]}]},{\"@type\":\"ImageObject\",\"inLanguage\":\"pt-PT\",\"@id\":\"https:\\\/\\\/lovme.pt\\\/index.php\\\/produto\\\/calexotics-envy-handheld-rolling-ball-massager-7-vibracoes-rosa\\\/#primaryimage\",\"url\":\"https:\\\/\\\/erki24nd3ub.exactdn.com\\\/wp-content\\\/uploads\\\/dream\\\/img\\\/img_186215_53be1221921842ae48af204b0cf8024a_1.jpg?strip=all\",\"contentUrl\":\"https:\\\/\\\/erki24nd3ub.exactdn.com\\\/wp-content\\\/uploads\\\/dream\\\/img\\\/img_186215_53be1221921842ae48af204b0cf8024a_1.jpg?strip=all\",\"width\":800,\"height\":800},{\"@type\":\"BreadcrumbList\",\"@id\":\"https:\\\/\\\/lovme.pt\\\/index.php\\\/produto\\\/calexotics-envy-handheld-rolling-ball-massager-7-vibracoes-rosa\\\/#breadcrumb\",\"itemListElement\":[{\"@type\":\"ListItem\",\"position\":1,\"name\":\"In\u00edcio\",\"item\":\"https:\\\/\\\/lovme.pt\\\/\"},{\"@type\":\"ListItem\",\"position\":2,\"name\":\"Loja\",\"item\":\"https:\\\/\\\/lovme.pt\\\/index.php\\\/loja\\\/\"},{\"@type\":\"ListItem\",\"position\":3,\"name\":\"CALEXOTICS &#8211; ENVY HANDHELD ROLLING BALL MASSAGER 7 VIBRA\u00c7\u00d5ES ROSA\"}]},{\"@type\":\"WebSite\",\"@id\":\"https:\\\/\\\/lovme.pt\\\/#website\",\"url\":\"https:\\\/\\\/lovme.pt\\\/\",\"name\":\"Lovme Loja Er\u00f3tica N\u00ba1 em Portugal\",\"description\":\"A melhor loja er\u00f3tica de Portugal.\",\"alternateName\":\"Loja Er\u00f3tica Lovme\",\"potentialAction\":[{\"@type\":\"SearchAction\",\"target\":{\"@type\":\"EntryPoint\",\"urlTemplate\":\"https:\\\/\\\/lovme.pt\\\/?s={search_term_string}\"},\"query-input\":{\"@type\":\"PropertyValueSpecification\",\"valueRequired\":true,\"valueName\":\"search_term_string\"}}],\"inLanguage\":\"pt-PT\"}]}<\/script>\n<!-- \/ Yoast SEO plugin. -->","yoast_head_json":{"title":"CALEXOTICS - ENVY HANDHELD ROLLING BALL MASSAGER 7 VIBRA\u00c7\u00d5ES ROSA - Lovme","robots":{"index":"index","follow":"follow","max-snippet":"max-snippet:-1","max-image-preview":"max-image-preview:large","max-video-preview":"max-video-preview:-1"},"canonical":"https:\/\/lovme.pt\/index.php\/produto\/calexotics-envy-handheld-rolling-ball-massager-7-vibracoes-rosa\/","og_locale":"pt_PT","og_type":"article","og_title":"CALEXOTICS - ENVY HANDHELD ROLLING BALL MASSAGER 7 VIBRA\u00c7\u00d5ES ROSA - Lovme","og_description":"CALEXOTICS - ENVY HANDHELD ROLLING BALL MASSAGER 7 VIBRA\u00c7\u00d5ES ROSA","og_url":"https:\/\/lovme.pt\/index.php\/produto\/calexotics-envy-handheld-rolling-ball-massager-7-vibracoes-rosa\/","og_site_name":"Lovme","article_modified_time":"2026-02-19T20:09:04+00:00","og_image":[{"width":800,"height":800,"url":"https:\/\/erki24nd3ub.exactdn.com\/wp-content\/uploads\/dream\/img\/img_186215_53be1221921842ae48af204b0cf8024a_1.jpg?strip=all","type":"image\/jpeg"}],"twitter_card":"summary_large_image","twitter_misc":{"Tempo estimado de leitura":"1 minuto"},"schema":{"@context":"https:\/\/schema.org","@graph":[{"@type":"WebPage","@id":"https:\/\/lovme.pt\/index.php\/produto\/calexotics-envy-handheld-rolling-ball-massager-7-vibracoes-rosa\/","url":"https:\/\/lovme.pt\/index.php\/produto\/calexotics-envy-handheld-rolling-ball-massager-7-vibracoes-rosa\/","name":"CALEXOTICS - ENVY HANDHELD ROLLING BALL MASSAGER 7 VIBRA\u00c7\u00d5ES ROSA - Lovme","isPartOf":{"@id":"https:\/\/lovme.pt\/#website"},"primaryImageOfPage":{"@id":"https:\/\/lovme.pt\/index.php\/produto\/calexotics-envy-handheld-rolling-ball-massager-7-vibracoes-rosa\/#primaryimage"},"image":{"@id":"https:\/\/lovme.pt\/index.php\/produto\/calexotics-envy-handheld-rolling-ball-massager-7-vibracoes-rosa\/#primaryimage"},"thumbnailUrl":"https:\/\/erki24nd3ub.exactdn.com\/wp-content\/uploads\/dream\/img\/img_186215_53be1221921842ae48af204b0cf8024a_1.jpg?strip=all","datePublished":"2025-09-30T22:02:50+00:00","dateModified":"2026-02-19T20:09:04+00:00","breadcrumb":{"@id":"https:\/\/lovme.pt\/index.php\/produto\/calexotics-envy-handheld-rolling-ball-massager-7-vibracoes-rosa\/#breadcrumb"},"inLanguage":"pt-PT","potentialAction":[{"@type":"ReadAction","target":["https:\/\/lovme.pt\/index.php\/produto\/calexotics-envy-handheld-rolling-ball-massager-7-vibracoes-rosa\/"]}]},{"@type":"ImageObject","inLanguage":"pt-PT","@id":"https:\/\/lovme.pt\/index.php\/produto\/calexotics-envy-handheld-rolling-ball-massager-7-vibracoes-rosa\/#primaryimage","url":"https:\/\/erki24nd3ub.exactdn.com\/wp-content\/uploads\/dream\/img\/img_186215_53be1221921842ae48af204b0cf8024a_1.jpg?strip=all","contentUrl":"https:\/\/erki24nd3ub.exactdn.com\/wp-content\/uploads\/dream\/img\/img_186215_53be1221921842ae48af204b0cf8024a_1.jpg?strip=all","width":800,"height":800},{"@type":"BreadcrumbList","@id":"https:\/\/lovme.pt\/index.php\/produto\/calexotics-envy-handheld-rolling-ball-massager-7-vibracoes-rosa\/#breadcrumb","itemListElement":[{"@type":"ListItem","position":1,"name":"In\u00edcio","item":"https:\/\/lovme.pt\/"},{"@type":"ListItem","position":2,"name":"Loja","item":"https:\/\/lovme.pt\/index.php\/loja\/"},{"@type":"ListItem","position":3,"name":"CALEXOTICS &#8211; ENVY HANDHELD ROLLING BALL MASSAGER 7 VIBRA\u00c7\u00d5ES ROSA"}]},{"@type":"WebSite","@id":"https:\/\/lovme.pt\/#website","url":"https:\/\/lovme.pt\/","name":"Lovme Loja Er\u00f3tica N\u00ba1 em Portugal","description":"A melhor loja er\u00f3tica de Portugal.","alternateName":"Loja Er\u00f3tica Lovme","potentialAction":[{"@type":"SearchAction","target":{"@type":"EntryPoint","urlTemplate":"https:\/\/lovme.pt\/?s={search_term_string}"},"query-input":{"@type":"PropertyValueSpecification","valueRequired":true,"valueName":"search_term_string"}}],"inLanguage":"pt-PT"}]}},"_links":{"self":[{"href":"https:\/\/lovme.pt\/index.php\/wp-json\/wp\/v2\/product\/50077","targetHints":{"allow":["GET"]}}],"collection":[{"href":"https:\/\/lovme.pt\/index.php\/wp-json\/wp\/v2\/product"}],"about":[{"href":"https:\/\/lovme.pt\/index.php\/wp-json\/wp\/v2\/types\/product"}],"wp:featuredmedia":[{"embeddable":true,"href":"https:\/\/lovme.pt\/index.php\/wp-json\/wp\/v2\/media\/73339"}],"wp:attachment":[{"href":"https:\/\/lovme.pt\/index.php\/wp-json\/wp\/v2\/media?parent=50077"}],"wp:term":[{"taxonomy":"product_brand","embeddable":true,"href":"https:\/\/lovme.pt\/index.php\/wp-json\/wp\/v2\/product_brand?post=50077"},{"taxonomy":"product_cat","embeddable":true,"href":"https:\/\/lovme.pt\/index.php\/wp-json\/wp\/v2\/product_cat?post=50077"},{"taxonomy":"product_tag","embeddable":true,"href":"https:\/\/lovme.pt\/index.php\/wp-json\/wp\/v2\/product_tag?post=50077"}],"curies":[{"name":"wp","href":"https:\/\/api.w.org\/{rel}","templated":true}]}}