{"id":50070,"date":"2025-09-30T22:02:47","date_gmt":"2025-09-30T22:02:47","guid":{"rendered":"https:\/\/lovme.pt\/?post_type=product&p=50070"},"modified":"2026-02-19T20:09:04","modified_gmt":"2026-02-19T20:09:04","slug":"calexotics-neon-vibes-flutter-vibe-estimulador-de-vibracao-10-vibracoes-rosa","status":"publish","type":"product","link":"https:\/\/lovme.pt\/index.php\/produto\/calexotics-neon-vibes-flutter-vibe-estimulador-de-vibracao-10-vibracoes-rosa\/","title":{"rendered":"CALEXOTICS &#8211; NEON VIBES FLUTTER VIBE  ESTIMULADOR DE VIBRA\u00c7\u00c3O 10 VIBRA\u00c7\u00d5ES ROSA"},"content":{"rendered":"<p>Experimente um prazer discreto como nunca antes com o <strong>Neon Vibes The Flutter Vibe<\/strong> , um vibrador de calcinha sedutor que promete novos patamares de intimidade.<\/p>\n<p>Seu design magn\u00e9tico seguro garante divers\u00e3o ininterrupta, com 10 fun\u00e7\u00f5es de vibra\u00e7\u00e3o, pulsa\u00e7\u00e3o e escalada.<\/p>\n<p>Feito de silicone seguro para o corpo, \u00e9 100% \u00e0 prova d\u00e1gua para brincar no banho ou no chuveiro. Um recurso de chip de mem\u00f3ria permite que voc\u00ea retome seu passeio sem esfor\u00e7o, enquanto um bloqueio de viagem adiciona discri\u00e7\u00e3o. Recarreg\u00e1vel por USB para maior conveni\u00eancia e respeito ao meio ambiente, oferece 40 minutos em alta velocidade ou 90 minutos em baixa velocidade ap\u00f3s apenas 2,5 horas de carregamento.<\/p>\n<p>Ceda \u00e0 tenta\u00e7\u00e3o e seja transportado ao \u00eaxtase.<\/p>\n<p>\u00a0<\/p>\n<p><u><strong>CARACTER\u00cdSTICAS<\/strong><\/u> :<\/p>\n<ul>\n<li>Vibrador de calcinha com design magn\u00e9tico seguro<\/li>\n<li>Ergonomicamente curvado com antenas tentadoras e sulcos de prazer adicionais<\/li>\n<li>10 fun\u00e7\u00f5es intensas de vibra\u00e7\u00e3o, pulsa\u00e7\u00e3o e escalada<\/li>\n<li>Silicone seguro para o corpo e 100% \u00e0 prova d\u00e1gua<\/li>\n<li>Chip de mem\u00f3ria de \u00faltima gera\u00e7\u00e3o retoma a \u00faltima fun\u00e7\u00e3o usada<\/li>\n<li>Recurso de bloqueio de seguran\u00e7a para viagem &#8211; pressione e segure por 3 segundos para ligar ou desligar<\/li>\n<li>Recarreg\u00e1vel por USB &#8211; cabo de carregamento inclu\u00eddo<\/li>\n<li>Totalmente carregado em 2,5 horas<\/li>\n<li>Funciona por 40 minutos em alta velocidade e 90 minutos em baixa velocidade<\/li>\n<\/ul>\n","protected":false},"excerpt":{"rendered":"<p>CALEXOTICS &#8211; NEON VIBES FLUTTER VIBE ESTIMULADOR DE VIBRA\u00c7\u00c3O 10 VIBRA\u00c7\u00d5ES ROSA<\/p>\n","protected":false},"featured_media":73329,"template":"","meta":{"_acf_changed":false},"product_brand":[],"product_cat":[17,61,76],"product_tag":[],"class_list":{"0":"post-50070","1":"product","2":"type-product","3":"status-publish","4":"has-post-thumbnail","6":"product_cat-brinquedos-de-bem-estar-sexual","7":"product_cat-para-elas","8":"product_cat-vibradores","9":"yith_product_brand-calexotics","11":"first","12":"instock","13":"taxable","14":"shipping-taxable","15":"purchasable","16":"product-type-simple"},"acf":[],"yoast_head":"<!-- This site is optimized with the Yoast SEO plugin v27.3 - https:\/\/yoast.com\/product\/yoast-seo-wordpress\/ -->\n<title>CALEXOTICS - NEON VIBES FLUTTER VIBE ESTIMULADOR DE VIBRA\u00c7\u00c3O 10 VIBRA\u00c7\u00d5ES ROSA - Lovme<\/title>\n<meta name=\"robots\" content=\"index, follow, max-snippet:-1, max-image-preview:large, max-video-preview:-1\" \/>\n<link rel=\"canonical\" href=\"https:\/\/lovme.pt\/index.php\/produto\/calexotics-neon-vibes-flutter-vibe-estimulador-de-vibracao-10-vibracoes-rosa\/\" \/>\n<meta property=\"og:locale\" content=\"pt_PT\" \/>\n<meta property=\"og:type\" content=\"article\" \/>\n<meta property=\"og:title\" content=\"CALEXOTICS - NEON VIBES FLUTTER VIBE ESTIMULADOR DE VIBRA\u00c7\u00c3O 10 VIBRA\u00c7\u00d5ES ROSA - Lovme\" \/>\n<meta property=\"og:description\" content=\"CALEXOTICS - NEON VIBES FLUTTER VIBE ESTIMULADOR DE VIBRA\u00c7\u00c3O 10 VIBRA\u00c7\u00d5ES ROSA\" \/>\n<meta property=\"og:url\" content=\"https:\/\/lovme.pt\/index.php\/produto\/calexotics-neon-vibes-flutter-vibe-estimulador-de-vibracao-10-vibracoes-rosa\/\" \/>\n<meta property=\"og:site_name\" content=\"Lovme\" \/>\n<meta property=\"article:modified_time\" content=\"2026-02-19T20:09:04+00:00\" \/>\n<meta property=\"og:image\" content=\"https:\/\/erki24nd3ub.exactdn.com\/wp-content\/uploads\/dream\/img\/img_186138_92db04a8bf241774255d382c7518afc6_1.jpg?strip=all\" \/>\n\t<meta property=\"og:image:width\" content=\"800\" \/>\n\t<meta property=\"og:image:height\" content=\"800\" \/>\n\t<meta property=\"og:image:type\" content=\"image\/jpeg\" \/>\n<meta name=\"twitter:card\" content=\"summary_large_image\" \/>\n<meta name=\"twitter:label1\" content=\"Tempo estimado de leitura\" \/>\n\t<meta name=\"twitter:data1\" content=\"1 minuto\" \/>\n<script type=\"application\/ld+json\" class=\"yoast-schema-graph\">{\"@context\":\"https:\\\/\\\/schema.org\",\"@graph\":[{\"@type\":\"WebPage\",\"@id\":\"https:\\\/\\\/lovme.pt\\\/index.php\\\/produto\\\/calexotics-neon-vibes-flutter-vibe-estimulador-de-vibracao-10-vibracoes-rosa\\\/\",\"url\":\"https:\\\/\\\/lovme.pt\\\/index.php\\\/produto\\\/calexotics-neon-vibes-flutter-vibe-estimulador-de-vibracao-10-vibracoes-rosa\\\/\",\"name\":\"CALEXOTICS - NEON VIBES FLUTTER VIBE ESTIMULADOR DE VIBRA\u00c7\u00c3O 10 VIBRA\u00c7\u00d5ES ROSA - Lovme\",\"isPartOf\":{\"@id\":\"https:\\\/\\\/lovme.pt\\\/#website\"},\"primaryImageOfPage\":{\"@id\":\"https:\\\/\\\/lovme.pt\\\/index.php\\\/produto\\\/calexotics-neon-vibes-flutter-vibe-estimulador-de-vibracao-10-vibracoes-rosa\\\/#primaryimage\"},\"image\":{\"@id\":\"https:\\\/\\\/lovme.pt\\\/index.php\\\/produto\\\/calexotics-neon-vibes-flutter-vibe-estimulador-de-vibracao-10-vibracoes-rosa\\\/#primaryimage\"},\"thumbnailUrl\":\"https:\\\/\\\/erki24nd3ub.exactdn.com\\\/wp-content\\\/uploads\\\/dream\\\/img\\\/img_186138_92db04a8bf241774255d382c7518afc6_1.jpg?strip=all\",\"datePublished\":\"2025-09-30T22:02:47+00:00\",\"dateModified\":\"2026-02-19T20:09:04+00:00\",\"breadcrumb\":{\"@id\":\"https:\\\/\\\/lovme.pt\\\/index.php\\\/produto\\\/calexotics-neon-vibes-flutter-vibe-estimulador-de-vibracao-10-vibracoes-rosa\\\/#breadcrumb\"},\"inLanguage\":\"pt-PT\",\"potentialAction\":[{\"@type\":\"ReadAction\",\"target\":[\"https:\\\/\\\/lovme.pt\\\/index.php\\\/produto\\\/calexotics-neon-vibes-flutter-vibe-estimulador-de-vibracao-10-vibracoes-rosa\\\/\"]}]},{\"@type\":\"ImageObject\",\"inLanguage\":\"pt-PT\",\"@id\":\"https:\\\/\\\/lovme.pt\\\/index.php\\\/produto\\\/calexotics-neon-vibes-flutter-vibe-estimulador-de-vibracao-10-vibracoes-rosa\\\/#primaryimage\",\"url\":\"https:\\\/\\\/erki24nd3ub.exactdn.com\\\/wp-content\\\/uploads\\\/dream\\\/img\\\/img_186138_92db04a8bf241774255d382c7518afc6_1.jpg?strip=all\",\"contentUrl\":\"https:\\\/\\\/erki24nd3ub.exactdn.com\\\/wp-content\\\/uploads\\\/dream\\\/img\\\/img_186138_92db04a8bf241774255d382c7518afc6_1.jpg?strip=all\",\"width\":800,\"height\":800},{\"@type\":\"BreadcrumbList\",\"@id\":\"https:\\\/\\\/lovme.pt\\\/index.php\\\/produto\\\/calexotics-neon-vibes-flutter-vibe-estimulador-de-vibracao-10-vibracoes-rosa\\\/#breadcrumb\",\"itemListElement\":[{\"@type\":\"ListItem\",\"position\":1,\"name\":\"In\u00edcio\",\"item\":\"https:\\\/\\\/lovme.pt\\\/\"},{\"@type\":\"ListItem\",\"position\":2,\"name\":\"Loja\",\"item\":\"https:\\\/\\\/lovme.pt\\\/index.php\\\/loja\\\/\"},{\"@type\":\"ListItem\",\"position\":3,\"name\":\"CALEXOTICS &#8211; NEON VIBES FLUTTER VIBE ESTIMULADOR DE VIBRA\u00c7\u00c3O 10 VIBRA\u00c7\u00d5ES ROSA\"}]},{\"@type\":\"WebSite\",\"@id\":\"https:\\\/\\\/lovme.pt\\\/#website\",\"url\":\"https:\\\/\\\/lovme.pt\\\/\",\"name\":\"Lovme Loja Er\u00f3tica N\u00ba1 em Portugal\",\"description\":\"A melhor loja er\u00f3tica de Portugal.\",\"alternateName\":\"Loja Er\u00f3tica Lovme\",\"potentialAction\":[{\"@type\":\"SearchAction\",\"target\":{\"@type\":\"EntryPoint\",\"urlTemplate\":\"https:\\\/\\\/lovme.pt\\\/?s={search_term_string}\"},\"query-input\":{\"@type\":\"PropertyValueSpecification\",\"valueRequired\":true,\"valueName\":\"search_term_string\"}}],\"inLanguage\":\"pt-PT\"}]}<\/script>\n<!-- \/ Yoast SEO plugin. -->","yoast_head_json":{"title":"CALEXOTICS - NEON VIBES FLUTTER VIBE ESTIMULADOR DE VIBRA\u00c7\u00c3O 10 VIBRA\u00c7\u00d5ES ROSA - Lovme","robots":{"index":"index","follow":"follow","max-snippet":"max-snippet:-1","max-image-preview":"max-image-preview:large","max-video-preview":"max-video-preview:-1"},"canonical":"https:\/\/lovme.pt\/index.php\/produto\/calexotics-neon-vibes-flutter-vibe-estimulador-de-vibracao-10-vibracoes-rosa\/","og_locale":"pt_PT","og_type":"article","og_title":"CALEXOTICS - NEON VIBES FLUTTER VIBE ESTIMULADOR DE VIBRA\u00c7\u00c3O 10 VIBRA\u00c7\u00d5ES ROSA - Lovme","og_description":"CALEXOTICS - NEON VIBES FLUTTER VIBE ESTIMULADOR DE VIBRA\u00c7\u00c3O 10 VIBRA\u00c7\u00d5ES ROSA","og_url":"https:\/\/lovme.pt\/index.php\/produto\/calexotics-neon-vibes-flutter-vibe-estimulador-de-vibracao-10-vibracoes-rosa\/","og_site_name":"Lovme","article_modified_time":"2026-02-19T20:09:04+00:00","og_image":[{"width":800,"height":800,"url":"https:\/\/erki24nd3ub.exactdn.com\/wp-content\/uploads\/dream\/img\/img_186138_92db04a8bf241774255d382c7518afc6_1.jpg?strip=all","type":"image\/jpeg"}],"twitter_card":"summary_large_image","twitter_misc":{"Tempo estimado de leitura":"1 minuto"},"schema":{"@context":"https:\/\/schema.org","@graph":[{"@type":"WebPage","@id":"https:\/\/lovme.pt\/index.php\/produto\/calexotics-neon-vibes-flutter-vibe-estimulador-de-vibracao-10-vibracoes-rosa\/","url":"https:\/\/lovme.pt\/index.php\/produto\/calexotics-neon-vibes-flutter-vibe-estimulador-de-vibracao-10-vibracoes-rosa\/","name":"CALEXOTICS - NEON VIBES FLUTTER VIBE ESTIMULADOR DE VIBRA\u00c7\u00c3O 10 VIBRA\u00c7\u00d5ES ROSA - Lovme","isPartOf":{"@id":"https:\/\/lovme.pt\/#website"},"primaryImageOfPage":{"@id":"https:\/\/lovme.pt\/index.php\/produto\/calexotics-neon-vibes-flutter-vibe-estimulador-de-vibracao-10-vibracoes-rosa\/#primaryimage"},"image":{"@id":"https:\/\/lovme.pt\/index.php\/produto\/calexotics-neon-vibes-flutter-vibe-estimulador-de-vibracao-10-vibracoes-rosa\/#primaryimage"},"thumbnailUrl":"https:\/\/erki24nd3ub.exactdn.com\/wp-content\/uploads\/dream\/img\/img_186138_92db04a8bf241774255d382c7518afc6_1.jpg?strip=all","datePublished":"2025-09-30T22:02:47+00:00","dateModified":"2026-02-19T20:09:04+00:00","breadcrumb":{"@id":"https:\/\/lovme.pt\/index.php\/produto\/calexotics-neon-vibes-flutter-vibe-estimulador-de-vibracao-10-vibracoes-rosa\/#breadcrumb"},"inLanguage":"pt-PT","potentialAction":[{"@type":"ReadAction","target":["https:\/\/lovme.pt\/index.php\/produto\/calexotics-neon-vibes-flutter-vibe-estimulador-de-vibracao-10-vibracoes-rosa\/"]}]},{"@type":"ImageObject","inLanguage":"pt-PT","@id":"https:\/\/lovme.pt\/index.php\/produto\/calexotics-neon-vibes-flutter-vibe-estimulador-de-vibracao-10-vibracoes-rosa\/#primaryimage","url":"https:\/\/erki24nd3ub.exactdn.com\/wp-content\/uploads\/dream\/img\/img_186138_92db04a8bf241774255d382c7518afc6_1.jpg?strip=all","contentUrl":"https:\/\/erki24nd3ub.exactdn.com\/wp-content\/uploads\/dream\/img\/img_186138_92db04a8bf241774255d382c7518afc6_1.jpg?strip=all","width":800,"height":800},{"@type":"BreadcrumbList","@id":"https:\/\/lovme.pt\/index.php\/produto\/calexotics-neon-vibes-flutter-vibe-estimulador-de-vibracao-10-vibracoes-rosa\/#breadcrumb","itemListElement":[{"@type":"ListItem","position":1,"name":"In\u00edcio","item":"https:\/\/lovme.pt\/"},{"@type":"ListItem","position":2,"name":"Loja","item":"https:\/\/lovme.pt\/index.php\/loja\/"},{"@type":"ListItem","position":3,"name":"CALEXOTICS &#8211; NEON VIBES FLUTTER VIBE ESTIMULADOR DE VIBRA\u00c7\u00c3O 10 VIBRA\u00c7\u00d5ES ROSA"}]},{"@type":"WebSite","@id":"https:\/\/lovme.pt\/#website","url":"https:\/\/lovme.pt\/","name":"Lovme Loja Er\u00f3tica N\u00ba1 em Portugal","description":"A melhor loja er\u00f3tica de Portugal.","alternateName":"Loja Er\u00f3tica Lovme","potentialAction":[{"@type":"SearchAction","target":{"@type":"EntryPoint","urlTemplate":"https:\/\/lovme.pt\/?s={search_term_string}"},"query-input":{"@type":"PropertyValueSpecification","valueRequired":true,"valueName":"search_term_string"}}],"inLanguage":"pt-PT"}]}},"_links":{"self":[{"href":"https:\/\/lovme.pt\/index.php\/wp-json\/wp\/v2\/product\/50070","targetHints":{"allow":["GET"]}}],"collection":[{"href":"https:\/\/lovme.pt\/index.php\/wp-json\/wp\/v2\/product"}],"about":[{"href":"https:\/\/lovme.pt\/index.php\/wp-json\/wp\/v2\/types\/product"}],"wp:featuredmedia":[{"embeddable":true,"href":"https:\/\/lovme.pt\/index.php\/wp-json\/wp\/v2\/media\/73329"}],"wp:attachment":[{"href":"https:\/\/lovme.pt\/index.php\/wp-json\/wp\/v2\/media?parent=50070"}],"wp:term":[{"taxonomy":"product_brand","embeddable":true,"href":"https:\/\/lovme.pt\/index.php\/wp-json\/wp\/v2\/product_brand?post=50070"},{"taxonomy":"product_cat","embeddable":true,"href":"https:\/\/lovme.pt\/index.php\/wp-json\/wp\/v2\/product_cat?post=50070"},{"taxonomy":"product_tag","embeddable":true,"href":"https:\/\/lovme.pt\/index.php\/wp-json\/wp\/v2\/product_tag?post=50070"}],"curies":[{"name":"wp","href":"https:\/\/api.w.org\/{rel}","templated":true}]}}