{"id":50069,"date":"2025-09-30T22:02:45","date_gmt":"2025-09-30T22:02:45","guid":{"rendered":"https:\/\/lovme.pt\/?post_type=product&p=50069"},"modified":"2026-02-19T20:09:04","modified_gmt":"2026-02-19T20:09:04","slug":"calexotics-neon-vibes-bubbly-vibe-o-mini-massageador-10-vibracoes-verde","status":"publish","type":"product","link":"https:\/\/lovme.pt\/index.php\/produto\/calexotics-neon-vibes-bubbly-vibe-o-mini-massageador-10-vibracoes-verde\/","title":{"rendered":"CALEXOTICS &#8211; NEON VIBES BUBBLY VIBE O MINI MASSAGEADOR 10 VIBRA\u00c7\u00d5ES VERDE"},"content":{"rendered":"<p>Descubra a alegria do toque com <strong>o Neon Vibes The Bubbly Vibe<\/strong> , um mini massageador t\u00e3o delicioso quanto intenso.<\/p>\n<p>Perfeito para quem gosta de preliminares, \u00e9 um companheiro compacto, mas poderoso, para encontros \u00edntimos ou explora\u00e7\u00e3o de corpo inteiro.<\/p>\n<p>Com 10 fun\u00e7\u00f5es intensas de vibra\u00e7\u00e3o, pulsa\u00e7\u00e3o e escalada, adapte sua experi\u00eancia ao seu humor. Feito de silicone seguro para o corpo, \u00e9 100% \u00e0 prova d\u00e1gua (IPX7), perfeito para brincadeiras de aventura. O chip de mem\u00f3ria retoma a \u00faltima fun\u00e7\u00e3o usada. Com um bloqueio seguro para viagens, recarregamento USB, ele oferece 45 minutos de intensidade de alta velocidade ou 90 minutos em uma configura\u00e7\u00e3o mais baixa ap\u00f3s apenas 2 horas de carregamento.<\/p>\n<p>Embarque na explora\u00e7\u00e3o e divers\u00e3o com Neon Vibes The Bubbly Vibe.<\/p>\n<p>\u00a0<\/p>\n<p><u><strong>CARACTER\u00cdSTICAS<\/strong><\/u> :<\/p>\n<ul>\n<li>Mini massageador projetado para preliminares e explora\u00e7\u00e3o de corpo inteiro<\/li>\n<li>10 fun\u00e7\u00f5es intensas de vibra\u00e7\u00e3o, pulsa\u00e7\u00e3o e escalada<\/li>\n<li>Silicone seguro para o corpo e 100% \u00e0 prova d\u00e1gua<\/li>\n<li>Chip de mem\u00f3ria de \u00faltima gera\u00e7\u00e3o retoma a \u00faltima fun\u00e7\u00e3o usada<\/li>\n<li>Recurso de bloqueio de seguran\u00e7a para viagem &#8211; pressione e segure por 3 segundos para ligar ou desligar<\/li>\n<li>Recarreg\u00e1vel por USB &#8211; cabo de carregamento inclu\u00eddo<\/li>\n<li>Carga completa em 2 horas<\/li>\n<li>Funciona por 45 minutos em alta velocidade e 90 minutos em baixa velocidade<\/li>\n<\/ul>\n","protected":false},"excerpt":{"rendered":"<p>CALEXOTICS &#8211; NEON VIBES BUBBLY VIBE O MINI MASSAGEADOR 10 VIBRA\u00c7\u00d5ES VERDE<\/p>\n","protected":false},"featured_media":73324,"template":"","meta":{"_acf_changed":false},"product_brand":[],"product_cat":[17,61],"product_tag":[],"class_list":{"0":"post-50069","1":"product","2":"type-product","3":"status-publish","4":"has-post-thumbnail","6":"product_cat-brinquedos-de-bem-estar-sexual","7":"product_cat-para-elas","8":"yith_product_brand-calexotics","10":"first","11":"instock","12":"taxable","13":"shipping-taxable","14":"purchasable","15":"product-type-simple"},"acf":[],"yoast_head":"<!-- This site is optimized with the Yoast SEO plugin v27.3 - https:\/\/yoast.com\/product\/yoast-seo-wordpress\/ -->\n<title>CALEXOTICS - NEON VIBES BUBBLY VIBE O MINI MASSAGEADOR 10 VIBRA\u00c7\u00d5ES VERDE - Lovme<\/title>\n<meta name=\"robots\" content=\"index, follow, max-snippet:-1, max-image-preview:large, max-video-preview:-1\" \/>\n<link rel=\"canonical\" href=\"https:\/\/lovme.pt\/index.php\/produto\/calexotics-neon-vibes-bubbly-vibe-o-mini-massageador-10-vibracoes-verde\/\" \/>\n<meta property=\"og:locale\" content=\"pt_PT\" \/>\n<meta property=\"og:type\" content=\"article\" \/>\n<meta property=\"og:title\" content=\"CALEXOTICS - NEON VIBES BUBBLY VIBE O MINI MASSAGEADOR 10 VIBRA\u00c7\u00d5ES VERDE - Lovme\" \/>\n<meta property=\"og:description\" content=\"CALEXOTICS - NEON VIBES BUBBLY VIBE O MINI MASSAGEADOR 10 VIBRA\u00c7\u00d5ES VERDE\" \/>\n<meta property=\"og:url\" content=\"https:\/\/lovme.pt\/index.php\/produto\/calexotics-neon-vibes-bubbly-vibe-o-mini-massageador-10-vibracoes-verde\/\" \/>\n<meta property=\"og:site_name\" content=\"Lovme\" \/>\n<meta property=\"article:modified_time\" content=\"2026-02-19T20:09:04+00:00\" \/>\n<meta property=\"og:image\" content=\"https:\/\/erki24nd3ub.exactdn.com\/wp-content\/uploads\/dream\/img\/img_186133_901a6ad28ce39f83f2e87ef0a00bfdbb_1.jpg?strip=all\" \/>\n\t<meta property=\"og:image:width\" content=\"800\" \/>\n\t<meta property=\"og:image:height\" content=\"800\" \/>\n\t<meta property=\"og:image:type\" content=\"image\/jpeg\" \/>\n<meta name=\"twitter:card\" content=\"summary_large_image\" \/>\n<meta name=\"twitter:label1\" content=\"Tempo estimado de leitura\" \/>\n\t<meta name=\"twitter:data1\" content=\"1 minuto\" \/>\n<script type=\"application\/ld+json\" class=\"yoast-schema-graph\">{\"@context\":\"https:\\\/\\\/schema.org\",\"@graph\":[{\"@type\":\"WebPage\",\"@id\":\"https:\\\/\\\/lovme.pt\\\/index.php\\\/produto\\\/calexotics-neon-vibes-bubbly-vibe-o-mini-massageador-10-vibracoes-verde\\\/\",\"url\":\"https:\\\/\\\/lovme.pt\\\/index.php\\\/produto\\\/calexotics-neon-vibes-bubbly-vibe-o-mini-massageador-10-vibracoes-verde\\\/\",\"name\":\"CALEXOTICS - NEON VIBES BUBBLY VIBE O MINI MASSAGEADOR 10 VIBRA\u00c7\u00d5ES VERDE - Lovme\",\"isPartOf\":{\"@id\":\"https:\\\/\\\/lovme.pt\\\/#website\"},\"primaryImageOfPage\":{\"@id\":\"https:\\\/\\\/lovme.pt\\\/index.php\\\/produto\\\/calexotics-neon-vibes-bubbly-vibe-o-mini-massageador-10-vibracoes-verde\\\/#primaryimage\"},\"image\":{\"@id\":\"https:\\\/\\\/lovme.pt\\\/index.php\\\/produto\\\/calexotics-neon-vibes-bubbly-vibe-o-mini-massageador-10-vibracoes-verde\\\/#primaryimage\"},\"thumbnailUrl\":\"https:\\\/\\\/erki24nd3ub.exactdn.com\\\/wp-content\\\/uploads\\\/dream\\\/img\\\/img_186133_901a6ad28ce39f83f2e87ef0a00bfdbb_1.jpg?strip=all\",\"datePublished\":\"2025-09-30T22:02:45+00:00\",\"dateModified\":\"2026-02-19T20:09:04+00:00\",\"breadcrumb\":{\"@id\":\"https:\\\/\\\/lovme.pt\\\/index.php\\\/produto\\\/calexotics-neon-vibes-bubbly-vibe-o-mini-massageador-10-vibracoes-verde\\\/#breadcrumb\"},\"inLanguage\":\"pt-PT\",\"potentialAction\":[{\"@type\":\"ReadAction\",\"target\":[\"https:\\\/\\\/lovme.pt\\\/index.php\\\/produto\\\/calexotics-neon-vibes-bubbly-vibe-o-mini-massageador-10-vibracoes-verde\\\/\"]}]},{\"@type\":\"ImageObject\",\"inLanguage\":\"pt-PT\",\"@id\":\"https:\\\/\\\/lovme.pt\\\/index.php\\\/produto\\\/calexotics-neon-vibes-bubbly-vibe-o-mini-massageador-10-vibracoes-verde\\\/#primaryimage\",\"url\":\"https:\\\/\\\/erki24nd3ub.exactdn.com\\\/wp-content\\\/uploads\\\/dream\\\/img\\\/img_186133_901a6ad28ce39f83f2e87ef0a00bfdbb_1.jpg?strip=all\",\"contentUrl\":\"https:\\\/\\\/erki24nd3ub.exactdn.com\\\/wp-content\\\/uploads\\\/dream\\\/img\\\/img_186133_901a6ad28ce39f83f2e87ef0a00bfdbb_1.jpg?strip=all\",\"width\":800,\"height\":800},{\"@type\":\"BreadcrumbList\",\"@id\":\"https:\\\/\\\/lovme.pt\\\/index.php\\\/produto\\\/calexotics-neon-vibes-bubbly-vibe-o-mini-massageador-10-vibracoes-verde\\\/#breadcrumb\",\"itemListElement\":[{\"@type\":\"ListItem\",\"position\":1,\"name\":\"In\u00edcio\",\"item\":\"https:\\\/\\\/lovme.pt\\\/\"},{\"@type\":\"ListItem\",\"position\":2,\"name\":\"Loja\",\"item\":\"https:\\\/\\\/lovme.pt\\\/index.php\\\/loja\\\/\"},{\"@type\":\"ListItem\",\"position\":3,\"name\":\"CALEXOTICS &#8211; NEON VIBES BUBBLY VIBE O MINI MASSAGEADOR 10 VIBRA\u00c7\u00d5ES VERDE\"}]},{\"@type\":\"WebSite\",\"@id\":\"https:\\\/\\\/lovme.pt\\\/#website\",\"url\":\"https:\\\/\\\/lovme.pt\\\/\",\"name\":\"Lovme Loja Er\u00f3tica N\u00ba1 em Portugal\",\"description\":\"A melhor loja er\u00f3tica de Portugal.\",\"alternateName\":\"Loja Er\u00f3tica Lovme\",\"potentialAction\":[{\"@type\":\"SearchAction\",\"target\":{\"@type\":\"EntryPoint\",\"urlTemplate\":\"https:\\\/\\\/lovme.pt\\\/?s={search_term_string}\"},\"query-input\":{\"@type\":\"PropertyValueSpecification\",\"valueRequired\":true,\"valueName\":\"search_term_string\"}}],\"inLanguage\":\"pt-PT\"}]}<\/script>\n<!-- \/ Yoast SEO plugin. -->","yoast_head_json":{"title":"CALEXOTICS - NEON VIBES BUBBLY VIBE O MINI MASSAGEADOR 10 VIBRA\u00c7\u00d5ES VERDE - Lovme","robots":{"index":"index","follow":"follow","max-snippet":"max-snippet:-1","max-image-preview":"max-image-preview:large","max-video-preview":"max-video-preview:-1"},"canonical":"https:\/\/lovme.pt\/index.php\/produto\/calexotics-neon-vibes-bubbly-vibe-o-mini-massageador-10-vibracoes-verde\/","og_locale":"pt_PT","og_type":"article","og_title":"CALEXOTICS - NEON VIBES BUBBLY VIBE O MINI MASSAGEADOR 10 VIBRA\u00c7\u00d5ES VERDE - Lovme","og_description":"CALEXOTICS - NEON VIBES BUBBLY VIBE O MINI MASSAGEADOR 10 VIBRA\u00c7\u00d5ES VERDE","og_url":"https:\/\/lovme.pt\/index.php\/produto\/calexotics-neon-vibes-bubbly-vibe-o-mini-massageador-10-vibracoes-verde\/","og_site_name":"Lovme","article_modified_time":"2026-02-19T20:09:04+00:00","og_image":[{"width":800,"height":800,"url":"https:\/\/erki24nd3ub.exactdn.com\/wp-content\/uploads\/dream\/img\/img_186133_901a6ad28ce39f83f2e87ef0a00bfdbb_1.jpg?strip=all","type":"image\/jpeg"}],"twitter_card":"summary_large_image","twitter_misc":{"Tempo estimado de leitura":"1 minuto"},"schema":{"@context":"https:\/\/schema.org","@graph":[{"@type":"WebPage","@id":"https:\/\/lovme.pt\/index.php\/produto\/calexotics-neon-vibes-bubbly-vibe-o-mini-massageador-10-vibracoes-verde\/","url":"https:\/\/lovme.pt\/index.php\/produto\/calexotics-neon-vibes-bubbly-vibe-o-mini-massageador-10-vibracoes-verde\/","name":"CALEXOTICS - NEON VIBES BUBBLY VIBE O MINI MASSAGEADOR 10 VIBRA\u00c7\u00d5ES VERDE - Lovme","isPartOf":{"@id":"https:\/\/lovme.pt\/#website"},"primaryImageOfPage":{"@id":"https:\/\/lovme.pt\/index.php\/produto\/calexotics-neon-vibes-bubbly-vibe-o-mini-massageador-10-vibracoes-verde\/#primaryimage"},"image":{"@id":"https:\/\/lovme.pt\/index.php\/produto\/calexotics-neon-vibes-bubbly-vibe-o-mini-massageador-10-vibracoes-verde\/#primaryimage"},"thumbnailUrl":"https:\/\/erki24nd3ub.exactdn.com\/wp-content\/uploads\/dream\/img\/img_186133_901a6ad28ce39f83f2e87ef0a00bfdbb_1.jpg?strip=all","datePublished":"2025-09-30T22:02:45+00:00","dateModified":"2026-02-19T20:09:04+00:00","breadcrumb":{"@id":"https:\/\/lovme.pt\/index.php\/produto\/calexotics-neon-vibes-bubbly-vibe-o-mini-massageador-10-vibracoes-verde\/#breadcrumb"},"inLanguage":"pt-PT","potentialAction":[{"@type":"ReadAction","target":["https:\/\/lovme.pt\/index.php\/produto\/calexotics-neon-vibes-bubbly-vibe-o-mini-massageador-10-vibracoes-verde\/"]}]},{"@type":"ImageObject","inLanguage":"pt-PT","@id":"https:\/\/lovme.pt\/index.php\/produto\/calexotics-neon-vibes-bubbly-vibe-o-mini-massageador-10-vibracoes-verde\/#primaryimage","url":"https:\/\/erki24nd3ub.exactdn.com\/wp-content\/uploads\/dream\/img\/img_186133_901a6ad28ce39f83f2e87ef0a00bfdbb_1.jpg?strip=all","contentUrl":"https:\/\/erki24nd3ub.exactdn.com\/wp-content\/uploads\/dream\/img\/img_186133_901a6ad28ce39f83f2e87ef0a00bfdbb_1.jpg?strip=all","width":800,"height":800},{"@type":"BreadcrumbList","@id":"https:\/\/lovme.pt\/index.php\/produto\/calexotics-neon-vibes-bubbly-vibe-o-mini-massageador-10-vibracoes-verde\/#breadcrumb","itemListElement":[{"@type":"ListItem","position":1,"name":"In\u00edcio","item":"https:\/\/lovme.pt\/"},{"@type":"ListItem","position":2,"name":"Loja","item":"https:\/\/lovme.pt\/index.php\/loja\/"},{"@type":"ListItem","position":3,"name":"CALEXOTICS &#8211; NEON VIBES BUBBLY VIBE O MINI MASSAGEADOR 10 VIBRA\u00c7\u00d5ES VERDE"}]},{"@type":"WebSite","@id":"https:\/\/lovme.pt\/#website","url":"https:\/\/lovme.pt\/","name":"Lovme Loja Er\u00f3tica N\u00ba1 em Portugal","description":"A melhor loja er\u00f3tica de Portugal.","alternateName":"Loja Er\u00f3tica Lovme","potentialAction":[{"@type":"SearchAction","target":{"@type":"EntryPoint","urlTemplate":"https:\/\/lovme.pt\/?s={search_term_string}"},"query-input":{"@type":"PropertyValueSpecification","valueRequired":true,"valueName":"search_term_string"}}],"inLanguage":"pt-PT"}]}},"_links":{"self":[{"href":"https:\/\/lovme.pt\/index.php\/wp-json\/wp\/v2\/product\/50069","targetHints":{"allow":["GET"]}}],"collection":[{"href":"https:\/\/lovme.pt\/index.php\/wp-json\/wp\/v2\/product"}],"about":[{"href":"https:\/\/lovme.pt\/index.php\/wp-json\/wp\/v2\/types\/product"}],"wp:featuredmedia":[{"embeddable":true,"href":"https:\/\/lovme.pt\/index.php\/wp-json\/wp\/v2\/media\/73324"}],"wp:attachment":[{"href":"https:\/\/lovme.pt\/index.php\/wp-json\/wp\/v2\/media?parent=50069"}],"wp:term":[{"taxonomy":"product_brand","embeddable":true,"href":"https:\/\/lovme.pt\/index.php\/wp-json\/wp\/v2\/product_brand?post=50069"},{"taxonomy":"product_cat","embeddable":true,"href":"https:\/\/lovme.pt\/index.php\/wp-json\/wp\/v2\/product_cat?post=50069"},{"taxonomy":"product_tag","embeddable":true,"href":"https:\/\/lovme.pt\/index.php\/wp-json\/wp\/v2\/product_tag?post=50069"}],"curies":[{"name":"wp","href":"https:\/\/api.w.org\/{rel}","templated":true}]}}