{"id":50068,"date":"2025-10-01T20:16:46","date_gmt":"2025-10-01T20:16:46","guid":{"rendered":"https:\/\/lovme.pt\/?post_type=product&#038;p=50068"},"modified":"2026-02-19T20:19:25","modified_gmt":"2026-02-19T20:19:25","slug":"calexotics-neon-vibes-buzzing-vibe-o-estimulador-de-dedo-10-vibracoes-laranja","status":"publish","type":"product","link":"https:\/\/lovme.pt\/index.php\/produto\/calexotics-neon-vibes-buzzing-vibe-o-estimulador-de-dedo-10-vibracoes-laranja\/","title":{"rendered":"CALEXOTICS &#8211; NEON VIBES BUZZING VIBE O ESTIMULADOR DE DEDO 10 VIBRA\u00c7\u00d5ES LARANJA"},"content":{"rendered":"<p>Apresentando <strong>o Neon Vibes The Buzzing Vibe<\/strong> , um brinquedo de dedo divertido com design ergon\u00f4mico e sensa\u00e7\u00f5es emocionantes.<\/p>\n<p>Ideal para quem gosta de preliminares, suas antenas tentadoras se adaptam ao seu corpo, garantindo toques precisos e prazerosos.<\/p>\n<p>Com 10 fun\u00e7\u00f5es intensas de vibra\u00e7\u00e3o, ele oferece experi\u00eancias personaliz\u00e1veis, de zumbidos suaves a pulsa\u00e7\u00f5es poderosas. Feito de silicone seguro para o corpo, \u00e9 100% \u00e0 prova d\u00e1gua (IPX7), perfeito para brincadeiras de aventura fora do quarto. O chip de mem\u00f3ria garante a continua\u00e7\u00e3o perfeita da \u00faltima fun\u00e7\u00e3o usada. Com trava de viagem para discri\u00e7\u00e3o e recarreg\u00e1vel por USB para conveni\u00eancia, ele oferece 45 minutos de prazer em alta velocidade ou 50 minutos de explora\u00e7\u00e3o sustentada ap\u00f3s apenas uma hora de carregamento.<\/p>\n<p>Vibra\u00e7\u00f5es Neon A vibra\u00e7\u00e3o vibrante desperta desejos alegres.<\/p>\n<p>\u00a0<\/p>\n<p><u><strong>CARACTER\u00cdSTICAS<\/strong><\/u> :<\/p>\n<ul>\n<li>Estimulador de dedo ergonomicamente curvo com antenas tentadoras<\/li>\n<li>10 fun\u00e7\u00f5es intensas de vibra\u00e7\u00e3o pulsante<\/li>\n<li>Silicone seguro para o corpo e 100% \u00e0 prova d\u00e1gua<\/li>\n<li>Chip de mem\u00f3ria de \u00faltima gera\u00e7\u00e3o retoma a \u00faltima fun\u00e7\u00e3o usada<\/li>\n<li>Recurso de bloqueio de seguran\u00e7a para viagem &#8211; pressione e segure por 3 segundos para ligar ou desligar<\/li>\n<li>Recarreg\u00e1vel por USB &#8211; cabo de carregamento inclu\u00eddo<\/li>\n<li>Totalmente carregado em 1 hora<\/li>\n<li>Funciona por 45 minutos em alta velocidade e 50 minutos em baixa velocidade<\/li>\n<\/ul>\n","protected":false},"excerpt":{"rendered":"<p>CALEXOTICS &#8211; NEON VIBES BUZZING VIBE O ESTIMULADOR DE DEDO 10 VIBRA\u00c7\u00d5ES LARANJA<\/p>\n","protected":false},"featured_media":103422,"template":"","meta":{"_acf_changed":false},"product_brand":[],"product_cat":[17,61,64],"product_tag":[],"class_list":{"0":"post-50068","1":"product","2":"type-product","3":"status-publish","4":"has-post-thumbnail","6":"product_cat-brinquedos-de-bem-estar-sexual","7":"product_cat-para-elas","8":"product_cat-sugadores","9":"yith_product_brand-calexotics","11":"first","12":"instock","13":"taxable","14":"shipping-taxable","15":"purchasable","16":"product-type-simple"},"acf":[],"yoast_head":"<!-- This site is optimized with the Yoast SEO plugin v27.3 - https:\/\/yoast.com\/product\/yoast-seo-wordpress\/ -->\n<title>CALEXOTICS - NEON VIBES BUZZING VIBE O ESTIMULADOR DE DEDO 10 VIBRA\u00c7\u00d5ES LARANJA - Lovme<\/title>\n<meta name=\"robots\" content=\"index, follow, max-snippet:-1, max-image-preview:large, max-video-preview:-1\" \/>\n<link rel=\"canonical\" href=\"https:\/\/lovme.pt\/index.php\/produto\/calexotics-neon-vibes-buzzing-vibe-o-estimulador-de-dedo-10-vibracoes-laranja\/\" \/>\n<meta property=\"og:locale\" content=\"pt_PT\" \/>\n<meta property=\"og:type\" content=\"article\" \/>\n<meta property=\"og:title\" content=\"CALEXOTICS - NEON VIBES BUZZING VIBE O ESTIMULADOR DE DEDO 10 VIBRA\u00c7\u00d5ES LARANJA - Lovme\" \/>\n<meta property=\"og:description\" content=\"CALEXOTICS - NEON VIBES BUZZING VIBE O ESTIMULADOR DE DEDO 10 VIBRA\u00c7\u00d5ES LARANJA\" \/>\n<meta property=\"og:url\" content=\"https:\/\/lovme.pt\/index.php\/produto\/calexotics-neon-vibes-buzzing-vibe-o-estimulador-de-dedo-10-vibracoes-laranja\/\" \/>\n<meta property=\"og:site_name\" content=\"Lovme\" \/>\n<meta property=\"article:modified_time\" content=\"2026-02-19T20:19:25+00:00\" \/>\n<meta property=\"og:image\" content=\"https:\/\/erki24nd3ub.exactdn.com\/wp-content\/uploads\/dream\/img\/img_186120_d4fa1b9a5cebf68bbf7082a9b7229053_1.jpg?strip=all\" \/>\n\t<meta property=\"og:image:width\" content=\"800\" \/>\n\t<meta property=\"og:image:height\" content=\"800\" \/>\n\t<meta property=\"og:image:type\" content=\"image\/jpeg\" \/>\n<meta name=\"twitter:card\" content=\"summary_large_image\" \/>\n<meta name=\"twitter:label1\" content=\"Tempo estimado de leitura\" \/>\n\t<meta name=\"twitter:data1\" content=\"1 minuto\" \/>\n<script type=\"application\/ld+json\" class=\"yoast-schema-graph\">{\"@context\":\"https:\\\/\\\/schema.org\",\"@graph\":[{\"@type\":\"WebPage\",\"@id\":\"https:\\\/\\\/lovme.pt\\\/index.php\\\/produto\\\/calexotics-neon-vibes-buzzing-vibe-o-estimulador-de-dedo-10-vibracoes-laranja\\\/\",\"url\":\"https:\\\/\\\/lovme.pt\\\/index.php\\\/produto\\\/calexotics-neon-vibes-buzzing-vibe-o-estimulador-de-dedo-10-vibracoes-laranja\\\/\",\"name\":\"CALEXOTICS - NEON VIBES BUZZING VIBE O ESTIMULADOR DE DEDO 10 VIBRA\u00c7\u00d5ES LARANJA - Lovme\",\"isPartOf\":{\"@id\":\"https:\\\/\\\/lovme.pt\\\/#website\"},\"primaryImageOfPage\":{\"@id\":\"https:\\\/\\\/lovme.pt\\\/index.php\\\/produto\\\/calexotics-neon-vibes-buzzing-vibe-o-estimulador-de-dedo-10-vibracoes-laranja\\\/#primaryimage\"},\"image\":{\"@id\":\"https:\\\/\\\/lovme.pt\\\/index.php\\\/produto\\\/calexotics-neon-vibes-buzzing-vibe-o-estimulador-de-dedo-10-vibracoes-laranja\\\/#primaryimage\"},\"thumbnailUrl\":\"https:\\\/\\\/erki24nd3ub.exactdn.com\\\/wp-content\\\/uploads\\\/dream\\\/img\\\/img_186120_d4fa1b9a5cebf68bbf7082a9b7229053_1.jpg?strip=all\",\"datePublished\":\"2025-10-01T20:16:46+00:00\",\"dateModified\":\"2026-02-19T20:19:25+00:00\",\"breadcrumb\":{\"@id\":\"https:\\\/\\\/lovme.pt\\\/index.php\\\/produto\\\/calexotics-neon-vibes-buzzing-vibe-o-estimulador-de-dedo-10-vibracoes-laranja\\\/#breadcrumb\"},\"inLanguage\":\"pt-PT\",\"potentialAction\":[{\"@type\":\"ReadAction\",\"target\":[\"https:\\\/\\\/lovme.pt\\\/index.php\\\/produto\\\/calexotics-neon-vibes-buzzing-vibe-o-estimulador-de-dedo-10-vibracoes-laranja\\\/\"]}]},{\"@type\":\"ImageObject\",\"inLanguage\":\"pt-PT\",\"@id\":\"https:\\\/\\\/lovme.pt\\\/index.php\\\/produto\\\/calexotics-neon-vibes-buzzing-vibe-o-estimulador-de-dedo-10-vibracoes-laranja\\\/#primaryimage\",\"url\":\"https:\\\/\\\/erki24nd3ub.exactdn.com\\\/wp-content\\\/uploads\\\/dream\\\/img\\\/img_186120_d4fa1b9a5cebf68bbf7082a9b7229053_1.jpg?strip=all\",\"contentUrl\":\"https:\\\/\\\/erki24nd3ub.exactdn.com\\\/wp-content\\\/uploads\\\/dream\\\/img\\\/img_186120_d4fa1b9a5cebf68bbf7082a9b7229053_1.jpg?strip=all\",\"width\":800,\"height\":800},{\"@type\":\"BreadcrumbList\",\"@id\":\"https:\\\/\\\/lovme.pt\\\/index.php\\\/produto\\\/calexotics-neon-vibes-buzzing-vibe-o-estimulador-de-dedo-10-vibracoes-laranja\\\/#breadcrumb\",\"itemListElement\":[{\"@type\":\"ListItem\",\"position\":1,\"name\":\"In\u00edcio\",\"item\":\"https:\\\/\\\/lovme.pt\\\/\"},{\"@type\":\"ListItem\",\"position\":2,\"name\":\"Loja\",\"item\":\"https:\\\/\\\/lovme.pt\\\/index.php\\\/loja\\\/\"},{\"@type\":\"ListItem\",\"position\":3,\"name\":\"CALEXOTICS &#8211; NEON VIBES BUZZING VIBE O ESTIMULADOR DE DEDO 10 VIBRA\u00c7\u00d5ES LARANJA\"}]},{\"@type\":\"WebSite\",\"@id\":\"https:\\\/\\\/lovme.pt\\\/#website\",\"url\":\"https:\\\/\\\/lovme.pt\\\/\",\"name\":\"Lovme Loja Er\u00f3tica N\u00ba1 em Portugal\",\"description\":\"A melhor loja er\u00f3tica de Portugal.\",\"alternateName\":\"Loja Er\u00f3tica Lovme\",\"potentialAction\":[{\"@type\":\"SearchAction\",\"target\":{\"@type\":\"EntryPoint\",\"urlTemplate\":\"https:\\\/\\\/lovme.pt\\\/?s={search_term_string}\"},\"query-input\":{\"@type\":\"PropertyValueSpecification\",\"valueRequired\":true,\"valueName\":\"search_term_string\"}}],\"inLanguage\":\"pt-PT\"}]}<\/script>\n<!-- \/ Yoast SEO plugin. -->","yoast_head_json":{"title":"CALEXOTICS - NEON VIBES BUZZING VIBE O ESTIMULADOR DE DEDO 10 VIBRA\u00c7\u00d5ES LARANJA - Lovme","robots":{"index":"index","follow":"follow","max-snippet":"max-snippet:-1","max-image-preview":"max-image-preview:large","max-video-preview":"max-video-preview:-1"},"canonical":"https:\/\/lovme.pt\/index.php\/produto\/calexotics-neon-vibes-buzzing-vibe-o-estimulador-de-dedo-10-vibracoes-laranja\/","og_locale":"pt_PT","og_type":"article","og_title":"CALEXOTICS - NEON VIBES BUZZING VIBE O ESTIMULADOR DE DEDO 10 VIBRA\u00c7\u00d5ES LARANJA - Lovme","og_description":"CALEXOTICS - NEON VIBES BUZZING VIBE O ESTIMULADOR DE DEDO 10 VIBRA\u00c7\u00d5ES LARANJA","og_url":"https:\/\/lovme.pt\/index.php\/produto\/calexotics-neon-vibes-buzzing-vibe-o-estimulador-de-dedo-10-vibracoes-laranja\/","og_site_name":"Lovme","article_modified_time":"2026-02-19T20:19:25+00:00","og_image":[{"width":800,"height":800,"url":"https:\/\/erki24nd3ub.exactdn.com\/wp-content\/uploads\/dream\/img\/img_186120_d4fa1b9a5cebf68bbf7082a9b7229053_1.jpg?strip=all","type":"image\/jpeg"}],"twitter_card":"summary_large_image","twitter_misc":{"Tempo estimado de leitura":"1 minuto"},"schema":{"@context":"https:\/\/schema.org","@graph":[{"@type":"WebPage","@id":"https:\/\/lovme.pt\/index.php\/produto\/calexotics-neon-vibes-buzzing-vibe-o-estimulador-de-dedo-10-vibracoes-laranja\/","url":"https:\/\/lovme.pt\/index.php\/produto\/calexotics-neon-vibes-buzzing-vibe-o-estimulador-de-dedo-10-vibracoes-laranja\/","name":"CALEXOTICS - NEON VIBES BUZZING VIBE O ESTIMULADOR DE DEDO 10 VIBRA\u00c7\u00d5ES LARANJA - Lovme","isPartOf":{"@id":"https:\/\/lovme.pt\/#website"},"primaryImageOfPage":{"@id":"https:\/\/lovme.pt\/index.php\/produto\/calexotics-neon-vibes-buzzing-vibe-o-estimulador-de-dedo-10-vibracoes-laranja\/#primaryimage"},"image":{"@id":"https:\/\/lovme.pt\/index.php\/produto\/calexotics-neon-vibes-buzzing-vibe-o-estimulador-de-dedo-10-vibracoes-laranja\/#primaryimage"},"thumbnailUrl":"https:\/\/erki24nd3ub.exactdn.com\/wp-content\/uploads\/dream\/img\/img_186120_d4fa1b9a5cebf68bbf7082a9b7229053_1.jpg?strip=all","datePublished":"2025-10-01T20:16:46+00:00","dateModified":"2026-02-19T20:19:25+00:00","breadcrumb":{"@id":"https:\/\/lovme.pt\/index.php\/produto\/calexotics-neon-vibes-buzzing-vibe-o-estimulador-de-dedo-10-vibracoes-laranja\/#breadcrumb"},"inLanguage":"pt-PT","potentialAction":[{"@type":"ReadAction","target":["https:\/\/lovme.pt\/index.php\/produto\/calexotics-neon-vibes-buzzing-vibe-o-estimulador-de-dedo-10-vibracoes-laranja\/"]}]},{"@type":"ImageObject","inLanguage":"pt-PT","@id":"https:\/\/lovme.pt\/index.php\/produto\/calexotics-neon-vibes-buzzing-vibe-o-estimulador-de-dedo-10-vibracoes-laranja\/#primaryimage","url":"https:\/\/erki24nd3ub.exactdn.com\/wp-content\/uploads\/dream\/img\/img_186120_d4fa1b9a5cebf68bbf7082a9b7229053_1.jpg?strip=all","contentUrl":"https:\/\/erki24nd3ub.exactdn.com\/wp-content\/uploads\/dream\/img\/img_186120_d4fa1b9a5cebf68bbf7082a9b7229053_1.jpg?strip=all","width":800,"height":800},{"@type":"BreadcrumbList","@id":"https:\/\/lovme.pt\/index.php\/produto\/calexotics-neon-vibes-buzzing-vibe-o-estimulador-de-dedo-10-vibracoes-laranja\/#breadcrumb","itemListElement":[{"@type":"ListItem","position":1,"name":"In\u00edcio","item":"https:\/\/lovme.pt\/"},{"@type":"ListItem","position":2,"name":"Loja","item":"https:\/\/lovme.pt\/index.php\/loja\/"},{"@type":"ListItem","position":3,"name":"CALEXOTICS &#8211; NEON VIBES BUZZING VIBE O ESTIMULADOR DE DEDO 10 VIBRA\u00c7\u00d5ES LARANJA"}]},{"@type":"WebSite","@id":"https:\/\/lovme.pt\/#website","url":"https:\/\/lovme.pt\/","name":"Lovme Loja Er\u00f3tica N\u00ba1 em Portugal","description":"A melhor loja er\u00f3tica de Portugal.","alternateName":"Loja Er\u00f3tica Lovme","potentialAction":[{"@type":"SearchAction","target":{"@type":"EntryPoint","urlTemplate":"https:\/\/lovme.pt\/?s={search_term_string}"},"query-input":{"@type":"PropertyValueSpecification","valueRequired":true,"valueName":"search_term_string"}}],"inLanguage":"pt-PT"}]}},"_links":{"self":[{"href":"https:\/\/lovme.pt\/index.php\/wp-json\/wp\/v2\/product\/50068","targetHints":{"allow":["GET"]}}],"collection":[{"href":"https:\/\/lovme.pt\/index.php\/wp-json\/wp\/v2\/product"}],"about":[{"href":"https:\/\/lovme.pt\/index.php\/wp-json\/wp\/v2\/types\/product"}],"wp:featuredmedia":[{"embeddable":true,"href":"https:\/\/lovme.pt\/index.php\/wp-json\/wp\/v2\/media\/103422"}],"wp:attachment":[{"href":"https:\/\/lovme.pt\/index.php\/wp-json\/wp\/v2\/media?parent=50068"}],"wp:term":[{"taxonomy":"product_brand","embeddable":true,"href":"https:\/\/lovme.pt\/index.php\/wp-json\/wp\/v2\/product_brand?post=50068"},{"taxonomy":"product_cat","embeddable":true,"href":"https:\/\/lovme.pt\/index.php\/wp-json\/wp\/v2\/product_cat?post=50068"},{"taxonomy":"product_tag","embeddable":true,"href":"https:\/\/lovme.pt\/index.php\/wp-json\/wp\/v2\/product_tag?post=50068"}],"curies":[{"name":"wp","href":"https:\/\/api.w.org\/{rel}","templated":true}]}}