{"id":50060,"date":"2025-10-01T02:24:07","date_gmt":"2025-10-01T02:24:07","guid":{"rendered":"https:\/\/lovme.pt\/?post_type=product&p=50060"},"modified":"2026-02-19T20:19:05","modified_gmt":"2026-02-19T20:19:05","slug":"calexotics-the-roller-babe-duplo-masturbador-realistico-carne","status":"publish","type":"product","link":"https:\/\/lovme.pt\/index.php\/produto\/calexotics-the-roller-babe-duplo-masturbador-realistico-carne\/","title":{"rendered":"CALEXOTICS &#8211; THE ROLLER BABE DUPLO MASTURBADOR REAL\u00cdSTICO CARNE"},"content":{"rendered":"<p>Experimente uma excita\u00e7\u00e3o de alta octanagem com <strong>o Cheap Thrills The Roller Babe<\/strong> , um masturbador pesado de 2,5 lb\/1,1 kg feito de material Pure Skin realista.<\/p>\n<p>Seu design de entrada dupla convida \u00e0 explora\u00e7\u00e3o de aventuras pela porta da frente e pelos fundos, cada uma oferecendo sensa\u00e7\u00f5es \u00fanicas.<\/p>\n<p>A composi\u00e7\u00e3o macia, justa e el\u00e1stica garante cobertura completa e firme, enquanto o interior multitexturizado estimula com precis\u00e3o. O design de extremidade fechada intensifica o prazer com suc\u00e7\u00e3o poderosa, imitando a intimidade.<\/p>\n<p>Sem necessidade de manuten\u00e7\u00e3o e anatomicamente correto, ele celebra a paix\u00e3o e a emo\u00e7\u00e3o, oferecendo um passeio emocionante para aqueles que buscam experi\u00eancias sensoriais intensas.<\/p>\n<p>\u00a0<\/p>\n<p><u><strong>CARACTER\u00cdSTICAS<\/strong><\/u> :<\/p>\n<ul>\n<li>1,1 kg de prazer intenso de car\u00edcias<\/li>\n<li>Masturbador Pure Skin ultra-realista<\/li>\n<li>Entrada dupla para a\u00e7\u00e3o frontal ou traseira.<\/li>\n<li>Macio, confort\u00e1vel e el\u00e1stico<\/li>\n<li>Estimula\u00e7\u00e3o multitexturizada<\/li>\n<li>Extremidade fechada para suc\u00e7\u00e3o superior.<\/li>\n<li>Sem manuten\u00e7\u00e3o<\/li>\n<\/ul>\n","protected":false},"excerpt":{"rendered":"<p>CALEXOTICS &#8211; THE ROLLER BABE DUPLO MASTURBADOR REAL\u00cdSTICO CARNE<\/p>\n","protected":false},"featured_media":96678,"template":"","meta":{"_acf_changed":false},"product_brand":[],"product_cat":[17,58,60],"product_tag":[],"class_list":{"0":"post-50060","1":"product","2":"type-product","3":"status-publish","4":"has-post-thumbnail","6":"product_cat-brinquedos-de-bem-estar-sexual","7":"product_cat-masturbadores-para-penis","8":"product_cat-para-eles","9":"yith_product_brand-calexotics","11":"first","12":"instock","13":"taxable","14":"shipping-taxable","15":"purchasable","16":"product-type-simple"},"acf":[],"yoast_head":"<!-- This site is optimized with the Yoast SEO plugin v27.3 - https:\/\/yoast.com\/product\/yoast-seo-wordpress\/ -->\n<title>CALEXOTICS - THE ROLLER BABE DUPLO MASTURBADOR REAL\u00cdSTICO CARNE - Lovme<\/title>\n<meta name=\"robots\" content=\"index, follow, max-snippet:-1, max-image-preview:large, max-video-preview:-1\" \/>\n<link rel=\"canonical\" href=\"https:\/\/lovme.pt\/index.php\/produto\/calexotics-the-roller-babe-duplo-masturbador-realistico-carne\/\" \/>\n<meta property=\"og:locale\" content=\"pt_PT\" \/>\n<meta property=\"og:type\" content=\"article\" \/>\n<meta property=\"og:title\" content=\"CALEXOTICS - THE ROLLER BABE DUPLO MASTURBADOR REAL\u00cdSTICO CARNE - Lovme\" \/>\n<meta property=\"og:description\" content=\"CALEXOTICS - THE ROLLER BABE DUPLO MASTURBADOR REAL\u00cdSTICO CARNE\" \/>\n<meta property=\"og:url\" content=\"https:\/\/lovme.pt\/index.php\/produto\/calexotics-the-roller-babe-duplo-masturbador-realistico-carne\/\" \/>\n<meta property=\"og:site_name\" content=\"Lovme\" \/>\n<meta property=\"article:modified_time\" content=\"2026-02-19T20:19:05+00:00\" \/>\n<meta property=\"og:image\" content=\"https:\/\/erki24nd3ub.exactdn.com\/wp-content\/uploads\/dream\/img\/img_186030_c1146646ff47405cf43cf9e27cc16670_1.jpg?strip=all\" \/>\n\t<meta property=\"og:image:width\" content=\"800\" \/>\n\t<meta property=\"og:image:height\" content=\"800\" \/>\n\t<meta property=\"og:image:type\" content=\"image\/jpeg\" \/>\n<meta name=\"twitter:card\" content=\"summary_large_image\" \/>\n<meta name=\"twitter:label1\" content=\"Tempo estimado de leitura\" \/>\n\t<meta name=\"twitter:data1\" content=\"1 minuto\" \/>\n<script type=\"application\/ld+json\" class=\"yoast-schema-graph\">{\"@context\":\"https:\\\/\\\/schema.org\",\"@graph\":[{\"@type\":\"WebPage\",\"@id\":\"https:\\\/\\\/lovme.pt\\\/index.php\\\/produto\\\/calexotics-the-roller-babe-duplo-masturbador-realistico-carne\\\/\",\"url\":\"https:\\\/\\\/lovme.pt\\\/index.php\\\/produto\\\/calexotics-the-roller-babe-duplo-masturbador-realistico-carne\\\/\",\"name\":\"CALEXOTICS - THE ROLLER BABE DUPLO MASTURBADOR REAL\u00cdSTICO CARNE - Lovme\",\"isPartOf\":{\"@id\":\"https:\\\/\\\/lovme.pt\\\/#website\"},\"primaryImageOfPage\":{\"@id\":\"https:\\\/\\\/lovme.pt\\\/index.php\\\/produto\\\/calexotics-the-roller-babe-duplo-masturbador-realistico-carne\\\/#primaryimage\"},\"image\":{\"@id\":\"https:\\\/\\\/lovme.pt\\\/index.php\\\/produto\\\/calexotics-the-roller-babe-duplo-masturbador-realistico-carne\\\/#primaryimage\"},\"thumbnailUrl\":\"https:\\\/\\\/erki24nd3ub.exactdn.com\\\/wp-content\\\/uploads\\\/dream\\\/img\\\/img_186030_c1146646ff47405cf43cf9e27cc16670_1.jpg?strip=all\",\"datePublished\":\"2025-10-01T02:24:07+00:00\",\"dateModified\":\"2026-02-19T20:19:05+00:00\",\"breadcrumb\":{\"@id\":\"https:\\\/\\\/lovme.pt\\\/index.php\\\/produto\\\/calexotics-the-roller-babe-duplo-masturbador-realistico-carne\\\/#breadcrumb\"},\"inLanguage\":\"pt-PT\",\"potentialAction\":[{\"@type\":\"ReadAction\",\"target\":[\"https:\\\/\\\/lovme.pt\\\/index.php\\\/produto\\\/calexotics-the-roller-babe-duplo-masturbador-realistico-carne\\\/\"]}]},{\"@type\":\"ImageObject\",\"inLanguage\":\"pt-PT\",\"@id\":\"https:\\\/\\\/lovme.pt\\\/index.php\\\/produto\\\/calexotics-the-roller-babe-duplo-masturbador-realistico-carne\\\/#primaryimage\",\"url\":\"https:\\\/\\\/erki24nd3ub.exactdn.com\\\/wp-content\\\/uploads\\\/dream\\\/img\\\/img_186030_c1146646ff47405cf43cf9e27cc16670_1.jpg?strip=all\",\"contentUrl\":\"https:\\\/\\\/erki24nd3ub.exactdn.com\\\/wp-content\\\/uploads\\\/dream\\\/img\\\/img_186030_c1146646ff47405cf43cf9e27cc16670_1.jpg?strip=all\",\"width\":800,\"height\":800},{\"@type\":\"BreadcrumbList\",\"@id\":\"https:\\\/\\\/lovme.pt\\\/index.php\\\/produto\\\/calexotics-the-roller-babe-duplo-masturbador-realistico-carne\\\/#breadcrumb\",\"itemListElement\":[{\"@type\":\"ListItem\",\"position\":1,\"name\":\"In\u00edcio\",\"item\":\"https:\\\/\\\/lovme.pt\\\/\"},{\"@type\":\"ListItem\",\"position\":2,\"name\":\"Loja\",\"item\":\"https:\\\/\\\/lovme.pt\\\/index.php\\\/loja\\\/\"},{\"@type\":\"ListItem\",\"position\":3,\"name\":\"CALEXOTICS &#8211; THE ROLLER BABE DUPLO MASTURBADOR REAL\u00cdSTICO CARNE\"}]},{\"@type\":\"WebSite\",\"@id\":\"https:\\\/\\\/lovme.pt\\\/#website\",\"url\":\"https:\\\/\\\/lovme.pt\\\/\",\"name\":\"Lovme Loja Er\u00f3tica N\u00ba1 em Portugal\",\"description\":\"A melhor loja er\u00f3tica de Portugal.\",\"alternateName\":\"Loja Er\u00f3tica Lovme\",\"potentialAction\":[{\"@type\":\"SearchAction\",\"target\":{\"@type\":\"EntryPoint\",\"urlTemplate\":\"https:\\\/\\\/lovme.pt\\\/?s={search_term_string}\"},\"query-input\":{\"@type\":\"PropertyValueSpecification\",\"valueRequired\":true,\"valueName\":\"search_term_string\"}}],\"inLanguage\":\"pt-PT\"}]}<\/script>\n<!-- \/ Yoast SEO plugin. -->","yoast_head_json":{"title":"CALEXOTICS - THE ROLLER BABE DUPLO MASTURBADOR REAL\u00cdSTICO CARNE - Lovme","robots":{"index":"index","follow":"follow","max-snippet":"max-snippet:-1","max-image-preview":"max-image-preview:large","max-video-preview":"max-video-preview:-1"},"canonical":"https:\/\/lovme.pt\/index.php\/produto\/calexotics-the-roller-babe-duplo-masturbador-realistico-carne\/","og_locale":"pt_PT","og_type":"article","og_title":"CALEXOTICS - THE ROLLER BABE DUPLO MASTURBADOR REAL\u00cdSTICO CARNE - Lovme","og_description":"CALEXOTICS - THE ROLLER BABE DUPLO MASTURBADOR REAL\u00cdSTICO CARNE","og_url":"https:\/\/lovme.pt\/index.php\/produto\/calexotics-the-roller-babe-duplo-masturbador-realistico-carne\/","og_site_name":"Lovme","article_modified_time":"2026-02-19T20:19:05+00:00","og_image":[{"width":800,"height":800,"url":"https:\/\/erki24nd3ub.exactdn.com\/wp-content\/uploads\/dream\/img\/img_186030_c1146646ff47405cf43cf9e27cc16670_1.jpg?strip=all","type":"image\/jpeg"}],"twitter_card":"summary_large_image","twitter_misc":{"Tempo estimado de leitura":"1 minuto"},"schema":{"@context":"https:\/\/schema.org","@graph":[{"@type":"WebPage","@id":"https:\/\/lovme.pt\/index.php\/produto\/calexotics-the-roller-babe-duplo-masturbador-realistico-carne\/","url":"https:\/\/lovme.pt\/index.php\/produto\/calexotics-the-roller-babe-duplo-masturbador-realistico-carne\/","name":"CALEXOTICS - THE ROLLER BABE DUPLO MASTURBADOR REAL\u00cdSTICO CARNE - Lovme","isPartOf":{"@id":"https:\/\/lovme.pt\/#website"},"primaryImageOfPage":{"@id":"https:\/\/lovme.pt\/index.php\/produto\/calexotics-the-roller-babe-duplo-masturbador-realistico-carne\/#primaryimage"},"image":{"@id":"https:\/\/lovme.pt\/index.php\/produto\/calexotics-the-roller-babe-duplo-masturbador-realistico-carne\/#primaryimage"},"thumbnailUrl":"https:\/\/erki24nd3ub.exactdn.com\/wp-content\/uploads\/dream\/img\/img_186030_c1146646ff47405cf43cf9e27cc16670_1.jpg?strip=all","datePublished":"2025-10-01T02:24:07+00:00","dateModified":"2026-02-19T20:19:05+00:00","breadcrumb":{"@id":"https:\/\/lovme.pt\/index.php\/produto\/calexotics-the-roller-babe-duplo-masturbador-realistico-carne\/#breadcrumb"},"inLanguage":"pt-PT","potentialAction":[{"@type":"ReadAction","target":["https:\/\/lovme.pt\/index.php\/produto\/calexotics-the-roller-babe-duplo-masturbador-realistico-carne\/"]}]},{"@type":"ImageObject","inLanguage":"pt-PT","@id":"https:\/\/lovme.pt\/index.php\/produto\/calexotics-the-roller-babe-duplo-masturbador-realistico-carne\/#primaryimage","url":"https:\/\/erki24nd3ub.exactdn.com\/wp-content\/uploads\/dream\/img\/img_186030_c1146646ff47405cf43cf9e27cc16670_1.jpg?strip=all","contentUrl":"https:\/\/erki24nd3ub.exactdn.com\/wp-content\/uploads\/dream\/img\/img_186030_c1146646ff47405cf43cf9e27cc16670_1.jpg?strip=all","width":800,"height":800},{"@type":"BreadcrumbList","@id":"https:\/\/lovme.pt\/index.php\/produto\/calexotics-the-roller-babe-duplo-masturbador-realistico-carne\/#breadcrumb","itemListElement":[{"@type":"ListItem","position":1,"name":"In\u00edcio","item":"https:\/\/lovme.pt\/"},{"@type":"ListItem","position":2,"name":"Loja","item":"https:\/\/lovme.pt\/index.php\/loja\/"},{"@type":"ListItem","position":3,"name":"CALEXOTICS &#8211; THE ROLLER BABE DUPLO MASTURBADOR REAL\u00cdSTICO CARNE"}]},{"@type":"WebSite","@id":"https:\/\/lovme.pt\/#website","url":"https:\/\/lovme.pt\/","name":"Lovme Loja Er\u00f3tica N\u00ba1 em Portugal","description":"A melhor loja er\u00f3tica de Portugal.","alternateName":"Loja Er\u00f3tica Lovme","potentialAction":[{"@type":"SearchAction","target":{"@type":"EntryPoint","urlTemplate":"https:\/\/lovme.pt\/?s={search_term_string}"},"query-input":{"@type":"PropertyValueSpecification","valueRequired":true,"valueName":"search_term_string"}}],"inLanguage":"pt-PT"}]}},"_links":{"self":[{"href":"https:\/\/lovme.pt\/index.php\/wp-json\/wp\/v2\/product\/50060","targetHints":{"allow":["GET"]}}],"collection":[{"href":"https:\/\/lovme.pt\/index.php\/wp-json\/wp\/v2\/product"}],"about":[{"href":"https:\/\/lovme.pt\/index.php\/wp-json\/wp\/v2\/types\/product"}],"wp:featuredmedia":[{"embeddable":true,"href":"https:\/\/lovme.pt\/index.php\/wp-json\/wp\/v2\/media\/96678"}],"wp:attachment":[{"href":"https:\/\/lovme.pt\/index.php\/wp-json\/wp\/v2\/media?parent=50060"}],"wp:term":[{"taxonomy":"product_brand","embeddable":true,"href":"https:\/\/lovme.pt\/index.php\/wp-json\/wp\/v2\/product_brand?post=50060"},{"taxonomy":"product_cat","embeddable":true,"href":"https:\/\/lovme.pt\/index.php\/wp-json\/wp\/v2\/product_cat?post=50060"},{"taxonomy":"product_tag","embeddable":true,"href":"https:\/\/lovme.pt\/index.php\/wp-json\/wp\/v2\/product_tag?post=50060"}],"curies":[{"name":"wp","href":"https:\/\/api.w.org\/{rel}","templated":true}]}}