{"id":50059,"date":"2025-10-01T02:24:04","date_gmt":"2025-10-01T02:24:04","guid":{"rendered":"https:\/\/lovme.pt\/?post_type=product&p=50059"},"modified":"2026-02-19T20:19:05","modified_gmt":"2026-02-19T20:19:05","slug":"calexotics-a-filha-do-fazendeiro-duplo-masturbador-realista-carne","status":"publish","type":"product","link":"https:\/\/lovme.pt\/index.php\/produto\/calexotics-a-filha-do-fazendeiro-duplo-masturbador-realista-carne\/","title":{"rendered":"CALEXOTICS &#8211; A FILHA DO FAZENDEIRO DUPLO MASTURBADOR REALISTA CARNE"},"content":{"rendered":"<p>Viva uma fantasia r\u00fastica com <strong>o Cheap Thrills The Farmers Daughter<\/strong> , um masturbador de 2,5 lbs. \/ 1,1 kg feito de material Pure Skin realista.<\/p>\n<p>Seu design de entrada dupla permite uso vers\u00e1til para portas dianteiras e traseiras, com uma composi\u00e7\u00e3o macia, firme e el\u00e1stica para uma experi\u00eancia multissensorial.<\/p>\n<p>A c\u00e2mara interna apresenta diversas texturas para estimula\u00e7\u00e3o precisa, intensificadas pela extremidade fechada para maior suc\u00e7\u00e3o.<\/p>\n<p>O design anatomicamente correto aumenta o realismo e promete encontros memor\u00e1veis. Livre de manuten\u00e7\u00e3o, sempre pronto para realizar fantasias e satisfazer desejos.<\/p>\n<p>\u00a0<\/p>\n<p><u><strong>CARACTER\u00cdSTICAS<\/strong><\/u> :<\/p>\n<ul>\n<li>1,1 kg de prazer intenso de car\u00edcias<\/li>\n<li>Masturbador Pure Skin ultra-realista<\/li>\n<li>Entrada dupla para a\u00e7\u00e3o frontal ou traseira.<\/li>\n<li>Macio, confort\u00e1vel e el\u00e1stico<\/li>\n<li>Estimula\u00e7\u00e3o multitexturizada<\/li>\n<li>Extremidade fechada para suc\u00e7\u00e3o superior.<\/li>\n<li>Sem manuten\u00e7\u00e3o<\/li>\n<\/ul>\n","protected":false},"excerpt":{"rendered":"<p>CALEXOTICS &#8211; A FILHA DO FAZENDEIRO DUPLO MASTURBADOR REALISTA CARNE<\/p>\n","protected":false},"featured_media":96673,"template":"","meta":{"_acf_changed":false},"product_brand":[],"product_cat":[17,58,60],"product_tag":[],"class_list":{"0":"post-50059","1":"product","2":"type-product","3":"status-publish","4":"has-post-thumbnail","6":"product_cat-brinquedos-de-bem-estar-sexual","7":"product_cat-masturbadores-para-penis","8":"product_cat-para-eles","9":"yith_product_brand-calexotics","11":"first","12":"instock","13":"taxable","14":"shipping-taxable","15":"purchasable","16":"product-type-simple"},"acf":[],"yoast_head":"<!-- This site is optimized with the Yoast SEO plugin v27.3 - https:\/\/yoast.com\/product\/yoast-seo-wordpress\/ -->\n<title>CALEXOTICS - A FILHA DO FAZENDEIRO DUPLO MASTURBADOR REALISTA CARNE - Lovme<\/title>\n<meta name=\"robots\" content=\"index, follow, max-snippet:-1, max-image-preview:large, max-video-preview:-1\" \/>\n<link rel=\"canonical\" href=\"https:\/\/lovme.pt\/index.php\/produto\/calexotics-a-filha-do-fazendeiro-duplo-masturbador-realista-carne\/\" \/>\n<meta property=\"og:locale\" content=\"pt_PT\" \/>\n<meta property=\"og:type\" content=\"article\" \/>\n<meta property=\"og:title\" content=\"CALEXOTICS - A FILHA DO FAZENDEIRO DUPLO MASTURBADOR REALISTA CARNE - Lovme\" \/>\n<meta property=\"og:description\" content=\"CALEXOTICS - A FILHA DO FAZENDEIRO DUPLO MASTURBADOR REALISTA CARNE\" \/>\n<meta property=\"og:url\" content=\"https:\/\/lovme.pt\/index.php\/produto\/calexotics-a-filha-do-fazendeiro-duplo-masturbador-realista-carne\/\" \/>\n<meta property=\"og:site_name\" content=\"Lovme\" \/>\n<meta property=\"article:modified_time\" content=\"2026-02-19T20:19:05+00:00\" \/>\n<meta property=\"og:image\" content=\"https:\/\/erki24nd3ub.exactdn.com\/wp-content\/uploads\/dream\/img\/img_186024_18dc8c3e3ff52024e9cc6e9cf3ba96d8_1.jpg?strip=all\" \/>\n\t<meta property=\"og:image:width\" content=\"800\" \/>\n\t<meta property=\"og:image:height\" content=\"800\" \/>\n\t<meta property=\"og:image:type\" content=\"image\/jpeg\" \/>\n<meta name=\"twitter:card\" content=\"summary_large_image\" \/>\n<meta name=\"twitter:label1\" content=\"Tempo estimado de leitura\" \/>\n\t<meta name=\"twitter:data1\" content=\"1 minuto\" \/>\n<script type=\"application\/ld+json\" class=\"yoast-schema-graph\">{\"@context\":\"https:\\\/\\\/schema.org\",\"@graph\":[{\"@type\":\"WebPage\",\"@id\":\"https:\\\/\\\/lovme.pt\\\/index.php\\\/produto\\\/calexotics-a-filha-do-fazendeiro-duplo-masturbador-realista-carne\\\/\",\"url\":\"https:\\\/\\\/lovme.pt\\\/index.php\\\/produto\\\/calexotics-a-filha-do-fazendeiro-duplo-masturbador-realista-carne\\\/\",\"name\":\"CALEXOTICS - A FILHA DO FAZENDEIRO DUPLO MASTURBADOR REALISTA CARNE - Lovme\",\"isPartOf\":{\"@id\":\"https:\\\/\\\/lovme.pt\\\/#website\"},\"primaryImageOfPage\":{\"@id\":\"https:\\\/\\\/lovme.pt\\\/index.php\\\/produto\\\/calexotics-a-filha-do-fazendeiro-duplo-masturbador-realista-carne\\\/#primaryimage\"},\"image\":{\"@id\":\"https:\\\/\\\/lovme.pt\\\/index.php\\\/produto\\\/calexotics-a-filha-do-fazendeiro-duplo-masturbador-realista-carne\\\/#primaryimage\"},\"thumbnailUrl\":\"https:\\\/\\\/erki24nd3ub.exactdn.com\\\/wp-content\\\/uploads\\\/dream\\\/img\\\/img_186024_18dc8c3e3ff52024e9cc6e9cf3ba96d8_1.jpg?strip=all\",\"datePublished\":\"2025-10-01T02:24:04+00:00\",\"dateModified\":\"2026-02-19T20:19:05+00:00\",\"breadcrumb\":{\"@id\":\"https:\\\/\\\/lovme.pt\\\/index.php\\\/produto\\\/calexotics-a-filha-do-fazendeiro-duplo-masturbador-realista-carne\\\/#breadcrumb\"},\"inLanguage\":\"pt-PT\",\"potentialAction\":[{\"@type\":\"ReadAction\",\"target\":[\"https:\\\/\\\/lovme.pt\\\/index.php\\\/produto\\\/calexotics-a-filha-do-fazendeiro-duplo-masturbador-realista-carne\\\/\"]}]},{\"@type\":\"ImageObject\",\"inLanguage\":\"pt-PT\",\"@id\":\"https:\\\/\\\/lovme.pt\\\/index.php\\\/produto\\\/calexotics-a-filha-do-fazendeiro-duplo-masturbador-realista-carne\\\/#primaryimage\",\"url\":\"https:\\\/\\\/erki24nd3ub.exactdn.com\\\/wp-content\\\/uploads\\\/dream\\\/img\\\/img_186024_18dc8c3e3ff52024e9cc6e9cf3ba96d8_1.jpg?strip=all\",\"contentUrl\":\"https:\\\/\\\/erki24nd3ub.exactdn.com\\\/wp-content\\\/uploads\\\/dream\\\/img\\\/img_186024_18dc8c3e3ff52024e9cc6e9cf3ba96d8_1.jpg?strip=all\",\"width\":800,\"height\":800},{\"@type\":\"BreadcrumbList\",\"@id\":\"https:\\\/\\\/lovme.pt\\\/index.php\\\/produto\\\/calexotics-a-filha-do-fazendeiro-duplo-masturbador-realista-carne\\\/#breadcrumb\",\"itemListElement\":[{\"@type\":\"ListItem\",\"position\":1,\"name\":\"In\u00edcio\",\"item\":\"https:\\\/\\\/lovme.pt\\\/\"},{\"@type\":\"ListItem\",\"position\":2,\"name\":\"Loja\",\"item\":\"https:\\\/\\\/lovme.pt\\\/index.php\\\/loja\\\/\"},{\"@type\":\"ListItem\",\"position\":3,\"name\":\"CALEXOTICS &#8211; A FILHA DO FAZENDEIRO DUPLO MASTURBADOR REALISTA CARNE\"}]},{\"@type\":\"WebSite\",\"@id\":\"https:\\\/\\\/lovme.pt\\\/#website\",\"url\":\"https:\\\/\\\/lovme.pt\\\/\",\"name\":\"Lovme Loja Er\u00f3tica N\u00ba1 em Portugal\",\"description\":\"A melhor loja er\u00f3tica de Portugal.\",\"alternateName\":\"Loja Er\u00f3tica Lovme\",\"potentialAction\":[{\"@type\":\"SearchAction\",\"target\":{\"@type\":\"EntryPoint\",\"urlTemplate\":\"https:\\\/\\\/lovme.pt\\\/?s={search_term_string}\"},\"query-input\":{\"@type\":\"PropertyValueSpecification\",\"valueRequired\":true,\"valueName\":\"search_term_string\"}}],\"inLanguage\":\"pt-PT\"}]}<\/script>\n<!-- \/ Yoast SEO plugin. -->","yoast_head_json":{"title":"CALEXOTICS - A FILHA DO FAZENDEIRO DUPLO MASTURBADOR REALISTA CARNE - Lovme","robots":{"index":"index","follow":"follow","max-snippet":"max-snippet:-1","max-image-preview":"max-image-preview:large","max-video-preview":"max-video-preview:-1"},"canonical":"https:\/\/lovme.pt\/index.php\/produto\/calexotics-a-filha-do-fazendeiro-duplo-masturbador-realista-carne\/","og_locale":"pt_PT","og_type":"article","og_title":"CALEXOTICS - A FILHA DO FAZENDEIRO DUPLO MASTURBADOR REALISTA CARNE - Lovme","og_description":"CALEXOTICS - A FILHA DO FAZENDEIRO DUPLO MASTURBADOR REALISTA CARNE","og_url":"https:\/\/lovme.pt\/index.php\/produto\/calexotics-a-filha-do-fazendeiro-duplo-masturbador-realista-carne\/","og_site_name":"Lovme","article_modified_time":"2026-02-19T20:19:05+00:00","og_image":[{"width":800,"height":800,"url":"https:\/\/erki24nd3ub.exactdn.com\/wp-content\/uploads\/dream\/img\/img_186024_18dc8c3e3ff52024e9cc6e9cf3ba96d8_1.jpg?strip=all","type":"image\/jpeg"}],"twitter_card":"summary_large_image","twitter_misc":{"Tempo estimado de leitura":"1 minuto"},"schema":{"@context":"https:\/\/schema.org","@graph":[{"@type":"WebPage","@id":"https:\/\/lovme.pt\/index.php\/produto\/calexotics-a-filha-do-fazendeiro-duplo-masturbador-realista-carne\/","url":"https:\/\/lovme.pt\/index.php\/produto\/calexotics-a-filha-do-fazendeiro-duplo-masturbador-realista-carne\/","name":"CALEXOTICS - A FILHA DO FAZENDEIRO DUPLO MASTURBADOR REALISTA CARNE - Lovme","isPartOf":{"@id":"https:\/\/lovme.pt\/#website"},"primaryImageOfPage":{"@id":"https:\/\/lovme.pt\/index.php\/produto\/calexotics-a-filha-do-fazendeiro-duplo-masturbador-realista-carne\/#primaryimage"},"image":{"@id":"https:\/\/lovme.pt\/index.php\/produto\/calexotics-a-filha-do-fazendeiro-duplo-masturbador-realista-carne\/#primaryimage"},"thumbnailUrl":"https:\/\/erki24nd3ub.exactdn.com\/wp-content\/uploads\/dream\/img\/img_186024_18dc8c3e3ff52024e9cc6e9cf3ba96d8_1.jpg?strip=all","datePublished":"2025-10-01T02:24:04+00:00","dateModified":"2026-02-19T20:19:05+00:00","breadcrumb":{"@id":"https:\/\/lovme.pt\/index.php\/produto\/calexotics-a-filha-do-fazendeiro-duplo-masturbador-realista-carne\/#breadcrumb"},"inLanguage":"pt-PT","potentialAction":[{"@type":"ReadAction","target":["https:\/\/lovme.pt\/index.php\/produto\/calexotics-a-filha-do-fazendeiro-duplo-masturbador-realista-carne\/"]}]},{"@type":"ImageObject","inLanguage":"pt-PT","@id":"https:\/\/lovme.pt\/index.php\/produto\/calexotics-a-filha-do-fazendeiro-duplo-masturbador-realista-carne\/#primaryimage","url":"https:\/\/erki24nd3ub.exactdn.com\/wp-content\/uploads\/dream\/img\/img_186024_18dc8c3e3ff52024e9cc6e9cf3ba96d8_1.jpg?strip=all","contentUrl":"https:\/\/erki24nd3ub.exactdn.com\/wp-content\/uploads\/dream\/img\/img_186024_18dc8c3e3ff52024e9cc6e9cf3ba96d8_1.jpg?strip=all","width":800,"height":800},{"@type":"BreadcrumbList","@id":"https:\/\/lovme.pt\/index.php\/produto\/calexotics-a-filha-do-fazendeiro-duplo-masturbador-realista-carne\/#breadcrumb","itemListElement":[{"@type":"ListItem","position":1,"name":"In\u00edcio","item":"https:\/\/lovme.pt\/"},{"@type":"ListItem","position":2,"name":"Loja","item":"https:\/\/lovme.pt\/index.php\/loja\/"},{"@type":"ListItem","position":3,"name":"CALEXOTICS &#8211; A FILHA DO FAZENDEIRO DUPLO MASTURBADOR REALISTA CARNE"}]},{"@type":"WebSite","@id":"https:\/\/lovme.pt\/#website","url":"https:\/\/lovme.pt\/","name":"Lovme Loja Er\u00f3tica N\u00ba1 em Portugal","description":"A melhor loja er\u00f3tica de Portugal.","alternateName":"Loja Er\u00f3tica Lovme","potentialAction":[{"@type":"SearchAction","target":{"@type":"EntryPoint","urlTemplate":"https:\/\/lovme.pt\/?s={search_term_string}"},"query-input":{"@type":"PropertyValueSpecification","valueRequired":true,"valueName":"search_term_string"}}],"inLanguage":"pt-PT"}]}},"_links":{"self":[{"href":"https:\/\/lovme.pt\/index.php\/wp-json\/wp\/v2\/product\/50059","targetHints":{"allow":["GET"]}}],"collection":[{"href":"https:\/\/lovme.pt\/index.php\/wp-json\/wp\/v2\/product"}],"about":[{"href":"https:\/\/lovme.pt\/index.php\/wp-json\/wp\/v2\/types\/product"}],"wp:featuredmedia":[{"embeddable":true,"href":"https:\/\/lovme.pt\/index.php\/wp-json\/wp\/v2\/media\/96673"}],"wp:attachment":[{"href":"https:\/\/lovme.pt\/index.php\/wp-json\/wp\/v2\/media?parent=50059"}],"wp:term":[{"taxonomy":"product_brand","embeddable":true,"href":"https:\/\/lovme.pt\/index.php\/wp-json\/wp\/v2\/product_brand?post=50059"},{"taxonomy":"product_cat","embeddable":true,"href":"https:\/\/lovme.pt\/index.php\/wp-json\/wp\/v2\/product_cat?post=50059"},{"taxonomy":"product_tag","embeddable":true,"href":"https:\/\/lovme.pt\/index.php\/wp-json\/wp\/v2\/product_tag?post=50059"}],"curies":[{"name":"wp","href":"https:\/\/api.w.org\/{rel}","templated":true}]}}