{"id":50058,"date":"2025-10-01T20:16:44","date_gmt":"2025-10-01T20:16:44","guid":{"rendered":"https:\/\/lovme.pt\/?post_type=product&#038;p=50058"},"modified":"2026-02-19T20:19:25","modified_gmt":"2026-02-19T20:19:25","slug":"calexotics-sunset-beach-seducer-vibrador-e-estimulador-10-funcoes-azul","status":"publish","type":"product","link":"https:\/\/lovme.pt\/index.php\/produto\/calexotics-sunset-beach-seducer-vibrador-e-estimulador-10-funcoes-azul\/","title":{"rendered":"CALEXOTICS &#8211; SUNSET BEACH SEDUCER VIBRADOR E ESTIMULADOR 10 FUN\u00c7\u00d5ES AZUL"},"content":{"rendered":"<p>Experimente o encanto de uma praia ao p\u00f4r do sol com o <strong>California Dreaming Sunset Beach Seducer<\/strong> , um estimulador compacto que captura momentos de prazer.<\/p>\n<p>Projetado para conex\u00e3o profunda, ele oferece vibra\u00e7\u00e3o dupla e suc\u00e7\u00e3o clitoriana para o m\u00e1ximo prazer.<\/p>\n<p>O eixo apresenta tr\u00eas velocidades independentes de vibra\u00e7\u00e3o, pulsa\u00e7\u00e3o e escalada, complementadas por 10 fun\u00e7\u00f5es de suc\u00e7\u00e3o para sensa\u00e7\u00f5es intensas. Alimentado por motores duplos, ele proporciona uma sinfonia de prazer. Feito de silicone seguro para o corpo, \u00e9 suave e vers\u00e1til. Um chip de mem\u00f3ria garante uma reprodu\u00e7\u00e3o sem problemas, enquanto um bloqueio de viagem fornece seguran\u00e7a. Recarreg\u00e1vel por USB, ele atinge uma carga completa em 2,5 horas, oferecendo 40 minutos em alta velocidade ou 90 em baixa velocidade.<\/p>\n<p>Mergulhe no prazer com o California Dreaming Sunset Beach Seducer.<\/p>\n<p>\u00a0<\/p>\n<p><u><strong>CARACTER\u00cdSTICAS<\/strong><\/u> :<\/p>\n<ul>\n<li>Estimulador duplo potente, compacto e vibrat\u00f3rio com suc\u00e7\u00e3o clitoriana<\/li>\n<li>3 velocidades de vibra\u00e7\u00e3o independentes, pulsa\u00e7\u00e3o e escalada no eixo, al\u00e9m de textura sensual<\/li>\n<li>10 fun\u00e7\u00f5es independentes de suc\u00e7\u00e3o \u00edntima no estimulador com ampla abertura para cobertura m\u00e1xima<\/li>\n<li>Motores duplos<\/li>\n<li>Silicone seguro para o corpo<\/li>\n<li>Chip de mem\u00f3ria de \u00faltima gera\u00e7\u00e3o retoma a \u00faltima fun\u00e7\u00e3o usada<\/li>\n<li>Recurso de bloqueio de seguran\u00e7a para viagem &#8211; pressione e segure por 3 segundos para ligar ou desligar<\/li>\n<li>Recarreg\u00e1vel por USB &#8211; cabo de carregamento inclu\u00eddo<\/li>\n<li>Carga completa em 2,5 horas<\/li>\n<li>Funciona por 40 minutos em alta velocidade e 90 minutos em baixa velocidade<\/li>\n<\/ul>\n","protected":false},"excerpt":{"rendered":"<p>CALEXOTICS &#8211; SUNSET BEACH SEDUCER VIBRADOR E ESTIMULADOR 10 FUN\u00c7\u00d5ES AZUL<\/p>\n","protected":false},"featured_media":103417,"template":"","meta":{"_acf_changed":false},"product_brand":[],"product_cat":[17,61,64],"product_tag":[],"class_list":{"0":"post-50058","1":"product","2":"type-product","3":"status-publish","4":"has-post-thumbnail","6":"product_cat-brinquedos-de-bem-estar-sexual","7":"product_cat-para-elas","8":"product_cat-sugadores","9":"yith_product_brand-calexotics","11":"first","12":"instock","13":"taxable","14":"shipping-taxable","15":"purchasable","16":"product-type-simple"},"acf":[],"yoast_head":"<!-- This site is optimized with the Yoast SEO plugin v27.3 - https:\/\/yoast.com\/product\/yoast-seo-wordpress\/ -->\n<title>CALEXOTICS - SUNSET BEACH SEDUCER VIBRADOR E ESTIMULADOR 10 FUN\u00c7\u00d5ES AZUL - Lovme<\/title>\n<meta name=\"robots\" content=\"index, follow, max-snippet:-1, max-image-preview:large, max-video-preview:-1\" \/>\n<link rel=\"canonical\" href=\"https:\/\/lovme.pt\/index.php\/produto\/calexotics-sunset-beach-seducer-vibrador-e-estimulador-10-funcoes-azul\/\" \/>\n<meta property=\"og:locale\" content=\"pt_PT\" \/>\n<meta property=\"og:type\" content=\"article\" \/>\n<meta property=\"og:title\" content=\"CALEXOTICS - SUNSET BEACH SEDUCER VIBRADOR E ESTIMULADOR 10 FUN\u00c7\u00d5ES AZUL - Lovme\" \/>\n<meta property=\"og:description\" content=\"CALEXOTICS - SUNSET BEACH SEDUCER VIBRADOR E ESTIMULADOR 10 FUN\u00c7\u00d5ES AZUL\" \/>\n<meta property=\"og:url\" content=\"https:\/\/lovme.pt\/index.php\/produto\/calexotics-sunset-beach-seducer-vibrador-e-estimulador-10-funcoes-azul\/\" \/>\n<meta property=\"og:site_name\" content=\"Lovme\" \/>\n<meta property=\"article:modified_time\" content=\"2026-02-19T20:19:25+00:00\" \/>\n<meta property=\"og:image\" content=\"https:\/\/erki24nd3ub.exactdn.com\/wp-content\/uploads\/dream\/img\/img_186012_25ff1c55599f77cbd539de8ea0fac4bc_1.jpg?strip=all\" \/>\n\t<meta property=\"og:image:width\" content=\"800\" \/>\n\t<meta property=\"og:image:height\" content=\"800\" \/>\n\t<meta property=\"og:image:type\" content=\"image\/jpeg\" \/>\n<meta name=\"twitter:card\" content=\"summary_large_image\" \/>\n<meta name=\"twitter:label1\" content=\"Tempo estimado de leitura\" \/>\n\t<meta name=\"twitter:data1\" content=\"1 minuto\" \/>\n<script type=\"application\/ld+json\" class=\"yoast-schema-graph\">{\"@context\":\"https:\\\/\\\/schema.org\",\"@graph\":[{\"@type\":\"WebPage\",\"@id\":\"https:\\\/\\\/lovme.pt\\\/index.php\\\/produto\\\/calexotics-sunset-beach-seducer-vibrador-e-estimulador-10-funcoes-azul\\\/\",\"url\":\"https:\\\/\\\/lovme.pt\\\/index.php\\\/produto\\\/calexotics-sunset-beach-seducer-vibrador-e-estimulador-10-funcoes-azul\\\/\",\"name\":\"CALEXOTICS - SUNSET BEACH SEDUCER VIBRADOR E ESTIMULADOR 10 FUN\u00c7\u00d5ES AZUL - Lovme\",\"isPartOf\":{\"@id\":\"https:\\\/\\\/lovme.pt\\\/#website\"},\"primaryImageOfPage\":{\"@id\":\"https:\\\/\\\/lovme.pt\\\/index.php\\\/produto\\\/calexotics-sunset-beach-seducer-vibrador-e-estimulador-10-funcoes-azul\\\/#primaryimage\"},\"image\":{\"@id\":\"https:\\\/\\\/lovme.pt\\\/index.php\\\/produto\\\/calexotics-sunset-beach-seducer-vibrador-e-estimulador-10-funcoes-azul\\\/#primaryimage\"},\"thumbnailUrl\":\"https:\\\/\\\/erki24nd3ub.exactdn.com\\\/wp-content\\\/uploads\\\/dream\\\/img\\\/img_186012_25ff1c55599f77cbd539de8ea0fac4bc_1.jpg?strip=all\",\"datePublished\":\"2025-10-01T20:16:44+00:00\",\"dateModified\":\"2026-02-19T20:19:25+00:00\",\"breadcrumb\":{\"@id\":\"https:\\\/\\\/lovme.pt\\\/index.php\\\/produto\\\/calexotics-sunset-beach-seducer-vibrador-e-estimulador-10-funcoes-azul\\\/#breadcrumb\"},\"inLanguage\":\"pt-PT\",\"potentialAction\":[{\"@type\":\"ReadAction\",\"target\":[\"https:\\\/\\\/lovme.pt\\\/index.php\\\/produto\\\/calexotics-sunset-beach-seducer-vibrador-e-estimulador-10-funcoes-azul\\\/\"]}]},{\"@type\":\"ImageObject\",\"inLanguage\":\"pt-PT\",\"@id\":\"https:\\\/\\\/lovme.pt\\\/index.php\\\/produto\\\/calexotics-sunset-beach-seducer-vibrador-e-estimulador-10-funcoes-azul\\\/#primaryimage\",\"url\":\"https:\\\/\\\/erki24nd3ub.exactdn.com\\\/wp-content\\\/uploads\\\/dream\\\/img\\\/img_186012_25ff1c55599f77cbd539de8ea0fac4bc_1.jpg?strip=all\",\"contentUrl\":\"https:\\\/\\\/erki24nd3ub.exactdn.com\\\/wp-content\\\/uploads\\\/dream\\\/img\\\/img_186012_25ff1c55599f77cbd539de8ea0fac4bc_1.jpg?strip=all\",\"width\":800,\"height\":800},{\"@type\":\"BreadcrumbList\",\"@id\":\"https:\\\/\\\/lovme.pt\\\/index.php\\\/produto\\\/calexotics-sunset-beach-seducer-vibrador-e-estimulador-10-funcoes-azul\\\/#breadcrumb\",\"itemListElement\":[{\"@type\":\"ListItem\",\"position\":1,\"name\":\"In\u00edcio\",\"item\":\"https:\\\/\\\/lovme.pt\\\/\"},{\"@type\":\"ListItem\",\"position\":2,\"name\":\"Loja\",\"item\":\"https:\\\/\\\/lovme.pt\\\/index.php\\\/loja\\\/\"},{\"@type\":\"ListItem\",\"position\":3,\"name\":\"CALEXOTICS &#8211; SUNSET BEACH SEDUCER VIBRADOR E ESTIMULADOR 10 FUN\u00c7\u00d5ES AZUL\"}]},{\"@type\":\"WebSite\",\"@id\":\"https:\\\/\\\/lovme.pt\\\/#website\",\"url\":\"https:\\\/\\\/lovme.pt\\\/\",\"name\":\"Lovme Loja Er\u00f3tica N\u00ba1 em Portugal\",\"description\":\"A melhor loja er\u00f3tica de Portugal.\",\"alternateName\":\"Loja Er\u00f3tica Lovme\",\"potentialAction\":[{\"@type\":\"SearchAction\",\"target\":{\"@type\":\"EntryPoint\",\"urlTemplate\":\"https:\\\/\\\/lovme.pt\\\/?s={search_term_string}\"},\"query-input\":{\"@type\":\"PropertyValueSpecification\",\"valueRequired\":true,\"valueName\":\"search_term_string\"}}],\"inLanguage\":\"pt-PT\"}]}<\/script>\n<!-- \/ Yoast SEO plugin. -->","yoast_head_json":{"title":"CALEXOTICS - SUNSET BEACH SEDUCER VIBRADOR E ESTIMULADOR 10 FUN\u00c7\u00d5ES AZUL - Lovme","robots":{"index":"index","follow":"follow","max-snippet":"max-snippet:-1","max-image-preview":"max-image-preview:large","max-video-preview":"max-video-preview:-1"},"canonical":"https:\/\/lovme.pt\/index.php\/produto\/calexotics-sunset-beach-seducer-vibrador-e-estimulador-10-funcoes-azul\/","og_locale":"pt_PT","og_type":"article","og_title":"CALEXOTICS - SUNSET BEACH SEDUCER VIBRADOR E ESTIMULADOR 10 FUN\u00c7\u00d5ES AZUL - Lovme","og_description":"CALEXOTICS - SUNSET BEACH SEDUCER VIBRADOR E ESTIMULADOR 10 FUN\u00c7\u00d5ES AZUL","og_url":"https:\/\/lovme.pt\/index.php\/produto\/calexotics-sunset-beach-seducer-vibrador-e-estimulador-10-funcoes-azul\/","og_site_name":"Lovme","article_modified_time":"2026-02-19T20:19:25+00:00","og_image":[{"width":800,"height":800,"url":"https:\/\/erki24nd3ub.exactdn.com\/wp-content\/uploads\/dream\/img\/img_186012_25ff1c55599f77cbd539de8ea0fac4bc_1.jpg?strip=all","type":"image\/jpeg"}],"twitter_card":"summary_large_image","twitter_misc":{"Tempo estimado de leitura":"1 minuto"},"schema":{"@context":"https:\/\/schema.org","@graph":[{"@type":"WebPage","@id":"https:\/\/lovme.pt\/index.php\/produto\/calexotics-sunset-beach-seducer-vibrador-e-estimulador-10-funcoes-azul\/","url":"https:\/\/lovme.pt\/index.php\/produto\/calexotics-sunset-beach-seducer-vibrador-e-estimulador-10-funcoes-azul\/","name":"CALEXOTICS - SUNSET BEACH SEDUCER VIBRADOR E ESTIMULADOR 10 FUN\u00c7\u00d5ES AZUL - Lovme","isPartOf":{"@id":"https:\/\/lovme.pt\/#website"},"primaryImageOfPage":{"@id":"https:\/\/lovme.pt\/index.php\/produto\/calexotics-sunset-beach-seducer-vibrador-e-estimulador-10-funcoes-azul\/#primaryimage"},"image":{"@id":"https:\/\/lovme.pt\/index.php\/produto\/calexotics-sunset-beach-seducer-vibrador-e-estimulador-10-funcoes-azul\/#primaryimage"},"thumbnailUrl":"https:\/\/erki24nd3ub.exactdn.com\/wp-content\/uploads\/dream\/img\/img_186012_25ff1c55599f77cbd539de8ea0fac4bc_1.jpg?strip=all","datePublished":"2025-10-01T20:16:44+00:00","dateModified":"2026-02-19T20:19:25+00:00","breadcrumb":{"@id":"https:\/\/lovme.pt\/index.php\/produto\/calexotics-sunset-beach-seducer-vibrador-e-estimulador-10-funcoes-azul\/#breadcrumb"},"inLanguage":"pt-PT","potentialAction":[{"@type":"ReadAction","target":["https:\/\/lovme.pt\/index.php\/produto\/calexotics-sunset-beach-seducer-vibrador-e-estimulador-10-funcoes-azul\/"]}]},{"@type":"ImageObject","inLanguage":"pt-PT","@id":"https:\/\/lovme.pt\/index.php\/produto\/calexotics-sunset-beach-seducer-vibrador-e-estimulador-10-funcoes-azul\/#primaryimage","url":"https:\/\/erki24nd3ub.exactdn.com\/wp-content\/uploads\/dream\/img\/img_186012_25ff1c55599f77cbd539de8ea0fac4bc_1.jpg?strip=all","contentUrl":"https:\/\/erki24nd3ub.exactdn.com\/wp-content\/uploads\/dream\/img\/img_186012_25ff1c55599f77cbd539de8ea0fac4bc_1.jpg?strip=all","width":800,"height":800},{"@type":"BreadcrumbList","@id":"https:\/\/lovme.pt\/index.php\/produto\/calexotics-sunset-beach-seducer-vibrador-e-estimulador-10-funcoes-azul\/#breadcrumb","itemListElement":[{"@type":"ListItem","position":1,"name":"In\u00edcio","item":"https:\/\/lovme.pt\/"},{"@type":"ListItem","position":2,"name":"Loja","item":"https:\/\/lovme.pt\/index.php\/loja\/"},{"@type":"ListItem","position":3,"name":"CALEXOTICS &#8211; SUNSET BEACH SEDUCER VIBRADOR E ESTIMULADOR 10 FUN\u00c7\u00d5ES AZUL"}]},{"@type":"WebSite","@id":"https:\/\/lovme.pt\/#website","url":"https:\/\/lovme.pt\/","name":"Lovme Loja Er\u00f3tica N\u00ba1 em Portugal","description":"A melhor loja er\u00f3tica de Portugal.","alternateName":"Loja Er\u00f3tica Lovme","potentialAction":[{"@type":"SearchAction","target":{"@type":"EntryPoint","urlTemplate":"https:\/\/lovme.pt\/?s={search_term_string}"},"query-input":{"@type":"PropertyValueSpecification","valueRequired":true,"valueName":"search_term_string"}}],"inLanguage":"pt-PT"}]}},"_links":{"self":[{"href":"https:\/\/lovme.pt\/index.php\/wp-json\/wp\/v2\/product\/50058","targetHints":{"allow":["GET"]}}],"collection":[{"href":"https:\/\/lovme.pt\/index.php\/wp-json\/wp\/v2\/product"}],"about":[{"href":"https:\/\/lovme.pt\/index.php\/wp-json\/wp\/v2\/types\/product"}],"wp:featuredmedia":[{"embeddable":true,"href":"https:\/\/lovme.pt\/index.php\/wp-json\/wp\/v2\/media\/103417"}],"wp:attachment":[{"href":"https:\/\/lovme.pt\/index.php\/wp-json\/wp\/v2\/media?parent=50058"}],"wp:term":[{"taxonomy":"product_brand","embeddable":true,"href":"https:\/\/lovme.pt\/index.php\/wp-json\/wp\/v2\/product_brand?post=50058"},{"taxonomy":"product_cat","embeddable":true,"href":"https:\/\/lovme.pt\/index.php\/wp-json\/wp\/v2\/product_cat?post=50058"},{"taxonomy":"product_tag","embeddable":true,"href":"https:\/\/lovme.pt\/index.php\/wp-json\/wp\/v2\/product_tag?post=50058"}],"curies":[{"name":"wp","href":"https:\/\/api.w.org\/{rel}","templated":true}]}}