{"id":50042,"date":"2025-09-30T09:37:18","date_gmt":"2025-09-30T09:37:18","guid":{"rendered":"https:\/\/lovme.pt\/?post_type=product&p=50042"},"modified":"2026-02-19T20:01:12","modified_gmt":"2026-02-19T20:01:12","slug":"calexotics-rock-bottom-plug-anal-perfeito-10-vibracoes-silicone-preto","status":"publish","type":"product","link":"https:\/\/lovme.pt\/index.php\/produto\/calexotics-rock-bottom-plug-anal-perfeito-10-vibracoes-silicone-preto\/","title":{"rendered":"CALEXOTICS &#8211; ROCK BOTTOM PLUG ANAL PERFEITO 10 VIBRA\u00c7\u00d5ES SILICONE PRETO"},"content":{"rendered":"<p>Apresentando a <strong>sonda Rock Bottom Perfect<\/strong> , que oferece uma experi\u00eancia incompar\u00e1vel.<\/p>\n<p>Seu formato ergon\u00f4mico garante conforto e efic\u00e1cia ao mesmo tempo em que proporciona sensa\u00e7\u00f5es intensas.<\/p>\n<p>Projetado para profundidade e precis\u00e3o, ele oferece 10 fun\u00e7\u00f5es de vibra\u00e7\u00e3o, pulsa\u00e7\u00e3o e escalada, adaptadas a cada humor. Feito de silicone seguro para o corpo, \u00e0 prova d\u00e1gua com classifica\u00e7\u00e3o IPX7, ele convida \u00e0 explora\u00e7\u00e3o al\u00e9m do quarto. O chip de mem\u00f3ria garante toque personalizado, enquanto o recurso de trava de seguran\u00e7a garante discri\u00e7\u00e3o em movimento. Recarreg\u00e1vel por USB, ele fornece 80 minutos em alta velocidade e 100 minutos em baixa velocidade ap\u00f3s apenas 1,5 hora de carregamento.<\/p>\n<p>Esta combina\u00e7\u00e3o de efici\u00eancia e design sensual promete uma experi\u00eancia aprimorada em explora\u00e7\u00e3o \u00edntima.<\/p>\n<p>\u00a0<\/p>\n<p><u><strong>CARACTER\u00cdSTICAS<\/strong><\/u> :<\/p>\n<ul>\n<li>Sonda potente com design ergon\u00f4mico para um ajuste perfeito<\/li>\n<li>10 fun\u00e7\u00f5es intensas de vibra\u00e7\u00e3o, pulsa\u00e7\u00e3o e escalada<\/li>\n<li>Silicone seguro para o corpo e 100% \u00e0 prova d\u00e1gua<\/li>\n<li>Chip de mem\u00f3ria de \u00faltima gera\u00e7\u00e3o retoma a \u00faltima fun\u00e7\u00e3o usada<\/li>\n<li>Recurso de bloqueio de seguran\u00e7a para viagem &#8211; pressione e segure por 3 segundos para ligar ou desligar<\/li>\n<li>Recarreg\u00e1vel por USB &#8211; inclui cabo de carregamento<\/li>\n<li>Totalmente carregado em 1,5 horas<\/li>\n<li>Funciona por 80 minutos em alta velocidade e 100 minutos em baixa velocidade<\/li>\n<\/ul>\n","protected":false},"excerpt":{"rendered":"<p>CALEXOTICS &#8211; ROCK BOTTOM PLUG ANAL PERFEITO 10 VIBRA\u00c7\u00d5ES SILICONE PRETO<\/p>\n","protected":false},"featured_media":54849,"template":"","meta":{"_acf_changed":false},"product_brand":[],"product_cat":[17,62,63],"product_tag":[],"class_list":{"0":"post-50042","1":"product","2":"type-product","3":"status-publish","4":"has-post-thumbnail","6":"product_cat-brinquedos-de-bem-estar-sexual","7":"product_cat-plugues-e-correntes-anais","8":"product_cat-sexo-anal","9":"yith_product_brand-calexotics","11":"first","12":"instock","13":"taxable","14":"shipping-taxable","15":"purchasable","16":"product-type-simple"},"acf":[],"yoast_head":"<!-- This site is optimized with the Yoast SEO plugin v27.4 - https:\/\/yoast.com\/product\/yoast-seo-wordpress\/ -->\n<title>CALEXOTICS - ROCK BOTTOM PLUG ANAL PERFEITO 10 VIBRA\u00c7\u00d5ES SILICONE PRETO - Lovme<\/title>\n<meta name=\"robots\" content=\"index, follow, max-snippet:-1, max-image-preview:large, max-video-preview:-1\" \/>\n<link rel=\"canonical\" href=\"https:\/\/lovme.pt\/index.php\/produto\/calexotics-rock-bottom-plug-anal-perfeito-10-vibracoes-silicone-preto\/\" \/>\n<meta property=\"og:locale\" content=\"pt_PT\" \/>\n<meta property=\"og:type\" content=\"article\" \/>\n<meta property=\"og:title\" content=\"CALEXOTICS - ROCK BOTTOM PLUG ANAL PERFEITO 10 VIBRA\u00c7\u00d5ES SILICONE PRETO - Lovme\" \/>\n<meta property=\"og:description\" content=\"CALEXOTICS - ROCK BOTTOM PLUG ANAL PERFEITO 10 VIBRA\u00c7\u00d5ES SILICONE PRETO\" \/>\n<meta property=\"og:url\" content=\"https:\/\/lovme.pt\/index.php\/produto\/calexotics-rock-bottom-plug-anal-perfeito-10-vibracoes-silicone-preto\/\" \/>\n<meta property=\"og:site_name\" content=\"Lovme\" \/>\n<meta property=\"article:modified_time\" content=\"2026-02-19T20:01:12+00:00\" \/>\n<meta property=\"og:image\" content=\"https:\/\/erki24nd3ub.exactdn.com\/wp-content\/uploads\/dream\/img\/img_185844_b2c1bfbda4c98094356bf1dfd16a4971_1.jpg?strip=all\" \/>\n\t<meta property=\"og:image:width\" content=\"800\" \/>\n\t<meta property=\"og:image:height\" content=\"800\" \/>\n\t<meta property=\"og:image:type\" content=\"image\/jpeg\" \/>\n<meta name=\"twitter:card\" content=\"summary_large_image\" \/>\n<meta name=\"twitter:label1\" content=\"Tempo estimado de leitura\" \/>\n\t<meta name=\"twitter:data1\" content=\"1 minuto\" \/>\n<script type=\"application\/ld+json\" class=\"yoast-schema-graph\">{\"@context\":\"https:\\\/\\\/schema.org\",\"@graph\":[{\"@type\":\"WebPage\",\"@id\":\"https:\\\/\\\/lovme.pt\\\/index.php\\\/produto\\\/calexotics-rock-bottom-plug-anal-perfeito-10-vibracoes-silicone-preto\\\/\",\"url\":\"https:\\\/\\\/lovme.pt\\\/index.php\\\/produto\\\/calexotics-rock-bottom-plug-anal-perfeito-10-vibracoes-silicone-preto\\\/\",\"name\":\"CALEXOTICS - ROCK BOTTOM PLUG ANAL PERFEITO 10 VIBRA\u00c7\u00d5ES SILICONE PRETO - Lovme\",\"isPartOf\":{\"@id\":\"https:\\\/\\\/lovme.pt\\\/#website\"},\"primaryImageOfPage\":{\"@id\":\"https:\\\/\\\/lovme.pt\\\/index.php\\\/produto\\\/calexotics-rock-bottom-plug-anal-perfeito-10-vibracoes-silicone-preto\\\/#primaryimage\"},\"image\":{\"@id\":\"https:\\\/\\\/lovme.pt\\\/index.php\\\/produto\\\/calexotics-rock-bottom-plug-anal-perfeito-10-vibracoes-silicone-preto\\\/#primaryimage\"},\"thumbnailUrl\":\"https:\\\/\\\/erki24nd3ub.exactdn.com\\\/wp-content\\\/uploads\\\/dream\\\/img\\\/img_185844_b2c1bfbda4c98094356bf1dfd16a4971_1.jpg?strip=all\",\"datePublished\":\"2025-09-30T09:37:18+00:00\",\"dateModified\":\"2026-02-19T20:01:12+00:00\",\"breadcrumb\":{\"@id\":\"https:\\\/\\\/lovme.pt\\\/index.php\\\/produto\\\/calexotics-rock-bottom-plug-anal-perfeito-10-vibracoes-silicone-preto\\\/#breadcrumb\"},\"inLanguage\":\"pt-PT\",\"potentialAction\":[{\"@type\":\"ReadAction\",\"target\":[\"https:\\\/\\\/lovme.pt\\\/index.php\\\/produto\\\/calexotics-rock-bottom-plug-anal-perfeito-10-vibracoes-silicone-preto\\\/\"]}]},{\"@type\":\"ImageObject\",\"inLanguage\":\"pt-PT\",\"@id\":\"https:\\\/\\\/lovme.pt\\\/index.php\\\/produto\\\/calexotics-rock-bottom-plug-anal-perfeito-10-vibracoes-silicone-preto\\\/#primaryimage\",\"url\":\"https:\\\/\\\/erki24nd3ub.exactdn.com\\\/wp-content\\\/uploads\\\/dream\\\/img\\\/img_185844_b2c1bfbda4c98094356bf1dfd16a4971_1.jpg?strip=all\",\"contentUrl\":\"https:\\\/\\\/erki24nd3ub.exactdn.com\\\/wp-content\\\/uploads\\\/dream\\\/img\\\/img_185844_b2c1bfbda4c98094356bf1dfd16a4971_1.jpg?strip=all\",\"width\":800,\"height\":800},{\"@type\":\"BreadcrumbList\",\"@id\":\"https:\\\/\\\/lovme.pt\\\/index.php\\\/produto\\\/calexotics-rock-bottom-plug-anal-perfeito-10-vibracoes-silicone-preto\\\/#breadcrumb\",\"itemListElement\":[{\"@type\":\"ListItem\",\"position\":1,\"name\":\"In\u00edcio\",\"item\":\"https:\\\/\\\/lovme.pt\\\/\"},{\"@type\":\"ListItem\",\"position\":2,\"name\":\"Loja\",\"item\":\"https:\\\/\\\/lovme.pt\\\/index.php\\\/loja\\\/\"},{\"@type\":\"ListItem\",\"position\":3,\"name\":\"CALEXOTICS &#8211; ROCK BOTTOM PLUG ANAL PERFEITO 10 VIBRA\u00c7\u00d5ES SILICONE PRETO\"}]},{\"@type\":\"WebSite\",\"@id\":\"https:\\\/\\\/lovme.pt\\\/#website\",\"url\":\"https:\\\/\\\/lovme.pt\\\/\",\"name\":\"Lovme Loja Er\u00f3tica N\u00ba1 em Portugal\",\"description\":\"A melhor loja er\u00f3tica de Portugal.\",\"alternateName\":\"Loja Er\u00f3tica Lovme\",\"potentialAction\":[{\"@type\":\"SearchAction\",\"target\":{\"@type\":\"EntryPoint\",\"urlTemplate\":\"https:\\\/\\\/lovme.pt\\\/?s={search_term_string}\"},\"query-input\":{\"@type\":\"PropertyValueSpecification\",\"valueRequired\":true,\"valueName\":\"search_term_string\"}}],\"inLanguage\":\"pt-PT\"}]}<\/script>\n<!-- \/ Yoast SEO plugin. -->","yoast_head_json":{"title":"CALEXOTICS - ROCK BOTTOM PLUG ANAL PERFEITO 10 VIBRA\u00c7\u00d5ES SILICONE PRETO - Lovme","robots":{"index":"index","follow":"follow","max-snippet":"max-snippet:-1","max-image-preview":"max-image-preview:large","max-video-preview":"max-video-preview:-1"},"canonical":"https:\/\/lovme.pt\/index.php\/produto\/calexotics-rock-bottom-plug-anal-perfeito-10-vibracoes-silicone-preto\/","og_locale":"pt_PT","og_type":"article","og_title":"CALEXOTICS - ROCK BOTTOM PLUG ANAL PERFEITO 10 VIBRA\u00c7\u00d5ES SILICONE PRETO - Lovme","og_description":"CALEXOTICS - ROCK BOTTOM PLUG ANAL PERFEITO 10 VIBRA\u00c7\u00d5ES SILICONE PRETO","og_url":"https:\/\/lovme.pt\/index.php\/produto\/calexotics-rock-bottom-plug-anal-perfeito-10-vibracoes-silicone-preto\/","og_site_name":"Lovme","article_modified_time":"2026-02-19T20:01:12+00:00","og_image":[{"width":800,"height":800,"url":"https:\/\/erki24nd3ub.exactdn.com\/wp-content\/uploads\/dream\/img\/img_185844_b2c1bfbda4c98094356bf1dfd16a4971_1.jpg?strip=all","type":"image\/jpeg"}],"twitter_card":"summary_large_image","twitter_misc":{"Tempo estimado de leitura":"1 minuto"},"schema":{"@context":"https:\/\/schema.org","@graph":[{"@type":"WebPage","@id":"https:\/\/lovme.pt\/index.php\/produto\/calexotics-rock-bottom-plug-anal-perfeito-10-vibracoes-silicone-preto\/","url":"https:\/\/lovme.pt\/index.php\/produto\/calexotics-rock-bottom-plug-anal-perfeito-10-vibracoes-silicone-preto\/","name":"CALEXOTICS - ROCK BOTTOM PLUG ANAL PERFEITO 10 VIBRA\u00c7\u00d5ES SILICONE PRETO - Lovme","isPartOf":{"@id":"https:\/\/lovme.pt\/#website"},"primaryImageOfPage":{"@id":"https:\/\/lovme.pt\/index.php\/produto\/calexotics-rock-bottom-plug-anal-perfeito-10-vibracoes-silicone-preto\/#primaryimage"},"image":{"@id":"https:\/\/lovme.pt\/index.php\/produto\/calexotics-rock-bottom-plug-anal-perfeito-10-vibracoes-silicone-preto\/#primaryimage"},"thumbnailUrl":"https:\/\/erki24nd3ub.exactdn.com\/wp-content\/uploads\/dream\/img\/img_185844_b2c1bfbda4c98094356bf1dfd16a4971_1.jpg?strip=all","datePublished":"2025-09-30T09:37:18+00:00","dateModified":"2026-02-19T20:01:12+00:00","breadcrumb":{"@id":"https:\/\/lovme.pt\/index.php\/produto\/calexotics-rock-bottom-plug-anal-perfeito-10-vibracoes-silicone-preto\/#breadcrumb"},"inLanguage":"pt-PT","potentialAction":[{"@type":"ReadAction","target":["https:\/\/lovme.pt\/index.php\/produto\/calexotics-rock-bottom-plug-anal-perfeito-10-vibracoes-silicone-preto\/"]}]},{"@type":"ImageObject","inLanguage":"pt-PT","@id":"https:\/\/lovme.pt\/index.php\/produto\/calexotics-rock-bottom-plug-anal-perfeito-10-vibracoes-silicone-preto\/#primaryimage","url":"https:\/\/erki24nd3ub.exactdn.com\/wp-content\/uploads\/dream\/img\/img_185844_b2c1bfbda4c98094356bf1dfd16a4971_1.jpg?strip=all","contentUrl":"https:\/\/erki24nd3ub.exactdn.com\/wp-content\/uploads\/dream\/img\/img_185844_b2c1bfbda4c98094356bf1dfd16a4971_1.jpg?strip=all","width":800,"height":800},{"@type":"BreadcrumbList","@id":"https:\/\/lovme.pt\/index.php\/produto\/calexotics-rock-bottom-plug-anal-perfeito-10-vibracoes-silicone-preto\/#breadcrumb","itemListElement":[{"@type":"ListItem","position":1,"name":"In\u00edcio","item":"https:\/\/lovme.pt\/"},{"@type":"ListItem","position":2,"name":"Loja","item":"https:\/\/lovme.pt\/index.php\/loja\/"},{"@type":"ListItem","position":3,"name":"CALEXOTICS &#8211; ROCK BOTTOM PLUG ANAL PERFEITO 10 VIBRA\u00c7\u00d5ES SILICONE PRETO"}]},{"@type":"WebSite","@id":"https:\/\/lovme.pt\/#website","url":"https:\/\/lovme.pt\/","name":"Lovme Loja Er\u00f3tica N\u00ba1 em Portugal","description":"A melhor loja er\u00f3tica de Portugal.","alternateName":"Loja Er\u00f3tica Lovme","potentialAction":[{"@type":"SearchAction","target":{"@type":"EntryPoint","urlTemplate":"https:\/\/lovme.pt\/?s={search_term_string}"},"query-input":{"@type":"PropertyValueSpecification","valueRequired":true,"valueName":"search_term_string"}}],"inLanguage":"pt-PT"}]}},"_links":{"self":[{"href":"https:\/\/lovme.pt\/index.php\/wp-json\/wp\/v2\/product\/50042","targetHints":{"allow":["GET"]}}],"collection":[{"href":"https:\/\/lovme.pt\/index.php\/wp-json\/wp\/v2\/product"}],"about":[{"href":"https:\/\/lovme.pt\/index.php\/wp-json\/wp\/v2\/types\/product"}],"wp:featuredmedia":[{"embeddable":true,"href":"https:\/\/lovme.pt\/index.php\/wp-json\/wp\/v2\/media\/54849"}],"wp:attachment":[{"href":"https:\/\/lovme.pt\/index.php\/wp-json\/wp\/v2\/media?parent=50042"}],"wp:term":[{"taxonomy":"product_brand","embeddable":true,"href":"https:\/\/lovme.pt\/index.php\/wp-json\/wp\/v2\/product_brand?post=50042"},{"taxonomy":"product_cat","embeddable":true,"href":"https:\/\/lovme.pt\/index.php\/wp-json\/wp\/v2\/product_cat?post=50042"},{"taxonomy":"product_tag","embeddable":true,"href":"https:\/\/lovme.pt\/index.php\/wp-json\/wp\/v2\/product_tag?post=50042"}],"curies":[{"name":"wp","href":"https:\/\/api.w.org\/{rel}","templated":true}]}}