{"id":50033,"date":"2025-09-30T22:43:05","date_gmt":"2025-09-30T22:43:05","guid":{"rendered":"https:\/\/lovme.pt\/?post_type=product&p=50033"},"modified":"2026-02-19T20:12:59","modified_gmt":"2026-02-19T20:12:59","slug":"calexotics-nocturnal-pulseiras-de-couro-ajustaveis-pretas","status":"publish","type":"product","link":"https:\/\/lovme.pt\/index.php\/produto\/calexotics-nocturnal-pulseiras-de-couro-ajustaveis-pretas\/","title":{"rendered":"CALEXOTICS &#8211; NOCTURNAL PULSEIRAS DE COURO AJUST\u00c1VEIS PRETAS"},"content":{"rendered":"<p>Conhe\u00e7a as <strong>algemas de pulso da cole\u00e7\u00e3o Nocturnal<\/strong> , que combinam conforto e conten\u00e7\u00e3o para uma explora\u00e7\u00e3o segura.<\/p>\n<p>Totalmente ajust\u00e1veis com fecho de fivela, eles garantem um ajuste confort\u00e1vel. A corrente de metal resistente intensifica a brincadeira, enquanto fechos universais e um anel D girat\u00f3rio oferecem destreza. Equilibrando controle e conforto, eles aprimoram a explora\u00e7\u00e3o. Seu design resistente com costura dupla agrega valor a qualquer cole\u00e7\u00e3o. Funcionais, dur\u00e1veis e texturizados, eles testemunham a beleza da explora\u00e7\u00e3o controlada.<\/p>\n<p>Desbloqueie experi\u00eancias emocionantes com as algemas de pulso da cole\u00e7\u00e3o Nocturnal.<\/p>\n<p>\u00a0<\/p>\n<p><u><strong>CARACTER\u00cdSTICAS<\/strong><\/u> :<\/p>\n<ul>\n<li>Punhos totalmente ajust\u00e1veis com fecho de fivela seguro<\/li>\n<li>Corrente de metal resistente<\/li>\n<li>Fechos universais e anel em D com design girat\u00f3rio para m\u00e1xima destreza<\/li>\n<li>Design resistente com costura dupla<\/li>\n<li>Funcional, dur\u00e1vel e texturizado<\/li>\n<\/ul>\n","protected":false},"excerpt":{"rendered":"<p>CALEXOTICS &#8211; NOCTURNAL PULSEIRAS DE COURO AJUST\u00c1VEIS PRETAS<\/p>\n","protected":false},"featured_media":80387,"template":"","meta":{"_acf_changed":false},"product_brand":[],"product_cat":[48],"product_tag":[],"class_list":{"0":"post-50033","1":"product","2":"type-product","3":"status-publish","4":"has-post-thumbnail","6":"product_cat-bdsm","7":"yith_product_brand-calexotics","9":"first","10":"instock","11":"taxable","12":"shipping-taxable","13":"purchasable","14":"product-type-simple"},"acf":[],"yoast_head":"<!-- This site is optimized with the Yoast SEO plugin v27.3 - https:\/\/yoast.com\/product\/yoast-seo-wordpress\/ -->\n<title>CALEXOTICS - NOCTURNAL PULSEIRAS DE COURO AJUST\u00c1VEIS PRETAS - Lovme<\/title>\n<meta name=\"robots\" content=\"index, follow, max-snippet:-1, max-image-preview:large, max-video-preview:-1\" \/>\n<link rel=\"canonical\" href=\"https:\/\/lovme.pt\/index.php\/produto\/calexotics-nocturnal-pulseiras-de-couro-ajustaveis-pretas\/\" \/>\n<meta property=\"og:locale\" content=\"pt_PT\" \/>\n<meta property=\"og:type\" content=\"article\" \/>\n<meta property=\"og:title\" content=\"CALEXOTICS - NOCTURNAL PULSEIRAS DE COURO AJUST\u00c1VEIS PRETAS - Lovme\" \/>\n<meta property=\"og:description\" content=\"CALEXOTICS - NOCTURNAL PULSEIRAS DE COURO AJUST\u00c1VEIS PRETAS\" \/>\n<meta property=\"og:url\" content=\"https:\/\/lovme.pt\/index.php\/produto\/calexotics-nocturnal-pulseiras-de-couro-ajustaveis-pretas\/\" \/>\n<meta property=\"og:site_name\" content=\"Lovme\" \/>\n<meta property=\"article:modified_time\" content=\"2026-02-19T20:12:59+00:00\" \/>\n<meta property=\"og:image\" content=\"https:\/\/erki24nd3ub.exactdn.com\/wp-content\/uploads\/dream\/img\/img_185768_b7239a3a557047590a37d9b05695d1a0_1.jpg?strip=all\" \/>\n\t<meta property=\"og:image:width\" content=\"800\" \/>\n\t<meta property=\"og:image:height\" content=\"800\" \/>\n\t<meta property=\"og:image:type\" content=\"image\/jpeg\" \/>\n<meta name=\"twitter:card\" content=\"summary_large_image\" \/>\n<meta name=\"twitter:label1\" content=\"Tempo estimado de leitura\" \/>\n\t<meta name=\"twitter:data1\" content=\"1 minuto\" \/>\n<script type=\"application\/ld+json\" class=\"yoast-schema-graph\">{\"@context\":\"https:\\\/\\\/schema.org\",\"@graph\":[{\"@type\":\"WebPage\",\"@id\":\"https:\\\/\\\/lovme.pt\\\/index.php\\\/produto\\\/calexotics-nocturnal-pulseiras-de-couro-ajustaveis-pretas\\\/\",\"url\":\"https:\\\/\\\/lovme.pt\\\/index.php\\\/produto\\\/calexotics-nocturnal-pulseiras-de-couro-ajustaveis-pretas\\\/\",\"name\":\"CALEXOTICS - NOCTURNAL PULSEIRAS DE COURO AJUST\u00c1VEIS PRETAS - Lovme\",\"isPartOf\":{\"@id\":\"https:\\\/\\\/lovme.pt\\\/#website\"},\"primaryImageOfPage\":{\"@id\":\"https:\\\/\\\/lovme.pt\\\/index.php\\\/produto\\\/calexotics-nocturnal-pulseiras-de-couro-ajustaveis-pretas\\\/#primaryimage\"},\"image\":{\"@id\":\"https:\\\/\\\/lovme.pt\\\/index.php\\\/produto\\\/calexotics-nocturnal-pulseiras-de-couro-ajustaveis-pretas\\\/#primaryimage\"},\"thumbnailUrl\":\"https:\\\/\\\/erki24nd3ub.exactdn.com\\\/wp-content\\\/uploads\\\/dream\\\/img\\\/img_185768_b7239a3a557047590a37d9b05695d1a0_1.jpg?strip=all\",\"datePublished\":\"2025-09-30T22:43:05+00:00\",\"dateModified\":\"2026-02-19T20:12:59+00:00\",\"breadcrumb\":{\"@id\":\"https:\\\/\\\/lovme.pt\\\/index.php\\\/produto\\\/calexotics-nocturnal-pulseiras-de-couro-ajustaveis-pretas\\\/#breadcrumb\"},\"inLanguage\":\"pt-PT\",\"potentialAction\":[{\"@type\":\"ReadAction\",\"target\":[\"https:\\\/\\\/lovme.pt\\\/index.php\\\/produto\\\/calexotics-nocturnal-pulseiras-de-couro-ajustaveis-pretas\\\/\"]}]},{\"@type\":\"ImageObject\",\"inLanguage\":\"pt-PT\",\"@id\":\"https:\\\/\\\/lovme.pt\\\/index.php\\\/produto\\\/calexotics-nocturnal-pulseiras-de-couro-ajustaveis-pretas\\\/#primaryimage\",\"url\":\"https:\\\/\\\/erki24nd3ub.exactdn.com\\\/wp-content\\\/uploads\\\/dream\\\/img\\\/img_185768_b7239a3a557047590a37d9b05695d1a0_1.jpg?strip=all\",\"contentUrl\":\"https:\\\/\\\/erki24nd3ub.exactdn.com\\\/wp-content\\\/uploads\\\/dream\\\/img\\\/img_185768_b7239a3a557047590a37d9b05695d1a0_1.jpg?strip=all\",\"width\":800,\"height\":800},{\"@type\":\"BreadcrumbList\",\"@id\":\"https:\\\/\\\/lovme.pt\\\/index.php\\\/produto\\\/calexotics-nocturnal-pulseiras-de-couro-ajustaveis-pretas\\\/#breadcrumb\",\"itemListElement\":[{\"@type\":\"ListItem\",\"position\":1,\"name\":\"In\u00edcio\",\"item\":\"https:\\\/\\\/lovme.pt\\\/\"},{\"@type\":\"ListItem\",\"position\":2,\"name\":\"Loja\",\"item\":\"https:\\\/\\\/lovme.pt\\\/index.php\\\/loja\\\/\"},{\"@type\":\"ListItem\",\"position\":3,\"name\":\"CALEXOTICS &#8211; NOCTURNAL PULSEIRAS DE COURO AJUST\u00c1VEIS PRETAS\"}]},{\"@type\":\"WebSite\",\"@id\":\"https:\\\/\\\/lovme.pt\\\/#website\",\"url\":\"https:\\\/\\\/lovme.pt\\\/\",\"name\":\"Lovme Loja Er\u00f3tica N\u00ba1 em Portugal\",\"description\":\"A melhor loja er\u00f3tica de Portugal.\",\"alternateName\":\"Loja Er\u00f3tica Lovme\",\"potentialAction\":[{\"@type\":\"SearchAction\",\"target\":{\"@type\":\"EntryPoint\",\"urlTemplate\":\"https:\\\/\\\/lovme.pt\\\/?s={search_term_string}\"},\"query-input\":{\"@type\":\"PropertyValueSpecification\",\"valueRequired\":true,\"valueName\":\"search_term_string\"}}],\"inLanguage\":\"pt-PT\"}]}<\/script>\n<!-- \/ Yoast SEO plugin. -->","yoast_head_json":{"title":"CALEXOTICS - NOCTURNAL PULSEIRAS DE COURO AJUST\u00c1VEIS PRETAS - Lovme","robots":{"index":"index","follow":"follow","max-snippet":"max-snippet:-1","max-image-preview":"max-image-preview:large","max-video-preview":"max-video-preview:-1"},"canonical":"https:\/\/lovme.pt\/index.php\/produto\/calexotics-nocturnal-pulseiras-de-couro-ajustaveis-pretas\/","og_locale":"pt_PT","og_type":"article","og_title":"CALEXOTICS - NOCTURNAL PULSEIRAS DE COURO AJUST\u00c1VEIS PRETAS - Lovme","og_description":"CALEXOTICS - NOCTURNAL PULSEIRAS DE COURO AJUST\u00c1VEIS PRETAS","og_url":"https:\/\/lovme.pt\/index.php\/produto\/calexotics-nocturnal-pulseiras-de-couro-ajustaveis-pretas\/","og_site_name":"Lovme","article_modified_time":"2026-02-19T20:12:59+00:00","og_image":[{"width":800,"height":800,"url":"https:\/\/erki24nd3ub.exactdn.com\/wp-content\/uploads\/dream\/img\/img_185768_b7239a3a557047590a37d9b05695d1a0_1.jpg?strip=all","type":"image\/jpeg"}],"twitter_card":"summary_large_image","twitter_misc":{"Tempo estimado de leitura":"1 minuto"},"schema":{"@context":"https:\/\/schema.org","@graph":[{"@type":"WebPage","@id":"https:\/\/lovme.pt\/index.php\/produto\/calexotics-nocturnal-pulseiras-de-couro-ajustaveis-pretas\/","url":"https:\/\/lovme.pt\/index.php\/produto\/calexotics-nocturnal-pulseiras-de-couro-ajustaveis-pretas\/","name":"CALEXOTICS - NOCTURNAL PULSEIRAS DE COURO AJUST\u00c1VEIS PRETAS - Lovme","isPartOf":{"@id":"https:\/\/lovme.pt\/#website"},"primaryImageOfPage":{"@id":"https:\/\/lovme.pt\/index.php\/produto\/calexotics-nocturnal-pulseiras-de-couro-ajustaveis-pretas\/#primaryimage"},"image":{"@id":"https:\/\/lovme.pt\/index.php\/produto\/calexotics-nocturnal-pulseiras-de-couro-ajustaveis-pretas\/#primaryimage"},"thumbnailUrl":"https:\/\/erki24nd3ub.exactdn.com\/wp-content\/uploads\/dream\/img\/img_185768_b7239a3a557047590a37d9b05695d1a0_1.jpg?strip=all","datePublished":"2025-09-30T22:43:05+00:00","dateModified":"2026-02-19T20:12:59+00:00","breadcrumb":{"@id":"https:\/\/lovme.pt\/index.php\/produto\/calexotics-nocturnal-pulseiras-de-couro-ajustaveis-pretas\/#breadcrumb"},"inLanguage":"pt-PT","potentialAction":[{"@type":"ReadAction","target":["https:\/\/lovme.pt\/index.php\/produto\/calexotics-nocturnal-pulseiras-de-couro-ajustaveis-pretas\/"]}]},{"@type":"ImageObject","inLanguage":"pt-PT","@id":"https:\/\/lovme.pt\/index.php\/produto\/calexotics-nocturnal-pulseiras-de-couro-ajustaveis-pretas\/#primaryimage","url":"https:\/\/erki24nd3ub.exactdn.com\/wp-content\/uploads\/dream\/img\/img_185768_b7239a3a557047590a37d9b05695d1a0_1.jpg?strip=all","contentUrl":"https:\/\/erki24nd3ub.exactdn.com\/wp-content\/uploads\/dream\/img\/img_185768_b7239a3a557047590a37d9b05695d1a0_1.jpg?strip=all","width":800,"height":800},{"@type":"BreadcrumbList","@id":"https:\/\/lovme.pt\/index.php\/produto\/calexotics-nocturnal-pulseiras-de-couro-ajustaveis-pretas\/#breadcrumb","itemListElement":[{"@type":"ListItem","position":1,"name":"In\u00edcio","item":"https:\/\/lovme.pt\/"},{"@type":"ListItem","position":2,"name":"Loja","item":"https:\/\/lovme.pt\/index.php\/loja\/"},{"@type":"ListItem","position":3,"name":"CALEXOTICS &#8211; NOCTURNAL PULSEIRAS DE COURO AJUST\u00c1VEIS PRETAS"}]},{"@type":"WebSite","@id":"https:\/\/lovme.pt\/#website","url":"https:\/\/lovme.pt\/","name":"Lovme Loja Er\u00f3tica N\u00ba1 em Portugal","description":"A melhor loja er\u00f3tica de Portugal.","alternateName":"Loja Er\u00f3tica Lovme","potentialAction":[{"@type":"SearchAction","target":{"@type":"EntryPoint","urlTemplate":"https:\/\/lovme.pt\/?s={search_term_string}"},"query-input":{"@type":"PropertyValueSpecification","valueRequired":true,"valueName":"search_term_string"}}],"inLanguage":"pt-PT"}]}},"_links":{"self":[{"href":"https:\/\/lovme.pt\/index.php\/wp-json\/wp\/v2\/product\/50033","targetHints":{"allow":["GET"]}}],"collection":[{"href":"https:\/\/lovme.pt\/index.php\/wp-json\/wp\/v2\/product"}],"about":[{"href":"https:\/\/lovme.pt\/index.php\/wp-json\/wp\/v2\/types\/product"}],"wp:featuredmedia":[{"embeddable":true,"href":"https:\/\/lovme.pt\/index.php\/wp-json\/wp\/v2\/media\/80387"}],"wp:attachment":[{"href":"https:\/\/lovme.pt\/index.php\/wp-json\/wp\/v2\/media?parent=50033"}],"wp:term":[{"taxonomy":"product_brand","embeddable":true,"href":"https:\/\/lovme.pt\/index.php\/wp-json\/wp\/v2\/product_brand?post=50033"},{"taxonomy":"product_cat","embeddable":true,"href":"https:\/\/lovme.pt\/index.php\/wp-json\/wp\/v2\/product_cat?post=50033"},{"taxonomy":"product_tag","embeddable":true,"href":"https:\/\/lovme.pt\/index.php\/wp-json\/wp\/v2\/product_tag?post=50033"}],"curies":[{"name":"wp","href":"https:\/\/api.w.org\/{rel}","templated":true}]}}