{"id":50030,"date":"2025-09-30T23:04:37","date_gmt":"2025-09-30T23:04:37","guid":{"rendered":"https:\/\/lovme.pt\/?post_type=product&p=50030"},"modified":"2026-02-19T20:13:59","modified_gmt":"2026-02-19T20:13:59","slug":"calexotics-nocturnal-mascara-de-olhos-pvc-couro-preto","status":"publish","type":"product","link":"https:\/\/lovme.pt\/index.php\/produto\/calexotics-nocturnal-mascara-de-olhos-pvc-couro-preto\/","title":{"rendered":"CALEXOTICS &#8211; NOCTURNAL M\u00c1SCARA DE OLHOS PVC COURO PRETO"},"content":{"rendered":"<p>Conhe\u00e7a a <strong>M\u00e1scara para os Olhos Nocturnal Collection<\/strong> , meticulosamente elaborada para quem deseja um apag\u00e3o sensorial completo.<\/p>\n<p>Com elasticidade para conforto ideal, seu design resistente com costura dupla garante durabilidade.<\/p>\n<p>Ideal para noites tranquilas ou momentos \u00edntimos, ele se ajusta perfeitamente ao seu rosto. Funcional, dur\u00e1vel e texturizado, ele aprimora as experi\u00eancias sensoriais.<\/p>\n<p>Com design sofisticado e funcionalidade excepcional, \u00e9 perfeito para uma imers\u00e3o total em momentos de escurid\u00e3o total.<\/p>\n<p>\u00a0<\/p>\n<p><u><strong>CARACTER\u00cdSTICAS<\/strong><\/u> :<\/p>\n<ul>\n<li>M\u00e1scara el\u00e1stica para os olhos<\/li>\n<li>Projetado para \u201cApag\u00e3o Total\u201d<\/li>\n<li>Design resistente com costura dupla<\/li>\n<li>Funcional, dur\u00e1vel e texturizado<\/li>\n<li>Material: Couro (tecido externo), Neoprene (forro), El\u00e1stico (faixa)<\/li>\n<\/ul>\n","protected":false},"excerpt":{"rendered":"<p>CALEXOTICS &#8211; NOCTURNAL M\u00c1SCARA DE OLHOS PVC COURO PRETO<\/p>\n","protected":false},"featured_media":83293,"template":"","meta":{"_acf_changed":false},"product_brand":[],"product_cat":[48],"product_tag":[],"class_list":{"0":"post-50030","1":"product","2":"type-product","3":"status-publish","4":"has-post-thumbnail","6":"product_cat-bdsm","7":"yith_product_brand-calexotics","9":"first","10":"instock","11":"taxable","12":"shipping-taxable","13":"purchasable","14":"product-type-simple"},"acf":[],"yoast_head":"<!-- This site is optimized with the Yoast SEO plugin v27.3 - https:\/\/yoast.com\/product\/yoast-seo-wordpress\/ -->\n<title>CALEXOTICS - NOCTURNAL M\u00c1SCARA DE OLHOS PVC COURO PRETO - Lovme<\/title>\n<meta name=\"robots\" content=\"index, follow, max-snippet:-1, max-image-preview:large, max-video-preview:-1\" \/>\n<link rel=\"canonical\" href=\"https:\/\/lovme.pt\/index.php\/produto\/calexotics-nocturnal-mascara-de-olhos-pvc-couro-preto\/\" \/>\n<meta property=\"og:locale\" content=\"pt_PT\" \/>\n<meta property=\"og:type\" content=\"article\" \/>\n<meta property=\"og:title\" content=\"CALEXOTICS - NOCTURNAL M\u00c1SCARA DE OLHOS PVC COURO PRETO - Lovme\" \/>\n<meta property=\"og:description\" content=\"CALEXOTICS - NOCTURNAL M\u00c1SCARA DE OLHOS PVC COURO PRETO\" \/>\n<meta property=\"og:url\" content=\"https:\/\/lovme.pt\/index.php\/produto\/calexotics-nocturnal-mascara-de-olhos-pvc-couro-preto\/\" \/>\n<meta property=\"og:site_name\" content=\"Lovme\" \/>\n<meta property=\"article:modified_time\" content=\"2026-02-19T20:13:59+00:00\" \/>\n<meta property=\"og:image\" content=\"https:\/\/erki24nd3ub.exactdn.com\/wp-content\/uploads\/dream\/img\/img_185753_3c2f0a79f9a8e746c993752ad12067d6_1.jpg?strip=all\" \/>\n\t<meta property=\"og:image:width\" content=\"800\" \/>\n\t<meta property=\"og:image:height\" content=\"800\" \/>\n\t<meta property=\"og:image:type\" content=\"image\/jpeg\" \/>\n<meta name=\"twitter:card\" content=\"summary_large_image\" \/>\n<meta name=\"twitter:label1\" content=\"Tempo estimado de leitura\" \/>\n\t<meta name=\"twitter:data1\" content=\"1 minuto\" \/>\n<script type=\"application\/ld+json\" class=\"yoast-schema-graph\">{\"@context\":\"https:\\\/\\\/schema.org\",\"@graph\":[{\"@type\":\"WebPage\",\"@id\":\"https:\\\/\\\/lovme.pt\\\/index.php\\\/produto\\\/calexotics-nocturnal-mascara-de-olhos-pvc-couro-preto\\\/\",\"url\":\"https:\\\/\\\/lovme.pt\\\/index.php\\\/produto\\\/calexotics-nocturnal-mascara-de-olhos-pvc-couro-preto\\\/\",\"name\":\"CALEXOTICS - NOCTURNAL M\u00c1SCARA DE OLHOS PVC COURO PRETO - Lovme\",\"isPartOf\":{\"@id\":\"https:\\\/\\\/lovme.pt\\\/#website\"},\"primaryImageOfPage\":{\"@id\":\"https:\\\/\\\/lovme.pt\\\/index.php\\\/produto\\\/calexotics-nocturnal-mascara-de-olhos-pvc-couro-preto\\\/#primaryimage\"},\"image\":{\"@id\":\"https:\\\/\\\/lovme.pt\\\/index.php\\\/produto\\\/calexotics-nocturnal-mascara-de-olhos-pvc-couro-preto\\\/#primaryimage\"},\"thumbnailUrl\":\"https:\\\/\\\/erki24nd3ub.exactdn.com\\\/wp-content\\\/uploads\\\/dream\\\/img\\\/img_185753_3c2f0a79f9a8e746c993752ad12067d6_1.jpg?strip=all\",\"datePublished\":\"2025-09-30T23:04:37+00:00\",\"dateModified\":\"2026-02-19T20:13:59+00:00\",\"breadcrumb\":{\"@id\":\"https:\\\/\\\/lovme.pt\\\/index.php\\\/produto\\\/calexotics-nocturnal-mascara-de-olhos-pvc-couro-preto\\\/#breadcrumb\"},\"inLanguage\":\"pt-PT\",\"potentialAction\":[{\"@type\":\"ReadAction\",\"target\":[\"https:\\\/\\\/lovme.pt\\\/index.php\\\/produto\\\/calexotics-nocturnal-mascara-de-olhos-pvc-couro-preto\\\/\"]}]},{\"@type\":\"ImageObject\",\"inLanguage\":\"pt-PT\",\"@id\":\"https:\\\/\\\/lovme.pt\\\/index.php\\\/produto\\\/calexotics-nocturnal-mascara-de-olhos-pvc-couro-preto\\\/#primaryimage\",\"url\":\"https:\\\/\\\/erki24nd3ub.exactdn.com\\\/wp-content\\\/uploads\\\/dream\\\/img\\\/img_185753_3c2f0a79f9a8e746c993752ad12067d6_1.jpg?strip=all\",\"contentUrl\":\"https:\\\/\\\/erki24nd3ub.exactdn.com\\\/wp-content\\\/uploads\\\/dream\\\/img\\\/img_185753_3c2f0a79f9a8e746c993752ad12067d6_1.jpg?strip=all\",\"width\":800,\"height\":800},{\"@type\":\"BreadcrumbList\",\"@id\":\"https:\\\/\\\/lovme.pt\\\/index.php\\\/produto\\\/calexotics-nocturnal-mascara-de-olhos-pvc-couro-preto\\\/#breadcrumb\",\"itemListElement\":[{\"@type\":\"ListItem\",\"position\":1,\"name\":\"In\u00edcio\",\"item\":\"https:\\\/\\\/lovme.pt\\\/\"},{\"@type\":\"ListItem\",\"position\":2,\"name\":\"Loja\",\"item\":\"https:\\\/\\\/lovme.pt\\\/index.php\\\/loja\\\/\"},{\"@type\":\"ListItem\",\"position\":3,\"name\":\"CALEXOTICS &#8211; NOCTURNAL M\u00c1SCARA DE OLHOS PVC COURO PRETO\"}]},{\"@type\":\"WebSite\",\"@id\":\"https:\\\/\\\/lovme.pt\\\/#website\",\"url\":\"https:\\\/\\\/lovme.pt\\\/\",\"name\":\"Lovme Loja Er\u00f3tica N\u00ba1 em Portugal\",\"description\":\"A melhor loja er\u00f3tica de Portugal.\",\"alternateName\":\"Loja Er\u00f3tica Lovme\",\"potentialAction\":[{\"@type\":\"SearchAction\",\"target\":{\"@type\":\"EntryPoint\",\"urlTemplate\":\"https:\\\/\\\/lovme.pt\\\/?s={search_term_string}\"},\"query-input\":{\"@type\":\"PropertyValueSpecification\",\"valueRequired\":true,\"valueName\":\"search_term_string\"}}],\"inLanguage\":\"pt-PT\"}]}<\/script>\n<!-- \/ Yoast SEO plugin. -->","yoast_head_json":{"title":"CALEXOTICS - NOCTURNAL M\u00c1SCARA DE OLHOS PVC COURO PRETO - Lovme","robots":{"index":"index","follow":"follow","max-snippet":"max-snippet:-1","max-image-preview":"max-image-preview:large","max-video-preview":"max-video-preview:-1"},"canonical":"https:\/\/lovme.pt\/index.php\/produto\/calexotics-nocturnal-mascara-de-olhos-pvc-couro-preto\/","og_locale":"pt_PT","og_type":"article","og_title":"CALEXOTICS - NOCTURNAL M\u00c1SCARA DE OLHOS PVC COURO PRETO - Lovme","og_description":"CALEXOTICS - NOCTURNAL M\u00c1SCARA DE OLHOS PVC COURO PRETO","og_url":"https:\/\/lovme.pt\/index.php\/produto\/calexotics-nocturnal-mascara-de-olhos-pvc-couro-preto\/","og_site_name":"Lovme","article_modified_time":"2026-02-19T20:13:59+00:00","og_image":[{"width":800,"height":800,"url":"https:\/\/erki24nd3ub.exactdn.com\/wp-content\/uploads\/dream\/img\/img_185753_3c2f0a79f9a8e746c993752ad12067d6_1.jpg?strip=all","type":"image\/jpeg"}],"twitter_card":"summary_large_image","twitter_misc":{"Tempo estimado de leitura":"1 minuto"},"schema":{"@context":"https:\/\/schema.org","@graph":[{"@type":"WebPage","@id":"https:\/\/lovme.pt\/index.php\/produto\/calexotics-nocturnal-mascara-de-olhos-pvc-couro-preto\/","url":"https:\/\/lovme.pt\/index.php\/produto\/calexotics-nocturnal-mascara-de-olhos-pvc-couro-preto\/","name":"CALEXOTICS - NOCTURNAL M\u00c1SCARA DE OLHOS PVC COURO PRETO - Lovme","isPartOf":{"@id":"https:\/\/lovme.pt\/#website"},"primaryImageOfPage":{"@id":"https:\/\/lovme.pt\/index.php\/produto\/calexotics-nocturnal-mascara-de-olhos-pvc-couro-preto\/#primaryimage"},"image":{"@id":"https:\/\/lovme.pt\/index.php\/produto\/calexotics-nocturnal-mascara-de-olhos-pvc-couro-preto\/#primaryimage"},"thumbnailUrl":"https:\/\/erki24nd3ub.exactdn.com\/wp-content\/uploads\/dream\/img\/img_185753_3c2f0a79f9a8e746c993752ad12067d6_1.jpg?strip=all","datePublished":"2025-09-30T23:04:37+00:00","dateModified":"2026-02-19T20:13:59+00:00","breadcrumb":{"@id":"https:\/\/lovme.pt\/index.php\/produto\/calexotics-nocturnal-mascara-de-olhos-pvc-couro-preto\/#breadcrumb"},"inLanguage":"pt-PT","potentialAction":[{"@type":"ReadAction","target":["https:\/\/lovme.pt\/index.php\/produto\/calexotics-nocturnal-mascara-de-olhos-pvc-couro-preto\/"]}]},{"@type":"ImageObject","inLanguage":"pt-PT","@id":"https:\/\/lovme.pt\/index.php\/produto\/calexotics-nocturnal-mascara-de-olhos-pvc-couro-preto\/#primaryimage","url":"https:\/\/erki24nd3ub.exactdn.com\/wp-content\/uploads\/dream\/img\/img_185753_3c2f0a79f9a8e746c993752ad12067d6_1.jpg?strip=all","contentUrl":"https:\/\/erki24nd3ub.exactdn.com\/wp-content\/uploads\/dream\/img\/img_185753_3c2f0a79f9a8e746c993752ad12067d6_1.jpg?strip=all","width":800,"height":800},{"@type":"BreadcrumbList","@id":"https:\/\/lovme.pt\/index.php\/produto\/calexotics-nocturnal-mascara-de-olhos-pvc-couro-preto\/#breadcrumb","itemListElement":[{"@type":"ListItem","position":1,"name":"In\u00edcio","item":"https:\/\/lovme.pt\/"},{"@type":"ListItem","position":2,"name":"Loja","item":"https:\/\/lovme.pt\/index.php\/loja\/"},{"@type":"ListItem","position":3,"name":"CALEXOTICS &#8211; NOCTURNAL M\u00c1SCARA DE OLHOS PVC COURO PRETO"}]},{"@type":"WebSite","@id":"https:\/\/lovme.pt\/#website","url":"https:\/\/lovme.pt\/","name":"Lovme Loja Er\u00f3tica N\u00ba1 em Portugal","description":"A melhor loja er\u00f3tica de Portugal.","alternateName":"Loja Er\u00f3tica Lovme","potentialAction":[{"@type":"SearchAction","target":{"@type":"EntryPoint","urlTemplate":"https:\/\/lovme.pt\/?s={search_term_string}"},"query-input":{"@type":"PropertyValueSpecification","valueRequired":true,"valueName":"search_term_string"}}],"inLanguage":"pt-PT"}]}},"_links":{"self":[{"href":"https:\/\/lovme.pt\/index.php\/wp-json\/wp\/v2\/product\/50030","targetHints":{"allow":["GET"]}}],"collection":[{"href":"https:\/\/lovme.pt\/index.php\/wp-json\/wp\/v2\/product"}],"about":[{"href":"https:\/\/lovme.pt\/index.php\/wp-json\/wp\/v2\/types\/product"}],"wp:featuredmedia":[{"embeddable":true,"href":"https:\/\/lovme.pt\/index.php\/wp-json\/wp\/v2\/media\/83293"}],"wp:attachment":[{"href":"https:\/\/lovme.pt\/index.php\/wp-json\/wp\/v2\/media?parent=50030"}],"wp:term":[{"taxonomy":"product_brand","embeddable":true,"href":"https:\/\/lovme.pt\/index.php\/wp-json\/wp\/v2\/product_brand?post=50030"},{"taxonomy":"product_cat","embeddable":true,"href":"https:\/\/lovme.pt\/index.php\/wp-json\/wp\/v2\/product_cat?post=50030"},{"taxonomy":"product_tag","embeddable":true,"href":"https:\/\/lovme.pt\/index.php\/wp-json\/wp\/v2\/product_tag?post=50030"}],"curies":[{"name":"wp","href":"https:\/\/api.w.org\/{rel}","templated":true}]}}