{"id":50029,"date":"2025-09-30T22:02:39","date_gmt":"2025-09-30T22:02:39","guid":{"rendered":"https:\/\/lovme.pt\/?post_type=product&p=50029"},"modified":"2026-02-19T20:09:04","modified_gmt":"2026-02-19T20:09:04","slug":"calexotics-pacifica-fiji-vibrador-e-estimulador-ponto-g-10-vibracoes-aqua","status":"publish","type":"product","link":"https:\/\/lovme.pt\/index.php\/produto\/calexotics-pacifica-fiji-vibrador-e-estimulador-ponto-g-10-vibracoes-aqua\/","title":{"rendered":"CALEXOTICS &#8211; PACIFICA FIJI VIBRADOR E ESTIMULADOR PONTO G 10 VIBRA\u00c7\u00d5ES AQUA"},"content":{"rendered":"<p>Apresentando o <strong>Pacifica Fiji<\/strong> , uma maravilha no mundo dos brinquedos adultos, projetado para elevar experi\u00eancias \u00edntimas.<\/p>\n<p>Seu design curvo atinge precisamente o ponto G, enquanto o eixo flex\u00edvel e as vibra\u00e7\u00f5es potentes garantem sensa\u00e7\u00f5es intensas.<\/p>\n<p>Feito de silicone l\u00edquido transparente, \u00e9 macio, suave e dur\u00e1vel, com classifica\u00e7\u00e3o IPX7 para divers\u00e3o \u00e0 prova d\u00e1gua em qualquer lugar. Motores duplos oferecem 10 fun\u00e7\u00f5es, proporcionando experi\u00eancias \u00fanicas. O chip de mem\u00f3ria lembra sua \u00faltima configura\u00e7\u00e3o, garantindo prazer ininterrupto. Um bloqueio de viagem garante discri\u00e7\u00e3o, ativado com uma espera de 3 segundos. Recarreg\u00e1vel por USB, oferece 40 minutos em alta velocidade e 90 minutos em baixa velocidade, prometendo felicidade ininterrupta.<\/p>\n<p>Viva momentos sensuais com a Pacifica Fiji.<\/p>\n<p>\u00a0<\/p>\n<p><u><strong>CARACTER\u00cdSTICAS<\/strong><\/u> :<\/p>\n<ul>\n<li>Estimulador duplo perfeitamente curvo com estimula\u00e7\u00e3o aprimorada do ponto G<\/li>\n<li>Eixo flex\u00edvel com vibra\u00e7\u00f5es potentes e motores duplos<\/li>\n<li>10 fun\u00e7\u00f5es intensas de vibra\u00e7\u00e3o, pulsa\u00e7\u00e3o e escalada<\/li>\n<li>Silicone l\u00edquido transparente &#8211; mais macio, suave, duradouro e \u00e0 prova d\u00e1gua<\/li>\n<li>Chip de mem\u00f3ria de pr\u00f3xima gera\u00e7\u00e3o retoma a \u00faltima fun\u00e7\u00e3o usada<\/li>\n<li>Recurso de bloqueio de seguran\u00e7a para viagem &#8211; pressione e segure por 3 segundos para ligar ou desligar<\/li>\n<li>Recarreg\u00e1vel por USB &#8211; cabo de carregamento inclu\u00eddo<\/li>\n<li>Carga completa em 2,5 horas<\/li>\n<li>Funciona por 40 minutos em alta velocidade e 90 minutos em baixa velocidade<\/li>\n<\/ul>\n","protected":false},"excerpt":{"rendered":"<p>CALEXOTICS &#8211; PACIFICA FIJI VIBRADOR E ESTIMULADOR PONTO G 10 VIBRA\u00c7\u00d5ES AQUA<\/p>\n","protected":false},"featured_media":73304,"template":"","meta":{"_acf_changed":false},"product_brand":[],"product_cat":[17,61,76],"product_tag":[],"class_list":{"0":"post-50029","1":"product","2":"type-product","3":"status-publish","4":"has-post-thumbnail","6":"product_cat-brinquedos-de-bem-estar-sexual","7":"product_cat-para-elas","8":"product_cat-vibradores","9":"yith_product_brand-calexotics","11":"first","12":"instock","13":"taxable","14":"shipping-taxable","15":"purchasable","16":"product-type-simple"},"acf":[],"yoast_head":"<!-- This site is optimized with the Yoast SEO plugin v27.3 - https:\/\/yoast.com\/product\/yoast-seo-wordpress\/ -->\n<title>CALEXOTICS - PACIFICA FIJI VIBRADOR E ESTIMULADOR PONTO G 10 VIBRA\u00c7\u00d5ES AQUA - Lovme<\/title>\n<meta name=\"robots\" content=\"index, follow, max-snippet:-1, max-image-preview:large, max-video-preview:-1\" \/>\n<link rel=\"canonical\" href=\"https:\/\/lovme.pt\/index.php\/produto\/calexotics-pacifica-fiji-vibrador-e-estimulador-ponto-g-10-vibracoes-aqua\/\" \/>\n<meta property=\"og:locale\" content=\"pt_PT\" \/>\n<meta property=\"og:type\" content=\"article\" \/>\n<meta property=\"og:title\" content=\"CALEXOTICS - PACIFICA FIJI VIBRADOR E ESTIMULADOR PONTO G 10 VIBRA\u00c7\u00d5ES AQUA - Lovme\" \/>\n<meta property=\"og:description\" content=\"CALEXOTICS - PACIFICA FIJI VIBRADOR E ESTIMULADOR PONTO G 10 VIBRA\u00c7\u00d5ES AQUA\" \/>\n<meta property=\"og:url\" content=\"https:\/\/lovme.pt\/index.php\/produto\/calexotics-pacifica-fiji-vibrador-e-estimulador-ponto-g-10-vibracoes-aqua\/\" \/>\n<meta property=\"og:site_name\" content=\"Lovme\" \/>\n<meta property=\"article:modified_time\" content=\"2026-02-19T20:09:04+00:00\" \/>\n<meta property=\"og:image\" content=\"https:\/\/erki24nd3ub.exactdn.com\/wp-content\/uploads\/dream\/img\/img_185738_bdebded273c0cee2d91ed8b836c2a007_1.jpg?strip=all\" \/>\n\t<meta property=\"og:image:width\" content=\"800\" \/>\n\t<meta property=\"og:image:height\" content=\"800\" \/>\n\t<meta property=\"og:image:type\" content=\"image\/jpeg\" \/>\n<meta name=\"twitter:card\" content=\"summary_large_image\" \/>\n<meta name=\"twitter:label1\" content=\"Tempo estimado de leitura\" \/>\n\t<meta name=\"twitter:data1\" content=\"1 minuto\" \/>\n<script type=\"application\/ld+json\" class=\"yoast-schema-graph\">{\"@context\":\"https:\\\/\\\/schema.org\",\"@graph\":[{\"@type\":\"WebPage\",\"@id\":\"https:\\\/\\\/lovme.pt\\\/index.php\\\/produto\\\/calexotics-pacifica-fiji-vibrador-e-estimulador-ponto-g-10-vibracoes-aqua\\\/\",\"url\":\"https:\\\/\\\/lovme.pt\\\/index.php\\\/produto\\\/calexotics-pacifica-fiji-vibrador-e-estimulador-ponto-g-10-vibracoes-aqua\\\/\",\"name\":\"CALEXOTICS - PACIFICA FIJI VIBRADOR E ESTIMULADOR PONTO G 10 VIBRA\u00c7\u00d5ES AQUA - Lovme\",\"isPartOf\":{\"@id\":\"https:\\\/\\\/lovme.pt\\\/#website\"},\"primaryImageOfPage\":{\"@id\":\"https:\\\/\\\/lovme.pt\\\/index.php\\\/produto\\\/calexotics-pacifica-fiji-vibrador-e-estimulador-ponto-g-10-vibracoes-aqua\\\/#primaryimage\"},\"image\":{\"@id\":\"https:\\\/\\\/lovme.pt\\\/index.php\\\/produto\\\/calexotics-pacifica-fiji-vibrador-e-estimulador-ponto-g-10-vibracoes-aqua\\\/#primaryimage\"},\"thumbnailUrl\":\"https:\\\/\\\/erki24nd3ub.exactdn.com\\\/wp-content\\\/uploads\\\/dream\\\/img\\\/img_185738_bdebded273c0cee2d91ed8b836c2a007_1.jpg?strip=all\",\"datePublished\":\"2025-09-30T22:02:39+00:00\",\"dateModified\":\"2026-02-19T20:09:04+00:00\",\"breadcrumb\":{\"@id\":\"https:\\\/\\\/lovme.pt\\\/index.php\\\/produto\\\/calexotics-pacifica-fiji-vibrador-e-estimulador-ponto-g-10-vibracoes-aqua\\\/#breadcrumb\"},\"inLanguage\":\"pt-PT\",\"potentialAction\":[{\"@type\":\"ReadAction\",\"target\":[\"https:\\\/\\\/lovme.pt\\\/index.php\\\/produto\\\/calexotics-pacifica-fiji-vibrador-e-estimulador-ponto-g-10-vibracoes-aqua\\\/\"]}]},{\"@type\":\"ImageObject\",\"inLanguage\":\"pt-PT\",\"@id\":\"https:\\\/\\\/lovme.pt\\\/index.php\\\/produto\\\/calexotics-pacifica-fiji-vibrador-e-estimulador-ponto-g-10-vibracoes-aqua\\\/#primaryimage\",\"url\":\"https:\\\/\\\/erki24nd3ub.exactdn.com\\\/wp-content\\\/uploads\\\/dream\\\/img\\\/img_185738_bdebded273c0cee2d91ed8b836c2a007_1.jpg?strip=all\",\"contentUrl\":\"https:\\\/\\\/erki24nd3ub.exactdn.com\\\/wp-content\\\/uploads\\\/dream\\\/img\\\/img_185738_bdebded273c0cee2d91ed8b836c2a007_1.jpg?strip=all\",\"width\":800,\"height\":800},{\"@type\":\"BreadcrumbList\",\"@id\":\"https:\\\/\\\/lovme.pt\\\/index.php\\\/produto\\\/calexotics-pacifica-fiji-vibrador-e-estimulador-ponto-g-10-vibracoes-aqua\\\/#breadcrumb\",\"itemListElement\":[{\"@type\":\"ListItem\",\"position\":1,\"name\":\"In\u00edcio\",\"item\":\"https:\\\/\\\/lovme.pt\\\/\"},{\"@type\":\"ListItem\",\"position\":2,\"name\":\"Loja\",\"item\":\"https:\\\/\\\/lovme.pt\\\/index.php\\\/loja\\\/\"},{\"@type\":\"ListItem\",\"position\":3,\"name\":\"CALEXOTICS &#8211; PACIFICA FIJI VIBRADOR E ESTIMULADOR PONTO G 10 VIBRA\u00c7\u00d5ES AQUA\"}]},{\"@type\":\"WebSite\",\"@id\":\"https:\\\/\\\/lovme.pt\\\/#website\",\"url\":\"https:\\\/\\\/lovme.pt\\\/\",\"name\":\"Lovme Loja Er\u00f3tica N\u00ba1 em Portugal\",\"description\":\"A melhor loja er\u00f3tica de Portugal.\",\"alternateName\":\"Loja Er\u00f3tica Lovme\",\"potentialAction\":[{\"@type\":\"SearchAction\",\"target\":{\"@type\":\"EntryPoint\",\"urlTemplate\":\"https:\\\/\\\/lovme.pt\\\/?s={search_term_string}\"},\"query-input\":{\"@type\":\"PropertyValueSpecification\",\"valueRequired\":true,\"valueName\":\"search_term_string\"}}],\"inLanguage\":\"pt-PT\"}]}<\/script>\n<!-- \/ Yoast SEO plugin. -->","yoast_head_json":{"title":"CALEXOTICS - PACIFICA FIJI VIBRADOR E ESTIMULADOR PONTO G 10 VIBRA\u00c7\u00d5ES AQUA - Lovme","robots":{"index":"index","follow":"follow","max-snippet":"max-snippet:-1","max-image-preview":"max-image-preview:large","max-video-preview":"max-video-preview:-1"},"canonical":"https:\/\/lovme.pt\/index.php\/produto\/calexotics-pacifica-fiji-vibrador-e-estimulador-ponto-g-10-vibracoes-aqua\/","og_locale":"pt_PT","og_type":"article","og_title":"CALEXOTICS - PACIFICA FIJI VIBRADOR E ESTIMULADOR PONTO G 10 VIBRA\u00c7\u00d5ES AQUA - Lovme","og_description":"CALEXOTICS - PACIFICA FIJI VIBRADOR E ESTIMULADOR PONTO G 10 VIBRA\u00c7\u00d5ES AQUA","og_url":"https:\/\/lovme.pt\/index.php\/produto\/calexotics-pacifica-fiji-vibrador-e-estimulador-ponto-g-10-vibracoes-aqua\/","og_site_name":"Lovme","article_modified_time":"2026-02-19T20:09:04+00:00","og_image":[{"width":800,"height":800,"url":"https:\/\/erki24nd3ub.exactdn.com\/wp-content\/uploads\/dream\/img\/img_185738_bdebded273c0cee2d91ed8b836c2a007_1.jpg?strip=all","type":"image\/jpeg"}],"twitter_card":"summary_large_image","twitter_misc":{"Tempo estimado de leitura":"1 minuto"},"schema":{"@context":"https:\/\/schema.org","@graph":[{"@type":"WebPage","@id":"https:\/\/lovme.pt\/index.php\/produto\/calexotics-pacifica-fiji-vibrador-e-estimulador-ponto-g-10-vibracoes-aqua\/","url":"https:\/\/lovme.pt\/index.php\/produto\/calexotics-pacifica-fiji-vibrador-e-estimulador-ponto-g-10-vibracoes-aqua\/","name":"CALEXOTICS - PACIFICA FIJI VIBRADOR E ESTIMULADOR PONTO G 10 VIBRA\u00c7\u00d5ES AQUA - Lovme","isPartOf":{"@id":"https:\/\/lovme.pt\/#website"},"primaryImageOfPage":{"@id":"https:\/\/lovme.pt\/index.php\/produto\/calexotics-pacifica-fiji-vibrador-e-estimulador-ponto-g-10-vibracoes-aqua\/#primaryimage"},"image":{"@id":"https:\/\/lovme.pt\/index.php\/produto\/calexotics-pacifica-fiji-vibrador-e-estimulador-ponto-g-10-vibracoes-aqua\/#primaryimage"},"thumbnailUrl":"https:\/\/erki24nd3ub.exactdn.com\/wp-content\/uploads\/dream\/img\/img_185738_bdebded273c0cee2d91ed8b836c2a007_1.jpg?strip=all","datePublished":"2025-09-30T22:02:39+00:00","dateModified":"2026-02-19T20:09:04+00:00","breadcrumb":{"@id":"https:\/\/lovme.pt\/index.php\/produto\/calexotics-pacifica-fiji-vibrador-e-estimulador-ponto-g-10-vibracoes-aqua\/#breadcrumb"},"inLanguage":"pt-PT","potentialAction":[{"@type":"ReadAction","target":["https:\/\/lovme.pt\/index.php\/produto\/calexotics-pacifica-fiji-vibrador-e-estimulador-ponto-g-10-vibracoes-aqua\/"]}]},{"@type":"ImageObject","inLanguage":"pt-PT","@id":"https:\/\/lovme.pt\/index.php\/produto\/calexotics-pacifica-fiji-vibrador-e-estimulador-ponto-g-10-vibracoes-aqua\/#primaryimage","url":"https:\/\/erki24nd3ub.exactdn.com\/wp-content\/uploads\/dream\/img\/img_185738_bdebded273c0cee2d91ed8b836c2a007_1.jpg?strip=all","contentUrl":"https:\/\/erki24nd3ub.exactdn.com\/wp-content\/uploads\/dream\/img\/img_185738_bdebded273c0cee2d91ed8b836c2a007_1.jpg?strip=all","width":800,"height":800},{"@type":"BreadcrumbList","@id":"https:\/\/lovme.pt\/index.php\/produto\/calexotics-pacifica-fiji-vibrador-e-estimulador-ponto-g-10-vibracoes-aqua\/#breadcrumb","itemListElement":[{"@type":"ListItem","position":1,"name":"In\u00edcio","item":"https:\/\/lovme.pt\/"},{"@type":"ListItem","position":2,"name":"Loja","item":"https:\/\/lovme.pt\/index.php\/loja\/"},{"@type":"ListItem","position":3,"name":"CALEXOTICS &#8211; PACIFICA FIJI VIBRADOR E ESTIMULADOR PONTO G 10 VIBRA\u00c7\u00d5ES AQUA"}]},{"@type":"WebSite","@id":"https:\/\/lovme.pt\/#website","url":"https:\/\/lovme.pt\/","name":"Lovme Loja Er\u00f3tica N\u00ba1 em Portugal","description":"A melhor loja er\u00f3tica de Portugal.","alternateName":"Loja Er\u00f3tica Lovme","potentialAction":[{"@type":"SearchAction","target":{"@type":"EntryPoint","urlTemplate":"https:\/\/lovme.pt\/?s={search_term_string}"},"query-input":{"@type":"PropertyValueSpecification","valueRequired":true,"valueName":"search_term_string"}}],"inLanguage":"pt-PT"}]}},"_links":{"self":[{"href":"https:\/\/lovme.pt\/index.php\/wp-json\/wp\/v2\/product\/50029","targetHints":{"allow":["GET"]}}],"collection":[{"href":"https:\/\/lovme.pt\/index.php\/wp-json\/wp\/v2\/product"}],"about":[{"href":"https:\/\/lovme.pt\/index.php\/wp-json\/wp\/v2\/types\/product"}],"wp:featuredmedia":[{"embeddable":true,"href":"https:\/\/lovme.pt\/index.php\/wp-json\/wp\/v2\/media\/73304"}],"wp:attachment":[{"href":"https:\/\/lovme.pt\/index.php\/wp-json\/wp\/v2\/media?parent=50029"}],"wp:term":[{"taxonomy":"product_brand","embeddable":true,"href":"https:\/\/lovme.pt\/index.php\/wp-json\/wp\/v2\/product_brand?post=50029"},{"taxonomy":"product_cat","embeddable":true,"href":"https:\/\/lovme.pt\/index.php\/wp-json\/wp\/v2\/product_cat?post=50029"},{"taxonomy":"product_tag","embeddable":true,"href":"https:\/\/lovme.pt\/index.php\/wp-json\/wp\/v2\/product_tag?post=50029"}],"curies":[{"name":"wp","href":"https:\/\/api.w.org\/{rel}","templated":true}]}}