{"id":50027,"date":"2025-09-30T22:02:36","date_gmt":"2025-09-30T22:02:36","guid":{"rendered":"https:\/\/lovme.pt\/?post_type=product&p=50027"},"modified":"2026-02-19T20:09:04","modified_gmt":"2026-02-19T20:09:04","slug":"calexotics-pacifica-tahiti-teaser-10-funcoes-aqua","status":"publish","type":"product","link":"https:\/\/lovme.pt\/index.php\/produto\/calexotics-pacifica-tahiti-teaser-10-funcoes-aqua\/","title":{"rendered":"CALEXOTICS &#8211; PACIFICA TAHITI TEASER 10 FUN\u00c7\u00d5ES AQUA"},"content":{"rendered":"<p>Embarque em \u00eaxtase intenso com <strong>Pacifica Tahiti<\/strong> , um massageador de cobertura total projetado para acariciar cada curva.<\/p>\n<p>Seu formato contornado garante estimula\u00e7\u00e3o m\u00e1xima para uma experi\u00eancia profundamente satisfat\u00f3ria. Adornado com detalhes canelados, cada toque intensifica e complementa seu design ergon\u00f4mico.<\/p>\n<p>Com 10 fun\u00e7\u00f5es intensas, de car\u00edcias suaves a ondas de \u00eaxtase, ele oferece experi\u00eancias diversas. Feito de silicone l\u00edquido transparente, \u00e9 dur\u00e1vel, \u00e0 prova d\u00e1gua e luxuoso. O chip de mem\u00f3ria retoma seu passeio perfeitamente, enquanto o bloqueio de viagem garante discri\u00e7\u00e3o. Recarreg\u00e1vel por USB, ele oferece 40 minutos de prazer de alta intensidade ou 90 minutos em uma configura\u00e7\u00e3o mais baixa ap\u00f3s uma carga r\u00e1pida de 2,5 horas.<\/p>\n<p>Explore momentos de felicidade com Pacifica Tahiti.<\/p>\n<p><u><strong>CARACTER\u00cdSTICAS:<\/strong><\/u><\/p>\n<ul>\n<li>Design contornado para estimula\u00e7\u00e3o total<\/li>\n<li>Destaque canelado para maior prazer<\/li>\n<li>10 fun\u00e7\u00f5es intensas de vibra\u00e7\u00e3o, pulsa\u00e7\u00e3o e escalada<\/li>\n<li>Silicone l\u00edquido transparente  mais macio, suave, duradouro e \u00e0 prova d\u2019\u00e1gua<\/li>\n<li>Chip de mem\u00f3ria de pr\u00f3xima gera\u00e7\u00e3o retoma a \u00faltima fun\u00e7\u00e3o usada<\/li>\n<li>Recurso de bloqueio de seguran\u00e7a para viagem  pressione e segure por 3 segundos para ligar ou desligar<\/li>\n<li>Recarreg\u00e1vel por USB  cabo de carregamento inclu\u00eddo<\/li>\n<li>Totalmente carregado em 2,5 horas<\/li>\n<li>Funciona por 40 minutos em alta velocidade e 90 minutos em baixa velocidade<\/li>\n<\/ul>\n","protected":false},"excerpt":{"rendered":"<p>CALEXOTICS &#8211; PACIFICA TAHITI TEASER 10 FUN\u00c7\u00d5ES AQUA<\/p>\n","protected":false},"featured_media":73294,"template":"","meta":{"_acf_changed":false},"product_brand":[],"product_cat":[17,61],"product_tag":[],"class_list":{"0":"post-50027","1":"product","2":"type-product","3":"status-publish","4":"has-post-thumbnail","6":"product_cat-brinquedos-de-bem-estar-sexual","7":"product_cat-para-elas","8":"yith_product_brand-calexotics","10":"first","11":"instock","12":"taxable","13":"shipping-taxable","14":"purchasable","15":"product-type-simple"},"acf":[],"yoast_head":"<!-- This site is optimized with the Yoast SEO plugin v27.3 - https:\/\/yoast.com\/product\/yoast-seo-wordpress\/ -->\n<title>CALEXOTICS - PACIFICA TAHITI TEASER 10 FUN\u00c7\u00d5ES AQUA - Lovme<\/title>\n<meta name=\"robots\" content=\"index, follow, max-snippet:-1, max-image-preview:large, max-video-preview:-1\" \/>\n<link rel=\"canonical\" href=\"https:\/\/lovme.pt\/index.php\/produto\/calexotics-pacifica-tahiti-teaser-10-funcoes-aqua\/\" \/>\n<meta property=\"og:locale\" content=\"pt_PT\" \/>\n<meta property=\"og:type\" content=\"article\" \/>\n<meta property=\"og:title\" content=\"CALEXOTICS - PACIFICA TAHITI TEASER 10 FUN\u00c7\u00d5ES AQUA - Lovme\" \/>\n<meta property=\"og:description\" content=\"CALEXOTICS - PACIFICA TAHITI TEASER 10 FUN\u00c7\u00d5ES AQUA\" \/>\n<meta property=\"og:url\" content=\"https:\/\/lovme.pt\/index.php\/produto\/calexotics-pacifica-tahiti-teaser-10-funcoes-aqua\/\" \/>\n<meta property=\"og:site_name\" content=\"Lovme\" \/>\n<meta property=\"article:modified_time\" content=\"2026-02-19T20:09:04+00:00\" \/>\n<meta property=\"og:image\" content=\"https:\/\/erki24nd3ub.exactdn.com\/wp-content\/uploads\/dream\/img\/img_185637_3f24cb74fbe0ec2eea0b943309b8e5da_1.jpg?strip=all\" \/>\n\t<meta property=\"og:image:width\" content=\"800\" \/>\n\t<meta property=\"og:image:height\" content=\"800\" \/>\n\t<meta property=\"og:image:type\" content=\"image\/jpeg\" \/>\n<meta name=\"twitter:card\" content=\"summary_large_image\" \/>\n<meta name=\"twitter:label1\" content=\"Tempo estimado de leitura\" \/>\n\t<meta name=\"twitter:data1\" content=\"1 minuto\" \/>\n<script type=\"application\/ld+json\" class=\"yoast-schema-graph\">{\"@context\":\"https:\\\/\\\/schema.org\",\"@graph\":[{\"@type\":\"WebPage\",\"@id\":\"https:\\\/\\\/lovme.pt\\\/index.php\\\/produto\\\/calexotics-pacifica-tahiti-teaser-10-funcoes-aqua\\\/\",\"url\":\"https:\\\/\\\/lovme.pt\\\/index.php\\\/produto\\\/calexotics-pacifica-tahiti-teaser-10-funcoes-aqua\\\/\",\"name\":\"CALEXOTICS - PACIFICA TAHITI TEASER 10 FUN\u00c7\u00d5ES AQUA - Lovme\",\"isPartOf\":{\"@id\":\"https:\\\/\\\/lovme.pt\\\/#website\"},\"primaryImageOfPage\":{\"@id\":\"https:\\\/\\\/lovme.pt\\\/index.php\\\/produto\\\/calexotics-pacifica-tahiti-teaser-10-funcoes-aqua\\\/#primaryimage\"},\"image\":{\"@id\":\"https:\\\/\\\/lovme.pt\\\/index.php\\\/produto\\\/calexotics-pacifica-tahiti-teaser-10-funcoes-aqua\\\/#primaryimage\"},\"thumbnailUrl\":\"https:\\\/\\\/erki24nd3ub.exactdn.com\\\/wp-content\\\/uploads\\\/dream\\\/img\\\/img_185637_3f24cb74fbe0ec2eea0b943309b8e5da_1.jpg?strip=all\",\"datePublished\":\"2025-09-30T22:02:36+00:00\",\"dateModified\":\"2026-02-19T20:09:04+00:00\",\"breadcrumb\":{\"@id\":\"https:\\\/\\\/lovme.pt\\\/index.php\\\/produto\\\/calexotics-pacifica-tahiti-teaser-10-funcoes-aqua\\\/#breadcrumb\"},\"inLanguage\":\"pt-PT\",\"potentialAction\":[{\"@type\":\"ReadAction\",\"target\":[\"https:\\\/\\\/lovme.pt\\\/index.php\\\/produto\\\/calexotics-pacifica-tahiti-teaser-10-funcoes-aqua\\\/\"]}]},{\"@type\":\"ImageObject\",\"inLanguage\":\"pt-PT\",\"@id\":\"https:\\\/\\\/lovme.pt\\\/index.php\\\/produto\\\/calexotics-pacifica-tahiti-teaser-10-funcoes-aqua\\\/#primaryimage\",\"url\":\"https:\\\/\\\/erki24nd3ub.exactdn.com\\\/wp-content\\\/uploads\\\/dream\\\/img\\\/img_185637_3f24cb74fbe0ec2eea0b943309b8e5da_1.jpg?strip=all\",\"contentUrl\":\"https:\\\/\\\/erki24nd3ub.exactdn.com\\\/wp-content\\\/uploads\\\/dream\\\/img\\\/img_185637_3f24cb74fbe0ec2eea0b943309b8e5da_1.jpg?strip=all\",\"width\":800,\"height\":800},{\"@type\":\"BreadcrumbList\",\"@id\":\"https:\\\/\\\/lovme.pt\\\/index.php\\\/produto\\\/calexotics-pacifica-tahiti-teaser-10-funcoes-aqua\\\/#breadcrumb\",\"itemListElement\":[{\"@type\":\"ListItem\",\"position\":1,\"name\":\"In\u00edcio\",\"item\":\"https:\\\/\\\/lovme.pt\\\/\"},{\"@type\":\"ListItem\",\"position\":2,\"name\":\"Loja\",\"item\":\"https:\\\/\\\/lovme.pt\\\/index.php\\\/loja\\\/\"},{\"@type\":\"ListItem\",\"position\":3,\"name\":\"CALEXOTICS &#8211; PACIFICA TAHITI TEASER 10 FUN\u00c7\u00d5ES AQUA\"}]},{\"@type\":\"WebSite\",\"@id\":\"https:\\\/\\\/lovme.pt\\\/#website\",\"url\":\"https:\\\/\\\/lovme.pt\\\/\",\"name\":\"Lovme Loja Er\u00f3tica N\u00ba1 em Portugal\",\"description\":\"A melhor loja er\u00f3tica de Portugal.\",\"alternateName\":\"Loja Er\u00f3tica Lovme\",\"potentialAction\":[{\"@type\":\"SearchAction\",\"target\":{\"@type\":\"EntryPoint\",\"urlTemplate\":\"https:\\\/\\\/lovme.pt\\\/?s={search_term_string}\"},\"query-input\":{\"@type\":\"PropertyValueSpecification\",\"valueRequired\":true,\"valueName\":\"search_term_string\"}}],\"inLanguage\":\"pt-PT\"}]}<\/script>\n<!-- \/ Yoast SEO plugin. -->","yoast_head_json":{"title":"CALEXOTICS - PACIFICA TAHITI TEASER 10 FUN\u00c7\u00d5ES AQUA - Lovme","robots":{"index":"index","follow":"follow","max-snippet":"max-snippet:-1","max-image-preview":"max-image-preview:large","max-video-preview":"max-video-preview:-1"},"canonical":"https:\/\/lovme.pt\/index.php\/produto\/calexotics-pacifica-tahiti-teaser-10-funcoes-aqua\/","og_locale":"pt_PT","og_type":"article","og_title":"CALEXOTICS - PACIFICA TAHITI TEASER 10 FUN\u00c7\u00d5ES AQUA - Lovme","og_description":"CALEXOTICS - PACIFICA TAHITI TEASER 10 FUN\u00c7\u00d5ES AQUA","og_url":"https:\/\/lovme.pt\/index.php\/produto\/calexotics-pacifica-tahiti-teaser-10-funcoes-aqua\/","og_site_name":"Lovme","article_modified_time":"2026-02-19T20:09:04+00:00","og_image":[{"width":800,"height":800,"url":"https:\/\/erki24nd3ub.exactdn.com\/wp-content\/uploads\/dream\/img\/img_185637_3f24cb74fbe0ec2eea0b943309b8e5da_1.jpg?strip=all","type":"image\/jpeg"}],"twitter_card":"summary_large_image","twitter_misc":{"Tempo estimado de leitura":"1 minuto"},"schema":{"@context":"https:\/\/schema.org","@graph":[{"@type":"WebPage","@id":"https:\/\/lovme.pt\/index.php\/produto\/calexotics-pacifica-tahiti-teaser-10-funcoes-aqua\/","url":"https:\/\/lovme.pt\/index.php\/produto\/calexotics-pacifica-tahiti-teaser-10-funcoes-aqua\/","name":"CALEXOTICS - PACIFICA TAHITI TEASER 10 FUN\u00c7\u00d5ES AQUA - Lovme","isPartOf":{"@id":"https:\/\/lovme.pt\/#website"},"primaryImageOfPage":{"@id":"https:\/\/lovme.pt\/index.php\/produto\/calexotics-pacifica-tahiti-teaser-10-funcoes-aqua\/#primaryimage"},"image":{"@id":"https:\/\/lovme.pt\/index.php\/produto\/calexotics-pacifica-tahiti-teaser-10-funcoes-aqua\/#primaryimage"},"thumbnailUrl":"https:\/\/erki24nd3ub.exactdn.com\/wp-content\/uploads\/dream\/img\/img_185637_3f24cb74fbe0ec2eea0b943309b8e5da_1.jpg?strip=all","datePublished":"2025-09-30T22:02:36+00:00","dateModified":"2026-02-19T20:09:04+00:00","breadcrumb":{"@id":"https:\/\/lovme.pt\/index.php\/produto\/calexotics-pacifica-tahiti-teaser-10-funcoes-aqua\/#breadcrumb"},"inLanguage":"pt-PT","potentialAction":[{"@type":"ReadAction","target":["https:\/\/lovme.pt\/index.php\/produto\/calexotics-pacifica-tahiti-teaser-10-funcoes-aqua\/"]}]},{"@type":"ImageObject","inLanguage":"pt-PT","@id":"https:\/\/lovme.pt\/index.php\/produto\/calexotics-pacifica-tahiti-teaser-10-funcoes-aqua\/#primaryimage","url":"https:\/\/erki24nd3ub.exactdn.com\/wp-content\/uploads\/dream\/img\/img_185637_3f24cb74fbe0ec2eea0b943309b8e5da_1.jpg?strip=all","contentUrl":"https:\/\/erki24nd3ub.exactdn.com\/wp-content\/uploads\/dream\/img\/img_185637_3f24cb74fbe0ec2eea0b943309b8e5da_1.jpg?strip=all","width":800,"height":800},{"@type":"BreadcrumbList","@id":"https:\/\/lovme.pt\/index.php\/produto\/calexotics-pacifica-tahiti-teaser-10-funcoes-aqua\/#breadcrumb","itemListElement":[{"@type":"ListItem","position":1,"name":"In\u00edcio","item":"https:\/\/lovme.pt\/"},{"@type":"ListItem","position":2,"name":"Loja","item":"https:\/\/lovme.pt\/index.php\/loja\/"},{"@type":"ListItem","position":3,"name":"CALEXOTICS &#8211; PACIFICA TAHITI TEASER 10 FUN\u00c7\u00d5ES AQUA"}]},{"@type":"WebSite","@id":"https:\/\/lovme.pt\/#website","url":"https:\/\/lovme.pt\/","name":"Lovme Loja Er\u00f3tica N\u00ba1 em Portugal","description":"A melhor loja er\u00f3tica de Portugal.","alternateName":"Loja Er\u00f3tica Lovme","potentialAction":[{"@type":"SearchAction","target":{"@type":"EntryPoint","urlTemplate":"https:\/\/lovme.pt\/?s={search_term_string}"},"query-input":{"@type":"PropertyValueSpecification","valueRequired":true,"valueName":"search_term_string"}}],"inLanguage":"pt-PT"}]}},"_links":{"self":[{"href":"https:\/\/lovme.pt\/index.php\/wp-json\/wp\/v2\/product\/50027","targetHints":{"allow":["GET"]}}],"collection":[{"href":"https:\/\/lovme.pt\/index.php\/wp-json\/wp\/v2\/product"}],"about":[{"href":"https:\/\/lovme.pt\/index.php\/wp-json\/wp\/v2\/types\/product"}],"wp:featuredmedia":[{"embeddable":true,"href":"https:\/\/lovme.pt\/index.php\/wp-json\/wp\/v2\/media\/73294"}],"wp:attachment":[{"href":"https:\/\/lovme.pt\/index.php\/wp-json\/wp\/v2\/media?parent=50027"}],"wp:term":[{"taxonomy":"product_brand","embeddable":true,"href":"https:\/\/lovme.pt\/index.php\/wp-json\/wp\/v2\/product_brand?post=50027"},{"taxonomy":"product_cat","embeddable":true,"href":"https:\/\/lovme.pt\/index.php\/wp-json\/wp\/v2\/product_cat?post=50027"},{"taxonomy":"product_tag","embeddable":true,"href":"https:\/\/lovme.pt\/index.php\/wp-json\/wp\/v2\/product_tag?post=50027"}],"curies":[{"name":"wp","href":"https:\/\/api.w.org\/{rel}","templated":true}]}}