{"id":50024,"date":"2025-09-30T20:16:39","date_gmt":"2025-09-30T20:16:39","guid":{"rendered":"https:\/\/lovme.pt\/?post_type=product&p=50024"},"modified":"2026-02-19T20:07:34","modified_gmt":"2026-02-19T20:07:34","slug":"calexotics-first-time-plug-anal-sonda-de-contas-10-vibracoes-rosa","status":"publish","type":"product","link":"https:\/\/lovme.pt\/index.php\/produto\/calexotics-first-time-plug-anal-sonda-de-contas-10-vibracoes-rosa\/","title":{"rendered":"CALEXOTICS &#8211; FIRST TIME PLUG ANAL SONDA DE CONTAS 10 VIBRA\u00c7\u00d5ES ROSA"},"content":{"rendered":"<p>Mergulhe em sensa\u00e7\u00f5es emocionantes com a <strong>Sonda Vibrat\u00f3ria com Contas First Time.<\/strong><\/p>\n<p>Ideal para iniciantes e entusiastas, ele oferece 10 fun\u00e7\u00f5es de vibra\u00e7\u00e3o, pulsa\u00e7\u00e3o e escalada. Feito de silicone seguro para o corpo, \u00e9 100% \u00e0 prova d\u00e1gua para divers\u00e3o na hora do banho. Um chip de mem\u00f3ria retoma a partir da \u00faltima fun\u00e7\u00e3o usada, garantindo conveni\u00eancia. Apresentando um bloqueio de viagem para discri\u00e7\u00e3o, \u00e9 recarreg\u00e1vel via USB, proporcionando 55 minutos de prazer em alta velocidade ou 70 minutos em uma velocidade mais baixa com carga completa.<\/p>\n<p>Experimente a arte do prazer e da autoexplora\u00e7\u00e3o com esta sonda.<\/p>\n<p>\u00a0<\/p>\n<p><u><strong>CARACTER\u00cdSTICAS:<\/strong><\/u><\/p>\n<ul>\n<li>Vibra\u00e7\u00f5es intensas com design de contas<\/li>\n<li>10 fun\u00e7\u00f5es de vibra\u00e7\u00e3o, pulsa\u00e7\u00e3o e escalada<\/li>\n<li>Silicone seguro para o corpo e 100% \u00e0 prova d\u00e1gua<\/li>\n<li>Chip de mem\u00f3ria de \u00faltima gera\u00e7\u00e3o retoma a \u00faltima fun\u00e7\u00e3o usada<\/li>\n<li>Recurso de bloqueio de seguran\u00e7a para viagem &#8211; pressione e segure por 3 segundos para ativar ou desativar<\/li>\n<li>Recarreg\u00e1vel por USB &#8211; cabo de carregamento inclu\u00eddo<\/li>\n<li>Totalmente carregado em 1 hora<\/li>\n<li>Funciona por 55 minutos em alta velocidade e 70 minutos em baixa velocidade<\/li>\n<\/ul>\n","protected":false},"excerpt":{"rendered":"<p>CALEXOTICS &#8211; FIRST TIME PLUG ANAL SONDA DE CONTAS 10 VIBRA\u00c7\u00d5ES ROSA<\/p>\n","protected":false},"featured_media":66944,"template":"","meta":{"_acf_changed":false},"product_brand":[],"product_cat":[17,63],"product_tag":[],"class_list":{"0":"post-50024","1":"product","2":"type-product","3":"status-publish","4":"has-post-thumbnail","6":"product_cat-brinquedos-de-bem-estar-sexual","7":"product_cat-sexo-anal","8":"yith_product_brand-calexotics","10":"first","11":"instock","12":"taxable","13":"shipping-taxable","14":"purchasable","15":"product-type-simple"},"acf":[],"yoast_head":"<!-- This site is optimized with the Yoast SEO plugin v27.3 - https:\/\/yoast.com\/product\/yoast-seo-wordpress\/ -->\n<title>CALEXOTICS - FIRST TIME PLUG ANAL SONDA DE CONTAS 10 VIBRA\u00c7\u00d5ES ROSA - Lovme<\/title>\n<meta name=\"robots\" content=\"index, follow, max-snippet:-1, max-image-preview:large, max-video-preview:-1\" \/>\n<link rel=\"canonical\" href=\"https:\/\/lovme.pt\/index.php\/produto\/calexotics-first-time-plug-anal-sonda-de-contas-10-vibracoes-rosa\/\" \/>\n<meta property=\"og:locale\" content=\"pt_PT\" \/>\n<meta property=\"og:type\" content=\"article\" \/>\n<meta property=\"og:title\" content=\"CALEXOTICS - FIRST TIME PLUG ANAL SONDA DE CONTAS 10 VIBRA\u00c7\u00d5ES ROSA - Lovme\" \/>\n<meta property=\"og:description\" content=\"CALEXOTICS - FIRST TIME PLUG ANAL SONDA DE CONTAS 10 VIBRA\u00c7\u00d5ES ROSA\" \/>\n<meta property=\"og:url\" content=\"https:\/\/lovme.pt\/index.php\/produto\/calexotics-first-time-plug-anal-sonda-de-contas-10-vibracoes-rosa\/\" \/>\n<meta property=\"og:site_name\" content=\"Lovme\" \/>\n<meta property=\"article:modified_time\" content=\"2026-02-19T20:07:34+00:00\" \/>\n<meta property=\"og:image\" content=\"https:\/\/erki24nd3ub.exactdn.com\/wp-content\/uploads\/dream\/img\/img_185608_6b4e3230473745e88ea50342c0863bce_1.jpg?strip=all\" \/>\n\t<meta property=\"og:image:width\" content=\"800\" \/>\n\t<meta property=\"og:image:height\" content=\"800\" \/>\n\t<meta property=\"og:image:type\" content=\"image\/jpeg\" \/>\n<meta name=\"twitter:card\" content=\"summary_large_image\" \/>\n<meta name=\"twitter:label1\" content=\"Tempo estimado de leitura\" \/>\n\t<meta name=\"twitter:data1\" content=\"1 minuto\" \/>\n<script type=\"application\/ld+json\" class=\"yoast-schema-graph\">{\"@context\":\"https:\\\/\\\/schema.org\",\"@graph\":[{\"@type\":\"WebPage\",\"@id\":\"https:\\\/\\\/lovme.pt\\\/index.php\\\/produto\\\/calexotics-first-time-plug-anal-sonda-de-contas-10-vibracoes-rosa\\\/\",\"url\":\"https:\\\/\\\/lovme.pt\\\/index.php\\\/produto\\\/calexotics-first-time-plug-anal-sonda-de-contas-10-vibracoes-rosa\\\/\",\"name\":\"CALEXOTICS - FIRST TIME PLUG ANAL SONDA DE CONTAS 10 VIBRA\u00c7\u00d5ES ROSA - Lovme\",\"isPartOf\":{\"@id\":\"https:\\\/\\\/lovme.pt\\\/#website\"},\"primaryImageOfPage\":{\"@id\":\"https:\\\/\\\/lovme.pt\\\/index.php\\\/produto\\\/calexotics-first-time-plug-anal-sonda-de-contas-10-vibracoes-rosa\\\/#primaryimage\"},\"image\":{\"@id\":\"https:\\\/\\\/lovme.pt\\\/index.php\\\/produto\\\/calexotics-first-time-plug-anal-sonda-de-contas-10-vibracoes-rosa\\\/#primaryimage\"},\"thumbnailUrl\":\"https:\\\/\\\/erki24nd3ub.exactdn.com\\\/wp-content\\\/uploads\\\/dream\\\/img\\\/img_185608_6b4e3230473745e88ea50342c0863bce_1.jpg?strip=all\",\"datePublished\":\"2025-09-30T20:16:39+00:00\",\"dateModified\":\"2026-02-19T20:07:34+00:00\",\"breadcrumb\":{\"@id\":\"https:\\\/\\\/lovme.pt\\\/index.php\\\/produto\\\/calexotics-first-time-plug-anal-sonda-de-contas-10-vibracoes-rosa\\\/#breadcrumb\"},\"inLanguage\":\"pt-PT\",\"potentialAction\":[{\"@type\":\"ReadAction\",\"target\":[\"https:\\\/\\\/lovme.pt\\\/index.php\\\/produto\\\/calexotics-first-time-plug-anal-sonda-de-contas-10-vibracoes-rosa\\\/\"]}]},{\"@type\":\"ImageObject\",\"inLanguage\":\"pt-PT\",\"@id\":\"https:\\\/\\\/lovme.pt\\\/index.php\\\/produto\\\/calexotics-first-time-plug-anal-sonda-de-contas-10-vibracoes-rosa\\\/#primaryimage\",\"url\":\"https:\\\/\\\/erki24nd3ub.exactdn.com\\\/wp-content\\\/uploads\\\/dream\\\/img\\\/img_185608_6b4e3230473745e88ea50342c0863bce_1.jpg?strip=all\",\"contentUrl\":\"https:\\\/\\\/erki24nd3ub.exactdn.com\\\/wp-content\\\/uploads\\\/dream\\\/img\\\/img_185608_6b4e3230473745e88ea50342c0863bce_1.jpg?strip=all\",\"width\":800,\"height\":800},{\"@type\":\"BreadcrumbList\",\"@id\":\"https:\\\/\\\/lovme.pt\\\/index.php\\\/produto\\\/calexotics-first-time-plug-anal-sonda-de-contas-10-vibracoes-rosa\\\/#breadcrumb\",\"itemListElement\":[{\"@type\":\"ListItem\",\"position\":1,\"name\":\"In\u00edcio\",\"item\":\"https:\\\/\\\/lovme.pt\\\/\"},{\"@type\":\"ListItem\",\"position\":2,\"name\":\"Loja\",\"item\":\"https:\\\/\\\/lovme.pt\\\/index.php\\\/loja\\\/\"},{\"@type\":\"ListItem\",\"position\":3,\"name\":\"CALEXOTICS &#8211; FIRST TIME PLUG ANAL SONDA DE CONTAS 10 VIBRA\u00c7\u00d5ES ROSA\"}]},{\"@type\":\"WebSite\",\"@id\":\"https:\\\/\\\/lovme.pt\\\/#website\",\"url\":\"https:\\\/\\\/lovme.pt\\\/\",\"name\":\"Lovme Loja Er\u00f3tica N\u00ba1 em Portugal\",\"description\":\"A melhor loja er\u00f3tica de Portugal.\",\"alternateName\":\"Loja Er\u00f3tica Lovme\",\"potentialAction\":[{\"@type\":\"SearchAction\",\"target\":{\"@type\":\"EntryPoint\",\"urlTemplate\":\"https:\\\/\\\/lovme.pt\\\/?s={search_term_string}\"},\"query-input\":{\"@type\":\"PropertyValueSpecification\",\"valueRequired\":true,\"valueName\":\"search_term_string\"}}],\"inLanguage\":\"pt-PT\"}]}<\/script>\n<!-- \/ Yoast SEO plugin. -->","yoast_head_json":{"title":"CALEXOTICS - FIRST TIME PLUG ANAL SONDA DE CONTAS 10 VIBRA\u00c7\u00d5ES ROSA - Lovme","robots":{"index":"index","follow":"follow","max-snippet":"max-snippet:-1","max-image-preview":"max-image-preview:large","max-video-preview":"max-video-preview:-1"},"canonical":"https:\/\/lovme.pt\/index.php\/produto\/calexotics-first-time-plug-anal-sonda-de-contas-10-vibracoes-rosa\/","og_locale":"pt_PT","og_type":"article","og_title":"CALEXOTICS - FIRST TIME PLUG ANAL SONDA DE CONTAS 10 VIBRA\u00c7\u00d5ES ROSA - Lovme","og_description":"CALEXOTICS - FIRST TIME PLUG ANAL SONDA DE CONTAS 10 VIBRA\u00c7\u00d5ES ROSA","og_url":"https:\/\/lovme.pt\/index.php\/produto\/calexotics-first-time-plug-anal-sonda-de-contas-10-vibracoes-rosa\/","og_site_name":"Lovme","article_modified_time":"2026-02-19T20:07:34+00:00","og_image":[{"width":800,"height":800,"url":"https:\/\/erki24nd3ub.exactdn.com\/wp-content\/uploads\/dream\/img\/img_185608_6b4e3230473745e88ea50342c0863bce_1.jpg?strip=all","type":"image\/jpeg"}],"twitter_card":"summary_large_image","twitter_misc":{"Tempo estimado de leitura":"1 minuto"},"schema":{"@context":"https:\/\/schema.org","@graph":[{"@type":"WebPage","@id":"https:\/\/lovme.pt\/index.php\/produto\/calexotics-first-time-plug-anal-sonda-de-contas-10-vibracoes-rosa\/","url":"https:\/\/lovme.pt\/index.php\/produto\/calexotics-first-time-plug-anal-sonda-de-contas-10-vibracoes-rosa\/","name":"CALEXOTICS - FIRST TIME PLUG ANAL SONDA DE CONTAS 10 VIBRA\u00c7\u00d5ES ROSA - Lovme","isPartOf":{"@id":"https:\/\/lovme.pt\/#website"},"primaryImageOfPage":{"@id":"https:\/\/lovme.pt\/index.php\/produto\/calexotics-first-time-plug-anal-sonda-de-contas-10-vibracoes-rosa\/#primaryimage"},"image":{"@id":"https:\/\/lovme.pt\/index.php\/produto\/calexotics-first-time-plug-anal-sonda-de-contas-10-vibracoes-rosa\/#primaryimage"},"thumbnailUrl":"https:\/\/erki24nd3ub.exactdn.com\/wp-content\/uploads\/dream\/img\/img_185608_6b4e3230473745e88ea50342c0863bce_1.jpg?strip=all","datePublished":"2025-09-30T20:16:39+00:00","dateModified":"2026-02-19T20:07:34+00:00","breadcrumb":{"@id":"https:\/\/lovme.pt\/index.php\/produto\/calexotics-first-time-plug-anal-sonda-de-contas-10-vibracoes-rosa\/#breadcrumb"},"inLanguage":"pt-PT","potentialAction":[{"@type":"ReadAction","target":["https:\/\/lovme.pt\/index.php\/produto\/calexotics-first-time-plug-anal-sonda-de-contas-10-vibracoes-rosa\/"]}]},{"@type":"ImageObject","inLanguage":"pt-PT","@id":"https:\/\/lovme.pt\/index.php\/produto\/calexotics-first-time-plug-anal-sonda-de-contas-10-vibracoes-rosa\/#primaryimage","url":"https:\/\/erki24nd3ub.exactdn.com\/wp-content\/uploads\/dream\/img\/img_185608_6b4e3230473745e88ea50342c0863bce_1.jpg?strip=all","contentUrl":"https:\/\/erki24nd3ub.exactdn.com\/wp-content\/uploads\/dream\/img\/img_185608_6b4e3230473745e88ea50342c0863bce_1.jpg?strip=all","width":800,"height":800},{"@type":"BreadcrumbList","@id":"https:\/\/lovme.pt\/index.php\/produto\/calexotics-first-time-plug-anal-sonda-de-contas-10-vibracoes-rosa\/#breadcrumb","itemListElement":[{"@type":"ListItem","position":1,"name":"In\u00edcio","item":"https:\/\/lovme.pt\/"},{"@type":"ListItem","position":2,"name":"Loja","item":"https:\/\/lovme.pt\/index.php\/loja\/"},{"@type":"ListItem","position":3,"name":"CALEXOTICS &#8211; FIRST TIME PLUG ANAL SONDA DE CONTAS 10 VIBRA\u00c7\u00d5ES ROSA"}]},{"@type":"WebSite","@id":"https:\/\/lovme.pt\/#website","url":"https:\/\/lovme.pt\/","name":"Lovme Loja Er\u00f3tica N\u00ba1 em Portugal","description":"A melhor loja er\u00f3tica de Portugal.","alternateName":"Loja Er\u00f3tica Lovme","potentialAction":[{"@type":"SearchAction","target":{"@type":"EntryPoint","urlTemplate":"https:\/\/lovme.pt\/?s={search_term_string}"},"query-input":{"@type":"PropertyValueSpecification","valueRequired":true,"valueName":"search_term_string"}}],"inLanguage":"pt-PT"}]}},"_links":{"self":[{"href":"https:\/\/lovme.pt\/index.php\/wp-json\/wp\/v2\/product\/50024","targetHints":{"allow":["GET"]}}],"collection":[{"href":"https:\/\/lovme.pt\/index.php\/wp-json\/wp\/v2\/product"}],"about":[{"href":"https:\/\/lovme.pt\/index.php\/wp-json\/wp\/v2\/types\/product"}],"wp:featuredmedia":[{"embeddable":true,"href":"https:\/\/lovme.pt\/index.php\/wp-json\/wp\/v2\/media\/66944"}],"wp:attachment":[{"href":"https:\/\/lovme.pt\/index.php\/wp-json\/wp\/v2\/media?parent=50024"}],"wp:term":[{"taxonomy":"product_brand","embeddable":true,"href":"https:\/\/lovme.pt\/index.php\/wp-json\/wp\/v2\/product_brand?post=50024"},{"taxonomy":"product_cat","embeddable":true,"href":"https:\/\/lovme.pt\/index.php\/wp-json\/wp\/v2\/product_cat?post=50024"},{"taxonomy":"product_tag","embeddable":true,"href":"https:\/\/lovme.pt\/index.php\/wp-json\/wp\/v2\/product_tag?post=50024"}],"curies":[{"name":"wp","href":"https:\/\/api.w.org\/{rel}","templated":true}]}}