{"id":50017,"date":"2025-10-01T02:24:01","date_gmt":"2025-10-01T02:24:01","guid":{"rendered":"https:\/\/lovme.pt\/?post_type=product&p=50017"},"modified":"2026-02-19T20:19:05","modified_gmt":"2026-02-19T20:19:05","slug":"kiiroo-feel-britney-amber-masturbador","status":"publish","type":"product","link":"https:\/\/lovme.pt\/index.php\/produto\/kiiroo-feel-britney-amber-masturbador\/","title":{"rendered":"KIIROO &#8211; FEEL BRITNEY AMBER MASTURBADOR"},"content":{"rendered":"<p>O Feel Stroker \u00e9 o primeiro stroker da Kiiroo projetado com as sensa\u00e7\u00f5es mais realistas em mente. O material semelhante \u00e0 pele proporciona a experi\u00eancia mais prazerosa poss\u00edvel.<\/p>\n<div>\n<p><span style=\"font-size: 13px;\">Britney Amber, nascida na Calif\u00f3rnia, \u00e9 uma das estrelas mais requisitadas da ind\u00fastria adulta.<\/span><\/p>\n<p><span style=\"font-size: 13px;\">Uma artista destemida que traz sua personalidade contagiante e sexualidade insaci\u00e1vel para cada apresenta\u00e7\u00e3o na tela.<\/span><\/p>\n<p><span style=\"font-size: 13px;\">Como a primeira Feel Star de todos os tempos e um dos nossos modelos mais vendidos, j\u00e1 era hora de atualizar o design e a textura de suas mangas.<\/span><\/p>\n<p><span style=\"font-size: 13px;\">Com o novo <strong>Feel Britney Amber Stroker<\/strong>, os f\u00e3s de Britney agora podem chegar mais perto do que nunca de senti-la.<\/span><\/p>\n<\/div>\n<p>O Feel Stroker foi projetado para se encaixar perfeitamente no KEON da KIIROO. Voc\u00ea pode comprar este produto sozinho ou combin\u00e1-lo com o KEON para a experi\u00eancia interativa mais prazerosa.<\/p>\n<p>\u00a0<\/p>\n<p><u><strong>CARACTER\u00cdSTICAS:<\/strong><\/u><\/p>\n<ul>\n<li>Material: ABS, PC<\/li>\n<li>Material da bainha: TPE<\/li>\n<li>Peso: 542 gramas<\/li>\n<li>Tipo de furo: Vagina<\/li>\n<li>Altura da ranhura de abertura: 2,4 cm<\/li>\n<li>Maior di\u00e2metro: 2,26 cm<\/li>\n<li>Di\u00e2metro mais apertado: 1,17 cm<\/li>\n<li>Comprimento total: 22 cm<\/li>\n<\/ul>\n","protected":false},"excerpt":{"rendered":"<p>KIIROO &#8211; FEEL BRITNEY AMBER MASTURBADOR<\/p>\n","protected":false},"featured_media":96668,"template":"","meta":{"_acf_changed":false},"product_brand":[],"product_cat":[17,58,60],"product_tag":[],"class_list":{"0":"post-50017","1":"product","2":"type-product","3":"status-publish","4":"has-post-thumbnail","6":"product_cat-brinquedos-de-bem-estar-sexual","7":"product_cat-masturbadores-para-penis","8":"product_cat-para-eles","9":"yith_product_brand-kiiroo","11":"first","12":"instock","13":"taxable","14":"shipping-taxable","15":"purchasable","16":"product-type-simple"},"acf":[],"yoast_head":"<!-- This site is optimized with the Yoast SEO plugin v27.4 - https:\/\/yoast.com\/product\/yoast-seo-wordpress\/ -->\n<title>KIIROO - FEEL BRITNEY AMBER MASTURBADOR - Lovme<\/title>\n<meta name=\"robots\" content=\"index, follow, max-snippet:-1, max-image-preview:large, max-video-preview:-1\" \/>\n<link rel=\"canonical\" href=\"https:\/\/lovme.pt\/index.php\/produto\/kiiroo-feel-britney-amber-masturbador\/\" \/>\n<meta property=\"og:locale\" content=\"pt_PT\" \/>\n<meta property=\"og:type\" content=\"article\" \/>\n<meta property=\"og:title\" content=\"KIIROO - FEEL BRITNEY AMBER MASTURBADOR - Lovme\" \/>\n<meta property=\"og:description\" content=\"KIIROO - FEEL BRITNEY AMBER MASTURBADOR\" \/>\n<meta property=\"og:url\" content=\"https:\/\/lovme.pt\/index.php\/produto\/kiiroo-feel-britney-amber-masturbador\/\" \/>\n<meta property=\"og:site_name\" content=\"Lovme\" \/>\n<meta property=\"article:modified_time\" content=\"2026-02-19T20:19:05+00:00\" \/>\n<meta property=\"og:image\" content=\"https:\/\/erki24nd3ub.exactdn.com\/wp-content\/uploads\/dream\/img\/img_185519_3e226803c5b63b16b76f14e384c2d698_1.jpg?strip=all\" \/>\n\t<meta property=\"og:image:width\" content=\"800\" \/>\n\t<meta property=\"og:image:height\" content=\"800\" \/>\n\t<meta property=\"og:image:type\" content=\"image\/jpeg\" \/>\n<meta name=\"twitter:card\" content=\"summary_large_image\" \/>\n<meta name=\"twitter:label1\" content=\"Tempo estimado de leitura\" \/>\n\t<meta name=\"twitter:data1\" content=\"1 minuto\" \/>\n<script type=\"application\/ld+json\" class=\"yoast-schema-graph\">{\"@context\":\"https:\\\/\\\/schema.org\",\"@graph\":[{\"@type\":\"WebPage\",\"@id\":\"https:\\\/\\\/lovme.pt\\\/index.php\\\/produto\\\/kiiroo-feel-britney-amber-masturbador\\\/\",\"url\":\"https:\\\/\\\/lovme.pt\\\/index.php\\\/produto\\\/kiiroo-feel-britney-amber-masturbador\\\/\",\"name\":\"KIIROO - FEEL BRITNEY AMBER MASTURBADOR - Lovme\",\"isPartOf\":{\"@id\":\"https:\\\/\\\/lovme.pt\\\/#website\"},\"primaryImageOfPage\":{\"@id\":\"https:\\\/\\\/lovme.pt\\\/index.php\\\/produto\\\/kiiroo-feel-britney-amber-masturbador\\\/#primaryimage\"},\"image\":{\"@id\":\"https:\\\/\\\/lovme.pt\\\/index.php\\\/produto\\\/kiiroo-feel-britney-amber-masturbador\\\/#primaryimage\"},\"thumbnailUrl\":\"https:\\\/\\\/erki24nd3ub.exactdn.com\\\/wp-content\\\/uploads\\\/dream\\\/img\\\/img_185519_3e226803c5b63b16b76f14e384c2d698_1.jpg?strip=all\",\"datePublished\":\"2025-10-01T02:24:01+00:00\",\"dateModified\":\"2026-02-19T20:19:05+00:00\",\"breadcrumb\":{\"@id\":\"https:\\\/\\\/lovme.pt\\\/index.php\\\/produto\\\/kiiroo-feel-britney-amber-masturbador\\\/#breadcrumb\"},\"inLanguage\":\"pt-PT\",\"potentialAction\":[{\"@type\":\"ReadAction\",\"target\":[\"https:\\\/\\\/lovme.pt\\\/index.php\\\/produto\\\/kiiroo-feel-britney-amber-masturbador\\\/\"]}]},{\"@type\":\"ImageObject\",\"inLanguage\":\"pt-PT\",\"@id\":\"https:\\\/\\\/lovme.pt\\\/index.php\\\/produto\\\/kiiroo-feel-britney-amber-masturbador\\\/#primaryimage\",\"url\":\"https:\\\/\\\/erki24nd3ub.exactdn.com\\\/wp-content\\\/uploads\\\/dream\\\/img\\\/img_185519_3e226803c5b63b16b76f14e384c2d698_1.jpg?strip=all\",\"contentUrl\":\"https:\\\/\\\/erki24nd3ub.exactdn.com\\\/wp-content\\\/uploads\\\/dream\\\/img\\\/img_185519_3e226803c5b63b16b76f14e384c2d698_1.jpg?strip=all\",\"width\":800,\"height\":800},{\"@type\":\"BreadcrumbList\",\"@id\":\"https:\\\/\\\/lovme.pt\\\/index.php\\\/produto\\\/kiiroo-feel-britney-amber-masturbador\\\/#breadcrumb\",\"itemListElement\":[{\"@type\":\"ListItem\",\"position\":1,\"name\":\"In\u00edcio\",\"item\":\"https:\\\/\\\/lovme.pt\\\/\"},{\"@type\":\"ListItem\",\"position\":2,\"name\":\"Loja\",\"item\":\"https:\\\/\\\/lovme.pt\\\/index.php\\\/loja\\\/\"},{\"@type\":\"ListItem\",\"position\":3,\"name\":\"KIIROO &#8211; FEEL BRITNEY AMBER MASTURBADOR\"}]},{\"@type\":\"WebSite\",\"@id\":\"https:\\\/\\\/lovme.pt\\\/#website\",\"url\":\"https:\\\/\\\/lovme.pt\\\/\",\"name\":\"Lovme Loja Er\u00f3tica N\u00ba1 em Portugal\",\"description\":\"A melhor loja er\u00f3tica de Portugal.\",\"alternateName\":\"Loja Er\u00f3tica Lovme\",\"potentialAction\":[{\"@type\":\"SearchAction\",\"target\":{\"@type\":\"EntryPoint\",\"urlTemplate\":\"https:\\\/\\\/lovme.pt\\\/?s={search_term_string}\"},\"query-input\":{\"@type\":\"PropertyValueSpecification\",\"valueRequired\":true,\"valueName\":\"search_term_string\"}}],\"inLanguage\":\"pt-PT\"}]}<\/script>\n<!-- \/ Yoast SEO plugin. -->","yoast_head_json":{"title":"KIIROO - FEEL BRITNEY AMBER MASTURBADOR - Lovme","robots":{"index":"index","follow":"follow","max-snippet":"max-snippet:-1","max-image-preview":"max-image-preview:large","max-video-preview":"max-video-preview:-1"},"canonical":"https:\/\/lovme.pt\/index.php\/produto\/kiiroo-feel-britney-amber-masturbador\/","og_locale":"pt_PT","og_type":"article","og_title":"KIIROO - FEEL BRITNEY AMBER MASTURBADOR - Lovme","og_description":"KIIROO - FEEL BRITNEY AMBER MASTURBADOR","og_url":"https:\/\/lovme.pt\/index.php\/produto\/kiiroo-feel-britney-amber-masturbador\/","og_site_name":"Lovme","article_modified_time":"2026-02-19T20:19:05+00:00","og_image":[{"width":800,"height":800,"url":"https:\/\/erki24nd3ub.exactdn.com\/wp-content\/uploads\/dream\/img\/img_185519_3e226803c5b63b16b76f14e384c2d698_1.jpg?strip=all","type":"image\/jpeg"}],"twitter_card":"summary_large_image","twitter_misc":{"Tempo estimado de leitura":"1 minuto"},"schema":{"@context":"https:\/\/schema.org","@graph":[{"@type":"WebPage","@id":"https:\/\/lovme.pt\/index.php\/produto\/kiiroo-feel-britney-amber-masturbador\/","url":"https:\/\/lovme.pt\/index.php\/produto\/kiiroo-feel-britney-amber-masturbador\/","name":"KIIROO - FEEL BRITNEY AMBER MASTURBADOR - Lovme","isPartOf":{"@id":"https:\/\/lovme.pt\/#website"},"primaryImageOfPage":{"@id":"https:\/\/lovme.pt\/index.php\/produto\/kiiroo-feel-britney-amber-masturbador\/#primaryimage"},"image":{"@id":"https:\/\/lovme.pt\/index.php\/produto\/kiiroo-feel-britney-amber-masturbador\/#primaryimage"},"thumbnailUrl":"https:\/\/erki24nd3ub.exactdn.com\/wp-content\/uploads\/dream\/img\/img_185519_3e226803c5b63b16b76f14e384c2d698_1.jpg?strip=all","datePublished":"2025-10-01T02:24:01+00:00","dateModified":"2026-02-19T20:19:05+00:00","breadcrumb":{"@id":"https:\/\/lovme.pt\/index.php\/produto\/kiiroo-feel-britney-amber-masturbador\/#breadcrumb"},"inLanguage":"pt-PT","potentialAction":[{"@type":"ReadAction","target":["https:\/\/lovme.pt\/index.php\/produto\/kiiroo-feel-britney-amber-masturbador\/"]}]},{"@type":"ImageObject","inLanguage":"pt-PT","@id":"https:\/\/lovme.pt\/index.php\/produto\/kiiroo-feel-britney-amber-masturbador\/#primaryimage","url":"https:\/\/erki24nd3ub.exactdn.com\/wp-content\/uploads\/dream\/img\/img_185519_3e226803c5b63b16b76f14e384c2d698_1.jpg?strip=all","contentUrl":"https:\/\/erki24nd3ub.exactdn.com\/wp-content\/uploads\/dream\/img\/img_185519_3e226803c5b63b16b76f14e384c2d698_1.jpg?strip=all","width":800,"height":800},{"@type":"BreadcrumbList","@id":"https:\/\/lovme.pt\/index.php\/produto\/kiiroo-feel-britney-amber-masturbador\/#breadcrumb","itemListElement":[{"@type":"ListItem","position":1,"name":"In\u00edcio","item":"https:\/\/lovme.pt\/"},{"@type":"ListItem","position":2,"name":"Loja","item":"https:\/\/lovme.pt\/index.php\/loja\/"},{"@type":"ListItem","position":3,"name":"KIIROO &#8211; FEEL BRITNEY AMBER MASTURBADOR"}]},{"@type":"WebSite","@id":"https:\/\/lovme.pt\/#website","url":"https:\/\/lovme.pt\/","name":"Lovme Loja Er\u00f3tica N\u00ba1 em Portugal","description":"A melhor loja er\u00f3tica de Portugal.","alternateName":"Loja Er\u00f3tica Lovme","potentialAction":[{"@type":"SearchAction","target":{"@type":"EntryPoint","urlTemplate":"https:\/\/lovme.pt\/?s={search_term_string}"},"query-input":{"@type":"PropertyValueSpecification","valueRequired":true,"valueName":"search_term_string"}}],"inLanguage":"pt-PT"}]}},"_links":{"self":[{"href":"https:\/\/lovme.pt\/index.php\/wp-json\/wp\/v2\/product\/50017","targetHints":{"allow":["GET"]}}],"collection":[{"href":"https:\/\/lovme.pt\/index.php\/wp-json\/wp\/v2\/product"}],"about":[{"href":"https:\/\/lovme.pt\/index.php\/wp-json\/wp\/v2\/types\/product"}],"wp:featuredmedia":[{"embeddable":true,"href":"https:\/\/lovme.pt\/index.php\/wp-json\/wp\/v2\/media\/96668"}],"wp:attachment":[{"href":"https:\/\/lovme.pt\/index.php\/wp-json\/wp\/v2\/media?parent=50017"}],"wp:term":[{"taxonomy":"product_brand","embeddable":true,"href":"https:\/\/lovme.pt\/index.php\/wp-json\/wp\/v2\/product_brand?post=50017"},{"taxonomy":"product_cat","embeddable":true,"href":"https:\/\/lovme.pt\/index.php\/wp-json\/wp\/v2\/product_cat?post=50017"},{"taxonomy":"product_tag","embeddable":true,"href":"https:\/\/lovme.pt\/index.php\/wp-json\/wp\/v2\/product_tag?post=50017"}],"curies":[{"name":"wp","href":"https:\/\/api.w.org\/{rel}","templated":true}]}}