{"id":49980,"date":"2025-10-01T01:00:37","date_gmt":"2025-10-01T01:00:37","guid":{"rendered":"https:\/\/lovme.pt\/?post_type=product&p=49980"},"modified":"2026-02-19T20:17:31","modified_gmt":"2026-02-19T20:17:31","slug":"subblime-952242-vestido-rede-elstica-degradada-vermelha-e-preta-tamanho-unico","status":"publish","type":"product","link":"https:\/\/lovme.pt\/index.php\/produto\/subblime-952242-vestido-rede-elstica-degradada-vermelha-e-preta-tamanho-unico\/","title":{"rendered":"SUBBLIME &#8211; 952242 VESTIDO REDE ELSTICA DEGRADADA VERMELHA E PRETA TAMANHO \u00daNICO"},"content":{"rendered":"<p>Usamos o termo <strong>Sublime<\/strong> para nos referirmos \u00e0 beleza extrema, a algo que vai al\u00e9m da racionalidade do observador. \u00c9 por essa raz\u00e3o que ele \u00e9 usado em sentido figurado em pessoas e obras que se destacam das demais em termos de excel\u00eancia, superioridade, beleza e perfei\u00e7\u00e3o.<\/p>\n<p>Subblime \u00e9 uma marca de lingerie criada nos EUA para mulheres que querem se sentir extremamente sexy e irresist\u00edveis com materiais de alta qualidade e m\u00e1ximo conforto.<\/p>\n<p>\u00a0<\/p>\n<p><u><strong>CARACTER\u00cdSTICAS<\/strong><\/u> :<\/p>\n<ul>\n<li>Estilo: Body sem mangas.<\/li>\n<li>Padr\u00e3o: Gradiente preto e vermelho.<\/li>\n<li>Material: Composto de 88% n\u00e1ilon e 12% elastano para um ajuste flex\u00edvel.<\/li>\n<li>Tamanho: Projetado em tamanho \u00fanico que se adapta a diferentes formas.<\/li>\n<li>Caracter\u00edstica especial: malha el\u00e1stica que valoriza a silhueta.<\/li>\n<li>Aplica\u00e7\u00e3o: Perfeito para se destacar em eventos exclusivos ou looks criativos.<\/li>\n<\/ul>\n<p>\u00a0<\/p>\n<table border=\"1\" cellpadding=\"0\" cellspacing=\"0\" height=\"167\" width=\"917\">\n<tbody>\n<tr height=\"23\" style=\"border: 1px solid black;\">\n<td class=\"xl72\" colspan=\"8\" height=\"23\" style=\"text-align: center; border: 1px solid black;\" width=\"832\"><b>GUIA DE TAMANHOS &#8211;<\/b> <b>QUEEN LINGERIE<\/b><\/td>\n<\/tr>\n<tr height=\"23\" style=\"border: 1px solid black;\">\n<td class=\"xl73\" colspan=\"2\" height=\"23\" style=\"text-align: center; border: 1px solid black;\"><strong>TAMANHO<\/strong><\/td>\n<td class=\"xl71\" style=\"text-align: center; border: 1px solid black;\" width=\"104\"><strong>UE<\/strong><\/td>\n<td class=\"xl71\" style=\"text-align: center; border: 1px solid black;\" width=\"104\"><strong>EUA<\/strong><\/td>\n<td class=\"xl71\" style=\"text-align: center; border: 1px solid black;\" width=\"104\"><strong>Reino Unido\/AU\/NZ<\/strong><\/td>\n<td class=\"xl71\" style=\"text-align: center; border: 1px solid black;\" width=\"104\"><strong>IT\u00c1LIA<\/strong><\/td>\n<td class=\"xl71\" style=\"text-align: center; border: 1px solid black;\" width=\"104\"><strong>FRAN\u00c7A<\/strong><\/td>\n<td class=\"xl71\" style=\"text-align: center; border: 1px solid black;\" width=\"104\"><strong>R\u00daSSIA<\/strong><\/td>\n<\/tr>\n<tr>\n<td class=\"xl74\" colspan=\"2\" height=\"23\" style=\"text-align: center; border: 1px solid black;\" width=\"208\"><strong>P\/M<\/strong><\/td>\n<td class=\"xl72\" style=\"text-align: center; border: 1px solid black;\" width=\"104\">34-38<\/td>\n<td class=\"xl72\" style=\"text-align: center; border: 1px solid black;\" width=\"104\">2-8<\/td>\n<td class=\"xl71\" style=\"text-align: center; border: 1px solid black;\" width=\"104\">6-10<\/td>\n<td class=\"xl71\" style=\"text-align: center; border: 1px solid black;\" width=\"104\">38-44<\/td>\n<td class=\"xl71\" style=\"text-align: center; border: 1px solid black;\" width=\"104\">36-38<\/td>\n<td class=\"xl71\" style=\"text-align: center; border: 1px solid black;\" width=\"104\">40-46<\/td>\n<\/tr>\n<tr>\n<td class=\"xl74\" colspan=\"2\" height=\"23\" style=\"text-align: center; border: 1px solid black;\" width=\"208\"><strong>Tamanho G\/GG<\/strong><\/td>\n<td class=\"xl72\" style=\"text-align: center; border: 1px solid black;\" width=\"104\">40-42<\/td>\n<td class=\"xl72\" style=\"text-align: center; border: 1px solid black;\" width=\"104\">10-12<\/td>\n<td class=\"xl71\" style=\"text-align: center; border: 1px solid black;\" width=\"104\">12-14<\/td>\n<td class=\"xl71\" style=\"text-align: center; border: 1px solid black;\" width=\"104\">46-48<\/td>\n<td class=\"xl71\" style=\"text-align: center; border: 1px solid black;\" width=\"104\">40-42<\/td>\n<td class=\"xl71\" style=\"text-align: center; border: 1px solid black;\" width=\"104\">48-50<\/td>\n<\/tr>\n<tr height=\"23\" style=\"border: 1px solid black;\">\n<td class=\"xl74\" colspan=\"2\" height=\"23\" style=\"text-align: center; border: 1px solid black;\" width=\"208\"><b>E\/G<\/b><\/td>\n<td class=\"xl72\" style=\"text-align: center; border: 1px solid black;\" width=\"104\">36-40<\/td>\n<td class=\"xl72\" style=\"text-align: center; border: 1px solid black;\" width=\"104\">4-8<\/td>\n<td class=\"xl71\" style=\"text-align: center; border: 1px solid black;\" width=\"104\">8-12<\/td>\n<td class=\"xl71\" style=\"text-align: center; border: 1px solid black;\" width=\"104\">\u00a0<\/td>\n<td class=\"xl71\" style=\"text-align: center; border: 1px solid black;\" width=\"104\">\u00a0<\/td>\n<td class=\"xl71\" style=\"text-align: center; border: 1px solid black;\" width=\"104\">\u00a0<\/td>\n<\/tr>\n<tr>\n<td class=\"xl74\" colspan=\"2\" height=\"23\" style=\"text-align: center; border: 1px solid black;\" width=\"208\"><b>TAMANHO GRANDE<\/b><\/td>\n<td class=\"xl72\" style=\"text-align: center; border: 1px solid black;\" width=\"104\">40-46<\/td>\n<td class=\"xl72\" style=\"text-align: center; border: 1px solid black;\" width=\"104\">10-14<\/td>\n<td class=\"xl71\" style=\"text-align: center; border: 1px solid black;\" width=\"104\">14-18<\/td>\n<td class=\"xl71\" style=\"text-align: center; border: 1px solid black;\" width=\"104\">\u00a0<\/td>\n<td class=\"xl71\" style=\"text-align: center; border: 1px solid black;\" width=\"104\">\u00a0<\/td>\n<td class=\"xl71\" style=\"text-align: center; border: 1px solid black;\" width=\"104\">\u00a0<\/td>\n<\/tr>\n<\/tbody>\n<\/table>\n<p>\u00a0<\/p>\n<p>Eleg\u00e2ncia e sedu\u00e7\u00e3o elevadas ao seu expoente m\u00e1ximo, simplesmente&#8230; Sublime!<\/p>\n","protected":false},"excerpt":{"rendered":"<p>SUBBLIME &#8211; 952242 VESTIDO REDE ELSTICA DEGRADADA VERMELHA E PRETA TAMANHO \u00daNICO<\/p>\n","protected":false},"featured_media":92907,"template":"","meta":{"_acf_changed":false},"product_brand":[],"product_cat":[47,66],"product_tag":[],"class_list":{"0":"post-49980","1":"product","2":"type-product","3":"status-publish","4":"has-post-thumbnail","6":"product_cat-lingerie","7":"product_cat-lingerie-feminina","8":"yith_product_brand-subblime","9":"yith_product_brand-subblime-subblime-dresses","11":"first","12":"instock","13":"taxable","14":"shipping-taxable","15":"purchasable","16":"product-type-simple"},"acf":[],"yoast_head":"<!-- This site is optimized with the Yoast SEO plugin v27.3 - https:\/\/yoast.com\/product\/yoast-seo-wordpress\/ -->\n<title>SUBBLIME - 952242 VESTIDO REDE ELSTICA DEGRADADA VERMELHA E PRETA TAMANHO \u00daNICO - Lovme<\/title>\n<meta name=\"robots\" content=\"index, follow, max-snippet:-1, max-image-preview:large, max-video-preview:-1\" \/>\n<link rel=\"canonical\" href=\"https:\/\/lovme.pt\/index.php\/produto\/subblime-952242-vestido-rede-elstica-degradada-vermelha-e-preta-tamanho-unico\/\" \/>\n<meta property=\"og:locale\" content=\"pt_PT\" \/>\n<meta property=\"og:type\" content=\"article\" \/>\n<meta property=\"og:title\" content=\"SUBBLIME - 952242 VESTIDO REDE ELSTICA DEGRADADA VERMELHA E PRETA TAMANHO \u00daNICO - Lovme\" \/>\n<meta property=\"og:description\" content=\"SUBBLIME - 952242 VESTIDO REDE ELSTICA DEGRADADA VERMELHA E PRETA TAMANHO \u00daNICO\" \/>\n<meta property=\"og:url\" content=\"https:\/\/lovme.pt\/index.php\/produto\/subblime-952242-vestido-rede-elstica-degradada-vermelha-e-preta-tamanho-unico\/\" \/>\n<meta property=\"og:site_name\" content=\"Lovme\" \/>\n<meta property=\"article:modified_time\" content=\"2026-02-19T20:17:31+00:00\" \/>\n<meta property=\"og:image\" content=\"https:\/\/erki24nd3ub.exactdn.com\/wp-content\/uploads\/dream\/img\/img_185088_d10352e65490d2c7e78d47e67e3d3cfc_1.jpg?strip=all\" \/>\n\t<meta property=\"og:image:width\" content=\"800\" \/>\n\t<meta property=\"og:image:height\" content=\"800\" \/>\n\t<meta property=\"og:image:type\" content=\"image\/jpeg\" \/>\n<meta name=\"twitter:card\" content=\"summary_large_image\" \/>\n<meta name=\"twitter:label1\" content=\"Tempo estimado de leitura\" \/>\n\t<meta name=\"twitter:data1\" content=\"1 minuto\" \/>\n<script type=\"application\/ld+json\" class=\"yoast-schema-graph\">{\"@context\":\"https:\\\/\\\/schema.org\",\"@graph\":[{\"@type\":\"WebPage\",\"@id\":\"https:\\\/\\\/lovme.pt\\\/index.php\\\/produto\\\/subblime-952242-vestido-rede-elstica-degradada-vermelha-e-preta-tamanho-unico\\\/\",\"url\":\"https:\\\/\\\/lovme.pt\\\/index.php\\\/produto\\\/subblime-952242-vestido-rede-elstica-degradada-vermelha-e-preta-tamanho-unico\\\/\",\"name\":\"SUBBLIME - 952242 VESTIDO REDE ELSTICA DEGRADADA VERMELHA E PRETA TAMANHO \u00daNICO - Lovme\",\"isPartOf\":{\"@id\":\"https:\\\/\\\/lovme.pt\\\/#website\"},\"primaryImageOfPage\":{\"@id\":\"https:\\\/\\\/lovme.pt\\\/index.php\\\/produto\\\/subblime-952242-vestido-rede-elstica-degradada-vermelha-e-preta-tamanho-unico\\\/#primaryimage\"},\"image\":{\"@id\":\"https:\\\/\\\/lovme.pt\\\/index.php\\\/produto\\\/subblime-952242-vestido-rede-elstica-degradada-vermelha-e-preta-tamanho-unico\\\/#primaryimage\"},\"thumbnailUrl\":\"https:\\\/\\\/erki24nd3ub.exactdn.com\\\/wp-content\\\/uploads\\\/dream\\\/img\\\/img_185088_d10352e65490d2c7e78d47e67e3d3cfc_1.jpg?strip=all\",\"datePublished\":\"2025-10-01T01:00:37+00:00\",\"dateModified\":\"2026-02-19T20:17:31+00:00\",\"breadcrumb\":{\"@id\":\"https:\\\/\\\/lovme.pt\\\/index.php\\\/produto\\\/subblime-952242-vestido-rede-elstica-degradada-vermelha-e-preta-tamanho-unico\\\/#breadcrumb\"},\"inLanguage\":\"pt-PT\",\"potentialAction\":[{\"@type\":\"ReadAction\",\"target\":[\"https:\\\/\\\/lovme.pt\\\/index.php\\\/produto\\\/subblime-952242-vestido-rede-elstica-degradada-vermelha-e-preta-tamanho-unico\\\/\"]}]},{\"@type\":\"ImageObject\",\"inLanguage\":\"pt-PT\",\"@id\":\"https:\\\/\\\/lovme.pt\\\/index.php\\\/produto\\\/subblime-952242-vestido-rede-elstica-degradada-vermelha-e-preta-tamanho-unico\\\/#primaryimage\",\"url\":\"https:\\\/\\\/erki24nd3ub.exactdn.com\\\/wp-content\\\/uploads\\\/dream\\\/img\\\/img_185088_d10352e65490d2c7e78d47e67e3d3cfc_1.jpg?strip=all\",\"contentUrl\":\"https:\\\/\\\/erki24nd3ub.exactdn.com\\\/wp-content\\\/uploads\\\/dream\\\/img\\\/img_185088_d10352e65490d2c7e78d47e67e3d3cfc_1.jpg?strip=all\",\"width\":800,\"height\":800},{\"@type\":\"BreadcrumbList\",\"@id\":\"https:\\\/\\\/lovme.pt\\\/index.php\\\/produto\\\/subblime-952242-vestido-rede-elstica-degradada-vermelha-e-preta-tamanho-unico\\\/#breadcrumb\",\"itemListElement\":[{\"@type\":\"ListItem\",\"position\":1,\"name\":\"In\u00edcio\",\"item\":\"https:\\\/\\\/lovme.pt\\\/\"},{\"@type\":\"ListItem\",\"position\":2,\"name\":\"Loja\",\"item\":\"https:\\\/\\\/lovme.pt\\\/index.php\\\/loja\\\/\"},{\"@type\":\"ListItem\",\"position\":3,\"name\":\"SUBBLIME &#8211; 952242 VESTIDO REDE ELSTICA DEGRADADA VERMELHA E PRETA TAMANHO \u00daNICO\"}]},{\"@type\":\"WebSite\",\"@id\":\"https:\\\/\\\/lovme.pt\\\/#website\",\"url\":\"https:\\\/\\\/lovme.pt\\\/\",\"name\":\"Lovme Loja Er\u00f3tica N\u00ba1 em Portugal\",\"description\":\"A melhor loja er\u00f3tica de Portugal.\",\"alternateName\":\"Loja Er\u00f3tica Lovme\",\"potentialAction\":[{\"@type\":\"SearchAction\",\"target\":{\"@type\":\"EntryPoint\",\"urlTemplate\":\"https:\\\/\\\/lovme.pt\\\/?s={search_term_string}\"},\"query-input\":{\"@type\":\"PropertyValueSpecification\",\"valueRequired\":true,\"valueName\":\"search_term_string\"}}],\"inLanguage\":\"pt-PT\"}]}<\/script>\n<!-- \/ Yoast SEO plugin. -->","yoast_head_json":{"title":"SUBBLIME - 952242 VESTIDO REDE ELSTICA DEGRADADA VERMELHA E PRETA TAMANHO \u00daNICO - Lovme","robots":{"index":"index","follow":"follow","max-snippet":"max-snippet:-1","max-image-preview":"max-image-preview:large","max-video-preview":"max-video-preview:-1"},"canonical":"https:\/\/lovme.pt\/index.php\/produto\/subblime-952242-vestido-rede-elstica-degradada-vermelha-e-preta-tamanho-unico\/","og_locale":"pt_PT","og_type":"article","og_title":"SUBBLIME - 952242 VESTIDO REDE ELSTICA DEGRADADA VERMELHA E PRETA TAMANHO \u00daNICO - Lovme","og_description":"SUBBLIME - 952242 VESTIDO REDE ELSTICA DEGRADADA VERMELHA E PRETA TAMANHO \u00daNICO","og_url":"https:\/\/lovme.pt\/index.php\/produto\/subblime-952242-vestido-rede-elstica-degradada-vermelha-e-preta-tamanho-unico\/","og_site_name":"Lovme","article_modified_time":"2026-02-19T20:17:31+00:00","og_image":[{"width":800,"height":800,"url":"https:\/\/erki24nd3ub.exactdn.com\/wp-content\/uploads\/dream\/img\/img_185088_d10352e65490d2c7e78d47e67e3d3cfc_1.jpg?strip=all","type":"image\/jpeg"}],"twitter_card":"summary_large_image","twitter_misc":{"Tempo estimado de leitura":"1 minuto"},"schema":{"@context":"https:\/\/schema.org","@graph":[{"@type":"WebPage","@id":"https:\/\/lovme.pt\/index.php\/produto\/subblime-952242-vestido-rede-elstica-degradada-vermelha-e-preta-tamanho-unico\/","url":"https:\/\/lovme.pt\/index.php\/produto\/subblime-952242-vestido-rede-elstica-degradada-vermelha-e-preta-tamanho-unico\/","name":"SUBBLIME - 952242 VESTIDO REDE ELSTICA DEGRADADA VERMELHA E PRETA TAMANHO \u00daNICO - Lovme","isPartOf":{"@id":"https:\/\/lovme.pt\/#website"},"primaryImageOfPage":{"@id":"https:\/\/lovme.pt\/index.php\/produto\/subblime-952242-vestido-rede-elstica-degradada-vermelha-e-preta-tamanho-unico\/#primaryimage"},"image":{"@id":"https:\/\/lovme.pt\/index.php\/produto\/subblime-952242-vestido-rede-elstica-degradada-vermelha-e-preta-tamanho-unico\/#primaryimage"},"thumbnailUrl":"https:\/\/erki24nd3ub.exactdn.com\/wp-content\/uploads\/dream\/img\/img_185088_d10352e65490d2c7e78d47e67e3d3cfc_1.jpg?strip=all","datePublished":"2025-10-01T01:00:37+00:00","dateModified":"2026-02-19T20:17:31+00:00","breadcrumb":{"@id":"https:\/\/lovme.pt\/index.php\/produto\/subblime-952242-vestido-rede-elstica-degradada-vermelha-e-preta-tamanho-unico\/#breadcrumb"},"inLanguage":"pt-PT","potentialAction":[{"@type":"ReadAction","target":["https:\/\/lovme.pt\/index.php\/produto\/subblime-952242-vestido-rede-elstica-degradada-vermelha-e-preta-tamanho-unico\/"]}]},{"@type":"ImageObject","inLanguage":"pt-PT","@id":"https:\/\/lovme.pt\/index.php\/produto\/subblime-952242-vestido-rede-elstica-degradada-vermelha-e-preta-tamanho-unico\/#primaryimage","url":"https:\/\/erki24nd3ub.exactdn.com\/wp-content\/uploads\/dream\/img\/img_185088_d10352e65490d2c7e78d47e67e3d3cfc_1.jpg?strip=all","contentUrl":"https:\/\/erki24nd3ub.exactdn.com\/wp-content\/uploads\/dream\/img\/img_185088_d10352e65490d2c7e78d47e67e3d3cfc_1.jpg?strip=all","width":800,"height":800},{"@type":"BreadcrumbList","@id":"https:\/\/lovme.pt\/index.php\/produto\/subblime-952242-vestido-rede-elstica-degradada-vermelha-e-preta-tamanho-unico\/#breadcrumb","itemListElement":[{"@type":"ListItem","position":1,"name":"In\u00edcio","item":"https:\/\/lovme.pt\/"},{"@type":"ListItem","position":2,"name":"Loja","item":"https:\/\/lovme.pt\/index.php\/loja\/"},{"@type":"ListItem","position":3,"name":"SUBBLIME &#8211; 952242 VESTIDO REDE ELSTICA DEGRADADA VERMELHA E PRETA TAMANHO \u00daNICO"}]},{"@type":"WebSite","@id":"https:\/\/lovme.pt\/#website","url":"https:\/\/lovme.pt\/","name":"Lovme Loja Er\u00f3tica N\u00ba1 em Portugal","description":"A melhor loja er\u00f3tica de Portugal.","alternateName":"Loja Er\u00f3tica Lovme","potentialAction":[{"@type":"SearchAction","target":{"@type":"EntryPoint","urlTemplate":"https:\/\/lovme.pt\/?s={search_term_string}"},"query-input":{"@type":"PropertyValueSpecification","valueRequired":true,"valueName":"search_term_string"}}],"inLanguage":"pt-PT"}]}},"_links":{"self":[{"href":"https:\/\/lovme.pt\/index.php\/wp-json\/wp\/v2\/product\/49980","targetHints":{"allow":["GET"]}}],"collection":[{"href":"https:\/\/lovme.pt\/index.php\/wp-json\/wp\/v2\/product"}],"about":[{"href":"https:\/\/lovme.pt\/index.php\/wp-json\/wp\/v2\/types\/product"}],"wp:featuredmedia":[{"embeddable":true,"href":"https:\/\/lovme.pt\/index.php\/wp-json\/wp\/v2\/media\/92907"}],"wp:attachment":[{"href":"https:\/\/lovme.pt\/index.php\/wp-json\/wp\/v2\/media?parent=49980"}],"wp:term":[{"taxonomy":"product_brand","embeddable":true,"href":"https:\/\/lovme.pt\/index.php\/wp-json\/wp\/v2\/product_brand?post=49980"},{"taxonomy":"product_cat","embeddable":true,"href":"https:\/\/lovme.pt\/index.php\/wp-json\/wp\/v2\/product_cat?post=49980"},{"taxonomy":"product_tag","embeddable":true,"href":"https:\/\/lovme.pt\/index.php\/wp-json\/wp\/v2\/product_tag?post=49980"}],"curies":[{"name":"wp","href":"https:\/\/api.w.org\/{rel}","templated":true}]}}