{"id":49921,"date":"2025-09-30T22:14:33","date_gmt":"2025-09-30T22:14:33","guid":{"rendered":"https:\/\/lovme.pt\/?post_type=product&p=49921"},"modified":"2026-02-19T20:09:38","modified_gmt":"2026-02-19T20:09:38","slug":"macho-meias-finas-tamanho-unico-preto","status":"publish","type":"product","link":"https:\/\/lovme.pt\/index.php\/produto\/macho-meias-finas-tamanho-unico-preto\/","title":{"rendered":"MACHO &#8211; MEIAS FINAS TAMANHO \u00daNICO PRETO"},"content":{"rendered":"<p>Explore nossa cole\u00e7\u00e3o exclusiva de <strong>MEIAS SEMI-TRANSPARENTES FETISH MACHO<\/strong> . Projetadas para combinar estilo, conforto e sensualidade, essas meias oferecem um ajuste perfeito e um visual provocante. Ideais para qualquer ocasi\u00e3o especial, festa ou para surpreender seu parceiro.<\/p>\n<p>\u00a0<\/p>\n<p><u><strong>CARACTER\u00cdSTICAS:<\/strong><\/u><\/p>\n<ul>\n<li>Material: Mistura de poli\u00e9ster 100% el\u00e1stico + tira el\u00e1stica MACHO.<\/li>\n<li>Tamanho \u00fanico (36-44)<\/li>\n<li>Nossas meias s\u00e3o feitas com material de alta densidade, garantindo durabilidade, elasticidade e um ajuste firme que se adapta a todos os seus movimentos.<\/li>\n<li>Design ergon\u00f4mico.<\/li>\n<li>Ajuste perfeito: projetado para se adaptar perfeitamente ao formato do p\u00e9 e da perna, proporcionando uma sensa\u00e7\u00e3o de segunda pele que \u00e9 confort\u00e1vel e sedutora.<\/li>\n<li>Faixa el\u00e1stica macia: a faixa el\u00e1stica na parte superior garante que as meias fiquem no lugar sem causar desconforto.<\/li>\n<li>Cores: Preto, Preto\/Vermelho<\/li>\n<\/ul>\n<p>Feitas de materiais de alta qualidade, essas meias semitransparentes n\u00e3o s\u00f3 garantem uma experi\u00eancia confort\u00e1vel o dia todo, mas tamb\u00e9m adicionam um elemento de sedu\u00e7\u00e3o ao seu visual. Seja para uma ocasi\u00e3o especial, uma festa exclusiva ou para surpreender e cativar seu parceiro, essas meias s\u00e3o o acess\u00f3rio ideal que elevar\u00e1 seu visual. seu estilo a um novo n\u00edvel.<\/p>\n<p>N\u00e3o importa a ocasi\u00e3o, nossas meias <strong>MACHO FETISH<\/strong> s\u00e3o projetadas para aqueles que n\u00e3o t\u00eam medo de expressar sua personalidade e seu desejo por algo mais. Entre no mundo do fetiche com eleg\u00e2ncia e confian\u00e7a, e deixe seus p\u00e9s falarem.<\/p>\n","protected":false},"excerpt":{"rendered":"<p>MACHO &#8211; MEIAS FINAS TAMANHO \u00daNICO PRETO<\/p>\n","protected":false},"featured_media":75717,"template":"","meta":{"_acf_changed":false},"product_brand":[],"product_cat":[47,67],"product_tag":[],"class_list":{"0":"post-49921","1":"product","2":"type-product","3":"status-publish","4":"has-post-thumbnail","6":"product_cat-lingerie","7":"product_cat-lingerie-masculina","8":"yith_product_brand-macho-underwear","10":"first","11":"instock","12":"taxable","13":"shipping-taxable","14":"purchasable","15":"product-type-simple"},"acf":[],"yoast_head":"<!-- This site is optimized with the Yoast SEO plugin v27.4 - https:\/\/yoast.com\/product\/yoast-seo-wordpress\/ -->\n<title>MACHO - MEIAS FINAS TAMANHO \u00daNICO PRETO - Lovme<\/title>\n<meta name=\"robots\" content=\"index, follow, max-snippet:-1, max-image-preview:large, max-video-preview:-1\" \/>\n<link rel=\"canonical\" href=\"https:\/\/lovme.pt\/index.php\/produto\/macho-meias-finas-tamanho-unico-preto\/\" \/>\n<meta property=\"og:locale\" content=\"pt_PT\" \/>\n<meta property=\"og:type\" content=\"article\" \/>\n<meta property=\"og:title\" content=\"MACHO - MEIAS FINAS TAMANHO \u00daNICO PRETO - Lovme\" \/>\n<meta property=\"og:description\" content=\"MACHO - MEIAS FINAS TAMANHO \u00daNICO PRETO\" \/>\n<meta property=\"og:url\" content=\"https:\/\/lovme.pt\/index.php\/produto\/macho-meias-finas-tamanho-unico-preto\/\" \/>\n<meta property=\"og:site_name\" content=\"Lovme\" \/>\n<meta property=\"article:modified_time\" content=\"2026-02-19T20:09:38+00:00\" \/>\n<meta property=\"og:image\" content=\"https:\/\/erki24nd3ub.exactdn.com\/wp-content\/uploads\/dream\/img\/img_204749_072e9802477bdb2617e5d332a50ff231_1.jpg?strip=all\" \/>\n\t<meta property=\"og:image:width\" content=\"900\" \/>\n\t<meta property=\"og:image:height\" content=\"900\" \/>\n\t<meta property=\"og:image:type\" content=\"image\/jpeg\" \/>\n<meta name=\"twitter:card\" content=\"summary_large_image\" \/>\n<meta name=\"twitter:label1\" content=\"Tempo estimado de leitura\" \/>\n\t<meta name=\"twitter:data1\" content=\"1 minuto\" \/>\n<script type=\"application\/ld+json\" class=\"yoast-schema-graph\">{\"@context\":\"https:\\\/\\\/schema.org\",\"@graph\":[{\"@type\":\"WebPage\",\"@id\":\"https:\\\/\\\/lovme.pt\\\/index.php\\\/produto\\\/macho-meias-finas-tamanho-unico-preto\\\/\",\"url\":\"https:\\\/\\\/lovme.pt\\\/index.php\\\/produto\\\/macho-meias-finas-tamanho-unico-preto\\\/\",\"name\":\"MACHO - MEIAS FINAS TAMANHO \u00daNICO PRETO - Lovme\",\"isPartOf\":{\"@id\":\"https:\\\/\\\/lovme.pt\\\/#website\"},\"primaryImageOfPage\":{\"@id\":\"https:\\\/\\\/lovme.pt\\\/index.php\\\/produto\\\/macho-meias-finas-tamanho-unico-preto\\\/#primaryimage\"},\"image\":{\"@id\":\"https:\\\/\\\/lovme.pt\\\/index.php\\\/produto\\\/macho-meias-finas-tamanho-unico-preto\\\/#primaryimage\"},\"thumbnailUrl\":\"https:\\\/\\\/erki24nd3ub.exactdn.com\\\/wp-content\\\/uploads\\\/dream\\\/img\\\/img_204749_072e9802477bdb2617e5d332a50ff231_1.jpg?strip=all\",\"datePublished\":\"2025-09-30T22:14:33+00:00\",\"dateModified\":\"2026-02-19T20:09:38+00:00\",\"breadcrumb\":{\"@id\":\"https:\\\/\\\/lovme.pt\\\/index.php\\\/produto\\\/macho-meias-finas-tamanho-unico-preto\\\/#breadcrumb\"},\"inLanguage\":\"pt-PT\",\"potentialAction\":[{\"@type\":\"ReadAction\",\"target\":[\"https:\\\/\\\/lovme.pt\\\/index.php\\\/produto\\\/macho-meias-finas-tamanho-unico-preto\\\/\"]}]},{\"@type\":\"ImageObject\",\"inLanguage\":\"pt-PT\",\"@id\":\"https:\\\/\\\/lovme.pt\\\/index.php\\\/produto\\\/macho-meias-finas-tamanho-unico-preto\\\/#primaryimage\",\"url\":\"https:\\\/\\\/erki24nd3ub.exactdn.com\\\/wp-content\\\/uploads\\\/dream\\\/img\\\/img_204749_072e9802477bdb2617e5d332a50ff231_1.jpg?strip=all\",\"contentUrl\":\"https:\\\/\\\/erki24nd3ub.exactdn.com\\\/wp-content\\\/uploads\\\/dream\\\/img\\\/img_204749_072e9802477bdb2617e5d332a50ff231_1.jpg?strip=all\",\"width\":900,\"height\":900},{\"@type\":\"BreadcrumbList\",\"@id\":\"https:\\\/\\\/lovme.pt\\\/index.php\\\/produto\\\/macho-meias-finas-tamanho-unico-preto\\\/#breadcrumb\",\"itemListElement\":[{\"@type\":\"ListItem\",\"position\":1,\"name\":\"In\u00edcio\",\"item\":\"https:\\\/\\\/lovme.pt\\\/\"},{\"@type\":\"ListItem\",\"position\":2,\"name\":\"Loja\",\"item\":\"https:\\\/\\\/lovme.pt\\\/index.php\\\/loja\\\/\"},{\"@type\":\"ListItem\",\"position\":3,\"name\":\"MACHO &#8211; MEIAS FINAS TAMANHO \u00daNICO PRETO\"}]},{\"@type\":\"WebSite\",\"@id\":\"https:\\\/\\\/lovme.pt\\\/#website\",\"url\":\"https:\\\/\\\/lovme.pt\\\/\",\"name\":\"Lovme Loja Er\u00f3tica N\u00ba1 em Portugal\",\"description\":\"A melhor loja er\u00f3tica de Portugal.\",\"alternateName\":\"Loja Er\u00f3tica Lovme\",\"potentialAction\":[{\"@type\":\"SearchAction\",\"target\":{\"@type\":\"EntryPoint\",\"urlTemplate\":\"https:\\\/\\\/lovme.pt\\\/?s={search_term_string}\"},\"query-input\":{\"@type\":\"PropertyValueSpecification\",\"valueRequired\":true,\"valueName\":\"search_term_string\"}}],\"inLanguage\":\"pt-PT\"}]}<\/script>\n<!-- \/ Yoast SEO plugin. -->","yoast_head_json":{"title":"MACHO - MEIAS FINAS TAMANHO \u00daNICO PRETO - Lovme","robots":{"index":"index","follow":"follow","max-snippet":"max-snippet:-1","max-image-preview":"max-image-preview:large","max-video-preview":"max-video-preview:-1"},"canonical":"https:\/\/lovme.pt\/index.php\/produto\/macho-meias-finas-tamanho-unico-preto\/","og_locale":"pt_PT","og_type":"article","og_title":"MACHO - MEIAS FINAS TAMANHO \u00daNICO PRETO - Lovme","og_description":"MACHO - MEIAS FINAS TAMANHO \u00daNICO PRETO","og_url":"https:\/\/lovme.pt\/index.php\/produto\/macho-meias-finas-tamanho-unico-preto\/","og_site_name":"Lovme","article_modified_time":"2026-02-19T20:09:38+00:00","og_image":[{"width":900,"height":900,"url":"https:\/\/erki24nd3ub.exactdn.com\/wp-content\/uploads\/dream\/img\/img_204749_072e9802477bdb2617e5d332a50ff231_1.jpg?strip=all","type":"image\/jpeg"}],"twitter_card":"summary_large_image","twitter_misc":{"Tempo estimado de leitura":"1 minuto"},"schema":{"@context":"https:\/\/schema.org","@graph":[{"@type":"WebPage","@id":"https:\/\/lovme.pt\/index.php\/produto\/macho-meias-finas-tamanho-unico-preto\/","url":"https:\/\/lovme.pt\/index.php\/produto\/macho-meias-finas-tamanho-unico-preto\/","name":"MACHO - MEIAS FINAS TAMANHO \u00daNICO PRETO - Lovme","isPartOf":{"@id":"https:\/\/lovme.pt\/#website"},"primaryImageOfPage":{"@id":"https:\/\/lovme.pt\/index.php\/produto\/macho-meias-finas-tamanho-unico-preto\/#primaryimage"},"image":{"@id":"https:\/\/lovme.pt\/index.php\/produto\/macho-meias-finas-tamanho-unico-preto\/#primaryimage"},"thumbnailUrl":"https:\/\/erki24nd3ub.exactdn.com\/wp-content\/uploads\/dream\/img\/img_204749_072e9802477bdb2617e5d332a50ff231_1.jpg?strip=all","datePublished":"2025-09-30T22:14:33+00:00","dateModified":"2026-02-19T20:09:38+00:00","breadcrumb":{"@id":"https:\/\/lovme.pt\/index.php\/produto\/macho-meias-finas-tamanho-unico-preto\/#breadcrumb"},"inLanguage":"pt-PT","potentialAction":[{"@type":"ReadAction","target":["https:\/\/lovme.pt\/index.php\/produto\/macho-meias-finas-tamanho-unico-preto\/"]}]},{"@type":"ImageObject","inLanguage":"pt-PT","@id":"https:\/\/lovme.pt\/index.php\/produto\/macho-meias-finas-tamanho-unico-preto\/#primaryimage","url":"https:\/\/erki24nd3ub.exactdn.com\/wp-content\/uploads\/dream\/img\/img_204749_072e9802477bdb2617e5d332a50ff231_1.jpg?strip=all","contentUrl":"https:\/\/erki24nd3ub.exactdn.com\/wp-content\/uploads\/dream\/img\/img_204749_072e9802477bdb2617e5d332a50ff231_1.jpg?strip=all","width":900,"height":900},{"@type":"BreadcrumbList","@id":"https:\/\/lovme.pt\/index.php\/produto\/macho-meias-finas-tamanho-unico-preto\/#breadcrumb","itemListElement":[{"@type":"ListItem","position":1,"name":"In\u00edcio","item":"https:\/\/lovme.pt\/"},{"@type":"ListItem","position":2,"name":"Loja","item":"https:\/\/lovme.pt\/index.php\/loja\/"},{"@type":"ListItem","position":3,"name":"MACHO &#8211; MEIAS FINAS TAMANHO \u00daNICO PRETO"}]},{"@type":"WebSite","@id":"https:\/\/lovme.pt\/#website","url":"https:\/\/lovme.pt\/","name":"Lovme Loja Er\u00f3tica N\u00ba1 em Portugal","description":"A melhor loja er\u00f3tica de Portugal.","alternateName":"Loja Er\u00f3tica Lovme","potentialAction":[{"@type":"SearchAction","target":{"@type":"EntryPoint","urlTemplate":"https:\/\/lovme.pt\/?s={search_term_string}"},"query-input":{"@type":"PropertyValueSpecification","valueRequired":true,"valueName":"search_term_string"}}],"inLanguage":"pt-PT"}]}},"_links":{"self":[{"href":"https:\/\/lovme.pt\/index.php\/wp-json\/wp\/v2\/product\/49921","targetHints":{"allow":["GET"]}}],"collection":[{"href":"https:\/\/lovme.pt\/index.php\/wp-json\/wp\/v2\/product"}],"about":[{"href":"https:\/\/lovme.pt\/index.php\/wp-json\/wp\/v2\/types\/product"}],"wp:featuredmedia":[{"embeddable":true,"href":"https:\/\/lovme.pt\/index.php\/wp-json\/wp\/v2\/media\/75717"}],"wp:attachment":[{"href":"https:\/\/lovme.pt\/index.php\/wp-json\/wp\/v2\/media?parent=49921"}],"wp:term":[{"taxonomy":"product_brand","embeddable":true,"href":"https:\/\/lovme.pt\/index.php\/wp-json\/wp\/v2\/product_brand?post=49921"},{"taxonomy":"product_cat","embeddable":true,"href":"https:\/\/lovme.pt\/index.php\/wp-json\/wp\/v2\/product_cat?post=49921"},{"taxonomy":"product_tag","embeddable":true,"href":"https:\/\/lovme.pt\/index.php\/wp-json\/wp\/v2\/product_tag?post=49921"}],"curies":[{"name":"wp","href":"https:\/\/api.w.org\/{rel}","templated":true}]}}