{"id":49756,"date":"2025-09-30T22:27:40","date_gmt":"2025-09-30T22:27:40","guid":{"rendered":"https:\/\/lovme.pt\/?post_type=product&p=49756"},"modified":"2026-02-19T20:12:25","modified_gmt":"2026-02-19T20:12:25","slug":"secretplay-pirulito-de-galo-com-alcool-abacaxi-colada","status":"publish","type":"product","link":"https:\/\/lovme.pt\/index.php\/produto\/secretplay-pirulito-de-galo-com-alcool-abacaxi-colada\/","title":{"rendered":"SECRETPLAY &#8211; PIRULITO DE GALO COM \u00c1LCOOL ABACAXI COLADA"},"content":{"rendered":"<p>Hum, hum, hum&#8230; voc\u00ea vai se divertir muito devorando esse pirulito de pi\u00f1a colada alco\u00f3lico em forma de p\u00eanis.<\/p>\n<p>\u00a0<\/p>\n<p><u><strong>CARACTER\u00cdSTICAS<\/strong><\/u><\/p>\n<ul>\n<li>100% comest\u00edvel<\/li>\n<li>Sabor: pi\u00f1a colada<\/li>\n<li>Peso: 26 gramas<\/li>\n<li>Teor alco\u00f3lico: 7,3%.<\/li>\n<\/ul>\n","protected":false},"excerpt":{"rendered":"<p>SECRETPLAY &#8211; PIRULITO DE GALO COM \u00c1LCOOL ABACAXI COLADA<\/p>\n","protected":false},"featured_media":77967,"template":"","meta":{"_acf_changed":false},"product_brand":[],"product_cat":[69,15],"product_tag":[],"class_list":{"0":"post-49756","1":"product","2":"type-product","3":"status-publish","4":"has-post-thumbnail","6":"product_cat-jogos-eroticos","7":"product_cat-loja","8":"yith_product_brand-secretplay","9":"yith_product_brand-secretplaysecretplay-cosmetic","11":"first","12":"instock","13":"taxable","14":"shipping-taxable","15":"purchasable","16":"product-type-simple"},"acf":[],"yoast_head":"<!-- This site is optimized with the Yoast SEO plugin v27.3 - https:\/\/yoast.com\/product\/yoast-seo-wordpress\/ -->\n<title>SECRETPLAY - PIRULITO DE GALO COM \u00c1LCOOL ABACAXI COLADA - Lovme<\/title>\n<meta name=\"robots\" content=\"index, follow, max-snippet:-1, max-image-preview:large, max-video-preview:-1\" \/>\n<link rel=\"canonical\" href=\"https:\/\/lovme.pt\/index.php\/produto\/secretplay-pirulito-de-galo-com-alcool-abacaxi-colada\/\" \/>\n<meta property=\"og:locale\" content=\"pt_PT\" \/>\n<meta property=\"og:type\" content=\"article\" \/>\n<meta property=\"og:title\" content=\"SECRETPLAY - PIRULITO DE GALO COM \u00c1LCOOL ABACAXI COLADA - Lovme\" \/>\n<meta property=\"og:description\" content=\"SECRETPLAY - PIRULITO DE GALO COM \u00c1LCOOL ABACAXI COLADA\" \/>\n<meta property=\"og:url\" content=\"https:\/\/lovme.pt\/index.php\/produto\/secretplay-pirulito-de-galo-com-alcool-abacaxi-colada\/\" \/>\n<meta property=\"og:site_name\" content=\"Lovme\" \/>\n<meta property=\"article:modified_time\" content=\"2026-02-19T20:12:25+00:00\" \/>\n<meta property=\"og:image\" content=\"https:\/\/erki24nd3ub.exactdn.com\/wp-content\/uploads\/dream\/img\/img_184044_414d5653aed2553e0662763028f4c962_1.jpg?strip=all\" \/>\n\t<meta property=\"og:image:width\" content=\"800\" \/>\n\t<meta property=\"og:image:height\" content=\"800\" \/>\n\t<meta property=\"og:image:type\" content=\"image\/jpeg\" \/>\n<meta name=\"twitter:card\" content=\"summary_large_image\" \/>\n<script type=\"application\/ld+json\" class=\"yoast-schema-graph\">{\"@context\":\"https:\\\/\\\/schema.org\",\"@graph\":[{\"@type\":\"WebPage\",\"@id\":\"https:\\\/\\\/lovme.pt\\\/index.php\\\/produto\\\/secretplay-pirulito-de-galo-com-alcool-abacaxi-colada\\\/\",\"url\":\"https:\\\/\\\/lovme.pt\\\/index.php\\\/produto\\\/secretplay-pirulito-de-galo-com-alcool-abacaxi-colada\\\/\",\"name\":\"SECRETPLAY - PIRULITO DE GALO COM \u00c1LCOOL ABACAXI COLADA - Lovme\",\"isPartOf\":{\"@id\":\"https:\\\/\\\/lovme.pt\\\/#website\"},\"primaryImageOfPage\":{\"@id\":\"https:\\\/\\\/lovme.pt\\\/index.php\\\/produto\\\/secretplay-pirulito-de-galo-com-alcool-abacaxi-colada\\\/#primaryimage\"},\"image\":{\"@id\":\"https:\\\/\\\/lovme.pt\\\/index.php\\\/produto\\\/secretplay-pirulito-de-galo-com-alcool-abacaxi-colada\\\/#primaryimage\"},\"thumbnailUrl\":\"https:\\\/\\\/erki24nd3ub.exactdn.com\\\/wp-content\\\/uploads\\\/dream\\\/img\\\/img_184044_414d5653aed2553e0662763028f4c962_1.jpg?strip=all\",\"datePublished\":\"2025-09-30T22:27:40+00:00\",\"dateModified\":\"2026-02-19T20:12:25+00:00\",\"breadcrumb\":{\"@id\":\"https:\\\/\\\/lovme.pt\\\/index.php\\\/produto\\\/secretplay-pirulito-de-galo-com-alcool-abacaxi-colada\\\/#breadcrumb\"},\"inLanguage\":\"pt-PT\",\"potentialAction\":[{\"@type\":\"ReadAction\",\"target\":[\"https:\\\/\\\/lovme.pt\\\/index.php\\\/produto\\\/secretplay-pirulito-de-galo-com-alcool-abacaxi-colada\\\/\"]}]},{\"@type\":\"ImageObject\",\"inLanguage\":\"pt-PT\",\"@id\":\"https:\\\/\\\/lovme.pt\\\/index.php\\\/produto\\\/secretplay-pirulito-de-galo-com-alcool-abacaxi-colada\\\/#primaryimage\",\"url\":\"https:\\\/\\\/erki24nd3ub.exactdn.com\\\/wp-content\\\/uploads\\\/dream\\\/img\\\/img_184044_414d5653aed2553e0662763028f4c962_1.jpg?strip=all\",\"contentUrl\":\"https:\\\/\\\/erki24nd3ub.exactdn.com\\\/wp-content\\\/uploads\\\/dream\\\/img\\\/img_184044_414d5653aed2553e0662763028f4c962_1.jpg?strip=all\",\"width\":800,\"height\":800},{\"@type\":\"BreadcrumbList\",\"@id\":\"https:\\\/\\\/lovme.pt\\\/index.php\\\/produto\\\/secretplay-pirulito-de-galo-com-alcool-abacaxi-colada\\\/#breadcrumb\",\"itemListElement\":[{\"@type\":\"ListItem\",\"position\":1,\"name\":\"In\u00edcio\",\"item\":\"https:\\\/\\\/lovme.pt\\\/\"},{\"@type\":\"ListItem\",\"position\":2,\"name\":\"Loja\",\"item\":\"https:\\\/\\\/lovme.pt\\\/index.php\\\/loja\\\/\"},{\"@type\":\"ListItem\",\"position\":3,\"name\":\"SECRETPLAY &#8211; PIRULITO DE GALO COM \u00c1LCOOL ABACAXI COLADA\"}]},{\"@type\":\"WebSite\",\"@id\":\"https:\\\/\\\/lovme.pt\\\/#website\",\"url\":\"https:\\\/\\\/lovme.pt\\\/\",\"name\":\"Lovme Loja Er\u00f3tica N\u00ba1 em Portugal\",\"description\":\"A melhor loja er\u00f3tica de Portugal.\",\"alternateName\":\"Loja Er\u00f3tica Lovme\",\"potentialAction\":[{\"@type\":\"SearchAction\",\"target\":{\"@type\":\"EntryPoint\",\"urlTemplate\":\"https:\\\/\\\/lovme.pt\\\/?s={search_term_string}\"},\"query-input\":{\"@type\":\"PropertyValueSpecification\",\"valueRequired\":true,\"valueName\":\"search_term_string\"}}],\"inLanguage\":\"pt-PT\"}]}<\/script>\n<!-- \/ Yoast SEO plugin. -->","yoast_head_json":{"title":"SECRETPLAY - PIRULITO DE GALO COM \u00c1LCOOL ABACAXI COLADA - Lovme","robots":{"index":"index","follow":"follow","max-snippet":"max-snippet:-1","max-image-preview":"max-image-preview:large","max-video-preview":"max-video-preview:-1"},"canonical":"https:\/\/lovme.pt\/index.php\/produto\/secretplay-pirulito-de-galo-com-alcool-abacaxi-colada\/","og_locale":"pt_PT","og_type":"article","og_title":"SECRETPLAY - PIRULITO DE GALO COM \u00c1LCOOL ABACAXI COLADA - Lovme","og_description":"SECRETPLAY - PIRULITO DE GALO COM \u00c1LCOOL ABACAXI COLADA","og_url":"https:\/\/lovme.pt\/index.php\/produto\/secretplay-pirulito-de-galo-com-alcool-abacaxi-colada\/","og_site_name":"Lovme","article_modified_time":"2026-02-19T20:12:25+00:00","og_image":[{"width":800,"height":800,"url":"https:\/\/erki24nd3ub.exactdn.com\/wp-content\/uploads\/dream\/img\/img_184044_414d5653aed2553e0662763028f4c962_1.jpg?strip=all","type":"image\/jpeg"}],"twitter_card":"summary_large_image","schema":{"@context":"https:\/\/schema.org","@graph":[{"@type":"WebPage","@id":"https:\/\/lovme.pt\/index.php\/produto\/secretplay-pirulito-de-galo-com-alcool-abacaxi-colada\/","url":"https:\/\/lovme.pt\/index.php\/produto\/secretplay-pirulito-de-galo-com-alcool-abacaxi-colada\/","name":"SECRETPLAY - PIRULITO DE GALO COM \u00c1LCOOL ABACAXI COLADA - Lovme","isPartOf":{"@id":"https:\/\/lovme.pt\/#website"},"primaryImageOfPage":{"@id":"https:\/\/lovme.pt\/index.php\/produto\/secretplay-pirulito-de-galo-com-alcool-abacaxi-colada\/#primaryimage"},"image":{"@id":"https:\/\/lovme.pt\/index.php\/produto\/secretplay-pirulito-de-galo-com-alcool-abacaxi-colada\/#primaryimage"},"thumbnailUrl":"https:\/\/erki24nd3ub.exactdn.com\/wp-content\/uploads\/dream\/img\/img_184044_414d5653aed2553e0662763028f4c962_1.jpg?strip=all","datePublished":"2025-09-30T22:27:40+00:00","dateModified":"2026-02-19T20:12:25+00:00","breadcrumb":{"@id":"https:\/\/lovme.pt\/index.php\/produto\/secretplay-pirulito-de-galo-com-alcool-abacaxi-colada\/#breadcrumb"},"inLanguage":"pt-PT","potentialAction":[{"@type":"ReadAction","target":["https:\/\/lovme.pt\/index.php\/produto\/secretplay-pirulito-de-galo-com-alcool-abacaxi-colada\/"]}]},{"@type":"ImageObject","inLanguage":"pt-PT","@id":"https:\/\/lovme.pt\/index.php\/produto\/secretplay-pirulito-de-galo-com-alcool-abacaxi-colada\/#primaryimage","url":"https:\/\/erki24nd3ub.exactdn.com\/wp-content\/uploads\/dream\/img\/img_184044_414d5653aed2553e0662763028f4c962_1.jpg?strip=all","contentUrl":"https:\/\/erki24nd3ub.exactdn.com\/wp-content\/uploads\/dream\/img\/img_184044_414d5653aed2553e0662763028f4c962_1.jpg?strip=all","width":800,"height":800},{"@type":"BreadcrumbList","@id":"https:\/\/lovme.pt\/index.php\/produto\/secretplay-pirulito-de-galo-com-alcool-abacaxi-colada\/#breadcrumb","itemListElement":[{"@type":"ListItem","position":1,"name":"In\u00edcio","item":"https:\/\/lovme.pt\/"},{"@type":"ListItem","position":2,"name":"Loja","item":"https:\/\/lovme.pt\/index.php\/loja\/"},{"@type":"ListItem","position":3,"name":"SECRETPLAY &#8211; PIRULITO DE GALO COM \u00c1LCOOL ABACAXI COLADA"}]},{"@type":"WebSite","@id":"https:\/\/lovme.pt\/#website","url":"https:\/\/lovme.pt\/","name":"Lovme Loja Er\u00f3tica N\u00ba1 em Portugal","description":"A melhor loja er\u00f3tica de Portugal.","alternateName":"Loja Er\u00f3tica Lovme","potentialAction":[{"@type":"SearchAction","target":{"@type":"EntryPoint","urlTemplate":"https:\/\/lovme.pt\/?s={search_term_string}"},"query-input":{"@type":"PropertyValueSpecification","valueRequired":true,"valueName":"search_term_string"}}],"inLanguage":"pt-PT"}]}},"_links":{"self":[{"href":"https:\/\/lovme.pt\/index.php\/wp-json\/wp\/v2\/product\/49756","targetHints":{"allow":["GET"]}}],"collection":[{"href":"https:\/\/lovme.pt\/index.php\/wp-json\/wp\/v2\/product"}],"about":[{"href":"https:\/\/lovme.pt\/index.php\/wp-json\/wp\/v2\/types\/product"}],"wp:featuredmedia":[{"embeddable":true,"href":"https:\/\/lovme.pt\/index.php\/wp-json\/wp\/v2\/media\/77967"}],"wp:attachment":[{"href":"https:\/\/lovme.pt\/index.php\/wp-json\/wp\/v2\/media?parent=49756"}],"wp:term":[{"taxonomy":"product_brand","embeddable":true,"href":"https:\/\/lovme.pt\/index.php\/wp-json\/wp\/v2\/product_brand?post=49756"},{"taxonomy":"product_cat","embeddable":true,"href":"https:\/\/lovme.pt\/index.php\/wp-json\/wp\/v2\/product_cat?post=49756"},{"taxonomy":"product_tag","embeddable":true,"href":"https:\/\/lovme.pt\/index.php\/wp-json\/wp\/v2\/product_tag?post=49756"}],"curies":[{"name":"wp","href":"https:\/\/api.w.org\/{rel}","templated":true}]}}