{"id":49753,"date":"2025-10-01T02:36:08","date_gmt":"2025-10-01T02:36:08","guid":{"rendered":"https:\/\/lovme.pt\/?post_type=product&p=49753"},"modified":"2026-02-19T20:19:25","modified_gmt":"2026-02-19T20:19:25","slug":"satisfyer-mermaid-vibes-estimulador-e-vibrador-menta-e-rosa","status":"publish","type":"product","link":"https:\/\/lovme.pt\/index.php\/produto\/satisfyer-mermaid-vibes-estimulador-e-vibrador-menta-e-rosa\/","title":{"rendered":"SATISFYER &#8211; MERMAID VIBES ESTIMULADOR E VIBRADOR MENTA E ROSA"},"content":{"rendered":"<p>Procurando a lenda do mar, o ser m\u00edtico que encanta a todos? N\u00e3o procure mais:<\/p>\n<p>O <strong>Satisfyer Mermaid Vibes<\/strong> \u00e9 um impressionante vibrador de pulso de ar que ir\u00e1 cativ\u00e1-lo pela sua apar\u00eancia e fun\u00e7\u00f5es.<\/p>\n<p>Apresentando a tecnologia Satisfyer Air Pulse, este vibrador estimula o clit\u00f3ris com ondas de press\u00e3o sem contato e vibra\u00e7\u00f5es adicionais.<\/p>\n<p>Combine 11 intensidades de ondas de press\u00e3o e 12 programas de vibra\u00e7\u00e3o ou use ambas as fun\u00e7\u00f5es separadamente, conforme sua prefer\u00eancia.<\/p>\n<p>O Satisfyer Mermaid Vibes \u00e9 \u00e0 prova d\u00e1gua (IPX7), adora brincar com voc\u00ea nas ondas do chuveiro ou da banheira. Sua superf\u00edcie dupla de silicone \u00e9 especialmente macia na pele e seu gradiente de cor \u00e9 t\u00e3o bonito quanto a barbatana cintilante de uma sereia.<\/p>\n<p>Quando sua aventura subaqu\u00e1tica terminar, voc\u00ea pode limpar facilmente o Mermaid Vibes com um pouco de \u00e1gua e sab\u00e3o neutro ou um bom limpador de brinquedos.<\/p>\n<p><u><strong>CARACTER\u00cdSTICAS:<\/strong><\/u><\/p>\n<p>11 intensidades de ondas de press\u00e3o<br \/>12 programas de vibra\u00e7\u00e3o<br \/>Silicone<br \/>USB recarreg\u00e1vel<br \/>\u00c0 prova d\u00e1gua (IPX7)<\/p>\n<p>\u00a0<\/p>\n<p>\u00a0<\/p>\n","protected":false},"excerpt":{"rendered":"<p>SATISFYER &#8211; MERMAID VIBES ESTIMULADOR E VIBRADOR MENTA E ROSA<\/p>\n","protected":false},"featured_media":97974,"template":"","meta":{"_acf_changed":false},"product_brand":[],"product_cat":[17,61,64],"product_tag":[],"class_list":{"0":"post-49753","1":"product","2":"type-product","3":"status-publish","4":"has-post-thumbnail","6":"product_cat-brinquedos-de-bem-estar-sexual","7":"product_cat-para-elas","8":"product_cat-sugadores","9":"yith_product_brand-satisfyer","10":"yith_product_brand-satisfyer-satisfyer-air-pulse","12":"first","13":"instock","14":"taxable","15":"shipping-taxable","16":"purchasable","17":"product-type-simple"},"acf":[],"yoast_head":"<!-- This site is optimized with the Yoast SEO plugin v27.4 - https:\/\/yoast.com\/product\/yoast-seo-wordpress\/ -->\n<title>SATISFYER - MERMAID VIBES ESTIMULADOR E VIBRADOR MENTA E ROSA - Lovme<\/title>\n<meta name=\"robots\" content=\"index, follow, max-snippet:-1, max-image-preview:large, max-video-preview:-1\" \/>\n<link rel=\"canonical\" href=\"https:\/\/lovme.pt\/index.php\/produto\/satisfyer-mermaid-vibes-estimulador-e-vibrador-menta-e-rosa\/\" \/>\n<meta property=\"og:locale\" content=\"pt_PT\" \/>\n<meta property=\"og:type\" content=\"article\" \/>\n<meta property=\"og:title\" content=\"SATISFYER - MERMAID VIBES ESTIMULADOR E VIBRADOR MENTA E ROSA - Lovme\" \/>\n<meta property=\"og:description\" content=\"SATISFYER - MERMAID VIBES ESTIMULADOR E VIBRADOR MENTA E ROSA\" \/>\n<meta property=\"og:url\" content=\"https:\/\/lovme.pt\/index.php\/produto\/satisfyer-mermaid-vibes-estimulador-e-vibrador-menta-e-rosa\/\" \/>\n<meta property=\"og:site_name\" content=\"Lovme\" \/>\n<meta property=\"article:modified_time\" content=\"2026-02-19T20:19:25+00:00\" \/>\n<meta property=\"og:image\" content=\"https:\/\/erki24nd3ub.exactdn.com\/wp-content\/uploads\/dream\/img\/img_184025_848b9b930e2f5f0f580ee8d65ab3fe0c_1.jpg?strip=all\" \/>\n\t<meta property=\"og:image:width\" content=\"800\" \/>\n\t<meta property=\"og:image:height\" content=\"800\" \/>\n\t<meta property=\"og:image:type\" content=\"image\/jpeg\" \/>\n<meta name=\"twitter:card\" content=\"summary_large_image\" \/>\n<meta name=\"twitter:label1\" content=\"Tempo estimado de leitura\" \/>\n\t<meta name=\"twitter:data1\" content=\"1 minuto\" \/>\n<script type=\"application\/ld+json\" class=\"yoast-schema-graph\">{\"@context\":\"https:\\\/\\\/schema.org\",\"@graph\":[{\"@type\":\"WebPage\",\"@id\":\"https:\\\/\\\/lovme.pt\\\/index.php\\\/produto\\\/satisfyer-mermaid-vibes-estimulador-e-vibrador-menta-e-rosa\\\/\",\"url\":\"https:\\\/\\\/lovme.pt\\\/index.php\\\/produto\\\/satisfyer-mermaid-vibes-estimulador-e-vibrador-menta-e-rosa\\\/\",\"name\":\"SATISFYER - MERMAID VIBES ESTIMULADOR E VIBRADOR MENTA E ROSA - Lovme\",\"isPartOf\":{\"@id\":\"https:\\\/\\\/lovme.pt\\\/#website\"},\"primaryImageOfPage\":{\"@id\":\"https:\\\/\\\/lovme.pt\\\/index.php\\\/produto\\\/satisfyer-mermaid-vibes-estimulador-e-vibrador-menta-e-rosa\\\/#primaryimage\"},\"image\":{\"@id\":\"https:\\\/\\\/lovme.pt\\\/index.php\\\/produto\\\/satisfyer-mermaid-vibes-estimulador-e-vibrador-menta-e-rosa\\\/#primaryimage\"},\"thumbnailUrl\":\"https:\\\/\\\/erki24nd3ub.exactdn.com\\\/wp-content\\\/uploads\\\/dream\\\/img\\\/img_184025_848b9b930e2f5f0f580ee8d65ab3fe0c_1.jpg?strip=all\",\"datePublished\":\"2025-10-01T02:36:08+00:00\",\"dateModified\":\"2026-02-19T20:19:25+00:00\",\"breadcrumb\":{\"@id\":\"https:\\\/\\\/lovme.pt\\\/index.php\\\/produto\\\/satisfyer-mermaid-vibes-estimulador-e-vibrador-menta-e-rosa\\\/#breadcrumb\"},\"inLanguage\":\"pt-PT\",\"potentialAction\":[{\"@type\":\"ReadAction\",\"target\":[\"https:\\\/\\\/lovme.pt\\\/index.php\\\/produto\\\/satisfyer-mermaid-vibes-estimulador-e-vibrador-menta-e-rosa\\\/\"]}]},{\"@type\":\"ImageObject\",\"inLanguage\":\"pt-PT\",\"@id\":\"https:\\\/\\\/lovme.pt\\\/index.php\\\/produto\\\/satisfyer-mermaid-vibes-estimulador-e-vibrador-menta-e-rosa\\\/#primaryimage\",\"url\":\"https:\\\/\\\/erki24nd3ub.exactdn.com\\\/wp-content\\\/uploads\\\/dream\\\/img\\\/img_184025_848b9b930e2f5f0f580ee8d65ab3fe0c_1.jpg?strip=all\",\"contentUrl\":\"https:\\\/\\\/erki24nd3ub.exactdn.com\\\/wp-content\\\/uploads\\\/dream\\\/img\\\/img_184025_848b9b930e2f5f0f580ee8d65ab3fe0c_1.jpg?strip=all\",\"width\":800,\"height\":800},{\"@type\":\"BreadcrumbList\",\"@id\":\"https:\\\/\\\/lovme.pt\\\/index.php\\\/produto\\\/satisfyer-mermaid-vibes-estimulador-e-vibrador-menta-e-rosa\\\/#breadcrumb\",\"itemListElement\":[{\"@type\":\"ListItem\",\"position\":1,\"name\":\"In\u00edcio\",\"item\":\"https:\\\/\\\/lovme.pt\\\/\"},{\"@type\":\"ListItem\",\"position\":2,\"name\":\"Loja\",\"item\":\"https:\\\/\\\/lovme.pt\\\/index.php\\\/loja\\\/\"},{\"@type\":\"ListItem\",\"position\":3,\"name\":\"SATISFYER &#8211; MERMAID VIBES ESTIMULADOR E VIBRADOR MENTA E ROSA\"}]},{\"@type\":\"WebSite\",\"@id\":\"https:\\\/\\\/lovme.pt\\\/#website\",\"url\":\"https:\\\/\\\/lovme.pt\\\/\",\"name\":\"Lovme Loja Er\u00f3tica N\u00ba1 em Portugal\",\"description\":\"A melhor loja er\u00f3tica de Portugal.\",\"alternateName\":\"Loja Er\u00f3tica Lovme\",\"potentialAction\":[{\"@type\":\"SearchAction\",\"target\":{\"@type\":\"EntryPoint\",\"urlTemplate\":\"https:\\\/\\\/lovme.pt\\\/?s={search_term_string}\"},\"query-input\":{\"@type\":\"PropertyValueSpecification\",\"valueRequired\":true,\"valueName\":\"search_term_string\"}}],\"inLanguage\":\"pt-PT\"}]}<\/script>\n<!-- \/ Yoast SEO plugin. -->","yoast_head_json":{"title":"SATISFYER - MERMAID VIBES ESTIMULADOR E VIBRADOR MENTA E ROSA - Lovme","robots":{"index":"index","follow":"follow","max-snippet":"max-snippet:-1","max-image-preview":"max-image-preview:large","max-video-preview":"max-video-preview:-1"},"canonical":"https:\/\/lovme.pt\/index.php\/produto\/satisfyer-mermaid-vibes-estimulador-e-vibrador-menta-e-rosa\/","og_locale":"pt_PT","og_type":"article","og_title":"SATISFYER - MERMAID VIBES ESTIMULADOR E VIBRADOR MENTA E ROSA - Lovme","og_description":"SATISFYER - MERMAID VIBES ESTIMULADOR E VIBRADOR MENTA E ROSA","og_url":"https:\/\/lovme.pt\/index.php\/produto\/satisfyer-mermaid-vibes-estimulador-e-vibrador-menta-e-rosa\/","og_site_name":"Lovme","article_modified_time":"2026-02-19T20:19:25+00:00","og_image":[{"width":800,"height":800,"url":"https:\/\/erki24nd3ub.exactdn.com\/wp-content\/uploads\/dream\/img\/img_184025_848b9b930e2f5f0f580ee8d65ab3fe0c_1.jpg?strip=all","type":"image\/jpeg"}],"twitter_card":"summary_large_image","twitter_misc":{"Tempo estimado de leitura":"1 minuto"},"schema":{"@context":"https:\/\/schema.org","@graph":[{"@type":"WebPage","@id":"https:\/\/lovme.pt\/index.php\/produto\/satisfyer-mermaid-vibes-estimulador-e-vibrador-menta-e-rosa\/","url":"https:\/\/lovme.pt\/index.php\/produto\/satisfyer-mermaid-vibes-estimulador-e-vibrador-menta-e-rosa\/","name":"SATISFYER - MERMAID VIBES ESTIMULADOR E VIBRADOR MENTA E ROSA - Lovme","isPartOf":{"@id":"https:\/\/lovme.pt\/#website"},"primaryImageOfPage":{"@id":"https:\/\/lovme.pt\/index.php\/produto\/satisfyer-mermaid-vibes-estimulador-e-vibrador-menta-e-rosa\/#primaryimage"},"image":{"@id":"https:\/\/lovme.pt\/index.php\/produto\/satisfyer-mermaid-vibes-estimulador-e-vibrador-menta-e-rosa\/#primaryimage"},"thumbnailUrl":"https:\/\/erki24nd3ub.exactdn.com\/wp-content\/uploads\/dream\/img\/img_184025_848b9b930e2f5f0f580ee8d65ab3fe0c_1.jpg?strip=all","datePublished":"2025-10-01T02:36:08+00:00","dateModified":"2026-02-19T20:19:25+00:00","breadcrumb":{"@id":"https:\/\/lovme.pt\/index.php\/produto\/satisfyer-mermaid-vibes-estimulador-e-vibrador-menta-e-rosa\/#breadcrumb"},"inLanguage":"pt-PT","potentialAction":[{"@type":"ReadAction","target":["https:\/\/lovme.pt\/index.php\/produto\/satisfyer-mermaid-vibes-estimulador-e-vibrador-menta-e-rosa\/"]}]},{"@type":"ImageObject","inLanguage":"pt-PT","@id":"https:\/\/lovme.pt\/index.php\/produto\/satisfyer-mermaid-vibes-estimulador-e-vibrador-menta-e-rosa\/#primaryimage","url":"https:\/\/erki24nd3ub.exactdn.com\/wp-content\/uploads\/dream\/img\/img_184025_848b9b930e2f5f0f580ee8d65ab3fe0c_1.jpg?strip=all","contentUrl":"https:\/\/erki24nd3ub.exactdn.com\/wp-content\/uploads\/dream\/img\/img_184025_848b9b930e2f5f0f580ee8d65ab3fe0c_1.jpg?strip=all","width":800,"height":800},{"@type":"BreadcrumbList","@id":"https:\/\/lovme.pt\/index.php\/produto\/satisfyer-mermaid-vibes-estimulador-e-vibrador-menta-e-rosa\/#breadcrumb","itemListElement":[{"@type":"ListItem","position":1,"name":"In\u00edcio","item":"https:\/\/lovme.pt\/"},{"@type":"ListItem","position":2,"name":"Loja","item":"https:\/\/lovme.pt\/index.php\/loja\/"},{"@type":"ListItem","position":3,"name":"SATISFYER &#8211; MERMAID VIBES ESTIMULADOR E VIBRADOR MENTA E ROSA"}]},{"@type":"WebSite","@id":"https:\/\/lovme.pt\/#website","url":"https:\/\/lovme.pt\/","name":"Lovme Loja Er\u00f3tica N\u00ba1 em Portugal","description":"A melhor loja er\u00f3tica de Portugal.","alternateName":"Loja Er\u00f3tica Lovme","potentialAction":[{"@type":"SearchAction","target":{"@type":"EntryPoint","urlTemplate":"https:\/\/lovme.pt\/?s={search_term_string}"},"query-input":{"@type":"PropertyValueSpecification","valueRequired":true,"valueName":"search_term_string"}}],"inLanguage":"pt-PT"}]}},"_links":{"self":[{"href":"https:\/\/lovme.pt\/index.php\/wp-json\/wp\/v2\/product\/49753","targetHints":{"allow":["GET"]}}],"collection":[{"href":"https:\/\/lovme.pt\/index.php\/wp-json\/wp\/v2\/product"}],"about":[{"href":"https:\/\/lovme.pt\/index.php\/wp-json\/wp\/v2\/types\/product"}],"wp:featuredmedia":[{"embeddable":true,"href":"https:\/\/lovme.pt\/index.php\/wp-json\/wp\/v2\/media\/97974"}],"wp:attachment":[{"href":"https:\/\/lovme.pt\/index.php\/wp-json\/wp\/v2\/media?parent=49753"}],"wp:term":[{"taxonomy":"product_brand","embeddable":true,"href":"https:\/\/lovme.pt\/index.php\/wp-json\/wp\/v2\/product_brand?post=49753"},{"taxonomy":"product_cat","embeddable":true,"href":"https:\/\/lovme.pt\/index.php\/wp-json\/wp\/v2\/product_cat?post=49753"},{"taxonomy":"product_tag","embeddable":true,"href":"https:\/\/lovme.pt\/index.php\/wp-json\/wp\/v2\/product_tag?post=49753"}],"curies":[{"name":"wp","href":"https:\/\/api.w.org\/{rel}","templated":true}]}}