{"id":49736,"date":"2025-09-30T22:02:28","date_gmt":"2025-09-30T22:02:28","guid":{"rendered":"https:\/\/lovme.pt\/?post_type=product&p=49736"},"modified":"2026-02-19T20:09:04","modified_gmt":"2026-02-19T20:09:04","slug":"satisfyer-air-pump-vibrator-3-ponto-g-inflavel-menta","status":"publish","type":"product","link":"https:\/\/lovme.pt\/index.php\/produto\/satisfyer-air-pump-vibrator-3-ponto-g-inflavel-menta\/","title":{"rendered":"SATISFYER &#8211; AIR PUMP VIBRATOR 3 PONTO G INFL\u00c1VEL MENTA"},"content":{"rendered":"<p>Querido ,<\/p>\n<p>Voc\u00ea est\u00e1 pronto para levar seus momentos \u00edntimos a novos patamares? Apresentando o <strong>Air Pump Vibrator 3<\/strong>, uma adi\u00e7\u00e3o inovadora \u00e0 sua cole\u00e7\u00e3o. Experimente um prazer \u00fanico com este vibrador infl\u00e1vel de ponto G feito de silicone que n\u00e3o agride o corpo e possui uma estrutura protuberante.<\/p>\n<p>Com um simples toque num bot\u00e3o, o di\u00e2metro da ponta insufl\u00e1vel expande-se gradualmente at\u00e9 15 mm em menos de 12 segundos  basta clicar duas vezes no mesmo bot\u00e3o para esvazi\u00e1-la. Gra\u00e7as \u00e0 combina\u00e7\u00e3o de 12 poderosos programas de vibra\u00e7\u00e3o e ao eixo infl\u00e1vel, voc\u00ea encontrar\u00e1 o ajuste perfeito para seus desejos.<\/p>\n<p><u><strong>CARACTER\u00cdSTICAS:<\/strong><\/u><\/p>\n<p>\u2022 Eixo infl\u00e1vel<br \/>\u2022 \u00c0 prova d\u00e1gua (IPX7)<br \/>\u2022 Silicone que n\u00e3o agride o corpo<br \/>\u2022 12 programas de vibra\u00e7\u00e3o<br \/>\u2022 Inclui. Cabo de carregamento USB<br \/>\u2022 Estimula\u00e7\u00e3o intensa do ponto G<br \/>\u2022 Al\u00e7a em forma de la\u00e7o para f\u00e1cil utiliza\u00e7\u00e3o<br \/>\u2022 Di\u00e2metro ajust\u00e1vel individualmente<\/p>\n<p>Mire o seu ponto G com precis\u00e3o e experimente um prazer alucinante com o Air Pump Vibrator 3!<\/p>\n","protected":false},"excerpt":{"rendered":"<p>SATISFYER &#8211; AIR PUMP VIBRATOR 3 PONTO G INFL\u00c1VEL MENTA<\/p>\n","protected":false},"featured_media":73268,"template":"","meta":{"_acf_changed":false},"product_brand":[],"product_cat":[17,115,61,76],"product_tag":[],"class_list":{"0":"post-49736","1":"product","2":"type-product","3":"status-publish","4":"has-post-thumbnail","6":"product_cat-brinquedos-de-bem-estar-sexual","7":"product_cat-ofertas","8":"product_cat-para-elas","9":"product_cat-vibradores","10":"yith_product_brand-satisfyer","11":"yith_product_brand-satisfyer-satisfyer-vibrator","13":"first","14":"instock","15":"taxable","16":"shipping-taxable","17":"purchasable","18":"product-type-simple"},"acf":[],"yoast_head":"<!-- This site is optimized with the Yoast SEO plugin v27.4 - https:\/\/yoast.com\/product\/yoast-seo-wordpress\/ -->\n<title>SATISFYER - AIR PUMP VIBRATOR 3 PONTO G INFL\u00c1VEL MENTA - Lovme<\/title>\n<meta name=\"robots\" content=\"index, follow, max-snippet:-1, max-image-preview:large, max-video-preview:-1\" \/>\n<link rel=\"canonical\" href=\"https:\/\/lovme.pt\/index.php\/produto\/satisfyer-air-pump-vibrator-3-ponto-g-inflavel-menta\/\" \/>\n<meta property=\"og:locale\" content=\"pt_PT\" \/>\n<meta property=\"og:type\" content=\"article\" \/>\n<meta property=\"og:title\" content=\"SATISFYER - AIR PUMP VIBRATOR 3 PONTO G INFL\u00c1VEL MENTA - Lovme\" \/>\n<meta property=\"og:description\" content=\"SATISFYER - AIR PUMP VIBRATOR 3 PONTO G INFL\u00c1VEL MENTA\" \/>\n<meta property=\"og:url\" content=\"https:\/\/lovme.pt\/index.php\/produto\/satisfyer-air-pump-vibrator-3-ponto-g-inflavel-menta\/\" \/>\n<meta property=\"og:site_name\" content=\"Lovme\" \/>\n<meta property=\"article:modified_time\" content=\"2026-02-19T20:09:04+00:00\" \/>\n<meta property=\"og:image\" content=\"https:\/\/erki24nd3ub.exactdn.com\/wp-content\/uploads\/dream\/img\/img_183904_03a53bed60ffbb665ce9674094b939b6_1.jpg?strip=all\" \/>\n\t<meta property=\"og:image:width\" content=\"800\" \/>\n\t<meta property=\"og:image:height\" content=\"800\" \/>\n\t<meta property=\"og:image:type\" content=\"image\/jpeg\" \/>\n<meta name=\"twitter:card\" content=\"summary_large_image\" \/>\n<meta name=\"twitter:label1\" content=\"Tempo estimado de leitura\" \/>\n\t<meta name=\"twitter:data1\" content=\"1 minuto\" \/>\n<script type=\"application\/ld+json\" class=\"yoast-schema-graph\">{\"@context\":\"https:\\\/\\\/schema.org\",\"@graph\":[{\"@type\":\"WebPage\",\"@id\":\"https:\\\/\\\/lovme.pt\\\/index.php\\\/produto\\\/satisfyer-air-pump-vibrator-3-ponto-g-inflavel-menta\\\/\",\"url\":\"https:\\\/\\\/lovme.pt\\\/index.php\\\/produto\\\/satisfyer-air-pump-vibrator-3-ponto-g-inflavel-menta\\\/\",\"name\":\"SATISFYER - AIR PUMP VIBRATOR 3 PONTO G INFL\u00c1VEL MENTA - Lovme\",\"isPartOf\":{\"@id\":\"https:\\\/\\\/lovme.pt\\\/#website\"},\"primaryImageOfPage\":{\"@id\":\"https:\\\/\\\/lovme.pt\\\/index.php\\\/produto\\\/satisfyer-air-pump-vibrator-3-ponto-g-inflavel-menta\\\/#primaryimage\"},\"image\":{\"@id\":\"https:\\\/\\\/lovme.pt\\\/index.php\\\/produto\\\/satisfyer-air-pump-vibrator-3-ponto-g-inflavel-menta\\\/#primaryimage\"},\"thumbnailUrl\":\"https:\\\/\\\/erki24nd3ub.exactdn.com\\\/wp-content\\\/uploads\\\/dream\\\/img\\\/img_183904_03a53bed60ffbb665ce9674094b939b6_1.jpg?strip=all\",\"datePublished\":\"2025-09-30T22:02:28+00:00\",\"dateModified\":\"2026-02-19T20:09:04+00:00\",\"breadcrumb\":{\"@id\":\"https:\\\/\\\/lovme.pt\\\/index.php\\\/produto\\\/satisfyer-air-pump-vibrator-3-ponto-g-inflavel-menta\\\/#breadcrumb\"},\"inLanguage\":\"pt-PT\",\"potentialAction\":[{\"@type\":\"ReadAction\",\"target\":[\"https:\\\/\\\/lovme.pt\\\/index.php\\\/produto\\\/satisfyer-air-pump-vibrator-3-ponto-g-inflavel-menta\\\/\"]}]},{\"@type\":\"ImageObject\",\"inLanguage\":\"pt-PT\",\"@id\":\"https:\\\/\\\/lovme.pt\\\/index.php\\\/produto\\\/satisfyer-air-pump-vibrator-3-ponto-g-inflavel-menta\\\/#primaryimage\",\"url\":\"https:\\\/\\\/erki24nd3ub.exactdn.com\\\/wp-content\\\/uploads\\\/dream\\\/img\\\/img_183904_03a53bed60ffbb665ce9674094b939b6_1.jpg?strip=all\",\"contentUrl\":\"https:\\\/\\\/erki24nd3ub.exactdn.com\\\/wp-content\\\/uploads\\\/dream\\\/img\\\/img_183904_03a53bed60ffbb665ce9674094b939b6_1.jpg?strip=all\",\"width\":800,\"height\":800},{\"@type\":\"BreadcrumbList\",\"@id\":\"https:\\\/\\\/lovme.pt\\\/index.php\\\/produto\\\/satisfyer-air-pump-vibrator-3-ponto-g-inflavel-menta\\\/#breadcrumb\",\"itemListElement\":[{\"@type\":\"ListItem\",\"position\":1,\"name\":\"In\u00edcio\",\"item\":\"https:\\\/\\\/lovme.pt\\\/\"},{\"@type\":\"ListItem\",\"position\":2,\"name\":\"Loja\",\"item\":\"https:\\\/\\\/lovme.pt\\\/index.php\\\/loja\\\/\"},{\"@type\":\"ListItem\",\"position\":3,\"name\":\"SATISFYER &#8211; AIR PUMP VIBRATOR 3 PONTO G INFL\u00c1VEL MENTA\"}]},{\"@type\":\"WebSite\",\"@id\":\"https:\\\/\\\/lovme.pt\\\/#website\",\"url\":\"https:\\\/\\\/lovme.pt\\\/\",\"name\":\"Lovme Loja Er\u00f3tica N\u00ba1 em Portugal\",\"description\":\"A melhor loja er\u00f3tica de Portugal.\",\"alternateName\":\"Loja Er\u00f3tica Lovme\",\"potentialAction\":[{\"@type\":\"SearchAction\",\"target\":{\"@type\":\"EntryPoint\",\"urlTemplate\":\"https:\\\/\\\/lovme.pt\\\/?s={search_term_string}\"},\"query-input\":{\"@type\":\"PropertyValueSpecification\",\"valueRequired\":true,\"valueName\":\"search_term_string\"}}],\"inLanguage\":\"pt-PT\"}]}<\/script>\n<!-- \/ Yoast SEO plugin. -->","yoast_head_json":{"title":"SATISFYER - AIR PUMP VIBRATOR 3 PONTO G INFL\u00c1VEL MENTA - Lovme","robots":{"index":"index","follow":"follow","max-snippet":"max-snippet:-1","max-image-preview":"max-image-preview:large","max-video-preview":"max-video-preview:-1"},"canonical":"https:\/\/lovme.pt\/index.php\/produto\/satisfyer-air-pump-vibrator-3-ponto-g-inflavel-menta\/","og_locale":"pt_PT","og_type":"article","og_title":"SATISFYER - AIR PUMP VIBRATOR 3 PONTO G INFL\u00c1VEL MENTA - Lovme","og_description":"SATISFYER - AIR PUMP VIBRATOR 3 PONTO G INFL\u00c1VEL MENTA","og_url":"https:\/\/lovme.pt\/index.php\/produto\/satisfyer-air-pump-vibrator-3-ponto-g-inflavel-menta\/","og_site_name":"Lovme","article_modified_time":"2026-02-19T20:09:04+00:00","og_image":[{"width":800,"height":800,"url":"https:\/\/erki24nd3ub.exactdn.com\/wp-content\/uploads\/dream\/img\/img_183904_03a53bed60ffbb665ce9674094b939b6_1.jpg?strip=all","type":"image\/jpeg"}],"twitter_card":"summary_large_image","twitter_misc":{"Tempo estimado de leitura":"1 minuto"},"schema":{"@context":"https:\/\/schema.org","@graph":[{"@type":"WebPage","@id":"https:\/\/lovme.pt\/index.php\/produto\/satisfyer-air-pump-vibrator-3-ponto-g-inflavel-menta\/","url":"https:\/\/lovme.pt\/index.php\/produto\/satisfyer-air-pump-vibrator-3-ponto-g-inflavel-menta\/","name":"SATISFYER - AIR PUMP VIBRATOR 3 PONTO G INFL\u00c1VEL MENTA - Lovme","isPartOf":{"@id":"https:\/\/lovme.pt\/#website"},"primaryImageOfPage":{"@id":"https:\/\/lovme.pt\/index.php\/produto\/satisfyer-air-pump-vibrator-3-ponto-g-inflavel-menta\/#primaryimage"},"image":{"@id":"https:\/\/lovme.pt\/index.php\/produto\/satisfyer-air-pump-vibrator-3-ponto-g-inflavel-menta\/#primaryimage"},"thumbnailUrl":"https:\/\/erki24nd3ub.exactdn.com\/wp-content\/uploads\/dream\/img\/img_183904_03a53bed60ffbb665ce9674094b939b6_1.jpg?strip=all","datePublished":"2025-09-30T22:02:28+00:00","dateModified":"2026-02-19T20:09:04+00:00","breadcrumb":{"@id":"https:\/\/lovme.pt\/index.php\/produto\/satisfyer-air-pump-vibrator-3-ponto-g-inflavel-menta\/#breadcrumb"},"inLanguage":"pt-PT","potentialAction":[{"@type":"ReadAction","target":["https:\/\/lovme.pt\/index.php\/produto\/satisfyer-air-pump-vibrator-3-ponto-g-inflavel-menta\/"]}]},{"@type":"ImageObject","inLanguage":"pt-PT","@id":"https:\/\/lovme.pt\/index.php\/produto\/satisfyer-air-pump-vibrator-3-ponto-g-inflavel-menta\/#primaryimage","url":"https:\/\/erki24nd3ub.exactdn.com\/wp-content\/uploads\/dream\/img\/img_183904_03a53bed60ffbb665ce9674094b939b6_1.jpg?strip=all","contentUrl":"https:\/\/erki24nd3ub.exactdn.com\/wp-content\/uploads\/dream\/img\/img_183904_03a53bed60ffbb665ce9674094b939b6_1.jpg?strip=all","width":800,"height":800},{"@type":"BreadcrumbList","@id":"https:\/\/lovme.pt\/index.php\/produto\/satisfyer-air-pump-vibrator-3-ponto-g-inflavel-menta\/#breadcrumb","itemListElement":[{"@type":"ListItem","position":1,"name":"In\u00edcio","item":"https:\/\/lovme.pt\/"},{"@type":"ListItem","position":2,"name":"Loja","item":"https:\/\/lovme.pt\/index.php\/loja\/"},{"@type":"ListItem","position":3,"name":"SATISFYER &#8211; AIR PUMP VIBRATOR 3 PONTO G INFL\u00c1VEL MENTA"}]},{"@type":"WebSite","@id":"https:\/\/lovme.pt\/#website","url":"https:\/\/lovme.pt\/","name":"Lovme Loja Er\u00f3tica N\u00ba1 em Portugal","description":"A melhor loja er\u00f3tica de Portugal.","alternateName":"Loja Er\u00f3tica Lovme","potentialAction":[{"@type":"SearchAction","target":{"@type":"EntryPoint","urlTemplate":"https:\/\/lovme.pt\/?s={search_term_string}"},"query-input":{"@type":"PropertyValueSpecification","valueRequired":true,"valueName":"search_term_string"}}],"inLanguage":"pt-PT"}]}},"_links":{"self":[{"href":"https:\/\/lovme.pt\/index.php\/wp-json\/wp\/v2\/product\/49736","targetHints":{"allow":["GET"]}}],"collection":[{"href":"https:\/\/lovme.pt\/index.php\/wp-json\/wp\/v2\/product"}],"about":[{"href":"https:\/\/lovme.pt\/index.php\/wp-json\/wp\/v2\/types\/product"}],"wp:featuredmedia":[{"embeddable":true,"href":"https:\/\/lovme.pt\/index.php\/wp-json\/wp\/v2\/media\/73268"}],"wp:attachment":[{"href":"https:\/\/lovme.pt\/index.php\/wp-json\/wp\/v2\/media?parent=49736"}],"wp:term":[{"taxonomy":"product_brand","embeddable":true,"href":"https:\/\/lovme.pt\/index.php\/wp-json\/wp\/v2\/product_brand?post=49736"},{"taxonomy":"product_cat","embeddable":true,"href":"https:\/\/lovme.pt\/index.php\/wp-json\/wp\/v2\/product_cat?post=49736"},{"taxonomy":"product_tag","embeddable":true,"href":"https:\/\/lovme.pt\/index.php\/wp-json\/wp\/v2\/product_tag?post=49736"}],"curies":[{"name":"wp","href":"https:\/\/api.w.org\/{rel}","templated":true}]}}