{"id":49074,"date":"2025-09-30T10:14:11","date_gmt":"2025-09-30T10:14:11","guid":{"rendered":"https:\/\/lovme.pt\/?post_type=product&p=49074"},"modified":"2026-02-19T20:07:01","modified_gmt":"2026-02-19T20:07:01","slug":"romance-manga-comprida-natural","status":"publish","type":"product","link":"https:\/\/lovme.pt\/index.php\/produto\/romance-manga-comprida-natural\/","title":{"rendered":"ROMANCE &#8211; MANGA COMPRIDA NATURAL"},"content":{"rendered":"<p>Envolva o seu equipamento nesta gaiola TPE super el\u00e1stica<br \/>para uma ere\u00e7\u00e3o melhorada e sensa\u00e7\u00f5es selvagens.<br \/>sensa\u00e7\u00f5es selvagens para ambos.<\/p>\n<p>\u00a0Uma bainha para o p\u00e9nis que lhe d\u00e1 uma textura extra e um aspeto natural.<\/p>\n<p>\u00a0E a base possui um anel de bola que abra\u00e7a a base das suas bolas e manter\u00e1 o extensor no lugar e prolongar\u00e1 a ere\u00e7\u00e3o.<\/p>\n<p>\u00a0A ponta flex\u00edvel com vibra\u00e7\u00e3o pode sempre atingir o ponto certo juntamente com o seu impulso.<\/p>\n<p>\u00a0<\/p>\n<p>CARACTER\u00cdSTICAS:<\/p>\n<p>\u00a0<\/p>\n<ul>\n<li>Fun\u00e7\u00e3o: Vibra\u00e7\u00e3o<\/li>\n<li>Carregamento: 3 pilhas LR41\u00a0<\/li>\n<li>Material: ABS silicone TPE<\/li>\n<li>Cor: Natural<\/li>\n<\/ul>\n<p>\u00a0<\/p>\n<p><strong>ROMANCE<\/strong> \u00e9 uma marca estilosa que oferece uma ampla gama de produtos dedicados exclusivamente a todos os aspectos da sa\u00fade \u00edntima feminina. A variedade consiste em v\u00e1rios produtos, incluindo vibradores de dedo, produtos de estimula\u00e7\u00e3o do clit\u00f3ris, ovos vibrat\u00f3rios e muitos outros produtos de inspira\u00e7\u00e3o discretos, mas poderosos.<br \/>Os brinquedos sexuais <strong>ROMANCE<\/strong> s\u00e3o feitos de silicone muito fino, dando ao seu amante um presente de amor, designs modernos e vanguardistas e express\u00f5es de amor. Os dedos devem ser sempre usados para acariciar e provocar pontos sens\u00edveis do nosso corpo. E os produtos <strong>ROMANCE<\/strong> ser\u00e3o a escolha perfeita para adicionar emo\u00e7\u00e3o aos seus momentos \u00edntimos. Que estes produtos de apelo sexual acompanhem os seus momentos de felicidade sexual!<\/p>\n","protected":false},"excerpt":{"rendered":"<p>ROMANCE &#8211; MANGA COMPRIDA NATURAL<\/p>\n","protected":false},"featured_media":64502,"template":"","meta":{"_acf_changed":false},"product_brand":[],"product_cat":[17,60],"product_tag":[],"class_list":{"0":"post-49074","1":"product","2":"type-product","3":"status-publish","4":"has-post-thumbnail","6":"product_cat-brinquedos-de-bem-estar-sexual","7":"product_cat-para-eles","8":"yith_product_brand-romance","10":"first","11":"instock","12":"taxable","13":"shipping-taxable","14":"purchasable","15":"product-type-simple"},"acf":[],"yoast_head":"<!-- This site is optimized with the Yoast SEO plugin v27.4 - https:\/\/yoast.com\/product\/yoast-seo-wordpress\/ -->\n<title>ROMANCE - MANGA COMPRIDA NATURAL - Lovme<\/title>\n<meta name=\"robots\" content=\"index, follow, max-snippet:-1, max-image-preview:large, max-video-preview:-1\" \/>\n<link rel=\"canonical\" href=\"https:\/\/lovme.pt\/index.php\/produto\/romance-manga-comprida-natural\/\" \/>\n<meta property=\"og:locale\" content=\"pt_PT\" \/>\n<meta property=\"og:type\" content=\"article\" \/>\n<meta property=\"og:title\" content=\"ROMANCE - MANGA COMPRIDA NATURAL - Lovme\" \/>\n<meta property=\"og:description\" content=\"ROMANCE - MANGA COMPRIDA NATURAL\" \/>\n<meta property=\"og:url\" content=\"https:\/\/lovme.pt\/index.php\/produto\/romance-manga-comprida-natural\/\" \/>\n<meta property=\"og:site_name\" content=\"Lovme\" \/>\n<meta property=\"article:modified_time\" content=\"2026-02-19T20:07:01+00:00\" \/>\n<meta property=\"og:image\" content=\"https:\/\/erki24nd3ub.exactdn.com\/wp-content\/uploads\/dream\/img\/img_182598_1028dc2377597361665173a0a99f41ef_1.jpg?strip=all\" \/>\n\t<meta property=\"og:image:width\" content=\"800\" \/>\n\t<meta property=\"og:image:height\" content=\"800\" \/>\n\t<meta property=\"og:image:type\" content=\"image\/jpeg\" \/>\n<meta name=\"twitter:card\" content=\"summary_large_image\" \/>\n<meta name=\"twitter:label1\" content=\"Tempo estimado de leitura\" \/>\n\t<meta name=\"twitter:data1\" content=\"1 minuto\" \/>\n<script type=\"application\/ld+json\" class=\"yoast-schema-graph\">{\"@context\":\"https:\\\/\\\/schema.org\",\"@graph\":[{\"@type\":\"WebPage\",\"@id\":\"https:\\\/\\\/lovme.pt\\\/index.php\\\/produto\\\/romance-manga-comprida-natural\\\/\",\"url\":\"https:\\\/\\\/lovme.pt\\\/index.php\\\/produto\\\/romance-manga-comprida-natural\\\/\",\"name\":\"ROMANCE - MANGA COMPRIDA NATURAL - Lovme\",\"isPartOf\":{\"@id\":\"https:\\\/\\\/lovme.pt\\\/#website\"},\"primaryImageOfPage\":{\"@id\":\"https:\\\/\\\/lovme.pt\\\/index.php\\\/produto\\\/romance-manga-comprida-natural\\\/#primaryimage\"},\"image\":{\"@id\":\"https:\\\/\\\/lovme.pt\\\/index.php\\\/produto\\\/romance-manga-comprida-natural\\\/#primaryimage\"},\"thumbnailUrl\":\"https:\\\/\\\/erki24nd3ub.exactdn.com\\\/wp-content\\\/uploads\\\/dream\\\/img\\\/img_182598_1028dc2377597361665173a0a99f41ef_1.jpg?strip=all\",\"datePublished\":\"2025-09-30T10:14:11+00:00\",\"dateModified\":\"2026-02-19T20:07:01+00:00\",\"breadcrumb\":{\"@id\":\"https:\\\/\\\/lovme.pt\\\/index.php\\\/produto\\\/romance-manga-comprida-natural\\\/#breadcrumb\"},\"inLanguage\":\"pt-PT\",\"potentialAction\":[{\"@type\":\"ReadAction\",\"target\":[\"https:\\\/\\\/lovme.pt\\\/index.php\\\/produto\\\/romance-manga-comprida-natural\\\/\"]}]},{\"@type\":\"ImageObject\",\"inLanguage\":\"pt-PT\",\"@id\":\"https:\\\/\\\/lovme.pt\\\/index.php\\\/produto\\\/romance-manga-comprida-natural\\\/#primaryimage\",\"url\":\"https:\\\/\\\/erki24nd3ub.exactdn.com\\\/wp-content\\\/uploads\\\/dream\\\/img\\\/img_182598_1028dc2377597361665173a0a99f41ef_1.jpg?strip=all\",\"contentUrl\":\"https:\\\/\\\/erki24nd3ub.exactdn.com\\\/wp-content\\\/uploads\\\/dream\\\/img\\\/img_182598_1028dc2377597361665173a0a99f41ef_1.jpg?strip=all\",\"width\":800,\"height\":800},{\"@type\":\"BreadcrumbList\",\"@id\":\"https:\\\/\\\/lovme.pt\\\/index.php\\\/produto\\\/romance-manga-comprida-natural\\\/#breadcrumb\",\"itemListElement\":[{\"@type\":\"ListItem\",\"position\":1,\"name\":\"In\u00edcio\",\"item\":\"https:\\\/\\\/lovme.pt\\\/\"},{\"@type\":\"ListItem\",\"position\":2,\"name\":\"Loja\",\"item\":\"https:\\\/\\\/lovme.pt\\\/index.php\\\/loja\\\/\"},{\"@type\":\"ListItem\",\"position\":3,\"name\":\"ROMANCE &#8211; MANGA COMPRIDA NATURAL\"}]},{\"@type\":\"WebSite\",\"@id\":\"https:\\\/\\\/lovme.pt\\\/#website\",\"url\":\"https:\\\/\\\/lovme.pt\\\/\",\"name\":\"Lovme Loja Er\u00f3tica N\u00ba1 em Portugal\",\"description\":\"A melhor loja er\u00f3tica de Portugal.\",\"alternateName\":\"Loja Er\u00f3tica Lovme\",\"potentialAction\":[{\"@type\":\"SearchAction\",\"target\":{\"@type\":\"EntryPoint\",\"urlTemplate\":\"https:\\\/\\\/lovme.pt\\\/?s={search_term_string}\"},\"query-input\":{\"@type\":\"PropertyValueSpecification\",\"valueRequired\":true,\"valueName\":\"search_term_string\"}}],\"inLanguage\":\"pt-PT\"}]}<\/script>\n<!-- \/ Yoast SEO plugin. -->","yoast_head_json":{"title":"ROMANCE - MANGA COMPRIDA NATURAL - Lovme","robots":{"index":"index","follow":"follow","max-snippet":"max-snippet:-1","max-image-preview":"max-image-preview:large","max-video-preview":"max-video-preview:-1"},"canonical":"https:\/\/lovme.pt\/index.php\/produto\/romance-manga-comprida-natural\/","og_locale":"pt_PT","og_type":"article","og_title":"ROMANCE - MANGA COMPRIDA NATURAL - Lovme","og_description":"ROMANCE - MANGA COMPRIDA NATURAL","og_url":"https:\/\/lovme.pt\/index.php\/produto\/romance-manga-comprida-natural\/","og_site_name":"Lovme","article_modified_time":"2026-02-19T20:07:01+00:00","og_image":[{"width":800,"height":800,"url":"https:\/\/erki24nd3ub.exactdn.com\/wp-content\/uploads\/dream\/img\/img_182598_1028dc2377597361665173a0a99f41ef_1.jpg?strip=all","type":"image\/jpeg"}],"twitter_card":"summary_large_image","twitter_misc":{"Tempo estimado de leitura":"1 minuto"},"schema":{"@context":"https:\/\/schema.org","@graph":[{"@type":"WebPage","@id":"https:\/\/lovme.pt\/index.php\/produto\/romance-manga-comprida-natural\/","url":"https:\/\/lovme.pt\/index.php\/produto\/romance-manga-comprida-natural\/","name":"ROMANCE - MANGA COMPRIDA NATURAL - Lovme","isPartOf":{"@id":"https:\/\/lovme.pt\/#website"},"primaryImageOfPage":{"@id":"https:\/\/lovme.pt\/index.php\/produto\/romance-manga-comprida-natural\/#primaryimage"},"image":{"@id":"https:\/\/lovme.pt\/index.php\/produto\/romance-manga-comprida-natural\/#primaryimage"},"thumbnailUrl":"https:\/\/erki24nd3ub.exactdn.com\/wp-content\/uploads\/dream\/img\/img_182598_1028dc2377597361665173a0a99f41ef_1.jpg?strip=all","datePublished":"2025-09-30T10:14:11+00:00","dateModified":"2026-02-19T20:07:01+00:00","breadcrumb":{"@id":"https:\/\/lovme.pt\/index.php\/produto\/romance-manga-comprida-natural\/#breadcrumb"},"inLanguage":"pt-PT","potentialAction":[{"@type":"ReadAction","target":["https:\/\/lovme.pt\/index.php\/produto\/romance-manga-comprida-natural\/"]}]},{"@type":"ImageObject","inLanguage":"pt-PT","@id":"https:\/\/lovme.pt\/index.php\/produto\/romance-manga-comprida-natural\/#primaryimage","url":"https:\/\/erki24nd3ub.exactdn.com\/wp-content\/uploads\/dream\/img\/img_182598_1028dc2377597361665173a0a99f41ef_1.jpg?strip=all","contentUrl":"https:\/\/erki24nd3ub.exactdn.com\/wp-content\/uploads\/dream\/img\/img_182598_1028dc2377597361665173a0a99f41ef_1.jpg?strip=all","width":800,"height":800},{"@type":"BreadcrumbList","@id":"https:\/\/lovme.pt\/index.php\/produto\/romance-manga-comprida-natural\/#breadcrumb","itemListElement":[{"@type":"ListItem","position":1,"name":"In\u00edcio","item":"https:\/\/lovme.pt\/"},{"@type":"ListItem","position":2,"name":"Loja","item":"https:\/\/lovme.pt\/index.php\/loja\/"},{"@type":"ListItem","position":3,"name":"ROMANCE &#8211; MANGA COMPRIDA NATURAL"}]},{"@type":"WebSite","@id":"https:\/\/lovme.pt\/#website","url":"https:\/\/lovme.pt\/","name":"Lovme Loja Er\u00f3tica N\u00ba1 em Portugal","description":"A melhor loja er\u00f3tica de Portugal.","alternateName":"Loja Er\u00f3tica Lovme","potentialAction":[{"@type":"SearchAction","target":{"@type":"EntryPoint","urlTemplate":"https:\/\/lovme.pt\/?s={search_term_string}"},"query-input":{"@type":"PropertyValueSpecification","valueRequired":true,"valueName":"search_term_string"}}],"inLanguage":"pt-PT"}]}},"_links":{"self":[{"href":"https:\/\/lovme.pt\/index.php\/wp-json\/wp\/v2\/product\/49074","targetHints":{"allow":["GET"]}}],"collection":[{"href":"https:\/\/lovme.pt\/index.php\/wp-json\/wp\/v2\/product"}],"about":[{"href":"https:\/\/lovme.pt\/index.php\/wp-json\/wp\/v2\/types\/product"}],"wp:featuredmedia":[{"embeddable":true,"href":"https:\/\/lovme.pt\/index.php\/wp-json\/wp\/v2\/media\/64502"}],"wp:attachment":[{"href":"https:\/\/lovme.pt\/index.php\/wp-json\/wp\/v2\/media?parent=49074"}],"wp:term":[{"taxonomy":"product_brand","embeddable":true,"href":"https:\/\/lovme.pt\/index.php\/wp-json\/wp\/v2\/product_brand?post=49074"},{"taxonomy":"product_cat","embeddable":true,"href":"https:\/\/lovme.pt\/index.php\/wp-json\/wp\/v2\/product_cat?post=49074"},{"taxonomy":"product_tag","embeddable":true,"href":"https:\/\/lovme.pt\/index.php\/wp-json\/wp\/v2\/product_tag?post=49074"}],"curies":[{"name":"wp","href":"https:\/\/api.w.org\/{rel}","templated":true}]}}