{"id":49065,"date":"2025-09-30T10:05:09","date_gmt":"2025-09-30T10:05:09","guid":{"rendered":"https:\/\/lovme.pt\/?post_type=product&p=49065"},"modified":"2026-02-19T20:06:30","modified_gmt":"2026-02-19T20:06:30","slug":"pretty-love-liam-vibrador-rabbit-e-estimulador-do-ponto-g-roxo","status":"publish","type":"product","link":"https:\/\/lovme.pt\/index.php\/produto\/pretty-love-liam-vibrador-rabbit-e-estimulador-do-ponto-g-roxo\/","title":{"rendered":"PRETTY LOVE &#8211; LIAM VIBRADOR RABBIT E ESTIMULADOR DO PONTO G ROXO"},"content":{"rendered":"<p>Este massajador com um design elegante ir\u00e1 satisfazer os seus desejos mais profundos e tornar realidade todas as suas fantasias de coelhinha.<\/p>\n<p>\u00a0Este rabbit tem motores duplos para que possa controlar onde prefere mais prazer e ter movimentos diferentes ao mesmo tempo.<\/p>\n<p>\u00a0Concebido para despertar as suas fantasias e satisfazer a sua mente, corpo e alma, este bonito coelho roxo \u00e9 perfeito para brincar a solo.<\/p>\n<p>\u00a0Porque n\u00e3o lev\u00e1-lo para a sua vida amorosa e apresentar ao seu parceiro a divers\u00e3o no quarto com brinquedos sexuais? N\u00e3o vai querer voltar atr\u00e1s.\u00a0<\/p>\n<p>Com 12 vibra\u00e7\u00f5es no estimulador do cl\u00edtoris e no eixo, esperam-no horas de orgasmos explosivos.<\/p>\n<p>\u00a0Aumente gradualmente a intensidade e alcance as defini\u00e7\u00f5es mais potentes para uma noite de \u00eaxtase prazeroso.<\/p>\n<p>\u00a0Para ainda mais divers\u00e3o, h\u00e1 ainda mais formas de jogar gra\u00e7as \u00e0 aplica\u00e7\u00e3o gratuita Prettylove. A aplica\u00e7\u00e3o desbloqueia funcionalidades excitantes do brinquedo atrav\u00e9s do seu telem\u00f3vel.<\/p>\n<p><strong><u>CARACTER\u00cdSTICAS<\/u><\/strong>:<\/p>\n<ul>\n<li>Fun\u00e7\u00e3o: 12 fun\u00e7\u00f5es de vibra\u00e7\u00e3o<\/li>\n<li>Aplica\u00e7\u00e3o m\u00f3vel de controlo remoto<\/li>\n<li>Alimenta\u00e7\u00e3o: recarreg\u00e1vel por USB<\/li>\n<li>Material: silicone ABS<\/li>\n<li>Cor: Roxo<\/li>\n<li>Tamanho da embalagem (mm): 225*97*57<\/li>\n<\/ul>\n<p>A Pretty Love fabrica produtos de alta qualidade. T\u00eam 1 ano de garantia contra defeitos t\u00e9cnicos.<\/p>\n","protected":false},"excerpt":{"rendered":"<p>PRETTY LOVE &#8211; LIAM VIBRADOR RABBIT E ESTIMULADOR DO PONTO G ROXO<\/p>\n","protected":false},"featured_media":62152,"template":"","meta":{"_acf_changed":false},"product_brand":[],"product_cat":[17,76],"product_tag":[],"class_list":{"0":"post-49065","1":"product","2":"type-product","3":"status-publish","4":"has-post-thumbnail","6":"product_cat-brinquedos-de-bem-estar-sexual","7":"product_cat-vibradores","8":"yith_product_brand-pretty-love","9":"yith_product_brand-pretty-lovepretty-love-flirtation","11":"first","12":"instock","13":"taxable","14":"shipping-taxable","15":"purchasable","16":"product-type-simple"},"acf":[],"yoast_head":"<!-- This site is optimized with the Yoast SEO plugin v27.4 - https:\/\/yoast.com\/product\/yoast-seo-wordpress\/ -->\n<title>PRETTY LOVE - LIAM VIBRADOR RABBIT E ESTIMULADOR DO PONTO G ROXO - Lovme<\/title>\n<meta name=\"robots\" content=\"index, follow, max-snippet:-1, max-image-preview:large, max-video-preview:-1\" \/>\n<link rel=\"canonical\" href=\"https:\/\/lovme.pt\/index.php\/produto\/pretty-love-liam-vibrador-rabbit-e-estimulador-do-ponto-g-roxo\/\" \/>\n<meta property=\"og:locale\" content=\"pt_PT\" \/>\n<meta property=\"og:type\" content=\"article\" \/>\n<meta property=\"og:title\" content=\"PRETTY LOVE - LIAM VIBRADOR RABBIT E ESTIMULADOR DO PONTO G ROXO - Lovme\" \/>\n<meta property=\"og:description\" content=\"PRETTY LOVE - LIAM VIBRADOR RABBIT E ESTIMULADOR DO PONTO G ROXO\" \/>\n<meta property=\"og:url\" content=\"https:\/\/lovme.pt\/index.php\/produto\/pretty-love-liam-vibrador-rabbit-e-estimulador-do-ponto-g-roxo\/\" \/>\n<meta property=\"og:site_name\" content=\"Lovme\" \/>\n<meta property=\"article:modified_time\" content=\"2026-02-19T20:06:30+00:00\" \/>\n<meta property=\"og:image\" content=\"https:\/\/erki24nd3ub.exactdn.com\/wp-content\/uploads\/dream\/img\/img_182332_edf13b8b1664417680123976233b1aeb_1.jpg?strip=all\" \/>\n\t<meta property=\"og:image:width\" content=\"800\" \/>\n\t<meta property=\"og:image:height\" content=\"800\" \/>\n\t<meta property=\"og:image:type\" content=\"image\/jpeg\" \/>\n<meta name=\"twitter:card\" content=\"summary_large_image\" \/>\n<meta name=\"twitter:label1\" content=\"Tempo estimado de leitura\" \/>\n\t<meta name=\"twitter:data1\" content=\"1 minuto\" \/>\n<script type=\"application\/ld+json\" class=\"yoast-schema-graph\">{\"@context\":\"https:\\\/\\\/schema.org\",\"@graph\":[{\"@type\":\"WebPage\",\"@id\":\"https:\\\/\\\/lovme.pt\\\/index.php\\\/produto\\\/pretty-love-liam-vibrador-rabbit-e-estimulador-do-ponto-g-roxo\\\/\",\"url\":\"https:\\\/\\\/lovme.pt\\\/index.php\\\/produto\\\/pretty-love-liam-vibrador-rabbit-e-estimulador-do-ponto-g-roxo\\\/\",\"name\":\"PRETTY LOVE - LIAM VIBRADOR RABBIT E ESTIMULADOR DO PONTO G ROXO - Lovme\",\"isPartOf\":{\"@id\":\"https:\\\/\\\/lovme.pt\\\/#website\"},\"primaryImageOfPage\":{\"@id\":\"https:\\\/\\\/lovme.pt\\\/index.php\\\/produto\\\/pretty-love-liam-vibrador-rabbit-e-estimulador-do-ponto-g-roxo\\\/#primaryimage\"},\"image\":{\"@id\":\"https:\\\/\\\/lovme.pt\\\/index.php\\\/produto\\\/pretty-love-liam-vibrador-rabbit-e-estimulador-do-ponto-g-roxo\\\/#primaryimage\"},\"thumbnailUrl\":\"https:\\\/\\\/erki24nd3ub.exactdn.com\\\/wp-content\\\/uploads\\\/dream\\\/img\\\/img_182332_edf13b8b1664417680123976233b1aeb_1.jpg?strip=all\",\"datePublished\":\"2025-09-30T10:05:09+00:00\",\"dateModified\":\"2026-02-19T20:06:30+00:00\",\"breadcrumb\":{\"@id\":\"https:\\\/\\\/lovme.pt\\\/index.php\\\/produto\\\/pretty-love-liam-vibrador-rabbit-e-estimulador-do-ponto-g-roxo\\\/#breadcrumb\"},\"inLanguage\":\"pt-PT\",\"potentialAction\":[{\"@type\":\"ReadAction\",\"target\":[\"https:\\\/\\\/lovme.pt\\\/index.php\\\/produto\\\/pretty-love-liam-vibrador-rabbit-e-estimulador-do-ponto-g-roxo\\\/\"]}]},{\"@type\":\"ImageObject\",\"inLanguage\":\"pt-PT\",\"@id\":\"https:\\\/\\\/lovme.pt\\\/index.php\\\/produto\\\/pretty-love-liam-vibrador-rabbit-e-estimulador-do-ponto-g-roxo\\\/#primaryimage\",\"url\":\"https:\\\/\\\/erki24nd3ub.exactdn.com\\\/wp-content\\\/uploads\\\/dream\\\/img\\\/img_182332_edf13b8b1664417680123976233b1aeb_1.jpg?strip=all\",\"contentUrl\":\"https:\\\/\\\/erki24nd3ub.exactdn.com\\\/wp-content\\\/uploads\\\/dream\\\/img\\\/img_182332_edf13b8b1664417680123976233b1aeb_1.jpg?strip=all\",\"width\":800,\"height\":800},{\"@type\":\"BreadcrumbList\",\"@id\":\"https:\\\/\\\/lovme.pt\\\/index.php\\\/produto\\\/pretty-love-liam-vibrador-rabbit-e-estimulador-do-ponto-g-roxo\\\/#breadcrumb\",\"itemListElement\":[{\"@type\":\"ListItem\",\"position\":1,\"name\":\"In\u00edcio\",\"item\":\"https:\\\/\\\/lovme.pt\\\/\"},{\"@type\":\"ListItem\",\"position\":2,\"name\":\"Loja\",\"item\":\"https:\\\/\\\/lovme.pt\\\/index.php\\\/loja\\\/\"},{\"@type\":\"ListItem\",\"position\":3,\"name\":\"PRETTY LOVE &#8211; LIAM VIBRADOR RABBIT E ESTIMULADOR DO PONTO G ROXO\"}]},{\"@type\":\"WebSite\",\"@id\":\"https:\\\/\\\/lovme.pt\\\/#website\",\"url\":\"https:\\\/\\\/lovme.pt\\\/\",\"name\":\"Lovme Loja Er\u00f3tica N\u00ba1 em Portugal\",\"description\":\"A melhor loja er\u00f3tica de Portugal.\",\"alternateName\":\"Loja Er\u00f3tica Lovme\",\"potentialAction\":[{\"@type\":\"SearchAction\",\"target\":{\"@type\":\"EntryPoint\",\"urlTemplate\":\"https:\\\/\\\/lovme.pt\\\/?s={search_term_string}\"},\"query-input\":{\"@type\":\"PropertyValueSpecification\",\"valueRequired\":true,\"valueName\":\"search_term_string\"}}],\"inLanguage\":\"pt-PT\"}]}<\/script>\n<!-- \/ Yoast SEO plugin. -->","yoast_head_json":{"title":"PRETTY LOVE - LIAM VIBRADOR RABBIT E ESTIMULADOR DO PONTO G ROXO - Lovme","robots":{"index":"index","follow":"follow","max-snippet":"max-snippet:-1","max-image-preview":"max-image-preview:large","max-video-preview":"max-video-preview:-1"},"canonical":"https:\/\/lovme.pt\/index.php\/produto\/pretty-love-liam-vibrador-rabbit-e-estimulador-do-ponto-g-roxo\/","og_locale":"pt_PT","og_type":"article","og_title":"PRETTY LOVE - LIAM VIBRADOR RABBIT E ESTIMULADOR DO PONTO G ROXO - Lovme","og_description":"PRETTY LOVE - LIAM VIBRADOR RABBIT E ESTIMULADOR DO PONTO G ROXO","og_url":"https:\/\/lovme.pt\/index.php\/produto\/pretty-love-liam-vibrador-rabbit-e-estimulador-do-ponto-g-roxo\/","og_site_name":"Lovme","article_modified_time":"2026-02-19T20:06:30+00:00","og_image":[{"width":800,"height":800,"url":"https:\/\/erki24nd3ub.exactdn.com\/wp-content\/uploads\/dream\/img\/img_182332_edf13b8b1664417680123976233b1aeb_1.jpg?strip=all","type":"image\/jpeg"}],"twitter_card":"summary_large_image","twitter_misc":{"Tempo estimado de leitura":"1 minuto"},"schema":{"@context":"https:\/\/schema.org","@graph":[{"@type":"WebPage","@id":"https:\/\/lovme.pt\/index.php\/produto\/pretty-love-liam-vibrador-rabbit-e-estimulador-do-ponto-g-roxo\/","url":"https:\/\/lovme.pt\/index.php\/produto\/pretty-love-liam-vibrador-rabbit-e-estimulador-do-ponto-g-roxo\/","name":"PRETTY LOVE - LIAM VIBRADOR RABBIT E ESTIMULADOR DO PONTO G ROXO - Lovme","isPartOf":{"@id":"https:\/\/lovme.pt\/#website"},"primaryImageOfPage":{"@id":"https:\/\/lovme.pt\/index.php\/produto\/pretty-love-liam-vibrador-rabbit-e-estimulador-do-ponto-g-roxo\/#primaryimage"},"image":{"@id":"https:\/\/lovme.pt\/index.php\/produto\/pretty-love-liam-vibrador-rabbit-e-estimulador-do-ponto-g-roxo\/#primaryimage"},"thumbnailUrl":"https:\/\/erki24nd3ub.exactdn.com\/wp-content\/uploads\/dream\/img\/img_182332_edf13b8b1664417680123976233b1aeb_1.jpg?strip=all","datePublished":"2025-09-30T10:05:09+00:00","dateModified":"2026-02-19T20:06:30+00:00","breadcrumb":{"@id":"https:\/\/lovme.pt\/index.php\/produto\/pretty-love-liam-vibrador-rabbit-e-estimulador-do-ponto-g-roxo\/#breadcrumb"},"inLanguage":"pt-PT","potentialAction":[{"@type":"ReadAction","target":["https:\/\/lovme.pt\/index.php\/produto\/pretty-love-liam-vibrador-rabbit-e-estimulador-do-ponto-g-roxo\/"]}]},{"@type":"ImageObject","inLanguage":"pt-PT","@id":"https:\/\/lovme.pt\/index.php\/produto\/pretty-love-liam-vibrador-rabbit-e-estimulador-do-ponto-g-roxo\/#primaryimage","url":"https:\/\/erki24nd3ub.exactdn.com\/wp-content\/uploads\/dream\/img\/img_182332_edf13b8b1664417680123976233b1aeb_1.jpg?strip=all","contentUrl":"https:\/\/erki24nd3ub.exactdn.com\/wp-content\/uploads\/dream\/img\/img_182332_edf13b8b1664417680123976233b1aeb_1.jpg?strip=all","width":800,"height":800},{"@type":"BreadcrumbList","@id":"https:\/\/lovme.pt\/index.php\/produto\/pretty-love-liam-vibrador-rabbit-e-estimulador-do-ponto-g-roxo\/#breadcrumb","itemListElement":[{"@type":"ListItem","position":1,"name":"In\u00edcio","item":"https:\/\/lovme.pt\/"},{"@type":"ListItem","position":2,"name":"Loja","item":"https:\/\/lovme.pt\/index.php\/loja\/"},{"@type":"ListItem","position":3,"name":"PRETTY LOVE &#8211; LIAM VIBRADOR RABBIT E ESTIMULADOR DO PONTO G ROXO"}]},{"@type":"WebSite","@id":"https:\/\/lovme.pt\/#website","url":"https:\/\/lovme.pt\/","name":"Lovme Loja Er\u00f3tica N\u00ba1 em Portugal","description":"A melhor loja er\u00f3tica de Portugal.","alternateName":"Loja Er\u00f3tica Lovme","potentialAction":[{"@type":"SearchAction","target":{"@type":"EntryPoint","urlTemplate":"https:\/\/lovme.pt\/?s={search_term_string}"},"query-input":{"@type":"PropertyValueSpecification","valueRequired":true,"valueName":"search_term_string"}}],"inLanguage":"pt-PT"}]}},"_links":{"self":[{"href":"https:\/\/lovme.pt\/index.php\/wp-json\/wp\/v2\/product\/49065","targetHints":{"allow":["GET"]}}],"collection":[{"href":"https:\/\/lovme.pt\/index.php\/wp-json\/wp\/v2\/product"}],"about":[{"href":"https:\/\/lovme.pt\/index.php\/wp-json\/wp\/v2\/types\/product"}],"wp:featuredmedia":[{"embeddable":true,"href":"https:\/\/lovme.pt\/index.php\/wp-json\/wp\/v2\/media\/62152"}],"wp:attachment":[{"href":"https:\/\/lovme.pt\/index.php\/wp-json\/wp\/v2\/media?parent=49065"}],"wp:term":[{"taxonomy":"product_brand","embeddable":true,"href":"https:\/\/lovme.pt\/index.php\/wp-json\/wp\/v2\/product_brand?post=49065"},{"taxonomy":"product_cat","embeddable":true,"href":"https:\/\/lovme.pt\/index.php\/wp-json\/wp\/v2\/product_cat?post=49065"},{"taxonomy":"product_tag","embeddable":true,"href":"https:\/\/lovme.pt\/index.php\/wp-json\/wp\/v2\/product_tag?post=49065"}],"curies":[{"name":"wp","href":"https:\/\/api.w.org\/{rel}","templated":true}]}}