{"id":49042,"date":"2025-09-30T22:02:05","date_gmt":"2025-09-30T22:02:05","guid":{"rendered":"https:\/\/lovme.pt\/?post_type=product&p=49042"},"modified":"2026-02-19T20:09:03","modified_gmt":"2026-02-19T20:09:03","slug":"satisfyer-love-birds-vary-bolas-vibratorias-aplicativo-gratuito-vinho-tinto","status":"publish","type":"product","link":"https:\/\/lovme.pt\/index.php\/produto\/satisfyer-love-birds-vary-bolas-vibratorias-aplicativo-gratuito-vinho-tinto\/","title":{"rendered":"SATISFYER &#8211; LOVE BIRDS VARY BOLAS VIBRAT\u00d3RIAS APLICATIVO GRATUITO VINHO TINTO"},"content":{"rendered":"<p>Descubra a alegria de uma companhia bem coordenada com o Satisfyer <strong>Love Birds Vary<\/strong> . Esta equipe de tr\u00eas bolas do amor foi projetada para fortalecer o assoalho p\u00e9lvico e elevar seus orgasmos a novos patamares. Com pesos de 29g, 35g e 43g, este conjunto permite uma melhoria gradual e eficaz da sua for\u00e7a \u00edntima.<\/p>\n<p>Os <strong>Love Birds Vary<\/strong> possuem 12 programas predefinidos de vibra\u00e7\u00f5es poderosas, tornando-os perfeitos para quem j\u00e1 adquiriu experi\u00eancia com bolas do amor. Melhor ainda, com compatibilidade com o aplicativo gratuito Satisfyer Connect, voc\u00ea pode controlar facilmente as vibra\u00e7\u00f5es atrav\u00e9s do seu smartphone e acessar uma variedade de recursos, como designer de vibra\u00e7\u00e3o e vibra\u00e7\u00f5es musicais. .<\/p>\n<p>Projetadas com um formato ergon\u00f4mico de silicone e al\u00e7a de remo\u00e7\u00e3o, essas bolas s\u00e3o inseridas facilmente e simplificam o uso. Com apenas 10 minutos de treino di\u00e1rio, voc\u00ea pode integrar Love Birds Vary em sua rotina di\u00e1ria e desfrutar das poderosas vibra\u00e7\u00f5es que eles oferecem. Estas pequenas joias podem ser convenientemente controladas atrav\u00e9s do bot\u00e3o One Touch, do controle remoto inclu\u00eddo ou com o aplicativo gratuito Satisfyer Connect. Delicie os seus sentidos e fortale\u00e7a o seu pavimento p\u00e9lvico com Satisfyer <strong>Love Birds Vary.<\/strong><\/p>\n","protected":false},"excerpt":{"rendered":"<p>SATISFYER &#8211; LOVE BIRDS VARY BOLAS VIBRAT\u00d3RIAS APLICATIVO GRATUITO VINHO TINTO<\/p>\n","protected":false},"featured_media":73191,"template":"","meta":{"_acf_changed":false},"product_brand":[],"product_cat":[54,17,61],"product_tag":[],"class_list":{"0":"post-49042","1":"product","2":"type-product","3":"status-publish","4":"has-post-thumbnail","6":"product_cat-bolas-chinesas","7":"product_cat-brinquedos-de-bem-estar-sexual","8":"product_cat-para-elas","9":"yith_product_brand-satisfyer","10":"yith_product_brand-satisfyer-satisfyer-vibrator","12":"first","13":"instock","14":"taxable","15":"shipping-taxable","16":"purchasable","17":"product-type-simple"},"acf":[],"yoast_head":"<!-- This site is optimized with the Yoast SEO plugin v27.4 - https:\/\/yoast.com\/product\/yoast-seo-wordpress\/ -->\n<title>SATISFYER - LOVE BIRDS VARY BOLAS VIBRAT\u00d3RIAS APLICATIVO GRATUITO VINHO TINTO - Lovme<\/title>\n<meta name=\"robots\" content=\"index, follow, max-snippet:-1, max-image-preview:large, max-video-preview:-1\" \/>\n<link rel=\"canonical\" href=\"https:\/\/lovme.pt\/index.php\/produto\/satisfyer-love-birds-vary-bolas-vibratorias-aplicativo-gratuito-vinho-tinto\/\" \/>\n<meta property=\"og:locale\" content=\"pt_PT\" \/>\n<meta property=\"og:type\" content=\"article\" \/>\n<meta property=\"og:title\" content=\"SATISFYER - LOVE BIRDS VARY BOLAS VIBRAT\u00d3RIAS APLICATIVO GRATUITO VINHO TINTO - Lovme\" \/>\n<meta property=\"og:description\" content=\"SATISFYER - LOVE BIRDS VARY BOLAS VIBRAT\u00d3RIAS APLICATIVO GRATUITO VINHO TINTO\" \/>\n<meta property=\"og:url\" content=\"https:\/\/lovme.pt\/index.php\/produto\/satisfyer-love-birds-vary-bolas-vibratorias-aplicativo-gratuito-vinho-tinto\/\" \/>\n<meta property=\"og:site_name\" content=\"Lovme\" \/>\n<meta property=\"article:modified_time\" content=\"2026-02-19T20:09:03+00:00\" \/>\n<meta property=\"og:image\" content=\"https:\/\/erki24nd3ub.exactdn.com\/wp-content\/uploads\/dream\/img\/img_182008_8c7d186ffe0ac6ad1c86edc02bd31064_1.jpg?strip=all\" \/>\n\t<meta property=\"og:image:width\" content=\"800\" \/>\n\t<meta property=\"og:image:height\" content=\"800\" \/>\n\t<meta property=\"og:image:type\" content=\"image\/jpeg\" \/>\n<meta name=\"twitter:card\" content=\"summary_large_image\" \/>\n<meta name=\"twitter:label1\" content=\"Tempo estimado de leitura\" \/>\n\t<meta name=\"twitter:data1\" content=\"1 minuto\" \/>\n<script type=\"application\/ld+json\" class=\"yoast-schema-graph\">{\"@context\":\"https:\\\/\\\/schema.org\",\"@graph\":[{\"@type\":\"WebPage\",\"@id\":\"https:\\\/\\\/lovme.pt\\\/index.php\\\/produto\\\/satisfyer-love-birds-vary-bolas-vibratorias-aplicativo-gratuito-vinho-tinto\\\/\",\"url\":\"https:\\\/\\\/lovme.pt\\\/index.php\\\/produto\\\/satisfyer-love-birds-vary-bolas-vibratorias-aplicativo-gratuito-vinho-tinto\\\/\",\"name\":\"SATISFYER - LOVE BIRDS VARY BOLAS VIBRAT\u00d3RIAS APLICATIVO GRATUITO VINHO TINTO - Lovme\",\"isPartOf\":{\"@id\":\"https:\\\/\\\/lovme.pt\\\/#website\"},\"primaryImageOfPage\":{\"@id\":\"https:\\\/\\\/lovme.pt\\\/index.php\\\/produto\\\/satisfyer-love-birds-vary-bolas-vibratorias-aplicativo-gratuito-vinho-tinto\\\/#primaryimage\"},\"image\":{\"@id\":\"https:\\\/\\\/lovme.pt\\\/index.php\\\/produto\\\/satisfyer-love-birds-vary-bolas-vibratorias-aplicativo-gratuito-vinho-tinto\\\/#primaryimage\"},\"thumbnailUrl\":\"https:\\\/\\\/erki24nd3ub.exactdn.com\\\/wp-content\\\/uploads\\\/dream\\\/img\\\/img_182008_8c7d186ffe0ac6ad1c86edc02bd31064_1.jpg?strip=all\",\"datePublished\":\"2025-09-30T22:02:05+00:00\",\"dateModified\":\"2026-02-19T20:09:03+00:00\",\"breadcrumb\":{\"@id\":\"https:\\\/\\\/lovme.pt\\\/index.php\\\/produto\\\/satisfyer-love-birds-vary-bolas-vibratorias-aplicativo-gratuito-vinho-tinto\\\/#breadcrumb\"},\"inLanguage\":\"pt-PT\",\"potentialAction\":[{\"@type\":\"ReadAction\",\"target\":[\"https:\\\/\\\/lovme.pt\\\/index.php\\\/produto\\\/satisfyer-love-birds-vary-bolas-vibratorias-aplicativo-gratuito-vinho-tinto\\\/\"]}]},{\"@type\":\"ImageObject\",\"inLanguage\":\"pt-PT\",\"@id\":\"https:\\\/\\\/lovme.pt\\\/index.php\\\/produto\\\/satisfyer-love-birds-vary-bolas-vibratorias-aplicativo-gratuito-vinho-tinto\\\/#primaryimage\",\"url\":\"https:\\\/\\\/erki24nd3ub.exactdn.com\\\/wp-content\\\/uploads\\\/dream\\\/img\\\/img_182008_8c7d186ffe0ac6ad1c86edc02bd31064_1.jpg?strip=all\",\"contentUrl\":\"https:\\\/\\\/erki24nd3ub.exactdn.com\\\/wp-content\\\/uploads\\\/dream\\\/img\\\/img_182008_8c7d186ffe0ac6ad1c86edc02bd31064_1.jpg?strip=all\",\"width\":800,\"height\":800},{\"@type\":\"BreadcrumbList\",\"@id\":\"https:\\\/\\\/lovme.pt\\\/index.php\\\/produto\\\/satisfyer-love-birds-vary-bolas-vibratorias-aplicativo-gratuito-vinho-tinto\\\/#breadcrumb\",\"itemListElement\":[{\"@type\":\"ListItem\",\"position\":1,\"name\":\"In\u00edcio\",\"item\":\"https:\\\/\\\/lovme.pt\\\/\"},{\"@type\":\"ListItem\",\"position\":2,\"name\":\"Loja\",\"item\":\"https:\\\/\\\/lovme.pt\\\/index.php\\\/loja\\\/\"},{\"@type\":\"ListItem\",\"position\":3,\"name\":\"SATISFYER &#8211; LOVE BIRDS VARY BOLAS VIBRAT\u00d3RIAS APLICATIVO GRATUITO VINHO TINTO\"}]},{\"@type\":\"WebSite\",\"@id\":\"https:\\\/\\\/lovme.pt\\\/#website\",\"url\":\"https:\\\/\\\/lovme.pt\\\/\",\"name\":\"Lovme Loja Er\u00f3tica N\u00ba1 em Portugal\",\"description\":\"A melhor loja er\u00f3tica de Portugal.\",\"alternateName\":\"Loja Er\u00f3tica Lovme\",\"potentialAction\":[{\"@type\":\"SearchAction\",\"target\":{\"@type\":\"EntryPoint\",\"urlTemplate\":\"https:\\\/\\\/lovme.pt\\\/?s={search_term_string}\"},\"query-input\":{\"@type\":\"PropertyValueSpecification\",\"valueRequired\":true,\"valueName\":\"search_term_string\"}}],\"inLanguage\":\"pt-PT\"}]}<\/script>\n<!-- \/ Yoast SEO plugin. -->","yoast_head_json":{"title":"SATISFYER - LOVE BIRDS VARY BOLAS VIBRAT\u00d3RIAS APLICATIVO GRATUITO VINHO TINTO - Lovme","robots":{"index":"index","follow":"follow","max-snippet":"max-snippet:-1","max-image-preview":"max-image-preview:large","max-video-preview":"max-video-preview:-1"},"canonical":"https:\/\/lovme.pt\/index.php\/produto\/satisfyer-love-birds-vary-bolas-vibratorias-aplicativo-gratuito-vinho-tinto\/","og_locale":"pt_PT","og_type":"article","og_title":"SATISFYER - LOVE BIRDS VARY BOLAS VIBRAT\u00d3RIAS APLICATIVO GRATUITO VINHO TINTO - Lovme","og_description":"SATISFYER - LOVE BIRDS VARY BOLAS VIBRAT\u00d3RIAS APLICATIVO GRATUITO VINHO TINTO","og_url":"https:\/\/lovme.pt\/index.php\/produto\/satisfyer-love-birds-vary-bolas-vibratorias-aplicativo-gratuito-vinho-tinto\/","og_site_name":"Lovme","article_modified_time":"2026-02-19T20:09:03+00:00","og_image":[{"width":800,"height":800,"url":"https:\/\/erki24nd3ub.exactdn.com\/wp-content\/uploads\/dream\/img\/img_182008_8c7d186ffe0ac6ad1c86edc02bd31064_1.jpg?strip=all","type":"image\/jpeg"}],"twitter_card":"summary_large_image","twitter_misc":{"Tempo estimado de leitura":"1 minuto"},"schema":{"@context":"https:\/\/schema.org","@graph":[{"@type":"WebPage","@id":"https:\/\/lovme.pt\/index.php\/produto\/satisfyer-love-birds-vary-bolas-vibratorias-aplicativo-gratuito-vinho-tinto\/","url":"https:\/\/lovme.pt\/index.php\/produto\/satisfyer-love-birds-vary-bolas-vibratorias-aplicativo-gratuito-vinho-tinto\/","name":"SATISFYER - LOVE BIRDS VARY BOLAS VIBRAT\u00d3RIAS APLICATIVO GRATUITO VINHO TINTO - Lovme","isPartOf":{"@id":"https:\/\/lovme.pt\/#website"},"primaryImageOfPage":{"@id":"https:\/\/lovme.pt\/index.php\/produto\/satisfyer-love-birds-vary-bolas-vibratorias-aplicativo-gratuito-vinho-tinto\/#primaryimage"},"image":{"@id":"https:\/\/lovme.pt\/index.php\/produto\/satisfyer-love-birds-vary-bolas-vibratorias-aplicativo-gratuito-vinho-tinto\/#primaryimage"},"thumbnailUrl":"https:\/\/erki24nd3ub.exactdn.com\/wp-content\/uploads\/dream\/img\/img_182008_8c7d186ffe0ac6ad1c86edc02bd31064_1.jpg?strip=all","datePublished":"2025-09-30T22:02:05+00:00","dateModified":"2026-02-19T20:09:03+00:00","breadcrumb":{"@id":"https:\/\/lovme.pt\/index.php\/produto\/satisfyer-love-birds-vary-bolas-vibratorias-aplicativo-gratuito-vinho-tinto\/#breadcrumb"},"inLanguage":"pt-PT","potentialAction":[{"@type":"ReadAction","target":["https:\/\/lovme.pt\/index.php\/produto\/satisfyer-love-birds-vary-bolas-vibratorias-aplicativo-gratuito-vinho-tinto\/"]}]},{"@type":"ImageObject","inLanguage":"pt-PT","@id":"https:\/\/lovme.pt\/index.php\/produto\/satisfyer-love-birds-vary-bolas-vibratorias-aplicativo-gratuito-vinho-tinto\/#primaryimage","url":"https:\/\/erki24nd3ub.exactdn.com\/wp-content\/uploads\/dream\/img\/img_182008_8c7d186ffe0ac6ad1c86edc02bd31064_1.jpg?strip=all","contentUrl":"https:\/\/erki24nd3ub.exactdn.com\/wp-content\/uploads\/dream\/img\/img_182008_8c7d186ffe0ac6ad1c86edc02bd31064_1.jpg?strip=all","width":800,"height":800},{"@type":"BreadcrumbList","@id":"https:\/\/lovme.pt\/index.php\/produto\/satisfyer-love-birds-vary-bolas-vibratorias-aplicativo-gratuito-vinho-tinto\/#breadcrumb","itemListElement":[{"@type":"ListItem","position":1,"name":"In\u00edcio","item":"https:\/\/lovme.pt\/"},{"@type":"ListItem","position":2,"name":"Loja","item":"https:\/\/lovme.pt\/index.php\/loja\/"},{"@type":"ListItem","position":3,"name":"SATISFYER &#8211; LOVE BIRDS VARY BOLAS VIBRAT\u00d3RIAS APLICATIVO GRATUITO VINHO TINTO"}]},{"@type":"WebSite","@id":"https:\/\/lovme.pt\/#website","url":"https:\/\/lovme.pt\/","name":"Lovme Loja Er\u00f3tica N\u00ba1 em Portugal","description":"A melhor loja er\u00f3tica de Portugal.","alternateName":"Loja Er\u00f3tica Lovme","potentialAction":[{"@type":"SearchAction","target":{"@type":"EntryPoint","urlTemplate":"https:\/\/lovme.pt\/?s={search_term_string}"},"query-input":{"@type":"PropertyValueSpecification","valueRequired":true,"valueName":"search_term_string"}}],"inLanguage":"pt-PT"}]}},"_links":{"self":[{"href":"https:\/\/lovme.pt\/index.php\/wp-json\/wp\/v2\/product\/49042","targetHints":{"allow":["GET"]}}],"collection":[{"href":"https:\/\/lovme.pt\/index.php\/wp-json\/wp\/v2\/product"}],"about":[{"href":"https:\/\/lovme.pt\/index.php\/wp-json\/wp\/v2\/types\/product"}],"wp:featuredmedia":[{"embeddable":true,"href":"https:\/\/lovme.pt\/index.php\/wp-json\/wp\/v2\/media\/73191"}],"wp:attachment":[{"href":"https:\/\/lovme.pt\/index.php\/wp-json\/wp\/v2\/media?parent=49042"}],"wp:term":[{"taxonomy":"product_brand","embeddable":true,"href":"https:\/\/lovme.pt\/index.php\/wp-json\/wp\/v2\/product_brand?post=49042"},{"taxonomy":"product_cat","embeddable":true,"href":"https:\/\/lovme.pt\/index.php\/wp-json\/wp\/v2\/product_cat?post=49042"},{"taxonomy":"product_tag","embeddable":true,"href":"https:\/\/lovme.pt\/index.php\/wp-json\/wp\/v2\/product_tag?post=49042"}],"curies":[{"name":"wp","href":"https:\/\/api.w.org\/{rel}","templated":true}]}}