{"id":49038,"date":"2025-09-30T10:14:06","date_gmt":"2025-09-30T10:14:06","guid":{"rendered":"https:\/\/lovme.pt\/?post_type=product&p=49038"},"modified":"2026-02-19T20:07:01","modified_gmt":"2026-02-19T20:07:01","slug":"kiiroo-feel-pocket-masturbador-masculino","status":"publish","type":"product","link":"https:\/\/lovme.pt\/index.php\/produto\/kiiroo-feel-pocket-masturbador-masculino\/","title":{"rendered":"KIIROO &#8211; FEEL POCKET MASTURBADOR MASCULINO"},"content":{"rendered":"<p>Feel By Kiiroo Pocket \u00e9 o primeiro da nova cole\u00e7\u00e3o de nado peito de bolso da Kiiroo. Este acariciador foi projetado para caber na maioria dos tamanhos de p\u00eanis, especialmente nos mais grossos. Feito com materiais seguros para o corpo e de sensa\u00e7\u00e3o realista e repleto de costelas e protuber\u00e2ncias para uma estimula\u00e7\u00e3o poderosa e intensa.<\/p>\n<p><u><strong>O que \u00e9 Feel Pocket<\/strong><\/u> : Feel By Kiiroo Pocket \u00e9 o primeiro da nova cole\u00e7\u00e3o de pocket strokers de Kiiroo. Este acariciador foi projetado para caber na maioria dos tamanhos de p\u00eanis, especialmente nos mais grossos. Manga macia e realista feita de materiais seguros para o corpo. Projetado para fornecer estimula\u00e7\u00e3o intensa para a maioria dos tamanhos de p\u00eanis.<\/p>\n<p>\u00a0<\/p>\n<p><u><strong>CARACTER\u00cdSTICAS<\/strong><\/u> :<\/p>\n<ul>\n<li>Material: ABS, PC<\/li>\n<li>Cetim macio, parece pele real.<\/li>\n<li>Ideal para viagens<\/li>\n<li>Compat\u00edvel com PowerBlow<\/li>\n<li>Altura da ranhura de abertura: 1,9 cm \/ 0,75 polegadas<\/li>\n<li>Maior di\u00e2metro: 2,5 cm \/ 0,98 polegadas<\/li>\n<li>Di\u00e2metro mais apertado: 1,35 cm \/ 0,53 polegadas<\/li>\n<li>Comprimento total: 15 cm\/5,9 polegadas<\/li>\n<\/ul>\n","protected":false},"excerpt":{"rendered":"<p>KIIROO &#8211; FEEL POCKET MASTURBADOR MASCULINO<\/p>\n","protected":false},"featured_media":64474,"template":"","meta":{"_acf_changed":false},"product_brand":[],"product_cat":[17,58,60],"product_tag":[],"class_list":{"0":"post-49038","1":"product","2":"type-product","3":"status-publish","4":"has-post-thumbnail","6":"product_cat-brinquedos-de-bem-estar-sexual","7":"product_cat-masturbadores-para-penis","8":"product_cat-para-eles","9":"yith_product_brand-kiiroo","11":"first","12":"instock","13":"taxable","14":"shipping-taxable","15":"purchasable","16":"product-type-simple"},"acf":[],"yoast_head":"<!-- This site is optimized with the Yoast SEO plugin v27.4 - https:\/\/yoast.com\/product\/yoast-seo-wordpress\/ -->\n<title>KIIROO - FEEL POCKET MASTURBADOR MASCULINO - Lovme<\/title>\n<meta name=\"robots\" content=\"index, follow, max-snippet:-1, max-image-preview:large, max-video-preview:-1\" \/>\n<link rel=\"canonical\" href=\"https:\/\/lovme.pt\/index.php\/produto\/kiiroo-feel-pocket-masturbador-masculino\/\" \/>\n<meta property=\"og:locale\" content=\"pt_PT\" \/>\n<meta property=\"og:type\" content=\"article\" \/>\n<meta property=\"og:title\" content=\"KIIROO - FEEL POCKET MASTURBADOR MASCULINO - Lovme\" \/>\n<meta property=\"og:description\" content=\"KIIROO - FEEL POCKET MASTURBADOR MASCULINO\" \/>\n<meta property=\"og:url\" content=\"https:\/\/lovme.pt\/index.php\/produto\/kiiroo-feel-pocket-masturbador-masculino\/\" \/>\n<meta property=\"og:site_name\" content=\"Lovme\" \/>\n<meta property=\"article:modified_time\" content=\"2026-02-19T20:07:01+00:00\" \/>\n<meta property=\"og:image\" content=\"https:\/\/erki24nd3ub.exactdn.com\/wp-content\/uploads\/dream\/img\/img_181973_3a44b098a02e69ea80cdced8c5481dfa_1.jpg?strip=all\" \/>\n\t<meta property=\"og:image:width\" content=\"800\" \/>\n\t<meta property=\"og:image:height\" content=\"800\" \/>\n\t<meta property=\"og:image:type\" content=\"image\/jpeg\" \/>\n<meta name=\"twitter:card\" content=\"summary_large_image\" \/>\n<meta name=\"twitter:label1\" content=\"Tempo estimado de leitura\" \/>\n\t<meta name=\"twitter:data1\" content=\"1 minuto\" \/>\n<script type=\"application\/ld+json\" class=\"yoast-schema-graph\">{\"@context\":\"https:\\\/\\\/schema.org\",\"@graph\":[{\"@type\":\"WebPage\",\"@id\":\"https:\\\/\\\/lovme.pt\\\/index.php\\\/produto\\\/kiiroo-feel-pocket-masturbador-masculino\\\/\",\"url\":\"https:\\\/\\\/lovme.pt\\\/index.php\\\/produto\\\/kiiroo-feel-pocket-masturbador-masculino\\\/\",\"name\":\"KIIROO - FEEL POCKET MASTURBADOR MASCULINO - Lovme\",\"isPartOf\":{\"@id\":\"https:\\\/\\\/lovme.pt\\\/#website\"},\"primaryImageOfPage\":{\"@id\":\"https:\\\/\\\/lovme.pt\\\/index.php\\\/produto\\\/kiiroo-feel-pocket-masturbador-masculino\\\/#primaryimage\"},\"image\":{\"@id\":\"https:\\\/\\\/lovme.pt\\\/index.php\\\/produto\\\/kiiroo-feel-pocket-masturbador-masculino\\\/#primaryimage\"},\"thumbnailUrl\":\"https:\\\/\\\/erki24nd3ub.exactdn.com\\\/wp-content\\\/uploads\\\/dream\\\/img\\\/img_181973_3a44b098a02e69ea80cdced8c5481dfa_1.jpg?strip=all\",\"datePublished\":\"2025-09-30T10:14:06+00:00\",\"dateModified\":\"2026-02-19T20:07:01+00:00\",\"breadcrumb\":{\"@id\":\"https:\\\/\\\/lovme.pt\\\/index.php\\\/produto\\\/kiiroo-feel-pocket-masturbador-masculino\\\/#breadcrumb\"},\"inLanguage\":\"pt-PT\",\"potentialAction\":[{\"@type\":\"ReadAction\",\"target\":[\"https:\\\/\\\/lovme.pt\\\/index.php\\\/produto\\\/kiiroo-feel-pocket-masturbador-masculino\\\/\"]}]},{\"@type\":\"ImageObject\",\"inLanguage\":\"pt-PT\",\"@id\":\"https:\\\/\\\/lovme.pt\\\/index.php\\\/produto\\\/kiiroo-feel-pocket-masturbador-masculino\\\/#primaryimage\",\"url\":\"https:\\\/\\\/erki24nd3ub.exactdn.com\\\/wp-content\\\/uploads\\\/dream\\\/img\\\/img_181973_3a44b098a02e69ea80cdced8c5481dfa_1.jpg?strip=all\",\"contentUrl\":\"https:\\\/\\\/erki24nd3ub.exactdn.com\\\/wp-content\\\/uploads\\\/dream\\\/img\\\/img_181973_3a44b098a02e69ea80cdced8c5481dfa_1.jpg?strip=all\",\"width\":800,\"height\":800},{\"@type\":\"BreadcrumbList\",\"@id\":\"https:\\\/\\\/lovme.pt\\\/index.php\\\/produto\\\/kiiroo-feel-pocket-masturbador-masculino\\\/#breadcrumb\",\"itemListElement\":[{\"@type\":\"ListItem\",\"position\":1,\"name\":\"In\u00edcio\",\"item\":\"https:\\\/\\\/lovme.pt\\\/\"},{\"@type\":\"ListItem\",\"position\":2,\"name\":\"Loja\",\"item\":\"https:\\\/\\\/lovme.pt\\\/index.php\\\/loja\\\/\"},{\"@type\":\"ListItem\",\"position\":3,\"name\":\"KIIROO &#8211; FEEL POCKET MASTURBADOR MASCULINO\"}]},{\"@type\":\"WebSite\",\"@id\":\"https:\\\/\\\/lovme.pt\\\/#website\",\"url\":\"https:\\\/\\\/lovme.pt\\\/\",\"name\":\"Lovme Loja Er\u00f3tica N\u00ba1 em Portugal\",\"description\":\"A melhor loja er\u00f3tica de Portugal.\",\"alternateName\":\"Loja Er\u00f3tica Lovme\",\"potentialAction\":[{\"@type\":\"SearchAction\",\"target\":{\"@type\":\"EntryPoint\",\"urlTemplate\":\"https:\\\/\\\/lovme.pt\\\/?s={search_term_string}\"},\"query-input\":{\"@type\":\"PropertyValueSpecification\",\"valueRequired\":true,\"valueName\":\"search_term_string\"}}],\"inLanguage\":\"pt-PT\"}]}<\/script>\n<!-- \/ Yoast SEO plugin. -->","yoast_head_json":{"title":"KIIROO - FEEL POCKET MASTURBADOR MASCULINO - Lovme","robots":{"index":"index","follow":"follow","max-snippet":"max-snippet:-1","max-image-preview":"max-image-preview:large","max-video-preview":"max-video-preview:-1"},"canonical":"https:\/\/lovme.pt\/index.php\/produto\/kiiroo-feel-pocket-masturbador-masculino\/","og_locale":"pt_PT","og_type":"article","og_title":"KIIROO - FEEL POCKET MASTURBADOR MASCULINO - Lovme","og_description":"KIIROO - FEEL POCKET MASTURBADOR MASCULINO","og_url":"https:\/\/lovme.pt\/index.php\/produto\/kiiroo-feel-pocket-masturbador-masculino\/","og_site_name":"Lovme","article_modified_time":"2026-02-19T20:07:01+00:00","og_image":[{"width":800,"height":800,"url":"https:\/\/erki24nd3ub.exactdn.com\/wp-content\/uploads\/dream\/img\/img_181973_3a44b098a02e69ea80cdced8c5481dfa_1.jpg?strip=all","type":"image\/jpeg"}],"twitter_card":"summary_large_image","twitter_misc":{"Tempo estimado de leitura":"1 minuto"},"schema":{"@context":"https:\/\/schema.org","@graph":[{"@type":"WebPage","@id":"https:\/\/lovme.pt\/index.php\/produto\/kiiroo-feel-pocket-masturbador-masculino\/","url":"https:\/\/lovme.pt\/index.php\/produto\/kiiroo-feel-pocket-masturbador-masculino\/","name":"KIIROO - FEEL POCKET MASTURBADOR MASCULINO - Lovme","isPartOf":{"@id":"https:\/\/lovme.pt\/#website"},"primaryImageOfPage":{"@id":"https:\/\/lovme.pt\/index.php\/produto\/kiiroo-feel-pocket-masturbador-masculino\/#primaryimage"},"image":{"@id":"https:\/\/lovme.pt\/index.php\/produto\/kiiroo-feel-pocket-masturbador-masculino\/#primaryimage"},"thumbnailUrl":"https:\/\/erki24nd3ub.exactdn.com\/wp-content\/uploads\/dream\/img\/img_181973_3a44b098a02e69ea80cdced8c5481dfa_1.jpg?strip=all","datePublished":"2025-09-30T10:14:06+00:00","dateModified":"2026-02-19T20:07:01+00:00","breadcrumb":{"@id":"https:\/\/lovme.pt\/index.php\/produto\/kiiroo-feel-pocket-masturbador-masculino\/#breadcrumb"},"inLanguage":"pt-PT","potentialAction":[{"@type":"ReadAction","target":["https:\/\/lovme.pt\/index.php\/produto\/kiiroo-feel-pocket-masturbador-masculino\/"]}]},{"@type":"ImageObject","inLanguage":"pt-PT","@id":"https:\/\/lovme.pt\/index.php\/produto\/kiiroo-feel-pocket-masturbador-masculino\/#primaryimage","url":"https:\/\/erki24nd3ub.exactdn.com\/wp-content\/uploads\/dream\/img\/img_181973_3a44b098a02e69ea80cdced8c5481dfa_1.jpg?strip=all","contentUrl":"https:\/\/erki24nd3ub.exactdn.com\/wp-content\/uploads\/dream\/img\/img_181973_3a44b098a02e69ea80cdced8c5481dfa_1.jpg?strip=all","width":800,"height":800},{"@type":"BreadcrumbList","@id":"https:\/\/lovme.pt\/index.php\/produto\/kiiroo-feel-pocket-masturbador-masculino\/#breadcrumb","itemListElement":[{"@type":"ListItem","position":1,"name":"In\u00edcio","item":"https:\/\/lovme.pt\/"},{"@type":"ListItem","position":2,"name":"Loja","item":"https:\/\/lovme.pt\/index.php\/loja\/"},{"@type":"ListItem","position":3,"name":"KIIROO &#8211; FEEL POCKET MASTURBADOR MASCULINO"}]},{"@type":"WebSite","@id":"https:\/\/lovme.pt\/#website","url":"https:\/\/lovme.pt\/","name":"Lovme Loja Er\u00f3tica N\u00ba1 em Portugal","description":"A melhor loja er\u00f3tica de Portugal.","alternateName":"Loja Er\u00f3tica Lovme","potentialAction":[{"@type":"SearchAction","target":{"@type":"EntryPoint","urlTemplate":"https:\/\/lovme.pt\/?s={search_term_string}"},"query-input":{"@type":"PropertyValueSpecification","valueRequired":true,"valueName":"search_term_string"}}],"inLanguage":"pt-PT"}]}},"_links":{"self":[{"href":"https:\/\/lovme.pt\/index.php\/wp-json\/wp\/v2\/product\/49038","targetHints":{"allow":["GET"]}}],"collection":[{"href":"https:\/\/lovme.pt\/index.php\/wp-json\/wp\/v2\/product"}],"about":[{"href":"https:\/\/lovme.pt\/index.php\/wp-json\/wp\/v2\/types\/product"}],"wp:featuredmedia":[{"embeddable":true,"href":"https:\/\/lovme.pt\/index.php\/wp-json\/wp\/v2\/media\/64474"}],"wp:attachment":[{"href":"https:\/\/lovme.pt\/index.php\/wp-json\/wp\/v2\/media?parent=49038"}],"wp:term":[{"taxonomy":"product_brand","embeddable":true,"href":"https:\/\/lovme.pt\/index.php\/wp-json\/wp\/v2\/product_brand?post=49038"},{"taxonomy":"product_cat","embeddable":true,"href":"https:\/\/lovme.pt\/index.php\/wp-json\/wp\/v2\/product_cat?post=49038"},{"taxonomy":"product_tag","embeddable":true,"href":"https:\/\/lovme.pt\/index.php\/wp-json\/wp\/v2\/product_tag?post=49038"}],"curies":[{"name":"wp","href":"https:\/\/api.w.org\/{rel}","templated":true}]}}