{"id":48994,"date":"2025-09-30T09:49:12","date_gmt":"2025-09-30T09:49:12","guid":{"rendered":"https:\/\/lovme.pt\/?post_type=product&p=48994"},"modified":"2026-02-19T20:05:27","modified_gmt":"2026-02-19T20:05:27","slug":"g-vibe-gcup-copo-menstrual-preto","status":"publish","type":"product","link":"https:\/\/lovme.pt\/index.php\/produto\/g-vibe-gcup-copo-menstrual-preto\/","title":{"rendered":"G-VIBE &#8211; GCUP COPO MENSTRUAL PRETO"},"content":{"rendered":"<p>O copo menstrual Gcup tem formato de sino. A principal vantagem do Gcup \u00e9 a v\u00e1lvula de reten\u00e7\u00e3o interna. Gra\u00e7as \u00e0 v\u00e1lvula, o fluido n\u00e3o retorna \u00e0 vagina durante um estilo de vida ativo. Voc\u00ea pode fazer suas atividades di\u00e1rias, praticar esportes e at\u00e9 nadar, esquecendo-se completamente dos \u201cdias de hoje\u201d. O Gcup tem uma superf\u00edcie macia e lisa, com o tamanho perfeito para voc\u00ea n\u00e3o passar vontade. Al\u00e9m disso, as tigelas economizar\u00e3o uma quantia significativa em compara\u00e7\u00e3o com absorventes e tamp\u00f5es convencionais. O copo menstrual Gcup \u00e9 absolutamente seguro para a sa\u00fade da mulher.<br \/>A principal vantagem e inova\u00e7\u00e3o do Gcup \u00e9 a estrutura interna. Dentro do recipiente existe uma v\u00e1lvula de reten\u00e7\u00e3o que impede a sa\u00edda de l\u00edquido. O copo menstrual Gcup tem formato de sino, facilitando o uso.<\/p>\n<p>Projetado em Londres<\/p>\n<p><strong><u>CARACTER\u00cdSTICAS:<\/u><\/strong><\/p>\n<ul>\n<li>Projetado para um estilo de vida ativo.<\/li>\n<li>Material de primeira qualidade.<\/li>\n<li>Seguran\u00e7a.<\/li>\n<li>Prote\u00e7\u00e3o contra vazamentos &#8211; v\u00e1lvula de reten\u00e7\u00e3o.<\/li>\n<li>Sem cheiro.<\/li>\n<li>Formato cl\u00e1ssico confort\u00e1vel.<\/li>\n<li>Composi\u00e7\u00e3o ecologicamente correta &#8211; 100% silicone.<\/li>\n<li>Econ\u00f4mico, at\u00e9 10 anos de uso.<\/li>\n<li>Tamanho S &#8211; para descargas pequenas e m\u00e9dias: comprimento com cauda: 60 mm, profundidade &#8211; 40 mm, di\u00e2metro &#8211; 35 mm, volume &#8211; 20 ml.<\/li>\n<\/ul>\n","protected":false},"excerpt":{"rendered":"<p>G-VIBE &#8211; GCUP COPO MENSTRUAL PRETO<\/p>\n","protected":false},"featured_media":57472,"template":"","meta":{"_acf_changed":false},"product_brand":[],"product_cat":[49,115,74],"product_tag":[],"class_list":{"0":"post-48994","1":"product","2":"type-product","3":"status-publish","4":"has-post-thumbnail","6":"product_cat-cosmeticos","7":"product_cat-ofertas","8":"product_cat-saude-menstrual","9":"yith_product_brand-g-vibe","11":"first","12":"instock","13":"taxable","14":"shipping-taxable","15":"purchasable","16":"product-type-simple"},"acf":[],"yoast_head":"<!-- This site is optimized with the Yoast SEO plugin v27.4 - https:\/\/yoast.com\/product\/yoast-seo-wordpress\/ -->\n<title>G-VIBE - GCUP COPO MENSTRUAL PRETO - Lovme<\/title>\n<meta name=\"robots\" content=\"index, follow, max-snippet:-1, max-image-preview:large, max-video-preview:-1\" \/>\n<link rel=\"canonical\" href=\"https:\/\/lovme.pt\/index.php\/produto\/g-vibe-gcup-copo-menstrual-preto\/\" \/>\n<meta property=\"og:locale\" content=\"pt_PT\" \/>\n<meta property=\"og:type\" content=\"article\" \/>\n<meta property=\"og:title\" content=\"G-VIBE - GCUP COPO MENSTRUAL PRETO - Lovme\" \/>\n<meta property=\"og:description\" content=\"G-VIBE - GCUP COPO MENSTRUAL PRETO\" \/>\n<meta property=\"og:url\" content=\"https:\/\/lovme.pt\/index.php\/produto\/g-vibe-gcup-copo-menstrual-preto\/\" \/>\n<meta property=\"og:site_name\" content=\"Lovme\" \/>\n<meta property=\"article:modified_time\" content=\"2026-02-19T20:05:27+00:00\" \/>\n<meta property=\"og:image\" content=\"https:\/\/erki24nd3ub.exactdn.com\/wp-content\/uploads\/dream\/img\/img_181683_897d39ebf0fb8083c343bfc5749f16bc_1.jpg?strip=all\" \/>\n\t<meta property=\"og:image:width\" content=\"800\" \/>\n\t<meta property=\"og:image:height\" content=\"800\" \/>\n\t<meta property=\"og:image:type\" content=\"image\/jpeg\" \/>\n<meta name=\"twitter:card\" content=\"summary_large_image\" \/>\n<meta name=\"twitter:label1\" content=\"Tempo estimado de leitura\" \/>\n\t<meta name=\"twitter:data1\" content=\"1 minuto\" \/>\n<script type=\"application\/ld+json\" class=\"yoast-schema-graph\">{\"@context\":\"https:\\\/\\\/schema.org\",\"@graph\":[{\"@type\":\"WebPage\",\"@id\":\"https:\\\/\\\/lovme.pt\\\/index.php\\\/produto\\\/g-vibe-gcup-copo-menstrual-preto\\\/\",\"url\":\"https:\\\/\\\/lovme.pt\\\/index.php\\\/produto\\\/g-vibe-gcup-copo-menstrual-preto\\\/\",\"name\":\"G-VIBE - GCUP COPO MENSTRUAL PRETO - Lovme\",\"isPartOf\":{\"@id\":\"https:\\\/\\\/lovme.pt\\\/#website\"},\"primaryImageOfPage\":{\"@id\":\"https:\\\/\\\/lovme.pt\\\/index.php\\\/produto\\\/g-vibe-gcup-copo-menstrual-preto\\\/#primaryimage\"},\"image\":{\"@id\":\"https:\\\/\\\/lovme.pt\\\/index.php\\\/produto\\\/g-vibe-gcup-copo-menstrual-preto\\\/#primaryimage\"},\"thumbnailUrl\":\"https:\\\/\\\/erki24nd3ub.exactdn.com\\\/wp-content\\\/uploads\\\/dream\\\/img\\\/img_181683_897d39ebf0fb8083c343bfc5749f16bc_1.jpg?strip=all\",\"datePublished\":\"2025-09-30T09:49:12+00:00\",\"dateModified\":\"2026-02-19T20:05:27+00:00\",\"breadcrumb\":{\"@id\":\"https:\\\/\\\/lovme.pt\\\/index.php\\\/produto\\\/g-vibe-gcup-copo-menstrual-preto\\\/#breadcrumb\"},\"inLanguage\":\"pt-PT\",\"potentialAction\":[{\"@type\":\"ReadAction\",\"target\":[\"https:\\\/\\\/lovme.pt\\\/index.php\\\/produto\\\/g-vibe-gcup-copo-menstrual-preto\\\/\"]}]},{\"@type\":\"ImageObject\",\"inLanguage\":\"pt-PT\",\"@id\":\"https:\\\/\\\/lovme.pt\\\/index.php\\\/produto\\\/g-vibe-gcup-copo-menstrual-preto\\\/#primaryimage\",\"url\":\"https:\\\/\\\/erki24nd3ub.exactdn.com\\\/wp-content\\\/uploads\\\/dream\\\/img\\\/img_181683_897d39ebf0fb8083c343bfc5749f16bc_1.jpg?strip=all\",\"contentUrl\":\"https:\\\/\\\/erki24nd3ub.exactdn.com\\\/wp-content\\\/uploads\\\/dream\\\/img\\\/img_181683_897d39ebf0fb8083c343bfc5749f16bc_1.jpg?strip=all\",\"width\":800,\"height\":800},{\"@type\":\"BreadcrumbList\",\"@id\":\"https:\\\/\\\/lovme.pt\\\/index.php\\\/produto\\\/g-vibe-gcup-copo-menstrual-preto\\\/#breadcrumb\",\"itemListElement\":[{\"@type\":\"ListItem\",\"position\":1,\"name\":\"In\u00edcio\",\"item\":\"https:\\\/\\\/lovme.pt\\\/\"},{\"@type\":\"ListItem\",\"position\":2,\"name\":\"Loja\",\"item\":\"https:\\\/\\\/lovme.pt\\\/index.php\\\/loja\\\/\"},{\"@type\":\"ListItem\",\"position\":3,\"name\":\"G-VIBE &#8211; GCUP COPO MENSTRUAL PRETO\"}]},{\"@type\":\"WebSite\",\"@id\":\"https:\\\/\\\/lovme.pt\\\/#website\",\"url\":\"https:\\\/\\\/lovme.pt\\\/\",\"name\":\"Lovme Loja Er\u00f3tica N\u00ba1 em Portugal\",\"description\":\"A melhor loja er\u00f3tica de Portugal.\",\"alternateName\":\"Loja Er\u00f3tica Lovme\",\"potentialAction\":[{\"@type\":\"SearchAction\",\"target\":{\"@type\":\"EntryPoint\",\"urlTemplate\":\"https:\\\/\\\/lovme.pt\\\/?s={search_term_string}\"},\"query-input\":{\"@type\":\"PropertyValueSpecification\",\"valueRequired\":true,\"valueName\":\"search_term_string\"}}],\"inLanguage\":\"pt-PT\"}]}<\/script>\n<!-- \/ Yoast SEO plugin. -->","yoast_head_json":{"title":"G-VIBE - GCUP COPO MENSTRUAL PRETO - Lovme","robots":{"index":"index","follow":"follow","max-snippet":"max-snippet:-1","max-image-preview":"max-image-preview:large","max-video-preview":"max-video-preview:-1"},"canonical":"https:\/\/lovme.pt\/index.php\/produto\/g-vibe-gcup-copo-menstrual-preto\/","og_locale":"pt_PT","og_type":"article","og_title":"G-VIBE - GCUP COPO MENSTRUAL PRETO - Lovme","og_description":"G-VIBE - GCUP COPO MENSTRUAL PRETO","og_url":"https:\/\/lovme.pt\/index.php\/produto\/g-vibe-gcup-copo-menstrual-preto\/","og_site_name":"Lovme","article_modified_time":"2026-02-19T20:05:27+00:00","og_image":[{"width":800,"height":800,"url":"https:\/\/erki24nd3ub.exactdn.com\/wp-content\/uploads\/dream\/img\/img_181683_897d39ebf0fb8083c343bfc5749f16bc_1.jpg?strip=all","type":"image\/jpeg"}],"twitter_card":"summary_large_image","twitter_misc":{"Tempo estimado de leitura":"1 minuto"},"schema":{"@context":"https:\/\/schema.org","@graph":[{"@type":"WebPage","@id":"https:\/\/lovme.pt\/index.php\/produto\/g-vibe-gcup-copo-menstrual-preto\/","url":"https:\/\/lovme.pt\/index.php\/produto\/g-vibe-gcup-copo-menstrual-preto\/","name":"G-VIBE - GCUP COPO MENSTRUAL PRETO - Lovme","isPartOf":{"@id":"https:\/\/lovme.pt\/#website"},"primaryImageOfPage":{"@id":"https:\/\/lovme.pt\/index.php\/produto\/g-vibe-gcup-copo-menstrual-preto\/#primaryimage"},"image":{"@id":"https:\/\/lovme.pt\/index.php\/produto\/g-vibe-gcup-copo-menstrual-preto\/#primaryimage"},"thumbnailUrl":"https:\/\/erki24nd3ub.exactdn.com\/wp-content\/uploads\/dream\/img\/img_181683_897d39ebf0fb8083c343bfc5749f16bc_1.jpg?strip=all","datePublished":"2025-09-30T09:49:12+00:00","dateModified":"2026-02-19T20:05:27+00:00","breadcrumb":{"@id":"https:\/\/lovme.pt\/index.php\/produto\/g-vibe-gcup-copo-menstrual-preto\/#breadcrumb"},"inLanguage":"pt-PT","potentialAction":[{"@type":"ReadAction","target":["https:\/\/lovme.pt\/index.php\/produto\/g-vibe-gcup-copo-menstrual-preto\/"]}]},{"@type":"ImageObject","inLanguage":"pt-PT","@id":"https:\/\/lovme.pt\/index.php\/produto\/g-vibe-gcup-copo-menstrual-preto\/#primaryimage","url":"https:\/\/erki24nd3ub.exactdn.com\/wp-content\/uploads\/dream\/img\/img_181683_897d39ebf0fb8083c343bfc5749f16bc_1.jpg?strip=all","contentUrl":"https:\/\/erki24nd3ub.exactdn.com\/wp-content\/uploads\/dream\/img\/img_181683_897d39ebf0fb8083c343bfc5749f16bc_1.jpg?strip=all","width":800,"height":800},{"@type":"BreadcrumbList","@id":"https:\/\/lovme.pt\/index.php\/produto\/g-vibe-gcup-copo-menstrual-preto\/#breadcrumb","itemListElement":[{"@type":"ListItem","position":1,"name":"In\u00edcio","item":"https:\/\/lovme.pt\/"},{"@type":"ListItem","position":2,"name":"Loja","item":"https:\/\/lovme.pt\/index.php\/loja\/"},{"@type":"ListItem","position":3,"name":"G-VIBE &#8211; GCUP COPO MENSTRUAL PRETO"}]},{"@type":"WebSite","@id":"https:\/\/lovme.pt\/#website","url":"https:\/\/lovme.pt\/","name":"Lovme Loja Er\u00f3tica N\u00ba1 em Portugal","description":"A melhor loja er\u00f3tica de Portugal.","alternateName":"Loja Er\u00f3tica Lovme","potentialAction":[{"@type":"SearchAction","target":{"@type":"EntryPoint","urlTemplate":"https:\/\/lovme.pt\/?s={search_term_string}"},"query-input":{"@type":"PropertyValueSpecification","valueRequired":true,"valueName":"search_term_string"}}],"inLanguage":"pt-PT"}]}},"_links":{"self":[{"href":"https:\/\/lovme.pt\/index.php\/wp-json\/wp\/v2\/product\/48994","targetHints":{"allow":["GET"]}}],"collection":[{"href":"https:\/\/lovme.pt\/index.php\/wp-json\/wp\/v2\/product"}],"about":[{"href":"https:\/\/lovme.pt\/index.php\/wp-json\/wp\/v2\/types\/product"}],"wp:featuredmedia":[{"embeddable":true,"href":"https:\/\/lovme.pt\/index.php\/wp-json\/wp\/v2\/media\/57472"}],"wp:attachment":[{"href":"https:\/\/lovme.pt\/index.php\/wp-json\/wp\/v2\/media?parent=48994"}],"wp:term":[{"taxonomy":"product_brand","embeddable":true,"href":"https:\/\/lovme.pt\/index.php\/wp-json\/wp\/v2\/product_brand?post=48994"},{"taxonomy":"product_cat","embeddable":true,"href":"https:\/\/lovme.pt\/index.php\/wp-json\/wp\/v2\/product_cat?post=48994"},{"taxonomy":"product_tag","embeddable":true,"href":"https:\/\/lovme.pt\/index.php\/wp-json\/wp\/v2\/product_tag?post=48994"}],"curies":[{"name":"wp","href":"https:\/\/api.w.org\/{rel}","templated":true}]}}