{"id":48985,"date":"2025-10-01T00:57:35","date_gmt":"2025-10-01T00:57:35","guid":{"rendered":"https:\/\/lovme.pt\/?post_type=product&#038;p=48985"},"modified":"2026-02-19T20:23:27","modified_gmt":"2026-02-19T20:23:27","slug":"leg-avenue-vestido-longo-fucsia-tamanho-unico","status":"publish","type":"product","link":"https:\/\/lovme.pt\/index.php\/produto\/leg-avenue-vestido-longo-fucsia-tamanho-unico\/","title":{"rendered":"LEG AVENUE &#8211; VESTIDO DE REJILLA LARGO AMARILLO TALLA \u00daNICA"},"content":{"rendered":"<p>O vestido longo em malha com costas abertas \u00e9 uma pe\u00e7a que exala eleg\u00e2ncia provocante e estilo bo\u00eamio contempor\u00e2neo. Este vestido \u00e9 ideal para eventos de ver\u00e3o, festas na praia ou qualquer ocasi\u00e3o onde voc\u00ea queira aliar sofistica\u00e7\u00e3o com um toque ousado. O seu design inovador e os materiais de alta qualidade fazem dele uma pe\u00e7a essencial em qualquer guarda-roupa moderno.<\/p>\n<p> O vestido longo tem corte justo que envolve o corpo, destacando as curvas naturais e oferecendo uma silhueta esbelta e estilizada. A elasticidade do material permite que o vestido se adapte aos diferentes tipos de corpo, proporcionando um caimento confort\u00e1vel e favorecedor. O comprimento do vestido geralmente chega at\u00e9 os tornozelos, acrescentando um toque de eleg\u00e2ncia e gra\u00e7a aos movimentos.<\/p>\n<p> \u00c9 uma pe\u00e7a de roupa que combina estilo, sensualidade e conforto de forma harmoniosa. O seu design inovador e os materiais de alta qualidade tornam-no na escolha perfeita para quem procura uma pe\u00e7a de roupa vers\u00e1til e elegante. Com a sua capacidade de adapta\u00e7\u00e3o a diferentes ocasi\u00f5es e o seu estilo intemporal, este vestido \u00e9 uma adi\u00e7\u00e3o valiosa a qualquer cole\u00e7\u00e3o de moda.<\/p>\n<\/p>\n<p> <u><strong>CARACTER\u00cdSTICAS:<\/strong><\/u><\/p>\n<ul>\n<li> Vestido longo em malha com costas abertas<\/li>\n<li> Um tamanho<\/li>\n<li> Composi\u00e7\u00e3o: 97% n\u00e1ilon, 3% elastano<\/li>\n<li> Cor: F\u00facsia e amarelo<\/li>\n<li> Tecido lingerie el\u00e1stico e respir\u00e1vel<\/li>\n<\/ul>\n<p> <strong>A Leg Avenue<\/strong> tem os produtos que voc\u00ea procurava, comprometendo-se a oferecer aos clientes produtos inovadores, pre\u00e7os competitivos e muita satisfa\u00e7\u00e3o, fresquinhos do que h\u00e1 de mais fashion em Los Angeles.<\/p>\n<p> Aqui \u00e9 tudo sobre voc\u00ea! Entendemos que cada corpo \u00e9 \u00fanico e acreditamos que todas as mulheres devem ter uma apar\u00eancia e sentir-se fant\u00e1sticas, independentemente do seu tamanho ou forma. Portanto, fique tranquilo, pois nossos designs est\u00e3o sempre focados em destacar suas melhores caracter\u00edsticas. E, falando s\u00e9rio, estamos falando s\u00e9rio quando dizemos que valorizamos tecidos supermacios e elasticidade de pr\u00f3ximo n\u00edvel. Conforto e estilo? Dupla verifica\u00e7\u00e3o!<\/p>\n<p> A variedade \u00e9 a chave do nosso sucesso e voc\u00ea pode ver isso em nossos estilos. Nossos designers misturam e combinam materiais como profissionais, dando \u00e0s nossas cria\u00e7\u00f5es aquele ar de luxo inconfund\u00edvel para que voc\u00ea se sinta absolutamente de primeira classe. Quer seja uma renda que faz vibrar os seus sentidos ou um cetim supermacio ao qual as suas m\u00e3os n\u00e3o resistem, fazemos de tudo para lhe oferecer algo especial.<\/p>\n<p> <strong>Leg Avenue<\/strong> \u00e9 cheia de paix\u00e3o, divers\u00e3o e autoexpress\u00e3o. Queremos que voc\u00ea seja completamente voc\u00ea. ele mesmo, com um toque de travessura e montanhas de confian\u00e7a. Descubra como nossas lingeries, meias e fantasias levam seu visual para o pr\u00f3ximo n\u00edvel. Juntos aspiramos ao fant\u00e1stico e provamos que estilo n\u00e3o tem tamanho!<\/p>\n","protected":false},"excerpt":{"rendered":"<p>LEG AVENUE &#8211; VESTIDO LONGO F\u00daCSIA TAMANHO \u00daNICO<\/p>\n","protected":false},"featured_media":92498,"template":"","meta":{"_acf_changed":false},"product_brand":[],"product_cat":[47,66],"product_tag":[],"class_list":{"0":"post-48985","1":"product","2":"type-product","3":"status-publish","4":"has-post-thumbnail","6":"product_cat-lingerie","7":"product_cat-lingerie-feminina","8":"yith_product_brand-leg-avenue","9":"yith_product_brand-leg-avenueleg-avenue-dresses","11":"first","12":"instock","13":"taxable","14":"shipping-taxable","15":"purchasable","16":"product-type-variable","17":"has-default-attributes"},"acf":[],"yoast_head":"<!-- This site is optimized with the Yoast SEO plugin v27.4 - https:\/\/yoast.com\/product\/yoast-seo-wordpress\/ -->\n<title>LEG AVENUE - VESTIDO DE REJILLA LARGO AMARILLO TALLA \u00daNICA - Lovme<\/title>\n<meta name=\"robots\" content=\"index, follow, max-snippet:-1, max-image-preview:large, max-video-preview:-1\" \/>\n<link rel=\"canonical\" href=\"https:\/\/lovme.pt\/index.php\/produto\/leg-avenue-vestido-longo-fucsia-tamanho-unico\/\" \/>\n<meta property=\"og:locale\" content=\"pt_PT\" \/>\n<meta property=\"og:type\" content=\"article\" \/>\n<meta property=\"og:title\" content=\"LEG AVENUE - VESTIDO DE REJILLA LARGO AMARILLO TALLA \u00daNICA - Lovme\" \/>\n<meta property=\"og:description\" content=\"LEG AVENUE - VESTIDO LONGO F\u00daCSIA TAMANHO \u00daNICO\" \/>\n<meta property=\"og:url\" content=\"https:\/\/lovme.pt\/index.php\/produto\/leg-avenue-vestido-longo-fucsia-tamanho-unico\/\" \/>\n<meta property=\"og:site_name\" content=\"Lovme\" \/>\n<meta property=\"article:modified_time\" content=\"2026-02-19T20:23:27+00:00\" \/>\n<meta property=\"og:image\" content=\"https:\/\/erki24nd3ub.exactdn.com\/wp-content\/uploads\/dream\/img\/img_181634_91b1aa5a4f17701d1ba3d59c89694cc3_1.jpg?strip=all\" \/>\n\t<meta property=\"og:image:width\" content=\"800\" \/>\n\t<meta property=\"og:image:height\" content=\"800\" \/>\n\t<meta property=\"og:image:type\" content=\"image\/jpeg\" \/>\n<meta name=\"twitter:card\" content=\"summary_large_image\" \/>\n<meta name=\"twitter:label1\" content=\"Tempo estimado de leitura\" \/>\n\t<meta name=\"twitter:data1\" content=\"2 minutos\" \/>\n<script type=\"application\/ld+json\" class=\"yoast-schema-graph\">{\"@context\":\"https:\\\/\\\/schema.org\",\"@graph\":[{\"@type\":\"WebPage\",\"@id\":\"https:\\\/\\\/lovme.pt\\\/index.php\\\/produto\\\/leg-avenue-vestido-longo-fucsia-tamanho-unico\\\/\",\"url\":\"https:\\\/\\\/lovme.pt\\\/index.php\\\/produto\\\/leg-avenue-vestido-longo-fucsia-tamanho-unico\\\/\",\"name\":\"LEG AVENUE - VESTIDO DE REJILLA LARGO AMARILLO TALLA \u00daNICA - Lovme\",\"isPartOf\":{\"@id\":\"https:\\\/\\\/lovme.pt\\\/#website\"},\"primaryImageOfPage\":{\"@id\":\"https:\\\/\\\/lovme.pt\\\/index.php\\\/produto\\\/leg-avenue-vestido-longo-fucsia-tamanho-unico\\\/#primaryimage\"},\"image\":{\"@id\":\"https:\\\/\\\/lovme.pt\\\/index.php\\\/produto\\\/leg-avenue-vestido-longo-fucsia-tamanho-unico\\\/#primaryimage\"},\"thumbnailUrl\":\"https:\\\/\\\/erki24nd3ub.exactdn.com\\\/wp-content\\\/uploads\\\/dream\\\/img\\\/img_181634_91b1aa5a4f17701d1ba3d59c89694cc3_1.jpg?strip=all\",\"datePublished\":\"2025-10-01T00:57:35+00:00\",\"dateModified\":\"2026-02-19T20:23:27+00:00\",\"breadcrumb\":{\"@id\":\"https:\\\/\\\/lovme.pt\\\/index.php\\\/produto\\\/leg-avenue-vestido-longo-fucsia-tamanho-unico\\\/#breadcrumb\"},\"inLanguage\":\"pt-PT\",\"potentialAction\":[{\"@type\":\"ReadAction\",\"target\":[\"https:\\\/\\\/lovme.pt\\\/index.php\\\/produto\\\/leg-avenue-vestido-longo-fucsia-tamanho-unico\\\/\"]}]},{\"@type\":\"ImageObject\",\"inLanguage\":\"pt-PT\",\"@id\":\"https:\\\/\\\/lovme.pt\\\/index.php\\\/produto\\\/leg-avenue-vestido-longo-fucsia-tamanho-unico\\\/#primaryimage\",\"url\":\"https:\\\/\\\/erki24nd3ub.exactdn.com\\\/wp-content\\\/uploads\\\/dream\\\/img\\\/img_181634_91b1aa5a4f17701d1ba3d59c89694cc3_1.jpg?strip=all\",\"contentUrl\":\"https:\\\/\\\/erki24nd3ub.exactdn.com\\\/wp-content\\\/uploads\\\/dream\\\/img\\\/img_181634_91b1aa5a4f17701d1ba3d59c89694cc3_1.jpg?strip=all\",\"width\":800,\"height\":800},{\"@type\":\"BreadcrumbList\",\"@id\":\"https:\\\/\\\/lovme.pt\\\/index.php\\\/produto\\\/leg-avenue-vestido-longo-fucsia-tamanho-unico\\\/#breadcrumb\",\"itemListElement\":[{\"@type\":\"ListItem\",\"position\":1,\"name\":\"In\u00edcio\",\"item\":\"https:\\\/\\\/lovme.pt\\\/\"},{\"@type\":\"ListItem\",\"position\":2,\"name\":\"Loja\",\"item\":\"https:\\\/\\\/lovme.pt\\\/index.php\\\/loja\\\/\"},{\"@type\":\"ListItem\",\"position\":3,\"name\":\"LEG AVENUE &#8211; VESTIDO DE REJILLA LARGO AMARILLO TALLA \u00daNICA\"}]},{\"@type\":\"WebSite\",\"@id\":\"https:\\\/\\\/lovme.pt\\\/#website\",\"url\":\"https:\\\/\\\/lovme.pt\\\/\",\"name\":\"Lovme Loja Er\u00f3tica N\u00ba1 em Portugal\",\"description\":\"A melhor loja er\u00f3tica de Portugal.\",\"alternateName\":\"Loja Er\u00f3tica Lovme\",\"potentialAction\":[{\"@type\":\"SearchAction\",\"target\":{\"@type\":\"EntryPoint\",\"urlTemplate\":\"https:\\\/\\\/lovme.pt\\\/?s={search_term_string}\"},\"query-input\":{\"@type\":\"PropertyValueSpecification\",\"valueRequired\":true,\"valueName\":\"search_term_string\"}}],\"inLanguage\":\"pt-PT\"}]}<\/script>\n<!-- \/ Yoast SEO plugin. -->","yoast_head_json":{"title":"LEG AVENUE - VESTIDO DE REJILLA LARGO AMARILLO TALLA \u00daNICA - Lovme","robots":{"index":"index","follow":"follow","max-snippet":"max-snippet:-1","max-image-preview":"max-image-preview:large","max-video-preview":"max-video-preview:-1"},"canonical":"https:\/\/lovme.pt\/index.php\/produto\/leg-avenue-vestido-longo-fucsia-tamanho-unico\/","og_locale":"pt_PT","og_type":"article","og_title":"LEG AVENUE - VESTIDO DE REJILLA LARGO AMARILLO TALLA \u00daNICA - Lovme","og_description":"LEG AVENUE - VESTIDO LONGO F\u00daCSIA TAMANHO \u00daNICO","og_url":"https:\/\/lovme.pt\/index.php\/produto\/leg-avenue-vestido-longo-fucsia-tamanho-unico\/","og_site_name":"Lovme","article_modified_time":"2026-02-19T20:23:27+00:00","og_image":[{"width":800,"height":800,"url":"https:\/\/erki24nd3ub.exactdn.com\/wp-content\/uploads\/dream\/img\/img_181634_91b1aa5a4f17701d1ba3d59c89694cc3_1.jpg?strip=all","type":"image\/jpeg"}],"twitter_card":"summary_large_image","twitter_misc":{"Tempo estimado de leitura":"2 minutos"},"schema":{"@context":"https:\/\/schema.org","@graph":[{"@type":"WebPage","@id":"https:\/\/lovme.pt\/index.php\/produto\/leg-avenue-vestido-longo-fucsia-tamanho-unico\/","url":"https:\/\/lovme.pt\/index.php\/produto\/leg-avenue-vestido-longo-fucsia-tamanho-unico\/","name":"LEG AVENUE - VESTIDO DE REJILLA LARGO AMARILLO TALLA \u00daNICA - Lovme","isPartOf":{"@id":"https:\/\/lovme.pt\/#website"},"primaryImageOfPage":{"@id":"https:\/\/lovme.pt\/index.php\/produto\/leg-avenue-vestido-longo-fucsia-tamanho-unico\/#primaryimage"},"image":{"@id":"https:\/\/lovme.pt\/index.php\/produto\/leg-avenue-vestido-longo-fucsia-tamanho-unico\/#primaryimage"},"thumbnailUrl":"https:\/\/erki24nd3ub.exactdn.com\/wp-content\/uploads\/dream\/img\/img_181634_91b1aa5a4f17701d1ba3d59c89694cc3_1.jpg?strip=all","datePublished":"2025-10-01T00:57:35+00:00","dateModified":"2026-02-19T20:23:27+00:00","breadcrumb":{"@id":"https:\/\/lovme.pt\/index.php\/produto\/leg-avenue-vestido-longo-fucsia-tamanho-unico\/#breadcrumb"},"inLanguage":"pt-PT","potentialAction":[{"@type":"ReadAction","target":["https:\/\/lovme.pt\/index.php\/produto\/leg-avenue-vestido-longo-fucsia-tamanho-unico\/"]}]},{"@type":"ImageObject","inLanguage":"pt-PT","@id":"https:\/\/lovme.pt\/index.php\/produto\/leg-avenue-vestido-longo-fucsia-tamanho-unico\/#primaryimage","url":"https:\/\/erki24nd3ub.exactdn.com\/wp-content\/uploads\/dream\/img\/img_181634_91b1aa5a4f17701d1ba3d59c89694cc3_1.jpg?strip=all","contentUrl":"https:\/\/erki24nd3ub.exactdn.com\/wp-content\/uploads\/dream\/img\/img_181634_91b1aa5a4f17701d1ba3d59c89694cc3_1.jpg?strip=all","width":800,"height":800},{"@type":"BreadcrumbList","@id":"https:\/\/lovme.pt\/index.php\/produto\/leg-avenue-vestido-longo-fucsia-tamanho-unico\/#breadcrumb","itemListElement":[{"@type":"ListItem","position":1,"name":"In\u00edcio","item":"https:\/\/lovme.pt\/"},{"@type":"ListItem","position":2,"name":"Loja","item":"https:\/\/lovme.pt\/index.php\/loja\/"},{"@type":"ListItem","position":3,"name":"LEG AVENUE &#8211; VESTIDO DE REJILLA LARGO AMARILLO TALLA \u00daNICA"}]},{"@type":"WebSite","@id":"https:\/\/lovme.pt\/#website","url":"https:\/\/lovme.pt\/","name":"Lovme Loja Er\u00f3tica N\u00ba1 em Portugal","description":"A melhor loja er\u00f3tica de Portugal.","alternateName":"Loja Er\u00f3tica Lovme","potentialAction":[{"@type":"SearchAction","target":{"@type":"EntryPoint","urlTemplate":"https:\/\/lovme.pt\/?s={search_term_string}"},"query-input":{"@type":"PropertyValueSpecification","valueRequired":true,"valueName":"search_term_string"}}],"inLanguage":"pt-PT"}]}},"_links":{"self":[{"href":"https:\/\/lovme.pt\/index.php\/wp-json\/wp\/v2\/product\/48985","targetHints":{"allow":["GET"]}}],"collection":[{"href":"https:\/\/lovme.pt\/index.php\/wp-json\/wp\/v2\/product"}],"about":[{"href":"https:\/\/lovme.pt\/index.php\/wp-json\/wp\/v2\/types\/product"}],"wp:featuredmedia":[{"embeddable":true,"href":"https:\/\/lovme.pt\/index.php\/wp-json\/wp\/v2\/media\/92498"}],"wp:attachment":[{"href":"https:\/\/lovme.pt\/index.php\/wp-json\/wp\/v2\/media?parent=48985"}],"wp:term":[{"taxonomy":"product_brand","embeddable":true,"href":"https:\/\/lovme.pt\/index.php\/wp-json\/wp\/v2\/product_brand?post=48985"},{"taxonomy":"product_cat","embeddable":true,"href":"https:\/\/lovme.pt\/index.php\/wp-json\/wp\/v2\/product_cat?post=48985"},{"taxonomy":"product_tag","embeddable":true,"href":"https:\/\/lovme.pt\/index.php\/wp-json\/wp\/v2\/product_tag?post=48985"}],"curies":[{"name":"wp","href":"https:\/\/api.w.org\/{rel}","templated":true}]}}