{"id":48979,"date":"2025-10-01T00:57:30","date_gmt":"2025-10-01T00:57:30","guid":{"rendered":"https:\/\/lovme.pt\/?post_type=product&#038;p=48979"},"modified":"2026-02-19T20:23:27","modified_gmt":"2026-02-19T20:23:27","slug":"leg-avenue-conjunto-tres-pecas-diamantes-rosa-s-m","status":"publish","type":"product","link":"https:\/\/lovme.pt\/index.php\/produto\/leg-avenue-conjunto-tres-pecas-diamantes-rosa-s-m\/","title":{"rendered":"LEG AVENUE &#8211; SET TRES PIEZAS DIAMANTES AMARILLO S\/M"},"content":{"rendered":"<p>Prepare-se para real\u00e7ar o seu charme com o irresist\u00edvel conjunto de biqu\u00edni e lingerie de 3 pe\u00e7as da Leg Avenue. Este conjunto de lingerie transparente ultra-sedutor apresenta um suti\u00e3 envolvente de malha de strass, calcinha fio dental e uma sa\u00edda de la\u00e7o franzida. Esteja voc\u00ea procurando vibra\u00e7\u00f5es de f\u00e9rias ou sedu\u00e7\u00e3o no quarto, este conjunto de lingerie feminina est\u00e1 pronto para voc\u00ea. Projetado para hipnotizar cora\u00e7\u00f5es e acelerar pulsos.<\/p>\n<p> \u00c9 uma pe\u00e7a de lingerie que combina eleg\u00e2ncia, luxo e sensualidade. O seu design meticuloso e os materiais de alta qualidade tornam-no na escolha perfeita para quem procura destacar-se e sentir-se confiante em si mesmo. eles mesmos. Com sua mistura de detalhes transparentes e brilhantes e versatilidade, este conjunto \u00e9 um complemento excepcional para qualquer cole\u00e7\u00e3o de lingerie.<\/p>\n<\/p>\n<p> <u><strong>CARACTER\u00cdSTICAS:<\/strong><\/u><\/p>\n<ul>\n<li> Suti\u00e3 envolt\u00f3rio de malha de strass de 3 pe\u00e7as, calcinha fio dental e cobertura de la\u00e7o franzido<\/li>\n<li> Tamanho: S\/M e M\/L<\/li>\n<li> Composi\u00e7\u00e3o: 95% n\u00e1ilon, 5% elastano<\/li>\n<li> Cor: Rosa, amarelo e azul<\/li>\n<li> Tecido lingerie el\u00e1stico e respir\u00e1vel<\/li>\n<li> Strass colocados \u00e0 m\u00e3o<\/li>\n<li> Conjunto inclui: Suti\u00e3, tanga e saia<\/li>\n<li> Lavar \u00e0 m\u00e3o com \u00e1gua fria, n\u00e3o usar alvejante, secar<\/li>\n<\/ul>\n<p> <strong>A Leg Avenue<\/strong> tem os produtos que voc\u00ea procurava, comprometendo-se a oferecer aos clientes produtos inovadores, pre\u00e7os competitivos e muita satisfa\u00e7\u00e3o, fresquinhos do que h\u00e1 de mais fashion em Los Angeles.<\/p>\n<p> Aqui \u00e9 tudo sobre voc\u00ea! Entendemos que cada corpo \u00e9 \u00fanico e acreditamos que todas as mulheres devem ter uma apar\u00eancia e sentir-se fant\u00e1sticas, independentemente do seu tamanho ou forma. Portanto, fique tranquilo, pois nossos designs est\u00e3o sempre focados em destacar suas melhores caracter\u00edsticas. E falando s\u00e9rio, falamos s\u00e9rio quando dizemos que valorizamos tecidos supermacios e elasticidade de pr\u00f3ximo n\u00edvel. Conforto e estilo? Dupla verifica\u00e7\u00e3o!<\/p>\n<p> A variedade \u00e9 a chave do nosso sucesso e voc\u00ea pode ver isso em nossos estilos. Nossos designers misturam e combinam materiais como profissionais, dando \u00e0s nossas cria\u00e7\u00f5es aquele ar de luxo inconfund\u00edvel para que voc\u00ea se sinta absolutamente de primeira classe. Quer seja uma renda que faz vibrar os seus sentidos ou um cetim supermacio ao qual as suas m\u00e3os n\u00e3o resistem, fazemos de tudo para lhe oferecer algo especial.<\/p>\n<p> <strong>Leg Avenue<\/strong> \u00e9 cheia de paix\u00e3o, divers\u00e3o e autoexpress\u00e3o. Queremos que voc\u00ea seja completamente voc\u00ea. ele mesmo, com um toque de travessura e montanhas de confian\u00e7a. Descubra como nossas lingeries, meias e fantasias levam seu visual para o pr\u00f3ximo n\u00edvel. Juntos aspiramos ao fant\u00e1stico e provamos que estilo n\u00e3o tem tamanho!<\/p>\n","protected":false},"excerpt":{"rendered":"<p>LEG AVENUE &#8211; CONJUNTO TR\u00caS PE\u00c7AS DIAMANTES ROSA S\/M<\/p>\n","protected":false},"featured_media":92482,"template":"","meta":{"_acf_changed":false},"product_brand":[],"product_cat":[47,66,115],"product_tag":[],"class_list":{"0":"post-48979","1":"product","2":"type-product","3":"status-publish","4":"has-post-thumbnail","6":"product_cat-lingerie","7":"product_cat-lingerie-feminina","8":"product_cat-ofertas","9":"yith_product_brand-leg-avenue","10":"yith_product_brand-leg-avenueleg-avenue-sets","12":"first","13":"instock","14":"taxable","15":"shipping-taxable","16":"purchasable","17":"product-type-variable","18":"has-default-attributes"},"acf":[],"yoast_head":"<!-- This site is optimized with the Yoast SEO plugin v27.4 - https:\/\/yoast.com\/product\/yoast-seo-wordpress\/ -->\n<title>LEG AVENUE - SET TRES PIEZAS DIAMANTES AMARILLO S\/M - Lovme<\/title>\n<meta name=\"robots\" content=\"index, follow, max-snippet:-1, max-image-preview:large, max-video-preview:-1\" \/>\n<link rel=\"canonical\" href=\"https:\/\/lovme.pt\/index.php\/produto\/leg-avenue-conjunto-tres-pecas-diamantes-rosa-s-m\/\" \/>\n<meta property=\"og:locale\" content=\"pt_PT\" \/>\n<meta property=\"og:type\" content=\"article\" \/>\n<meta property=\"og:title\" content=\"LEG AVENUE - SET TRES PIEZAS DIAMANTES AMARILLO S\/M - Lovme\" \/>\n<meta property=\"og:description\" content=\"LEG AVENUE - CONJUNTO TR\u00caS PE\u00c7AS DIAMANTES ROSA S\/M\" \/>\n<meta property=\"og:url\" content=\"https:\/\/lovme.pt\/index.php\/produto\/leg-avenue-conjunto-tres-pecas-diamantes-rosa-s-m\/\" \/>\n<meta property=\"og:site_name\" content=\"Lovme\" \/>\n<meta property=\"article:modified_time\" content=\"2026-02-19T20:23:27+00:00\" \/>\n<meta property=\"og:image\" content=\"https:\/\/erki24nd3ub.exactdn.com\/wp-content\/uploads\/dream\/img\/img_181607_e7504b308875995480b0797d4d290bc0_1.jpg?strip=all\" \/>\n\t<meta property=\"og:image:width\" content=\"900\" \/>\n\t<meta property=\"og:image:height\" content=\"900\" \/>\n\t<meta property=\"og:image:type\" content=\"image\/jpeg\" \/>\n<meta name=\"twitter:card\" content=\"summary_large_image\" \/>\n<meta name=\"twitter:label1\" content=\"Tempo estimado de leitura\" \/>\n\t<meta name=\"twitter:data1\" content=\"2 minutos\" \/>\n<script type=\"application\/ld+json\" class=\"yoast-schema-graph\">{\"@context\":\"https:\\\/\\\/schema.org\",\"@graph\":[{\"@type\":\"WebPage\",\"@id\":\"https:\\\/\\\/lovme.pt\\\/index.php\\\/produto\\\/leg-avenue-conjunto-tres-pecas-diamantes-rosa-s-m\\\/\",\"url\":\"https:\\\/\\\/lovme.pt\\\/index.php\\\/produto\\\/leg-avenue-conjunto-tres-pecas-diamantes-rosa-s-m\\\/\",\"name\":\"LEG AVENUE - SET TRES PIEZAS DIAMANTES AMARILLO S\\\/M - Lovme\",\"isPartOf\":{\"@id\":\"https:\\\/\\\/lovme.pt\\\/#website\"},\"primaryImageOfPage\":{\"@id\":\"https:\\\/\\\/lovme.pt\\\/index.php\\\/produto\\\/leg-avenue-conjunto-tres-pecas-diamantes-rosa-s-m\\\/#primaryimage\"},\"image\":{\"@id\":\"https:\\\/\\\/lovme.pt\\\/index.php\\\/produto\\\/leg-avenue-conjunto-tres-pecas-diamantes-rosa-s-m\\\/#primaryimage\"},\"thumbnailUrl\":\"https:\\\/\\\/erki24nd3ub.exactdn.com\\\/wp-content\\\/uploads\\\/dream\\\/img\\\/img_181607_e7504b308875995480b0797d4d290bc0_1.jpg?strip=all\",\"datePublished\":\"2025-10-01T00:57:30+00:00\",\"dateModified\":\"2026-02-19T20:23:27+00:00\",\"breadcrumb\":{\"@id\":\"https:\\\/\\\/lovme.pt\\\/index.php\\\/produto\\\/leg-avenue-conjunto-tres-pecas-diamantes-rosa-s-m\\\/#breadcrumb\"},\"inLanguage\":\"pt-PT\",\"potentialAction\":[{\"@type\":\"ReadAction\",\"target\":[\"https:\\\/\\\/lovme.pt\\\/index.php\\\/produto\\\/leg-avenue-conjunto-tres-pecas-diamantes-rosa-s-m\\\/\"]}]},{\"@type\":\"ImageObject\",\"inLanguage\":\"pt-PT\",\"@id\":\"https:\\\/\\\/lovme.pt\\\/index.php\\\/produto\\\/leg-avenue-conjunto-tres-pecas-diamantes-rosa-s-m\\\/#primaryimage\",\"url\":\"https:\\\/\\\/erki24nd3ub.exactdn.com\\\/wp-content\\\/uploads\\\/dream\\\/img\\\/img_181607_e7504b308875995480b0797d4d290bc0_1.jpg?strip=all\",\"contentUrl\":\"https:\\\/\\\/erki24nd3ub.exactdn.com\\\/wp-content\\\/uploads\\\/dream\\\/img\\\/img_181607_e7504b308875995480b0797d4d290bc0_1.jpg?strip=all\",\"width\":900,\"height\":900},{\"@type\":\"BreadcrumbList\",\"@id\":\"https:\\\/\\\/lovme.pt\\\/index.php\\\/produto\\\/leg-avenue-conjunto-tres-pecas-diamantes-rosa-s-m\\\/#breadcrumb\",\"itemListElement\":[{\"@type\":\"ListItem\",\"position\":1,\"name\":\"In\u00edcio\",\"item\":\"https:\\\/\\\/lovme.pt\\\/\"},{\"@type\":\"ListItem\",\"position\":2,\"name\":\"Loja\",\"item\":\"https:\\\/\\\/lovme.pt\\\/index.php\\\/loja\\\/\"},{\"@type\":\"ListItem\",\"position\":3,\"name\":\"LEG AVENUE &#8211; SET TRES PIEZAS DIAMANTES AMARILLO S\\\/M\"}]},{\"@type\":\"WebSite\",\"@id\":\"https:\\\/\\\/lovme.pt\\\/#website\",\"url\":\"https:\\\/\\\/lovme.pt\\\/\",\"name\":\"Lovme Loja Er\u00f3tica N\u00ba1 em Portugal\",\"description\":\"A melhor loja er\u00f3tica de Portugal.\",\"alternateName\":\"Loja Er\u00f3tica Lovme\",\"potentialAction\":[{\"@type\":\"SearchAction\",\"target\":{\"@type\":\"EntryPoint\",\"urlTemplate\":\"https:\\\/\\\/lovme.pt\\\/?s={search_term_string}\"},\"query-input\":{\"@type\":\"PropertyValueSpecification\",\"valueRequired\":true,\"valueName\":\"search_term_string\"}}],\"inLanguage\":\"pt-PT\"}]}<\/script>\n<!-- \/ Yoast SEO plugin. -->","yoast_head_json":{"title":"LEG AVENUE - SET TRES PIEZAS DIAMANTES AMARILLO S\/M - Lovme","robots":{"index":"index","follow":"follow","max-snippet":"max-snippet:-1","max-image-preview":"max-image-preview:large","max-video-preview":"max-video-preview:-1"},"canonical":"https:\/\/lovme.pt\/index.php\/produto\/leg-avenue-conjunto-tres-pecas-diamantes-rosa-s-m\/","og_locale":"pt_PT","og_type":"article","og_title":"LEG AVENUE - SET TRES PIEZAS DIAMANTES AMARILLO S\/M - Lovme","og_description":"LEG AVENUE - CONJUNTO TR\u00caS PE\u00c7AS DIAMANTES ROSA S\/M","og_url":"https:\/\/lovme.pt\/index.php\/produto\/leg-avenue-conjunto-tres-pecas-diamantes-rosa-s-m\/","og_site_name":"Lovme","article_modified_time":"2026-02-19T20:23:27+00:00","og_image":[{"width":900,"height":900,"url":"https:\/\/erki24nd3ub.exactdn.com\/wp-content\/uploads\/dream\/img\/img_181607_e7504b308875995480b0797d4d290bc0_1.jpg?strip=all","type":"image\/jpeg"}],"twitter_card":"summary_large_image","twitter_misc":{"Tempo estimado de leitura":"2 minutos"},"schema":{"@context":"https:\/\/schema.org","@graph":[{"@type":"WebPage","@id":"https:\/\/lovme.pt\/index.php\/produto\/leg-avenue-conjunto-tres-pecas-diamantes-rosa-s-m\/","url":"https:\/\/lovme.pt\/index.php\/produto\/leg-avenue-conjunto-tres-pecas-diamantes-rosa-s-m\/","name":"LEG AVENUE - SET TRES PIEZAS DIAMANTES AMARILLO S\/M - Lovme","isPartOf":{"@id":"https:\/\/lovme.pt\/#website"},"primaryImageOfPage":{"@id":"https:\/\/lovme.pt\/index.php\/produto\/leg-avenue-conjunto-tres-pecas-diamantes-rosa-s-m\/#primaryimage"},"image":{"@id":"https:\/\/lovme.pt\/index.php\/produto\/leg-avenue-conjunto-tres-pecas-diamantes-rosa-s-m\/#primaryimage"},"thumbnailUrl":"https:\/\/erki24nd3ub.exactdn.com\/wp-content\/uploads\/dream\/img\/img_181607_e7504b308875995480b0797d4d290bc0_1.jpg?strip=all","datePublished":"2025-10-01T00:57:30+00:00","dateModified":"2026-02-19T20:23:27+00:00","breadcrumb":{"@id":"https:\/\/lovme.pt\/index.php\/produto\/leg-avenue-conjunto-tres-pecas-diamantes-rosa-s-m\/#breadcrumb"},"inLanguage":"pt-PT","potentialAction":[{"@type":"ReadAction","target":["https:\/\/lovme.pt\/index.php\/produto\/leg-avenue-conjunto-tres-pecas-diamantes-rosa-s-m\/"]}]},{"@type":"ImageObject","inLanguage":"pt-PT","@id":"https:\/\/lovme.pt\/index.php\/produto\/leg-avenue-conjunto-tres-pecas-diamantes-rosa-s-m\/#primaryimage","url":"https:\/\/erki24nd3ub.exactdn.com\/wp-content\/uploads\/dream\/img\/img_181607_e7504b308875995480b0797d4d290bc0_1.jpg?strip=all","contentUrl":"https:\/\/erki24nd3ub.exactdn.com\/wp-content\/uploads\/dream\/img\/img_181607_e7504b308875995480b0797d4d290bc0_1.jpg?strip=all","width":900,"height":900},{"@type":"BreadcrumbList","@id":"https:\/\/lovme.pt\/index.php\/produto\/leg-avenue-conjunto-tres-pecas-diamantes-rosa-s-m\/#breadcrumb","itemListElement":[{"@type":"ListItem","position":1,"name":"In\u00edcio","item":"https:\/\/lovme.pt\/"},{"@type":"ListItem","position":2,"name":"Loja","item":"https:\/\/lovme.pt\/index.php\/loja\/"},{"@type":"ListItem","position":3,"name":"LEG AVENUE &#8211; SET TRES PIEZAS DIAMANTES AMARILLO S\/M"}]},{"@type":"WebSite","@id":"https:\/\/lovme.pt\/#website","url":"https:\/\/lovme.pt\/","name":"Lovme Loja Er\u00f3tica N\u00ba1 em Portugal","description":"A melhor loja er\u00f3tica de Portugal.","alternateName":"Loja Er\u00f3tica Lovme","potentialAction":[{"@type":"SearchAction","target":{"@type":"EntryPoint","urlTemplate":"https:\/\/lovme.pt\/?s={search_term_string}"},"query-input":{"@type":"PropertyValueSpecification","valueRequired":true,"valueName":"search_term_string"}}],"inLanguage":"pt-PT"}]}},"_links":{"self":[{"href":"https:\/\/lovme.pt\/index.php\/wp-json\/wp\/v2\/product\/48979","targetHints":{"allow":["GET"]}}],"collection":[{"href":"https:\/\/lovme.pt\/index.php\/wp-json\/wp\/v2\/product"}],"about":[{"href":"https:\/\/lovme.pt\/index.php\/wp-json\/wp\/v2\/types\/product"}],"wp:featuredmedia":[{"embeddable":true,"href":"https:\/\/lovme.pt\/index.php\/wp-json\/wp\/v2\/media\/92482"}],"wp:attachment":[{"href":"https:\/\/lovme.pt\/index.php\/wp-json\/wp\/v2\/media?parent=48979"}],"wp:term":[{"taxonomy":"product_brand","embeddable":true,"href":"https:\/\/lovme.pt\/index.php\/wp-json\/wp\/v2\/product_brand?post=48979"},{"taxonomy":"product_cat","embeddable":true,"href":"https:\/\/lovme.pt\/index.php\/wp-json\/wp\/v2\/product_cat?post=48979"},{"taxonomy":"product_tag","embeddable":true,"href":"https:\/\/lovme.pt\/index.php\/wp-json\/wp\/v2\/product_tag?post=48979"}],"curies":[{"name":"wp","href":"https:\/\/api.w.org\/{rel}","templated":true}]}}