{"id":48962,"date":"2025-09-30T09:59:31","date_gmt":"2025-09-30T09:59:31","guid":{"rendered":"https:\/\/lovme.pt\/?post_type=product&p=48962"},"modified":"2026-02-19T20:06:11","modified_gmt":"2026-02-19T20:06:11","slug":"lelo-mia-3-vibrador-pessoal-preto","status":"publish","type":"product","link":"https:\/\/lovme.pt\/index.php\/produto\/lelo-mia-3-vibrador-pessoal-preto\/","title":{"rendered":"LELO &#8211; MIA 3 VIBRADOR PESSOAL PRETO"},"content":{"rendered":"<p><strong>MIA\u2122 3<\/strong> \u00e9 um vibrador pessoal discreto projetado para o \u00faltimo lugar enquanto viaja. Suas vibra\u00e7\u00f5es casi silenciosas garantem a privacidade onde voc\u00ea deseja estar.<\/p>\n<p>Enquanto o material ultrasuave se sente c\u00e1lido ao tato, melhorando sua experi\u00eancia sensorial. O recurso mais forte do MIA\u2122 3 \u00e9 seu tamanho compacto, pois cabe facilmente em bolsas, carteiras ou maletas, fazendo-o comodo de levar e garantindo que o local esteja sempre dentro do alcance.<\/p>\n<p>\u00c9 discreto porque parece um l\u00e1pis labial normal, o que o faz sencillo e perfeito para viajar. Dispon\u00edvel em tr\u00eas cores, este vibrador compacto \u00e9 ideal para o posicionamento espont\u00e2neo, ajustando-se perfeitamente mesmo nos bolsos mais pequenos.<\/p>\n<p>\u00a0<\/p>\n<p><strong><u>CARACTER\u00cdSTICAS:<\/u><\/strong><\/p>\n<ul>\n<li>Material: ABS, silicone de qualidade alimentar<\/li>\n<li>Acabado: Mate<\/li>\n<li>Tamanho: 22x22x111mm\/0,87&#215;0,87&#215;4,37 pulgadas<\/li>\n<li>Peso: 36 g\/1,27 on\u00e7as<\/li>\n<li>Bateria: Li-Ion 70 mAh 3,7 V<\/li>\n<li>Carga: at\u00e9 2 hectares 5,0 V 70 mA<\/li>\n<li>Pot\u00eancia nominal: &#8211; Entrada: 5V 0,35W &#8211; Sa\u00edda: 3,7 V 0,4 W<\/li>\n<li>Tempo de usu\u00e1rio: at\u00e9 1,5h<\/li>\n<li>Em espera: 90 dias<\/li>\n<li>Frequ\u00eancia: 130Hz<\/li>\n<li>M\u00e1x. n\u00edvel de ru\u00eddo: <60 dB<\/li>\n<li>Interface: 2 bot\u00f5es<\/li>\n<\/ul>\n<p><strong><u>COMO UTILIZAR:<\/u><\/strong><\/p>\n<ul>\n<li>Antes do primeiro uso, carregue seu MIA\u2122 3 por 2 horas.<\/li>\n<li>A interface do seu MIA\u2122 3 pode estar bloqueada.<\/li>\n<li>Mantenha pressionados os bot\u00f5es + y  durante 3 segundos.<\/li>\n<li>Pulse semibrevemente o bot\u00e3o \u201c+\u201c para acender.<\/li>\n<li>Clique duas vezes no bot\u00e3o \u201c+\u201d ou \u201c-\u201d para mudar entre 8 modos.<\/li>\n<li>Pressione semibrevemente o bot\u00e3o \u201c-\u201d no n\u00edvel 1 para desligar.<\/li>\n<li>Mantenha pressionado o bot\u00e3o \u201d-\u201c nos outros n\u00edveis para desligar.<\/li>\n<\/ul>\n","protected":false},"excerpt":{"rendered":"<p>LELO &#8211; MIA 3 VIBRADOR PESSOAL PRETO<\/p>\n","protected":false},"featured_media":60603,"template":"","meta":{"_acf_changed":false},"product_brand":[],"product_cat":[17,61,76],"product_tag":[],"class_list":{"0":"post-48962","1":"product","2":"type-product","3":"status-publish","4":"has-post-thumbnail","6":"product_cat-brinquedos-de-bem-estar-sexual","7":"product_cat-para-elas","8":"product_cat-vibradores","9":"yith_product_brand-lelo","11":"first","12":"instock","13":"taxable","14":"shipping-taxable","15":"purchasable","16":"product-type-simple"},"acf":[],"yoast_head":"<!-- This site is optimized with the Yoast SEO plugin v27.4 - https:\/\/yoast.com\/product\/yoast-seo-wordpress\/ -->\n<title>LELO - MIA 3 VIBRADOR PESSOAL PRETO - Lovme<\/title>\n<meta name=\"robots\" content=\"index, follow, max-snippet:-1, max-image-preview:large, max-video-preview:-1\" \/>\n<link rel=\"canonical\" href=\"https:\/\/lovme.pt\/index.php\/produto\/lelo-mia-3-vibrador-pessoal-preto\/\" \/>\n<meta property=\"og:locale\" content=\"pt_PT\" \/>\n<meta property=\"og:type\" content=\"article\" \/>\n<meta property=\"og:title\" content=\"LELO - MIA 3 VIBRADOR PESSOAL PRETO - Lovme\" \/>\n<meta property=\"og:description\" content=\"LELO - MIA 3 VIBRADOR PESSOAL PRETO\" \/>\n<meta property=\"og:url\" content=\"https:\/\/lovme.pt\/index.php\/produto\/lelo-mia-3-vibrador-pessoal-preto\/\" \/>\n<meta property=\"og:site_name\" content=\"Lovme\" \/>\n<meta property=\"article:modified_time\" content=\"2026-02-19T20:06:11+00:00\" \/>\n<meta property=\"og:image\" content=\"https:\/\/erki24nd3ub.exactdn.com\/wp-content\/uploads\/dream\/img\/img_181462_d5f33b3c337374c9bc00acb243060335_1.jpg?strip=all\" \/>\n\t<meta property=\"og:image:width\" content=\"800\" \/>\n\t<meta property=\"og:image:height\" content=\"800\" \/>\n\t<meta property=\"og:image:type\" content=\"image\/jpeg\" \/>\n<meta name=\"twitter:card\" content=\"summary_large_image\" \/>\n<meta name=\"twitter:label1\" content=\"Tempo estimado de leitura\" \/>\n\t<meta name=\"twitter:data1\" content=\"1 minuto\" \/>\n<script type=\"application\/ld+json\" class=\"yoast-schema-graph\">{\"@context\":\"https:\\\/\\\/schema.org\",\"@graph\":[{\"@type\":\"WebPage\",\"@id\":\"https:\\\/\\\/lovme.pt\\\/index.php\\\/produto\\\/lelo-mia-3-vibrador-pessoal-preto\\\/\",\"url\":\"https:\\\/\\\/lovme.pt\\\/index.php\\\/produto\\\/lelo-mia-3-vibrador-pessoal-preto\\\/\",\"name\":\"LELO - MIA 3 VIBRADOR PESSOAL PRETO - Lovme\",\"isPartOf\":{\"@id\":\"https:\\\/\\\/lovme.pt\\\/#website\"},\"primaryImageOfPage\":{\"@id\":\"https:\\\/\\\/lovme.pt\\\/index.php\\\/produto\\\/lelo-mia-3-vibrador-pessoal-preto\\\/#primaryimage\"},\"image\":{\"@id\":\"https:\\\/\\\/lovme.pt\\\/index.php\\\/produto\\\/lelo-mia-3-vibrador-pessoal-preto\\\/#primaryimage\"},\"thumbnailUrl\":\"https:\\\/\\\/erki24nd3ub.exactdn.com\\\/wp-content\\\/uploads\\\/dream\\\/img\\\/img_181462_d5f33b3c337374c9bc00acb243060335_1.jpg?strip=all\",\"datePublished\":\"2025-09-30T09:59:31+00:00\",\"dateModified\":\"2026-02-19T20:06:11+00:00\",\"breadcrumb\":{\"@id\":\"https:\\\/\\\/lovme.pt\\\/index.php\\\/produto\\\/lelo-mia-3-vibrador-pessoal-preto\\\/#breadcrumb\"},\"inLanguage\":\"pt-PT\",\"potentialAction\":[{\"@type\":\"ReadAction\",\"target\":[\"https:\\\/\\\/lovme.pt\\\/index.php\\\/produto\\\/lelo-mia-3-vibrador-pessoal-preto\\\/\"]}]},{\"@type\":\"ImageObject\",\"inLanguage\":\"pt-PT\",\"@id\":\"https:\\\/\\\/lovme.pt\\\/index.php\\\/produto\\\/lelo-mia-3-vibrador-pessoal-preto\\\/#primaryimage\",\"url\":\"https:\\\/\\\/erki24nd3ub.exactdn.com\\\/wp-content\\\/uploads\\\/dream\\\/img\\\/img_181462_d5f33b3c337374c9bc00acb243060335_1.jpg?strip=all\",\"contentUrl\":\"https:\\\/\\\/erki24nd3ub.exactdn.com\\\/wp-content\\\/uploads\\\/dream\\\/img\\\/img_181462_d5f33b3c337374c9bc00acb243060335_1.jpg?strip=all\",\"width\":800,\"height\":800},{\"@type\":\"BreadcrumbList\",\"@id\":\"https:\\\/\\\/lovme.pt\\\/index.php\\\/produto\\\/lelo-mia-3-vibrador-pessoal-preto\\\/#breadcrumb\",\"itemListElement\":[{\"@type\":\"ListItem\",\"position\":1,\"name\":\"In\u00edcio\",\"item\":\"https:\\\/\\\/lovme.pt\\\/\"},{\"@type\":\"ListItem\",\"position\":2,\"name\":\"Loja\",\"item\":\"https:\\\/\\\/lovme.pt\\\/index.php\\\/loja\\\/\"},{\"@type\":\"ListItem\",\"position\":3,\"name\":\"LELO &#8211; MIA 3 VIBRADOR PESSOAL PRETO\"}]},{\"@type\":\"WebSite\",\"@id\":\"https:\\\/\\\/lovme.pt\\\/#website\",\"url\":\"https:\\\/\\\/lovme.pt\\\/\",\"name\":\"Lovme Loja Er\u00f3tica N\u00ba1 em Portugal\",\"description\":\"A melhor loja er\u00f3tica de Portugal.\",\"alternateName\":\"Loja Er\u00f3tica Lovme\",\"potentialAction\":[{\"@type\":\"SearchAction\",\"target\":{\"@type\":\"EntryPoint\",\"urlTemplate\":\"https:\\\/\\\/lovme.pt\\\/?s={search_term_string}\"},\"query-input\":{\"@type\":\"PropertyValueSpecification\",\"valueRequired\":true,\"valueName\":\"search_term_string\"}}],\"inLanguage\":\"pt-PT\"}]}<\/script>\n<!-- \/ Yoast SEO plugin. -->","yoast_head_json":{"title":"LELO - MIA 3 VIBRADOR PESSOAL PRETO - Lovme","robots":{"index":"index","follow":"follow","max-snippet":"max-snippet:-1","max-image-preview":"max-image-preview:large","max-video-preview":"max-video-preview:-1"},"canonical":"https:\/\/lovme.pt\/index.php\/produto\/lelo-mia-3-vibrador-pessoal-preto\/","og_locale":"pt_PT","og_type":"article","og_title":"LELO - MIA 3 VIBRADOR PESSOAL PRETO - Lovme","og_description":"LELO - MIA 3 VIBRADOR PESSOAL PRETO","og_url":"https:\/\/lovme.pt\/index.php\/produto\/lelo-mia-3-vibrador-pessoal-preto\/","og_site_name":"Lovme","article_modified_time":"2026-02-19T20:06:11+00:00","og_image":[{"width":800,"height":800,"url":"https:\/\/erki24nd3ub.exactdn.com\/wp-content\/uploads\/dream\/img\/img_181462_d5f33b3c337374c9bc00acb243060335_1.jpg?strip=all","type":"image\/jpeg"}],"twitter_card":"summary_large_image","twitter_misc":{"Tempo estimado de leitura":"1 minuto"},"schema":{"@context":"https:\/\/schema.org","@graph":[{"@type":"WebPage","@id":"https:\/\/lovme.pt\/index.php\/produto\/lelo-mia-3-vibrador-pessoal-preto\/","url":"https:\/\/lovme.pt\/index.php\/produto\/lelo-mia-3-vibrador-pessoal-preto\/","name":"LELO - MIA 3 VIBRADOR PESSOAL PRETO - Lovme","isPartOf":{"@id":"https:\/\/lovme.pt\/#website"},"primaryImageOfPage":{"@id":"https:\/\/lovme.pt\/index.php\/produto\/lelo-mia-3-vibrador-pessoal-preto\/#primaryimage"},"image":{"@id":"https:\/\/lovme.pt\/index.php\/produto\/lelo-mia-3-vibrador-pessoal-preto\/#primaryimage"},"thumbnailUrl":"https:\/\/erki24nd3ub.exactdn.com\/wp-content\/uploads\/dream\/img\/img_181462_d5f33b3c337374c9bc00acb243060335_1.jpg?strip=all","datePublished":"2025-09-30T09:59:31+00:00","dateModified":"2026-02-19T20:06:11+00:00","breadcrumb":{"@id":"https:\/\/lovme.pt\/index.php\/produto\/lelo-mia-3-vibrador-pessoal-preto\/#breadcrumb"},"inLanguage":"pt-PT","potentialAction":[{"@type":"ReadAction","target":["https:\/\/lovme.pt\/index.php\/produto\/lelo-mia-3-vibrador-pessoal-preto\/"]}]},{"@type":"ImageObject","inLanguage":"pt-PT","@id":"https:\/\/lovme.pt\/index.php\/produto\/lelo-mia-3-vibrador-pessoal-preto\/#primaryimage","url":"https:\/\/erki24nd3ub.exactdn.com\/wp-content\/uploads\/dream\/img\/img_181462_d5f33b3c337374c9bc00acb243060335_1.jpg?strip=all","contentUrl":"https:\/\/erki24nd3ub.exactdn.com\/wp-content\/uploads\/dream\/img\/img_181462_d5f33b3c337374c9bc00acb243060335_1.jpg?strip=all","width":800,"height":800},{"@type":"BreadcrumbList","@id":"https:\/\/lovme.pt\/index.php\/produto\/lelo-mia-3-vibrador-pessoal-preto\/#breadcrumb","itemListElement":[{"@type":"ListItem","position":1,"name":"In\u00edcio","item":"https:\/\/lovme.pt\/"},{"@type":"ListItem","position":2,"name":"Loja","item":"https:\/\/lovme.pt\/index.php\/loja\/"},{"@type":"ListItem","position":3,"name":"LELO &#8211; MIA 3 VIBRADOR PESSOAL PRETO"}]},{"@type":"WebSite","@id":"https:\/\/lovme.pt\/#website","url":"https:\/\/lovme.pt\/","name":"Lovme Loja Er\u00f3tica N\u00ba1 em Portugal","description":"A melhor loja er\u00f3tica de Portugal.","alternateName":"Loja Er\u00f3tica Lovme","potentialAction":[{"@type":"SearchAction","target":{"@type":"EntryPoint","urlTemplate":"https:\/\/lovme.pt\/?s={search_term_string}"},"query-input":{"@type":"PropertyValueSpecification","valueRequired":true,"valueName":"search_term_string"}}],"inLanguage":"pt-PT"}]}},"_links":{"self":[{"href":"https:\/\/lovme.pt\/index.php\/wp-json\/wp\/v2\/product\/48962","targetHints":{"allow":["GET"]}}],"collection":[{"href":"https:\/\/lovme.pt\/index.php\/wp-json\/wp\/v2\/product"}],"about":[{"href":"https:\/\/lovme.pt\/index.php\/wp-json\/wp\/v2\/types\/product"}],"wp:featuredmedia":[{"embeddable":true,"href":"https:\/\/lovme.pt\/index.php\/wp-json\/wp\/v2\/media\/60603"}],"wp:attachment":[{"href":"https:\/\/lovme.pt\/index.php\/wp-json\/wp\/v2\/media?parent=48962"}],"wp:term":[{"taxonomy":"product_brand","embeddable":true,"href":"https:\/\/lovme.pt\/index.php\/wp-json\/wp\/v2\/product_brand?post=48962"},{"taxonomy":"product_cat","embeddable":true,"href":"https:\/\/lovme.pt\/index.php\/wp-json\/wp\/v2\/product_cat?post=48962"},{"taxonomy":"product_tag","embeddable":true,"href":"https:\/\/lovme.pt\/index.php\/wp-json\/wp\/v2\/product_tag?post=48962"}],"curies":[{"name":"wp","href":"https:\/\/api.w.org\/{rel}","templated":true}]}}