{"id":48890,"date":"2025-09-30T09:45:10","date_gmt":"2025-09-30T09:45:10","guid":{"rendered":"https:\/\/lovme.pt\/?post_type=product&p=48890"},"modified":"2026-02-19T20:04:02","modified_gmt":"2026-02-19T20:04:02","slug":"pherostrong-oleo-de-massagem-para-mulheres-100-ml","status":"publish","type":"product","link":"https:\/\/lovme.pt\/index.php\/produto\/pherostrong-oleo-de-massagem-para-mulheres-100-ml\/","title":{"rendered":"PHEROSTRONG &#8211; \u00d3LEO DE MASSAGEM PARA MULHERES 100 ML"},"content":{"rendered":"<p><strong>\u00d3leo de massagem para massagem feminina com ferom\u00f4nios que excitam os homens.<\/strong><\/p>\n<p> Os \u00f3leos de massagem e cuidado corporal com notas perfumadas da linha PheroStrong combinam o poder da natureza, a efic\u00e1cia da ci\u00eancia e a car\u00edcia dos sentidos. Para lhe proporcionar o m\u00e1ximo de benef\u00edcios poss\u00edvel, utilizamos uma mistura cuidadosamente selecionada de ingredientes \u00fanicos. Descubra o nosso segredo e desfrute de uma massagem sensual aliada a cuidados com a pele.<\/p>\n<p> Nota de sa\u00edda: camp\u00e2nula, lim\u00e3o, ma\u00e7\u00e3<br \/> Nota de cora\u00e7\u00e3o: rosa, jasmim, bambu<br \/> Nota de base: alm\u00edscar, \u00e2mbar cinzento, cedro<\/p>\n<\/p>\n<div>\n<p> <strong><u>PHEROSTRONG<\/u><\/strong><\/p>\n<p> Ao criar o PheroStrong, a nossa equipa de design quis que o resultado final reflectisse a singularidade da nossa marca, concentr\u00e1mo-nos em preparar a f\u00f3rmula certa de feromonas, combinada com uma elevada concentra\u00e7\u00e3o de fragr\u00e2ncias especialmente seleccionadas e de alta qualidade para satisfazer at\u00e9 os gostos mais sofisticados.<\/p>\n<p> Uma ampla gama de produtos: perfumes, \u00f3leos, concentrados de ferom\u00f4nios. Todos encontrar\u00e3o algo para si.<\/p>\n<p> Nossos perfumes s\u00e3o apreciados por influenciadores de todo o mundo.<\/p>\n<p> Com PheroStrong voc\u00ea pode tornar cada encontro um sucesso e cada desafio se tornar uma meta realista.<\/p>\n<p> Saber como os ferom\u00f4nios funcionam em combina\u00e7\u00e3o com a composi\u00e7\u00e3o correta da fragr\u00e2ncia e como us\u00e1-los pode desenvolver enormes possibilidades para voc\u00ea.<\/p>\n<p> Voc\u00ea ver\u00e1 por si mesmo como suas intera\u00e7\u00f5es di\u00e1rias e profissionais mudam, como \u00e9 f\u00e1cil passar nos exames ou fazer novos amigos no clube.<\/p>\n<div> <span style=font-size: 13px;>Veja se os ferom\u00f4nios das fragr\u00e2ncias PheroStrong ir\u00e3o ajud\u00e1-lo a despertar o desejo no sexo oposto para que voc\u00ea possa eletrizar seus sentidos e satisfazer seus desejos e lux\u00farias sem inibi\u00e7\u00e3o, ganhar confian\u00e7a e novos amigos, alcan\u00e7ar o sucesso profissional e aumentar a efic\u00e1cia do seu trabalho, desfrute do respeito, do reconhecimento e da confian\u00e7a entre aqueles que o rodeiam, seja um HOMEM DE SUCESSO.<\/span><\/div>\n","protected":false},"excerpt":{"rendered":"<p>PHEROSTRONG &#8211; \u00d3LEO DE MASSAGEM PARA MULHERES 100 ML<\/p>\n","protected":false},"featured_media":56558,"template":"","meta":{"_acf_changed":false},"product_brand":[],"product_cat":[49,51],"product_tag":[],"class_list":{"0":"post-48890","1":"product","2":"type-product","3":"status-publish","4":"has-post-thumbnail","6":"product_cat-cosmeticos","7":"product_cat-oleos-de-massagem","8":"yith_product_brand-pherostrong","10":"first","11":"instock","12":"taxable","13":"shipping-taxable","14":"purchasable","15":"product-type-simple"},"acf":[],"yoast_head":"<!-- This site is optimized with the Yoast SEO plugin v27.4 - https:\/\/yoast.com\/product\/yoast-seo-wordpress\/ -->\n<title>PHEROSTRONG - \u00d3LEO DE MASSAGEM PARA MULHERES 100 ML - Lovme<\/title>\n<meta name=\"robots\" content=\"index, follow, max-snippet:-1, max-image-preview:large, max-video-preview:-1\" \/>\n<link rel=\"canonical\" href=\"https:\/\/lovme.pt\/index.php\/produto\/pherostrong-oleo-de-massagem-para-mulheres-100-ml\/\" \/>\n<meta property=\"og:locale\" content=\"pt_PT\" \/>\n<meta property=\"og:type\" content=\"article\" \/>\n<meta property=\"og:title\" content=\"PHEROSTRONG - \u00d3LEO DE MASSAGEM PARA MULHERES 100 ML - Lovme\" \/>\n<meta property=\"og:description\" content=\"PHEROSTRONG - \u00d3LEO DE MASSAGEM PARA MULHERES 100 ML\" \/>\n<meta property=\"og:url\" content=\"https:\/\/lovme.pt\/index.php\/produto\/pherostrong-oleo-de-massagem-para-mulheres-100-ml\/\" \/>\n<meta property=\"og:site_name\" content=\"Lovme\" \/>\n<meta property=\"article:modified_time\" content=\"2026-02-19T20:04:02+00:00\" \/>\n<meta property=\"og:image\" content=\"https:\/\/erki24nd3ub.exactdn.com\/wp-content\/uploads\/dream\/img\/img_181194_4842a09a2d1087dbdd6890c604a15231_1.jpg?strip=all\" \/>\n\t<meta property=\"og:image:width\" content=\"800\" \/>\n\t<meta property=\"og:image:height\" content=\"800\" \/>\n\t<meta property=\"og:image:type\" content=\"image\/jpeg\" \/>\n<meta name=\"twitter:card\" content=\"summary_large_image\" \/>\n<meta name=\"twitter:label1\" content=\"Tempo estimado de leitura\" \/>\n\t<meta name=\"twitter:data1\" content=\"2 minutos\" \/>\n<script type=\"application\/ld+json\" class=\"yoast-schema-graph\">{\"@context\":\"https:\\\/\\\/schema.org\",\"@graph\":[{\"@type\":\"WebPage\",\"@id\":\"https:\\\/\\\/lovme.pt\\\/index.php\\\/produto\\\/pherostrong-oleo-de-massagem-para-mulheres-100-ml\\\/\",\"url\":\"https:\\\/\\\/lovme.pt\\\/index.php\\\/produto\\\/pherostrong-oleo-de-massagem-para-mulheres-100-ml\\\/\",\"name\":\"PHEROSTRONG - \u00d3LEO DE MASSAGEM PARA MULHERES 100 ML - Lovme\",\"isPartOf\":{\"@id\":\"https:\\\/\\\/lovme.pt\\\/#website\"},\"primaryImageOfPage\":{\"@id\":\"https:\\\/\\\/lovme.pt\\\/index.php\\\/produto\\\/pherostrong-oleo-de-massagem-para-mulheres-100-ml\\\/#primaryimage\"},\"image\":{\"@id\":\"https:\\\/\\\/lovme.pt\\\/index.php\\\/produto\\\/pherostrong-oleo-de-massagem-para-mulheres-100-ml\\\/#primaryimage\"},\"thumbnailUrl\":\"https:\\\/\\\/erki24nd3ub.exactdn.com\\\/wp-content\\\/uploads\\\/dream\\\/img\\\/img_181194_4842a09a2d1087dbdd6890c604a15231_1.jpg?strip=all\",\"datePublished\":\"2025-09-30T09:45:10+00:00\",\"dateModified\":\"2026-02-19T20:04:02+00:00\",\"breadcrumb\":{\"@id\":\"https:\\\/\\\/lovme.pt\\\/index.php\\\/produto\\\/pherostrong-oleo-de-massagem-para-mulheres-100-ml\\\/#breadcrumb\"},\"inLanguage\":\"pt-PT\",\"potentialAction\":[{\"@type\":\"ReadAction\",\"target\":[\"https:\\\/\\\/lovme.pt\\\/index.php\\\/produto\\\/pherostrong-oleo-de-massagem-para-mulheres-100-ml\\\/\"]}]},{\"@type\":\"ImageObject\",\"inLanguage\":\"pt-PT\",\"@id\":\"https:\\\/\\\/lovme.pt\\\/index.php\\\/produto\\\/pherostrong-oleo-de-massagem-para-mulheres-100-ml\\\/#primaryimage\",\"url\":\"https:\\\/\\\/erki24nd3ub.exactdn.com\\\/wp-content\\\/uploads\\\/dream\\\/img\\\/img_181194_4842a09a2d1087dbdd6890c604a15231_1.jpg?strip=all\",\"contentUrl\":\"https:\\\/\\\/erki24nd3ub.exactdn.com\\\/wp-content\\\/uploads\\\/dream\\\/img\\\/img_181194_4842a09a2d1087dbdd6890c604a15231_1.jpg?strip=all\",\"width\":800,\"height\":800},{\"@type\":\"BreadcrumbList\",\"@id\":\"https:\\\/\\\/lovme.pt\\\/index.php\\\/produto\\\/pherostrong-oleo-de-massagem-para-mulheres-100-ml\\\/#breadcrumb\",\"itemListElement\":[{\"@type\":\"ListItem\",\"position\":1,\"name\":\"In\u00edcio\",\"item\":\"https:\\\/\\\/lovme.pt\\\/\"},{\"@type\":\"ListItem\",\"position\":2,\"name\":\"Loja\",\"item\":\"https:\\\/\\\/lovme.pt\\\/index.php\\\/loja\\\/\"},{\"@type\":\"ListItem\",\"position\":3,\"name\":\"PHEROSTRONG &#8211; \u00d3LEO DE MASSAGEM PARA MULHERES 100 ML\"}]},{\"@type\":\"WebSite\",\"@id\":\"https:\\\/\\\/lovme.pt\\\/#website\",\"url\":\"https:\\\/\\\/lovme.pt\\\/\",\"name\":\"Lovme Loja Er\u00f3tica N\u00ba1 em Portugal\",\"description\":\"A melhor loja er\u00f3tica de Portugal.\",\"alternateName\":\"Loja Er\u00f3tica Lovme\",\"potentialAction\":[{\"@type\":\"SearchAction\",\"target\":{\"@type\":\"EntryPoint\",\"urlTemplate\":\"https:\\\/\\\/lovme.pt\\\/?s={search_term_string}\"},\"query-input\":{\"@type\":\"PropertyValueSpecification\",\"valueRequired\":true,\"valueName\":\"search_term_string\"}}],\"inLanguage\":\"pt-PT\"}]}<\/script>\n<!-- \/ Yoast SEO plugin. -->","yoast_head_json":{"title":"PHEROSTRONG - \u00d3LEO DE MASSAGEM PARA MULHERES 100 ML - Lovme","robots":{"index":"index","follow":"follow","max-snippet":"max-snippet:-1","max-image-preview":"max-image-preview:large","max-video-preview":"max-video-preview:-1"},"canonical":"https:\/\/lovme.pt\/index.php\/produto\/pherostrong-oleo-de-massagem-para-mulheres-100-ml\/","og_locale":"pt_PT","og_type":"article","og_title":"PHEROSTRONG - \u00d3LEO DE MASSAGEM PARA MULHERES 100 ML - Lovme","og_description":"PHEROSTRONG - \u00d3LEO DE MASSAGEM PARA MULHERES 100 ML","og_url":"https:\/\/lovme.pt\/index.php\/produto\/pherostrong-oleo-de-massagem-para-mulheres-100-ml\/","og_site_name":"Lovme","article_modified_time":"2026-02-19T20:04:02+00:00","og_image":[{"width":800,"height":800,"url":"https:\/\/erki24nd3ub.exactdn.com\/wp-content\/uploads\/dream\/img\/img_181194_4842a09a2d1087dbdd6890c604a15231_1.jpg?strip=all","type":"image\/jpeg"}],"twitter_card":"summary_large_image","twitter_misc":{"Tempo estimado de leitura":"2 minutos"},"schema":{"@context":"https:\/\/schema.org","@graph":[{"@type":"WebPage","@id":"https:\/\/lovme.pt\/index.php\/produto\/pherostrong-oleo-de-massagem-para-mulheres-100-ml\/","url":"https:\/\/lovme.pt\/index.php\/produto\/pherostrong-oleo-de-massagem-para-mulheres-100-ml\/","name":"PHEROSTRONG - \u00d3LEO DE MASSAGEM PARA MULHERES 100 ML - Lovme","isPartOf":{"@id":"https:\/\/lovme.pt\/#website"},"primaryImageOfPage":{"@id":"https:\/\/lovme.pt\/index.php\/produto\/pherostrong-oleo-de-massagem-para-mulheres-100-ml\/#primaryimage"},"image":{"@id":"https:\/\/lovme.pt\/index.php\/produto\/pherostrong-oleo-de-massagem-para-mulheres-100-ml\/#primaryimage"},"thumbnailUrl":"https:\/\/erki24nd3ub.exactdn.com\/wp-content\/uploads\/dream\/img\/img_181194_4842a09a2d1087dbdd6890c604a15231_1.jpg?strip=all","datePublished":"2025-09-30T09:45:10+00:00","dateModified":"2026-02-19T20:04:02+00:00","breadcrumb":{"@id":"https:\/\/lovme.pt\/index.php\/produto\/pherostrong-oleo-de-massagem-para-mulheres-100-ml\/#breadcrumb"},"inLanguage":"pt-PT","potentialAction":[{"@type":"ReadAction","target":["https:\/\/lovme.pt\/index.php\/produto\/pherostrong-oleo-de-massagem-para-mulheres-100-ml\/"]}]},{"@type":"ImageObject","inLanguage":"pt-PT","@id":"https:\/\/lovme.pt\/index.php\/produto\/pherostrong-oleo-de-massagem-para-mulheres-100-ml\/#primaryimage","url":"https:\/\/erki24nd3ub.exactdn.com\/wp-content\/uploads\/dream\/img\/img_181194_4842a09a2d1087dbdd6890c604a15231_1.jpg?strip=all","contentUrl":"https:\/\/erki24nd3ub.exactdn.com\/wp-content\/uploads\/dream\/img\/img_181194_4842a09a2d1087dbdd6890c604a15231_1.jpg?strip=all","width":800,"height":800},{"@type":"BreadcrumbList","@id":"https:\/\/lovme.pt\/index.php\/produto\/pherostrong-oleo-de-massagem-para-mulheres-100-ml\/#breadcrumb","itemListElement":[{"@type":"ListItem","position":1,"name":"In\u00edcio","item":"https:\/\/lovme.pt\/"},{"@type":"ListItem","position":2,"name":"Loja","item":"https:\/\/lovme.pt\/index.php\/loja\/"},{"@type":"ListItem","position":3,"name":"PHEROSTRONG &#8211; \u00d3LEO DE MASSAGEM PARA MULHERES 100 ML"}]},{"@type":"WebSite","@id":"https:\/\/lovme.pt\/#website","url":"https:\/\/lovme.pt\/","name":"Lovme Loja Er\u00f3tica N\u00ba1 em Portugal","description":"A melhor loja er\u00f3tica de Portugal.","alternateName":"Loja Er\u00f3tica Lovme","potentialAction":[{"@type":"SearchAction","target":{"@type":"EntryPoint","urlTemplate":"https:\/\/lovme.pt\/?s={search_term_string}"},"query-input":{"@type":"PropertyValueSpecification","valueRequired":true,"valueName":"search_term_string"}}],"inLanguage":"pt-PT"}]}},"_links":{"self":[{"href":"https:\/\/lovme.pt\/index.php\/wp-json\/wp\/v2\/product\/48890","targetHints":{"allow":["GET"]}}],"collection":[{"href":"https:\/\/lovme.pt\/index.php\/wp-json\/wp\/v2\/product"}],"about":[{"href":"https:\/\/lovme.pt\/index.php\/wp-json\/wp\/v2\/types\/product"}],"wp:featuredmedia":[{"embeddable":true,"href":"https:\/\/lovme.pt\/index.php\/wp-json\/wp\/v2\/media\/56558"}],"wp:attachment":[{"href":"https:\/\/lovme.pt\/index.php\/wp-json\/wp\/v2\/media?parent=48890"}],"wp:term":[{"taxonomy":"product_brand","embeddable":true,"href":"https:\/\/lovme.pt\/index.php\/wp-json\/wp\/v2\/product_brand?post=48890"},{"taxonomy":"product_cat","embeddable":true,"href":"https:\/\/lovme.pt\/index.php\/wp-json\/wp\/v2\/product_cat?post=48890"},{"taxonomy":"product_tag","embeddable":true,"href":"https:\/\/lovme.pt\/index.php\/wp-json\/wp\/v2\/product_tag?post=48890"}],"curies":[{"name":"wp","href":"https:\/\/api.w.org\/{rel}","templated":true}]}}