{"id":48850,"date":"2025-10-01T02:38:21","date_gmt":"2025-10-01T02:38:21","guid":{"rendered":"https:\/\/lovme.pt\/?post_type=product&p=48850"},"modified":"2026-02-20T04:01:49","modified_gmt":"2026-02-20T04:01:49","slug":"pherostrong-preromone-perfume-beast-para-homem-50-ml","status":"publish","type":"product","link":"https:\/\/lovme.pt\/index.php\/produto\/pherostrong-preromone-perfume-beast-para-homem-50-ml\/","title":{"rendered":"PHEROSTRONG &#8211; PREROMONE PERFUME BEAST PARA HOMEM 50 ML"},"content":{"rendered":"<p><strong>Perfume com ferom\u00f4nios para homens para excitar as mulheres.<\/strong><\/p>\n<p>Independ\u00eancia e determina\u00e7\u00e3o s\u00e3o personificadas pelo ferom\u00f4nio PheroStrong Beast for Men. Uma verdadeira ode \u00e0 pura liberdade masculina, \u00e9 feita para todos aqueles que n\u00e3o se deixam influenciar por nenhuma regra. Voc\u00ea pode causar impacto e mostrar que est\u00e1 capacitado para tomar medidas ousadas.<br \/>&#8211; fragr\u00e2ncia arom\u00e1tica e amadeirada<br \/>&#8211; adequado para todos os cavalheiros que pensam de forma independente<br \/>&#8211; adequado para uso di\u00e1rio e para eventos noturnos<br \/>Prepare-se para o aroma distinto de lim\u00e3o e menta fresca, que ir\u00e1 surpreend\u00ea-lo pela harmonia m\u00fatua desde o in\u00edcio. Rapidamente s\u00e3o substitu\u00eddos por uma combina\u00e7\u00e3o de pimenta picante com gengibre e flores de jasmim branco. A experi\u00eancia inebriante \u00e9 complementada com aromas quentes de s\u00e2ndalo com cedro e fava tonka.<\/p>\n<p>Nota de sa\u00edda: lim\u00e3o, hortel\u00e3<br \/>Nota de cora\u00e7\u00e3o: pimenta picante, gengibre, jasmim<br \/>Nota de fundo: madeira de s\u00e2ndalo, madeira de cedro, tonka<\/p>\n<p>\u00a0<\/p>\n<div>\n<p><strong><u>PHEROSTRONG<\/u><\/strong><\/p>\n<p>Ao criar o PheroStrong, nossa equipe de design queria que o resultado final refletisse a singularidade de nossa marca, nos concentramos em preparar a f\u00f3rmula certa de ferom\u00f4nios, combinada com uma alta concentra\u00e7\u00e3o de fragr\u00e2ncias especialmente selecionadas e de alta qualidade para atender at\u00e9 os gostos mais sofisticados.<\/p>\n<p>Uma vasta gama de produtos: perfumes, \u00f3leos, concentrados de feromonas. Todos encontrar\u00e3o algo para si.<\/p>\n<p>Nossos perfumes s\u00e3o apreciados por influenciadores de todo o mundo.<\/p>\n<p>Com PheroStrong voc\u00ea pode tornar cada encontro um sucesso e cada desafio se tornar uma meta realista.<\/p>\n<p>Saber como os ferom\u00f4nios funcionam em combina\u00e7\u00e3o com a composi\u00e7\u00e3o correta da fragr\u00e2ncia e como us\u00e1-los pode desenvolver enormes possibilidades para voc\u00ea.<\/p>\n<p>Voc\u00ea ver\u00e1 por si mesmo como suas intera\u00e7\u00f5es di\u00e1rias e profissionais mudam, como \u00e9 f\u00e1cil passar nos exames ou fazer novos amigos no clube.<\/p>\n<div><span style=\"font-size:\">Veja se os ferom\u00f4nios das fragr\u00e2ncias PheroStrong ir\u00e3o ajud\u00e1-lo a despertar o desejo no sexo oposto para que voc\u00ea possa eletrificar seus sentidos e satisfazer seus desejos e lux\u00farias sem inibi\u00e7\u00e3o, ganhar confian\u00e7a e novos amigos, alcan\u00e7ar o sucesso profissional e aumentar a efic\u00e1cia do seu trabalho, desfrute do respeito, do reconhecimento e da confian\u00e7a entre aqueles que o rodeiam, seja um HOMEM DE SUCESSO.<\/span><\/div>\n<\/div>\n","protected":false},"excerpt":{"rendered":"<p>PHEROSTRONG &#8211; PREROMONE PERFUME BEAST PARA HOMEM 50 ML<\/p>\n","protected":false},"featured_media":98173,"template":"","meta":{"_acf_changed":false},"product_brand":[],"product_cat":[49],"product_tag":[],"class_list":{"0":"post-48850","1":"product","2":"type-product","3":"status-publish","4":"has-post-thumbnail","6":"product_cat-cosmeticos","7":"yith_product_brand-pherostrong","9":"first","10":"instock","11":"taxable","12":"shipping-taxable","13":"purchasable","14":"product-type-simple"},"acf":[],"yoast_head":"<!-- This site is optimized with the Yoast SEO plugin v27.4 - https:\/\/yoast.com\/product\/yoast-seo-wordpress\/ -->\n<title>PHEROSTRONG - PREROMONE PERFUME BEAST PARA HOMEM 50 ML - Lovme<\/title>\n<meta name=\"robots\" content=\"index, follow, max-snippet:-1, max-image-preview:large, max-video-preview:-1\" \/>\n<link rel=\"canonical\" href=\"https:\/\/lovme.pt\/index.php\/produto\/pherostrong-preromone-perfume-beast-para-homem-50-ml\/\" \/>\n<meta property=\"og:locale\" content=\"pt_PT\" \/>\n<meta property=\"og:type\" content=\"article\" \/>\n<meta property=\"og:title\" content=\"PHEROSTRONG - PREROMONE PERFUME BEAST PARA HOMEM 50 ML - Lovme\" \/>\n<meta property=\"og:description\" content=\"PHEROSTRONG - PREROMONE PERFUME BEAST PARA HOMEM 50 ML\" \/>\n<meta property=\"og:url\" content=\"https:\/\/lovme.pt\/index.php\/produto\/pherostrong-preromone-perfume-beast-para-homem-50-ml\/\" \/>\n<meta property=\"og:site_name\" content=\"Lovme\" \/>\n<meta property=\"article:modified_time\" content=\"2026-02-20T04:01:49+00:00\" \/>\n<meta property=\"og:image\" content=\"https:\/\/erki24nd3ub.exactdn.com\/wp-content\/uploads\/dream\/img\/img_181124_9af439071e85a28803498664b8d85f64_1.jpg?strip=all\" \/>\n\t<meta property=\"og:image:width\" content=\"800\" \/>\n\t<meta property=\"og:image:height\" content=\"800\" \/>\n\t<meta property=\"og:image:type\" content=\"image\/jpeg\" \/>\n<meta name=\"twitter:card\" content=\"summary_large_image\" \/>\n<meta name=\"twitter:label1\" content=\"Tempo estimado de leitura\" \/>\n\t<meta name=\"twitter:data1\" content=\"2 minutos\" \/>\n<script type=\"application\/ld+json\" class=\"yoast-schema-graph\">{\"@context\":\"https:\\\/\\\/schema.org\",\"@graph\":[{\"@type\":\"WebPage\",\"@id\":\"https:\\\/\\\/lovme.pt\\\/index.php\\\/produto\\\/pherostrong-preromone-perfume-beast-para-homem-50-ml\\\/\",\"url\":\"https:\\\/\\\/lovme.pt\\\/index.php\\\/produto\\\/pherostrong-preromone-perfume-beast-para-homem-50-ml\\\/\",\"name\":\"PHEROSTRONG - PREROMONE PERFUME BEAST PARA HOMEM 50 ML - Lovme\",\"isPartOf\":{\"@id\":\"https:\\\/\\\/lovme.pt\\\/#website\"},\"primaryImageOfPage\":{\"@id\":\"https:\\\/\\\/lovme.pt\\\/index.php\\\/produto\\\/pherostrong-preromone-perfume-beast-para-homem-50-ml\\\/#primaryimage\"},\"image\":{\"@id\":\"https:\\\/\\\/lovme.pt\\\/index.php\\\/produto\\\/pherostrong-preromone-perfume-beast-para-homem-50-ml\\\/#primaryimage\"},\"thumbnailUrl\":\"https:\\\/\\\/erki24nd3ub.exactdn.com\\\/wp-content\\\/uploads\\\/dream\\\/img\\\/img_181124_9af439071e85a28803498664b8d85f64_1.jpg?strip=all\",\"datePublished\":\"2025-10-01T02:38:21+00:00\",\"dateModified\":\"2026-02-20T04:01:49+00:00\",\"breadcrumb\":{\"@id\":\"https:\\\/\\\/lovme.pt\\\/index.php\\\/produto\\\/pherostrong-preromone-perfume-beast-para-homem-50-ml\\\/#breadcrumb\"},\"inLanguage\":\"pt-PT\",\"potentialAction\":[{\"@type\":\"ReadAction\",\"target\":[\"https:\\\/\\\/lovme.pt\\\/index.php\\\/produto\\\/pherostrong-preromone-perfume-beast-para-homem-50-ml\\\/\"]}]},{\"@type\":\"ImageObject\",\"inLanguage\":\"pt-PT\",\"@id\":\"https:\\\/\\\/lovme.pt\\\/index.php\\\/produto\\\/pherostrong-preromone-perfume-beast-para-homem-50-ml\\\/#primaryimage\",\"url\":\"https:\\\/\\\/erki24nd3ub.exactdn.com\\\/wp-content\\\/uploads\\\/dream\\\/img\\\/img_181124_9af439071e85a28803498664b8d85f64_1.jpg?strip=all\",\"contentUrl\":\"https:\\\/\\\/erki24nd3ub.exactdn.com\\\/wp-content\\\/uploads\\\/dream\\\/img\\\/img_181124_9af439071e85a28803498664b8d85f64_1.jpg?strip=all\",\"width\":800,\"height\":800},{\"@type\":\"BreadcrumbList\",\"@id\":\"https:\\\/\\\/lovme.pt\\\/index.php\\\/produto\\\/pherostrong-preromone-perfume-beast-para-homem-50-ml\\\/#breadcrumb\",\"itemListElement\":[{\"@type\":\"ListItem\",\"position\":1,\"name\":\"In\u00edcio\",\"item\":\"https:\\\/\\\/lovme.pt\\\/\"},{\"@type\":\"ListItem\",\"position\":2,\"name\":\"Loja\",\"item\":\"https:\\\/\\\/lovme.pt\\\/index.php\\\/loja\\\/\"},{\"@type\":\"ListItem\",\"position\":3,\"name\":\"PHEROSTRONG &#8211; PREROMONE PERFUME BEAST PARA HOMEM 50 ML\"}]},{\"@type\":\"WebSite\",\"@id\":\"https:\\\/\\\/lovme.pt\\\/#website\",\"url\":\"https:\\\/\\\/lovme.pt\\\/\",\"name\":\"Lovme Loja Er\u00f3tica N\u00ba1 em Portugal\",\"description\":\"A melhor loja er\u00f3tica de Portugal.\",\"alternateName\":\"Loja Er\u00f3tica Lovme\",\"potentialAction\":[{\"@type\":\"SearchAction\",\"target\":{\"@type\":\"EntryPoint\",\"urlTemplate\":\"https:\\\/\\\/lovme.pt\\\/?s={search_term_string}\"},\"query-input\":{\"@type\":\"PropertyValueSpecification\",\"valueRequired\":true,\"valueName\":\"search_term_string\"}}],\"inLanguage\":\"pt-PT\"}]}<\/script>\n<!-- \/ Yoast SEO plugin. -->","yoast_head_json":{"title":"PHEROSTRONG - PREROMONE PERFUME BEAST PARA HOMEM 50 ML - Lovme","robots":{"index":"index","follow":"follow","max-snippet":"max-snippet:-1","max-image-preview":"max-image-preview:large","max-video-preview":"max-video-preview:-1"},"canonical":"https:\/\/lovme.pt\/index.php\/produto\/pherostrong-preromone-perfume-beast-para-homem-50-ml\/","og_locale":"pt_PT","og_type":"article","og_title":"PHEROSTRONG - PREROMONE PERFUME BEAST PARA HOMEM 50 ML - Lovme","og_description":"PHEROSTRONG - PREROMONE PERFUME BEAST PARA HOMEM 50 ML","og_url":"https:\/\/lovme.pt\/index.php\/produto\/pherostrong-preromone-perfume-beast-para-homem-50-ml\/","og_site_name":"Lovme","article_modified_time":"2026-02-20T04:01:49+00:00","og_image":[{"width":800,"height":800,"url":"https:\/\/erki24nd3ub.exactdn.com\/wp-content\/uploads\/dream\/img\/img_181124_9af439071e85a28803498664b8d85f64_1.jpg?strip=all","type":"image\/jpeg"}],"twitter_card":"summary_large_image","twitter_misc":{"Tempo estimado de leitura":"2 minutos"},"schema":{"@context":"https:\/\/schema.org","@graph":[{"@type":"WebPage","@id":"https:\/\/lovme.pt\/index.php\/produto\/pherostrong-preromone-perfume-beast-para-homem-50-ml\/","url":"https:\/\/lovme.pt\/index.php\/produto\/pherostrong-preromone-perfume-beast-para-homem-50-ml\/","name":"PHEROSTRONG - PREROMONE PERFUME BEAST PARA HOMEM 50 ML - Lovme","isPartOf":{"@id":"https:\/\/lovme.pt\/#website"},"primaryImageOfPage":{"@id":"https:\/\/lovme.pt\/index.php\/produto\/pherostrong-preromone-perfume-beast-para-homem-50-ml\/#primaryimage"},"image":{"@id":"https:\/\/lovme.pt\/index.php\/produto\/pherostrong-preromone-perfume-beast-para-homem-50-ml\/#primaryimage"},"thumbnailUrl":"https:\/\/erki24nd3ub.exactdn.com\/wp-content\/uploads\/dream\/img\/img_181124_9af439071e85a28803498664b8d85f64_1.jpg?strip=all","datePublished":"2025-10-01T02:38:21+00:00","dateModified":"2026-02-20T04:01:49+00:00","breadcrumb":{"@id":"https:\/\/lovme.pt\/index.php\/produto\/pherostrong-preromone-perfume-beast-para-homem-50-ml\/#breadcrumb"},"inLanguage":"pt-PT","potentialAction":[{"@type":"ReadAction","target":["https:\/\/lovme.pt\/index.php\/produto\/pherostrong-preromone-perfume-beast-para-homem-50-ml\/"]}]},{"@type":"ImageObject","inLanguage":"pt-PT","@id":"https:\/\/lovme.pt\/index.php\/produto\/pherostrong-preromone-perfume-beast-para-homem-50-ml\/#primaryimage","url":"https:\/\/erki24nd3ub.exactdn.com\/wp-content\/uploads\/dream\/img\/img_181124_9af439071e85a28803498664b8d85f64_1.jpg?strip=all","contentUrl":"https:\/\/erki24nd3ub.exactdn.com\/wp-content\/uploads\/dream\/img\/img_181124_9af439071e85a28803498664b8d85f64_1.jpg?strip=all","width":800,"height":800},{"@type":"BreadcrumbList","@id":"https:\/\/lovme.pt\/index.php\/produto\/pherostrong-preromone-perfume-beast-para-homem-50-ml\/#breadcrumb","itemListElement":[{"@type":"ListItem","position":1,"name":"In\u00edcio","item":"https:\/\/lovme.pt\/"},{"@type":"ListItem","position":2,"name":"Loja","item":"https:\/\/lovme.pt\/index.php\/loja\/"},{"@type":"ListItem","position":3,"name":"PHEROSTRONG &#8211; PREROMONE PERFUME BEAST PARA HOMEM 50 ML"}]},{"@type":"WebSite","@id":"https:\/\/lovme.pt\/#website","url":"https:\/\/lovme.pt\/","name":"Lovme Loja Er\u00f3tica N\u00ba1 em Portugal","description":"A melhor loja er\u00f3tica de Portugal.","alternateName":"Loja Er\u00f3tica Lovme","potentialAction":[{"@type":"SearchAction","target":{"@type":"EntryPoint","urlTemplate":"https:\/\/lovme.pt\/?s={search_term_string}"},"query-input":{"@type":"PropertyValueSpecification","valueRequired":true,"valueName":"search_term_string"}}],"inLanguage":"pt-PT"}]}},"_links":{"self":[{"href":"https:\/\/lovme.pt\/index.php\/wp-json\/wp\/v2\/product\/48850","targetHints":{"allow":["GET"]}}],"collection":[{"href":"https:\/\/lovme.pt\/index.php\/wp-json\/wp\/v2\/product"}],"about":[{"href":"https:\/\/lovme.pt\/index.php\/wp-json\/wp\/v2\/types\/product"}],"wp:featuredmedia":[{"embeddable":true,"href":"https:\/\/lovme.pt\/index.php\/wp-json\/wp\/v2\/media\/98173"}],"wp:attachment":[{"href":"https:\/\/lovme.pt\/index.php\/wp-json\/wp\/v2\/media?parent=48850"}],"wp:term":[{"taxonomy":"product_brand","embeddable":true,"href":"https:\/\/lovme.pt\/index.php\/wp-json\/wp\/v2\/product_brand?post=48850"},{"taxonomy":"product_cat","embeddable":true,"href":"https:\/\/lovme.pt\/index.php\/wp-json\/wp\/v2\/product_cat?post=48850"},{"taxonomy":"product_tag","embeddable":true,"href":"https:\/\/lovme.pt\/index.php\/wp-json\/wp\/v2\/product_tag?post=48850"}],"curies":[{"name":"wp","href":"https:\/\/api.w.org\/{rel}","templated":true}]}}