{"id":48805,"date":"2025-10-01T00:28:46","date_gmt":"2025-10-01T00:28:46","guid":{"rendered":"https:\/\/lovme.pt\/?post_type=product&#038;p=48805"},"modified":"2026-02-19T20:23:23","modified_gmt":"2026-02-19T20:23:23","slug":"leg-avenue-meias-arrastao-sem-crotchless-pretas","status":"publish","type":"product","link":"https:\/\/lovme.pt\/index.php\/produto\/leg-avenue-meias-arrastao-sem-crotchless-pretas\/","title":{"rendered":"LEG AVENUE &#8211; MEDIAS REJILLA SIN ENTREPIERNA NEGRO"},"content":{"rendered":"<p>Las medias de rejilla de corte franc\u00e9s sin entrepierna con costura trasera en forma de coraz\u00f3n y espalda con cordones sint\u00e9ticos son una pieza de lencer\u00eda desenhada para real\u00e7ar a sensualidade e o glamour de quem a leva. Este tipo de m\u00eddia combina elementos cl\u00e1ssicos e modernos, oferecendo um visual atraente que n\u00e3o passa desapercebido.<\/p>\n<p>Eles s\u00e3o extremamente vers\u00e1teis e podem ser combinados com uma variedade de itens, desde vestidos e faldas at\u00e9 conjuntos de lencerias mais elaborados. S\u00e3o ideais para ocasi\u00f5es especiais onde voc\u00ea busca impressionar e destacar, seja uma noite rom\u00e2ntica ou uma sa\u00edda elegante.<\/p>\n<p>Seu design detalhado e provocante n\u00e3o apenas real\u00e7a a beleza natural das pernas, mas tamb\u00e9m adiciona um toque de eleg\u00e2ncia e sensualidade, convertendo-as em uma op\u00e7\u00e3o perfeita para quem deseja se sentir atraente e seguro de si mesmo.<\/p>\n<p>\u00a0<\/p>\n<p><u><strong>CARACTER\u00cdSTICAS:<\/strong><\/u><\/p>\n<ul>\n<li>M\u00eddias de rejilla de corte franc\u00eas sem entrepierna com costura traseira em forma de cora\u00e7\u00e3o e espalda com cord\u00f5es sint\u00e9ticos.<\/li>\n<li>Talla \u00fanica<\/li>\n<li>Composi\u00e7\u00e3o: 95% nailon, 5% elastano<\/li>\n<li>Cor: Negro e Rojo<\/li>\n<li>Ultrasuave e el\u00e1stico para m\u00e1xima comodidade<\/li>\n<\/ul>\n<p>\u00a0<\/p>\n<p><strong>A Leg Avenue<\/strong> tem os produtos que est\u00e1 buscando se comprometer a oferecer aos clientes produtos inovadores, pre\u00e7os competitivos e uma grande satisfa\u00e7\u00e3o, recebidos do distrito mais fashion de Los Angeles.<\/p>\n<p>\u00a1Aqu\u00ed tudo se trata de ti! Entendemos que cada corpo \u00e9 \u00fanico e acreditamos que todas as mulheres devem versos e se sentirem fant\u00e1sticas, independentemente de seu tamanho ou forma. Ent\u00e3o, a seguran\u00e7a de nossos projetos sempre est\u00e1 focada em real\u00e7ar suas melhores caracter\u00edsticas. E em serio, os d\u00e9cimos em serio quando decimos que valorizamos as telas super suaves e a elasticidade do n\u00edvel seguinte. Comodidade e estilo? \u00a1Verifica\u00e7\u00e3o dupla!<\/p>\n<p>A variedade \u00e9 a chave do nosso sucesso e pode ver em nossos estilos. Nossos designers mezclan e combinam materiais como profissionais, dando a nossas cria\u00e7\u00f5es esse ar de luxo inconfund\u00edvel para que voc\u00ea se sinta absolutamente de primeira. Se for um casaco que fa\u00e7a seus sentidos horripilantes ou um cetim super suave que suas m\u00e3os n\u00e3o possam resistir, fa\u00e7amos tudo o que for poss\u00edvel para brindarte algo especial.<\/p>\n<p><strong>Leg Avenue<\/strong> est\u00e1 cheia de paix\u00e3o, divers\u00e3o e autoexpress\u00e3o. Queremos que seja completamente o mesmo, com um toque de picard\u00eda e montanhas de confian\u00e7a. Descubra como nossa lenceria, medias e disfraces elevam sua apar\u00eancia ao pr\u00f3ximo n\u00edvel. \u00a1Juntos aspiramos ao fant\u00e1stico e demonstramos que o estilo n\u00e3o tem talla!<\/p>\n","protected":false},"excerpt":{"rendered":"<p>LEG AVENUE &#8211; MEIAS ARRAST\u00c3O SEM CROTCHLESS PRETAS<\/p>\n","protected":false},"featured_media":88191,"template":"","meta":{"_acf_changed":false},"product_brand":[],"product_cat":[47,66],"product_tag":[],"class_list":{"0":"post-48805","1":"product","2":"type-product","3":"status-publish","4":"has-post-thumbnail","6":"product_cat-lingerie","7":"product_cat-lingerie-feminina","8":"yith_product_brand-leg-avenue","9":"yith_product_brand-leg-avenueleg-avenue-hosiery","11":"first","12":"instock","13":"taxable","14":"shipping-taxable","15":"purchasable","16":"product-type-variable","17":"has-default-attributes"},"acf":[],"yoast_head":"<!-- This site is optimized with the Yoast SEO plugin v27.4 - https:\/\/yoast.com\/product\/yoast-seo-wordpress\/ -->\n<title>LEG AVENUE - MEDIAS REJILLA SIN ENTREPIERNA NEGRO - Lovme<\/title>\n<meta name=\"robots\" content=\"index, follow, max-snippet:-1, max-image-preview:large, max-video-preview:-1\" \/>\n<link rel=\"canonical\" href=\"https:\/\/lovme.pt\/index.php\/produto\/leg-avenue-meias-arrastao-sem-crotchless-pretas\/\" \/>\n<meta property=\"og:locale\" content=\"pt_PT\" \/>\n<meta property=\"og:type\" content=\"article\" \/>\n<meta property=\"og:title\" content=\"LEG AVENUE - MEDIAS REJILLA SIN ENTREPIERNA NEGRO - Lovme\" \/>\n<meta property=\"og:description\" content=\"LEG AVENUE - MEIAS ARRAST\u00c3O SEM CROTCHLESS PRETAS\" \/>\n<meta property=\"og:url\" content=\"https:\/\/lovme.pt\/index.php\/produto\/leg-avenue-meias-arrastao-sem-crotchless-pretas\/\" \/>\n<meta property=\"og:site_name\" content=\"Lovme\" \/>\n<meta property=\"article:modified_time\" content=\"2026-02-19T20:23:23+00:00\" \/>\n<meta property=\"og:image\" content=\"https:\/\/erki24nd3ub.exactdn.com\/wp-content\/uploads\/dream\/img\/img_181015_cb0b6bc72faefa0e28b30f1f07ee4078_1.jpg?strip=all\" \/>\n\t<meta property=\"og:image:width\" content=\"800\" \/>\n\t<meta property=\"og:image:height\" content=\"800\" \/>\n\t<meta property=\"og:image:type\" content=\"image\/jpeg\" \/>\n<meta name=\"twitter:card\" content=\"summary_large_image\" \/>\n<meta name=\"twitter:label1\" content=\"Tempo estimado de leitura\" \/>\n\t<meta name=\"twitter:data1\" content=\"2 minutos\" \/>\n<script type=\"application\/ld+json\" class=\"yoast-schema-graph\">{\"@context\":\"https:\\\/\\\/schema.org\",\"@graph\":[{\"@type\":\"WebPage\",\"@id\":\"https:\\\/\\\/lovme.pt\\\/index.php\\\/produto\\\/leg-avenue-meias-arrastao-sem-crotchless-pretas\\\/\",\"url\":\"https:\\\/\\\/lovme.pt\\\/index.php\\\/produto\\\/leg-avenue-meias-arrastao-sem-crotchless-pretas\\\/\",\"name\":\"LEG AVENUE - MEDIAS REJILLA SIN ENTREPIERNA NEGRO - Lovme\",\"isPartOf\":{\"@id\":\"https:\\\/\\\/lovme.pt\\\/#website\"},\"primaryImageOfPage\":{\"@id\":\"https:\\\/\\\/lovme.pt\\\/index.php\\\/produto\\\/leg-avenue-meias-arrastao-sem-crotchless-pretas\\\/#primaryimage\"},\"image\":{\"@id\":\"https:\\\/\\\/lovme.pt\\\/index.php\\\/produto\\\/leg-avenue-meias-arrastao-sem-crotchless-pretas\\\/#primaryimage\"},\"thumbnailUrl\":\"https:\\\/\\\/erki24nd3ub.exactdn.com\\\/wp-content\\\/uploads\\\/dream\\\/img\\\/img_181015_cb0b6bc72faefa0e28b30f1f07ee4078_1.jpg?strip=all\",\"datePublished\":\"2025-10-01T00:28:46+00:00\",\"dateModified\":\"2026-02-19T20:23:23+00:00\",\"breadcrumb\":{\"@id\":\"https:\\\/\\\/lovme.pt\\\/index.php\\\/produto\\\/leg-avenue-meias-arrastao-sem-crotchless-pretas\\\/#breadcrumb\"},\"inLanguage\":\"pt-PT\",\"potentialAction\":[{\"@type\":\"ReadAction\",\"target\":[\"https:\\\/\\\/lovme.pt\\\/index.php\\\/produto\\\/leg-avenue-meias-arrastao-sem-crotchless-pretas\\\/\"]}]},{\"@type\":\"ImageObject\",\"inLanguage\":\"pt-PT\",\"@id\":\"https:\\\/\\\/lovme.pt\\\/index.php\\\/produto\\\/leg-avenue-meias-arrastao-sem-crotchless-pretas\\\/#primaryimage\",\"url\":\"https:\\\/\\\/erki24nd3ub.exactdn.com\\\/wp-content\\\/uploads\\\/dream\\\/img\\\/img_181015_cb0b6bc72faefa0e28b30f1f07ee4078_1.jpg?strip=all\",\"contentUrl\":\"https:\\\/\\\/erki24nd3ub.exactdn.com\\\/wp-content\\\/uploads\\\/dream\\\/img\\\/img_181015_cb0b6bc72faefa0e28b30f1f07ee4078_1.jpg?strip=all\",\"width\":800,\"height\":800},{\"@type\":\"BreadcrumbList\",\"@id\":\"https:\\\/\\\/lovme.pt\\\/index.php\\\/produto\\\/leg-avenue-meias-arrastao-sem-crotchless-pretas\\\/#breadcrumb\",\"itemListElement\":[{\"@type\":\"ListItem\",\"position\":1,\"name\":\"In\u00edcio\",\"item\":\"https:\\\/\\\/lovme.pt\\\/\"},{\"@type\":\"ListItem\",\"position\":2,\"name\":\"Loja\",\"item\":\"https:\\\/\\\/lovme.pt\\\/index.php\\\/loja\\\/\"},{\"@type\":\"ListItem\",\"position\":3,\"name\":\"LEG AVENUE &#8211; MEDIAS REJILLA SIN ENTREPIERNA NEGRO\"}]},{\"@type\":\"WebSite\",\"@id\":\"https:\\\/\\\/lovme.pt\\\/#website\",\"url\":\"https:\\\/\\\/lovme.pt\\\/\",\"name\":\"Lovme Loja Er\u00f3tica N\u00ba1 em Portugal\",\"description\":\"A melhor loja er\u00f3tica de Portugal.\",\"alternateName\":\"Loja Er\u00f3tica Lovme\",\"potentialAction\":[{\"@type\":\"SearchAction\",\"target\":{\"@type\":\"EntryPoint\",\"urlTemplate\":\"https:\\\/\\\/lovme.pt\\\/?s={search_term_string}\"},\"query-input\":{\"@type\":\"PropertyValueSpecification\",\"valueRequired\":true,\"valueName\":\"search_term_string\"}}],\"inLanguage\":\"pt-PT\"}]}<\/script>\n<!-- \/ Yoast SEO plugin. -->","yoast_head_json":{"title":"LEG AVENUE - MEDIAS REJILLA SIN ENTREPIERNA NEGRO - Lovme","robots":{"index":"index","follow":"follow","max-snippet":"max-snippet:-1","max-image-preview":"max-image-preview:large","max-video-preview":"max-video-preview:-1"},"canonical":"https:\/\/lovme.pt\/index.php\/produto\/leg-avenue-meias-arrastao-sem-crotchless-pretas\/","og_locale":"pt_PT","og_type":"article","og_title":"LEG AVENUE - MEDIAS REJILLA SIN ENTREPIERNA NEGRO - Lovme","og_description":"LEG AVENUE - MEIAS ARRAST\u00c3O SEM CROTCHLESS PRETAS","og_url":"https:\/\/lovme.pt\/index.php\/produto\/leg-avenue-meias-arrastao-sem-crotchless-pretas\/","og_site_name":"Lovme","article_modified_time":"2026-02-19T20:23:23+00:00","og_image":[{"width":800,"height":800,"url":"https:\/\/erki24nd3ub.exactdn.com\/wp-content\/uploads\/dream\/img\/img_181015_cb0b6bc72faefa0e28b30f1f07ee4078_1.jpg?strip=all","type":"image\/jpeg"}],"twitter_card":"summary_large_image","twitter_misc":{"Tempo estimado de leitura":"2 minutos"},"schema":{"@context":"https:\/\/schema.org","@graph":[{"@type":"WebPage","@id":"https:\/\/lovme.pt\/index.php\/produto\/leg-avenue-meias-arrastao-sem-crotchless-pretas\/","url":"https:\/\/lovme.pt\/index.php\/produto\/leg-avenue-meias-arrastao-sem-crotchless-pretas\/","name":"LEG AVENUE - MEDIAS REJILLA SIN ENTREPIERNA NEGRO - Lovme","isPartOf":{"@id":"https:\/\/lovme.pt\/#website"},"primaryImageOfPage":{"@id":"https:\/\/lovme.pt\/index.php\/produto\/leg-avenue-meias-arrastao-sem-crotchless-pretas\/#primaryimage"},"image":{"@id":"https:\/\/lovme.pt\/index.php\/produto\/leg-avenue-meias-arrastao-sem-crotchless-pretas\/#primaryimage"},"thumbnailUrl":"https:\/\/erki24nd3ub.exactdn.com\/wp-content\/uploads\/dream\/img\/img_181015_cb0b6bc72faefa0e28b30f1f07ee4078_1.jpg?strip=all","datePublished":"2025-10-01T00:28:46+00:00","dateModified":"2026-02-19T20:23:23+00:00","breadcrumb":{"@id":"https:\/\/lovme.pt\/index.php\/produto\/leg-avenue-meias-arrastao-sem-crotchless-pretas\/#breadcrumb"},"inLanguage":"pt-PT","potentialAction":[{"@type":"ReadAction","target":["https:\/\/lovme.pt\/index.php\/produto\/leg-avenue-meias-arrastao-sem-crotchless-pretas\/"]}]},{"@type":"ImageObject","inLanguage":"pt-PT","@id":"https:\/\/lovme.pt\/index.php\/produto\/leg-avenue-meias-arrastao-sem-crotchless-pretas\/#primaryimage","url":"https:\/\/erki24nd3ub.exactdn.com\/wp-content\/uploads\/dream\/img\/img_181015_cb0b6bc72faefa0e28b30f1f07ee4078_1.jpg?strip=all","contentUrl":"https:\/\/erki24nd3ub.exactdn.com\/wp-content\/uploads\/dream\/img\/img_181015_cb0b6bc72faefa0e28b30f1f07ee4078_1.jpg?strip=all","width":800,"height":800},{"@type":"BreadcrumbList","@id":"https:\/\/lovme.pt\/index.php\/produto\/leg-avenue-meias-arrastao-sem-crotchless-pretas\/#breadcrumb","itemListElement":[{"@type":"ListItem","position":1,"name":"In\u00edcio","item":"https:\/\/lovme.pt\/"},{"@type":"ListItem","position":2,"name":"Loja","item":"https:\/\/lovme.pt\/index.php\/loja\/"},{"@type":"ListItem","position":3,"name":"LEG AVENUE &#8211; MEDIAS REJILLA SIN ENTREPIERNA NEGRO"}]},{"@type":"WebSite","@id":"https:\/\/lovme.pt\/#website","url":"https:\/\/lovme.pt\/","name":"Lovme Loja Er\u00f3tica N\u00ba1 em Portugal","description":"A melhor loja er\u00f3tica de Portugal.","alternateName":"Loja Er\u00f3tica Lovme","potentialAction":[{"@type":"SearchAction","target":{"@type":"EntryPoint","urlTemplate":"https:\/\/lovme.pt\/?s={search_term_string}"},"query-input":{"@type":"PropertyValueSpecification","valueRequired":true,"valueName":"search_term_string"}}],"inLanguage":"pt-PT"}]}},"_links":{"self":[{"href":"https:\/\/lovme.pt\/index.php\/wp-json\/wp\/v2\/product\/48805","targetHints":{"allow":["GET"]}}],"collection":[{"href":"https:\/\/lovme.pt\/index.php\/wp-json\/wp\/v2\/product"}],"about":[{"href":"https:\/\/lovme.pt\/index.php\/wp-json\/wp\/v2\/types\/product"}],"wp:featuredmedia":[{"embeddable":true,"href":"https:\/\/lovme.pt\/index.php\/wp-json\/wp\/v2\/media\/88191"}],"wp:attachment":[{"href":"https:\/\/lovme.pt\/index.php\/wp-json\/wp\/v2\/media?parent=48805"}],"wp:term":[{"taxonomy":"product_brand","embeddable":true,"href":"https:\/\/lovme.pt\/index.php\/wp-json\/wp\/v2\/product_brand?post=48805"},{"taxonomy":"product_cat","embeddable":true,"href":"https:\/\/lovme.pt\/index.php\/wp-json\/wp\/v2\/product_cat?post=48805"},{"taxonomy":"product_tag","embeddable":true,"href":"https:\/\/lovme.pt\/index.php\/wp-json\/wp\/v2\/product_tag?post=48805"}],"curies":[{"name":"wp","href":"https:\/\/api.w.org\/{rel}","templated":true}]}}