{"id":48799,"date":"2025-10-01T00:28:37","date_gmt":"2025-10-01T00:28:37","guid":{"rendered":"https:\/\/lovme.pt\/?post_type=product&#038;p=48799"},"modified":"2026-02-19T20:23:23","modified_gmt":"2026-02-19T20:23:23","slug":"leg-avenue-meias-de-tornozelo-com-babados-pretos","status":"publish","type":"product","link":"https:\/\/lovme.pt\/index.php\/produto\/leg-avenue-meias-de-tornozelo-com-babados-pretos\/","title":{"rendered":"LEG AVENUE &#8211; MEDIAS TOBILLERAS CON VOLANTES NEGRO"},"content":{"rendered":"<p>Estas meias femininas cl\u00e1ssicas ficaram ainda mais fofas! Com babados de renda combinados com cora\u00e7\u00f5es e mini la\u00e7os, essas tornozeleiras Leg Avenue s\u00e3o a realiza\u00e7\u00e3o de um sonho. Feitos de nylon el\u00e1stico, eles podem ser usados sozinhos com saias e shorts ou sobrepostos a meias-cal\u00e7as para um visual divertido e moderno.<\/p>\n<p>A tornozeleira de n\u00e1ilon com babados em renda e detalhes em mini la\u00e7o e cora\u00e7\u00e3o \u00e9 um acess\u00f3rio que se destaca pelo design delicado e feminino, pelo conforto e pela versatilidade. Este acess\u00f3rio n\u00e3o s\u00f3 real\u00e7a a beleza natural do tornozelo, mas tamb\u00e9m acrescenta um toque de sofistica\u00e7\u00e3o e charme a qualquer look, tornando-o uma pe\u00e7a obrigat\u00f3ria em qualquer cole\u00e7\u00e3o de acess\u00f3rios finos.<\/p>\n<p>\u00a0<\/p>\n<p><u><strong>CARACTER\u00cdSTICAS:<\/strong><\/u><\/p>\n<ul>\n<li>Tornozeleira em nylon com babados em renda e detalhes em mini la\u00e7o e cora\u00e7\u00f5es.<\/li>\n<li>Um tamanho<\/li>\n<li>Composi\u00e7\u00e3o: 93% n\u00e1ilon, 7% elastano<\/li>\n<li>Cor: Preto e Branco<\/li>\n<li>Material ultramacio e el\u00e1stico.<\/li>\n<li>Detalhes de cora\u00e7\u00e3o intricados + Mini la\u00e7o<\/li>\n<li>Punhos com babados em renda<\/li>\n<\/ul>\n<p>\u00a0<\/p>\n<p><strong>A Leg Avenue<\/strong> tem os produtos que voc\u00ea procurava, comprometendo-se a oferecer aos clientes produtos inovadores, pre\u00e7os competitivos e muita satisfa\u00e7\u00e3o, fresquinhos do que h\u00e1 de mais fashion em Los Angeles.<\/p>\n<p>Aqui \u00e9 tudo sobre voc\u00ea! Entendemos que cada corpo \u00e9 \u00fanico e acreditamos que todas as mulheres devem ter uma apar\u00eancia e sentir-se fant\u00e1sticas, independentemente do seu tamanho ou forma. Portanto, fique tranquilo, pois nossos designs est\u00e3o sempre focados em destacar suas melhores caracter\u00edsticas. E falando s\u00e9rio, falamos s\u00e9rio quando dizemos que valorizamos tecidos supermacios e elasticidade de pr\u00f3ximo n\u00edvel. Conforto e estilo? Dupla verifica\u00e7\u00e3o!<\/p>\n<p>A variedade \u00e9 a chave do nosso sucesso e voc\u00ea pode ver isso em nossos estilos. Nossos designers misturam e combinam materiais como profissionais, dando \u00e0s nossas cria\u00e7\u00f5es aquele ar de luxo inconfund\u00edvel para que voc\u00ea se sinta absolutamente de primeira classe. Quer seja uma renda que faz vibrar os seus sentidos ou um cetim supermacio ao qual as suas m\u00e3os n\u00e3o resistem, fazemos de tudo para lhe oferecer algo especial.<\/p>\n<p><strong>Leg Avenue<\/strong> \u00e9 cheia de paix\u00e3o, divers\u00e3o e autoexpress\u00e3o. Queremos que voc\u00ea seja completamente voc\u00ea. ele mesmo, com um toque de travessura e montanhas de confian\u00e7a. Descubra como nossas lingeries, meias e fantasias levam seu visual para o pr\u00f3ximo n\u00edvel. Juntos aspiramos ao fant\u00e1stico e provamos que estilo n\u00e3o tem tamanho!<\/p>\n","protected":false},"excerpt":{"rendered":"<p>LEG AVENUE &#8211; MEIAS DE TORNOZELO COM BABADOS PRETOS<\/p>\n","protected":false},"featured_media":88168,"template":"","meta":{"_acf_changed":false},"product_brand":[],"product_cat":[47,66,115],"product_tag":[],"class_list":{"0":"post-48799","1":"product","2":"type-product","3":"status-publish","4":"has-post-thumbnail","6":"product_cat-lingerie","7":"product_cat-lingerie-feminina","8":"product_cat-ofertas","9":"yith_product_brand-leg-avenue","10":"yith_product_brand-leg-avenueleg-avenue-hosiery","12":"first","13":"instock","14":"taxable","15":"shipping-taxable","16":"purchasable","17":"product-type-variable","18":"has-default-attributes"},"acf":[],"yoast_head":"<!-- This site is optimized with the Yoast SEO plugin v27.4 - https:\/\/yoast.com\/product\/yoast-seo-wordpress\/ -->\n<title>LEG AVENUE - MEDIAS TOBILLERAS CON VOLANTES NEGRO - Lovme<\/title>\n<meta name=\"robots\" content=\"index, follow, max-snippet:-1, max-image-preview:large, max-video-preview:-1\" \/>\n<link rel=\"canonical\" href=\"https:\/\/lovme.pt\/index.php\/produto\/leg-avenue-meias-de-tornozelo-com-babados-pretos\/\" \/>\n<meta property=\"og:locale\" content=\"pt_PT\" \/>\n<meta property=\"og:type\" content=\"article\" \/>\n<meta property=\"og:title\" content=\"LEG AVENUE - MEDIAS TOBILLERAS CON VOLANTES NEGRO - Lovme\" \/>\n<meta property=\"og:description\" content=\"LEG AVENUE - MEIAS DE TORNOZELO COM BABADOS PRETOS\" \/>\n<meta property=\"og:url\" content=\"https:\/\/lovme.pt\/index.php\/produto\/leg-avenue-meias-de-tornozelo-com-babados-pretos\/\" \/>\n<meta property=\"og:site_name\" content=\"Lovme\" \/>\n<meta property=\"article:modified_time\" content=\"2026-02-19T20:23:23+00:00\" \/>\n<meta property=\"og:image\" content=\"https:\/\/erki24nd3ub.exactdn.com\/wp-content\/uploads\/dream\/img\/img_180993_e4ebcfffeda0a293a9aa8e5d56b0c167_1.jpg?strip=all\" \/>\n\t<meta property=\"og:image:width\" content=\"800\" \/>\n\t<meta property=\"og:image:height\" content=\"800\" \/>\n\t<meta property=\"og:image:type\" content=\"image\/jpeg\" \/>\n<meta name=\"twitter:card\" content=\"summary_large_image\" \/>\n<meta name=\"twitter:label1\" content=\"Tempo estimado de leitura\" \/>\n\t<meta name=\"twitter:data1\" content=\"2 minutos\" \/>\n<script type=\"application\/ld+json\" class=\"yoast-schema-graph\">{\"@context\":\"https:\\\/\\\/schema.org\",\"@graph\":[{\"@type\":\"WebPage\",\"@id\":\"https:\\\/\\\/lovme.pt\\\/index.php\\\/produto\\\/leg-avenue-meias-de-tornozelo-com-babados-pretos\\\/\",\"url\":\"https:\\\/\\\/lovme.pt\\\/index.php\\\/produto\\\/leg-avenue-meias-de-tornozelo-com-babados-pretos\\\/\",\"name\":\"LEG AVENUE - MEDIAS TOBILLERAS CON VOLANTES NEGRO - Lovme\",\"isPartOf\":{\"@id\":\"https:\\\/\\\/lovme.pt\\\/#website\"},\"primaryImageOfPage\":{\"@id\":\"https:\\\/\\\/lovme.pt\\\/index.php\\\/produto\\\/leg-avenue-meias-de-tornozelo-com-babados-pretos\\\/#primaryimage\"},\"image\":{\"@id\":\"https:\\\/\\\/lovme.pt\\\/index.php\\\/produto\\\/leg-avenue-meias-de-tornozelo-com-babados-pretos\\\/#primaryimage\"},\"thumbnailUrl\":\"https:\\\/\\\/erki24nd3ub.exactdn.com\\\/wp-content\\\/uploads\\\/dream\\\/img\\\/img_180993_e4ebcfffeda0a293a9aa8e5d56b0c167_1.jpg?strip=all\",\"datePublished\":\"2025-10-01T00:28:37+00:00\",\"dateModified\":\"2026-02-19T20:23:23+00:00\",\"breadcrumb\":{\"@id\":\"https:\\\/\\\/lovme.pt\\\/index.php\\\/produto\\\/leg-avenue-meias-de-tornozelo-com-babados-pretos\\\/#breadcrumb\"},\"inLanguage\":\"pt-PT\",\"potentialAction\":[{\"@type\":\"ReadAction\",\"target\":[\"https:\\\/\\\/lovme.pt\\\/index.php\\\/produto\\\/leg-avenue-meias-de-tornozelo-com-babados-pretos\\\/\"]}]},{\"@type\":\"ImageObject\",\"inLanguage\":\"pt-PT\",\"@id\":\"https:\\\/\\\/lovme.pt\\\/index.php\\\/produto\\\/leg-avenue-meias-de-tornozelo-com-babados-pretos\\\/#primaryimage\",\"url\":\"https:\\\/\\\/erki24nd3ub.exactdn.com\\\/wp-content\\\/uploads\\\/dream\\\/img\\\/img_180993_e4ebcfffeda0a293a9aa8e5d56b0c167_1.jpg?strip=all\",\"contentUrl\":\"https:\\\/\\\/erki24nd3ub.exactdn.com\\\/wp-content\\\/uploads\\\/dream\\\/img\\\/img_180993_e4ebcfffeda0a293a9aa8e5d56b0c167_1.jpg?strip=all\",\"width\":800,\"height\":800},{\"@type\":\"BreadcrumbList\",\"@id\":\"https:\\\/\\\/lovme.pt\\\/index.php\\\/produto\\\/leg-avenue-meias-de-tornozelo-com-babados-pretos\\\/#breadcrumb\",\"itemListElement\":[{\"@type\":\"ListItem\",\"position\":1,\"name\":\"In\u00edcio\",\"item\":\"https:\\\/\\\/lovme.pt\\\/\"},{\"@type\":\"ListItem\",\"position\":2,\"name\":\"Loja\",\"item\":\"https:\\\/\\\/lovme.pt\\\/index.php\\\/loja\\\/\"},{\"@type\":\"ListItem\",\"position\":3,\"name\":\"LEG AVENUE &#8211; MEDIAS TOBILLERAS CON VOLANTES NEGRO\"}]},{\"@type\":\"WebSite\",\"@id\":\"https:\\\/\\\/lovme.pt\\\/#website\",\"url\":\"https:\\\/\\\/lovme.pt\\\/\",\"name\":\"Lovme Loja Er\u00f3tica N\u00ba1 em Portugal\",\"description\":\"A melhor loja er\u00f3tica de Portugal.\",\"alternateName\":\"Loja Er\u00f3tica Lovme\",\"potentialAction\":[{\"@type\":\"SearchAction\",\"target\":{\"@type\":\"EntryPoint\",\"urlTemplate\":\"https:\\\/\\\/lovme.pt\\\/?s={search_term_string}\"},\"query-input\":{\"@type\":\"PropertyValueSpecification\",\"valueRequired\":true,\"valueName\":\"search_term_string\"}}],\"inLanguage\":\"pt-PT\"}]}<\/script>\n<!-- \/ Yoast SEO plugin. -->","yoast_head_json":{"title":"LEG AVENUE - MEDIAS TOBILLERAS CON VOLANTES NEGRO - Lovme","robots":{"index":"index","follow":"follow","max-snippet":"max-snippet:-1","max-image-preview":"max-image-preview:large","max-video-preview":"max-video-preview:-1"},"canonical":"https:\/\/lovme.pt\/index.php\/produto\/leg-avenue-meias-de-tornozelo-com-babados-pretos\/","og_locale":"pt_PT","og_type":"article","og_title":"LEG AVENUE - MEDIAS TOBILLERAS CON VOLANTES NEGRO - Lovme","og_description":"LEG AVENUE - MEIAS DE TORNOZELO COM BABADOS PRETOS","og_url":"https:\/\/lovme.pt\/index.php\/produto\/leg-avenue-meias-de-tornozelo-com-babados-pretos\/","og_site_name":"Lovme","article_modified_time":"2026-02-19T20:23:23+00:00","og_image":[{"width":800,"height":800,"url":"https:\/\/erki24nd3ub.exactdn.com\/wp-content\/uploads\/dream\/img\/img_180993_e4ebcfffeda0a293a9aa8e5d56b0c167_1.jpg?strip=all","type":"image\/jpeg"}],"twitter_card":"summary_large_image","twitter_misc":{"Tempo estimado de leitura":"2 minutos"},"schema":{"@context":"https:\/\/schema.org","@graph":[{"@type":"WebPage","@id":"https:\/\/lovme.pt\/index.php\/produto\/leg-avenue-meias-de-tornozelo-com-babados-pretos\/","url":"https:\/\/lovme.pt\/index.php\/produto\/leg-avenue-meias-de-tornozelo-com-babados-pretos\/","name":"LEG AVENUE - MEDIAS TOBILLERAS CON VOLANTES NEGRO - Lovme","isPartOf":{"@id":"https:\/\/lovme.pt\/#website"},"primaryImageOfPage":{"@id":"https:\/\/lovme.pt\/index.php\/produto\/leg-avenue-meias-de-tornozelo-com-babados-pretos\/#primaryimage"},"image":{"@id":"https:\/\/lovme.pt\/index.php\/produto\/leg-avenue-meias-de-tornozelo-com-babados-pretos\/#primaryimage"},"thumbnailUrl":"https:\/\/erki24nd3ub.exactdn.com\/wp-content\/uploads\/dream\/img\/img_180993_e4ebcfffeda0a293a9aa8e5d56b0c167_1.jpg?strip=all","datePublished":"2025-10-01T00:28:37+00:00","dateModified":"2026-02-19T20:23:23+00:00","breadcrumb":{"@id":"https:\/\/lovme.pt\/index.php\/produto\/leg-avenue-meias-de-tornozelo-com-babados-pretos\/#breadcrumb"},"inLanguage":"pt-PT","potentialAction":[{"@type":"ReadAction","target":["https:\/\/lovme.pt\/index.php\/produto\/leg-avenue-meias-de-tornozelo-com-babados-pretos\/"]}]},{"@type":"ImageObject","inLanguage":"pt-PT","@id":"https:\/\/lovme.pt\/index.php\/produto\/leg-avenue-meias-de-tornozelo-com-babados-pretos\/#primaryimage","url":"https:\/\/erki24nd3ub.exactdn.com\/wp-content\/uploads\/dream\/img\/img_180993_e4ebcfffeda0a293a9aa8e5d56b0c167_1.jpg?strip=all","contentUrl":"https:\/\/erki24nd3ub.exactdn.com\/wp-content\/uploads\/dream\/img\/img_180993_e4ebcfffeda0a293a9aa8e5d56b0c167_1.jpg?strip=all","width":800,"height":800},{"@type":"BreadcrumbList","@id":"https:\/\/lovme.pt\/index.php\/produto\/leg-avenue-meias-de-tornozelo-com-babados-pretos\/#breadcrumb","itemListElement":[{"@type":"ListItem","position":1,"name":"In\u00edcio","item":"https:\/\/lovme.pt\/"},{"@type":"ListItem","position":2,"name":"Loja","item":"https:\/\/lovme.pt\/index.php\/loja\/"},{"@type":"ListItem","position":3,"name":"LEG AVENUE &#8211; MEDIAS TOBILLERAS CON VOLANTES NEGRO"}]},{"@type":"WebSite","@id":"https:\/\/lovme.pt\/#website","url":"https:\/\/lovme.pt\/","name":"Lovme Loja Er\u00f3tica N\u00ba1 em Portugal","description":"A melhor loja er\u00f3tica de Portugal.","alternateName":"Loja Er\u00f3tica Lovme","potentialAction":[{"@type":"SearchAction","target":{"@type":"EntryPoint","urlTemplate":"https:\/\/lovme.pt\/?s={search_term_string}"},"query-input":{"@type":"PropertyValueSpecification","valueRequired":true,"valueName":"search_term_string"}}],"inLanguage":"pt-PT"}]}},"_links":{"self":[{"href":"https:\/\/lovme.pt\/index.php\/wp-json\/wp\/v2\/product\/48799","targetHints":{"allow":["GET"]}}],"collection":[{"href":"https:\/\/lovme.pt\/index.php\/wp-json\/wp\/v2\/product"}],"about":[{"href":"https:\/\/lovme.pt\/index.php\/wp-json\/wp\/v2\/types\/product"}],"wp:featuredmedia":[{"embeddable":true,"href":"https:\/\/lovme.pt\/index.php\/wp-json\/wp\/v2\/media\/88168"}],"wp:attachment":[{"href":"https:\/\/lovme.pt\/index.php\/wp-json\/wp\/v2\/media?parent=48799"}],"wp:term":[{"taxonomy":"product_brand","embeddable":true,"href":"https:\/\/lovme.pt\/index.php\/wp-json\/wp\/v2\/product_brand?post=48799"},{"taxonomy":"product_cat","embeddable":true,"href":"https:\/\/lovme.pt\/index.php\/wp-json\/wp\/v2\/product_cat?post=48799"},{"taxonomy":"product_tag","embeddable":true,"href":"https:\/\/lovme.pt\/index.php\/wp-json\/wp\/v2\/product_tag?post=48799"}],"curies":[{"name":"wp","href":"https:\/\/api.w.org\/{rel}","templated":true}]}}