{"id":48784,"date":"2025-09-30T10:05:06","date_gmt":"2025-09-30T10:05:06","guid":{"rendered":"https:\/\/lovme.pt\/?post_type=product&p=48784"},"modified":"2026-02-19T20:06:30","modified_gmt":"2026-02-19T20:06:30","slug":"calexotics-montecito-muse-vibrador-coelho-laranja-por-california-dreaming","status":"publish","type":"product","link":"https:\/\/lovme.pt\/index.php\/produto\/calexotics-montecito-muse-vibrador-coelho-laranja-por-california-dreaming\/","title":{"rendered":"CALEXOTICS &#8211; MONTECITO MUSE VIBRADOR COELHO LARANJA POR CALIFORNIA DREAMING"},"content":{"rendered":"<p>Descubra um prazer incompar\u00e1vel com <strong>California Dreaming Montecito Muse<\/strong> , um estimulador duplo que combina poder de vibra\u00e7\u00e3o e infla\u00e7\u00e3o autom\u00e1tica. Projetado para estimula\u00e7\u00e3o do ponto G, oferece tr\u00eas configura\u00e7\u00f5es de infla\u00e7\u00e3o e 10 fun\u00e7\u00f5es de vibra\u00e7\u00e3o para sensa\u00e7\u00f5es intensas. Feito com silicone seguro para o corpo, garante conforto e divers\u00e3o sem preocupa\u00e7\u00f5es. O chip de mem\u00f3ria lembra suas \u00faltimas configura\u00e7\u00f5es, simplificando cada uso. Com um recurso de bloqueio de viagem, sua privacidade est\u00e1 segura. seguro. Recarreg\u00e1vel via USB, carrega totalmente em 2,5 horas para 40 minutos de satisfa\u00e7\u00e3o em alta velocidade ou 90 minutos em ritmo lento. D\u00ea as boas-vindas ao Montecito Muse como um fiel aliado em sua jornada para explorar fantasias, n\u00e3o apenas um brinquedo.<\/p>\n<p>\u00a0<\/p>\n<p><strong><u>CARACTER\u00cdSTICAS:<\/u><\/strong><\/p>\n<ul>\n<li>Estimulador duplo potente, compacto e vibrat\u00f3rio com infla\u00e7\u00e3o autom\u00e1tica.<\/li>\n<li>3 configura\u00e7\u00f5es de infla\u00e7\u00e3o independentes exclusivas no eixo contornado para estimula\u00e7\u00e3o do ponto G<\/li>\n<li>10 fun\u00e7\u00f5es independentes de vibra\u00e7\u00e3o, pulsa\u00e7\u00e3o e escalada no estimulador<\/li>\n<li>motores duplos<\/li>\n<li>Silicone seguro para o corpo<\/li>\n<li>Chip de mem\u00f3ria de \u00faltima gera\u00e7\u00e3o \u00e9 retomado com a \u00faltima fun\u00e7\u00e3o usada<\/li>\n<li>Recurso de bloqueio de seguran\u00e7a de viagem: pressione e segure por 3 segundos para ligar ou desligar<\/li>\n<li>USB recarreg\u00e1vel: cabo de carregamento inclu\u00eddo<\/li>\n<li>Carga completa em 2,5 horas<\/li>\n<li>Funciona por 40 minutos em alta velocidade e 90 minutos em baixa velocidade.<\/li>\n<\/ul>\n<p>\u00a0<\/p>\n<p><strong>A CalExotics<\/strong> tem transformado constantemente \u201cfantasia em realidade\u201d h\u00e1 mais de uma d\u00e9cada. Com aten\u00e7\u00e3o incompar\u00e1vel aos detalhes, a fundadora e propriet\u00e1ria da CalExotics, Susan Colvin, tornou a marca California Exotic Novelty sin\u00f4nimo de brinquedos adultos de qualidade. O fato de a CalExotics ser uma empresa pertencente e operada por mulheres desempenha um papel importante em sua ascens\u00e3o mete\u00f3rica ao topo da ind\u00fastria de brinquedos e novidades para adultos. .<\/p>\n","protected":false},"excerpt":{"rendered":"<p>CALEXOTICS &#8211; MONTECITO MUSE VIBRADOR COELHO LARANJA POR CALIFORNIA DREAMING<\/p>\n","protected":false},"featured_media":62137,"template":"","meta":{"_acf_changed":false},"product_brand":[],"product_cat":[17,76],"product_tag":[],"class_list":{"0":"post-48784","1":"product","2":"type-product","3":"status-publish","4":"has-post-thumbnail","6":"product_cat-brinquedos-de-bem-estar-sexual","7":"product_cat-vibradores","8":"yith_product_brand-calexotics","10":"first","11":"instock","12":"taxable","13":"shipping-taxable","14":"purchasable","15":"product-type-simple"},"acf":[],"yoast_head":"<!-- This site is optimized with the Yoast SEO plugin v27.4 - https:\/\/yoast.com\/product\/yoast-seo-wordpress\/ -->\n<title>CALEXOTICS - MONTECITO MUSE VIBRADOR COELHO LARANJA POR CALIFORNIA DREAMING - Lovme<\/title>\n<meta name=\"robots\" content=\"index, follow, max-snippet:-1, max-image-preview:large, max-video-preview:-1\" \/>\n<link rel=\"canonical\" href=\"https:\/\/lovme.pt\/index.php\/produto\/calexotics-montecito-muse-vibrador-coelho-laranja-por-california-dreaming\/\" \/>\n<meta property=\"og:locale\" content=\"pt_PT\" \/>\n<meta property=\"og:type\" content=\"article\" \/>\n<meta property=\"og:title\" content=\"CALEXOTICS - MONTECITO MUSE VIBRADOR COELHO LARANJA POR CALIFORNIA DREAMING - Lovme\" \/>\n<meta property=\"og:description\" content=\"CALEXOTICS - MONTECITO MUSE VIBRADOR COELHO LARANJA POR CALIFORNIA DREAMING\" \/>\n<meta property=\"og:url\" content=\"https:\/\/lovme.pt\/index.php\/produto\/calexotics-montecito-muse-vibrador-coelho-laranja-por-california-dreaming\/\" \/>\n<meta property=\"og:site_name\" content=\"Lovme\" \/>\n<meta property=\"article:modified_time\" content=\"2026-02-19T20:06:30+00:00\" \/>\n<meta property=\"og:image\" content=\"https:\/\/erki24nd3ub.exactdn.com\/wp-content\/uploads\/dream\/img\/img_180886_2b0e9b62aea11cfc046487c000a1123b_1.jpg?strip=all\" \/>\n\t<meta property=\"og:image:width\" content=\"800\" \/>\n\t<meta property=\"og:image:height\" content=\"800\" \/>\n\t<meta property=\"og:image:type\" content=\"image\/jpeg\" \/>\n<meta name=\"twitter:card\" content=\"summary_large_image\" \/>\n<meta name=\"twitter:label1\" content=\"Tempo estimado de leitura\" \/>\n\t<meta name=\"twitter:data1\" content=\"2 minutos\" \/>\n<script type=\"application\/ld+json\" class=\"yoast-schema-graph\">{\"@context\":\"https:\\\/\\\/schema.org\",\"@graph\":[{\"@type\":\"WebPage\",\"@id\":\"https:\\\/\\\/lovme.pt\\\/index.php\\\/produto\\\/calexotics-montecito-muse-vibrador-coelho-laranja-por-california-dreaming\\\/\",\"url\":\"https:\\\/\\\/lovme.pt\\\/index.php\\\/produto\\\/calexotics-montecito-muse-vibrador-coelho-laranja-por-california-dreaming\\\/\",\"name\":\"CALEXOTICS - MONTECITO MUSE VIBRADOR COELHO LARANJA POR CALIFORNIA DREAMING - Lovme\",\"isPartOf\":{\"@id\":\"https:\\\/\\\/lovme.pt\\\/#website\"},\"primaryImageOfPage\":{\"@id\":\"https:\\\/\\\/lovme.pt\\\/index.php\\\/produto\\\/calexotics-montecito-muse-vibrador-coelho-laranja-por-california-dreaming\\\/#primaryimage\"},\"image\":{\"@id\":\"https:\\\/\\\/lovme.pt\\\/index.php\\\/produto\\\/calexotics-montecito-muse-vibrador-coelho-laranja-por-california-dreaming\\\/#primaryimage\"},\"thumbnailUrl\":\"https:\\\/\\\/erki24nd3ub.exactdn.com\\\/wp-content\\\/uploads\\\/dream\\\/img\\\/img_180886_2b0e9b62aea11cfc046487c000a1123b_1.jpg?strip=all\",\"datePublished\":\"2025-09-30T10:05:06+00:00\",\"dateModified\":\"2026-02-19T20:06:30+00:00\",\"breadcrumb\":{\"@id\":\"https:\\\/\\\/lovme.pt\\\/index.php\\\/produto\\\/calexotics-montecito-muse-vibrador-coelho-laranja-por-california-dreaming\\\/#breadcrumb\"},\"inLanguage\":\"pt-PT\",\"potentialAction\":[{\"@type\":\"ReadAction\",\"target\":[\"https:\\\/\\\/lovme.pt\\\/index.php\\\/produto\\\/calexotics-montecito-muse-vibrador-coelho-laranja-por-california-dreaming\\\/\"]}]},{\"@type\":\"ImageObject\",\"inLanguage\":\"pt-PT\",\"@id\":\"https:\\\/\\\/lovme.pt\\\/index.php\\\/produto\\\/calexotics-montecito-muse-vibrador-coelho-laranja-por-california-dreaming\\\/#primaryimage\",\"url\":\"https:\\\/\\\/erki24nd3ub.exactdn.com\\\/wp-content\\\/uploads\\\/dream\\\/img\\\/img_180886_2b0e9b62aea11cfc046487c000a1123b_1.jpg?strip=all\",\"contentUrl\":\"https:\\\/\\\/erki24nd3ub.exactdn.com\\\/wp-content\\\/uploads\\\/dream\\\/img\\\/img_180886_2b0e9b62aea11cfc046487c000a1123b_1.jpg?strip=all\",\"width\":800,\"height\":800},{\"@type\":\"BreadcrumbList\",\"@id\":\"https:\\\/\\\/lovme.pt\\\/index.php\\\/produto\\\/calexotics-montecito-muse-vibrador-coelho-laranja-por-california-dreaming\\\/#breadcrumb\",\"itemListElement\":[{\"@type\":\"ListItem\",\"position\":1,\"name\":\"In\u00edcio\",\"item\":\"https:\\\/\\\/lovme.pt\\\/\"},{\"@type\":\"ListItem\",\"position\":2,\"name\":\"Loja\",\"item\":\"https:\\\/\\\/lovme.pt\\\/index.php\\\/loja\\\/\"},{\"@type\":\"ListItem\",\"position\":3,\"name\":\"CALEXOTICS &#8211; MONTECITO MUSE VIBRADOR COELHO LARANJA POR CALIFORNIA DREAMING\"}]},{\"@type\":\"WebSite\",\"@id\":\"https:\\\/\\\/lovme.pt\\\/#website\",\"url\":\"https:\\\/\\\/lovme.pt\\\/\",\"name\":\"Lovme Loja Er\u00f3tica N\u00ba1 em Portugal\",\"description\":\"A melhor loja er\u00f3tica de Portugal.\",\"alternateName\":\"Loja Er\u00f3tica Lovme\",\"potentialAction\":[{\"@type\":\"SearchAction\",\"target\":{\"@type\":\"EntryPoint\",\"urlTemplate\":\"https:\\\/\\\/lovme.pt\\\/?s={search_term_string}\"},\"query-input\":{\"@type\":\"PropertyValueSpecification\",\"valueRequired\":true,\"valueName\":\"search_term_string\"}}],\"inLanguage\":\"pt-PT\"}]}<\/script>\n<!-- \/ Yoast SEO plugin. -->","yoast_head_json":{"title":"CALEXOTICS - MONTECITO MUSE VIBRADOR COELHO LARANJA POR CALIFORNIA DREAMING - Lovme","robots":{"index":"index","follow":"follow","max-snippet":"max-snippet:-1","max-image-preview":"max-image-preview:large","max-video-preview":"max-video-preview:-1"},"canonical":"https:\/\/lovme.pt\/index.php\/produto\/calexotics-montecito-muse-vibrador-coelho-laranja-por-california-dreaming\/","og_locale":"pt_PT","og_type":"article","og_title":"CALEXOTICS - MONTECITO MUSE VIBRADOR COELHO LARANJA POR CALIFORNIA DREAMING - Lovme","og_description":"CALEXOTICS - MONTECITO MUSE VIBRADOR COELHO LARANJA POR CALIFORNIA DREAMING","og_url":"https:\/\/lovme.pt\/index.php\/produto\/calexotics-montecito-muse-vibrador-coelho-laranja-por-california-dreaming\/","og_site_name":"Lovme","article_modified_time":"2026-02-19T20:06:30+00:00","og_image":[{"width":800,"height":800,"url":"https:\/\/erki24nd3ub.exactdn.com\/wp-content\/uploads\/dream\/img\/img_180886_2b0e9b62aea11cfc046487c000a1123b_1.jpg?strip=all","type":"image\/jpeg"}],"twitter_card":"summary_large_image","twitter_misc":{"Tempo estimado de leitura":"2 minutos"},"schema":{"@context":"https:\/\/schema.org","@graph":[{"@type":"WebPage","@id":"https:\/\/lovme.pt\/index.php\/produto\/calexotics-montecito-muse-vibrador-coelho-laranja-por-california-dreaming\/","url":"https:\/\/lovme.pt\/index.php\/produto\/calexotics-montecito-muse-vibrador-coelho-laranja-por-california-dreaming\/","name":"CALEXOTICS - MONTECITO MUSE VIBRADOR COELHO LARANJA POR CALIFORNIA DREAMING - Lovme","isPartOf":{"@id":"https:\/\/lovme.pt\/#website"},"primaryImageOfPage":{"@id":"https:\/\/lovme.pt\/index.php\/produto\/calexotics-montecito-muse-vibrador-coelho-laranja-por-california-dreaming\/#primaryimage"},"image":{"@id":"https:\/\/lovme.pt\/index.php\/produto\/calexotics-montecito-muse-vibrador-coelho-laranja-por-california-dreaming\/#primaryimage"},"thumbnailUrl":"https:\/\/erki24nd3ub.exactdn.com\/wp-content\/uploads\/dream\/img\/img_180886_2b0e9b62aea11cfc046487c000a1123b_1.jpg?strip=all","datePublished":"2025-09-30T10:05:06+00:00","dateModified":"2026-02-19T20:06:30+00:00","breadcrumb":{"@id":"https:\/\/lovme.pt\/index.php\/produto\/calexotics-montecito-muse-vibrador-coelho-laranja-por-california-dreaming\/#breadcrumb"},"inLanguage":"pt-PT","potentialAction":[{"@type":"ReadAction","target":["https:\/\/lovme.pt\/index.php\/produto\/calexotics-montecito-muse-vibrador-coelho-laranja-por-california-dreaming\/"]}]},{"@type":"ImageObject","inLanguage":"pt-PT","@id":"https:\/\/lovme.pt\/index.php\/produto\/calexotics-montecito-muse-vibrador-coelho-laranja-por-california-dreaming\/#primaryimage","url":"https:\/\/erki24nd3ub.exactdn.com\/wp-content\/uploads\/dream\/img\/img_180886_2b0e9b62aea11cfc046487c000a1123b_1.jpg?strip=all","contentUrl":"https:\/\/erki24nd3ub.exactdn.com\/wp-content\/uploads\/dream\/img\/img_180886_2b0e9b62aea11cfc046487c000a1123b_1.jpg?strip=all","width":800,"height":800},{"@type":"BreadcrumbList","@id":"https:\/\/lovme.pt\/index.php\/produto\/calexotics-montecito-muse-vibrador-coelho-laranja-por-california-dreaming\/#breadcrumb","itemListElement":[{"@type":"ListItem","position":1,"name":"In\u00edcio","item":"https:\/\/lovme.pt\/"},{"@type":"ListItem","position":2,"name":"Loja","item":"https:\/\/lovme.pt\/index.php\/loja\/"},{"@type":"ListItem","position":3,"name":"CALEXOTICS &#8211; MONTECITO MUSE VIBRADOR COELHO LARANJA POR CALIFORNIA DREAMING"}]},{"@type":"WebSite","@id":"https:\/\/lovme.pt\/#website","url":"https:\/\/lovme.pt\/","name":"Lovme Loja Er\u00f3tica N\u00ba1 em Portugal","description":"A melhor loja er\u00f3tica de Portugal.","alternateName":"Loja Er\u00f3tica Lovme","potentialAction":[{"@type":"SearchAction","target":{"@type":"EntryPoint","urlTemplate":"https:\/\/lovme.pt\/?s={search_term_string}"},"query-input":{"@type":"PropertyValueSpecification","valueRequired":true,"valueName":"search_term_string"}}],"inLanguage":"pt-PT"}]}},"_links":{"self":[{"href":"https:\/\/lovme.pt\/index.php\/wp-json\/wp\/v2\/product\/48784","targetHints":{"allow":["GET"]}}],"collection":[{"href":"https:\/\/lovme.pt\/index.php\/wp-json\/wp\/v2\/product"}],"about":[{"href":"https:\/\/lovme.pt\/index.php\/wp-json\/wp\/v2\/types\/product"}],"wp:featuredmedia":[{"embeddable":true,"href":"https:\/\/lovme.pt\/index.php\/wp-json\/wp\/v2\/media\/62137"}],"wp:attachment":[{"href":"https:\/\/lovme.pt\/index.php\/wp-json\/wp\/v2\/media?parent=48784"}],"wp:term":[{"taxonomy":"product_brand","embeddable":true,"href":"https:\/\/lovme.pt\/index.php\/wp-json\/wp\/v2\/product_brand?post=48784"},{"taxonomy":"product_cat","embeddable":true,"href":"https:\/\/lovme.pt\/index.php\/wp-json\/wp\/v2\/product_cat?post=48784"},{"taxonomy":"product_tag","embeddable":true,"href":"https:\/\/lovme.pt\/index.php\/wp-json\/wp\/v2\/product_tag?post=48784"}],"curies":[{"name":"wp","href":"https:\/\/api.w.org\/{rel}","templated":true}]}}