{"id":48777,"date":"2025-09-30T10:05:05","date_gmt":"2025-09-30T10:05:05","guid":{"rendered":"https:\/\/lovme.pt\/?post_type=product&p=48777"},"modified":"2026-02-19T20:06:29","modified_gmt":"2026-02-19T20:06:29","slug":"satisfyer-g-for-goddess-1-coelho-vibrador-cinza-escuro","status":"publish","type":"product","link":"https:\/\/lovme.pt\/index.php\/produto\/satisfyer-g-for-goddess-1-coelho-vibrador-cinza-escuro\/","title":{"rendered":"SATISFYER &#8211; G FOR GODDESS 1 COELHO VIBRADOR CINZA ESCURO"},"content":{"rendered":"<p><u><strong>Satisfyer G for Goddess 1: Dupla estimula\u00e7\u00e3o do ponto G e clit\u00f3ris<\/strong><\/u><\/p>\n<p>Experimente uma estimula\u00e7\u00e3o dupla intensa com o G for Goddess 1 e seus dois motores potentes.<\/p>\n<p>Este vibrador de coelho oferece uma sele\u00e7\u00e3o impressionante de 12 programas de vibra\u00e7\u00e3o diferentes que podem ser controlados intuitivamente e permitem estimula\u00e7\u00e3o intensa do clit\u00f3ris e do ponto G. O eixo flex\u00edvel deste vibrador coelho Adapta-se perfeitamente \u00e0 forma do seu corpo e \u00e0s suas necessidades. O estimulador clitoriano curvo tamb\u00e9m fornece um novo tipo de estimula\u00e7\u00e3o superior.<\/p>\n<p>\u00a0<\/p>\n<p><u><strong>G para Deusa 1: Vibrador de coelho \u00e0 prova d\u00e1gua (IPX7) feito de silicone adequado para a pele<\/strong><\/u><\/p>\n<p>A estimula\u00e7\u00e3o sensual do clit\u00f3ris e do ponto G tamb\u00e9m \u00e9 poss\u00edvel debaixo d\u00e1gua: gra\u00e7as ao seu acabamento \u00e0 prova d\u00e1gua (IPX7), voc\u00ea tamb\u00e9m pode usar o G for Goddess 1 no chuveiro ou na banheira.<\/p>\n<p>Este vibrador coelho est\u00e1 pronto para viver aventuras de prazer em qualquer lugar! Ap\u00f3s o uso, voc\u00ea pode limpar facilmente seu Satisfyer com \u00e1gua morna, sab\u00e3o neutro e um pouco de limpador de produto de bem-estar sexual, e ele pode ser recarregado com o cabo de carregamento USB inclu\u00eddo. Deixe o duplo poder do G da Deusa 1 lev\u00e1-lo a um mundo de prazeres sensuais onde seus desejos mais \u00edntimos se tornam realidade.<\/p>\n<p>\u00a0<\/p>\n<p><strong><u>CARACTER\u00cdSTICAS:<\/u><\/strong><\/p>\n<ul>\n<li>15 anos de garantia<\/li>\n<li>Flex\u00edvel e male\u00e1vel<\/li>\n<li>Ideal para estimula\u00e7\u00e3o do ponto G<\/li>\n<li>Silicone amigo do corpo<\/li>\n<li>12 programas de vibra\u00e7\u00e3o<\/li>\n<li>2 motores potentes<\/li>\n<li>\u00c0 prova d\u00e1gua (IPX7)<\/li>\n<li>Modo sussurro<\/li>\n<li>F\u00e1cil de limpar<\/li>\n<li>Bateria de \u00edon de l\u00edtio<\/li>\n<li>Cabo de carregamento magn\u00e9tico<\/li>\n<li>USB inclu\u00eddo<\/li>\n<\/ul>\n","protected":false},"excerpt":{"rendered":"<p>SATISFYER &#8211; G FOR GODDESS 1 COELHO VIBRADOR CINZA ESCURO<\/p>\n","protected":false},"featured_media":62132,"template":"","meta":{"_acf_changed":false},"product_brand":[],"product_cat":[17,115,76],"product_tag":[],"class_list":{"0":"post-48777","1":"product","2":"type-product","3":"status-publish","4":"has-post-thumbnail","6":"product_cat-brinquedos-de-bem-estar-sexual","7":"product_cat-ofertas","8":"product_cat-vibradores","9":"yith_product_brand-satisfyer","10":"yith_product_brand-satisfyer-satisfyer-vibrator","12":"first","13":"instock","14":"taxable","15":"shipping-taxable","16":"purchasable","17":"product-type-simple"},"acf":[],"yoast_head":"<!-- This site is optimized with the Yoast SEO plugin v27.4 - https:\/\/yoast.com\/product\/yoast-seo-wordpress\/ -->\n<title>SATISFYER - G FOR GODDESS 1 COELHO VIBRADOR CINZA ESCURO - Lovme<\/title>\n<meta name=\"robots\" content=\"index, follow, max-snippet:-1, max-image-preview:large, max-video-preview:-1\" \/>\n<link rel=\"canonical\" href=\"https:\/\/lovme.pt\/index.php\/produto\/satisfyer-g-for-goddess-1-coelho-vibrador-cinza-escuro\/\" \/>\n<meta property=\"og:locale\" content=\"pt_PT\" \/>\n<meta property=\"og:type\" content=\"article\" \/>\n<meta property=\"og:title\" content=\"SATISFYER - G FOR GODDESS 1 COELHO VIBRADOR CINZA ESCURO - Lovme\" \/>\n<meta property=\"og:description\" content=\"SATISFYER - G FOR GODDESS 1 COELHO VIBRADOR CINZA ESCURO\" \/>\n<meta property=\"og:url\" content=\"https:\/\/lovme.pt\/index.php\/produto\/satisfyer-g-for-goddess-1-coelho-vibrador-cinza-escuro\/\" \/>\n<meta property=\"og:site_name\" content=\"Lovme\" \/>\n<meta property=\"article:modified_time\" content=\"2026-02-19T20:06:29+00:00\" \/>\n<meta property=\"og:image\" content=\"https:\/\/erki24nd3ub.exactdn.com\/wp-content\/uploads\/dream\/img\/img_180793_d27a836a0a9d06f1ae4113bcfc2c6c3e_1.jpg?strip=all\" \/>\n\t<meta property=\"og:image:width\" content=\"800\" \/>\n\t<meta property=\"og:image:height\" content=\"800\" \/>\n\t<meta property=\"og:image:type\" content=\"image\/jpeg\" \/>\n<meta name=\"twitter:card\" content=\"summary_large_image\" \/>\n<meta name=\"twitter:label1\" content=\"Tempo estimado de leitura\" \/>\n\t<meta name=\"twitter:data1\" content=\"1 minuto\" \/>\n<script type=\"application\/ld+json\" class=\"yoast-schema-graph\">{\"@context\":\"https:\\\/\\\/schema.org\",\"@graph\":[{\"@type\":\"WebPage\",\"@id\":\"https:\\\/\\\/lovme.pt\\\/index.php\\\/produto\\\/satisfyer-g-for-goddess-1-coelho-vibrador-cinza-escuro\\\/\",\"url\":\"https:\\\/\\\/lovme.pt\\\/index.php\\\/produto\\\/satisfyer-g-for-goddess-1-coelho-vibrador-cinza-escuro\\\/\",\"name\":\"SATISFYER - G FOR GODDESS 1 COELHO VIBRADOR CINZA ESCURO - Lovme\",\"isPartOf\":{\"@id\":\"https:\\\/\\\/lovme.pt\\\/#website\"},\"primaryImageOfPage\":{\"@id\":\"https:\\\/\\\/lovme.pt\\\/index.php\\\/produto\\\/satisfyer-g-for-goddess-1-coelho-vibrador-cinza-escuro\\\/#primaryimage\"},\"image\":{\"@id\":\"https:\\\/\\\/lovme.pt\\\/index.php\\\/produto\\\/satisfyer-g-for-goddess-1-coelho-vibrador-cinza-escuro\\\/#primaryimage\"},\"thumbnailUrl\":\"https:\\\/\\\/erki24nd3ub.exactdn.com\\\/wp-content\\\/uploads\\\/dream\\\/img\\\/img_180793_d27a836a0a9d06f1ae4113bcfc2c6c3e_1.jpg?strip=all\",\"datePublished\":\"2025-09-30T10:05:05+00:00\",\"dateModified\":\"2026-02-19T20:06:29+00:00\",\"breadcrumb\":{\"@id\":\"https:\\\/\\\/lovme.pt\\\/index.php\\\/produto\\\/satisfyer-g-for-goddess-1-coelho-vibrador-cinza-escuro\\\/#breadcrumb\"},\"inLanguage\":\"pt-PT\",\"potentialAction\":[{\"@type\":\"ReadAction\",\"target\":[\"https:\\\/\\\/lovme.pt\\\/index.php\\\/produto\\\/satisfyer-g-for-goddess-1-coelho-vibrador-cinza-escuro\\\/\"]}]},{\"@type\":\"ImageObject\",\"inLanguage\":\"pt-PT\",\"@id\":\"https:\\\/\\\/lovme.pt\\\/index.php\\\/produto\\\/satisfyer-g-for-goddess-1-coelho-vibrador-cinza-escuro\\\/#primaryimage\",\"url\":\"https:\\\/\\\/erki24nd3ub.exactdn.com\\\/wp-content\\\/uploads\\\/dream\\\/img\\\/img_180793_d27a836a0a9d06f1ae4113bcfc2c6c3e_1.jpg?strip=all\",\"contentUrl\":\"https:\\\/\\\/erki24nd3ub.exactdn.com\\\/wp-content\\\/uploads\\\/dream\\\/img\\\/img_180793_d27a836a0a9d06f1ae4113bcfc2c6c3e_1.jpg?strip=all\",\"width\":800,\"height\":800},{\"@type\":\"BreadcrumbList\",\"@id\":\"https:\\\/\\\/lovme.pt\\\/index.php\\\/produto\\\/satisfyer-g-for-goddess-1-coelho-vibrador-cinza-escuro\\\/#breadcrumb\",\"itemListElement\":[{\"@type\":\"ListItem\",\"position\":1,\"name\":\"In\u00edcio\",\"item\":\"https:\\\/\\\/lovme.pt\\\/\"},{\"@type\":\"ListItem\",\"position\":2,\"name\":\"Loja\",\"item\":\"https:\\\/\\\/lovme.pt\\\/index.php\\\/loja\\\/\"},{\"@type\":\"ListItem\",\"position\":3,\"name\":\"SATISFYER &#8211; G FOR GODDESS 1 COELHO VIBRADOR CINZA ESCURO\"}]},{\"@type\":\"WebSite\",\"@id\":\"https:\\\/\\\/lovme.pt\\\/#website\",\"url\":\"https:\\\/\\\/lovme.pt\\\/\",\"name\":\"Lovme Loja Er\u00f3tica N\u00ba1 em Portugal\",\"description\":\"A melhor loja er\u00f3tica de Portugal.\",\"alternateName\":\"Loja Er\u00f3tica Lovme\",\"potentialAction\":[{\"@type\":\"SearchAction\",\"target\":{\"@type\":\"EntryPoint\",\"urlTemplate\":\"https:\\\/\\\/lovme.pt\\\/?s={search_term_string}\"},\"query-input\":{\"@type\":\"PropertyValueSpecification\",\"valueRequired\":true,\"valueName\":\"search_term_string\"}}],\"inLanguage\":\"pt-PT\"}]}<\/script>\n<!-- \/ Yoast SEO plugin. -->","yoast_head_json":{"title":"SATISFYER - G FOR GODDESS 1 COELHO VIBRADOR CINZA ESCURO - Lovme","robots":{"index":"index","follow":"follow","max-snippet":"max-snippet:-1","max-image-preview":"max-image-preview:large","max-video-preview":"max-video-preview:-1"},"canonical":"https:\/\/lovme.pt\/index.php\/produto\/satisfyer-g-for-goddess-1-coelho-vibrador-cinza-escuro\/","og_locale":"pt_PT","og_type":"article","og_title":"SATISFYER - G FOR GODDESS 1 COELHO VIBRADOR CINZA ESCURO - Lovme","og_description":"SATISFYER - G FOR GODDESS 1 COELHO VIBRADOR CINZA ESCURO","og_url":"https:\/\/lovme.pt\/index.php\/produto\/satisfyer-g-for-goddess-1-coelho-vibrador-cinza-escuro\/","og_site_name":"Lovme","article_modified_time":"2026-02-19T20:06:29+00:00","og_image":[{"width":800,"height":800,"url":"https:\/\/erki24nd3ub.exactdn.com\/wp-content\/uploads\/dream\/img\/img_180793_d27a836a0a9d06f1ae4113bcfc2c6c3e_1.jpg?strip=all","type":"image\/jpeg"}],"twitter_card":"summary_large_image","twitter_misc":{"Tempo estimado de leitura":"1 minuto"},"schema":{"@context":"https:\/\/schema.org","@graph":[{"@type":"WebPage","@id":"https:\/\/lovme.pt\/index.php\/produto\/satisfyer-g-for-goddess-1-coelho-vibrador-cinza-escuro\/","url":"https:\/\/lovme.pt\/index.php\/produto\/satisfyer-g-for-goddess-1-coelho-vibrador-cinza-escuro\/","name":"SATISFYER - G FOR GODDESS 1 COELHO VIBRADOR CINZA ESCURO - Lovme","isPartOf":{"@id":"https:\/\/lovme.pt\/#website"},"primaryImageOfPage":{"@id":"https:\/\/lovme.pt\/index.php\/produto\/satisfyer-g-for-goddess-1-coelho-vibrador-cinza-escuro\/#primaryimage"},"image":{"@id":"https:\/\/lovme.pt\/index.php\/produto\/satisfyer-g-for-goddess-1-coelho-vibrador-cinza-escuro\/#primaryimage"},"thumbnailUrl":"https:\/\/erki24nd3ub.exactdn.com\/wp-content\/uploads\/dream\/img\/img_180793_d27a836a0a9d06f1ae4113bcfc2c6c3e_1.jpg?strip=all","datePublished":"2025-09-30T10:05:05+00:00","dateModified":"2026-02-19T20:06:29+00:00","breadcrumb":{"@id":"https:\/\/lovme.pt\/index.php\/produto\/satisfyer-g-for-goddess-1-coelho-vibrador-cinza-escuro\/#breadcrumb"},"inLanguage":"pt-PT","potentialAction":[{"@type":"ReadAction","target":["https:\/\/lovme.pt\/index.php\/produto\/satisfyer-g-for-goddess-1-coelho-vibrador-cinza-escuro\/"]}]},{"@type":"ImageObject","inLanguage":"pt-PT","@id":"https:\/\/lovme.pt\/index.php\/produto\/satisfyer-g-for-goddess-1-coelho-vibrador-cinza-escuro\/#primaryimage","url":"https:\/\/erki24nd3ub.exactdn.com\/wp-content\/uploads\/dream\/img\/img_180793_d27a836a0a9d06f1ae4113bcfc2c6c3e_1.jpg?strip=all","contentUrl":"https:\/\/erki24nd3ub.exactdn.com\/wp-content\/uploads\/dream\/img\/img_180793_d27a836a0a9d06f1ae4113bcfc2c6c3e_1.jpg?strip=all","width":800,"height":800},{"@type":"BreadcrumbList","@id":"https:\/\/lovme.pt\/index.php\/produto\/satisfyer-g-for-goddess-1-coelho-vibrador-cinza-escuro\/#breadcrumb","itemListElement":[{"@type":"ListItem","position":1,"name":"In\u00edcio","item":"https:\/\/lovme.pt\/"},{"@type":"ListItem","position":2,"name":"Loja","item":"https:\/\/lovme.pt\/index.php\/loja\/"},{"@type":"ListItem","position":3,"name":"SATISFYER &#8211; G FOR GODDESS 1 COELHO VIBRADOR CINZA ESCURO"}]},{"@type":"WebSite","@id":"https:\/\/lovme.pt\/#website","url":"https:\/\/lovme.pt\/","name":"Lovme Loja Er\u00f3tica N\u00ba1 em Portugal","description":"A melhor loja er\u00f3tica de Portugal.","alternateName":"Loja Er\u00f3tica Lovme","potentialAction":[{"@type":"SearchAction","target":{"@type":"EntryPoint","urlTemplate":"https:\/\/lovme.pt\/?s={search_term_string}"},"query-input":{"@type":"PropertyValueSpecification","valueRequired":true,"valueName":"search_term_string"}}],"inLanguage":"pt-PT"}]}},"_links":{"self":[{"href":"https:\/\/lovme.pt\/index.php\/wp-json\/wp\/v2\/product\/48777","targetHints":{"allow":["GET"]}}],"collection":[{"href":"https:\/\/lovme.pt\/index.php\/wp-json\/wp\/v2\/product"}],"about":[{"href":"https:\/\/lovme.pt\/index.php\/wp-json\/wp\/v2\/types\/product"}],"wp:featuredmedia":[{"embeddable":true,"href":"https:\/\/lovme.pt\/index.php\/wp-json\/wp\/v2\/media\/62132"}],"wp:attachment":[{"href":"https:\/\/lovme.pt\/index.php\/wp-json\/wp\/v2\/media?parent=48777"}],"wp:term":[{"taxonomy":"product_brand","embeddable":true,"href":"https:\/\/lovme.pt\/index.php\/wp-json\/wp\/v2\/product_brand?post=48777"},{"taxonomy":"product_cat","embeddable":true,"href":"https:\/\/lovme.pt\/index.php\/wp-json\/wp\/v2\/product_cat?post=48777"},{"taxonomy":"product_tag","embeddable":true,"href":"https:\/\/lovme.pt\/index.php\/wp-json\/wp\/v2\/product_tag?post=48777"}],"curies":[{"name":"wp","href":"https:\/\/api.w.org\/{rel}","templated":true}]}}