{"id":48772,"date":"2025-10-01T03:13:08","date_gmt":"2025-10-01T03:13:08","guid":{"rendered":"https:\/\/lovme.pt\/?post_type=product&p=48772"},"modified":"2026-02-19T20:22:39","modified_gmt":"2026-02-19T20:22:39","slug":"philips-bateria-alcalina-12v-lr23a-mn21-8lr932-blister1","status":"publish","type":"product","link":"https:\/\/lovme.pt\/index.php\/produto\/philips-bateria-alcalina-12v-lr23a-mn21-8lr932-blister1\/","title":{"rendered":"PHILIPS &#8211; BATERIA ALCALINA 12V LR23A MN21 8LR932 BLISTER*1"},"content":{"rendered":"<p>A bateria LR23 \u00e9 uma bateria de um tipo de energia usada principalmente em sistemas eletr\u00f4nicos de controle de r\u00e1dio, como sistemas de entrada sem chave, sistemas de seguran\u00e7a residencial, controles de portas de garagem e fones de ouvido Bluetooth. A bateria LR23 \u00e9 cil\u00edndrica, menor que uma bateria AAA, que mede 28,5 mm de comprimento e 10,3 mm de di\u00e2metro, com peso t\u00edpico de 8 gramas. Uma bateria LR23 \u00e9 um dispositivo de 8 c\u00e9lulas com tens\u00e3o nominal de 12V. A tens\u00e3o mais alta \u00e9 necess\u00e1ria para dispositivos de transmiss\u00e3o e recep\u00e7\u00e3o de radiofrequ\u00eancia do que para baterias. Tem capacidade em torno de 55 mAh. As baterias LR23 s\u00e3o constru\u00eddas com 8 baterias alcalinas LR932 individuais fechadas em uma caixa. A bateria LR23 \u00e9 semelhante \u00e0 bateria N, que possui tens\u00e3o de 1,5 V.<\/p>\n","protected":false},"excerpt":{"rendered":"<p>PHILIPS &#8211; BATERIA ALCALINA 12V LR23A MN21 8LR932 BLISTER*1<\/p>\n","protected":false},"featured_media":102113,"template":"","meta":{"_acf_changed":false},"product_brand":[],"product_cat":[15],"product_tag":[],"class_list":{"0":"post-48772","1":"product","2":"type-product","3":"status-publish","4":"has-post-thumbnail","6":"product_cat-loja","7":"yith_product_brand-phillips","9":"first","10":"instock","11":"taxable","12":"shipping-taxable","13":"purchasable","14":"product-type-simple"},"acf":[],"yoast_head":"<!-- This site is optimized with the Yoast SEO plugin v27.4 - https:\/\/yoast.com\/product\/yoast-seo-wordpress\/ -->\n<title>PHILIPS - BATERIA ALCALINA 12V LR23A MN21 8LR932 BLISTER*1 - Lovme<\/title>\n<meta name=\"robots\" content=\"index, follow, max-snippet:-1, max-image-preview:large, max-video-preview:-1\" \/>\n<link rel=\"canonical\" href=\"https:\/\/lovme.pt\/index.php\/produto\/philips-bateria-alcalina-12v-lr23a-mn21-8lr932-blister1\/\" \/>\n<meta property=\"og:locale\" content=\"pt_PT\" \/>\n<meta property=\"og:type\" content=\"article\" \/>\n<meta property=\"og:title\" content=\"PHILIPS - BATERIA ALCALINA 12V LR23A MN21 8LR932 BLISTER*1 - Lovme\" \/>\n<meta property=\"og:description\" content=\"PHILIPS - BATERIA ALCALINA 12V LR23A MN21 8LR932 BLISTER*1\" \/>\n<meta property=\"og:url\" content=\"https:\/\/lovme.pt\/index.php\/produto\/philips-bateria-alcalina-12v-lr23a-mn21-8lr932-blister1\/\" \/>\n<meta property=\"og:site_name\" content=\"Lovme\" \/>\n<meta property=\"article:modified_time\" content=\"2026-02-19T20:22:39+00:00\" \/>\n<meta property=\"og:image\" content=\"https:\/\/erki24nd3ub.exactdn.com\/wp-content\/uploads\/dream\/img\/img_180758_67efb62c9946fa1146101c998adf3519_1.jpg?strip=all\" \/>\n\t<meta property=\"og:image:width\" content=\"800\" \/>\n\t<meta property=\"og:image:height\" content=\"800\" \/>\n\t<meta property=\"og:image:type\" content=\"image\/jpeg\" \/>\n<meta name=\"twitter:card\" content=\"summary_large_image\" \/>\n<meta name=\"twitter:label1\" content=\"Tempo estimado de leitura\" \/>\n\t<meta name=\"twitter:data1\" content=\"1 minuto\" \/>\n<script type=\"application\/ld+json\" class=\"yoast-schema-graph\">{\"@context\":\"https:\\\/\\\/schema.org\",\"@graph\":[{\"@type\":\"WebPage\",\"@id\":\"https:\\\/\\\/lovme.pt\\\/index.php\\\/produto\\\/philips-bateria-alcalina-12v-lr23a-mn21-8lr932-blister1\\\/\",\"url\":\"https:\\\/\\\/lovme.pt\\\/index.php\\\/produto\\\/philips-bateria-alcalina-12v-lr23a-mn21-8lr932-blister1\\\/\",\"name\":\"PHILIPS - BATERIA ALCALINA 12V LR23A MN21 8LR932 BLISTER*1 - Lovme\",\"isPartOf\":{\"@id\":\"https:\\\/\\\/lovme.pt\\\/#website\"},\"primaryImageOfPage\":{\"@id\":\"https:\\\/\\\/lovme.pt\\\/index.php\\\/produto\\\/philips-bateria-alcalina-12v-lr23a-mn21-8lr932-blister1\\\/#primaryimage\"},\"image\":{\"@id\":\"https:\\\/\\\/lovme.pt\\\/index.php\\\/produto\\\/philips-bateria-alcalina-12v-lr23a-mn21-8lr932-blister1\\\/#primaryimage\"},\"thumbnailUrl\":\"https:\\\/\\\/erki24nd3ub.exactdn.com\\\/wp-content\\\/uploads\\\/dream\\\/img\\\/img_180758_67efb62c9946fa1146101c998adf3519_1.jpg?strip=all\",\"datePublished\":\"2025-10-01T03:13:08+00:00\",\"dateModified\":\"2026-02-19T20:22:39+00:00\",\"breadcrumb\":{\"@id\":\"https:\\\/\\\/lovme.pt\\\/index.php\\\/produto\\\/philips-bateria-alcalina-12v-lr23a-mn21-8lr932-blister1\\\/#breadcrumb\"},\"inLanguage\":\"pt-PT\",\"potentialAction\":[{\"@type\":\"ReadAction\",\"target\":[\"https:\\\/\\\/lovme.pt\\\/index.php\\\/produto\\\/philips-bateria-alcalina-12v-lr23a-mn21-8lr932-blister1\\\/\"]}]},{\"@type\":\"ImageObject\",\"inLanguage\":\"pt-PT\",\"@id\":\"https:\\\/\\\/lovme.pt\\\/index.php\\\/produto\\\/philips-bateria-alcalina-12v-lr23a-mn21-8lr932-blister1\\\/#primaryimage\",\"url\":\"https:\\\/\\\/erki24nd3ub.exactdn.com\\\/wp-content\\\/uploads\\\/dream\\\/img\\\/img_180758_67efb62c9946fa1146101c998adf3519_1.jpg?strip=all\",\"contentUrl\":\"https:\\\/\\\/erki24nd3ub.exactdn.com\\\/wp-content\\\/uploads\\\/dream\\\/img\\\/img_180758_67efb62c9946fa1146101c998adf3519_1.jpg?strip=all\",\"width\":800,\"height\":800},{\"@type\":\"BreadcrumbList\",\"@id\":\"https:\\\/\\\/lovme.pt\\\/index.php\\\/produto\\\/philips-bateria-alcalina-12v-lr23a-mn21-8lr932-blister1\\\/#breadcrumb\",\"itemListElement\":[{\"@type\":\"ListItem\",\"position\":1,\"name\":\"In\u00edcio\",\"item\":\"https:\\\/\\\/lovme.pt\\\/\"},{\"@type\":\"ListItem\",\"position\":2,\"name\":\"Loja\",\"item\":\"https:\\\/\\\/lovme.pt\\\/index.php\\\/loja\\\/\"},{\"@type\":\"ListItem\",\"position\":3,\"name\":\"PHILIPS &#8211; BATERIA ALCALINA 12V LR23A MN21 8LR932 BLISTER*1\"}]},{\"@type\":\"WebSite\",\"@id\":\"https:\\\/\\\/lovme.pt\\\/#website\",\"url\":\"https:\\\/\\\/lovme.pt\\\/\",\"name\":\"Lovme Loja Er\u00f3tica N\u00ba1 em Portugal\",\"description\":\"A melhor loja er\u00f3tica de Portugal.\",\"alternateName\":\"Loja Er\u00f3tica Lovme\",\"potentialAction\":[{\"@type\":\"SearchAction\",\"target\":{\"@type\":\"EntryPoint\",\"urlTemplate\":\"https:\\\/\\\/lovme.pt\\\/?s={search_term_string}\"},\"query-input\":{\"@type\":\"PropertyValueSpecification\",\"valueRequired\":true,\"valueName\":\"search_term_string\"}}],\"inLanguage\":\"pt-PT\"}]}<\/script>\n<!-- \/ Yoast SEO plugin. -->","yoast_head_json":{"title":"PHILIPS - BATERIA ALCALINA 12V LR23A MN21 8LR932 BLISTER*1 - Lovme","robots":{"index":"index","follow":"follow","max-snippet":"max-snippet:-1","max-image-preview":"max-image-preview:large","max-video-preview":"max-video-preview:-1"},"canonical":"https:\/\/lovme.pt\/index.php\/produto\/philips-bateria-alcalina-12v-lr23a-mn21-8lr932-blister1\/","og_locale":"pt_PT","og_type":"article","og_title":"PHILIPS - BATERIA ALCALINA 12V LR23A MN21 8LR932 BLISTER*1 - Lovme","og_description":"PHILIPS - BATERIA ALCALINA 12V LR23A MN21 8LR932 BLISTER*1","og_url":"https:\/\/lovme.pt\/index.php\/produto\/philips-bateria-alcalina-12v-lr23a-mn21-8lr932-blister1\/","og_site_name":"Lovme","article_modified_time":"2026-02-19T20:22:39+00:00","og_image":[{"width":800,"height":800,"url":"https:\/\/erki24nd3ub.exactdn.com\/wp-content\/uploads\/dream\/img\/img_180758_67efb62c9946fa1146101c998adf3519_1.jpg?strip=all","type":"image\/jpeg"}],"twitter_card":"summary_large_image","twitter_misc":{"Tempo estimado de leitura":"1 minuto"},"schema":{"@context":"https:\/\/schema.org","@graph":[{"@type":"WebPage","@id":"https:\/\/lovme.pt\/index.php\/produto\/philips-bateria-alcalina-12v-lr23a-mn21-8lr932-blister1\/","url":"https:\/\/lovme.pt\/index.php\/produto\/philips-bateria-alcalina-12v-lr23a-mn21-8lr932-blister1\/","name":"PHILIPS - BATERIA ALCALINA 12V LR23A MN21 8LR932 BLISTER*1 - Lovme","isPartOf":{"@id":"https:\/\/lovme.pt\/#website"},"primaryImageOfPage":{"@id":"https:\/\/lovme.pt\/index.php\/produto\/philips-bateria-alcalina-12v-lr23a-mn21-8lr932-blister1\/#primaryimage"},"image":{"@id":"https:\/\/lovme.pt\/index.php\/produto\/philips-bateria-alcalina-12v-lr23a-mn21-8lr932-blister1\/#primaryimage"},"thumbnailUrl":"https:\/\/erki24nd3ub.exactdn.com\/wp-content\/uploads\/dream\/img\/img_180758_67efb62c9946fa1146101c998adf3519_1.jpg?strip=all","datePublished":"2025-10-01T03:13:08+00:00","dateModified":"2026-02-19T20:22:39+00:00","breadcrumb":{"@id":"https:\/\/lovme.pt\/index.php\/produto\/philips-bateria-alcalina-12v-lr23a-mn21-8lr932-blister1\/#breadcrumb"},"inLanguage":"pt-PT","potentialAction":[{"@type":"ReadAction","target":["https:\/\/lovme.pt\/index.php\/produto\/philips-bateria-alcalina-12v-lr23a-mn21-8lr932-blister1\/"]}]},{"@type":"ImageObject","inLanguage":"pt-PT","@id":"https:\/\/lovme.pt\/index.php\/produto\/philips-bateria-alcalina-12v-lr23a-mn21-8lr932-blister1\/#primaryimage","url":"https:\/\/erki24nd3ub.exactdn.com\/wp-content\/uploads\/dream\/img\/img_180758_67efb62c9946fa1146101c998adf3519_1.jpg?strip=all","contentUrl":"https:\/\/erki24nd3ub.exactdn.com\/wp-content\/uploads\/dream\/img\/img_180758_67efb62c9946fa1146101c998adf3519_1.jpg?strip=all","width":800,"height":800},{"@type":"BreadcrumbList","@id":"https:\/\/lovme.pt\/index.php\/produto\/philips-bateria-alcalina-12v-lr23a-mn21-8lr932-blister1\/#breadcrumb","itemListElement":[{"@type":"ListItem","position":1,"name":"In\u00edcio","item":"https:\/\/lovme.pt\/"},{"@type":"ListItem","position":2,"name":"Loja","item":"https:\/\/lovme.pt\/index.php\/loja\/"},{"@type":"ListItem","position":3,"name":"PHILIPS &#8211; BATERIA ALCALINA 12V LR23A MN21 8LR932 BLISTER*1"}]},{"@type":"WebSite","@id":"https:\/\/lovme.pt\/#website","url":"https:\/\/lovme.pt\/","name":"Lovme Loja Er\u00f3tica N\u00ba1 em Portugal","description":"A melhor loja er\u00f3tica de Portugal.","alternateName":"Loja Er\u00f3tica Lovme","potentialAction":[{"@type":"SearchAction","target":{"@type":"EntryPoint","urlTemplate":"https:\/\/lovme.pt\/?s={search_term_string}"},"query-input":{"@type":"PropertyValueSpecification","valueRequired":true,"valueName":"search_term_string"}}],"inLanguage":"pt-PT"}]}},"_links":{"self":[{"href":"https:\/\/lovme.pt\/index.php\/wp-json\/wp\/v2\/product\/48772","targetHints":{"allow":["GET"]}}],"collection":[{"href":"https:\/\/lovme.pt\/index.php\/wp-json\/wp\/v2\/product"}],"about":[{"href":"https:\/\/lovme.pt\/index.php\/wp-json\/wp\/v2\/types\/product"}],"wp:featuredmedia":[{"embeddable":true,"href":"https:\/\/lovme.pt\/index.php\/wp-json\/wp\/v2\/media\/102113"}],"wp:attachment":[{"href":"https:\/\/lovme.pt\/index.php\/wp-json\/wp\/v2\/media?parent=48772"}],"wp:term":[{"taxonomy":"product_brand","embeddable":true,"href":"https:\/\/lovme.pt\/index.php\/wp-json\/wp\/v2\/product_brand?post=48772"},{"taxonomy":"product_cat","embeddable":true,"href":"https:\/\/lovme.pt\/index.php\/wp-json\/wp\/v2\/product_cat?post=48772"},{"taxonomy":"product_tag","embeddable":true,"href":"https:\/\/lovme.pt\/index.php\/wp-json\/wp\/v2\/product_tag?post=48772"}],"curies":[{"name":"wp","href":"https:\/\/api.w.org\/{rel}","templated":true}]}}