{"id":48771,"date":"2025-09-30T22:01:57","date_gmt":"2025-09-30T22:01:57","guid":{"rendered":"https:\/\/lovme.pt\/?post_type=product&p=48771"},"modified":"2026-02-19T20:09:03","modified_gmt":"2026-02-19T20:09:03","slug":"pretty-love-mini-brinquedos-divertidos-do-estimulador-magic-diabo","status":"publish","type":"product","link":"https:\/\/lovme.pt\/index.php\/produto\/pretty-love-mini-brinquedos-divertidos-do-estimulador-magic-diabo\/","title":{"rendered":"PRETTY LOVE &#8211; MINI BRINQUEDOS DIVERTIDOS DO ESTIMULADOR MAGIC DIABO"},"content":{"rendered":"<p>O Magical Pleasure recarreg\u00e1vel cabe perfeitamente na ponta do seu dedo, para que voc\u00ea possa desfrutar da felicidade org\u00e1stica. Assuma o controle total da sua sess\u00e3o de jogo com um \u00fanico toque e deixe que os toques divertidos fa\u00e7am o trabalho. Este mini brinquedo \u00e9 feito de silicone, possui 1 configura\u00e7\u00e3o de estimula\u00e7\u00e3o eletr\u00f4nica e 10 fun\u00e7\u00f5es de toque.<\/p>\n<p>\u00a0<\/p>\n<p><strong><u>CARACTER\u00cdSTICAS:<\/u><\/strong><\/p>\n<ul>\n<li>Fun\u00e7\u00e3o: 10 posi\u00e7\u00f5es de impulso 1 fun\u00e7\u00e3o de choque el\u00e9trico<\/li>\n<li>Alimenta\u00e7\u00e3o: USB recarreg\u00e1vel<\/li>\n<li>Material: silicone ABS<\/li>\n<li>Cor vermelha<\/li>\n<li>Tamanho da embalagem (mm): 150*100*50<\/li>\n<\/ul>\n<p>\u00a0<\/p>\n<p>A Pretty Love fabrica produtos de alta qualidade. T\u00eam garantia de 1 ano para defeitos t\u00e9cnicos.<\/p>\n","protected":false},"excerpt":{"rendered":"<p>PRETTY LOVE &#8211; MINI BRINQUEDOS DIVERTIDOS DO ESTIMULADOR MAGIC DIABO<\/p>\n","protected":false},"featured_media":73166,"template":"","meta":{"_acf_changed":false},"product_brand":[],"product_cat":[17,61],"product_tag":[],"class_list":{"0":"post-48771","1":"product","2":"type-product","3":"status-publish","4":"has-post-thumbnail","6":"product_cat-brinquedos-de-bem-estar-sexual","7":"product_cat-para-elas","8":"yith_product_brand-pretty-love","9":"yith_product_brand-pretty-lovepretty-love-smart","11":"first","12":"instock","13":"taxable","14":"shipping-taxable","15":"purchasable","16":"product-type-simple"},"acf":[],"yoast_head":"<!-- This site is optimized with the Yoast SEO plugin v27.4 - https:\/\/yoast.com\/product\/yoast-seo-wordpress\/ -->\n<title>PRETTY LOVE - MINI BRINQUEDOS DIVERTIDOS DO ESTIMULADOR MAGIC DIABO - Lovme<\/title>\n<meta name=\"robots\" content=\"index, follow, max-snippet:-1, max-image-preview:large, max-video-preview:-1\" \/>\n<link rel=\"canonical\" href=\"https:\/\/lovme.pt\/index.php\/produto\/pretty-love-mini-brinquedos-divertidos-do-estimulador-magic-diabo\/\" \/>\n<meta property=\"og:locale\" content=\"pt_PT\" \/>\n<meta property=\"og:type\" content=\"article\" \/>\n<meta property=\"og:title\" content=\"PRETTY LOVE - MINI BRINQUEDOS DIVERTIDOS DO ESTIMULADOR MAGIC DIABO - Lovme\" \/>\n<meta property=\"og:description\" content=\"PRETTY LOVE - MINI BRINQUEDOS DIVERTIDOS DO ESTIMULADOR MAGIC DIABO\" \/>\n<meta property=\"og:url\" content=\"https:\/\/lovme.pt\/index.php\/produto\/pretty-love-mini-brinquedos-divertidos-do-estimulador-magic-diabo\/\" \/>\n<meta property=\"og:site_name\" content=\"Lovme\" \/>\n<meta property=\"article:modified_time\" content=\"2026-02-19T20:09:03+00:00\" \/>\n<meta property=\"og:image\" content=\"https:\/\/erki24nd3ub.exactdn.com\/wp-content\/uploads\/dream\/img\/img_180753_0d63360fffd5fb439aa1c3d6a4cf1e43_1.jpg?strip=all\" \/>\n\t<meta property=\"og:image:width\" content=\"800\" \/>\n\t<meta property=\"og:image:height\" content=\"800\" \/>\n\t<meta property=\"og:image:type\" content=\"image\/jpeg\" \/>\n<meta name=\"twitter:card\" content=\"summary_large_image\" \/>\n<meta name=\"twitter:label1\" content=\"Tempo estimado de leitura\" \/>\n\t<meta name=\"twitter:data1\" content=\"1 minuto\" \/>\n<script type=\"application\/ld+json\" class=\"yoast-schema-graph\">{\"@context\":\"https:\\\/\\\/schema.org\",\"@graph\":[{\"@type\":\"WebPage\",\"@id\":\"https:\\\/\\\/lovme.pt\\\/index.php\\\/produto\\\/pretty-love-mini-brinquedos-divertidos-do-estimulador-magic-diabo\\\/\",\"url\":\"https:\\\/\\\/lovme.pt\\\/index.php\\\/produto\\\/pretty-love-mini-brinquedos-divertidos-do-estimulador-magic-diabo\\\/\",\"name\":\"PRETTY LOVE - MINI BRINQUEDOS DIVERTIDOS DO ESTIMULADOR MAGIC DIABO - Lovme\",\"isPartOf\":{\"@id\":\"https:\\\/\\\/lovme.pt\\\/#website\"},\"primaryImageOfPage\":{\"@id\":\"https:\\\/\\\/lovme.pt\\\/index.php\\\/produto\\\/pretty-love-mini-brinquedos-divertidos-do-estimulador-magic-diabo\\\/#primaryimage\"},\"image\":{\"@id\":\"https:\\\/\\\/lovme.pt\\\/index.php\\\/produto\\\/pretty-love-mini-brinquedos-divertidos-do-estimulador-magic-diabo\\\/#primaryimage\"},\"thumbnailUrl\":\"https:\\\/\\\/erki24nd3ub.exactdn.com\\\/wp-content\\\/uploads\\\/dream\\\/img\\\/img_180753_0d63360fffd5fb439aa1c3d6a4cf1e43_1.jpg?strip=all\",\"datePublished\":\"2025-09-30T22:01:57+00:00\",\"dateModified\":\"2026-02-19T20:09:03+00:00\",\"breadcrumb\":{\"@id\":\"https:\\\/\\\/lovme.pt\\\/index.php\\\/produto\\\/pretty-love-mini-brinquedos-divertidos-do-estimulador-magic-diabo\\\/#breadcrumb\"},\"inLanguage\":\"pt-PT\",\"potentialAction\":[{\"@type\":\"ReadAction\",\"target\":[\"https:\\\/\\\/lovme.pt\\\/index.php\\\/produto\\\/pretty-love-mini-brinquedos-divertidos-do-estimulador-magic-diabo\\\/\"]}]},{\"@type\":\"ImageObject\",\"inLanguage\":\"pt-PT\",\"@id\":\"https:\\\/\\\/lovme.pt\\\/index.php\\\/produto\\\/pretty-love-mini-brinquedos-divertidos-do-estimulador-magic-diabo\\\/#primaryimage\",\"url\":\"https:\\\/\\\/erki24nd3ub.exactdn.com\\\/wp-content\\\/uploads\\\/dream\\\/img\\\/img_180753_0d63360fffd5fb439aa1c3d6a4cf1e43_1.jpg?strip=all\",\"contentUrl\":\"https:\\\/\\\/erki24nd3ub.exactdn.com\\\/wp-content\\\/uploads\\\/dream\\\/img\\\/img_180753_0d63360fffd5fb439aa1c3d6a4cf1e43_1.jpg?strip=all\",\"width\":800,\"height\":800},{\"@type\":\"BreadcrumbList\",\"@id\":\"https:\\\/\\\/lovme.pt\\\/index.php\\\/produto\\\/pretty-love-mini-brinquedos-divertidos-do-estimulador-magic-diabo\\\/#breadcrumb\",\"itemListElement\":[{\"@type\":\"ListItem\",\"position\":1,\"name\":\"In\u00edcio\",\"item\":\"https:\\\/\\\/lovme.pt\\\/\"},{\"@type\":\"ListItem\",\"position\":2,\"name\":\"Loja\",\"item\":\"https:\\\/\\\/lovme.pt\\\/index.php\\\/loja\\\/\"},{\"@type\":\"ListItem\",\"position\":3,\"name\":\"PRETTY LOVE &#8211; MINI BRINQUEDOS DIVERTIDOS DO ESTIMULADOR MAGIC DIABO\"}]},{\"@type\":\"WebSite\",\"@id\":\"https:\\\/\\\/lovme.pt\\\/#website\",\"url\":\"https:\\\/\\\/lovme.pt\\\/\",\"name\":\"Lovme Loja Er\u00f3tica N\u00ba1 em Portugal\",\"description\":\"A melhor loja er\u00f3tica de Portugal.\",\"alternateName\":\"Loja Er\u00f3tica Lovme\",\"potentialAction\":[{\"@type\":\"SearchAction\",\"target\":{\"@type\":\"EntryPoint\",\"urlTemplate\":\"https:\\\/\\\/lovme.pt\\\/?s={search_term_string}\"},\"query-input\":{\"@type\":\"PropertyValueSpecification\",\"valueRequired\":true,\"valueName\":\"search_term_string\"}}],\"inLanguage\":\"pt-PT\"}]}<\/script>\n<!-- \/ Yoast SEO plugin. -->","yoast_head_json":{"title":"PRETTY LOVE - MINI BRINQUEDOS DIVERTIDOS DO ESTIMULADOR MAGIC DIABO - Lovme","robots":{"index":"index","follow":"follow","max-snippet":"max-snippet:-1","max-image-preview":"max-image-preview:large","max-video-preview":"max-video-preview:-1"},"canonical":"https:\/\/lovme.pt\/index.php\/produto\/pretty-love-mini-brinquedos-divertidos-do-estimulador-magic-diabo\/","og_locale":"pt_PT","og_type":"article","og_title":"PRETTY LOVE - MINI BRINQUEDOS DIVERTIDOS DO ESTIMULADOR MAGIC DIABO - Lovme","og_description":"PRETTY LOVE - MINI BRINQUEDOS DIVERTIDOS DO ESTIMULADOR MAGIC DIABO","og_url":"https:\/\/lovme.pt\/index.php\/produto\/pretty-love-mini-brinquedos-divertidos-do-estimulador-magic-diabo\/","og_site_name":"Lovme","article_modified_time":"2026-02-19T20:09:03+00:00","og_image":[{"width":800,"height":800,"url":"https:\/\/erki24nd3ub.exactdn.com\/wp-content\/uploads\/dream\/img\/img_180753_0d63360fffd5fb439aa1c3d6a4cf1e43_1.jpg?strip=all","type":"image\/jpeg"}],"twitter_card":"summary_large_image","twitter_misc":{"Tempo estimado de leitura":"1 minuto"},"schema":{"@context":"https:\/\/schema.org","@graph":[{"@type":"WebPage","@id":"https:\/\/lovme.pt\/index.php\/produto\/pretty-love-mini-brinquedos-divertidos-do-estimulador-magic-diabo\/","url":"https:\/\/lovme.pt\/index.php\/produto\/pretty-love-mini-brinquedos-divertidos-do-estimulador-magic-diabo\/","name":"PRETTY LOVE - MINI BRINQUEDOS DIVERTIDOS DO ESTIMULADOR MAGIC DIABO - Lovme","isPartOf":{"@id":"https:\/\/lovme.pt\/#website"},"primaryImageOfPage":{"@id":"https:\/\/lovme.pt\/index.php\/produto\/pretty-love-mini-brinquedos-divertidos-do-estimulador-magic-diabo\/#primaryimage"},"image":{"@id":"https:\/\/lovme.pt\/index.php\/produto\/pretty-love-mini-brinquedos-divertidos-do-estimulador-magic-diabo\/#primaryimage"},"thumbnailUrl":"https:\/\/erki24nd3ub.exactdn.com\/wp-content\/uploads\/dream\/img\/img_180753_0d63360fffd5fb439aa1c3d6a4cf1e43_1.jpg?strip=all","datePublished":"2025-09-30T22:01:57+00:00","dateModified":"2026-02-19T20:09:03+00:00","breadcrumb":{"@id":"https:\/\/lovme.pt\/index.php\/produto\/pretty-love-mini-brinquedos-divertidos-do-estimulador-magic-diabo\/#breadcrumb"},"inLanguage":"pt-PT","potentialAction":[{"@type":"ReadAction","target":["https:\/\/lovme.pt\/index.php\/produto\/pretty-love-mini-brinquedos-divertidos-do-estimulador-magic-diabo\/"]}]},{"@type":"ImageObject","inLanguage":"pt-PT","@id":"https:\/\/lovme.pt\/index.php\/produto\/pretty-love-mini-brinquedos-divertidos-do-estimulador-magic-diabo\/#primaryimage","url":"https:\/\/erki24nd3ub.exactdn.com\/wp-content\/uploads\/dream\/img\/img_180753_0d63360fffd5fb439aa1c3d6a4cf1e43_1.jpg?strip=all","contentUrl":"https:\/\/erki24nd3ub.exactdn.com\/wp-content\/uploads\/dream\/img\/img_180753_0d63360fffd5fb439aa1c3d6a4cf1e43_1.jpg?strip=all","width":800,"height":800},{"@type":"BreadcrumbList","@id":"https:\/\/lovme.pt\/index.php\/produto\/pretty-love-mini-brinquedos-divertidos-do-estimulador-magic-diabo\/#breadcrumb","itemListElement":[{"@type":"ListItem","position":1,"name":"In\u00edcio","item":"https:\/\/lovme.pt\/"},{"@type":"ListItem","position":2,"name":"Loja","item":"https:\/\/lovme.pt\/index.php\/loja\/"},{"@type":"ListItem","position":3,"name":"PRETTY LOVE &#8211; MINI BRINQUEDOS DIVERTIDOS DO ESTIMULADOR MAGIC DIABO"}]},{"@type":"WebSite","@id":"https:\/\/lovme.pt\/#website","url":"https:\/\/lovme.pt\/","name":"Lovme Loja Er\u00f3tica N\u00ba1 em Portugal","description":"A melhor loja er\u00f3tica de Portugal.","alternateName":"Loja Er\u00f3tica Lovme","potentialAction":[{"@type":"SearchAction","target":{"@type":"EntryPoint","urlTemplate":"https:\/\/lovme.pt\/?s={search_term_string}"},"query-input":{"@type":"PropertyValueSpecification","valueRequired":true,"valueName":"search_term_string"}}],"inLanguage":"pt-PT"}]}},"_links":{"self":[{"href":"https:\/\/lovme.pt\/index.php\/wp-json\/wp\/v2\/product\/48771","targetHints":{"allow":["GET"]}}],"collection":[{"href":"https:\/\/lovme.pt\/index.php\/wp-json\/wp\/v2\/product"}],"about":[{"href":"https:\/\/lovme.pt\/index.php\/wp-json\/wp\/v2\/types\/product"}],"wp:featuredmedia":[{"embeddable":true,"href":"https:\/\/lovme.pt\/index.php\/wp-json\/wp\/v2\/media\/73166"}],"wp:attachment":[{"href":"https:\/\/lovme.pt\/index.php\/wp-json\/wp\/v2\/media?parent=48771"}],"wp:term":[{"taxonomy":"product_brand","embeddable":true,"href":"https:\/\/lovme.pt\/index.php\/wp-json\/wp\/v2\/product_brand?post=48771"},{"taxonomy":"product_cat","embeddable":true,"href":"https:\/\/lovme.pt\/index.php\/wp-json\/wp\/v2\/product_cat?post=48771"},{"taxonomy":"product_tag","embeddable":true,"href":"https:\/\/lovme.pt\/index.php\/wp-json\/wp\/v2\/product_tag?post=48771"}],"curies":[{"name":"wp","href":"https:\/\/api.w.org\/{rel}","templated":true}]}}