{"id":48736,"date":"2025-09-30T10:05:00","date_gmt":"2025-09-30T10:05:00","guid":{"rendered":"https:\/\/lovme.pt\/?post_type=product&p=48736"},"modified":"2026-02-19T20:06:29","modified_gmt":"2026-02-19T20:06:29","slug":"pretty-love-andre-vibrador-coelho-e-estimulador-de-ponto-g-roxo","status":"publish","type":"product","link":"https:\/\/lovme.pt\/index.php\/produto\/pretty-love-andre-vibrador-coelho-e-estimulador-de-ponto-g-roxo\/","title":{"rendered":"PRETTY LOVE &#8211; ANDRE VIBRADOR COELHO E ESTIMULADOR DE PONTO G ROXO"},"content":{"rendered":"<p>Este lindo estimulador de coelho duplo faz voc\u00ea vibrar exatamente onde \u00e9 importante! Um eixo central curvo atinge \u00e2ngulos profundos para massagear pontos quentes internos. Por fora, as p\u00e9talas macias de silicone do estimulador clitoriano proporcionam a melhor massagem ao seu bot\u00e3o. Personalize o seu prazer com 7 modos de vibra\u00e7\u00e3o poderosos e 3 fun\u00e7\u00f5es de movimento ondulante.<\/p>\n<p>\u00a0<\/p>\n<p><strong><u>CARACTER\u00cdSTICAS:<\/u><\/strong><\/p>\n<ul>\n<li>Fun\u00e7\u00e3o: 3 modos de onda 7 fun\u00e7\u00f5es de vibra\u00e7\u00e3o<\/li>\n<li>Alimenta\u00e7\u00e3o: 2 pilhas AAA<\/li>\n<li>Material: Silicone ABS<\/li>\n<li>Cor roxa<\/li>\n<li>Tamanho da embalagem (mm): 210*70*40<\/li>\n<\/ul>\n<p>\u00a0<\/p>\n<p>A Pretty Love fabrica produtos de alta qualidade. T\u00eam garantia de 1 ano para defeitos t\u00e9cnicos.<\/p>\n","protected":false},"excerpt":{"rendered":"<p>PRETTY LOVE &#8211; ANDRE VIBRADOR COELHO E ESTIMULADOR DE PONTO G ROXO<\/p>\n","protected":false},"featured_media":62102,"template":"","meta":{"_acf_changed":false},"product_brand":[],"product_cat":[17,76],"product_tag":[],"class_list":{"0":"post-48736","1":"product","2":"type-product","3":"status-publish","4":"has-post-thumbnail","6":"product_cat-brinquedos-de-bem-estar-sexual","7":"product_cat-vibradores","8":"yith_product_brand-pretty-love","9":"yith_product_brand-pretty-lovepretty-love-flirtation","11":"first","12":"instock","13":"taxable","14":"shipping-taxable","15":"purchasable","16":"product-type-simple"},"acf":[],"yoast_head":"<!-- This site is optimized with the Yoast SEO plugin v27.4 - https:\/\/yoast.com\/product\/yoast-seo-wordpress\/ -->\n<title>PRETTY LOVE - ANDRE VIBRADOR COELHO E ESTIMULADOR DE PONTO G ROXO - Lovme<\/title>\n<meta name=\"robots\" content=\"index, follow, max-snippet:-1, max-image-preview:large, max-video-preview:-1\" \/>\n<link rel=\"canonical\" href=\"https:\/\/lovme.pt\/index.php\/produto\/pretty-love-andre-vibrador-coelho-e-estimulador-de-ponto-g-roxo\/\" \/>\n<meta property=\"og:locale\" content=\"pt_PT\" \/>\n<meta property=\"og:type\" content=\"article\" \/>\n<meta property=\"og:title\" content=\"PRETTY LOVE - ANDRE VIBRADOR COELHO E ESTIMULADOR DE PONTO G ROXO - Lovme\" \/>\n<meta property=\"og:description\" content=\"PRETTY LOVE - ANDRE VIBRADOR COELHO E ESTIMULADOR DE PONTO G ROXO\" \/>\n<meta property=\"og:url\" content=\"https:\/\/lovme.pt\/index.php\/produto\/pretty-love-andre-vibrador-coelho-e-estimulador-de-ponto-g-roxo\/\" \/>\n<meta property=\"og:site_name\" content=\"Lovme\" \/>\n<meta property=\"article:modified_time\" content=\"2026-02-19T20:06:29+00:00\" \/>\n<meta property=\"og:image\" content=\"https:\/\/erki24nd3ub.exactdn.com\/wp-content\/uploads\/dream\/img\/img_180106_6908e90724282f646e402b409095ef8d_1.jpg?strip=all\" \/>\n\t<meta property=\"og:image:width\" content=\"800\" \/>\n\t<meta property=\"og:image:height\" content=\"800\" \/>\n\t<meta property=\"og:image:type\" content=\"image\/jpeg\" \/>\n<meta name=\"twitter:card\" content=\"summary_large_image\" \/>\n<script type=\"application\/ld+json\" class=\"yoast-schema-graph\">{\"@context\":\"https:\\\/\\\/schema.org\",\"@graph\":[{\"@type\":\"WebPage\",\"@id\":\"https:\\\/\\\/lovme.pt\\\/index.php\\\/produto\\\/pretty-love-andre-vibrador-coelho-e-estimulador-de-ponto-g-roxo\\\/\",\"url\":\"https:\\\/\\\/lovme.pt\\\/index.php\\\/produto\\\/pretty-love-andre-vibrador-coelho-e-estimulador-de-ponto-g-roxo\\\/\",\"name\":\"PRETTY LOVE - ANDRE VIBRADOR COELHO E ESTIMULADOR DE PONTO G ROXO - Lovme\",\"isPartOf\":{\"@id\":\"https:\\\/\\\/lovme.pt\\\/#website\"},\"primaryImageOfPage\":{\"@id\":\"https:\\\/\\\/lovme.pt\\\/index.php\\\/produto\\\/pretty-love-andre-vibrador-coelho-e-estimulador-de-ponto-g-roxo\\\/#primaryimage\"},\"image\":{\"@id\":\"https:\\\/\\\/lovme.pt\\\/index.php\\\/produto\\\/pretty-love-andre-vibrador-coelho-e-estimulador-de-ponto-g-roxo\\\/#primaryimage\"},\"thumbnailUrl\":\"https:\\\/\\\/erki24nd3ub.exactdn.com\\\/wp-content\\\/uploads\\\/dream\\\/img\\\/img_180106_6908e90724282f646e402b409095ef8d_1.jpg?strip=all\",\"datePublished\":\"2025-09-30T10:05:00+00:00\",\"dateModified\":\"2026-02-19T20:06:29+00:00\",\"breadcrumb\":{\"@id\":\"https:\\\/\\\/lovme.pt\\\/index.php\\\/produto\\\/pretty-love-andre-vibrador-coelho-e-estimulador-de-ponto-g-roxo\\\/#breadcrumb\"},\"inLanguage\":\"pt-PT\",\"potentialAction\":[{\"@type\":\"ReadAction\",\"target\":[\"https:\\\/\\\/lovme.pt\\\/index.php\\\/produto\\\/pretty-love-andre-vibrador-coelho-e-estimulador-de-ponto-g-roxo\\\/\"]}]},{\"@type\":\"ImageObject\",\"inLanguage\":\"pt-PT\",\"@id\":\"https:\\\/\\\/lovme.pt\\\/index.php\\\/produto\\\/pretty-love-andre-vibrador-coelho-e-estimulador-de-ponto-g-roxo\\\/#primaryimage\",\"url\":\"https:\\\/\\\/erki24nd3ub.exactdn.com\\\/wp-content\\\/uploads\\\/dream\\\/img\\\/img_180106_6908e90724282f646e402b409095ef8d_1.jpg?strip=all\",\"contentUrl\":\"https:\\\/\\\/erki24nd3ub.exactdn.com\\\/wp-content\\\/uploads\\\/dream\\\/img\\\/img_180106_6908e90724282f646e402b409095ef8d_1.jpg?strip=all\",\"width\":800,\"height\":800},{\"@type\":\"BreadcrumbList\",\"@id\":\"https:\\\/\\\/lovme.pt\\\/index.php\\\/produto\\\/pretty-love-andre-vibrador-coelho-e-estimulador-de-ponto-g-roxo\\\/#breadcrumb\",\"itemListElement\":[{\"@type\":\"ListItem\",\"position\":1,\"name\":\"In\u00edcio\",\"item\":\"https:\\\/\\\/lovme.pt\\\/\"},{\"@type\":\"ListItem\",\"position\":2,\"name\":\"Loja\",\"item\":\"https:\\\/\\\/lovme.pt\\\/index.php\\\/loja\\\/\"},{\"@type\":\"ListItem\",\"position\":3,\"name\":\"PRETTY LOVE &#8211; ANDRE VIBRADOR COELHO E ESTIMULADOR DE PONTO G ROXO\"}]},{\"@type\":\"WebSite\",\"@id\":\"https:\\\/\\\/lovme.pt\\\/#website\",\"url\":\"https:\\\/\\\/lovme.pt\\\/\",\"name\":\"Lovme Loja Er\u00f3tica N\u00ba1 em Portugal\",\"description\":\"A melhor loja er\u00f3tica de Portugal.\",\"alternateName\":\"Loja Er\u00f3tica Lovme\",\"potentialAction\":[{\"@type\":\"SearchAction\",\"target\":{\"@type\":\"EntryPoint\",\"urlTemplate\":\"https:\\\/\\\/lovme.pt\\\/?s={search_term_string}\"},\"query-input\":{\"@type\":\"PropertyValueSpecification\",\"valueRequired\":true,\"valueName\":\"search_term_string\"}}],\"inLanguage\":\"pt-PT\"}]}<\/script>\n<!-- \/ Yoast SEO plugin. -->","yoast_head_json":{"title":"PRETTY LOVE - ANDRE VIBRADOR COELHO E ESTIMULADOR DE PONTO G ROXO - Lovme","robots":{"index":"index","follow":"follow","max-snippet":"max-snippet:-1","max-image-preview":"max-image-preview:large","max-video-preview":"max-video-preview:-1"},"canonical":"https:\/\/lovme.pt\/index.php\/produto\/pretty-love-andre-vibrador-coelho-e-estimulador-de-ponto-g-roxo\/","og_locale":"pt_PT","og_type":"article","og_title":"PRETTY LOVE - ANDRE VIBRADOR COELHO E ESTIMULADOR DE PONTO G ROXO - Lovme","og_description":"PRETTY LOVE - ANDRE VIBRADOR COELHO E ESTIMULADOR DE PONTO G ROXO","og_url":"https:\/\/lovme.pt\/index.php\/produto\/pretty-love-andre-vibrador-coelho-e-estimulador-de-ponto-g-roxo\/","og_site_name":"Lovme","article_modified_time":"2026-02-19T20:06:29+00:00","og_image":[{"width":800,"height":800,"url":"https:\/\/erki24nd3ub.exactdn.com\/wp-content\/uploads\/dream\/img\/img_180106_6908e90724282f646e402b409095ef8d_1.jpg?strip=all","type":"image\/jpeg"}],"twitter_card":"summary_large_image","schema":{"@context":"https:\/\/schema.org","@graph":[{"@type":"WebPage","@id":"https:\/\/lovme.pt\/index.php\/produto\/pretty-love-andre-vibrador-coelho-e-estimulador-de-ponto-g-roxo\/","url":"https:\/\/lovme.pt\/index.php\/produto\/pretty-love-andre-vibrador-coelho-e-estimulador-de-ponto-g-roxo\/","name":"PRETTY LOVE - ANDRE VIBRADOR COELHO E ESTIMULADOR DE PONTO G ROXO - Lovme","isPartOf":{"@id":"https:\/\/lovme.pt\/#website"},"primaryImageOfPage":{"@id":"https:\/\/lovme.pt\/index.php\/produto\/pretty-love-andre-vibrador-coelho-e-estimulador-de-ponto-g-roxo\/#primaryimage"},"image":{"@id":"https:\/\/lovme.pt\/index.php\/produto\/pretty-love-andre-vibrador-coelho-e-estimulador-de-ponto-g-roxo\/#primaryimage"},"thumbnailUrl":"https:\/\/erki24nd3ub.exactdn.com\/wp-content\/uploads\/dream\/img\/img_180106_6908e90724282f646e402b409095ef8d_1.jpg?strip=all","datePublished":"2025-09-30T10:05:00+00:00","dateModified":"2026-02-19T20:06:29+00:00","breadcrumb":{"@id":"https:\/\/lovme.pt\/index.php\/produto\/pretty-love-andre-vibrador-coelho-e-estimulador-de-ponto-g-roxo\/#breadcrumb"},"inLanguage":"pt-PT","potentialAction":[{"@type":"ReadAction","target":["https:\/\/lovme.pt\/index.php\/produto\/pretty-love-andre-vibrador-coelho-e-estimulador-de-ponto-g-roxo\/"]}]},{"@type":"ImageObject","inLanguage":"pt-PT","@id":"https:\/\/lovme.pt\/index.php\/produto\/pretty-love-andre-vibrador-coelho-e-estimulador-de-ponto-g-roxo\/#primaryimage","url":"https:\/\/erki24nd3ub.exactdn.com\/wp-content\/uploads\/dream\/img\/img_180106_6908e90724282f646e402b409095ef8d_1.jpg?strip=all","contentUrl":"https:\/\/erki24nd3ub.exactdn.com\/wp-content\/uploads\/dream\/img\/img_180106_6908e90724282f646e402b409095ef8d_1.jpg?strip=all","width":800,"height":800},{"@type":"BreadcrumbList","@id":"https:\/\/lovme.pt\/index.php\/produto\/pretty-love-andre-vibrador-coelho-e-estimulador-de-ponto-g-roxo\/#breadcrumb","itemListElement":[{"@type":"ListItem","position":1,"name":"In\u00edcio","item":"https:\/\/lovme.pt\/"},{"@type":"ListItem","position":2,"name":"Loja","item":"https:\/\/lovme.pt\/index.php\/loja\/"},{"@type":"ListItem","position":3,"name":"PRETTY LOVE &#8211; ANDRE VIBRADOR COELHO E ESTIMULADOR DE PONTO G ROXO"}]},{"@type":"WebSite","@id":"https:\/\/lovme.pt\/#website","url":"https:\/\/lovme.pt\/","name":"Lovme Loja Er\u00f3tica N\u00ba1 em Portugal","description":"A melhor loja er\u00f3tica de Portugal.","alternateName":"Loja Er\u00f3tica Lovme","potentialAction":[{"@type":"SearchAction","target":{"@type":"EntryPoint","urlTemplate":"https:\/\/lovme.pt\/?s={search_term_string}"},"query-input":{"@type":"PropertyValueSpecification","valueRequired":true,"valueName":"search_term_string"}}],"inLanguage":"pt-PT"}]}},"_links":{"self":[{"href":"https:\/\/lovme.pt\/index.php\/wp-json\/wp\/v2\/product\/48736","targetHints":{"allow":["GET"]}}],"collection":[{"href":"https:\/\/lovme.pt\/index.php\/wp-json\/wp\/v2\/product"}],"about":[{"href":"https:\/\/lovme.pt\/index.php\/wp-json\/wp\/v2\/types\/product"}],"wp:featuredmedia":[{"embeddable":true,"href":"https:\/\/lovme.pt\/index.php\/wp-json\/wp\/v2\/media\/62102"}],"wp:attachment":[{"href":"https:\/\/lovme.pt\/index.php\/wp-json\/wp\/v2\/media?parent=48736"}],"wp:term":[{"taxonomy":"product_brand","embeddable":true,"href":"https:\/\/lovme.pt\/index.php\/wp-json\/wp\/v2\/product_brand?post=48736"},{"taxonomy":"product_cat","embeddable":true,"href":"https:\/\/lovme.pt\/index.php\/wp-json\/wp\/v2\/product_cat?post=48736"},{"taxonomy":"product_tag","embeddable":true,"href":"https:\/\/lovme.pt\/index.php\/wp-json\/wp\/v2\/product_tag?post=48736"}],"curies":[{"name":"wp","href":"https:\/\/api.w.org\/{rel}","templated":true}]}}