{"id":48734,"date":"2025-09-30T10:01:02","date_gmt":"2025-09-30T10:01:02","guid":{"rendered":"https:\/\/lovme.pt\/?post_type=product&p=48734"},"modified":"2026-02-19T20:06:15","modified_gmt":"2026-02-19T20:06:15","slug":"pretty-love-bishop-vibrador-g-spot-30-modos-preto","status":"publish","type":"product","link":"https:\/\/lovme.pt\/index.php\/produto\/pretty-love-bishop-vibrador-g-spot-30-modos-preto\/","title":{"rendered":"PRETTY LOVE &#8211; BISHOP VIBRADOR G-SPOT 30 MODOS PRETO"},"content":{"rendered":"<p>Desfrute de noites intermin\u00e1veis de prazer incr\u00edvel com este vibrador curvo de ponto G com 30 fun\u00e7\u00f5es. Este brinquedo sexual tem um formato arredondado e levemente saliente que proporcionar\u00e1 prazer. Estimula\u00e7\u00e3o intensa para todos os seus pontos de prazer. Voc\u00ea ficar\u00e1 desesperado por mais assim que terminar, mas n\u00e3o se preocupe, com 30 modos de vibra\u00e7\u00e3o diferentes. Voc\u00ea pode ficar a noite toda.<\/p>\n<p>\u00a0<\/p>\n<p><strong><u>CARACTER\u00cdSTICAS:<\/u><\/strong><\/p>\n<ul>\n<li>Fun\u00e7\u00e3o: 30 fun\u00e7\u00f5es de vibra\u00e7\u00e3o<\/li>\n<li>Alimenta\u00e7\u00e3o: 2 pilhas AAA<\/li>\n<li>Material: silicone ABS<\/li>\n<li>Cor preta<\/li>\n<li>Tamanho da embalagem (mm): 210*70*40<\/li>\n<\/ul>\n<p>\u00a0<\/p>\n<p>A Pretty Love fabrica produtos de alta qualidade. T\u00eam garantia de 1 ano para defeitos t\u00e9cnicos.<\/p>\n","protected":false},"excerpt":{"rendered":"<p>PRETTY LOVE &#8211; BISHOP VIBRADOR G-SPOT 30 MODOS PRETO<\/p>\n","protected":false},"featured_media":60980,"template":"","meta":{"_acf_changed":false},"product_brand":[],"product_cat":[17,76],"product_tag":[],"class_list":{"0":"post-48734","1":"product","2":"type-product","3":"status-publish","4":"has-post-thumbnail","6":"product_cat-brinquedos-de-bem-estar-sexual","7":"product_cat-vibradores","8":"yith_product_brand-pretty-love","9":"yith_product_brand-pretty-lovepretty-love-flirtation","11":"first","12":"instock","13":"taxable","14":"shipping-taxable","15":"purchasable","16":"product-type-simple"},"acf":[],"yoast_head":"<!-- This site is optimized with the Yoast SEO plugin v27.4 - https:\/\/yoast.com\/product\/yoast-seo-wordpress\/ -->\n<title>PRETTY LOVE - BISHOP VIBRADOR G-SPOT 30 MODOS PRETO - Lovme<\/title>\n<meta name=\"robots\" content=\"index, follow, max-snippet:-1, max-image-preview:large, max-video-preview:-1\" \/>\n<link rel=\"canonical\" href=\"https:\/\/lovme.pt\/index.php\/produto\/pretty-love-bishop-vibrador-g-spot-30-modos-preto\/\" \/>\n<meta property=\"og:locale\" content=\"pt_PT\" \/>\n<meta property=\"og:type\" content=\"article\" \/>\n<meta property=\"og:title\" content=\"PRETTY LOVE - BISHOP VIBRADOR G-SPOT 30 MODOS PRETO - Lovme\" \/>\n<meta property=\"og:description\" content=\"PRETTY LOVE - BISHOP VIBRADOR G-SPOT 30 MODOS PRETO\" \/>\n<meta property=\"og:url\" content=\"https:\/\/lovme.pt\/index.php\/produto\/pretty-love-bishop-vibrador-g-spot-30-modos-preto\/\" \/>\n<meta property=\"og:site_name\" content=\"Lovme\" \/>\n<meta property=\"article:modified_time\" content=\"2026-02-19T20:06:15+00:00\" \/>\n<meta property=\"og:image\" content=\"https:\/\/erki24nd3ub.exactdn.com\/wp-content\/uploads\/dream\/img\/img_180090_787823c01e09e3cc9308cafcca8fc847_1.jpg?strip=all\" \/>\n\t<meta property=\"og:image:width\" content=\"800\" \/>\n\t<meta property=\"og:image:height\" content=\"800\" \/>\n\t<meta property=\"og:image:type\" content=\"image\/jpeg\" \/>\n<meta name=\"twitter:card\" content=\"summary_large_image\" \/>\n<meta name=\"twitter:label1\" content=\"Tempo estimado de leitura\" \/>\n\t<meta name=\"twitter:data1\" content=\"1 minuto\" \/>\n<script type=\"application\/ld+json\" class=\"yoast-schema-graph\">{\"@context\":\"https:\\\/\\\/schema.org\",\"@graph\":[{\"@type\":\"WebPage\",\"@id\":\"https:\\\/\\\/lovme.pt\\\/index.php\\\/produto\\\/pretty-love-bishop-vibrador-g-spot-30-modos-preto\\\/\",\"url\":\"https:\\\/\\\/lovme.pt\\\/index.php\\\/produto\\\/pretty-love-bishop-vibrador-g-spot-30-modos-preto\\\/\",\"name\":\"PRETTY LOVE - BISHOP VIBRADOR G-SPOT 30 MODOS PRETO - Lovme\",\"isPartOf\":{\"@id\":\"https:\\\/\\\/lovme.pt\\\/#website\"},\"primaryImageOfPage\":{\"@id\":\"https:\\\/\\\/lovme.pt\\\/index.php\\\/produto\\\/pretty-love-bishop-vibrador-g-spot-30-modos-preto\\\/#primaryimage\"},\"image\":{\"@id\":\"https:\\\/\\\/lovme.pt\\\/index.php\\\/produto\\\/pretty-love-bishop-vibrador-g-spot-30-modos-preto\\\/#primaryimage\"},\"thumbnailUrl\":\"https:\\\/\\\/erki24nd3ub.exactdn.com\\\/wp-content\\\/uploads\\\/dream\\\/img\\\/img_180090_787823c01e09e3cc9308cafcca8fc847_1.jpg?strip=all\",\"datePublished\":\"2025-09-30T10:01:02+00:00\",\"dateModified\":\"2026-02-19T20:06:15+00:00\",\"breadcrumb\":{\"@id\":\"https:\\\/\\\/lovme.pt\\\/index.php\\\/produto\\\/pretty-love-bishop-vibrador-g-spot-30-modos-preto\\\/#breadcrumb\"},\"inLanguage\":\"pt-PT\",\"potentialAction\":[{\"@type\":\"ReadAction\",\"target\":[\"https:\\\/\\\/lovme.pt\\\/index.php\\\/produto\\\/pretty-love-bishop-vibrador-g-spot-30-modos-preto\\\/\"]}]},{\"@type\":\"ImageObject\",\"inLanguage\":\"pt-PT\",\"@id\":\"https:\\\/\\\/lovme.pt\\\/index.php\\\/produto\\\/pretty-love-bishop-vibrador-g-spot-30-modos-preto\\\/#primaryimage\",\"url\":\"https:\\\/\\\/erki24nd3ub.exactdn.com\\\/wp-content\\\/uploads\\\/dream\\\/img\\\/img_180090_787823c01e09e3cc9308cafcca8fc847_1.jpg?strip=all\",\"contentUrl\":\"https:\\\/\\\/erki24nd3ub.exactdn.com\\\/wp-content\\\/uploads\\\/dream\\\/img\\\/img_180090_787823c01e09e3cc9308cafcca8fc847_1.jpg?strip=all\",\"width\":800,\"height\":800},{\"@type\":\"BreadcrumbList\",\"@id\":\"https:\\\/\\\/lovme.pt\\\/index.php\\\/produto\\\/pretty-love-bishop-vibrador-g-spot-30-modos-preto\\\/#breadcrumb\",\"itemListElement\":[{\"@type\":\"ListItem\",\"position\":1,\"name\":\"In\u00edcio\",\"item\":\"https:\\\/\\\/lovme.pt\\\/\"},{\"@type\":\"ListItem\",\"position\":2,\"name\":\"Loja\",\"item\":\"https:\\\/\\\/lovme.pt\\\/index.php\\\/loja\\\/\"},{\"@type\":\"ListItem\",\"position\":3,\"name\":\"PRETTY LOVE &#8211; BISHOP VIBRADOR G-SPOT 30 MODOS PRETO\"}]},{\"@type\":\"WebSite\",\"@id\":\"https:\\\/\\\/lovme.pt\\\/#website\",\"url\":\"https:\\\/\\\/lovme.pt\\\/\",\"name\":\"Lovme Loja Er\u00f3tica N\u00ba1 em Portugal\",\"description\":\"A melhor loja er\u00f3tica de Portugal.\",\"alternateName\":\"Loja Er\u00f3tica Lovme\",\"potentialAction\":[{\"@type\":\"SearchAction\",\"target\":{\"@type\":\"EntryPoint\",\"urlTemplate\":\"https:\\\/\\\/lovme.pt\\\/?s={search_term_string}\"},\"query-input\":{\"@type\":\"PropertyValueSpecification\",\"valueRequired\":true,\"valueName\":\"search_term_string\"}}],\"inLanguage\":\"pt-PT\"}]}<\/script>\n<!-- \/ Yoast SEO plugin. -->","yoast_head_json":{"title":"PRETTY LOVE - BISHOP VIBRADOR G-SPOT 30 MODOS PRETO - Lovme","robots":{"index":"index","follow":"follow","max-snippet":"max-snippet:-1","max-image-preview":"max-image-preview:large","max-video-preview":"max-video-preview:-1"},"canonical":"https:\/\/lovme.pt\/index.php\/produto\/pretty-love-bishop-vibrador-g-spot-30-modos-preto\/","og_locale":"pt_PT","og_type":"article","og_title":"PRETTY LOVE - BISHOP VIBRADOR G-SPOT 30 MODOS PRETO - Lovme","og_description":"PRETTY LOVE - BISHOP VIBRADOR G-SPOT 30 MODOS PRETO","og_url":"https:\/\/lovme.pt\/index.php\/produto\/pretty-love-bishop-vibrador-g-spot-30-modos-preto\/","og_site_name":"Lovme","article_modified_time":"2026-02-19T20:06:15+00:00","og_image":[{"width":800,"height":800,"url":"https:\/\/erki24nd3ub.exactdn.com\/wp-content\/uploads\/dream\/img\/img_180090_787823c01e09e3cc9308cafcca8fc847_1.jpg?strip=all","type":"image\/jpeg"}],"twitter_card":"summary_large_image","twitter_misc":{"Tempo estimado de leitura":"1 minuto"},"schema":{"@context":"https:\/\/schema.org","@graph":[{"@type":"WebPage","@id":"https:\/\/lovme.pt\/index.php\/produto\/pretty-love-bishop-vibrador-g-spot-30-modos-preto\/","url":"https:\/\/lovme.pt\/index.php\/produto\/pretty-love-bishop-vibrador-g-spot-30-modos-preto\/","name":"PRETTY LOVE - BISHOP VIBRADOR G-SPOT 30 MODOS PRETO - Lovme","isPartOf":{"@id":"https:\/\/lovme.pt\/#website"},"primaryImageOfPage":{"@id":"https:\/\/lovme.pt\/index.php\/produto\/pretty-love-bishop-vibrador-g-spot-30-modos-preto\/#primaryimage"},"image":{"@id":"https:\/\/lovme.pt\/index.php\/produto\/pretty-love-bishop-vibrador-g-spot-30-modos-preto\/#primaryimage"},"thumbnailUrl":"https:\/\/erki24nd3ub.exactdn.com\/wp-content\/uploads\/dream\/img\/img_180090_787823c01e09e3cc9308cafcca8fc847_1.jpg?strip=all","datePublished":"2025-09-30T10:01:02+00:00","dateModified":"2026-02-19T20:06:15+00:00","breadcrumb":{"@id":"https:\/\/lovme.pt\/index.php\/produto\/pretty-love-bishop-vibrador-g-spot-30-modos-preto\/#breadcrumb"},"inLanguage":"pt-PT","potentialAction":[{"@type":"ReadAction","target":["https:\/\/lovme.pt\/index.php\/produto\/pretty-love-bishop-vibrador-g-spot-30-modos-preto\/"]}]},{"@type":"ImageObject","inLanguage":"pt-PT","@id":"https:\/\/lovme.pt\/index.php\/produto\/pretty-love-bishop-vibrador-g-spot-30-modos-preto\/#primaryimage","url":"https:\/\/erki24nd3ub.exactdn.com\/wp-content\/uploads\/dream\/img\/img_180090_787823c01e09e3cc9308cafcca8fc847_1.jpg?strip=all","contentUrl":"https:\/\/erki24nd3ub.exactdn.com\/wp-content\/uploads\/dream\/img\/img_180090_787823c01e09e3cc9308cafcca8fc847_1.jpg?strip=all","width":800,"height":800},{"@type":"BreadcrumbList","@id":"https:\/\/lovme.pt\/index.php\/produto\/pretty-love-bishop-vibrador-g-spot-30-modos-preto\/#breadcrumb","itemListElement":[{"@type":"ListItem","position":1,"name":"In\u00edcio","item":"https:\/\/lovme.pt\/"},{"@type":"ListItem","position":2,"name":"Loja","item":"https:\/\/lovme.pt\/index.php\/loja\/"},{"@type":"ListItem","position":3,"name":"PRETTY LOVE &#8211; BISHOP VIBRADOR G-SPOT 30 MODOS PRETO"}]},{"@type":"WebSite","@id":"https:\/\/lovme.pt\/#website","url":"https:\/\/lovme.pt\/","name":"Lovme Loja Er\u00f3tica N\u00ba1 em Portugal","description":"A melhor loja er\u00f3tica de Portugal.","alternateName":"Loja Er\u00f3tica Lovme","potentialAction":[{"@type":"SearchAction","target":{"@type":"EntryPoint","urlTemplate":"https:\/\/lovme.pt\/?s={search_term_string}"},"query-input":{"@type":"PropertyValueSpecification","valueRequired":true,"valueName":"search_term_string"}}],"inLanguage":"pt-PT"}]}},"_links":{"self":[{"href":"https:\/\/lovme.pt\/index.php\/wp-json\/wp\/v2\/product\/48734","targetHints":{"allow":["GET"]}}],"collection":[{"href":"https:\/\/lovme.pt\/index.php\/wp-json\/wp\/v2\/product"}],"about":[{"href":"https:\/\/lovme.pt\/index.php\/wp-json\/wp\/v2\/types\/product"}],"wp:featuredmedia":[{"embeddable":true,"href":"https:\/\/lovme.pt\/index.php\/wp-json\/wp\/v2\/media\/60980"}],"wp:attachment":[{"href":"https:\/\/lovme.pt\/index.php\/wp-json\/wp\/v2\/media?parent=48734"}],"wp:term":[{"taxonomy":"product_brand","embeddable":true,"href":"https:\/\/lovme.pt\/index.php\/wp-json\/wp\/v2\/product_brand?post=48734"},{"taxonomy":"product_cat","embeddable":true,"href":"https:\/\/lovme.pt\/index.php\/wp-json\/wp\/v2\/product_cat?post=48734"},{"taxonomy":"product_tag","embeddable":true,"href":"https:\/\/lovme.pt\/index.php\/wp-json\/wp\/v2\/product_tag?post=48734"}],"curies":[{"name":"wp","href":"https:\/\/api.w.org\/{rel}","templated":true}]}}