{"id":48702,"date":"2025-10-01T02:57:59","date_gmt":"2025-10-01T02:57:59","guid":{"rendered":"https:\/\/lovme.pt\/?post_type=product&p=48702"},"modified":"2026-02-19T20:22:04","modified_gmt":"2026-02-19T20:22:04","slug":"armony-anel-vibrador-de-silicone-3-motores-recarregaveis-preto-ouro","status":"publish","type":"product","link":"https:\/\/lovme.pt\/index.php\/produto\/armony-anel-vibrador-de-silicone-3-motores-recarregaveis-preto-ouro\/","title":{"rendered":"ARMONY &#8211; ANEL VIBRADOR DE SILICONE 3 MOTORES RECARREG\u00c1VEIS PRETO &#8211; OURO"},"content":{"rendered":"<p>Ofere\u00e7a ao seu parceiro uma experi\u00eancia incompar\u00e1vel gra\u00e7as a este anel vibrat\u00f3rio, especialmente extens\u00edvel, adapta-se facilmente a todos os tamanhos e sublima a ere\u00e7\u00e3o enquanto o seu revolucion\u00e1rio estimulador emociona com a vibra\u00e7\u00e3o e ir\u00e1 satisfazer o seu parceiro. seu clit\u00f3ris.<\/p>\n<p>\u00c9 um anel vibrat\u00f3rio perfeito para casais gra\u00e7as ao seu h\u00e1bil e flex\u00edvel estimulador de efeito de lambida. Perfeito para um trio.<\/p>\n<p><u><strong>Casais<\/strong><\/u> : Combinando an\u00e9is penianos e estimula\u00e7\u00e3o do clit\u00f3ris, este talentoso anel de bala faz com que voc\u00ea goste de compartilhar essa experi\u00eancia incr\u00edvel com seu parceiro. O estimulador Licking elegante e ergon\u00f4mico faz contato perfeito com o clit\u00f3ris para proporcionar maior estimula\u00e7\u00e3o e orgasmos mais intensos.<\/p>\n<p><u><strong>Para ela<\/strong><\/u> : Ondulando no centro do corpo macio e texturizado, este anel apresenta pequenas linhas que se movem com a vibra\u00e7\u00e3o para satisfazer o clit\u00f3ris.<\/p>\n<p><u><strong>Para ele<\/strong><\/u> <strong>:<\/strong> Projete para est\u00edmulos mais duradouros e adicione mais fervor, flexibilidade e A firmeza do anel peniano levanta suavemente seu membro, melhorando sua ere\u00e7\u00e3o, travando-o firmemente no lugar e oferecendo suporte s\u00f3lido para sua base.<\/p>\n<p>\u00a0<\/p>\n<p><u><strong>COMO US\u00c1-LO?<\/strong><\/u><\/p>\n<p>Para desfrutar deste incr\u00edvel e chocante anel, basta utilizar as faixas flex\u00edveis e coloc\u00e1-lo na base do p\u00eanis. Ajuste-o conforme necess\u00e1rio para maior conforto. Aumente instantaneamente a satisfa\u00e7\u00e3o com um simples clique. Pressione os bot\u00f5es duplos, habilmente colocados em cada lado do anel para ativar uma intensa onda de pulsa\u00e7\u00f5es para uma experi\u00eancia er\u00f3tica extrema.<\/p>\n<p>Colocado no centro deste anel criativo e vers\u00e1til est\u00e1 o motor \u00fanico e potente. O motor tem for\u00e7a suficiente para estimular totalmente seu membro enquanto acaricia seu pontinho sens\u00edvel, produzindo orgasmos m\u00faltiplos para os casais. Como cortesia, o pequeno mas potente motor sussurra sutilmente em seu ambiente silencioso.<\/p>\n<p>Al\u00e9m disso, este anel \u00e9 \u00e0 prova d\u00e1gua IPX6, voc\u00ea tamb\u00e9m pode us\u00e1-lo nos locais mais \u00famidos, como embaixo do chuveiro ou na banheira, e tamb\u00e9m pode ser limpo. Limpe facilmente com \u00e1gua morna e sab\u00e3o neutro. Se este anel ficar sem energia, as baterias integradas podem ser recarregadas usando o cabo de carregamento USB inclu\u00eddo.<\/p>\n<p>\u00a0<\/p>\n<p><u><strong>CARACTER\u00cdSTICAS<\/strong><\/u> :<\/p>\n<ul>\n<li>Vibra\u00e7\u00e3o profunda super intensa<\/li>\n<li>Silicone amigo do corpo<\/li>\n<li>10 modos de vibra\u00e7\u00e3o de frequ\u00eancia<\/li>\n<li>10 modos de efeito de lambida estimulante<\/li>\n<li>IPX6 \u00e0 prova d\u00e1gua<\/li>\n<li>Bateria de \u00edon de l\u00edtio &#8211; cabo USB inclu\u00eddo<\/li>\n<li>Apresenta\u00e7\u00e3o em saco (n\u00e3o caixa)<\/li>\n<\/ul>\n<p>\u00a0<\/p>\n<p><u><strong>ARM\u00d4NIO<\/strong><\/u><br \/>Bem-vindo ao <strong>ARMONY<\/strong> , onde prazer e qualidade se fundem para criar uma experi\u00eancia \u00fanica no mundo dos brinquedos er\u00f3ticos. A nossa marca \u00e9 especializada no fabrico de vibradores e brinquedos de alta qualidade para homens e mulheres, meticulosamente concebidos para aumentar o prazer e a intimidade. De vibradores sofisticados a estimuladores sensuais, cada produto ARMONY \u00e9 projetado para atender \u00e0s suas necessidades. Projetado com aten\u00e7\u00e3o aos detalhes e com o compromisso de proporcionar uma experi\u00eancia de satisfa\u00e7\u00e3o incompar\u00e1vel. Orgulhamo-nos de oferecer uma gama diversificada de produtos que v\u00e3o do cl\u00e1ssico ao inovador, sempre com foco na qualidade, na seguran\u00e7a e na explora\u00e7\u00e3o do prazer. Descubra um mundo de sensa\u00e7\u00f5es er\u00f3ticas com <strong>ARMONY<\/strong> , onde o prazer se torna uma forma de arte.<\/p>\n","protected":false},"excerpt":{"rendered":"<p>ARMONY &#8211; ANEL VIBRADOR DE SILICONE 3 MOTORES RECARREG\u00c1VEIS PRETO &#8211; OURO<\/p>\n","protected":false},"featured_media":100471,"template":"","meta":{"_acf_changed":false},"product_brand":[],"product_cat":[17,59,60],"product_tag":[],"class_list":{"0":"post-48702","1":"product","2":"type-product","3":"status-publish","4":"has-post-thumbnail","6":"product_cat-brinquedos-de-bem-estar-sexual","7":"product_cat-para-casais","8":"product_cat-para-eles","9":"yith_product_brand-armony","10":"yith_product_brand-armonyarmony-for-him","12":"first","13":"instock","14":"taxable","15":"shipping-taxable","16":"purchasable","17":"product-type-simple"},"acf":[],"yoast_head":"<!-- This site is optimized with the Yoast SEO plugin v27.4 - https:\/\/yoast.com\/product\/yoast-seo-wordpress\/ -->\n<title>ARMONY - ANEL VIBRADOR DE SILICONE 3 MOTORES RECARREG\u00c1VEIS PRETO - OURO - Lovme<\/title>\n<meta name=\"robots\" content=\"index, follow, max-snippet:-1, max-image-preview:large, max-video-preview:-1\" \/>\n<link rel=\"canonical\" href=\"https:\/\/lovme.pt\/index.php\/produto\/armony-anel-vibrador-de-silicone-3-motores-recarregaveis-preto-ouro\/\" \/>\n<meta property=\"og:locale\" content=\"pt_PT\" \/>\n<meta property=\"og:type\" content=\"article\" \/>\n<meta property=\"og:title\" content=\"ARMONY - ANEL VIBRADOR DE SILICONE 3 MOTORES RECARREG\u00c1VEIS PRETO - OURO - Lovme\" \/>\n<meta property=\"og:description\" content=\"ARMONY - ANEL VIBRADOR DE SILICONE 3 MOTORES RECARREG\u00c1VEIS PRETO - OURO\" \/>\n<meta property=\"og:url\" content=\"https:\/\/lovme.pt\/index.php\/produto\/armony-anel-vibrador-de-silicone-3-motores-recarregaveis-preto-ouro\/\" \/>\n<meta property=\"og:site_name\" content=\"Lovme\" \/>\n<meta property=\"article:modified_time\" content=\"2026-02-19T20:22:04+00:00\" \/>\n<meta property=\"og:image\" content=\"https:\/\/erki24nd3ub.exactdn.com\/wp-content\/uploads\/dream\/img\/img_179591_0c8e33bb51d6bb900ed2f2ff3e4738c5_1.png?strip=all\" \/>\n\t<meta property=\"og:image:width\" content=\"800\" \/>\n\t<meta property=\"og:image:height\" content=\"800\" \/>\n\t<meta property=\"og:image:type\" content=\"image\/png\" \/>\n<meta name=\"twitter:card\" content=\"summary_large_image\" \/>\n<meta name=\"twitter:label1\" content=\"Tempo estimado de leitura\" \/>\n\t<meta name=\"twitter:data1\" content=\"3 minutos\" \/>\n<script type=\"application\/ld+json\" class=\"yoast-schema-graph\">{\"@context\":\"https:\\\/\\\/schema.org\",\"@graph\":[{\"@type\":\"WebPage\",\"@id\":\"https:\\\/\\\/lovme.pt\\\/index.php\\\/produto\\\/armony-anel-vibrador-de-silicone-3-motores-recarregaveis-preto-ouro\\\/\",\"url\":\"https:\\\/\\\/lovme.pt\\\/index.php\\\/produto\\\/armony-anel-vibrador-de-silicone-3-motores-recarregaveis-preto-ouro\\\/\",\"name\":\"ARMONY - ANEL VIBRADOR DE SILICONE 3 MOTORES RECARREG\u00c1VEIS PRETO - OURO - Lovme\",\"isPartOf\":{\"@id\":\"https:\\\/\\\/lovme.pt\\\/#website\"},\"primaryImageOfPage\":{\"@id\":\"https:\\\/\\\/lovme.pt\\\/index.php\\\/produto\\\/armony-anel-vibrador-de-silicone-3-motores-recarregaveis-preto-ouro\\\/#primaryimage\"},\"image\":{\"@id\":\"https:\\\/\\\/lovme.pt\\\/index.php\\\/produto\\\/armony-anel-vibrador-de-silicone-3-motores-recarregaveis-preto-ouro\\\/#primaryimage\"},\"thumbnailUrl\":\"https:\\\/\\\/erki24nd3ub.exactdn.com\\\/wp-content\\\/uploads\\\/dream\\\/img\\\/img_179591_0c8e33bb51d6bb900ed2f2ff3e4738c5_1.png?strip=all\",\"datePublished\":\"2025-10-01T02:57:59+00:00\",\"dateModified\":\"2026-02-19T20:22:04+00:00\",\"breadcrumb\":{\"@id\":\"https:\\\/\\\/lovme.pt\\\/index.php\\\/produto\\\/armony-anel-vibrador-de-silicone-3-motores-recarregaveis-preto-ouro\\\/#breadcrumb\"},\"inLanguage\":\"pt-PT\",\"potentialAction\":[{\"@type\":\"ReadAction\",\"target\":[\"https:\\\/\\\/lovme.pt\\\/index.php\\\/produto\\\/armony-anel-vibrador-de-silicone-3-motores-recarregaveis-preto-ouro\\\/\"]}]},{\"@type\":\"ImageObject\",\"inLanguage\":\"pt-PT\",\"@id\":\"https:\\\/\\\/lovme.pt\\\/index.php\\\/produto\\\/armony-anel-vibrador-de-silicone-3-motores-recarregaveis-preto-ouro\\\/#primaryimage\",\"url\":\"https:\\\/\\\/erki24nd3ub.exactdn.com\\\/wp-content\\\/uploads\\\/dream\\\/img\\\/img_179591_0c8e33bb51d6bb900ed2f2ff3e4738c5_1.png?strip=all\",\"contentUrl\":\"https:\\\/\\\/erki24nd3ub.exactdn.com\\\/wp-content\\\/uploads\\\/dream\\\/img\\\/img_179591_0c8e33bb51d6bb900ed2f2ff3e4738c5_1.png?strip=all\",\"width\":800,\"height\":800},{\"@type\":\"BreadcrumbList\",\"@id\":\"https:\\\/\\\/lovme.pt\\\/index.php\\\/produto\\\/armony-anel-vibrador-de-silicone-3-motores-recarregaveis-preto-ouro\\\/#breadcrumb\",\"itemListElement\":[{\"@type\":\"ListItem\",\"position\":1,\"name\":\"In\u00edcio\",\"item\":\"https:\\\/\\\/lovme.pt\\\/\"},{\"@type\":\"ListItem\",\"position\":2,\"name\":\"Loja\",\"item\":\"https:\\\/\\\/lovme.pt\\\/index.php\\\/loja\\\/\"},{\"@type\":\"ListItem\",\"position\":3,\"name\":\"ARMONY &#8211; ANEL VIBRADOR DE SILICONE 3 MOTORES RECARREG\u00c1VEIS PRETO &#8211; OURO\"}]},{\"@type\":\"WebSite\",\"@id\":\"https:\\\/\\\/lovme.pt\\\/#website\",\"url\":\"https:\\\/\\\/lovme.pt\\\/\",\"name\":\"Lovme Loja Er\u00f3tica N\u00ba1 em Portugal\",\"description\":\"A melhor loja er\u00f3tica de Portugal.\",\"alternateName\":\"Loja Er\u00f3tica Lovme\",\"potentialAction\":[{\"@type\":\"SearchAction\",\"target\":{\"@type\":\"EntryPoint\",\"urlTemplate\":\"https:\\\/\\\/lovme.pt\\\/?s={search_term_string}\"},\"query-input\":{\"@type\":\"PropertyValueSpecification\",\"valueRequired\":true,\"valueName\":\"search_term_string\"}}],\"inLanguage\":\"pt-PT\"}]}<\/script>\n<!-- \/ Yoast SEO plugin. -->","yoast_head_json":{"title":"ARMONY - ANEL VIBRADOR DE SILICONE 3 MOTORES RECARREG\u00c1VEIS PRETO - OURO - Lovme","robots":{"index":"index","follow":"follow","max-snippet":"max-snippet:-1","max-image-preview":"max-image-preview:large","max-video-preview":"max-video-preview:-1"},"canonical":"https:\/\/lovme.pt\/index.php\/produto\/armony-anel-vibrador-de-silicone-3-motores-recarregaveis-preto-ouro\/","og_locale":"pt_PT","og_type":"article","og_title":"ARMONY - ANEL VIBRADOR DE SILICONE 3 MOTORES RECARREG\u00c1VEIS PRETO - OURO - Lovme","og_description":"ARMONY - ANEL VIBRADOR DE SILICONE 3 MOTORES RECARREG\u00c1VEIS PRETO - OURO","og_url":"https:\/\/lovme.pt\/index.php\/produto\/armony-anel-vibrador-de-silicone-3-motores-recarregaveis-preto-ouro\/","og_site_name":"Lovme","article_modified_time":"2026-02-19T20:22:04+00:00","og_image":[{"width":800,"height":800,"url":"https:\/\/erki24nd3ub.exactdn.com\/wp-content\/uploads\/dream\/img\/img_179591_0c8e33bb51d6bb900ed2f2ff3e4738c5_1.png?strip=all","type":"image\/png"}],"twitter_card":"summary_large_image","twitter_misc":{"Tempo estimado de leitura":"3 minutos"},"schema":{"@context":"https:\/\/schema.org","@graph":[{"@type":"WebPage","@id":"https:\/\/lovme.pt\/index.php\/produto\/armony-anel-vibrador-de-silicone-3-motores-recarregaveis-preto-ouro\/","url":"https:\/\/lovme.pt\/index.php\/produto\/armony-anel-vibrador-de-silicone-3-motores-recarregaveis-preto-ouro\/","name":"ARMONY - ANEL VIBRADOR DE SILICONE 3 MOTORES RECARREG\u00c1VEIS PRETO - OURO - Lovme","isPartOf":{"@id":"https:\/\/lovme.pt\/#website"},"primaryImageOfPage":{"@id":"https:\/\/lovme.pt\/index.php\/produto\/armony-anel-vibrador-de-silicone-3-motores-recarregaveis-preto-ouro\/#primaryimage"},"image":{"@id":"https:\/\/lovme.pt\/index.php\/produto\/armony-anel-vibrador-de-silicone-3-motores-recarregaveis-preto-ouro\/#primaryimage"},"thumbnailUrl":"https:\/\/erki24nd3ub.exactdn.com\/wp-content\/uploads\/dream\/img\/img_179591_0c8e33bb51d6bb900ed2f2ff3e4738c5_1.png?strip=all","datePublished":"2025-10-01T02:57:59+00:00","dateModified":"2026-02-19T20:22:04+00:00","breadcrumb":{"@id":"https:\/\/lovme.pt\/index.php\/produto\/armony-anel-vibrador-de-silicone-3-motores-recarregaveis-preto-ouro\/#breadcrumb"},"inLanguage":"pt-PT","potentialAction":[{"@type":"ReadAction","target":["https:\/\/lovme.pt\/index.php\/produto\/armony-anel-vibrador-de-silicone-3-motores-recarregaveis-preto-ouro\/"]}]},{"@type":"ImageObject","inLanguage":"pt-PT","@id":"https:\/\/lovme.pt\/index.php\/produto\/armony-anel-vibrador-de-silicone-3-motores-recarregaveis-preto-ouro\/#primaryimage","url":"https:\/\/erki24nd3ub.exactdn.com\/wp-content\/uploads\/dream\/img\/img_179591_0c8e33bb51d6bb900ed2f2ff3e4738c5_1.png?strip=all","contentUrl":"https:\/\/erki24nd3ub.exactdn.com\/wp-content\/uploads\/dream\/img\/img_179591_0c8e33bb51d6bb900ed2f2ff3e4738c5_1.png?strip=all","width":800,"height":800},{"@type":"BreadcrumbList","@id":"https:\/\/lovme.pt\/index.php\/produto\/armony-anel-vibrador-de-silicone-3-motores-recarregaveis-preto-ouro\/#breadcrumb","itemListElement":[{"@type":"ListItem","position":1,"name":"In\u00edcio","item":"https:\/\/lovme.pt\/"},{"@type":"ListItem","position":2,"name":"Loja","item":"https:\/\/lovme.pt\/index.php\/loja\/"},{"@type":"ListItem","position":3,"name":"ARMONY &#8211; ANEL VIBRADOR DE SILICONE 3 MOTORES RECARREG\u00c1VEIS PRETO &#8211; OURO"}]},{"@type":"WebSite","@id":"https:\/\/lovme.pt\/#website","url":"https:\/\/lovme.pt\/","name":"Lovme Loja Er\u00f3tica N\u00ba1 em Portugal","description":"A melhor loja er\u00f3tica de Portugal.","alternateName":"Loja Er\u00f3tica Lovme","potentialAction":[{"@type":"SearchAction","target":{"@type":"EntryPoint","urlTemplate":"https:\/\/lovme.pt\/?s={search_term_string}"},"query-input":{"@type":"PropertyValueSpecification","valueRequired":true,"valueName":"search_term_string"}}],"inLanguage":"pt-PT"}]}},"_links":{"self":[{"href":"https:\/\/lovme.pt\/index.php\/wp-json\/wp\/v2\/product\/48702","targetHints":{"allow":["GET"]}}],"collection":[{"href":"https:\/\/lovme.pt\/index.php\/wp-json\/wp\/v2\/product"}],"about":[{"href":"https:\/\/lovme.pt\/index.php\/wp-json\/wp\/v2\/types\/product"}],"wp:featuredmedia":[{"embeddable":true,"href":"https:\/\/lovme.pt\/index.php\/wp-json\/wp\/v2\/media\/100471"}],"wp:attachment":[{"href":"https:\/\/lovme.pt\/index.php\/wp-json\/wp\/v2\/media?parent=48702"}],"wp:term":[{"taxonomy":"product_brand","embeddable":true,"href":"https:\/\/lovme.pt\/index.php\/wp-json\/wp\/v2\/product_brand?post=48702"},{"taxonomy":"product_cat","embeddable":true,"href":"https:\/\/lovme.pt\/index.php\/wp-json\/wp\/v2\/product_cat?post=48702"},{"taxonomy":"product_tag","embeddable":true,"href":"https:\/\/lovme.pt\/index.php\/wp-json\/wp\/v2\/product_tag?post=48702"}],"curies":[{"name":"wp","href":"https:\/\/api.w.org\/{rel}","templated":true}]}}