{"id":48660,"date":"2025-10-01T02:38:02","date_gmt":"2025-10-01T02:38:02","guid":{"rendered":"https:\/\/lovme.pt\/?post_type=product&p=48660"},"modified":"2026-03-28T19:13:35","modified_gmt":"2026-03-28T19:13:35","slug":"500-cosmetics-phiero-inside-out-perfume-com-feromonas-para-homem","status":"publish","type":"product","link":"https:\/\/lovme.pt\/index.php\/produto\/500-cosmetics-phiero-inside-out-perfume-com-feromonas-para-homem\/","title":{"rendered":"500 COSMETICS &#8211; PHIERO INSIDE OUT PERFUME COM FEROMONAS PARA HOMEM"},"content":{"rendered":"<p>Descubra o segredo do sucesso nos relacionamentos sociais e rom\u00e2nticos com <strong>Phiero Inside Out\u2122!<\/strong><\/p>\n<p>Projetado com tecnologia de ponta e apoiado pela ci\u00eancia, este produto \u00e9 muito mais do que apenas um perfume: \u00e9 a chave para desbloquear um novo n\u00edvel de atratividade pessoal e confian\u00e7a incompar\u00e1vel. Phiero Inside Out\u2122 \u00c9 baseado em uma f\u00f3rmula revolucion\u00e1ria apoiada por anos de pesquisas cient\u00edficas e testes rigorosos. Este princ\u00edpio ativo inovador, desenvolvido ap\u00f3s exaustivos estudos na Universidade do Pa\u00eds Basco (UPV\/EHU), tem como objetivo potenciar a produ\u00e7\u00e3o de feromonas masculinas de uma forma totalmente natural, desencadeando uma s\u00e9rie de efeitos positivos tanto a n\u00edvel emocional como social. .<\/p>\n<p><u>O que torna Phiero Inside Out\u2122 \u00fanico?<\/u><\/p>\n<p>O seu poder reside na combina\u00e7\u00e3o sin\u00e9rgica de dois ingredientes naturais altamente eficazes: forscolina de Makandi e teaflavinas de Tea. Preto. Esses componentes s\u00e3o a base do princ\u00edpio ativo do produto, Sensfeel\u2122. Este princ\u00edpio ativo \u00fanico tem a capacidade de estimular naturalmente a s\u00edntese de ferom\u00f4nios masculinos end\u00f3genos em cada pessoa que o utiliza, criando uma fragr\u00e2ncia \u00fanica e irresist\u00edvel para cada cliente que lhe permite aumentar sua atratividade e magnetismo. funcion\u00e1rios. Mas Phiero Inside Out\u2122 vai al\u00e9m de ser apenas um perfume; \u00c9 uma experi\u00eancia transformadora. Ao usar este produto exclusivo, voc\u00ea experimentar\u00e1 uma renovada sensa\u00e7\u00e3o de confian\u00e7a e autoestima. Voc\u00ea se sentir\u00e1 mais confiante, mais atraente e desejado, o que lhe permitir\u00e1 obter melhores resultados. Destaque-se em todas as suas intera\u00e7\u00f5es sociais e rom\u00e2nticas. Imagine poder deixar uma impress\u00e3o memor\u00e1vel e positiva onde quer que voc\u00ea v\u00e1.<\/p>\n<p>Com <strong>Phiero Inside Out\u2122<\/strong> , voc\u00ea pode fazer isso acontecer. De reuni\u00f5es de neg\u00f3cios a encontros rom\u00e2nticos, cada encontro se torna uma oportunidade para brilhar e cativar quem est\u00e1 ao seu redor. N\u00e3o se contente em passar despercebido. Eleve o seu jogo e desperte o desejo com Phiero Inside Out\u2122. Descubra hoje o poder dos ferom\u00f4nios e experimente uma nova dimens\u00e3o de sucesso e satisfa\u00e7\u00e3o em seus relacionamentos pessoais e profissionais.<\/p>\n<p>Obtenha <strong>Phiero de dentro para fora!<\/strong><\/p>\n","protected":false},"excerpt":{"rendered":"<p>500 COSMETICS &#8211; PHIERO INSIDE OUT PERFUME COM FEROMONAS PARA HOMEM<\/p>\n","protected":false},"featured_media":98142,"template":"","meta":{"_acf_changed":false},"product_brand":[],"product_cat":[49],"product_tag":[],"class_list":{"0":"post-48660","1":"product","2":"type-product","3":"status-publish","4":"has-post-thumbnail","6":"product_cat-cosmeticos","7":"yith_product_brand-500cosmetics","9":"first","10":"instock","11":"taxable","12":"shipping-taxable","13":"purchasable","14":"product-type-simple"},"acf":[],"yoast_head":"<!-- This site is optimized with the Yoast SEO plugin v27.4 - https:\/\/yoast.com\/product\/yoast-seo-wordpress\/ -->\n<title>500 COSMETICS - PHIERO INSIDE OUT PERFUME COM FEROMONAS PARA HOMEM - Lovme<\/title>\n<meta name=\"robots\" content=\"index, follow, max-snippet:-1, max-image-preview:large, max-video-preview:-1\" \/>\n<link rel=\"canonical\" href=\"https:\/\/lovme.pt\/index.php\/produto\/500-cosmetics-phiero-inside-out-perfume-com-feromonas-para-homem\/\" \/>\n<meta property=\"og:locale\" content=\"pt_PT\" \/>\n<meta property=\"og:type\" content=\"article\" \/>\n<meta property=\"og:title\" content=\"500 COSMETICS - PHIERO INSIDE OUT PERFUME COM FEROMONAS PARA HOMEM - Lovme\" \/>\n<meta property=\"og:description\" content=\"500 COSMETICS - PHIERO INSIDE OUT PERFUME COM FEROMONAS PARA HOMEM\" \/>\n<meta property=\"og:url\" content=\"https:\/\/lovme.pt\/index.php\/produto\/500-cosmetics-phiero-inside-out-perfume-com-feromonas-para-homem\/\" \/>\n<meta property=\"og:site_name\" content=\"Lovme\" \/>\n<meta property=\"article:modified_time\" content=\"2026-03-28T19:13:35+00:00\" \/>\n<meta property=\"og:image\" content=\"https:\/\/erki24nd3ub.exactdn.com\/wp-content\/uploads\/dream\/img\/img_178936_45dddf22525601ea722ec17d56d1e6e2_1.jpg?strip=all\" \/>\n\t<meta property=\"og:image:width\" content=\"800\" \/>\n\t<meta property=\"og:image:height\" content=\"800\" \/>\n\t<meta property=\"og:image:type\" content=\"image\/jpeg\" \/>\n<meta name=\"twitter:card\" content=\"summary_large_image\" \/>\n<meta name=\"twitter:label1\" content=\"Tempo estimado de leitura\" \/>\n\t<meta name=\"twitter:data1\" content=\"2 minutos\" \/>\n<script type=\"application\/ld+json\" class=\"yoast-schema-graph\">{\"@context\":\"https:\\\/\\\/schema.org\",\"@graph\":[{\"@type\":\"WebPage\",\"@id\":\"https:\\\/\\\/lovme.pt\\\/index.php\\\/produto\\\/500-cosmetics-phiero-inside-out-perfume-com-feromonas-para-homem\\\/\",\"url\":\"https:\\\/\\\/lovme.pt\\\/index.php\\\/produto\\\/500-cosmetics-phiero-inside-out-perfume-com-feromonas-para-homem\\\/\",\"name\":\"500 COSMETICS - PHIERO INSIDE OUT PERFUME COM FEROMONAS PARA HOMEM - Lovme\",\"isPartOf\":{\"@id\":\"https:\\\/\\\/lovme.pt\\\/#website\"},\"primaryImageOfPage\":{\"@id\":\"https:\\\/\\\/lovme.pt\\\/index.php\\\/produto\\\/500-cosmetics-phiero-inside-out-perfume-com-feromonas-para-homem\\\/#primaryimage\"},\"image\":{\"@id\":\"https:\\\/\\\/lovme.pt\\\/index.php\\\/produto\\\/500-cosmetics-phiero-inside-out-perfume-com-feromonas-para-homem\\\/#primaryimage\"},\"thumbnailUrl\":\"https:\\\/\\\/erki24nd3ub.exactdn.com\\\/wp-content\\\/uploads\\\/dream\\\/img\\\/img_178936_45dddf22525601ea722ec17d56d1e6e2_1.jpg?strip=all\",\"datePublished\":\"2025-10-01T02:38:02+00:00\",\"dateModified\":\"2026-03-28T19:13:35+00:00\",\"breadcrumb\":{\"@id\":\"https:\\\/\\\/lovme.pt\\\/index.php\\\/produto\\\/500-cosmetics-phiero-inside-out-perfume-com-feromonas-para-homem\\\/#breadcrumb\"},\"inLanguage\":\"pt-PT\",\"potentialAction\":[{\"@type\":\"ReadAction\",\"target\":[\"https:\\\/\\\/lovme.pt\\\/index.php\\\/produto\\\/500-cosmetics-phiero-inside-out-perfume-com-feromonas-para-homem\\\/\"]}]},{\"@type\":\"ImageObject\",\"inLanguage\":\"pt-PT\",\"@id\":\"https:\\\/\\\/lovme.pt\\\/index.php\\\/produto\\\/500-cosmetics-phiero-inside-out-perfume-com-feromonas-para-homem\\\/#primaryimage\",\"url\":\"https:\\\/\\\/erki24nd3ub.exactdn.com\\\/wp-content\\\/uploads\\\/dream\\\/img\\\/img_178936_45dddf22525601ea722ec17d56d1e6e2_1.jpg?strip=all\",\"contentUrl\":\"https:\\\/\\\/erki24nd3ub.exactdn.com\\\/wp-content\\\/uploads\\\/dream\\\/img\\\/img_178936_45dddf22525601ea722ec17d56d1e6e2_1.jpg?strip=all\",\"width\":800,\"height\":800},{\"@type\":\"BreadcrumbList\",\"@id\":\"https:\\\/\\\/lovme.pt\\\/index.php\\\/produto\\\/500-cosmetics-phiero-inside-out-perfume-com-feromonas-para-homem\\\/#breadcrumb\",\"itemListElement\":[{\"@type\":\"ListItem\",\"position\":1,\"name\":\"In\u00edcio\",\"item\":\"https:\\\/\\\/lovme.pt\\\/\"},{\"@type\":\"ListItem\",\"position\":2,\"name\":\"Loja\",\"item\":\"https:\\\/\\\/lovme.pt\\\/index.php\\\/loja\\\/\"},{\"@type\":\"ListItem\",\"position\":3,\"name\":\"500 COSMETICS &#8211; PHIERO INSIDE OUT PERFUME COM FEROMONAS PARA HOMEM\"}]},{\"@type\":\"WebSite\",\"@id\":\"https:\\\/\\\/lovme.pt\\\/#website\",\"url\":\"https:\\\/\\\/lovme.pt\\\/\",\"name\":\"Lovme Loja Er\u00f3tica N\u00ba1 em Portugal\",\"description\":\"A melhor loja er\u00f3tica de Portugal.\",\"alternateName\":\"Loja Er\u00f3tica Lovme\",\"potentialAction\":[{\"@type\":\"SearchAction\",\"target\":{\"@type\":\"EntryPoint\",\"urlTemplate\":\"https:\\\/\\\/lovme.pt\\\/?s={search_term_string}\"},\"query-input\":{\"@type\":\"PropertyValueSpecification\",\"valueRequired\":true,\"valueName\":\"search_term_string\"}}],\"inLanguage\":\"pt-PT\"}]}<\/script>\n<!-- \/ Yoast SEO plugin. -->","yoast_head_json":{"title":"500 COSMETICS - PHIERO INSIDE OUT PERFUME COM FEROMONAS PARA HOMEM - Lovme","robots":{"index":"index","follow":"follow","max-snippet":"max-snippet:-1","max-image-preview":"max-image-preview:large","max-video-preview":"max-video-preview:-1"},"canonical":"https:\/\/lovme.pt\/index.php\/produto\/500-cosmetics-phiero-inside-out-perfume-com-feromonas-para-homem\/","og_locale":"pt_PT","og_type":"article","og_title":"500 COSMETICS - PHIERO INSIDE OUT PERFUME COM FEROMONAS PARA HOMEM - Lovme","og_description":"500 COSMETICS - PHIERO INSIDE OUT PERFUME COM FEROMONAS PARA HOMEM","og_url":"https:\/\/lovme.pt\/index.php\/produto\/500-cosmetics-phiero-inside-out-perfume-com-feromonas-para-homem\/","og_site_name":"Lovme","article_modified_time":"2026-03-28T19:13:35+00:00","og_image":[{"width":800,"height":800,"url":"https:\/\/erki24nd3ub.exactdn.com\/wp-content\/uploads\/dream\/img\/img_178936_45dddf22525601ea722ec17d56d1e6e2_1.jpg?strip=all","type":"image\/jpeg"}],"twitter_card":"summary_large_image","twitter_misc":{"Tempo estimado de leitura":"2 minutos"},"schema":{"@context":"https:\/\/schema.org","@graph":[{"@type":"WebPage","@id":"https:\/\/lovme.pt\/index.php\/produto\/500-cosmetics-phiero-inside-out-perfume-com-feromonas-para-homem\/","url":"https:\/\/lovme.pt\/index.php\/produto\/500-cosmetics-phiero-inside-out-perfume-com-feromonas-para-homem\/","name":"500 COSMETICS - PHIERO INSIDE OUT PERFUME COM FEROMONAS PARA HOMEM - Lovme","isPartOf":{"@id":"https:\/\/lovme.pt\/#website"},"primaryImageOfPage":{"@id":"https:\/\/lovme.pt\/index.php\/produto\/500-cosmetics-phiero-inside-out-perfume-com-feromonas-para-homem\/#primaryimage"},"image":{"@id":"https:\/\/lovme.pt\/index.php\/produto\/500-cosmetics-phiero-inside-out-perfume-com-feromonas-para-homem\/#primaryimage"},"thumbnailUrl":"https:\/\/erki24nd3ub.exactdn.com\/wp-content\/uploads\/dream\/img\/img_178936_45dddf22525601ea722ec17d56d1e6e2_1.jpg?strip=all","datePublished":"2025-10-01T02:38:02+00:00","dateModified":"2026-03-28T19:13:35+00:00","breadcrumb":{"@id":"https:\/\/lovme.pt\/index.php\/produto\/500-cosmetics-phiero-inside-out-perfume-com-feromonas-para-homem\/#breadcrumb"},"inLanguage":"pt-PT","potentialAction":[{"@type":"ReadAction","target":["https:\/\/lovme.pt\/index.php\/produto\/500-cosmetics-phiero-inside-out-perfume-com-feromonas-para-homem\/"]}]},{"@type":"ImageObject","inLanguage":"pt-PT","@id":"https:\/\/lovme.pt\/index.php\/produto\/500-cosmetics-phiero-inside-out-perfume-com-feromonas-para-homem\/#primaryimage","url":"https:\/\/erki24nd3ub.exactdn.com\/wp-content\/uploads\/dream\/img\/img_178936_45dddf22525601ea722ec17d56d1e6e2_1.jpg?strip=all","contentUrl":"https:\/\/erki24nd3ub.exactdn.com\/wp-content\/uploads\/dream\/img\/img_178936_45dddf22525601ea722ec17d56d1e6e2_1.jpg?strip=all","width":800,"height":800},{"@type":"BreadcrumbList","@id":"https:\/\/lovme.pt\/index.php\/produto\/500-cosmetics-phiero-inside-out-perfume-com-feromonas-para-homem\/#breadcrumb","itemListElement":[{"@type":"ListItem","position":1,"name":"In\u00edcio","item":"https:\/\/lovme.pt\/"},{"@type":"ListItem","position":2,"name":"Loja","item":"https:\/\/lovme.pt\/index.php\/loja\/"},{"@type":"ListItem","position":3,"name":"500 COSMETICS &#8211; PHIERO INSIDE OUT PERFUME COM FEROMONAS PARA HOMEM"}]},{"@type":"WebSite","@id":"https:\/\/lovme.pt\/#website","url":"https:\/\/lovme.pt\/","name":"Lovme Loja Er\u00f3tica N\u00ba1 em Portugal","description":"A melhor loja er\u00f3tica de Portugal.","alternateName":"Loja Er\u00f3tica Lovme","potentialAction":[{"@type":"SearchAction","target":{"@type":"EntryPoint","urlTemplate":"https:\/\/lovme.pt\/?s={search_term_string}"},"query-input":{"@type":"PropertyValueSpecification","valueRequired":true,"valueName":"search_term_string"}}],"inLanguage":"pt-PT"}]}},"_links":{"self":[{"href":"https:\/\/lovme.pt\/index.php\/wp-json\/wp\/v2\/product\/48660","targetHints":{"allow":["GET"]}}],"collection":[{"href":"https:\/\/lovme.pt\/index.php\/wp-json\/wp\/v2\/product"}],"about":[{"href":"https:\/\/lovme.pt\/index.php\/wp-json\/wp\/v2\/types\/product"}],"wp:featuredmedia":[{"embeddable":true,"href":"https:\/\/lovme.pt\/index.php\/wp-json\/wp\/v2\/media\/98142"}],"wp:attachment":[{"href":"https:\/\/lovme.pt\/index.php\/wp-json\/wp\/v2\/media?parent=48660"}],"wp:term":[{"taxonomy":"product_brand","embeddable":true,"href":"https:\/\/lovme.pt\/index.php\/wp-json\/wp\/v2\/product_brand?post=48660"},{"taxonomy":"product_cat","embeddable":true,"href":"https:\/\/lovme.pt\/index.php\/wp-json\/wp\/v2\/product_cat?post=48660"},{"taxonomy":"product_tag","embeddable":true,"href":"https:\/\/lovme.pt\/index.php\/wp-json\/wp\/v2\/product_tag?post=48660"}],"curies":[{"name":"wp","href":"https:\/\/api.w.org\/{rel}","templated":true}]}}