{"id":48618,"date":"2025-09-30T09:47:12","date_gmt":"2025-09-30T09:47:12","guid":{"rendered":"https:\/\/lovme.pt\/?post_type=product&p=48618"},"modified":"2026-02-19T20:04:52","modified_gmt":"2026-02-19T20:04:52","slug":"bruma-balsamo-intensificador-sabor-melancia-15-ml","status":"publish","type":"product","link":"https:\/\/lovme.pt\/index.php\/produto\/bruma-balsamo-intensificador-sabor-melancia-15-ml\/","title":{"rendered":"BRUMA &#8211; B\u00c1LSAMO INTENSIFICADOR SABOR MELANCIA 15 ML"},"content":{"rendered":"<p>O gel estimulante sabor melancia da marca <strong>BRUMA<\/strong> \u00e9 um gel \u00edntimo pensado para te ajudar a entrar no clima e aproveitar ao m\u00e1ximo seus momentos \u00edntimos. Este produto foi pensado para estimular o seu corpo, preparando-o para brincar sozinho ou acompanhado, tornando cada experi\u00eancia mais intensa e agrad\u00e1vel.<\/p>\n<p>\u00a0<\/p>\n<p><u><strong>CARACTER\u00cdSTICAS DO GEL ESTIMULANTE SABOR MELANCIA BRUMA:<\/strong><\/u><\/p>\n<ul>\n<li><strong>Gel estimulante:<\/strong> Especialmente formulado para aumentar a sensibilidade e despertar os sentidos, este gel oferece-lhe uma experi\u00eancia de estimula\u00e7\u00e3o \u00fanica que desperta o desejo e a paix\u00e3o.<\/li>\n<li><strong>Gel \u00edntimo para entrar no clima:<\/strong> Perfeito para aqueles momentos em que voc\u00ea quer se preparar para se divertir ao m\u00e1ximo, o gel <strong>BRUMA<\/strong> ajuda voc\u00ea a entrar. Voc\u00ea estar\u00e1 no clima certo para brincadeiras \u00edntimas.<\/li>\n<li><strong>Estimule o seu corpo para se preparar para brincar, sozinho ou acompanhado:<\/strong> Ideal tanto para casais como para uso solo, este gel estimulante intensifica a experi\u00eancia \u00edntima, aumentando o prazer e a conex\u00e3o.<\/li>\n<li><strong><strong>Sabor Melancia<\/strong> :<\/strong> O delicioso sabor de melancia acrescenta um toque de do\u00e7ura aos seus momentos \u00edntimos, tornando o uso do gel uma experi\u00eancia ainda mais agrad\u00e1vel.<\/li>\n<li><strong><strong>Formato 15 ml &#8211; Viagem: Tamanho compat\u00edvel<\/strong> :<\/strong> Com um recipiente compacto de 15 ml, \u00e9 perfeito para levar para qualquer lugar. Seu tamanho de viagem permite que voc\u00ea aproveite seus benef\u00edcios a qualquer hora e em qualquer lugar, sem se preocupar com espa\u00e7o.<\/li>\n<li><strong><strong>Dispensador \u00e0 prova de gotejamento<\/strong> :<\/strong> Equipado com dispensador \u00e0 prova de gotejamento, garante que voc\u00ea obtenha a quantidade perfeita sem desperd\u00edcio, mantendo a higiene e a comodidade de uso.<\/li>\n<li><strong><strong>Quantidade perfeita e medida para uma aplica\u00e7\u00e3o<\/strong> :<\/strong> Cada aplica\u00e7\u00e3o \u00e9 perfeitamente dosada para garantir a quantidade certa para cada uso, facilitando uma experi\u00eancia descomplicada.<\/li>\n<li><strong><strong>F\u00f3rmula ultradeslizante<\/strong> :<\/strong> Sua f\u00f3rmula foi desenvolvida para oferecer uma textura ultradeslizante que facilita sua aplica\u00e7\u00e3o e melhora a sensa\u00e7\u00e3o durante o uso.<\/li>\n<li><strong><strong>Aplica\u00e7\u00e3o suave e duradoura<\/strong> :<\/strong> Projetado para ser suave para a pele, o gel <strong>BRUMA<\/strong> aplica-se facilmente e oferece longa dura\u00e7\u00e3o;n prolongada, garantindo que as sensa\u00e7\u00f5es sejam mantidas por mais tempo sem a necessidade de reaplica\u00e7\u00f5es constantes.<\/li>\n<\/ul>\n<p>O gel estimulante com sabor de melancia <strong>da BRUMA<\/strong> \u00e9 o complemento perfeito para quem busca dar um toque extra de excita\u00e7\u00e3o e prazer aos seus momentos \u00edntimos. Com sua f\u00f3rmula inovadora e caracter\u00edsticas pr\u00e1ticas, promete transformar cada uso em uma experi\u00eancia \u00fanica e profundamente satisfat\u00f3ria.<\/p>\n<p><strong>\u00a0<\/strong><\/p>\n<p><strong><u><strong>BRUMA<\/strong><\/u><\/strong><\/p>\n<p><strong>BRUMA<\/strong> \u00e9 uma marca l\u00edder no mundo dos produtos para adultos, reconhecida pelo seu compromisso com a qualidade e a satisfa\u00e7\u00e3o do cliente. Especializada na cria\u00e7\u00e3o de produtos concebidos para aumentar a intimidade e o prazer nas experi\u00eancias adultas, <strong>a BRUMA<\/strong> tornou-se reconhecida pelo seu foco na inova\u00e7\u00e3o e excel\u00eancia.<\/p>\n<p>O gel ultra deslizante da <strong>BRUMA<\/strong> incorpora a dedica\u00e7\u00e3o da marca em fornecer solu\u00e7\u00f5es \u00edntimas superiores. Este gel \u00e9 cuidadosamente formulado para proporcionar uma lubrifica\u00e7\u00e3o excepcionalmente suave e duradoura, aumentando o conforto e a conex\u00e3o nos momentos mais \u00edntimos.<\/p>\n<p>Com <strong>BRUMA<\/strong> , voc\u00ea pode ter certeza de que est\u00e1 escolhendo produtos de alta qualidade, projetados para melhorar seu bem-estar \u00edntimo. Quer esteja a explorar aventuras individuais ou partilhadas, o gel ultra-derrapante da <strong>BRUMA<\/strong> proporciona-lhe uma experi\u00eancia \u00fanica de deslizamento e suavidade que lhe permite desfrutar ao m\u00e1ximo dos seus momentos sensuais.<\/p>\n","protected":false},"excerpt":{"rendered":"<p>EMBALAGEM DISPON\u00cdVEL EM: \/es\/en\/de\/fr\/po\/it\/pt\/el\/<\/p>\n","protected":false},"featured_media":57013,"template":"","meta":{"_acf_changed":false},"product_brand":[],"product_cat":[49,52],"product_tag":[],"class_list":{"0":"post-48618","1":"product","2":"type-product","3":"status-publish","4":"has-post-thumbnail","6":"product_cat-cosmeticos","7":"product_cat-estimulantes","8":"yith_product_brand-bruma","10":"first","11":"instock","12":"taxable","13":"shipping-taxable","14":"purchasable","15":"product-type-simple"},"acf":[],"yoast_head":"<!-- This site is optimized with the Yoast SEO plugin v27.4 - https:\/\/yoast.com\/product\/yoast-seo-wordpress\/ -->\n<title>BRUMA - B\u00c1LSAMO INTENSIFICADOR SABOR MELANCIA 15 ML - Lovme<\/title>\n<meta name=\"robots\" content=\"index, follow, max-snippet:-1, max-image-preview:large, max-video-preview:-1\" \/>\n<link rel=\"canonical\" href=\"https:\/\/lovme.pt\/index.php\/produto\/bruma-balsamo-intensificador-sabor-melancia-15-ml\/\" \/>\n<meta property=\"og:locale\" content=\"pt_PT\" \/>\n<meta property=\"og:type\" content=\"article\" \/>\n<meta property=\"og:title\" content=\"BRUMA - B\u00c1LSAMO INTENSIFICADOR SABOR MELANCIA 15 ML - Lovme\" \/>\n<meta property=\"og:description\" content=\"EMBALAGEM DISPON\u00cdVEL EM: \/es\/en\/de\/fr\/po\/it\/pt\/el\/\" \/>\n<meta property=\"og:url\" content=\"https:\/\/lovme.pt\/index.php\/produto\/bruma-balsamo-intensificador-sabor-melancia-15-ml\/\" \/>\n<meta property=\"og:site_name\" content=\"Lovme\" \/>\n<meta property=\"article:modified_time\" content=\"2026-02-19T20:04:52+00:00\" \/>\n<meta property=\"og:image\" content=\"https:\/\/erki24nd3ub.exactdn.com\/wp-content\/uploads\/dream\/img\/img_181322_49fd71888b8c705505633e9acfeb0532_1.png?strip=all\" \/>\n\t<meta property=\"og:image:width\" content=\"800\" \/>\n\t<meta property=\"og:image:height\" content=\"800\" \/>\n\t<meta property=\"og:image:type\" content=\"image\/png\" \/>\n<meta name=\"twitter:card\" content=\"summary_large_image\" \/>\n<meta name=\"twitter:label1\" content=\"Tempo estimado de leitura\" \/>\n\t<meta name=\"twitter:data1\" content=\"3 minutos\" \/>\n<script type=\"application\/ld+json\" class=\"yoast-schema-graph\">{\"@context\":\"https:\\\/\\\/schema.org\",\"@graph\":[{\"@type\":\"WebPage\",\"@id\":\"https:\\\/\\\/lovme.pt\\\/index.php\\\/produto\\\/bruma-balsamo-intensificador-sabor-melancia-15-ml\\\/\",\"url\":\"https:\\\/\\\/lovme.pt\\\/index.php\\\/produto\\\/bruma-balsamo-intensificador-sabor-melancia-15-ml\\\/\",\"name\":\"BRUMA - B\u00c1LSAMO INTENSIFICADOR SABOR MELANCIA 15 ML - Lovme\",\"isPartOf\":{\"@id\":\"https:\\\/\\\/lovme.pt\\\/#website\"},\"primaryImageOfPage\":{\"@id\":\"https:\\\/\\\/lovme.pt\\\/index.php\\\/produto\\\/bruma-balsamo-intensificador-sabor-melancia-15-ml\\\/#primaryimage\"},\"image\":{\"@id\":\"https:\\\/\\\/lovme.pt\\\/index.php\\\/produto\\\/bruma-balsamo-intensificador-sabor-melancia-15-ml\\\/#primaryimage\"},\"thumbnailUrl\":\"https:\\\/\\\/erki24nd3ub.exactdn.com\\\/wp-content\\\/uploads\\\/dream\\\/img\\\/img_181322_49fd71888b8c705505633e9acfeb0532_1.png?strip=all\",\"datePublished\":\"2025-09-30T09:47:12+00:00\",\"dateModified\":\"2026-02-19T20:04:52+00:00\",\"breadcrumb\":{\"@id\":\"https:\\\/\\\/lovme.pt\\\/index.php\\\/produto\\\/bruma-balsamo-intensificador-sabor-melancia-15-ml\\\/#breadcrumb\"},\"inLanguage\":\"pt-PT\",\"potentialAction\":[{\"@type\":\"ReadAction\",\"target\":[\"https:\\\/\\\/lovme.pt\\\/index.php\\\/produto\\\/bruma-balsamo-intensificador-sabor-melancia-15-ml\\\/\"]}]},{\"@type\":\"ImageObject\",\"inLanguage\":\"pt-PT\",\"@id\":\"https:\\\/\\\/lovme.pt\\\/index.php\\\/produto\\\/bruma-balsamo-intensificador-sabor-melancia-15-ml\\\/#primaryimage\",\"url\":\"https:\\\/\\\/erki24nd3ub.exactdn.com\\\/wp-content\\\/uploads\\\/dream\\\/img\\\/img_181322_49fd71888b8c705505633e9acfeb0532_1.png?strip=all\",\"contentUrl\":\"https:\\\/\\\/erki24nd3ub.exactdn.com\\\/wp-content\\\/uploads\\\/dream\\\/img\\\/img_181322_49fd71888b8c705505633e9acfeb0532_1.png?strip=all\",\"width\":800,\"height\":800},{\"@type\":\"BreadcrumbList\",\"@id\":\"https:\\\/\\\/lovme.pt\\\/index.php\\\/produto\\\/bruma-balsamo-intensificador-sabor-melancia-15-ml\\\/#breadcrumb\",\"itemListElement\":[{\"@type\":\"ListItem\",\"position\":1,\"name\":\"In\u00edcio\",\"item\":\"https:\\\/\\\/lovme.pt\\\/\"},{\"@type\":\"ListItem\",\"position\":2,\"name\":\"Loja\",\"item\":\"https:\\\/\\\/lovme.pt\\\/index.php\\\/loja\\\/\"},{\"@type\":\"ListItem\",\"position\":3,\"name\":\"BRUMA &#8211; B\u00c1LSAMO INTENSIFICADOR SABOR MELANCIA 15 ML\"}]},{\"@type\":\"WebSite\",\"@id\":\"https:\\\/\\\/lovme.pt\\\/#website\",\"url\":\"https:\\\/\\\/lovme.pt\\\/\",\"name\":\"Lovme Loja Er\u00f3tica N\u00ba1 em Portugal\",\"description\":\"A melhor loja er\u00f3tica de Portugal.\",\"alternateName\":\"Loja Er\u00f3tica Lovme\",\"potentialAction\":[{\"@type\":\"SearchAction\",\"target\":{\"@type\":\"EntryPoint\",\"urlTemplate\":\"https:\\\/\\\/lovme.pt\\\/?s={search_term_string}\"},\"query-input\":{\"@type\":\"PropertyValueSpecification\",\"valueRequired\":true,\"valueName\":\"search_term_string\"}}],\"inLanguage\":\"pt-PT\"}]}<\/script>\n<!-- \/ Yoast SEO plugin. -->","yoast_head_json":{"title":"BRUMA - B\u00c1LSAMO INTENSIFICADOR SABOR MELANCIA 15 ML - Lovme","robots":{"index":"index","follow":"follow","max-snippet":"max-snippet:-1","max-image-preview":"max-image-preview:large","max-video-preview":"max-video-preview:-1"},"canonical":"https:\/\/lovme.pt\/index.php\/produto\/bruma-balsamo-intensificador-sabor-melancia-15-ml\/","og_locale":"pt_PT","og_type":"article","og_title":"BRUMA - B\u00c1LSAMO INTENSIFICADOR SABOR MELANCIA 15 ML - Lovme","og_description":"EMBALAGEM DISPON\u00cdVEL EM: \/es\/en\/de\/fr\/po\/it\/pt\/el\/","og_url":"https:\/\/lovme.pt\/index.php\/produto\/bruma-balsamo-intensificador-sabor-melancia-15-ml\/","og_site_name":"Lovme","article_modified_time":"2026-02-19T20:04:52+00:00","og_image":[{"width":800,"height":800,"url":"https:\/\/erki24nd3ub.exactdn.com\/wp-content\/uploads\/dream\/img\/img_181322_49fd71888b8c705505633e9acfeb0532_1.png?strip=all","type":"image\/png"}],"twitter_card":"summary_large_image","twitter_misc":{"Tempo estimado de leitura":"3 minutos"},"schema":{"@context":"https:\/\/schema.org","@graph":[{"@type":"WebPage","@id":"https:\/\/lovme.pt\/index.php\/produto\/bruma-balsamo-intensificador-sabor-melancia-15-ml\/","url":"https:\/\/lovme.pt\/index.php\/produto\/bruma-balsamo-intensificador-sabor-melancia-15-ml\/","name":"BRUMA - B\u00c1LSAMO INTENSIFICADOR SABOR MELANCIA 15 ML - Lovme","isPartOf":{"@id":"https:\/\/lovme.pt\/#website"},"primaryImageOfPage":{"@id":"https:\/\/lovme.pt\/index.php\/produto\/bruma-balsamo-intensificador-sabor-melancia-15-ml\/#primaryimage"},"image":{"@id":"https:\/\/lovme.pt\/index.php\/produto\/bruma-balsamo-intensificador-sabor-melancia-15-ml\/#primaryimage"},"thumbnailUrl":"https:\/\/erki24nd3ub.exactdn.com\/wp-content\/uploads\/dream\/img\/img_181322_49fd71888b8c705505633e9acfeb0532_1.png?strip=all","datePublished":"2025-09-30T09:47:12+00:00","dateModified":"2026-02-19T20:04:52+00:00","breadcrumb":{"@id":"https:\/\/lovme.pt\/index.php\/produto\/bruma-balsamo-intensificador-sabor-melancia-15-ml\/#breadcrumb"},"inLanguage":"pt-PT","potentialAction":[{"@type":"ReadAction","target":["https:\/\/lovme.pt\/index.php\/produto\/bruma-balsamo-intensificador-sabor-melancia-15-ml\/"]}]},{"@type":"ImageObject","inLanguage":"pt-PT","@id":"https:\/\/lovme.pt\/index.php\/produto\/bruma-balsamo-intensificador-sabor-melancia-15-ml\/#primaryimage","url":"https:\/\/erki24nd3ub.exactdn.com\/wp-content\/uploads\/dream\/img\/img_181322_49fd71888b8c705505633e9acfeb0532_1.png?strip=all","contentUrl":"https:\/\/erki24nd3ub.exactdn.com\/wp-content\/uploads\/dream\/img\/img_181322_49fd71888b8c705505633e9acfeb0532_1.png?strip=all","width":800,"height":800},{"@type":"BreadcrumbList","@id":"https:\/\/lovme.pt\/index.php\/produto\/bruma-balsamo-intensificador-sabor-melancia-15-ml\/#breadcrumb","itemListElement":[{"@type":"ListItem","position":1,"name":"In\u00edcio","item":"https:\/\/lovme.pt\/"},{"@type":"ListItem","position":2,"name":"Loja","item":"https:\/\/lovme.pt\/index.php\/loja\/"},{"@type":"ListItem","position":3,"name":"BRUMA &#8211; B\u00c1LSAMO INTENSIFICADOR SABOR MELANCIA 15 ML"}]},{"@type":"WebSite","@id":"https:\/\/lovme.pt\/#website","url":"https:\/\/lovme.pt\/","name":"Lovme Loja Er\u00f3tica N\u00ba1 em Portugal","description":"A melhor loja er\u00f3tica de Portugal.","alternateName":"Loja Er\u00f3tica Lovme","potentialAction":[{"@type":"SearchAction","target":{"@type":"EntryPoint","urlTemplate":"https:\/\/lovme.pt\/?s={search_term_string}"},"query-input":{"@type":"PropertyValueSpecification","valueRequired":true,"valueName":"search_term_string"}}],"inLanguage":"pt-PT"}]}},"_links":{"self":[{"href":"https:\/\/lovme.pt\/index.php\/wp-json\/wp\/v2\/product\/48618","targetHints":{"allow":["GET"]}}],"collection":[{"href":"https:\/\/lovme.pt\/index.php\/wp-json\/wp\/v2\/product"}],"about":[{"href":"https:\/\/lovme.pt\/index.php\/wp-json\/wp\/v2\/types\/product"}],"wp:featuredmedia":[{"embeddable":true,"href":"https:\/\/lovme.pt\/index.php\/wp-json\/wp\/v2\/media\/57013"}],"wp:attachment":[{"href":"https:\/\/lovme.pt\/index.php\/wp-json\/wp\/v2\/media?parent=48618"}],"wp:term":[{"taxonomy":"product_brand","embeddable":true,"href":"https:\/\/lovme.pt\/index.php\/wp-json\/wp\/v2\/product_brand?post=48618"},{"taxonomy":"product_cat","embeddable":true,"href":"https:\/\/lovme.pt\/index.php\/wp-json\/wp\/v2\/product_cat?post=48618"},{"taxonomy":"product_tag","embeddable":true,"href":"https:\/\/lovme.pt\/index.php\/wp-json\/wp\/v2\/product_tag?post=48618"}],"curies":[{"name":"wp","href":"https:\/\/api.w.org\/{rel}","templated":true}]}}