{"id":48606,"date":"2025-10-01T02:23:41","date_gmt":"2025-10-01T02:23:41","guid":{"rendered":"https:\/\/lovme.pt\/?post_type=product&p=48606"},"modified":"2026-02-19T20:19:05","modified_gmt":"2026-02-19T20:19:05","slug":"pretty-love-masturbador-de-vagina-hedy-branco-2","status":"publish","type":"product","link":"https:\/\/lovme.pt\/index.php\/produto\/pretty-love-masturbador-de-vagina-hedy-branco-2\/","title":{"rendered":"PRETTY LOVE &#8211; MASTURBADOR DE VAGINA HEDY BRANCO"},"content":{"rendered":"<p>Buceta apertada escondida em um estojo de pl\u00e1stico r\u00edgido com acabamento perolado com capa interna superskin de toque real que foi moldada diretamente de uma estrela do esporte, para uma abertura de vagina incrivelmente realista.<\/p>\n<p>Dentro do acariciador h\u00e1 uma s\u00e9rie de sali\u00eancias e bolsos que criam uma suc\u00e7\u00e3o deliciosa e sensa\u00e7\u00f5es de prazer que se parecem muito com a coisa real. Use com um pouco de lubrificante \u00e0 base de \u00e1gua e voc\u00ea vai se perguntar por que fez isso com a m\u00e3o por tanto tempo! Leve para casa uma experi\u00eancia de estrela porn\u00f4 hoje.<\/p>\n<ul>\n<li>masturbador masculino<\/li>\n<li>Desenho de vagina<\/li>\n<li>Materiais: Silicone, TPR e ABS<\/li>\n<li>Uso de lubrificante recomendado<\/li>\n<li>Sensa\u00e7\u00f5es realistas<\/li>\n<li>Reutiliz\u00e1vel<\/li>\n<li>F\u00e1cil de limpar<\/li>\n<li>Texturizado interno<\/li>\n<li>Medidas: Veja a imagem<\/li>\n<\/ul>\n<p>A Pretty Love fabrica produtos com elevados padr\u00f5es de qualidade. Todos os produtos s\u00e3o projetados nos Estados Unidos e t\u00eam garantia de 1 ano para defeitos t\u00e9cnicos. O prazer \u00e9 garantido!<\/p>\n","protected":false},"excerpt":{"rendered":"<p>PRETTY LOVE &#8211; MASTURBADOR DE VAGINA HEDY BRANCO<\/p>\n","protected":false},"featured_media":96633,"template":"","meta":{"_acf_changed":false},"product_brand":[],"product_cat":[17,58,60],"product_tag":[],"class_list":{"0":"post-48606","1":"product","2":"type-product","3":"status-publish","4":"has-post-thumbnail","6":"product_cat-brinquedos-de-bem-estar-sexual","7":"product_cat-masturbadores-para-penis","8":"product_cat-para-eles","9":"yith_product_brand-pretty-love","10":"yith_product_brand-pretty-lovepretty-love-male","12":"first","13":"instock","14":"taxable","15":"shipping-taxable","16":"purchasable","17":"product-type-simple"},"acf":[],"yoast_head":"<!-- This site is optimized with the Yoast SEO plugin v27.4 - https:\/\/yoast.com\/product\/yoast-seo-wordpress\/ -->\n<title>PRETTY LOVE - MASTURBADOR DE VAGINA HEDY BRANCO - Lovme<\/title>\n<meta name=\"robots\" content=\"index, follow, max-snippet:-1, max-image-preview:large, max-video-preview:-1\" \/>\n<link rel=\"canonical\" href=\"https:\/\/lovme.pt\/index.php\/produto\/pretty-love-masturbador-de-vagina-hedy-branco-2\/\" \/>\n<meta property=\"og:locale\" content=\"pt_PT\" \/>\n<meta property=\"og:type\" content=\"article\" \/>\n<meta property=\"og:title\" content=\"PRETTY LOVE - MASTURBADOR DE VAGINA HEDY BRANCO - Lovme\" \/>\n<meta property=\"og:description\" content=\"PRETTY LOVE - MASTURBADOR DE VAGINA HEDY BRANCO\" \/>\n<meta property=\"og:url\" content=\"https:\/\/lovme.pt\/index.php\/produto\/pretty-love-masturbador-de-vagina-hedy-branco-2\/\" \/>\n<meta property=\"og:site_name\" content=\"Lovme\" \/>\n<meta property=\"article:modified_time\" content=\"2026-02-19T20:19:05+00:00\" \/>\n<meta property=\"og:image\" content=\"https:\/\/erki24nd3ub.exactdn.com\/wp-content\/uploads\/dream\/img\/img_178500_c45a53fc960f23a160bb3fd1fb262070_1.jpg?strip=all\" \/>\n\t<meta property=\"og:image:width\" content=\"800\" \/>\n\t<meta property=\"og:image:height\" content=\"800\" \/>\n\t<meta property=\"og:image:type\" content=\"image\/jpeg\" \/>\n<meta name=\"twitter:card\" content=\"summary_large_image\" \/>\n<meta name=\"twitter:label1\" content=\"Tempo estimado de leitura\" \/>\n\t<meta name=\"twitter:data1\" content=\"1 minuto\" \/>\n<script type=\"application\/ld+json\" class=\"yoast-schema-graph\">{\"@context\":\"https:\\\/\\\/schema.org\",\"@graph\":[{\"@type\":\"WebPage\",\"@id\":\"https:\\\/\\\/lovme.pt\\\/index.php\\\/produto\\\/pretty-love-masturbador-de-vagina-hedy-branco-2\\\/\",\"url\":\"https:\\\/\\\/lovme.pt\\\/index.php\\\/produto\\\/pretty-love-masturbador-de-vagina-hedy-branco-2\\\/\",\"name\":\"PRETTY LOVE - MASTURBADOR DE VAGINA HEDY BRANCO - Lovme\",\"isPartOf\":{\"@id\":\"https:\\\/\\\/lovme.pt\\\/#website\"},\"primaryImageOfPage\":{\"@id\":\"https:\\\/\\\/lovme.pt\\\/index.php\\\/produto\\\/pretty-love-masturbador-de-vagina-hedy-branco-2\\\/#primaryimage\"},\"image\":{\"@id\":\"https:\\\/\\\/lovme.pt\\\/index.php\\\/produto\\\/pretty-love-masturbador-de-vagina-hedy-branco-2\\\/#primaryimage\"},\"thumbnailUrl\":\"https:\\\/\\\/erki24nd3ub.exactdn.com\\\/wp-content\\\/uploads\\\/dream\\\/img\\\/img_178500_c45a53fc960f23a160bb3fd1fb262070_1.jpg?strip=all\",\"datePublished\":\"2025-10-01T02:23:41+00:00\",\"dateModified\":\"2026-02-19T20:19:05+00:00\",\"breadcrumb\":{\"@id\":\"https:\\\/\\\/lovme.pt\\\/index.php\\\/produto\\\/pretty-love-masturbador-de-vagina-hedy-branco-2\\\/#breadcrumb\"},\"inLanguage\":\"pt-PT\",\"potentialAction\":[{\"@type\":\"ReadAction\",\"target\":[\"https:\\\/\\\/lovme.pt\\\/index.php\\\/produto\\\/pretty-love-masturbador-de-vagina-hedy-branco-2\\\/\"]}]},{\"@type\":\"ImageObject\",\"inLanguage\":\"pt-PT\",\"@id\":\"https:\\\/\\\/lovme.pt\\\/index.php\\\/produto\\\/pretty-love-masturbador-de-vagina-hedy-branco-2\\\/#primaryimage\",\"url\":\"https:\\\/\\\/erki24nd3ub.exactdn.com\\\/wp-content\\\/uploads\\\/dream\\\/img\\\/img_178500_c45a53fc960f23a160bb3fd1fb262070_1.jpg?strip=all\",\"contentUrl\":\"https:\\\/\\\/erki24nd3ub.exactdn.com\\\/wp-content\\\/uploads\\\/dream\\\/img\\\/img_178500_c45a53fc960f23a160bb3fd1fb262070_1.jpg?strip=all\",\"width\":800,\"height\":800},{\"@type\":\"BreadcrumbList\",\"@id\":\"https:\\\/\\\/lovme.pt\\\/index.php\\\/produto\\\/pretty-love-masturbador-de-vagina-hedy-branco-2\\\/#breadcrumb\",\"itemListElement\":[{\"@type\":\"ListItem\",\"position\":1,\"name\":\"In\u00edcio\",\"item\":\"https:\\\/\\\/lovme.pt\\\/\"},{\"@type\":\"ListItem\",\"position\":2,\"name\":\"Loja\",\"item\":\"https:\\\/\\\/lovme.pt\\\/index.php\\\/loja\\\/\"},{\"@type\":\"ListItem\",\"position\":3,\"name\":\"PRETTY LOVE &#8211; MASTURBADOR DE VAGINA HEDY BRANCO\"}]},{\"@type\":\"WebSite\",\"@id\":\"https:\\\/\\\/lovme.pt\\\/#website\",\"url\":\"https:\\\/\\\/lovme.pt\\\/\",\"name\":\"Lovme Loja Er\u00f3tica N\u00ba1 em Portugal\",\"description\":\"A melhor loja er\u00f3tica de Portugal.\",\"alternateName\":\"Loja Er\u00f3tica Lovme\",\"potentialAction\":[{\"@type\":\"SearchAction\",\"target\":{\"@type\":\"EntryPoint\",\"urlTemplate\":\"https:\\\/\\\/lovme.pt\\\/?s={search_term_string}\"},\"query-input\":{\"@type\":\"PropertyValueSpecification\",\"valueRequired\":true,\"valueName\":\"search_term_string\"}}],\"inLanguage\":\"pt-PT\"}]}<\/script>\n<!-- \/ Yoast SEO plugin. -->","yoast_head_json":{"title":"PRETTY LOVE - MASTURBADOR DE VAGINA HEDY BRANCO - Lovme","robots":{"index":"index","follow":"follow","max-snippet":"max-snippet:-1","max-image-preview":"max-image-preview:large","max-video-preview":"max-video-preview:-1"},"canonical":"https:\/\/lovme.pt\/index.php\/produto\/pretty-love-masturbador-de-vagina-hedy-branco-2\/","og_locale":"pt_PT","og_type":"article","og_title":"PRETTY LOVE - MASTURBADOR DE VAGINA HEDY BRANCO - Lovme","og_description":"PRETTY LOVE - MASTURBADOR DE VAGINA HEDY BRANCO","og_url":"https:\/\/lovme.pt\/index.php\/produto\/pretty-love-masturbador-de-vagina-hedy-branco-2\/","og_site_name":"Lovme","article_modified_time":"2026-02-19T20:19:05+00:00","og_image":[{"width":800,"height":800,"url":"https:\/\/erki24nd3ub.exactdn.com\/wp-content\/uploads\/dream\/img\/img_178500_c45a53fc960f23a160bb3fd1fb262070_1.jpg?strip=all","type":"image\/jpeg"}],"twitter_card":"summary_large_image","twitter_misc":{"Tempo estimado de leitura":"1 minuto"},"schema":{"@context":"https:\/\/schema.org","@graph":[{"@type":"WebPage","@id":"https:\/\/lovme.pt\/index.php\/produto\/pretty-love-masturbador-de-vagina-hedy-branco-2\/","url":"https:\/\/lovme.pt\/index.php\/produto\/pretty-love-masturbador-de-vagina-hedy-branco-2\/","name":"PRETTY LOVE - MASTURBADOR DE VAGINA HEDY BRANCO - Lovme","isPartOf":{"@id":"https:\/\/lovme.pt\/#website"},"primaryImageOfPage":{"@id":"https:\/\/lovme.pt\/index.php\/produto\/pretty-love-masturbador-de-vagina-hedy-branco-2\/#primaryimage"},"image":{"@id":"https:\/\/lovme.pt\/index.php\/produto\/pretty-love-masturbador-de-vagina-hedy-branco-2\/#primaryimage"},"thumbnailUrl":"https:\/\/erki24nd3ub.exactdn.com\/wp-content\/uploads\/dream\/img\/img_178500_c45a53fc960f23a160bb3fd1fb262070_1.jpg?strip=all","datePublished":"2025-10-01T02:23:41+00:00","dateModified":"2026-02-19T20:19:05+00:00","breadcrumb":{"@id":"https:\/\/lovme.pt\/index.php\/produto\/pretty-love-masturbador-de-vagina-hedy-branco-2\/#breadcrumb"},"inLanguage":"pt-PT","potentialAction":[{"@type":"ReadAction","target":["https:\/\/lovme.pt\/index.php\/produto\/pretty-love-masturbador-de-vagina-hedy-branco-2\/"]}]},{"@type":"ImageObject","inLanguage":"pt-PT","@id":"https:\/\/lovme.pt\/index.php\/produto\/pretty-love-masturbador-de-vagina-hedy-branco-2\/#primaryimage","url":"https:\/\/erki24nd3ub.exactdn.com\/wp-content\/uploads\/dream\/img\/img_178500_c45a53fc960f23a160bb3fd1fb262070_1.jpg?strip=all","contentUrl":"https:\/\/erki24nd3ub.exactdn.com\/wp-content\/uploads\/dream\/img\/img_178500_c45a53fc960f23a160bb3fd1fb262070_1.jpg?strip=all","width":800,"height":800},{"@type":"BreadcrumbList","@id":"https:\/\/lovme.pt\/index.php\/produto\/pretty-love-masturbador-de-vagina-hedy-branco-2\/#breadcrumb","itemListElement":[{"@type":"ListItem","position":1,"name":"In\u00edcio","item":"https:\/\/lovme.pt\/"},{"@type":"ListItem","position":2,"name":"Loja","item":"https:\/\/lovme.pt\/index.php\/loja\/"},{"@type":"ListItem","position":3,"name":"PRETTY LOVE &#8211; MASTURBADOR DE VAGINA HEDY BRANCO"}]},{"@type":"WebSite","@id":"https:\/\/lovme.pt\/#website","url":"https:\/\/lovme.pt\/","name":"Lovme Loja Er\u00f3tica N\u00ba1 em Portugal","description":"A melhor loja er\u00f3tica de Portugal.","alternateName":"Loja Er\u00f3tica Lovme","potentialAction":[{"@type":"SearchAction","target":{"@type":"EntryPoint","urlTemplate":"https:\/\/lovme.pt\/?s={search_term_string}"},"query-input":{"@type":"PropertyValueSpecification","valueRequired":true,"valueName":"search_term_string"}}],"inLanguage":"pt-PT"}]}},"_links":{"self":[{"href":"https:\/\/lovme.pt\/index.php\/wp-json\/wp\/v2\/product\/48606","targetHints":{"allow":["GET"]}}],"collection":[{"href":"https:\/\/lovme.pt\/index.php\/wp-json\/wp\/v2\/product"}],"about":[{"href":"https:\/\/lovme.pt\/index.php\/wp-json\/wp\/v2\/types\/product"}],"wp:featuredmedia":[{"embeddable":true,"href":"https:\/\/lovme.pt\/index.php\/wp-json\/wp\/v2\/media\/96633"}],"wp:attachment":[{"href":"https:\/\/lovme.pt\/index.php\/wp-json\/wp\/v2\/media?parent=48606"}],"wp:term":[{"taxonomy":"product_brand","embeddable":true,"href":"https:\/\/lovme.pt\/index.php\/wp-json\/wp\/v2\/product_brand?post=48606"},{"taxonomy":"product_cat","embeddable":true,"href":"https:\/\/lovme.pt\/index.php\/wp-json\/wp\/v2\/product_cat?post=48606"},{"taxonomy":"product_tag","embeddable":true,"href":"https:\/\/lovme.pt\/index.php\/wp-json\/wp\/v2\/product_tag?post=48606"}],"curies":[{"name":"wp","href":"https:\/\/api.w.org\/{rel}","templated":true}]}}