{"id":48598,"date":"2025-09-30T22:01:46","date_gmt":"2025-09-30T22:01:46","guid":{"rendered":"https:\/\/lovme.pt\/?post_type=product&p=48598"},"modified":"2026-02-19T20:09:02","modified_gmt":"2026-02-19T20:09:02","slug":"pretty-love-skylar-vibrador-estimulador-roxo","status":"publish","type":"product","link":"https:\/\/lovme.pt\/index.php\/produto\/pretty-love-skylar-vibrador-estimulador-roxo\/","title":{"rendered":"PRETTY LOVE &#8211; SKYLAR VIBRADOR ESTIMULADOR ROXO"},"content":{"rendered":"<p style=\"line-height: 16.6399993896484px;\"><span style=\"font-size: 13px;\">Perfeito para ficar sozinho na cama, o vibrador multifuncional Rabbit feito de silicone macio e aveludado oferece prazer de mais de uma maneira.<\/span><\/p>\n<p style=\"line-height: 16.6399993896484px;\"><span style=\"font-size: 13px;\">Experimente o melhor dos dois mundos com os 10 modos de bra\u00e7ada poderosos e 10 configura\u00e7\u00f5es de vibra\u00e7\u00e3o deste estimulador de coelho. A bra\u00e7ada tamb\u00e9m tem 9 velocidades.<\/span><\/p>\n<p style=\"line-height: 16.6399993896484px;\"><span style=\"font-size: 13px;\">Mergulhe em uma estimula\u00e7\u00e3o suave revestida de silicone para uma experi\u00eancia maravilhosa que permitir\u00e1 que voc\u00ea se sinta confort\u00e1vel. Obtenha uma estimula\u00e7\u00e3o quente no quarto. Al\u00e9m disso, est\u00e1 sempre pronto para uso com carregamento USB &#8211; a divers\u00e3o nunca precisa acabar!<\/span><\/p>\n<p style=\"line-height: 16.6399993896484px;\">Caracter\u00edsticas:<\/p>\n<ul style=\"line-height: 16.6399993896484px;\">\n<li>10 fun\u00e7\u00f5es de vibra\u00e7\u00e3o<\/li>\n<li>Silicone ABS<\/li>\n<li style=\"line-height: 16.64px;\">Recarreg\u00e1vel via USB.<\/li>\n<\/ul>\n<p style=\"line-height: 16.6399993896484px;\">A Pretty Love fabrica produtos com padr\u00f5es de qualidade exigentes, todos os seus produtos s\u00e3o projetados nos Estados Unidos e t\u00eam garantia de 1 ano para defeitos t\u00e9cnicos.<!-- p--><\/p>\n","protected":false},"excerpt":{"rendered":"<p>PRETTY LOVE &#8211; SKYLAR VIBRADOR ESTIMULADOR ROXO<\/p>\n","protected":false},"featured_media":73127,"template":"","meta":{"_acf_changed":false},"product_brand":[],"product_cat":[17,61,76],"product_tag":[],"class_list":{"0":"post-48598","1":"product","2":"type-product","3":"status-publish","4":"has-post-thumbnail","6":"product_cat-brinquedos-de-bem-estar-sexual","7":"product_cat-para-elas","8":"product_cat-vibradores","9":"yith_product_brand-pretty-love","10":"yith_product_brand-pretty-lovepretty-love-flirtation","12":"first","13":"instock","14":"taxable","15":"shipping-taxable","16":"purchasable","17":"product-type-simple"},"acf":[],"yoast_head":"<!-- This site is optimized with the Yoast SEO plugin v27.4 - https:\/\/yoast.com\/product\/yoast-seo-wordpress\/ -->\n<title>PRETTY LOVE - SKYLAR VIBRADOR ESTIMULADOR ROXO - Lovme<\/title>\n<meta name=\"robots\" content=\"index, follow, max-snippet:-1, max-image-preview:large, max-video-preview:-1\" \/>\n<link rel=\"canonical\" href=\"https:\/\/lovme.pt\/index.php\/produto\/pretty-love-skylar-vibrador-estimulador-roxo\/\" \/>\n<meta property=\"og:locale\" content=\"pt_PT\" \/>\n<meta property=\"og:type\" content=\"article\" \/>\n<meta property=\"og:title\" content=\"PRETTY LOVE - SKYLAR VIBRADOR ESTIMULADOR ROXO - Lovme\" \/>\n<meta property=\"og:description\" content=\"PRETTY LOVE - SKYLAR VIBRADOR ESTIMULADOR ROXO\" \/>\n<meta property=\"og:url\" content=\"https:\/\/lovme.pt\/index.php\/produto\/pretty-love-skylar-vibrador-estimulador-roxo\/\" \/>\n<meta property=\"og:site_name\" content=\"Lovme\" \/>\n<meta property=\"article:modified_time\" content=\"2026-02-19T20:09:02+00:00\" \/>\n<meta property=\"og:image\" content=\"https:\/\/erki24nd3ub.exactdn.com\/wp-content\/uploads\/dream\/img\/img_178425_c7d9684fe650f044853faba877d68bb1_1.jpg?strip=all\" \/>\n\t<meta property=\"og:image:width\" content=\"800\" \/>\n\t<meta property=\"og:image:height\" content=\"800\" \/>\n\t<meta property=\"og:image:type\" content=\"image\/jpeg\" \/>\n<meta name=\"twitter:card\" content=\"summary_large_image\" \/>\n<meta name=\"twitter:label1\" content=\"Tempo estimado de leitura\" \/>\n\t<meta name=\"twitter:data1\" content=\"1 minuto\" \/>\n<script type=\"application\/ld+json\" class=\"yoast-schema-graph\">{\"@context\":\"https:\\\/\\\/schema.org\",\"@graph\":[{\"@type\":\"WebPage\",\"@id\":\"https:\\\/\\\/lovme.pt\\\/index.php\\\/produto\\\/pretty-love-skylar-vibrador-estimulador-roxo\\\/\",\"url\":\"https:\\\/\\\/lovme.pt\\\/index.php\\\/produto\\\/pretty-love-skylar-vibrador-estimulador-roxo\\\/\",\"name\":\"PRETTY LOVE - SKYLAR VIBRADOR ESTIMULADOR ROXO - Lovme\",\"isPartOf\":{\"@id\":\"https:\\\/\\\/lovme.pt\\\/#website\"},\"primaryImageOfPage\":{\"@id\":\"https:\\\/\\\/lovme.pt\\\/index.php\\\/produto\\\/pretty-love-skylar-vibrador-estimulador-roxo\\\/#primaryimage\"},\"image\":{\"@id\":\"https:\\\/\\\/lovme.pt\\\/index.php\\\/produto\\\/pretty-love-skylar-vibrador-estimulador-roxo\\\/#primaryimage\"},\"thumbnailUrl\":\"https:\\\/\\\/erki24nd3ub.exactdn.com\\\/wp-content\\\/uploads\\\/dream\\\/img\\\/img_178425_c7d9684fe650f044853faba877d68bb1_1.jpg?strip=all\",\"datePublished\":\"2025-09-30T22:01:46+00:00\",\"dateModified\":\"2026-02-19T20:09:02+00:00\",\"breadcrumb\":{\"@id\":\"https:\\\/\\\/lovme.pt\\\/index.php\\\/produto\\\/pretty-love-skylar-vibrador-estimulador-roxo\\\/#breadcrumb\"},\"inLanguage\":\"pt-PT\",\"potentialAction\":[{\"@type\":\"ReadAction\",\"target\":[\"https:\\\/\\\/lovme.pt\\\/index.php\\\/produto\\\/pretty-love-skylar-vibrador-estimulador-roxo\\\/\"]}]},{\"@type\":\"ImageObject\",\"inLanguage\":\"pt-PT\",\"@id\":\"https:\\\/\\\/lovme.pt\\\/index.php\\\/produto\\\/pretty-love-skylar-vibrador-estimulador-roxo\\\/#primaryimage\",\"url\":\"https:\\\/\\\/erki24nd3ub.exactdn.com\\\/wp-content\\\/uploads\\\/dream\\\/img\\\/img_178425_c7d9684fe650f044853faba877d68bb1_1.jpg?strip=all\",\"contentUrl\":\"https:\\\/\\\/erki24nd3ub.exactdn.com\\\/wp-content\\\/uploads\\\/dream\\\/img\\\/img_178425_c7d9684fe650f044853faba877d68bb1_1.jpg?strip=all\",\"width\":800,\"height\":800},{\"@type\":\"BreadcrumbList\",\"@id\":\"https:\\\/\\\/lovme.pt\\\/index.php\\\/produto\\\/pretty-love-skylar-vibrador-estimulador-roxo\\\/#breadcrumb\",\"itemListElement\":[{\"@type\":\"ListItem\",\"position\":1,\"name\":\"In\u00edcio\",\"item\":\"https:\\\/\\\/lovme.pt\\\/\"},{\"@type\":\"ListItem\",\"position\":2,\"name\":\"Loja\",\"item\":\"https:\\\/\\\/lovme.pt\\\/index.php\\\/loja\\\/\"},{\"@type\":\"ListItem\",\"position\":3,\"name\":\"PRETTY LOVE &#8211; SKYLAR VIBRADOR ESTIMULADOR ROXO\"}]},{\"@type\":\"WebSite\",\"@id\":\"https:\\\/\\\/lovme.pt\\\/#website\",\"url\":\"https:\\\/\\\/lovme.pt\\\/\",\"name\":\"Lovme Loja Er\u00f3tica N\u00ba1 em Portugal\",\"description\":\"A melhor loja er\u00f3tica de Portugal.\",\"alternateName\":\"Loja Er\u00f3tica Lovme\",\"potentialAction\":[{\"@type\":\"SearchAction\",\"target\":{\"@type\":\"EntryPoint\",\"urlTemplate\":\"https:\\\/\\\/lovme.pt\\\/?s={search_term_string}\"},\"query-input\":{\"@type\":\"PropertyValueSpecification\",\"valueRequired\":true,\"valueName\":\"search_term_string\"}}],\"inLanguage\":\"pt-PT\"}]}<\/script>\n<!-- \/ Yoast SEO plugin. -->","yoast_head_json":{"title":"PRETTY LOVE - SKYLAR VIBRADOR ESTIMULADOR ROXO - Lovme","robots":{"index":"index","follow":"follow","max-snippet":"max-snippet:-1","max-image-preview":"max-image-preview:large","max-video-preview":"max-video-preview:-1"},"canonical":"https:\/\/lovme.pt\/index.php\/produto\/pretty-love-skylar-vibrador-estimulador-roxo\/","og_locale":"pt_PT","og_type":"article","og_title":"PRETTY LOVE - SKYLAR VIBRADOR ESTIMULADOR ROXO - Lovme","og_description":"PRETTY LOVE - SKYLAR VIBRADOR ESTIMULADOR ROXO","og_url":"https:\/\/lovme.pt\/index.php\/produto\/pretty-love-skylar-vibrador-estimulador-roxo\/","og_site_name":"Lovme","article_modified_time":"2026-02-19T20:09:02+00:00","og_image":[{"width":800,"height":800,"url":"https:\/\/erki24nd3ub.exactdn.com\/wp-content\/uploads\/dream\/img\/img_178425_c7d9684fe650f044853faba877d68bb1_1.jpg?strip=all","type":"image\/jpeg"}],"twitter_card":"summary_large_image","twitter_misc":{"Tempo estimado de leitura":"1 minuto"},"schema":{"@context":"https:\/\/schema.org","@graph":[{"@type":"WebPage","@id":"https:\/\/lovme.pt\/index.php\/produto\/pretty-love-skylar-vibrador-estimulador-roxo\/","url":"https:\/\/lovme.pt\/index.php\/produto\/pretty-love-skylar-vibrador-estimulador-roxo\/","name":"PRETTY LOVE - SKYLAR VIBRADOR ESTIMULADOR ROXO - Lovme","isPartOf":{"@id":"https:\/\/lovme.pt\/#website"},"primaryImageOfPage":{"@id":"https:\/\/lovme.pt\/index.php\/produto\/pretty-love-skylar-vibrador-estimulador-roxo\/#primaryimage"},"image":{"@id":"https:\/\/lovme.pt\/index.php\/produto\/pretty-love-skylar-vibrador-estimulador-roxo\/#primaryimage"},"thumbnailUrl":"https:\/\/erki24nd3ub.exactdn.com\/wp-content\/uploads\/dream\/img\/img_178425_c7d9684fe650f044853faba877d68bb1_1.jpg?strip=all","datePublished":"2025-09-30T22:01:46+00:00","dateModified":"2026-02-19T20:09:02+00:00","breadcrumb":{"@id":"https:\/\/lovme.pt\/index.php\/produto\/pretty-love-skylar-vibrador-estimulador-roxo\/#breadcrumb"},"inLanguage":"pt-PT","potentialAction":[{"@type":"ReadAction","target":["https:\/\/lovme.pt\/index.php\/produto\/pretty-love-skylar-vibrador-estimulador-roxo\/"]}]},{"@type":"ImageObject","inLanguage":"pt-PT","@id":"https:\/\/lovme.pt\/index.php\/produto\/pretty-love-skylar-vibrador-estimulador-roxo\/#primaryimage","url":"https:\/\/erki24nd3ub.exactdn.com\/wp-content\/uploads\/dream\/img\/img_178425_c7d9684fe650f044853faba877d68bb1_1.jpg?strip=all","contentUrl":"https:\/\/erki24nd3ub.exactdn.com\/wp-content\/uploads\/dream\/img\/img_178425_c7d9684fe650f044853faba877d68bb1_1.jpg?strip=all","width":800,"height":800},{"@type":"BreadcrumbList","@id":"https:\/\/lovme.pt\/index.php\/produto\/pretty-love-skylar-vibrador-estimulador-roxo\/#breadcrumb","itemListElement":[{"@type":"ListItem","position":1,"name":"In\u00edcio","item":"https:\/\/lovme.pt\/"},{"@type":"ListItem","position":2,"name":"Loja","item":"https:\/\/lovme.pt\/index.php\/loja\/"},{"@type":"ListItem","position":3,"name":"PRETTY LOVE &#8211; SKYLAR VIBRADOR ESTIMULADOR ROXO"}]},{"@type":"WebSite","@id":"https:\/\/lovme.pt\/#website","url":"https:\/\/lovme.pt\/","name":"Lovme Loja Er\u00f3tica N\u00ba1 em Portugal","description":"A melhor loja er\u00f3tica de Portugal.","alternateName":"Loja Er\u00f3tica Lovme","potentialAction":[{"@type":"SearchAction","target":{"@type":"EntryPoint","urlTemplate":"https:\/\/lovme.pt\/?s={search_term_string}"},"query-input":{"@type":"PropertyValueSpecification","valueRequired":true,"valueName":"search_term_string"}}],"inLanguage":"pt-PT"}]}},"_links":{"self":[{"href":"https:\/\/lovme.pt\/index.php\/wp-json\/wp\/v2\/product\/48598","targetHints":{"allow":["GET"]}}],"collection":[{"href":"https:\/\/lovme.pt\/index.php\/wp-json\/wp\/v2\/product"}],"about":[{"href":"https:\/\/lovme.pt\/index.php\/wp-json\/wp\/v2\/types\/product"}],"wp:featuredmedia":[{"embeddable":true,"href":"https:\/\/lovme.pt\/index.php\/wp-json\/wp\/v2\/media\/73127"}],"wp:attachment":[{"href":"https:\/\/lovme.pt\/index.php\/wp-json\/wp\/v2\/media?parent=48598"}],"wp:term":[{"taxonomy":"product_brand","embeddable":true,"href":"https:\/\/lovme.pt\/index.php\/wp-json\/wp\/v2\/product_brand?post=48598"},{"taxonomy":"product_cat","embeddable":true,"href":"https:\/\/lovme.pt\/index.php\/wp-json\/wp\/v2\/product_cat?post=48598"},{"taxonomy":"product_tag","embeddable":true,"href":"https:\/\/lovme.pt\/index.php\/wp-json\/wp\/v2\/product_tag?post=48598"}],"curies":[{"name":"wp","href":"https:\/\/api.w.org\/{rel}","templated":true}]}}